{"id":497821,"date":"2024-03-25T05:00:10","date_gmt":"2024-03-25T04:00:10","guid":{"rendered":"https:\/\/www.stormshield.com\/?page_id=497821"},"modified":"2025-12-15T08:45:38","modified_gmt":"2025-12-15T07:45:38","slug":"prodotti-certificati-e-qualificati","status":"publish","type":"page","link":"https:\/\/www.stormshield.com\/it\/prodotti-certificati-e-qualificati\/","title":{"rendered":"I prodotti Stormshield certificati e qualificati"},"content":{"rendered":"<div class=\"wpb-content-wrapper\"><p>[vc_row css_animation=\"\" row_type=\"row\" use_row_as_full_screen_section=\"no\" type=\"grid\" angled_section=\"no\" text_align=\"left\" background_image_as_pattern=\"without_pattern\" z_index=\"\" padding_bottom=\"50\" css=\".vc_custom_1691152413621{background-color: #ffffff !important;}\" padding_top=\"50\"][vc_column][vc_row_inner row_type=\"row\" type=\"grid\" text_align=\"left\" css_animation=\"\"][vc_column_inner width=\"1\/6\"][\/vc_column_inner][vc_column_inner width=\"4\/6\"][vc_empty_space][vc_column_text]<\/p>\n<h1 style=\"text-align: center;\"><span style=\"color: #060051;\"><span style=\"font-weight: 900; font-size: 1.6em;\">I prodotti Stormshield certificati e qualificati<\/span><\/span><\/h1>\n<p>[\/vc_column_text][vc_empty_space][\/vc_column_inner][vc_column_inner width=\"1\/6\"][\/vc_column_inner][\/vc_row_inner][\/vc_column][\/vc_row][vc_row css_animation=\"\" row_type=\"row\" use_row_as_full_screen_section=\"no\" type=\"grid\" angled_section=\"no\" text_align=\"left\" background_image_as_pattern=\"without_pattern\" z_index=\"\" padding_bottom=\"50\" css=\".vc_custom_1691155244672{background-color: #ffffff !important;}\"][vc_column][vc_row_inner row_type=\"row\" type=\"grid\" text_align=\"left\" css_animation=\"\" background_color=\"#f9f9f9\" css=\".vc_custom_1708093687482{padding-top: 32px !important;padding-right: 32px !important;padding-bottom: 32px !important;padding-left: 32px !important;}\"][vc_column_inner width=\"2\/3\"][vc_column_text]<\/p>\n<h2 style=\"text-align: left;\"><span style=\"color: #000; font-weight: 900; font-size: 1.2em;\">Certificazione, qualifica dei prodotti informatici: si affidano a noi<\/span><\/h2>\n<p>[\/vc_column_text][vc_column_text]<\/p>\n<p style=\"text-align: left;\"><span style=\"color: #000000; font-size: 1.1em;\">La fiducia \u00e8 un aspetto centrale per ci\u00f2 che riguarda la cybersecurity. Perch\u00e9 l'efficacia di queste soluzioni dipende da essa. Ecco perch\u00e9 la tecnologia delle varie soluzioni Stormshield viene sviluppata puntando ai pi\u00f9 alti livelli di certificazione del mercato. <strong>Uno sforzo continuo, riconosciuto dalle autorit\u00e0 europee e internazionali competenti, come l'ANSSI in Francia o il CCN in Spagna.<\/strong><\/span><\/p>\n<p style=\"text-align: left;\"><span style=\"color: #000000; font-size: 1.1em;\">Etichette che sostengono cos\u00ec l'approccio di Stormshield per una cybersecurity europea affidabile e garantiscono un livello di protezione adeguato per le informazioni strategiche delle societ\u00e0 e delle organizzazioni pi\u00f9 sensibili.<\/span><\/p>\n<p>[\/vc_column_text][vc_empty_space][\/vc_column_inner][vc_column_inner width=\"1\/3\" css=\".vc_custom_1691155193842{padding-top: 32px !important;padding-right: 32px !important;padding-bottom: 32px !important;padding-left: 32px !important;}\"][vc_single_image image=\"255858\" img_size=\"medium\" alignment=\"center\" qode_css_animation=\"\"][vc_empty_space][\/vc_column_inner][\/vc_row_inner][\/vc_column][\/vc_row][vc_row css_animation=\"\" row_type=\"row\" use_row_as_full_screen_section=\"no\" type=\"grid\" angled_section=\"no\" text_align=\"left\" background_image_as_pattern=\"without_pattern\" z_index=\"\" padding_top=\"50\" padding_bottom=\"50\" css=\".vc_custom_1708594841165{background-color: #ffffff !important;}\"][vc_column][vc_row_inner row_type=\"row\" type=\"full_width\" text_align=\"left\" css_animation=\"\"][vc_column_inner width=\"1\/2\"][vc_column_text css=\"\"]<\/p>\n<h3 style=\"text-align: right;\"><span style=\"color: #000; font-weight: 900; font-size: 1.2em;\">Certificazioni e qualifiche Stormshield Network Security<\/span><\/h3>\n<p style=\"text-align: right;\"><span style=\"color: #000000; font-size: 1.1em;\">La nostra soluzione software Stormshield Network Security (SNS) \u00e8 attualmente certificata e qualificata da diversi enti internazionali: ANSSI con la sua <a href=\"https:\/\/cyber.gouv.fr\/offre-de-service\/solutions-certifiees-et-qualifiees\/services-de-securite-evalue\/decouvrir-les-solutions-certifiees-qualifiees\/\" target=\"_blank\" rel=\"noopener\">Qualifica Standard<\/a>, CCN-LINCE con il suo doppio marchio <a href=\"https:\/\/cpstic.ccn.cni.es\/es\/catalogo-productos-servicios-stic\/495-stormshield-network-security-utm-ng-firewall-appliances-desde-sn210-a-sn6100-en-4-compilaciones-distintas-s-m-l-y-xl-4-3?ic=1\" target=\"_blank\" rel=\"noopener\">Producto Aprobado e Producto Cualificado<\/a>. Legato alla qualifica francese, il firmware SNS dispone di una <a href=\"https:\/\/cyber.gouv.fr\/produits-certifies\/utm-ng-firewall-software-suite-version-43122-s-m-xl\" target=\"_blank\" rel=\"noopener\">certificazione Criteri Comuni EAL4+<\/a>.<\/span><\/p>\n<p>[\/vc_column_text][vc_empty_space][\/vc_column_inner][vc_column_inner width=\"1\/2\"][vc_empty_space][vc_single_image image=\"255519\" img_size=\"medium\" qode_css_animation=\"\"][vc_empty_space][\/vc_column_inner][\/vc_row_inner][vc_row_inner row_type=\"row\" type=\"full_width\" text_align=\"left\" css_animation=\"\"][vc_column_inner width=\"1\/2\"][vc_empty_space][vc_single_image image=\"255579\" img_size=\"medium\" alignment=\"right\" qode_css_animation=\"\"][vc_empty_space][\/vc_column_inner][vc_column_inner width=\"1\/2\"][vc_column_text css=\"\"]<\/p>\n<h3 style=\"text-align: left;\"><span style=\"color: #000; font-weight: 900; font-size: 1.2em;\">Certificazioni e qualifiche Stormshield Endpoint Security<\/span><\/h3>\n<p style=\"text-align: left;\"><span style=\"color: #000000; font-size: 1.1em;\">La nostra soluzione software Stormshield Endpoint Security Evolution \u00e8 attualmente certificata e qualificata da diversi enti internazionali: ANSSI con la <a href=\"https:\/\/cyber.gouv.fr\/produits-certifies\/stormshield-endpoint-security-evolution-version-243\" target=\"_blank\" rel=\"noopener\">certificazione CSPN<\/a>, CCN-LINCE con il suo <a href=\"https:\/\/cpstic.ccn.cni.es\/en\/catalogue\/27-stormshield-endpoint-security-evolution2-5-3?ic=1\" target=\"_blank\" rel=\"noopener\">marchio Producto Cualificado<\/a> e OPSWAT con la sua <a href=\"https:\/\/www.opswat.com\/partners\/stormshield\" target=\"_blank\" rel=\"noopener\">certificazione Gold<\/a>.<\/span><\/p>\n<p>[\/vc_column_text][vc_empty_space][\/vc_column_inner][\/vc_row_inner][vc_row_inner row_type=\"row\" type=\"full_width\" text_align=\"left\" css_animation=\"\"][vc_column_inner width=\"1\/2\"][vc_column_text css=\"\"]<\/p>\n<h3 style=\"text-align: right;\"><span style=\"color: #000; font-weight: 900; font-size: 1.2em;\">Certificazioni e qualifiche Stormshield Data Security<\/span><\/h3>\n<p style=\"text-align: right;\"><span style=\"color: #000000; font-size: 1.1em;\">La nostra soluzione software Stormshield Data Security \u00e8 attualmente certificata dall'ANSSI con <a href=\"https:\/\/cyber.gouv.fr\/produits-certifies\/stormshield-data-security-google-workspace-version-412\" target=\"_blank\" rel=\"noopener\">la certificazione CSPN<\/a>.<\/span><\/p>\n<p>[\/vc_column_text][vc_empty_space][\/vc_column_inner][vc_column_inner width=\"1\/2\"][vc_empty_space][vc_single_image image=\"255575\" img_size=\"medium\" qode_css_animation=\"\"][vc_empty_space][\/vc_column_inner][\/vc_row_inner][\/vc_column][\/vc_row][vc_row css_animation=\"\" row_type=\"row\" use_row_as_full_screen_section=\"no\" type=\"grid\" angled_section=\"no\" text_align=\"left\" background_image_as_pattern=\"without_pattern\" z_index=\"\" padding_top=\"50\" padding_bottom=\"50\" background_color=\"#060051\"][vc_column][vc_row_inner row_type=\"row\" type=\"full_width\" text_align=\"left\" css_animation=\"\"][vc_column_inner][vc_column_text]<\/p>\n<h2 style=\"text-align: left;\"><span style=\"color: #ffffff; font-weight: 900; font-size: 1.2em;\">Contatta il team commerciale Stormshield<\/span><\/h2>\n<p style=\"text-align: left;\"><span style=\"color: #000000; font-size: 1.1em;\"><span style=\"color: #ffffff;\">In veste di operatore affidabile, Stormshield offre tecnologie certificate e qualificate secondo i pi\u00f9 elevati standard europei, in grado di garantire una protezione adatta alle informazioni strategiche o a quelle pi\u00f9 sensibili dell'organizzazione. Tutti i nostri team di R&amp;D e tutti i nostri sviluppi vengono quindi realizzati in Francia, dove lavoriamo in stretta collaborazione con l'ANSSI.<\/span><\/span><\/p>\n<p style=\"text-align: left;\"><span style=\"color: #000000; font-size: 1.1em;\"><span style=\"color: #ffffff;\">Prodotti certificati, prodotti qualificati: <strong>vuoi saperne di pi\u00f9 sulle qualifiche e sulle certificazioni dei nostri prodotti?<\/strong> Sul nostro processo continuo di qualifica e certificazione di sicurezza? O sulle autorit\u00e0 europee competenti? I nostri team commerciali sapranno rispondere a tutte le domande sui nostri prodotti approvati e consigliati.<\/span><\/span><\/p>\n<p>[\/vc_column_text][vc_empty_space]<a  itemprop=\"url\" href=\"https:\/\/www.stormshield.com\/it\/contattateci\/servizio-commerciale\/\" target=\"_blank\" data-hover-background-color=\"#d23467\" data-hover-border-color=\"#d23467\" class=\"qbutton  white enlarge\" style=\"border-color: #ffffff; \">Contatta i nostri team<i class=\"qode_icon_font_awesome fa fa-angle-right qode_button_icon_element\"><\/i><\/a>[vc_empty_space][\/vc_column_inner][\/vc_row_inner][\/vc_column][\/vc_row][vc_row css_animation=\"\" row_type=\"row\" use_row_as_full_screen_section=\"no\" type=\"grid\" angled_section=\"no\" text_align=\"left\" background_image_as_pattern=\"without_pattern\" z_index=\"\" css=\".vc_custom_1691154904271{background-color: #ffffff !important;}\" padding_top=\"50\"][vc_column][vc_row_inner row_type=\"row\" type=\"grid\" text_align=\"left\" css_animation=\"\" background_color=\"#f9f9f9\" css=\".vc_custom_1708093966519{padding-top: 32px !important;padding-right: 32px !important;padding-bottom: 32px !important;padding-left: 32px !important;}\"][vc_column_inner width=\"2\/3\"][vc_column_text]<\/p>\n<h2><span style=\"color: #000; font-size: 1.2em; font-weight: 900;\">Certificazioni e qualifiche: mi riguardano?<\/span><\/h2>\n<p style=\"text-align: left;\"><span style=\"color: #000000; font-size: 1.1em;\">Con il moltiplicarsi delle certificazioni e delle qualifiche dei prodotti di sicurezza informatica, \u00e8 sempre pi\u00f9 difficile capire cosa copra esattamente ciascuna di esse. I responsabili IT e gli addetti alla cybersecurity hanno difficolt\u00e0 a capire se siano interessati o meno. Prodotto conforme, prodotto certificato, prodotto abilitato: \u00e8 altrettanto difficile scegliere la soluzione pi\u00f9 adatta alla propria organizzazione.<\/span><\/p>\n<p style=\"text-align: left;\"><strong><span style=\"color: #000000; font-size: 1.1em;\">Quali sono le principali normative informatiche? Tutte le etichette sono valide? \u00c8 necessario scegliere tra sicurezza e sovranit\u00e0? Queste sono solo alcune delle domande a cui i nostri esperti possono aiutarti a rispondere.<\/span><\/strong><\/p>\n<p>[\/vc_column_text][vc_empty_space]<a  itemprop=\"url\" href=\"https:\/\/www.stormshield.com\/it\/contattateci\/servizio-commerciale\/\" target=\"_blank\" data-hover-background-color=\"#d23467\" data-hover-border-color=\"#d23467\" class=\"qbutton  white enlarge\" style=\"border-color: #ffffff; background-color:#060051;\">Contatta i nostri team<i class=\"qode_icon_font_awesome fa fa-angle-right qode_button_icon_element\"><\/i><\/a>[vc_empty_space][\/vc_column_inner][vc_column_inner width=\"1\/3\"][vc_empty_space][vc_single_image image=\"393181\" img_size=\"150x120\" alignment=\"center\" qode_css_animation=\"\"][\/vc_column_inner][\/vc_row_inner][\/vc_column][\/vc_row][vc_row css_animation=\"\" row_type=\"row\" use_row_as_full_screen_section=\"no\" type=\"grid\" angled_section=\"no\" text_align=\"left\" background_image_as_pattern=\"without_pattern\" z_index=\"\" css=\".vc_custom_1691154828944{background-color: #ffffff !important;}\"][vc_column][vc_row_inner row_type=\"row\" type=\"grid\" text_align=\"left\" css_animation=\"\" css=\".vc_custom_1691154381780{padding-top: 32px !important;padding-right: 32px !important;padding-bottom: 32px !important;padding-left: 32px !important;}\"][vc_column_inner width=\"2\/3\"][vc_column_text]<\/p>\n<h2><span style=\"color: #000; font-size: 1.2em; font-weight: 900;\">Le differenze tra certificazioni e qualifiche<\/span><\/h2>\n<p style=\"text-align: left;\"><span style=\"color: #000000; font-size: 1.1em;\">Sul fronte delle imprese, il panorama tra certificazione e qualifica dei prodotti di cybersecurity \u00e8 ampio. Con il moltiplicarsi delle etichette dei prodotti di cybersecurity, i responsabili IT hanno sempre pi\u00f9 difficolt\u00e0 a capire cosa copra esattamente ciascuna di esse.<\/span><\/p>\n<p style=\"text-align: left;\"><strong><span style=\"color: #000000; font-size: 1.1em;\">I nostri esperti ti aiutano a vederci pi\u00f9 chiaro per ci\u00f2 che riguarda la domanda pi\u00f9 ricorrente sul tema della regolamentazione informatica: quali differenze tra certificazione e qualifica?<\/span><\/strong><\/p>\n<p>[\/vc_column_text][vc_empty_space]<a  itemprop=\"url\" href=\"https:\/\/www.stormshield.com\/it\/contattateci\/servizio-commerciale\/\" target=\"_blank\" data-hover-background-color=\"#d23467\" data-hover-border-color=\"#d23467\" class=\"qbutton  white enlarge\" style=\"border-color: #ffffff; background-color:#060051;\">Contatta i nostri team<i class=\"qode_icon_font_awesome fa fa-angle-right qode_button_icon_element\"><\/i><\/a>[vc_empty_space][\/vc_column_inner][vc_column_inner width=\"1\/3\"][vc_empty_space][vc_single_image image=\"393166\" img_size=\"150x120\" alignment=\"center\" qode_css_animation=\"\"][\/vc_column_inner][\/vc_row_inner][\/vc_column][\/vc_row][vc_row row_type=\"parallax\" parallax_content_width=\"in_grid\" text_align=\"left\" full_screen_section_height=\"yes\" vertically_align_content_in_middle=\"yes\" background_image=\"109400\"][vc_column][vc_row_inner row_type=\"row\" type=\"full_width\" text_align=\"left\" css_animation=\"\"][vc_column_inner width=\"1\/2\"][vc_single_image image=\"251171\" img_size=\"full\" alignment=\"center\" qode_css_animation=\"\"][vc_column_text css=\"\"]<\/p>\n<p style=\"text-align: left;\"><span style=\"color: #000; font-size: 0.9em;\">Stormshield, societ\u00e0 controllata al 100% da Airbus Defence and Space Cyber Programmes, offre soluzioni innovative di sicurezza end-to-end per la protezione di reti (Stormshield Network Security), endpoint (Stormshield Endpoint Security) e dati (Stormshield Data Security).<\/span><\/p>\n<p style=\"text-align: left;\"><a href=\"\/?p=252472\" target=\"_blank\" rel=\"noopener noreferrer\"><span style=\"color: #00aeef; font-size: 1.4em;\">www.stormshield.com<\/span><\/a><\/p>\n<p>[\/vc_column_text][\/vc_column_inner][vc_column_inner width=\"1\/2\"][vc_single_image image=\"251440\" img_size=\"full\" alignment=\"center\" qode_css_animation=\"\"][vc_empty_space height=\"64px\"][\/vc_column_inner][\/vc_row_inner][\/vc_column][\/vc_row]<\/p>\n<\/div>","protected":false},"excerpt":{"rendered":"<p>[vc_row css_animation=&#8221;&#8221; row_type=&#8221;row&#8221; use_row_as_full_screen_section=&#8221;no&#8221; type=&#8221;grid&#8221; angled_section=&#8221;no&#8221; text_align=&#8221;left&#8221; background_image_as_pattern=&#8221;without_pattern&#8221; z_index=&#8221;&#8221; padding_bottom=&#8221;50&#8243; css=&#8221;.vc_custom_1691152413621{background-color: #ffffff !important;}&#8221; padding_top=&#8221;50&#8243;][vc_column][vc_row_inner row_type=&#8221;row&#8221; type=&#8221;grid&#8221; text_align=&#8221;left&#8221; css_animation=&#8221;&#8221;][vc_column_inner width=&#8221;1\/6&#8243;][\/vc_column_inner][vc_column_inner width=&#8221;4\/6&#8243;][vc_empty_space][vc_column_text] I prodotti Stormshield certificati e qualificati [\/vc_column_text][vc_empty_space][\/vc_column_inner][vc_column_inner width=&#8221;1\/6&#8243;][\/vc_column_inner][\/vc_row_inner][\/vc_column][\/vc_row][vc_row css_animation=&#8221;&#8221; row_type=&#8221;row&#8221; use_row_as_full_screen_section=&#8221;no&#8221; type=&#8221;grid&#8221; angled_section=&#8221;no&#8221; text_align=&#8221;left&#8221; background_image_as_pattern=&#8221;without_pattern&#8221; z_index=&#8221;&#8221; padding_bottom=&#8221;50&#8243; css=&#8221;.vc_custom_1691155244672{background-color: #ffffff !important;}&#8221;][vc_column][vc_row_inner row_type=&#8221;row&#8221; type=&#8221;grid&#8221; text_align=&#8221;left&#8221; css_animation=&#8221;&#8221; background_color=&#8221;#f9f9f9&#8243;&#8230;<\/p>\n","protected":false},"author":31,"featured_media":0,"parent":0,"menu_order":1,"comment_status":"closed","ping_status":"closed","template":"full_width.php","meta":{"_acf_changed":false,"footnotes":""},"class_list":["post-497821","page","type-page","status-publish","hentry"],"acf":[],"yoast_head":"<!-- This site is optimized with the Yoast SEO plugin v27.3 - https:\/\/yoast.com\/product\/yoast-seo-wordpress\/ -->\n<title>I prodotti Stormshield certificati e qualificati<\/title>\n<meta name=\"robots\" content=\"index, follow, max-snippet:-1, max-image-preview:large, max-video-preview:-1\" \/>\n<link rel=\"canonical\" href=\"https:\/\/www.stormshield.com\/it\/prodotti-certificati-e-qualificati\/\" \/>\n<meta property=\"og:locale\" content=\"it_IT\" \/>\n<meta property=\"og:type\" content=\"article\" \/>\n<meta property=\"og:title\" content=\"I prodotti Stormshield certificati e qualificati\" \/>\n<meta property=\"og:description\" content=\"[vc_row css_animation=&quot;&quot; row_type=&quot;row&quot; use_row_as_full_screen_section=&quot;no&quot; type=&quot;grid&quot; angled_section=&quot;no&quot; text_align=&quot;left&quot; background_image_as_pattern=&quot;without_pattern&quot; z_index=&quot;&quot; padding_bottom=&quot;50&quot; css=&quot;.vc_custom_1691152413621{background-color: #ffffff !important;}&quot; padding_top=&quot;50&quot;][vc_column][vc_row_inner row_type=&quot;row&quot; type=&quot;grid&quot; text_align=&quot;left&quot; css_animation=&quot;&quot;][vc_column_inner width=&quot;1\/6&quot;][\/vc_column_inner][vc_column_inner width=&quot;4\/6&quot;][vc_empty_space][vc_column_text] I prodotti Stormshield certificati e qualificati [\/vc_column_text][vc_empty_space][\/vc_column_inner][vc_column_inner width=&quot;1\/6&quot;][\/vc_column_inner][\/vc_row_inner][\/vc_column][\/vc_row][vc_row css_animation=&quot;&quot; row_type=&quot;row&quot; use_row_as_full_screen_section=&quot;no&quot; type=&quot;grid&quot; angled_section=&quot;no&quot; text_align=&quot;left&quot; background_image_as_pattern=&quot;without_pattern&quot; z_index=&quot;&quot; padding_bottom=&quot;50&quot; css=&quot;.vc_custom_1691155244672{background-color: #ffffff !important;}&quot;][vc_column][vc_row_inner row_type=&quot;row&quot; type=&quot;grid&quot; text_align=&quot;left&quot; css_animation=&quot;&quot; background_color=&quot;#f9f9f9&quot;...\" \/>\n<meta property=\"og:url\" content=\"https:\/\/www.stormshield.com\/it\/prodotti-certificati-e-qualificati\/\" \/>\n<meta property=\"og:site_name\" content=\"Stormshield\" \/>\n<meta property=\"article:modified_time\" content=\"2025-12-15T07:45:38+00:00\" \/>\n<meta property=\"og:image\" content=\"https:\/\/www.stormshield.com\/wp-content\/uploads\/stormshield_logo.png\" \/>\n\t<meta property=\"og:image:width\" content=\"204\" \/>\n\t<meta property=\"og:image:height\" content=\"94\" \/>\n\t<meta property=\"og:image:type\" content=\"image\/png\" \/>\n<meta name=\"twitter:card\" content=\"summary_large_image\" \/>\n<meta name=\"twitter:site\" content=\"@Stormshield\" \/>\n<meta name=\"twitter:label1\" content=\"Tempo di lettura stimato\" \/>\n\t<meta name=\"twitter:data1\" content=\"6 minuti\" \/>\n<script type=\"application\/ld+json\" class=\"yoast-schema-graph\">{\"@context\":\"https:\\\/\\\/schema.org\",\"@graph\":[{\"@type\":\"WebPage\",\"@id\":\"https:\\\/\\\/www.stormshield.com\\\/it\\\/prodotti-certificati-e-qualificati\\\/\",\"url\":\"https:\\\/\\\/www.stormshield.com\\\/it\\\/prodotti-certificati-e-qualificati\\\/\",\"name\":\"I prodotti Stormshield certificati e qualificati\",\"isPartOf\":{\"@id\":\"https:\\\/\\\/www.stormshield.com\\\/it\\\/#website\"},\"datePublished\":\"2024-03-25T04:00:10+00:00\",\"dateModified\":\"2025-12-15T07:45:38+00:00\",\"breadcrumb\":{\"@id\":\"https:\\\/\\\/www.stormshield.com\\\/it\\\/prodotti-certificati-e-qualificati\\\/#breadcrumb\"},\"inLanguage\":\"it-IT\",\"potentialAction\":[{\"@type\":\"ReadAction\",\"target\":[\"https:\\\/\\\/www.stormshield.com\\\/it\\\/prodotti-certificati-e-qualificati\\\/\"]}]},{\"@type\":\"BreadcrumbList\",\"@id\":\"https:\\\/\\\/www.stormshield.com\\\/it\\\/prodotti-certificati-e-qualificati\\\/#breadcrumb\",\"itemListElement\":[{\"@type\":\"ListItem\",\"position\":1,\"name\":\"Home\",\"item\":\"https:\\\/\\\/www.stormshield.com\\\/it\\\/\"},{\"@type\":\"ListItem\",\"position\":2,\"name\":\"I prodotti Stormshield certificati e qualificati\"}]},{\"@type\":\"WebSite\",\"@id\":\"https:\\\/\\\/www.stormshield.com\\\/it\\\/#website\",\"url\":\"https:\\\/\\\/www.stormshield.com\\\/it\\\/\",\"name\":\"Stormshield\",\"description\":\"Stormshield\",\"potentialAction\":[{\"@type\":\"SearchAction\",\"target\":{\"@type\":\"EntryPoint\",\"urlTemplate\":\"https:\\\/\\\/www.stormshield.com\\\/it\\\/?s={search_term_string}\"},\"query-input\":{\"@type\":\"PropertyValueSpecification\",\"valueRequired\":true,\"valueName\":\"search_term_string\"}}],\"inLanguage\":\"it-IT\"}]}<\/script>\n<!-- \/ Yoast SEO plugin. -->","yoast_head_json":{"title":"I prodotti Stormshield certificati e qualificati","robots":{"index":"index","follow":"follow","max-snippet":"max-snippet:-1","max-image-preview":"max-image-preview:large","max-video-preview":"max-video-preview:-1"},"canonical":"https:\/\/www.stormshield.com\/it\/prodotti-certificati-e-qualificati\/","og_locale":"it_IT","og_type":"article","og_title":"I prodotti Stormshield certificati e qualificati","og_description":"[vc_row css_animation=\"\" row_type=\"row\" use_row_as_full_screen_section=\"no\" type=\"grid\" angled_section=\"no\" text_align=\"left\" background_image_as_pattern=\"without_pattern\" z_index=\"\" padding_bottom=\"50\" css=\".vc_custom_1691152413621{background-color: #ffffff !important;}\" padding_top=\"50\"][vc_column][vc_row_inner row_type=\"row\" type=\"grid\" text_align=\"left\" css_animation=\"\"][vc_column_inner width=\"1\/6\"][\/vc_column_inner][vc_column_inner width=\"4\/6\"][vc_empty_space][vc_column_text] I prodotti Stormshield certificati e qualificati [\/vc_column_text][vc_empty_space][\/vc_column_inner][vc_column_inner width=\"1\/6\"][\/vc_column_inner][\/vc_row_inner][\/vc_column][\/vc_row][vc_row css_animation=\"\" row_type=\"row\" use_row_as_full_screen_section=\"no\" type=\"grid\" angled_section=\"no\" text_align=\"left\" background_image_as_pattern=\"without_pattern\" z_index=\"\" padding_bottom=\"50\" css=\".vc_custom_1691155244672{background-color: #ffffff !important;}\"][vc_column][vc_row_inner row_type=\"row\" type=\"grid\" text_align=\"left\" css_animation=\"\" background_color=\"#f9f9f9\"...","og_url":"https:\/\/www.stormshield.com\/it\/prodotti-certificati-e-qualificati\/","og_site_name":"Stormshield","article_modified_time":"2025-12-15T07:45:38+00:00","og_image":[{"width":204,"height":94,"url":"https:\/\/www.stormshield.com\/wp-content\/uploads\/stormshield_logo.png","type":"image\/png"}],"twitter_card":"summary_large_image","twitter_site":"@Stormshield","twitter_misc":{"Tempo di lettura stimato":"6 minuti"},"schema":{"@context":"https:\/\/schema.org","@graph":[{"@type":"WebPage","@id":"https:\/\/www.stormshield.com\/it\/prodotti-certificati-e-qualificati\/","url":"https:\/\/www.stormshield.com\/it\/prodotti-certificati-e-qualificati\/","name":"I prodotti Stormshield certificati e qualificati","isPartOf":{"@id":"https:\/\/www.stormshield.com\/it\/#website"},"datePublished":"2024-03-25T04:00:10+00:00","dateModified":"2025-12-15T07:45:38+00:00","breadcrumb":{"@id":"https:\/\/www.stormshield.com\/it\/prodotti-certificati-e-qualificati\/#breadcrumb"},"inLanguage":"it-IT","potentialAction":[{"@type":"ReadAction","target":["https:\/\/www.stormshield.com\/it\/prodotti-certificati-e-qualificati\/"]}]},{"@type":"BreadcrumbList","@id":"https:\/\/www.stormshield.com\/it\/prodotti-certificati-e-qualificati\/#breadcrumb","itemListElement":[{"@type":"ListItem","position":1,"name":"Home","item":"https:\/\/www.stormshield.com\/it\/"},{"@type":"ListItem","position":2,"name":"I prodotti Stormshield certificati e qualificati"}]},{"@type":"WebSite","@id":"https:\/\/www.stormshield.com\/it\/#website","url":"https:\/\/www.stormshield.com\/it\/","name":"Stormshield","description":"Stormshield","potentialAction":[{"@type":"SearchAction","target":{"@type":"EntryPoint","urlTemplate":"https:\/\/www.stormshield.com\/it\/?s={search_term_string}"},"query-input":{"@type":"PropertyValueSpecification","valueRequired":true,"valueName":"search_term_string"}}],"inLanguage":"it-IT"}]}},"_links":{"self":[{"href":"https:\/\/www.stormshield.com\/it\/wp-json\/wp\/v2\/pages\/497821","targetHints":{"allow":["GET"]}}],"collection":[{"href":"https:\/\/www.stormshield.com\/it\/wp-json\/wp\/v2\/pages"}],"about":[{"href":"https:\/\/www.stormshield.com\/it\/wp-json\/wp\/v2\/types\/page"}],"author":[{"embeddable":true,"href":"https:\/\/www.stormshield.com\/it\/wp-json\/wp\/v2\/users\/31"}],"replies":[{"embeddable":true,"href":"https:\/\/www.stormshield.com\/it\/wp-json\/wp\/v2\/comments?post=497821"}],"version-history":[{"count":12,"href":"https:\/\/www.stormshield.com\/it\/wp-json\/wp\/v2\/pages\/497821\/revisions"}],"predecessor-version":[{"id":717213,"href":"https:\/\/www.stormshield.com\/it\/wp-json\/wp\/v2\/pages\/497821\/revisions\/717213"}],"wp:attachment":[{"href":"https:\/\/www.stormshield.com\/it\/wp-json\/wp\/v2\/media?parent=497821"}],"curies":[{"name":"wp","href":"https:\/\/api.w.org\/{rel}","templated":true}]}}