{"id":317657,"date":"2016-05-31T10:03:40","date_gmt":"2016-05-31T09:03:40","guid":{"rendered":"https:\/\/www.stormshield.com\/avviso-legale\/"},"modified":"2025-03-26T13:13:20","modified_gmt":"2025-03-26T12:13:20","slug":"avviso-legale","status":"publish","type":"page","link":"https:\/\/www.stormshield.com\/it\/avviso-legale\/","title":{"rendered":"Avviso legale"},"content":{"rendered":"<div class=\"wpb-content-wrapper\"><p>[vc_row css_animation=\"\" row_type=\"row\" use_row_as_full_screen_section=\"no\" type=\"grid\" angled_section=\"no\" text_align=\"left\" background_image_as_pattern=\"without_pattern\" z_index=\"\" background_color=\"#5B5C5F\" padding_top=\"150\" padding_bottom=\"150\"][vc_column][vc_column_text css=\"\"]<\/p>\n<h1><span style=\"color: #ffffff;\"><strong>Condizioni d\u2019uso del sito internet Stormshield<\/strong><\/span><\/h1>\n<p>[\/vc_column_text][\/vc_column][\/vc_row][vc_row css_animation=\"\" row_type=\"row\" use_row_as_full_screen_section=\"no\" type=\"grid\" angled_section=\"no\" text_align=\"left\" background_image_as_pattern=\"without_pattern\" z_index=\"\" padding_top=\"50\" padding_bottom=\"50\"][vc_column][vc_column_text css=\"\"]<span style=\"color: #000; font-size: 1.1em;\">Le presenti condizioni d\u2019uso (\u201dCondizioni d\u2019uso\u201d) definiscono il quadro giuridico che regola l\u2019accesso e l\u2019utilizzo del Sito. L\u2019accesso e l\u2019utilizzo del Sito sono subordinati all\u2019accettazione da parte dell\u2019utente delle presenti condizioni d\u2019uso, che possono essere modificate da Stormshield di volta in volta. A tal proposito, accedendo o utilizzando il Sito, l'utente accetta di essere automaticamente vincolato alle presenti Condizioni d'uso e alle relative modifiche in vigore al momento dell'accesso al Sito e riconosce che tale consenso avr\u00e0 lo stesso effetto legale di un'espressa accettazione scritta. Se non siete d\u2019accordo con le presenti Condizioni d\u2019uso, siete pregati di non accedere o utilizzare il Sito (non sarete autorizzati a farlo). Vi invitiamo a leggere attentamente le presenti condizioni d'uso e la nostra politica sulla privacy <a href=\"https:\/\/www.stormshield.com\/it\/dati-personali\/\">stormshield.com\/it\/dati-personali<\/a> prima di utilizzare il Sito. L'utente \u00e8 tenuto a leggere le presenti Condizioni d'uso ogni volta che utilizza il Sito.[\/vc_column_text][\/vc_column][\/vc_row][vc_row css_animation=\"\" row_type=\"row\" use_row_as_full_screen_section=\"no\" type=\"grid\" angled_section=\"no\" text_align=\"left\" background_image_as_pattern=\"without_pattern\" z_index=\"\"][vc_column][vc_column_text css=\"\"]\u00a0<\/span><\/p>\n<h2><span style=\"color: #000; font-size: 1.2em; font-weight: 900;\">Informazioni sull\u2019azienda<\/span><\/h2>\n<p><span style=\"color: #000; font-size: 1.1em;\">Il sito web \u201cStormshield.com\u201d \u00e8 accessibile all\u2019indirizzo https:\/\/www.stormshield. com (il \u201cSito\u201d) \u00e8 detenuto e gestito da <strong>Stormshield<\/strong>, una societ\u00e0 per azioni semplificata di diritto francese, con un capitale sociale di 2.793.881,60 \u20ac, iscritta al Registre du Commerce et des Soci\u00e9t\u00e9s di Nanterre (Francia) con il numero RCS 428 173 975, contrassegnata dal numero di identificazione individuale FR19 428 173 975 e con sede legale in 2-10 Rue Marceau, 92130 Issy-les-Moulineaux, Francia (\u201dStormshield\u201d o \u201cnoi\u201d o \u201cnostro\/a\/e\/i\u201d).<\/span><\/p>\n<p><span style=\"color: #000; font-size: 1.1em;\">La Direttrice della pubblicazione \u00e8 <strong>Karine Monmarch\u00e9<\/strong>.<\/span><\/p>\n<p><span style=\"color: #000; font-size: 1.1em;\">Host: <strong>OVHcloud<\/strong>, ovhcloud.com<\/span><br \/>\n<span style=\"color: #000; font-size: 1.1em;\">Crediti: <strong>agence Shokola<\/strong>, shokola.com<\/span><\/p>\n<p><span style=\"color: #000; font-size: 1.1em;\">Per qualsiasi informazione relativa al funzionamento o all\u2019utilizzo di questo sito, potete scrivere a mkt-contact@stormshield.eu o contattarci al numero +33 (0)9 69 32 96 29.<\/span><\/p>\n<p>&nbsp;<\/p>\n<h2><span style=\"color: #000; font-size: 1.2em; font-weight: 900;\">Utilizzo del sito<\/span><\/h2>\n<p><span style=\"color: #000; font-size: 1.1em;\">In base alla piena e completa osservanza delle presenti condizioni d'uso, concediamo il diritto personale, non esclusivo, non trasferibile, gratuito e revocabile di accedere e utilizzare il Sito. Qualsiasi altro diritto \u00e8 espressamente escluso senza il nostro previo consenso scritto.<\/span><\/p>\n<p><span style=\"color: #000; font-size: 1.1em;\">Pertanto, l\u2019utente non deve, e non \u00e8 tenuto ad autorizzare terzi, a titolo esemplificativo e non esaustivo, a (i) modificare, riprodurre, rappresentare, adattare e\/o tradurre in tutto o in parte il Sito e\/o il suo contenuto; (ii) estrapolare, in tutto o in parte, il Sito e\/o i suoi contenuti, o realizzare qualsiasi opera derivata da tutto o parte del Sito e\/o dei suoi contenuti; (iii) decodificare, decompilare, disassemblare o trasformare in altro modo il codice oggetto del Sito in codice sorgente; (iv) distribuire, sub-licenziare, assegnare, condividere, vendere, affittare o prestare in qualsiasi modo il Sito o il diritto di utilizzare il Sito; (v) rimuovere o alterare qualsiasi diritto d\u2019autore, marchio di fabbrica o altri diritti di propriet\u00e0 del Sito da noi detenuti; o (v) utilizzare il Sito per scopi diversi da quelli espressamente consentiti dalle presenti Condizioni d'uso.<\/span><\/p>\n<p><span style=\"color: #000; font-size: 1.1em;\">Inoltre, \u00e8 severamente vietato (i) estrapolare, mediante trasferimento permanente o temporaneo, o riutilizzare tutto o parte del contenuto del nostro Sito su un altro supporto, con qualsiasi mezzo e in qualsiasi forma; (ii) eludere o evitare qualsiasi misura utilizzata per impedire o limitare l\u2019accesso al nostro Sito; (iii) creare un link a qualsiasi sezione del nostro Sito per qualsiasi scopo; e (v) utilizzare qualsiasi dispositivo, software o routine che interferisca o tenti di interferire con il corretto funzionamento del nostro Sito o intraprendere qualsiasi azione che richieda un carico irragionevole sui nostri dispositivi.<\/span><\/p>\n<p><span style=\"color: #000; font-size: 1.1em;\">L\u2019utente riconosce che per utilizzare il Sito \u00e8 necessaria una connessione a Internet. Eventuali tariffe relative al traffico o all\u2019accesso addebitate all\u2019utente in seguito all\u2019utilizzo del Sito sono soggette ai termini e alle condizioni del provider di servizi Internet o dell\u2019operatore di rete mobile. L\u2019utente \u00e8 consapevole dei rischi associati all\u2019uso di Internet, tra cui, a titolo esemplificativo e non esaustivo, la non disponibilit\u00e0 del Sito, la non riservatezza o la perdita di integrit\u00e0 dei dati trasmessi, potenziali attacchi di virus, ecc.<\/span><\/p>\n<p>&nbsp;<\/p>\n<h2><span style=\"color: #000; font-size: 1.2em; font-weight: 900;\">Diritti di propriet\u00e0 di Stormshield<\/span><\/h2>\n<p><span style=\"color: #000; font-size: 1.1em;\">Il Sito, i suoi contenuti, compresi, a titolo esemplificativo ma non esaustivo, i nomi distintivi, le denominazioni, i loghi e gli elementi di marketing di prodotti e servizi, nonch\u00e9 tutti i marchi, i nomi commerciali, i disegni, le immagini, i diritti d\u2019autore, le informazioni proprietarie e i database e tutti gli altri diritti di propriet\u00e0 intellettuale relativi al Sito, sono di propriet\u00e0 di Stormshield o dei suoi licenziatari. I loghi Stormshield e le denominazioni di prodotti e servizi sono marchi protetti di Stormshield. L\u2019accesso al Sito e il suo utilizzo non devono essere interpretati come una cessione o una licenza di tali diritti di propriet\u00e0. Ci riserviamo tutti i diritti relativi al Sito non espressamente concessi agli utenti ai sensi del presente documento.<\/span><\/p>\n<p>&nbsp;<\/p>\n<h2><span style=\"color: #000; font-size: 1.2em; font-weight: 900;\">Responsabilit\u00e0 civile<\/span><\/h2>\n<p><span style=\"color: #000; font-size: 1.1em;\">L\u2019uso non autorizzato del presente Sito pu\u00f2 dar luogo a una richiesta di risarcimento danni e\/o costituire un reato penale. Inoltre, se l'utente viola le presenti Condizioni d'uso o si impegna in attivit\u00e0 dannose per noi o per i nostri utenti, ci riserviamo il diritto di interrompere il suo accesso al nostro Sito o di intraprendere qualsiasi altra azione che riteniamo essere nel nostro interesse e in quello di tutti i nostri utenti.<\/span><\/p>\n<p><span style=\"color: #000; font-size: 1.1em;\">L'utente accetta espressamente che l'utilizzo del Sito da parte sua \u00e8 a suo esclusivo rischio. In nessun caso Stormshield, i suoi responsabili, dipendenti, collaboratori o fornitori di contenuti saranno responsabili per eventuali perdite o danni derivanti dall\u2019uso del presente Sito o di qualsiasi informazione, servizio o contenuto presente in esso.<\/span><\/p>\n<p><span style=\"color: #000; font-size: 1.1em;\">L'utente sar\u00e0 responsabile di eventuali perdite subite da Stormshield a causa della violazione delle presenti Condizioni d'uso o delle istruzioni fornite da Stormshield da parte sua, comprese le informazioni fornite durante il processo di installazione del Sito o le istruzioni relative ai requisiti di sicurezza fornite da Stormshield. L\u2019utente accetta di indennizzare e manlevare Stormshield e le sue affiliate, nonch\u00e9 le rispettive affiliate, i successori, gli assegnatari, i dipendenti, gli agenti, i direttori, i funzionari e gli azionisti, i dirigenti, i licenziatari e gli assicuratori, da e contro qualsiasi perdita, spesa, danno e costo, comprese le ragionevoli spese legali, derivanti da qualsiasi violazione da parte dell\u2019utente delle presenti Condizioni d\u2019uso o da qualsiasi violazione delle dichiarazioni e garanzie dell\u2019utente in virt\u00f9 delle stesse.<\/span><\/p>\n<p><span style=\"color: #000; font-size: 1.1em;\">Nella misura consentita dalla legge applicabile, il Sito e i suoi contenuti sono forniti \"nello stato in cui si trovano\" e \"nello stato in cui sono disponibili\". Stormshield non garantisce n\u00e9 dichiara, a titolo esemplificativo e non esaustivo, che (i) il Sito e i suoi elementi di supporto soddisferanno le esigenze dell'utente, (ii) il risultato che pu\u00f2 essere visualizzato attraverso il Sito sar\u00e0 accurato, aggiornato o affidabile, (iii) la qualit\u00e0 dei dati, delle informazioni o di altri materiali ottenuti soddisfer\u00e0 le aspettative dell'utente e che tali dati, informazioni e altri materiali saranno per impostazione predefinita privi di errori o che eventuali errori saranno corretti. Ci riserviamo il diritto di correggere eventuali errori o omissioni sul nostro sito. Sebbene intendiamo adottare misure ragionevoli per prevenire l'introduzione di virus, worm, cavalli di Troia o altri elementi distruttivi nel nostro Sito, non garantiamo che lo stesso o i materiali che possono essere scaricati da esso siano privi di tali elementi distruttivi. Non ci riteniamo responsabili di eventuali danni o perdite attribuibili a tali elementi. Utilizzando il nostro Sito e qualsiasi materiale disponibile in esso, l\u2019utente si assume l\u2019onere di farlo a proprio rischio e pericolo. L'utente \u00e8 responsabile della creazione di un backup del proprio sistema, compresi i contenuti scaricati attraverso il Sito.<\/span><\/p>\n<p><span style=\"color: #000; font-size: 1.1em;\">Il nostro Sito pu\u00f2 contenere varie combinazioni di testi, immagini, produzioni audiovisive, opinioni, dichiarazioni, fatti, articoli o altre informazioni create da noi o da terzi. A causa della molteplicit\u00e0 delle fonti da cui provengono i contenuti del nostro Sito e dei rischi intrinseci della distribuzione elettronica, potrebbero verificarsi ritardi, omissioni o imprecisioni in tali contenuti. Di conseguenza, tali contenuti sono forniti solo a titolo di riferimento e non devono essere presi in considerazione per alcuno scopo. Le informazioni create da terze parti a cui l\u2019utente pu\u00f2 accedere sul nostro Sito o tramite link non sono state adottate o approvate da noi e restano di competenza di tali terze parti.<\/span><\/p>\n<p><span style=\"color: #000; font-size: 1.1em;\">Ci riserviamo il diritto, in qualsiasi momento e di volta in volta, di modificare o interrompere, temporaneamente o permanentemente, il nostro Sito (o qualsiasi sua parte) con o senza preavviso. L'utente accetta che Stormshield non sar\u00e0 responsabile nei suoi confronti o nei confronti di terzi di eventuali modifiche, sospensioni o interruzioni del nostro Sito.<\/span><\/p>\n<p>&nbsp;<\/p>\n<h2><span style=\"color: #000; font-size: 1.2em; font-weight: 900;\">Link a siti web di terze parti<\/span><\/h2>\n<p><span style=\"color: #000; font-size: 1.1em;\">Il Sito pu\u00f2 contenere collegamenti ipertestuali a siti web gestiti da soggetti diversi da Stormshield. Questi collegamenti ipertestuali sono forniti solo a scopo di riferimento. Non ci riteniamo responsabili (i) della disponibilit\u00e0 o del contenuto di altri servizi che possono essere collegati al nostro Sito, o (ii) della privacy o di altre pratiche di tali siti web.<\/span><\/p>\n<p><span style=\"color: #000; font-size: 1.1em;\">Non avendo noi alcun controllo su tali servizi, l'utente riconosce e accetta la nostra mancata responsabilit\u00e0 per la disponibilit\u00e0 di tali servizi esterni e il fatto che non appoggiamo o approviamo, e non ci riteniamo responsabili per, il contenuto, l'accuratezza, la qualit\u00e0, la pubblicit\u00e0, i prodotti, i servizi o altri materiali disponibili su o da tali servizi. L\u2019utente riconosce e accetta inoltre la nostra mancata responsabilit\u00e0, diretta o indiretta, per qualsiasi danno o perdita causati o che si presume possano essere causati da o in connessione con l\u2019uso o l\u2019affidamento relativi a qualsiasi contenuto, bene o servizio disponibile su o attraverso qualsiasi servizio di questo tipo.<\/span><\/p>\n<p><span style=\"color: #000; font-size: 1.1em;\">Non ci riteniamo responsabili per i collegamenti ipertestuali da siti web di terzi al Sito e vietiamo a chiunque di creare tali collegamenti senza il previo consenso scritto di Stormshield.<\/span><\/p>\n<p>&nbsp;<\/p>\n<h2><span style=\"color: #000; font-size: 1.2em; font-weight: 900;\">Protezione dei dati<\/span><\/h2>\n<p><span style=\"color: #000; font-size: 1.1em;\">Quando l\u2019utente accede e utilizza il Sito, possiamo raccogliere, utilizzare ed elaborare, nella misura consentita dalla legge, i dati personali da lui forniti (come il nome, l\u2019indirizzo e-mail, l\u2019azienda, ecc.) o generati in seguito all\u2019accesso e all\u2019utilizzo del Sito. Per maggiori dettagli sull\u2019utilizzo dei vostri dati personali, consultate la nostra informativa sulla privacy disponibile a questo link: stormshield.com\/it\/dati-personali.<\/span><\/p>\n<p><span style=\"color: #000; font-size: 1.1em;\">L\u2019utente ha il diritto di accedere, modificare e cancellare i propri dati personali. A tal fine, vi invitiamo a contattare Stormshield via e-mail al seguente indirizzo: dpo@stormshield.eu.<\/span><\/p>\n<p>&nbsp;<\/p>\n<h2><span style=\"color: #000; font-size: 1.2em; font-weight: 900;\">Modifica delle condizioni d\u2019uso<\/span><\/h2>\n<p><span style=\"color: #000; font-size: 1.1em;\">Le condizioni d\u2019uso possono essere modificate o adattate in qualsiasi momento in futuro. Comunicheremo all'utente eventuali modifiche sostanziali pubblicando un avviso sul Sito. L\u2019accesso e l\u2019uso continuato del Sito da parte dell\u2019utente in seguito a qualsiasi modifica o adeguamento delle presenti Condizioni d\u2019uso sar\u00e0 considerato come un\u2019accettazione dei termini modificati.<\/span><\/p>\n<p>&nbsp;<\/p>\n<h2><span style=\"color: #000; font-size: 1.2em; font-weight: 900;\">Durata e risoluzione<\/span><\/h2>\n<p><span style=\"color: #000; font-size: 1.1em;\">Le presenti condizioni d\u2019uso si intendono valide per tutto il tempo in cui l'utente utilizza il Sito.<\/span><\/p>\n<p><span style=\"color: #000; font-size: 1.1em;\">Possiamo interrompere le presenti condizioni d\u2019uso in qualsiasi momento e impedirvi di accedere al Sito.<\/span><\/p>\n<p><span style=\"color: #000; font-size: 1.1em;\">In caso di risoluzione delle presenti condizioni d'uso per qualsiasi motivo, i diritti concessi all'utente in virt\u00f9 delle stesse termineranno e l'utente non sar\u00e0 pi\u00f9 autorizzato a utilizzare il Sito.<\/span><\/p>\n<p>&nbsp;<\/p>\n<h2><span style=\"color: #000; font-size: 1.2em; font-weight: 900;\">Legge applicabile e controversie<\/span><\/h2>\n<p><span style=\"color: #000; font-size: 1.1em;\">Le presenti condizioni d\u2019uso saranno disciplinate e interpretate in conformit\u00e0 alla legge francese, fatta salva qualsiasi norma di ordine pubblico non derogabile applicabile localmente.<\/span><\/p>\n<p><span style=\"color: #000; font-size: 1.1em;\">In caso di controversie, vi invitiamo a contattarci all\u2019indirizzo mkt-contact@stormshield.eu per individuare una soluzione amichevole. Qualora non sia possibile trovare una soluzione amichevole, qualsiasi controversia derivante dalle presenti condizioni d'uso sar\u00e0 sottoposta alla giurisdizione dei tribunali francesi. Vi informiamo che \u00e8 possibile ricorrere alla mediazione o a qualsiasi altra procedura alternativa di risoluzione delle controversie, prima di avviare qualsiasi procedimento legale.<\/span><\/p>\n<p>&nbsp;<\/p>\n<h2><span style=\"color: #000; font-size: 1.2em; font-weight: 900;\">Varie ed eventuali<\/span><\/h2>\n<p><span style=\"color: #000; font-size: 1.1em;\">Le presenti condizioni d\u2019uso rappresentano l\u2019intero accordo tra l\u2019utente e noi in relazione all\u2019oggetto delle stesse e sostituiscono le condizioni di qualsiasi altra comunicazione o pubblicit\u00e0 relativa al Sito. Le presenti condizioni d\u2019uso coesistono e non sostituiscono la nostra politica sulla privacy <a href=\"https:\/\/www.stormshield.com\/it\/dati-personali\/\">stormshield.com\/it\/dati-personali<\/a>.<\/span><\/p>\n<p><span style=\"color: #000; font-size: 1.1em;\">Se una qualsiasi delle disposizioni di cui al presente documento venisse dichiarata illecita, invalida o altrimenti inapplicabile, in tutto o in parte, in virt\u00f9 delle leggi di qualsiasi stato o paese in cui tali disposizioni sono destinate ad avere effetto, nella misura e nell'ambito della giurisdizione in cui tali disposizioni sono ritenute illecite, invalide o inapplicabili, esse saranno scisse ed eliminate dalle presenti Condizioni d'uso e le restanti disposizioni rimarranno in vigore continuando ad essere vincolanti e applicabili.<\/span><\/p>\n<p><span style=\"color: #000; font-size: 1.1em;\">Il mancato esercizio o applicazione di un diritto o di una disposizione delle presenti condizioni d\u2019uso non costituisce una rinuncia a tale diritto o disposizione.<\/span><\/p>\n<p><span style=\"color: #000; font-size: 1.1em;\">Nulla di quanto riportato nel presente documento deve essere interpretato come una concessione, diretta o indiretta, di diritti a terzi e tali terzi non avranno il diritto di far valere nei nostri confronti alcuna delle disposizioni contenute nel presente documento.<\/span><\/p>\n<p>&nbsp;<\/p>\n<p><span style=\"color: #000; font-size: 1.1em;\"><strong>Ultimo aggiornamento giugno 2021<\/strong><\/span>[\/vc_column_text][vc_empty_space][\/vc_column][\/vc_row]<\/p>\n<\/div>","protected":false},"excerpt":{"rendered":"<p>[vc_row css_animation=&#8221;&#8221; row_type=&#8221;row&#8221; use_row_as_full_screen_section=&#8221;no&#8221; type=&#8221;grid&#8221; angled_section=&#8221;no&#8221; text_align=&#8221;left&#8221; background_image_as_pattern=&#8221;without_pattern&#8221; z_index=&#8221;&#8221; background_color=&#8221;#5B5C5F&#8221; padding_top=&#8221;150&#8243; padding_bottom=&#8221;150&#8243;][vc_column][vc_column_text css=&#8221;&#8221;] Condizioni d\u2019uso del sito internet Stormshield [\/vc_column_text][\/vc_column][\/vc_row][vc_row css_animation=&#8221;&#8221; row_type=&#8221;row&#8221; use_row_as_full_screen_section=&#8221;no&#8221; type=&#8221;grid&#8221; angled_section=&#8221;no&#8221; text_align=&#8221;left&#8221; background_image_as_pattern=&#8221;without_pattern&#8221; z_index=&#8221;&#8221; padding_top=&#8221;50&#8243; padding_bottom=&#8221;50&#8243;][vc_column][vc_column_text css=&#8221;&#8221;]Le presenti condizioni d\u2019uso (\u201dCondizioni d\u2019uso\u201d) definiscono il quadro giuridico che regola l\u2019accesso e l\u2019utilizzo&#8230;<\/p>\n","protected":false},"author":1,"featured_media":0,"parent":0,"menu_order":486,"comment_status":"closed","ping_status":"closed","template":"full_width.php","meta":{"_acf_changed":false,"footnotes":""},"class_list":["post-317657","page","type-page","status-publish","hentry"],"acf":[],"yoast_head":"<!-- This site is optimized with the Yoast SEO plugin v27.3 - https:\/\/yoast.com\/product\/yoast-seo-wordpress\/ -->\n<title>La nostra nota legale | Stormshield<\/title>\n<meta name=\"description\" content=\"Note legali, termini di utilizzo e protezione dei dati per il sito web stormshield.com.\" \/>\n<meta name=\"robots\" content=\"index, follow, max-snippet:-1, max-image-preview:large, max-video-preview:-1\" \/>\n<link rel=\"canonical\" href=\"https:\/\/www.stormshield.com\/it\/avviso-legale\/\" \/>\n<meta property=\"og:locale\" content=\"it_IT\" \/>\n<meta property=\"og:type\" content=\"article\" \/>\n<meta property=\"og:title\" content=\"La nostra nota legale | Stormshield\" \/>\n<meta property=\"og:description\" content=\"Note legali, termini di utilizzo e protezione dei dati per il sito web stormshield.com.\" \/>\n<meta property=\"og:url\" content=\"https:\/\/www.stormshield.com\/it\/avviso-legale\/\" \/>\n<meta property=\"og:site_name\" content=\"Stormshield\" \/>\n<meta property=\"article:modified_time\" content=\"2025-03-26T12:13:20+00:00\" \/>\n<meta property=\"og:image\" content=\"https:\/\/www.stormshield.com\/wp-content\/uploads\/stormshield_logo.png\" \/>\n\t<meta property=\"og:image:width\" content=\"204\" \/>\n\t<meta property=\"og:image:height\" content=\"94\" \/>\n\t<meta property=\"og:image:type\" content=\"image\/png\" \/>\n<meta name=\"twitter:card\" content=\"summary_large_image\" \/>\n<meta name=\"twitter:site\" content=\"@Stormshield\" \/>\n<meta name=\"twitter:label1\" content=\"Tempo di lettura stimato\" \/>\n\t<meta name=\"twitter:data1\" content=\"10 minuti\" \/>\n<script type=\"application\/ld+json\" class=\"yoast-schema-graph\">{\"@context\":\"https:\\\/\\\/schema.org\",\"@graph\":[{\"@type\":\"WebPage\",\"@id\":\"https:\\\/\\\/www.stormshield.com\\\/it\\\/avviso-legale\\\/\",\"url\":\"https:\\\/\\\/www.stormshield.com\\\/it\\\/avviso-legale\\\/\",\"name\":\"La nostra nota legale | Stormshield\",\"isPartOf\":{\"@id\":\"https:\\\/\\\/www.stormshield.com\\\/it\\\/#website\"},\"datePublished\":\"2016-05-31T09:03:40+00:00\",\"dateModified\":\"2025-03-26T12:13:20+00:00\",\"description\":\"Note legali, termini di utilizzo e protezione dei dati per il sito web stormshield.com.\",\"breadcrumb\":{\"@id\":\"https:\\\/\\\/www.stormshield.com\\\/it\\\/avviso-legale\\\/#breadcrumb\"},\"inLanguage\":\"it-IT\",\"potentialAction\":[{\"@type\":\"ReadAction\",\"target\":[\"https:\\\/\\\/www.stormshield.com\\\/it\\\/avviso-legale\\\/\"]}]},{\"@type\":\"BreadcrumbList\",\"@id\":\"https:\\\/\\\/www.stormshield.com\\\/it\\\/avviso-legale\\\/#breadcrumb\",\"itemListElement\":[{\"@type\":\"ListItem\",\"position\":1,\"name\":\"Home\",\"item\":\"https:\\\/\\\/www.stormshield.com\\\/it\\\/\"},{\"@type\":\"ListItem\",\"position\":2,\"name\":\"Avviso legale\"}]},{\"@type\":\"WebSite\",\"@id\":\"https:\\\/\\\/www.stormshield.com\\\/it\\\/#website\",\"url\":\"https:\\\/\\\/www.stormshield.com\\\/it\\\/\",\"name\":\"Stormshield\",\"description\":\"Stormshield\",\"potentialAction\":[{\"@type\":\"SearchAction\",\"target\":{\"@type\":\"EntryPoint\",\"urlTemplate\":\"https:\\\/\\\/www.stormshield.com\\\/it\\\/?s={search_term_string}\"},\"query-input\":{\"@type\":\"PropertyValueSpecification\",\"valueRequired\":true,\"valueName\":\"search_term_string\"}}],\"inLanguage\":\"it-IT\"}]}<\/script>\n<!-- \/ Yoast SEO plugin. -->","yoast_head_json":{"title":"La nostra nota legale | Stormshield","description":"Note legali, termini di utilizzo e protezione dei dati per il sito web stormshield.com.","robots":{"index":"index","follow":"follow","max-snippet":"max-snippet:-1","max-image-preview":"max-image-preview:large","max-video-preview":"max-video-preview:-1"},"canonical":"https:\/\/www.stormshield.com\/it\/avviso-legale\/","og_locale":"it_IT","og_type":"article","og_title":"La nostra nota legale | Stormshield","og_description":"Note legali, termini di utilizzo e protezione dei dati per il sito web stormshield.com.","og_url":"https:\/\/www.stormshield.com\/it\/avviso-legale\/","og_site_name":"Stormshield","article_modified_time":"2025-03-26T12:13:20+00:00","og_image":[{"width":204,"height":94,"url":"https:\/\/www.stormshield.com\/wp-content\/uploads\/stormshield_logo.png","type":"image\/png"}],"twitter_card":"summary_large_image","twitter_site":"@Stormshield","twitter_misc":{"Tempo di lettura stimato":"10 minuti"},"schema":{"@context":"https:\/\/schema.org","@graph":[{"@type":"WebPage","@id":"https:\/\/www.stormshield.com\/it\/avviso-legale\/","url":"https:\/\/www.stormshield.com\/it\/avviso-legale\/","name":"La nostra nota legale | Stormshield","isPartOf":{"@id":"https:\/\/www.stormshield.com\/it\/#website"},"datePublished":"2016-05-31T09:03:40+00:00","dateModified":"2025-03-26T12:13:20+00:00","description":"Note legali, termini di utilizzo e protezione dei dati per il sito web stormshield.com.","breadcrumb":{"@id":"https:\/\/www.stormshield.com\/it\/avviso-legale\/#breadcrumb"},"inLanguage":"it-IT","potentialAction":[{"@type":"ReadAction","target":["https:\/\/www.stormshield.com\/it\/avviso-legale\/"]}]},{"@type":"BreadcrumbList","@id":"https:\/\/www.stormshield.com\/it\/avviso-legale\/#breadcrumb","itemListElement":[{"@type":"ListItem","position":1,"name":"Home","item":"https:\/\/www.stormshield.com\/it\/"},{"@type":"ListItem","position":2,"name":"Avviso legale"}]},{"@type":"WebSite","@id":"https:\/\/www.stormshield.com\/it\/#website","url":"https:\/\/www.stormshield.com\/it\/","name":"Stormshield","description":"Stormshield","potentialAction":[{"@type":"SearchAction","target":{"@type":"EntryPoint","urlTemplate":"https:\/\/www.stormshield.com\/it\/?s={search_term_string}"},"query-input":{"@type":"PropertyValueSpecification","valueRequired":true,"valueName":"search_term_string"}}],"inLanguage":"it-IT"}]}},"_links":{"self":[{"href":"https:\/\/www.stormshield.com\/it\/wp-json\/wp\/v2\/pages\/317657","targetHints":{"allow":["GET"]}}],"collection":[{"href":"https:\/\/www.stormshield.com\/it\/wp-json\/wp\/v2\/pages"}],"about":[{"href":"https:\/\/www.stormshield.com\/it\/wp-json\/wp\/v2\/types\/page"}],"author":[{"embeddable":true,"href":"https:\/\/www.stormshield.com\/it\/wp-json\/wp\/v2\/users\/1"}],"replies":[{"embeddable":true,"href":"https:\/\/www.stormshield.com\/it\/wp-json\/wp\/v2\/comments?post=317657"}],"version-history":[{"count":7,"href":"https:\/\/www.stormshield.com\/it\/wp-json\/wp\/v2\/pages\/317657\/revisions"}],"predecessor-version":[{"id":621932,"href":"https:\/\/www.stormshield.com\/it\/wp-json\/wp\/v2\/pages\/317657\/revisions\/621932"}],"wp:attachment":[{"href":"https:\/\/www.stormshield.com\/it\/wp-json\/wp\/v2\/media?parent=317657"}],"curies":[{"name":"wp","href":"https:\/\/api.w.org\/{rel}","templated":true}]}}