{"id":317384,"date":"2021-09-27T14:56:40","date_gmt":"2021-09-27T13:56:40","guid":{"rendered":"https:\/\/www.stormshield.com\/prodotti-e-soluzioni\/per-settore-di-attivita\/facility-management-warehouse\/"},"modified":"2024-11-12T16:56:26","modified_gmt":"2024-11-12T15:56:26","slug":"facility-management-warehouse","status":"publish","type":"page","link":"https:\/\/www.stormshield.com\/it\/prodotti-e-soluzioni\/per-settore-di-attivita\/facility-management-warehouse\/","title":{"rendered":"Facility Management &#038; Warehouse"},"content":{"rendered":"<div class=\"wpb-content-wrapper\"><p>[vc_row css_animation=\"\" row_type=\"row\" use_row_as_full_screen_section=\"no\" type=\"grid\" angled_section=\"no\" text_align=\"left\" background_image_as_pattern=\"without_pattern\" z_index=\"\" padding_top=\"50\" padding_bottom=\"50\"][vc_column][vc_empty_space][vc_column_text css=\"\"]<\/p>\n<h1 style=\"text-align: center;\"><span style=\"color: #00aaf5;\"><span style=\"font-weight: 900; font-size: 1.5em;\">Facility Management, logistica e sicurezza informatica:<\/span><\/span><span style=\"color: #00aaf5;\"><span style=\"font-weight: 300; font-size: 1.5em;\"> gestione competente delle reti connesse e intelligenti<\/span><\/span><\/h1>\n<p>[\/vc_column_text][vc_empty_space][\/vc_column][\/vc_row][vc_row css_animation=\"\" row_type=\"row\" use_row_as_full_screen_section=\"no\" type=\"grid\" angled_section=\"no\" text_align=\"left\" background_image_as_pattern=\"without_pattern\" z_index=\"\" padding_top=\"50\" padding_bottom=\"50\"][vc_column][vc_row_inner row_type=\"row\" type=\"full_width\" text_align=\"left\" css_animation=\"\"][vc_column_inner width=\"2\/3\"][vc_column_text css=\"\"]<span style=\"color: #000; font-size: 1.1em;\"><strong>Con l'avvento dello Smart Building, la gestione tecnica degli edifici si basa sempre pi\u00f9 su reti informatiche e operative interconnesse, complesse e sensibili.<\/strong> Come contrastare quindi gli attacchi informatici con ripercussioni in termini materiali e umani potenzialmente rilevanti?<\/span>[\/vc_column_text][vc_empty_space][\/vc_column_inner][vc_column_inner width=\"1\/3\"][vc_empty_space][vc_single_image image=\"456866\" alignment=\"center\" css=\"\" qode_css_animation=\"\" qode_hover_animation=\"zoom_in\"][\/vc_column_inner][\/vc_row_inner][\/vc_column][\/vc_row][vc_row css_animation=\"\" row_type=\"row\" use_row_as_full_screen_section=\"no\" type=\"grid\" angled_section=\"no\" text_align=\"left\" background_image_as_pattern=\"without_pattern\" z_index=\"\" padding_bottom=\"50\" el_class=\"fond_gris\" padding_top=\"50\"][vc_column][vc_row_inner row_type=\"row\" type=\"full_width\" text_align=\"left\" css_animation=\"\"][vc_column_inner][vc_column_text css=\"\"]<\/p>\n<h2><span style=\"color: #000; font-size: 1.2em; font-weight: 900;\">Edifici e magazzini: attenzione alle minacce informatiche<\/span><\/h2>\n<p><span style=\"color: #000; font-size: 1.1em;\"><strong>Supply chain e magazzini automatizzati, gestione tecnica connessa (TGM\/GTC)... la logistica sta diventando \"intelligente\" e comporta rischi critici in materia di sicurezza informatica.<\/strong> Pertanto, gli edifici e i magazzini sono suscettibili di attacchi informatici a diversi impianti: ascensori, uscite di emergenza, porte antincendio, portali, allarmi antincendio, impianti di climatizzazione, di riscaldamento, di videosorveglianza, ecc.. Queste minacce informatiche possono comportare danni materiali significativi o, cosa ancora pi\u00f9 grave, danni fisici alle persone.<\/span>[\/vc_column_text][vc_empty_space][\/vc_column_inner][\/vc_row_inner][\/vc_column][\/vc_row][vc_row css_animation=\"\" row_type=\"row\" use_row_as_full_screen_section=\"no\" type=\"grid\" angled_section=\"no\" text_align=\"left\" background_image_as_pattern=\"without_pattern\" z_index=\"\" padding_top=\"50\" padding_bottom=\"50\"][vc_column][vc_row_inner row_type=\"row\" type=\"full_width\" text_align=\"left\" css_animation=\"\"][vc_column_inner][vc_column_text css=\"\"]<\/p>\n<h2><span style=\"color: #000; font-size: 1.2em; font-weight: 900;\">Soluzioni Stormshield personalizzate, complete e scalabili<\/span><\/h2>\n<p><span style=\"color: #000; font-size: 1.1em;\">Per proteggere dagli attacchi ai componenti della rete OT, alle postazioni di comando e per garantire prestazioni e disponibilit\u00e0 della rete, Stormshield offre un'ampia gamma di soluzioni con prodotti certificati al pi\u00f9 alto livello europeo.<\/span>[\/vc_column_text][vc_empty_space][\/vc_column_inner][\/vc_row_inner][vc_row_inner row_type=\"row\" type=\"full_width\" text_align=\"left\" css_animation=\"\"][vc_column_inner width=\"1\/3\"][vc_column_text css=\"\"]<\/p>\n<h3><span style=\"color: #000; font-size: 1.1em; font-weight: 400;\">Protezione delle reti<\/span><\/h3>\n<p><span style=\"color: #000; font-size: 1.1em;\">Con i firewall Stormshield Network Security (<strong>SNS<\/strong>), \u00e8 possibile eseguire la segmentazione della rete e l\u2019analisi approfondita e contestuale dei protocolli OT (compreso Profinet) per prevenire attacchi noti e sconosciuti. Inoltre, potrete garantire un\u2019analisi approfondita dei messaggi autorizzati e aggiungere firme personalizzate (<em>custom patterns<\/em>) ai vostri criteri di sicurezza.<\/span>[\/vc_column_text][vc_empty_space]<a  itemprop=\"url\" href=\"https:\/\/www.stormshield.com\/it\/prodotti-e-soluzioni\/prodotti\/protezione-della-rete-aziendale\/\" target=\"_blank\" data-hover-background-color=\"#d23467\" data-hover-border-color=\"#d23467\" class=\"qbutton  left white enlarge\" style=\"border-color: #ffffff; background-color:#060051;\">Soluzione SNS<i class=\"qode_icon_font_awesome fa fa-angle-right qode_button_icon_element\"><\/i><\/a>[vc_empty_space][\/vc_column_inner][vc_column_inner width=\"1\/3\"][vc_column_text css=\"\"]<\/p>\n<h3><span style=\"color: #000; font-size: 1.1em; font-weight: 400;\">Blocco degli attachi<\/span><\/h3>\n<p><span style=\"color: #000; font-size: 1.1em;\">Con la nostra soluzione di protezione delle postazioni di lavoro Stormshield Endpoint Security (<strong>SES<\/strong>), potrete innalzare il livello di sicurezza grazie a un\u2019architettura software avanzata. Tale soluzione consente di bloccare gli attacchi informatici avanzati che hanno come obiettivo le postazioni di comando. Potrete inoltre usufruire della protezione contestuale per i tecnici in mobilit\u00e0.<\/span>[\/vc_column_text][vc_empty_space]<a  itemprop=\"url\" href=\"https:\/\/www.stormshield.com\/it\/prodotti-e-soluzioni\/prodotti\/protezione-delle-postazioni-e-dei-server\/\" target=\"_blank\" data-hover-background-color=\"#d23467\" data-hover-border-color=\"#d23467\" class=\"qbutton  left white enlarge\" style=\"border-color: #ffffff; background-color:#060051;\">Soluzione SES<i class=\"qode_icon_font_awesome fa fa-angle-right qode_button_icon_element\"><\/i><\/a>[vc_empty_space][\/vc_column_inner][vc_column_inner width=\"1\/3\" css=\".vc_custom_1713882353421{padding-right: 32px !important;padding-bottom: 32px !important;padding-left: 32px !important;background-color: #f9f9f9 !important;}\"][vc_column_text css=\"\"]<\/p>\n<h3><span style=\"color: #000; font-size: 1.1em; font-weight: 400;\">Protezione delle infrastructure<\/span><\/h3>\n<p><span style=\"color: #000; font-size: 1.1em;\">Per gli ambienti operativi i nostri <strong>firewall industriali<\/strong> dedicati offrono una modalit\u00e0 di bypass che garantisce l'affidabilit\u00e0 della vostra infrastruttura. Inoltre, i nostri prodotti si rivelano estremamente resistenti in ambienti ostili e vincolati.<\/span>[\/vc_column_text][vc_empty_space]<a  itemprop=\"url\" href=\"https:\/\/www.stormshield.com\/it\/prodotti-e-soluzioni\/prodotti\/protezione-industriale\/gamma-ot\/\" target=\"_blank\" data-hover-background-color=\"#d23467\" data-hover-border-color=\"#d23467\" class=\"qbutton  left white enlarge\" style=\"border-color: #ffffff; background-color:#060051;\">Firewall industriali<i class=\"qode_icon_font_awesome fa fa-angle-right qode_button_icon_element\"><\/i><\/a>[vc_empty_space][\/vc_column_inner][\/vc_row_inner][\/vc_column][\/vc_row][vc_row css_animation=\"\" row_type=\"row\" use_row_as_full_screen_section=\"no\" type=\"grid\" angled_section=\"no\" text_align=\"left\" background_image_as_pattern=\"without_pattern\" z_index=\"\" padding_top=\"50\" padding_bottom=\"50\" el_class=\"fond_gris\"][vc_column][vc_row_inner row_type=\"row\" type=\"full_width\" text_align=\"left\" css_animation=\"\"][vc_column_inner][vc_column_text css=\"\"]<\/p>\n<h2><span style=\"color: #000; font-size: 1.2em; font-weight: 900;\">Interventi e manutenzione da remoto semplificati<\/span><\/h2>\n<p><span style=\"color: #000; font-size: 1.1em;\"><strong>La necessit\u00e0 di intervenire (manutenzione, reazione rapida a un incidente negli edifici) a volte senza accesso fisico immediato e l'elevato numero di collaboratori esterni richiesti per la TGM\/GTC possono causare violazioni della privacy.<\/strong> Inoltre, negli edifici pi\u00f9 vecchi, che spesso sono ambienti fisici con vincoli significativi (temperatura, polvere, umidit\u00e0, ecc.) e diversi dagli ambienti IT tradizionali, a volte \u00e8 necessario, per proteggere i dati, installare i sistemi di sicurezza il pi\u00f9 vicino possibile agli elementi privi di rack IT.<\/span><\/p>\n<p><span style=\"color: #000; font-size: 1.1em;\">Esistono diverse soluzioni per fornire l\u2019accesso remoto ai tecnici o ai collaboratori esterni senza creare violazioni della sicurezza. Ad esempio la gamma Stormshield Network Security (<strong>SNS<\/strong>) con tecnologie VPN nomadi SSL o IPSec e l\u2019autenticazione degli utenti sui flussi di rete. Con la soluzione Stormshield Endpoint Security (<strong>SES<\/strong>) \u00e8 possibile fornire protezione contestuale anche alle postazioni di lavoro per tecnici in mobilit\u00e0.<\/span>[\/vc_column_text][vc_empty_space][\/vc_column_inner][\/vc_row_inner][\/vc_column][\/vc_row][vc_row css_animation=\"\" row_type=\"row\" use_row_as_full_screen_section=\"no\" type=\"grid\" angled_section=\"no\" text_align=\"left\" background_image_as_pattern=\"without_pattern\" z_index=\"\" padding_top=\"50\" padding_bottom=\"50\"][vc_column][vc_row_inner row_type=\"row\" type=\"full_width\" text_align=\"left\" css_animation=\"\"][vc_column_inner][vc_column_text css=\"\"]<\/p>\n<h2><span style=\"color: #000; font-size: 1.2em; font-weight: 900;\">I dati e il loro controllo: al centro della cybersicurezza degli edifici<\/span><\/h2>\n<p><span style=\"color: #000; font-size: 1.1em;\">La TGM\/GTC si basa sullo scambio di numerose informazioni tra diversi siti remoti o all'interno dello stesso sito. Permette di controllare il corretto funzionamento dei servizi, tenendo conto della dislocazione geografica dei magazzini. <strong>Per garantire la protezione delle informazioni scambiate, \u00e8 necessario stabilire canali di comunicazione affidabili (autenticazione, riservatezza, integrit\u00e0), cio\u00e8 basati sulla crittografia dei dati.<\/strong> Allo stesso modo, occorre distribuire e gestire facilmente i dispositivi di sicurezza in un'infrastruttura di grandi dimensioni, con un team di gestione numeroso ma privo di esperti locali. A tal fine, \u00e8 indispensabile utilizzare i nostri strumenti di gestione della gamma SNS. La soluzione Stormshield Management Center (<strong>SMC<\/strong>) soddisfa le vostre esigenze di gestione centralizzata della sicurezza per le infrastrutture multi-sito, mentre la soluzione Stormshield Log Supervisor (<strong>SLS<\/strong>) consente di beneficiare di un sistema di gestione dei log. In questo modo avrete una visibilit\u00e0 globale dei log del firewall <strong>SNS<\/strong> e della gestione degli incidenti.<\/span><\/p>\n<p><span style=\"color: #000; font-size: 1.1em;\">Con l'offerta <strong>Stormshield XDR<\/strong>, combinate efficacemente le soluzioni Stormshield tra loro. Riceverete una notifica degli incidenti basata sull'analisi degli endpoint, delle reti, dei file web e delle e-mail, prima di gestire la risposta con i vostri diversi prodotti di sicurezza, grazie alla gestione centralizzata degli incidenti. Questa \u00e8 la combinazione ideale per avvisare in tempo reale e gestire una risposta rapida e a lungo termine sia sulla rete che sugli endpoint.<\/span>[\/vc_column_text][vc_empty_space]<a  itemprop=\"url\" href=\"https:\/\/www.stormshield.com\/it\/prodotti-e-soluzioni\/prodotti\/protezione-della-rete-aziendale\/strumenti-di-gestione-sns\/sls-stormshield-log-supervisor\/\" target=\"_blank\" data-hover-background-color=\"#d23467\" data-hover-border-color=\"#d23467\" class=\"qbutton  left white enlarge\" style=\"border-color: #ffffff; background-color:#060051;\">Soluzione SLS<i class=\"qode_icon_font_awesome fa fa-angle-right qode_button_icon_element\"><\/i><\/a>[vc_empty_space height=\"12px\"]<a  itemprop=\"url\" href=\"https:\/\/www.stormshield.com\/it\/prodotti-e-soluzioni\/prodotti\/protezione-della-rete-aziendale\/strumenti-di-gestione-sns\/smc-stormshield-management-center\/\" target=\"_blank\" data-hover-background-color=\"#d23467\" data-hover-border-color=\"#d23467\" class=\"qbutton  left white enlarge\" style=\"border-color: #ffffff; background-color:#060051;\">Soluzione SMC<i class=\"qode_icon_font_awesome fa fa-angle-right qode_button_icon_element\"><\/i><\/a>[vc_empty_space height=\"12px\"]<a  itemprop=\"url\" href=\"https:\/\/www.stormshield.com\/it\/prodotti-e-soluzioni\/prodotti\/stormshield-xdr\/\" target=\"_blank\" data-hover-background-color=\"#d23467\" data-hover-border-color=\"#d23467\" class=\"qbutton  left white enlarge\" style=\"border-color: #ffffff; background-color:#060051;\">Offerta XDR<i class=\"qode_icon_font_awesome fa fa-angle-right qode_button_icon_element\"><\/i><\/a>[vc_empty_space][\/vc_column_inner][\/vc_row_inner][\/vc_column][\/vc_row][vc_row css_animation=\"\" row_type=\"row\" use_row_as_full_screen_section=\"no\" type=\"grid\" angled_section=\"no\" text_align=\"left\" background_image_as_pattern=\"without_pattern\" z_index=\"\" background_color=\"#060051\" padding_top=\"100\" padding_bottom=\"100\"][vc_column][vc_column_text css=\"\"]<span style=\"color: #ffffff; font-size: 1.1em;\"><strong>Con Stormshield avrete la certezza che la vostra rete di comunicazione sar\u00e0 efficace in qualsiasi situazione all\u2019interno degli edifici e dei magazzini.<\/strong> I nostri team sono a disposizione per comprendere le esigenze della vostra rete di comunicazione e fornirvi le soluzioni pi\u00f9 efficaci.<\/span>[\/vc_column_text][vc_empty_space]<a  itemprop=\"url\" href=\"https:\/\/www.stormshield.com\/it\/contattateci\/servizio-commerciale\/\" target=\"_self\" data-hover-background-color=\"#d23467\" data-hover-border-color=\"#d23467\" class=\"qbutton  white enlarge\" style=\"border-color: #ffffff; background-color:#00aeef;\">Contatta un esperto Stormshield<i class=\"qode_icon_font_awesome fa fa-angle-right qode_button_icon_element\"><\/i><\/a>[vc_empty_space][\/vc_column][\/vc_row]<\/p>\n<\/div>","protected":false},"excerpt":{"rendered":"<p>[vc_row css_animation=&#8221;&#8221; row_type=&#8221;row&#8221; use_row_as_full_screen_section=&#8221;no&#8221; type=&#8221;grid&#8221; angled_section=&#8221;no&#8221; text_align=&#8221;left&#8221; background_image_as_pattern=&#8221;without_pattern&#8221; z_index=&#8221;&#8221; padding_top=&#8221;50&#8243; padding_bottom=&#8221;50&#8243;][vc_column][vc_empty_space][vc_column_text css=&#8221;&#8221;] Facility Management, logistica e sicurezza informatica: gestione competente delle reti connesse e intelligenti [\/vc_column_text][vc_empty_space][\/vc_column][\/vc_row][vc_row css_animation=&#8221;&#8221; row_type=&#8221;row&#8221; use_row_as_full_screen_section=&#8221;no&#8221; type=&#8221;grid&#8221; angled_section=&#8221;no&#8221; text_align=&#8221;left&#8221; background_image_as_pattern=&#8221;without_pattern&#8221; z_index=&#8221;&#8221; padding_top=&#8221;50&#8243; padding_bottom=&#8221;50&#8243;][vc_column][vc_row_inner row_type=&#8221;row&#8221; type=&#8221;full_width&#8221; text_align=&#8221;left&#8221; css_animation=&#8221;&#8221;][vc_column_inner width=&#8221;2\/3&#8243;][vc_column_text css=&#8221;&#8221;]Con l&#8217;avvento dello Smart&#8230;<\/p>\n","protected":false},"author":31,"featured_media":0,"parent":316861,"menu_order":219,"comment_status":"closed","ping_status":"closed","template":"full_width.php","meta":{"_acf_changed":false,"footnotes":""},"class_list":["post-317384","page","type-page","status-publish","hentry"],"acf":[],"yoast_head":"<!-- This site is optimized with the Yoast SEO plugin v27.0 - https:\/\/yoast.com\/product\/yoast-seo-wordpress\/ -->\n<title>Cybersecurity, facility management e logistica | Stormshield<\/title>\n<meta name=\"description\" content=\"Proteggete le vostre reti, bloccate gli attacchi e rendete sicura la vostra infrastruttura con le soluzioni complete e scalabili di Stormshield!\" \/>\n<meta name=\"robots\" content=\"index, follow, max-snippet:-1, max-image-preview:large, max-video-preview:-1\" \/>\n<link rel=\"canonical\" href=\"https:\/\/www.stormshield.com\/it\/prodotti-e-soluzioni\/per-settore-di-attivita\/facility-management-warehouse\/\" \/>\n<meta property=\"og:locale\" content=\"it_IT\" \/>\n<meta property=\"og:type\" content=\"article\" \/>\n<meta property=\"og:title\" content=\"Cybersecurity, facility management e logistica | Stormshield\" \/>\n<meta property=\"og:description\" content=\"Proteggete le vostre reti, bloccate gli attacchi e rendete sicura la vostra infrastruttura con le soluzioni complete e scalabili di Stormshield!\" \/>\n<meta property=\"og:url\" content=\"https:\/\/www.stormshield.com\/it\/prodotti-e-soluzioni\/per-settore-di-attivita\/facility-management-warehouse\/\" \/>\n<meta property=\"og:site_name\" content=\"Stormshield\" \/>\n<meta property=\"article:modified_time\" content=\"2024-11-12T15:56:26+00:00\" \/>\n<meta property=\"og:image\" content=\"https:\/\/www.stormshield.com\/wp-content\/uploads\/stormshield_logo.png\" \/>\n\t<meta property=\"og:image:width\" content=\"204\" \/>\n\t<meta property=\"og:image:height\" content=\"94\" \/>\n\t<meta property=\"og:image:type\" content=\"image\/png\" \/>\n<meta name=\"twitter:card\" content=\"summary_large_image\" \/>\n<meta name=\"twitter:site\" content=\"@Stormshield\" \/>\n<meta name=\"twitter:label1\" content=\"Tempo di lettura stimato\" \/>\n\t<meta name=\"twitter:data1\" content=\"5 minuti\" \/>\n<script type=\"application\/ld+json\" class=\"yoast-schema-graph\">{\"@context\":\"https:\/\/schema.org\",\"@graph\":[{\"@type\":\"WebPage\",\"@id\":\"https:\/\/www.stormshield.com\/it\/prodotti-e-soluzioni\/per-settore-di-attivita\/facility-management-warehouse\/\",\"url\":\"https:\/\/www.stormshield.com\/it\/prodotti-e-soluzioni\/per-settore-di-attivita\/facility-management-warehouse\/\",\"name\":\"Cybersecurity, facility management e logistica | Stormshield\",\"isPartOf\":{\"@id\":\"https:\/\/www.stormshield.com\/it\/#website\"},\"datePublished\":\"2021-09-27T13:56:40+00:00\",\"dateModified\":\"2024-11-12T15:56:26+00:00\",\"description\":\"Proteggete le vostre reti, bloccate gli attacchi e rendete sicura la vostra infrastruttura con le soluzioni complete e scalabili di Stormshield!\",\"breadcrumb\":{\"@id\":\"https:\/\/www.stormshield.com\/it\/prodotti-e-soluzioni\/per-settore-di-attivita\/facility-management-warehouse\/#breadcrumb\"},\"inLanguage\":\"it-IT\",\"potentialAction\":[{\"@type\":\"ReadAction\",\"target\":[\"https:\/\/www.stormshield.com\/it\/prodotti-e-soluzioni\/per-settore-di-attivita\/facility-management-warehouse\/\"]}]},{\"@type\":\"BreadcrumbList\",\"@id\":\"https:\/\/www.stormshield.com\/it\/prodotti-e-soluzioni\/per-settore-di-attivita\/facility-management-warehouse\/#breadcrumb\",\"itemListElement\":[{\"@type\":\"ListItem\",\"position\":1,\"name\":\"Home\",\"item\":\"https:\/\/www.stormshield.com\/it\/\"},{\"@type\":\"ListItem\",\"position\":2,\"name\":\"Prodotti e soluzioni\",\"item\":\"https:\/\/www.stormshield.com\/it\/prodotti-e-soluzioni\/\"},{\"@type\":\"ListItem\",\"position\":3,\"name\":\"Per settore di attivit\u00e0\",\"item\":\"https:\/\/www.stormshield.com\/it\/prodotti-e-soluzioni\/per-settore-di-attivita\/\"},{\"@type\":\"ListItem\",\"position\":4,\"name\":\"Facility Management &#038; Warehouse\"}]},{\"@type\":\"WebSite\",\"@id\":\"https:\/\/www.stormshield.com\/it\/#website\",\"url\":\"https:\/\/www.stormshield.com\/it\/\",\"name\":\"Stormshield\",\"description\":\"Stormshield\",\"potentialAction\":[{\"@type\":\"SearchAction\",\"target\":{\"@type\":\"EntryPoint\",\"urlTemplate\":\"https:\/\/www.stormshield.com\/it\/?s={search_term_string}\"},\"query-input\":{\"@type\":\"PropertyValueSpecification\",\"valueRequired\":true,\"valueName\":\"search_term_string\"}}],\"inLanguage\":\"it-IT\"}]}<\/script>\n<!-- \/ Yoast SEO plugin. -->","yoast_head_json":{"title":"Cybersecurity, facility management e logistica | Stormshield","description":"Proteggete le vostre reti, bloccate gli attacchi e rendete sicura la vostra infrastruttura con le soluzioni complete e scalabili di Stormshield!","robots":{"index":"index","follow":"follow","max-snippet":"max-snippet:-1","max-image-preview":"max-image-preview:large","max-video-preview":"max-video-preview:-1"},"canonical":"https:\/\/www.stormshield.com\/it\/prodotti-e-soluzioni\/per-settore-di-attivita\/facility-management-warehouse\/","og_locale":"it_IT","og_type":"article","og_title":"Cybersecurity, facility management e logistica | Stormshield","og_description":"Proteggete le vostre reti, bloccate gli attacchi e rendete sicura la vostra infrastruttura con le soluzioni complete e scalabili di Stormshield!","og_url":"https:\/\/www.stormshield.com\/it\/prodotti-e-soluzioni\/per-settore-di-attivita\/facility-management-warehouse\/","og_site_name":"Stormshield","article_modified_time":"2024-11-12T15:56:26+00:00","og_image":[{"width":204,"height":94,"url":"https:\/\/www.stormshield.com\/wp-content\/uploads\/stormshield_logo.png","type":"image\/png"}],"twitter_card":"summary_large_image","twitter_site":"@Stormshield","twitter_misc":{"Tempo di lettura stimato":"5 minuti"},"schema":{"@context":"https:\/\/schema.org","@graph":[{"@type":"WebPage","@id":"https:\/\/www.stormshield.com\/it\/prodotti-e-soluzioni\/per-settore-di-attivita\/facility-management-warehouse\/","url":"https:\/\/www.stormshield.com\/it\/prodotti-e-soluzioni\/per-settore-di-attivita\/facility-management-warehouse\/","name":"Cybersecurity, facility management e logistica | Stormshield","isPartOf":{"@id":"https:\/\/www.stormshield.com\/it\/#website"},"datePublished":"2021-09-27T13:56:40+00:00","dateModified":"2024-11-12T15:56:26+00:00","description":"Proteggete le vostre reti, bloccate gli attacchi e rendete sicura la vostra infrastruttura con le soluzioni complete e scalabili di Stormshield!","breadcrumb":{"@id":"https:\/\/www.stormshield.com\/it\/prodotti-e-soluzioni\/per-settore-di-attivita\/facility-management-warehouse\/#breadcrumb"},"inLanguage":"it-IT","potentialAction":[{"@type":"ReadAction","target":["https:\/\/www.stormshield.com\/it\/prodotti-e-soluzioni\/per-settore-di-attivita\/facility-management-warehouse\/"]}]},{"@type":"BreadcrumbList","@id":"https:\/\/www.stormshield.com\/it\/prodotti-e-soluzioni\/per-settore-di-attivita\/facility-management-warehouse\/#breadcrumb","itemListElement":[{"@type":"ListItem","position":1,"name":"Home","item":"https:\/\/www.stormshield.com\/it\/"},{"@type":"ListItem","position":2,"name":"Prodotti e soluzioni","item":"https:\/\/www.stormshield.com\/it\/prodotti-e-soluzioni\/"},{"@type":"ListItem","position":3,"name":"Per settore di attivit\u00e0","item":"https:\/\/www.stormshield.com\/it\/prodotti-e-soluzioni\/per-settore-di-attivita\/"},{"@type":"ListItem","position":4,"name":"Facility Management &#038; Warehouse"}]},{"@type":"WebSite","@id":"https:\/\/www.stormshield.com\/it\/#website","url":"https:\/\/www.stormshield.com\/it\/","name":"Stormshield","description":"Stormshield","potentialAction":[{"@type":"SearchAction","target":{"@type":"EntryPoint","urlTemplate":"https:\/\/www.stormshield.com\/it\/?s={search_term_string}"},"query-input":{"@type":"PropertyValueSpecification","valueRequired":true,"valueName":"search_term_string"}}],"inLanguage":"it-IT"}]}},"_links":{"self":[{"href":"https:\/\/www.stormshield.com\/it\/wp-json\/wp\/v2\/pages\/317384","targetHints":{"allow":["GET"]}}],"collection":[{"href":"https:\/\/www.stormshield.com\/it\/wp-json\/wp\/v2\/pages"}],"about":[{"href":"https:\/\/www.stormshield.com\/it\/wp-json\/wp\/v2\/types\/page"}],"author":[{"embeddable":true,"href":"https:\/\/www.stormshield.com\/it\/wp-json\/wp\/v2\/users\/31"}],"replies":[{"embeddable":true,"href":"https:\/\/www.stormshield.com\/it\/wp-json\/wp\/v2\/comments?post=317384"}],"version-history":[{"count":9,"href":"https:\/\/www.stormshield.com\/it\/wp-json\/wp\/v2\/pages\/317384\/revisions"}],"predecessor-version":[{"id":588035,"href":"https:\/\/www.stormshield.com\/it\/wp-json\/wp\/v2\/pages\/317384\/revisions\/588035"}],"up":[{"embeddable":true,"href":"https:\/\/www.stormshield.com\/it\/wp-json\/wp\/v2\/pages\/316861"}],"wp:attachment":[{"href":"https:\/\/www.stormshield.com\/it\/wp-json\/wp\/v2\/media?parent=317384"}],"curies":[{"name":"wp","href":"https:\/\/api.w.org\/{rel}","templated":true}]}}