{"id":317371,"date":"2017-10-02T14:55:20","date_gmt":"2017-10-02T13:55:20","guid":{"rendered":"https:\/\/www.stormshield.com\/chi-sono\/una-storia-radicata-nella-sicurezza-informatica\/"},"modified":"2026-01-26T10:42:38","modified_gmt":"2026-01-26T09:42:38","slug":"una-storia-radicata-nella-sicurezza-informatica","status":"publish","type":"page","link":"https:\/\/www.stormshield.com\/it\/chi-siamo\/una-storia-radicata-nella-sicurezza-informatica\/","title":{"rendered":"Una storia radicata nella sicurezza informatica"},"content":{"rendered":"<div class=\"wpb-content-wrapper\"><p>[vc_row css_animation=\"\" row_type=\"row\" use_row_as_full_screen_section=\"no\" type=\"grid\" angled_section=\"no\" text_align=\"left\" background_image_as_pattern=\"without_pattern\" z_index=\"\" padding_top=\"50\" padding_bottom=\"50\"][vc_column][vc_empty_space][vc_column_text css=\"\"]<\/p>\n<h1 style=\"text-align: center;\"><span style=\"color: #00aaf5;\"><span style=\"font-weight: 900; font-size: 1.6em;\">Una storia Stormshield radicata nella sicurezza informatica, <\/span><span style=\"font-weight: 300; font-size: 1.5em;\">pionieri da oltre 25 anni<\/span><\/span><\/h1>\n<p>[\/vc_column_text][vc_empty_space][\/vc_column][\/vc_row][vc_row css_animation=\"\" row_type=\"row\" use_row_as_full_screen_section=\"no\" type=\"grid\" angled_section=\"no\" text_align=\"left\" background_image_as_pattern=\"without_pattern\" z_index=\"\" padding_bottom=\"50\"][vc_column width=\"2\/3\"][vc_column_text css=\"\"]<span style=\"color: #000; font-size: 1.1em;\">Da oltre 25 anni, Stormshield si dedica con spirito pionieristico al mondo della sicurezza informatica. Presente in oltre 40 paesi, l\u2019azienda europea continua a crescere, supportata da una solida rete di partner e distributori.<\/span><\/p>\n<p><span style=\"color: #000; font-size: 1.1em;\">Stormshield vanta ormai da tempo uno straordinario impegno nello sviluppo di soluzioni di sicurezza. Quasi 25 anni fa, i primi prodotti Arkoon e Netasq hanno ottenuto la certificazione e la qualificazione Common Criteria da parte dell\u2019ANSSI. Ma qual \u00e8 il nesso? <strong>Facciamo un piccolo passo indietro nella storia della sicurezza informatica.<\/strong><\/span>[\/vc_column_text][vc_empty_space][\/vc_column][vc_column width=\"1\/3\"][vc_single_image image=\"393181\" img_size=\"medium\" alignment=\"center\" css=\"\" qode_css_animation=\"\" qode_hover_animation=\"zoom_in\"][vc_empty_space][\/vc_column][\/vc_row][vc_row css_animation=\"\" row_type=\"row\" use_row_as_full_screen_section=\"no\" type=\"grid\" angled_section=\"no\" text_align=\"left\" background_image_as_pattern=\"without_pattern\" z_index=\"\" padding_bottom=\"50\" css=\".vc_custom_1697804221509{background-color: #ffffff !important;}\" padding_top=\"50\"][vc_column][vc_row_inner row_type=\"row\" type=\"full_width\" text_align=\"left\" css_animation=\"\" background_color=\"#f9f9f9\" css=\".vc_custom_1697805785032{padding-top: 32px !important;padding-right: 32px !important;padding-bottom: 32px !important;padding-left: 32px !important;}\"][vc_column_inner width=\"5\/6\"][vc_column_text]<\/p>\n<h2><span style=\"color: #000; font-size: 1.2em; font-weight: 900;\">Da sempre in prima linea nel campo della sicurezza informatica europea<\/span><\/h2>\n<h3><span style=\"color: #000; font-size: 1.1em; font-weight: 900;\">Netasq, esperti in soluzioni UTM<\/span><\/h3>\n<p><span style=\"color: #000; font-size: 1.1em;\"><strong>1998 |<\/strong>\u00a0L\u2019azienda Netasq viene fondata a Villeneuve-d\u2019Ascq (Francia) e sviluppa il primo firewall con IPS integrato.<\/span><\/p>\n<p><span style=\"color: #000; font-size: 1.1em;\"><strong>2004 |<\/strong> Netasq acquisisce Intranode, un'azienda specializzata nella gestione delle vulnerabilit\u00e0, per integrare le proprie soluzioni firewall UTM con funzionalit\u00e0 di analisi del traffico e di rilevamento delle vulnerabilit\u00e0.<\/span><\/p>\n<h3><span style=\"color: #000; font-size: 1.1em; font-weight: 900;\">Arkoon, fornitori di soluzioni di sicurezza informatica<\/span><\/h3>\n<p><span style=\"color: #000; font-size: 1.1em;\"><strong>2000 |<\/strong> \u00c8 il turno di Arkoon, che nasce a Lione (Francia). La prima soluzione UTM viene sviluppata quasi subito, integrando un sistema antivirus all\u2019interno dei propri firewall.<\/span><\/p>\n<p><span style=\"color: #000; font-size: 1.1em;\"><strong>2006 |<\/strong> Arkoon acquisisce MSI e la relativa soluzione di crittografia dei file, SecurityBox, che diventer\u00e0 Stormshield Data Security.<\/span><\/p>\n<p><span style=\"color: #000; font-size: 1.1em;\"><strong>2009 |<\/strong> Arkoon acquisisce SkyRecon Systems con la sua innovativa soluzione di protezione per desktop e server, che diventer\u00e0 Stormshield Endpoint Security.<\/span>[\/vc_column_text][vc_empty_space][\/vc_column_inner][vc_column_inner width=\"1\/6\"][\/vc_column_inner][\/vc_row_inner][\/vc_column][\/vc_row][vc_row css_animation=\"\" row_type=\"row\" use_row_as_full_screen_section=\"no\" type=\"grid\" angled_section=\"no\" text_align=\"left\" background_image_as_pattern=\"without_pattern\" z_index=\"\"][vc_column][vc_row_inner row_type=\"row\" type=\"full_width\" text_align=\"left\" css_animation=\"\"][vc_column_inner width=\"5\/6\"][vc_column_text]<\/p>\n<h2><span style=\"color: #000; font-size: 1.2em; font-weight: 900;\">Un DNA decisamente industriale<\/span><\/h2>\n<h3><span style=\"color: #000; font-size: 1.1em; font-weight: 900;\">Al fianco di Airbus CyberSecurity<\/span><\/h3>\n<p><span style=\"color: #000; font-size: 1.1em;\"><strong>2012 |<\/strong> Airbus Defence and Space acquisisce Arkoon e Netasq, che diventano Stormshield. Questa nuova entit\u00e0 viene quindi configurata come una filiale della sua stessa filiale, Airbus CyberSecurity. Un'alleanza che getta le basi per una sicurezza informatica europea affidabile.<\/span><\/p>\n<p><span style=\"color: #000; font-size: 1.1em;\"><strong>2014 |<\/strong> Grazie a questa fusione, i primi prodotti a marchio Stormshield sono disponibili sul mercato della sicurezza informatica. Le \u201cappliance\u201d virtuali di Stormshield approdano negli spazi di vendita online di Amazon Web Service e Microsoft Azure.<\/span><\/p>\n<h3><span style=\"color: #000; font-size: 1.1em; font-weight: 900;\">E altri protagonisti del settore industriale<\/span><\/h3>\n<p><span style=\"color: #000; font-size: 1.1em;\"><strong>2015 |<\/strong> Schneider Electric e Stormshield avviano un'ambiziosa collaborazione per affrontare i problemi di sicurezza informatica industriale.<\/span><\/p>\n<p><span style=\"color: #000; font-size: 1.1em;\"><strong>2016 |<\/strong> SNi40 \u00e8 il primo firewall industriale ad aver ottenuto la certificazione CSPN dall'ANSSI. Nello stesso anno Stormshield ha lanciato Breach Fighter, una soluzione di sandboxing basata sul cloud.<\/span>[\/vc_column_text][\/vc_column_inner][vc_column_inner width=\"1\/6\"][\/vc_column_inner][\/vc_row_inner][\/vc_column][\/vc_row][vc_row css_animation=\"\" row_type=\"row\" use_row_as_full_screen_section=\"no\" type=\"grid\" angled_section=\"no\" text_align=\"left\" background_image_as_pattern=\"without_pattern\" z_index=\"\" padding_bottom=\"50\" css=\".vc_custom_1697804221509{background-color: #ffffff !important;}\" padding_top=\"50\"][vc_column][vc_row_inner row_type=\"row\" type=\"full_width\" text_align=\"left\" css_animation=\"\" background_color=\"#f9f9f9\" css=\".vc_custom_1697805785032{padding-top: 32px !important;padding-right: 32px !important;padding-bottom: 32px !important;padding-left: 32px !important;}\"][vc_column_inner width=\"5\/6\"][vc_column_text css=\"\"]<\/p>\n<h2><span style=\"color: #000; font-size: 1.2em; font-weight: 900;\">La scelta europea per la sicurezza informatica delle infrastrutture industriali e critiche<\/span><\/h2>\n<h3><span style=\"color: #000; font-size: 1.1em; font-weight: 900;\">Un nuovo look per i prodotti Stormshield<\/span><\/h3>\n<p><span style=\"color: #000; font-size: 1.1em;\"><strong>2020 |<\/strong> Il modello <a style=\"color: #000000;\" href=\"https:\/\/www.stormshield.com\/it\/prodotto\/sni20\/\" target=\"_blank\" rel=\"noopener\">SNi20<\/a> entra a far parte della famiglia di firewall industriali, concentrandosi sulla deep packet inspection e sulla protezione dei protocolli di comunicazione industriali.<\/span><\/p>\n<p><span style=\"color: #000; font-size: 1.1em;\"><strong>2021 |<\/strong> La linea di prodotti Data Security si rafforza con il rilascio di Stormshield Data Security for Google Workspace, per aumentare il livello di protezione dei dati sensibili negli spazi di lavoro di Google. La linea di prodotti Network Security viene completata con il lancio di <a style=\"color: #000000;\" href=\"https:\/\/www.stormshield.com\/it\/prodotto\/sn1100\/\" target=\"_blank\" rel=\"noopener\">SN1100<\/a>, il prodotto per la gestione dei log Stormshield Log Supervisor (SLS) e il firewall crittografico <a style=\"color: #000000;\" href=\"https:\/\/www.stormshield.com\/it\/prodotto\/snxr1200\/\" target=\"_blank\" rel=\"noopener\">SNxr1200<\/a>.<\/span><\/p>\n<p><span style=\"color: #000; font-size: 1.1em;\"><strong>2022 |<\/strong> La linea di prodotti <a style=\"color: #000000;\" href=\"https:\/\/www.stormshield.com\/it\/prodotti-e-soluzioni\/prodotti\/protezione-della-rete-aziendale\/la-gamma-di-firewall-sns\/\" target=\"_blank\" rel=\"noopener\">Network Security<\/a> inizia la sua revisione con il rilascio dei primi prodotti della nuova gamma SN-M-Series: SN720 e SN920.<\/span><\/p>\n<p><span style=\"color: #000; font-size: 1.1em;\"><strong>2023 |<\/strong> Una nuova tappa nella revisione della linea di prodotti Network Security con la nuova gamma SN-S-Series e i box SN220 e SN320, mentre il prodotto SN520 completa la gamma SN-M-Series. Allo stesso tempo, Stormshield ufficializza la sua offerta <a style=\"color: #000000;\" href=\"https:\/\/www.stormshield.com\/it\/prodotti-e-soluzioni\/prodotti\/stormshield-xdr\/\" target=\"_blank\" rel=\"noopener\">XDR<\/a>, una combinazione ideale di diverse linee di prodotti e competenze <a style=\"color: #000000;\" href=\"https:\/\/www.stormshield.com\/it\/il-nostro-supporto\/servizi\/cyber-threat-intelligence\/\" target=\"_blank\" rel=\"noopener\">CTI<\/a>.<\/span><\/p>\n<p><span style=\"color: #000; font-size: 1.1em;\"><strong>2024 |<\/strong> Dopo le gamme SN-Series e SN-M-Series, il rinnovamento continua con l'annuncio del lancio di due nuove gamme di firewall ad alte prestazioni: SN-L-Series (SN2200 &amp; SN3200) e SN-XL-Series (SN5200 &amp; SN6200). Condividendo un alloggiamento comune, i modelli SN-XS-Series-170 e SNi10 completano la famiglia di firewall SNS.<\/span><\/p>\n<p><span style=\"color: #000; font-size: 1.1em;\"><strong>2025 |<\/strong> La versione 5 del firmware dei firewall Stormshield Network Security integra il primo algoritmo di crittografia post-quantistica standardizzato dal NIST (ML-KEM).<\/span><\/p>\n<h3><span style=\"color: #000; font-size: 1.1em; font-weight: 900;\">Prodotti riconosciuti dalle massime autorit\u00e0<\/span><\/h3>\n<p><span style=\"color: #000; font-size: 1.1em;\"><strong>2020 |<\/strong> I firewall Stormshield Network Security ricevono un doppio riconoscimento dall'ente di certificazione del Centro Criptologico Nazionale (CCN) in Spagna, come prodotti qualificati e approvati.<\/span><\/p>\n<p><span style=\"color: #000; font-size: 1.1em;\"><strong>2022 |<\/strong> Due anni dopo, il prodotto <a style=\"color: #000000;\" href=\"https:\/\/www.stormshield.com\/it\/prodotti-e-soluzioni\/prodotti\/protezione-delle-postazioni-e-dei-server\/stormshield-endpoint-security\/\" target=\"_blank\" rel=\"noopener\">Stormshield Endpoint Security Evolution<\/a> EDR riceve la certificazione spagnola Producto Cualificado dal CCN.<\/span><\/p>\n<p><span style=\"color: #000; font-size: 1.1em;\"><strong>2023 |<\/strong> L'anno successivo, Stormshield Endpoint Security Evolution EDR viene nuovamente premiato in Francia con la certificazione di sicurezza di primo livello (<a style=\"color: #000000;\" href=\"\/?p=475996\" target=\"_blank\" rel=\"noopener\">CSPN<\/a>), rilasciata dall'ANSSI. Allo stesso tempo, i firewall Stormshield Network Security hanno ottenuto la certificazione CC EAL4+.<\/span><\/p>\n<p><span style=\"color: #000; font-size: 1.1em;\"><strong>2024 |<\/strong> Grazie al lavoro di diversi anni, i firewall Stormshield Network Security ottengono la qualifica Standard dall'ANSSI. Ci\u00f2 rende Stormshield l'unico firewall di crittografia qualificato nel settore della sicurezza informatica.<\/span>[\/vc_column_text][vc_empty_space][\/vc_column_inner][vc_column_inner width=\"1\/6\"][\/vc_column_inner][\/vc_row_inner][\/vc_column][\/vc_row][vc_row css_animation=\"\" row_type=\"row\" use_row_as_full_screen_section=\"no\" type=\"grid\" angled_section=\"no\" text_align=\"left\" background_image_as_pattern=\"without_pattern\" z_index=\"\"][vc_column][vc_row_inner row_type=\"row\" type=\"full_width\" text_align=\"left\" css_animation=\"\" css=\".vc_custom_1705393759893{padding-top: 32px !important;padding-right: 32px !important;padding-bottom: 32px !important;padding-left: 32px !important;background-color: #060051 !important;}\"][vc_column_inner width=\"2\/3\"][vc_column_text]<\/p>\n<h2><span style=\"color: #ffffff; font-size: 1.2em; font-weight: 900;\">E domani potreste esserci anche voi<\/span><\/h2>\n<p><span style=\"color: #ffffff; font-size: 1.1em;\">Volete unirvi al team di Stormshield? Come filiale di Airbus CyberSecurity, godiamo della fiducia di importanti aziende e governi europei. I nostri team competenti e flessibili sono costantemente impegnati sul fronte della sicurezza. Se siete mossi da uno spirito curioso, appassionato ed esigente, venite a liberare il vostro potenziale, a sviluppare le vostre capacit\u00e0 e ad aiutarci a costruire l\u2019azienda di domani!<\/span>[\/vc_column_text][vc_empty_space]<a  itemprop=\"url\" href=\"https:\/\/www.stormshield.com\/it\/collabora-con-noi\/\" target=\"_blank\" data-hover-background-color=\"#d23467\" data-hover-border-color=\"#ffffff\" class=\"qbutton  white enlarge\" style=\"border-color: #ffffff; background-color:#060051;\">Collabora con noi<i class=\"qode_icon_font_awesome fa fa-angle-right qode_button_icon_element\"><\/i><\/a>[vc_empty_space][\/vc_column_inner][vc_column_inner width=\"1\/3\"][vc_empty_space][vc_video link=\"https:\/\/youtu.be\/IQQfLEr2zaE\" align=\"center\"][vc_empty_space][\/vc_column_inner][\/vc_row_inner][\/vc_column][\/vc_row][vc_row css_animation=\"\" row_type=\"row\" use_row_as_full_screen_section=\"no\" type=\"full_width\" angled_section=\"no\" text_align=\"left\" background_image_as_pattern=\"without_pattern\"][vc_column][vc_empty_space][\/vc_column][\/vc_row]<\/p>\n<\/div>","protected":false},"excerpt":{"rendered":"<p>[vc_row css_animation=&#8221;&#8221; row_type=&#8221;row&#8221; use_row_as_full_screen_section=&#8221;no&#8221; type=&#8221;grid&#8221; angled_section=&#8221;no&#8221; text_align=&#8221;left&#8221; background_image_as_pattern=&#8221;without_pattern&#8221; z_index=&#8221;&#8221; padding_top=&#8221;50&#8243; padding_bottom=&#8221;50&#8243;][vc_column][vc_empty_space][vc_column_text css=&#8221;&#8221;] Una storia Stormshield radicata nella sicurezza informatica, pionieri da oltre 25 anni [\/vc_column_text][vc_empty_space][\/vc_column][\/vc_row][vc_row css_animation=&#8221;&#8221; row_type=&#8221;row&#8221; use_row_as_full_screen_section=&#8221;no&#8221; type=&#8221;grid&#8221; angled_section=&#8221;no&#8221; text_align=&#8221;left&#8221; background_image_as_pattern=&#8221;without_pattern&#8221; z_index=&#8221;&#8221; padding_bottom=&#8221;50&#8243;][vc_column width=&#8221;2\/3&#8243;][vc_column_text css=&#8221;&#8221;]Da oltre 25 anni, Stormshield si dedica con spirito pionieristico&#8230;<\/p>\n","protected":false},"author":31,"featured_media":0,"parent":317339,"menu_order":51,"comment_status":"closed","ping_status":"closed","template":"full_width.php","meta":{"_acf_changed":false,"footnotes":""},"class_list":["post-317371","page","type-page","status-publish","hentry"],"acf":[],"yoast_head":"<!-- This site is optimized with the Yoast SEO plugin v27.3 - https:\/\/yoast.com\/product\/yoast-seo-wordpress\/ -->\n<title>Arkoon, Netasq: una storia nella cybersecurity | Stormshield<\/title>\n<meta name=\"description\" content=\"Uno spirito pionieristico nel mondo della cybersecurity da oltre 25 anni: uno sguardo alle pietre miliari della storia di Stormshield.\" \/>\n<meta name=\"robots\" content=\"index, follow, max-snippet:-1, max-image-preview:large, max-video-preview:-1\" \/>\n<link rel=\"canonical\" href=\"https:\/\/www.stormshield.com\/it\/chi-siamo\/una-storia-radicata-nella-sicurezza-informatica\/\" \/>\n<meta property=\"og:locale\" content=\"it_IT\" \/>\n<meta property=\"og:type\" content=\"article\" \/>\n<meta property=\"og:title\" content=\"Arkoon, Netasq: una storia nella cybersecurity | Stormshield\" \/>\n<meta property=\"og:description\" content=\"Uno spirito pionieristico nel mondo della cybersecurity da oltre 25 anni: uno sguardo alle pietre miliari della storia di Stormshield.\" \/>\n<meta property=\"og:url\" content=\"https:\/\/www.stormshield.com\/it\/chi-siamo\/una-storia-radicata-nella-sicurezza-informatica\/\" \/>\n<meta property=\"og:site_name\" content=\"Stormshield\" \/>\n<meta property=\"article:modified_time\" content=\"2026-01-26T09:42:38+00:00\" \/>\n<meta property=\"og:image\" content=\"https:\/\/www.stormshield.com\/wp-content\/uploads\/stormshield_logo.png\" \/>\n\t<meta property=\"og:image:width\" content=\"204\" \/>\n\t<meta property=\"og:image:height\" content=\"94\" \/>\n\t<meta property=\"og:image:type\" content=\"image\/png\" \/>\n<meta name=\"twitter:card\" content=\"summary_large_image\" \/>\n<meta name=\"twitter:site\" content=\"@Stormshield\" \/>\n<meta name=\"twitter:label1\" content=\"Tempo di lettura stimato\" \/>\n\t<meta name=\"twitter:data1\" content=\"5 minuti\" \/>\n<script type=\"application\/ld+json\" class=\"yoast-schema-graph\">{\"@context\":\"https:\\\/\\\/schema.org\",\"@graph\":[{\"@type\":\"WebPage\",\"@id\":\"https:\\\/\\\/www.stormshield.com\\\/it\\\/chi-siamo\\\/una-storia-radicata-nella-sicurezza-informatica\\\/\",\"url\":\"https:\\\/\\\/www.stormshield.com\\\/it\\\/chi-siamo\\\/una-storia-radicata-nella-sicurezza-informatica\\\/\",\"name\":\"Arkoon, Netasq: una storia nella cybersecurity | Stormshield\",\"isPartOf\":{\"@id\":\"https:\\\/\\\/www.stormshield.com\\\/it\\\/#website\"},\"datePublished\":\"2017-10-02T13:55:20+00:00\",\"dateModified\":\"2026-01-26T09:42:38+00:00\",\"description\":\"Uno spirito pionieristico nel mondo della cybersecurity da oltre 25 anni: uno sguardo alle pietre miliari della storia di Stormshield.\",\"breadcrumb\":{\"@id\":\"https:\\\/\\\/www.stormshield.com\\\/it\\\/chi-siamo\\\/una-storia-radicata-nella-sicurezza-informatica\\\/#breadcrumb\"},\"inLanguage\":\"it-IT\",\"potentialAction\":[{\"@type\":\"ReadAction\",\"target\":[\"https:\\\/\\\/www.stormshield.com\\\/it\\\/chi-siamo\\\/una-storia-radicata-nella-sicurezza-informatica\\\/\"]}]},{\"@type\":\"BreadcrumbList\",\"@id\":\"https:\\\/\\\/www.stormshield.com\\\/it\\\/chi-siamo\\\/una-storia-radicata-nella-sicurezza-informatica\\\/#breadcrumb\",\"itemListElement\":[{\"@type\":\"ListItem\",\"position\":1,\"name\":\"Home\",\"item\":\"https:\\\/\\\/www.stormshield.com\\\/it\\\/\"},{\"@type\":\"ListItem\",\"position\":2,\"name\":\"Chi siamo?\",\"item\":\"https:\\\/\\\/www.stormshield.com\\\/it\\\/chi-siamo\\\/\"},{\"@type\":\"ListItem\",\"position\":3,\"name\":\"Una storia radicata nella sicurezza informatica\"}]},{\"@type\":\"WebSite\",\"@id\":\"https:\\\/\\\/www.stormshield.com\\\/it\\\/#website\",\"url\":\"https:\\\/\\\/www.stormshield.com\\\/it\\\/\",\"name\":\"Stormshield\",\"description\":\"Stormshield\",\"potentialAction\":[{\"@type\":\"SearchAction\",\"target\":{\"@type\":\"EntryPoint\",\"urlTemplate\":\"https:\\\/\\\/www.stormshield.com\\\/it\\\/?s={search_term_string}\"},\"query-input\":{\"@type\":\"PropertyValueSpecification\",\"valueRequired\":true,\"valueName\":\"search_term_string\"}}],\"inLanguage\":\"it-IT\"}]}<\/script>\n<!-- \/ Yoast SEO plugin. -->","yoast_head_json":{"title":"Arkoon, Netasq: una storia nella cybersecurity | Stormshield","description":"Uno spirito pionieristico nel mondo della cybersecurity da oltre 25 anni: uno sguardo alle pietre miliari della storia di Stormshield.","robots":{"index":"index","follow":"follow","max-snippet":"max-snippet:-1","max-image-preview":"max-image-preview:large","max-video-preview":"max-video-preview:-1"},"canonical":"https:\/\/www.stormshield.com\/it\/chi-siamo\/una-storia-radicata-nella-sicurezza-informatica\/","og_locale":"it_IT","og_type":"article","og_title":"Arkoon, Netasq: una storia nella cybersecurity | Stormshield","og_description":"Uno spirito pionieristico nel mondo della cybersecurity da oltre 25 anni: uno sguardo alle pietre miliari della storia di Stormshield.","og_url":"https:\/\/www.stormshield.com\/it\/chi-siamo\/una-storia-radicata-nella-sicurezza-informatica\/","og_site_name":"Stormshield","article_modified_time":"2026-01-26T09:42:38+00:00","og_image":[{"width":204,"height":94,"url":"https:\/\/www.stormshield.com\/wp-content\/uploads\/stormshield_logo.png","type":"image\/png"}],"twitter_card":"summary_large_image","twitter_site":"@Stormshield","twitter_misc":{"Tempo di lettura stimato":"5 minuti"},"schema":{"@context":"https:\/\/schema.org","@graph":[{"@type":"WebPage","@id":"https:\/\/www.stormshield.com\/it\/chi-siamo\/una-storia-radicata-nella-sicurezza-informatica\/","url":"https:\/\/www.stormshield.com\/it\/chi-siamo\/una-storia-radicata-nella-sicurezza-informatica\/","name":"Arkoon, Netasq: una storia nella cybersecurity | Stormshield","isPartOf":{"@id":"https:\/\/www.stormshield.com\/it\/#website"},"datePublished":"2017-10-02T13:55:20+00:00","dateModified":"2026-01-26T09:42:38+00:00","description":"Uno spirito pionieristico nel mondo della cybersecurity da oltre 25 anni: uno sguardo alle pietre miliari della storia di Stormshield.","breadcrumb":{"@id":"https:\/\/www.stormshield.com\/it\/chi-siamo\/una-storia-radicata-nella-sicurezza-informatica\/#breadcrumb"},"inLanguage":"it-IT","potentialAction":[{"@type":"ReadAction","target":["https:\/\/www.stormshield.com\/it\/chi-siamo\/una-storia-radicata-nella-sicurezza-informatica\/"]}]},{"@type":"BreadcrumbList","@id":"https:\/\/www.stormshield.com\/it\/chi-siamo\/una-storia-radicata-nella-sicurezza-informatica\/#breadcrumb","itemListElement":[{"@type":"ListItem","position":1,"name":"Home","item":"https:\/\/www.stormshield.com\/it\/"},{"@type":"ListItem","position":2,"name":"Chi siamo?","item":"https:\/\/www.stormshield.com\/it\/chi-siamo\/"},{"@type":"ListItem","position":3,"name":"Una storia radicata nella sicurezza informatica"}]},{"@type":"WebSite","@id":"https:\/\/www.stormshield.com\/it\/#website","url":"https:\/\/www.stormshield.com\/it\/","name":"Stormshield","description":"Stormshield","potentialAction":[{"@type":"SearchAction","target":{"@type":"EntryPoint","urlTemplate":"https:\/\/www.stormshield.com\/it\/?s={search_term_string}"},"query-input":{"@type":"PropertyValueSpecification","valueRequired":true,"valueName":"search_term_string"}}],"inLanguage":"it-IT"}]}},"_links":{"self":[{"href":"https:\/\/www.stormshield.com\/it\/wp-json\/wp\/v2\/pages\/317371","targetHints":{"allow":["GET"]}}],"collection":[{"href":"https:\/\/www.stormshield.com\/it\/wp-json\/wp\/v2\/pages"}],"about":[{"href":"https:\/\/www.stormshield.com\/it\/wp-json\/wp\/v2\/types\/page"}],"author":[{"embeddable":true,"href":"https:\/\/www.stormshield.com\/it\/wp-json\/wp\/v2\/users\/31"}],"replies":[{"embeddable":true,"href":"https:\/\/www.stormshield.com\/it\/wp-json\/wp\/v2\/comments?post=317371"}],"version-history":[{"count":14,"href":"https:\/\/www.stormshield.com\/it\/wp-json\/wp\/v2\/pages\/317371\/revisions"}],"predecessor-version":[{"id":738675,"href":"https:\/\/www.stormshield.com\/it\/wp-json\/wp\/v2\/pages\/317371\/revisions\/738675"}],"up":[{"embeddable":true,"href":"https:\/\/www.stormshield.com\/it\/wp-json\/wp\/v2\/pages\/317339"}],"wp:attachment":[{"href":"https:\/\/www.stormshield.com\/it\/wp-json\/wp\/v2\/media?parent=317371"}],"curies":[{"name":"wp","href":"https:\/\/api.w.org\/{rel}","templated":true}]}}