{"id":317349,"date":"2017-07-27T11:54:57","date_gmt":"2017-07-27T10:54:57","guid":{"rendered":"https:\/\/www.stormshield.com\/chi-sono\/nos-bureaux-commerciaux\/"},"modified":"2024-01-05T15:15:58","modified_gmt":"2024-01-05T14:15:58","slug":"uffici-commerciali","status":"publish","type":"page","link":"https:\/\/www.stormshield.com\/it\/chi-siamo\/uffici-commerciali\/","title":{"rendered":"Uffici commerciali"},"content":{"rendered":"<div class=\"wpb-content-wrapper\"><p>[vc_row css_animation=\"\" row_type=\"row\" use_row_as_full_screen_section=\"no\" type=\"grid\" angled_section=\"no\" text_align=\"left\" background_image_as_pattern=\"without_pattern\" z_index=\"\" padding_top=\"50\" padding_bottom=\"50\"][vc_column][vc_empty_space][vc_column_text]<\/p>\n<h1 style=\"text-align: center;\"><span style=\"color: #00aaf5;\"><span style=\"font-weight: 900; font-size: 1.5em;\">Uffici commerciali in Italia <\/span><\/span><span style=\"color: #00aaf5;\"><span style=\"font-weight: 300; font-size: 1.5em;\">e all'estero, vicini alle vostre attivit\u00e0<\/span><\/span><\/h1>\n<p>[\/vc_column_text][vc_empty_space][\/vc_column][\/vc_row][vc_row css_animation=\"\" row_type=\"row\" use_row_as_full_screen_section=\"no\" type=\"grid\" angled_section=\"no\" text_align=\"left\" background_image_as_pattern=\"without_pattern\" z_index=\"\" padding_bottom=\"50\"][vc_column][vc_row_inner row_type=\"row\" type=\"full_width\" text_align=\"left\" css_animation=\"\"][vc_column_inner width=\"2\/3\"][vc_column_text]<\/p>\n<h2><span style=\"color: #000; font-size: 1.2em; font-weight: 900;\">Uffici Stormshield in Italia<\/span><\/h2>\n<p><span style=\"color: #000; font-size: 1.1em;\">Per discutere un progetto specifico o fissare un incontro tecnico, <a style=\"color: #000000;\" href=\"https:\/\/www.stormshield.com\/it\/chi-siamo\/\">i nostri team<\/a> italiani sono a vostra disposizione. Abbiamo anche uffici commerciali in diversi altri Paesi europei: Germania, Spagna e Polonia.<\/span>[\/vc_column_text][vc_empty_space][\/vc_column_inner][vc_column_inner width=\"1\/3\"][vc_single_image image=\"328934\" img_size=\"medium\" alignment=\"center\" qode_css_animation=\"\"][\/vc_column_inner][\/vc_row_inner][vc_row_inner row_type=\"row\" type=\"full_width\" text_align=\"left\" css_animation=\"\"][vc_column_inner width=\"1\/4\" css=\".vc_custom_1704462772232{padding-top: 12px !important;padding-right: 12px !important;padding-bottom: 12px !important;padding-left: 12px !important;background-color: #f9f9f9 !important;}\"][vc_column_text]<span style=\"color: #000000;\"><span style=\"font-size: 1.2em; font-weight: 900;\">Italia<\/span><\/span><br \/>\n<span style=\"color: #000; font-size: 1.1em;\">Via Leone XIII, 10<br \/>\n20145 Milan<br \/>\n<strong>+39 329 951 5335<\/strong><\/span>[\/vc_column_text][\/vc_column_inner][vc_column_inner width=\"1\/4\"][vc_column_text]<span style=\"color: #000000;\"><a style=\"color: #000000;\" href=\"https:\/\/www.stormshield.com\/de\/\" target=\"_blank\" rel=\"noopener\"><span style=\"font-size: 1.2em; font-weight: 900;\">Germania<\/span><\/a><\/span><br \/>\n<span style=\"color: #000; font-size: 1.1em;\">Lilienthalstr. 27<br \/>\n85399 Hallbergmoos<br \/>\n<strong>+49 89 8091 3578 \u2013 0<\/strong><\/span>[\/vc_column_text][\/vc_column_inner][vc_column_inner width=\"1\/4\"][vc_column_text]<span style=\"color: #000000;\"><a style=\"color: #000000;\" href=\"https:\/\/www.stormshield.com\/es\/\" target=\"_blank\" rel=\"noopener\"><span style=\"font-size: 1.2em; font-weight: 900;\">Spagna<\/span><\/a><\/span><br \/>\n<span style=\"color: #000; font-size: 1.1em;\">Paseo de la Castellana,<br \/>\n200, 7\u00aa planta,<br \/>\n28046, Madrid<br \/>\n<strong>+34 91 904 7244<\/strong><\/span>[\/vc_column_text][\/vc_column_inner][vc_column_inner width=\"1\/4\"][vc_column_text]<span style=\"color: #000000;\"><a style=\"color: #000000;\" href=\"https:\/\/stormshield.pl\/\" target=\"_blank\" rel=\"noopener\"><span style=\"font-size: 1.2em; font-weight: 900;\">Polonia<\/span><\/a><\/span><br \/>\n<span style=\"color: #000; font-size: 1.1em;\">ul. Marszalkowska 111<br \/>\n00-102 Warszawa<br \/>\n<strong>+48 22 460 03 61<\/strong><\/span>[\/vc_column_text][\/vc_column_inner][\/vc_row_inner][vc_row_inner row_type=\"row\" type=\"full_width\" text_align=\"left\" css_animation=\"\"][vc_column_inner][vc_empty_space height=\"12px\"]<a  itemprop=\"url\" href=\"https:\/\/www.stormshield.com\/it\/contattateci\/\" target=\"_blank\" data-hover-background-color=\"#d23467\" data-hover-border-color=\"#ffffff\" class=\"qbutton  white enlarge\" style=\"border-color: #ffffff; background-color:#060051;\">Contattaci<i class=\"qode_icon_font_awesome fa fa-angle-right qode_button_icon_element\"><\/i><\/a>[\/vc_column_inner][\/vc_row_inner][\/vc_column][\/vc_row][vc_row css_animation=\"\" row_type=\"row\" use_row_as_full_screen_section=\"no\" type=\"grid\" angled_section=\"no\" text_align=\"left\" background_image_as_pattern=\"without_pattern\" z_index=\"\" padding_bottom=\"50\"][vc_column][vc_row_inner row_type=\"row\" type=\"full_width\" text_align=\"left\" css_animation=\"\"][vc_column_inner width=\"2\/3\"][vc_column_text]<\/p>\n<h2><span style=\"color: #000; font-size: 1.2em; font-weight: 900;\">Uffici Stormshield in Francia<\/span><\/h2>\n<p><span style=\"color: #000; font-size: 1.1em;\">Per contattare i nostri team, discutere di un progetto specifico, richiedere una gara d'appalto o fissare un incontro tecnico: scoprite le nostre sedi e i nostri uffici commerciali in Francia. I nostri team hanno sede a Parigi, Lille, Lione e Tolosa.<\/span>[\/vc_column_text][vc_empty_space][\/vc_column_inner][vc_column_inner width=\"1\/3\"][vc_single_image image=\"255654\" img_size=\"medium\" alignment=\"center\" qode_css_animation=\"\"][\/vc_column_inner][\/vc_row_inner][vc_row_inner row_type=\"row\" type=\"full_width\" text_align=\"left\" css_animation=\"\"][vc_column_inner width=\"1\/4\"][vc_column_text]<span style=\"color: #000; font-size: 1.2em; font-weight: 900;\">Paris<\/span><br \/>\n<span style=\"color: #000; font-size: 1.1em;\">22, rue du Gouverneur G\u00e9n\u00e9ral \u00c9bou\u00e9<br \/>\n<\/span><span style=\"color: #000; font-size: 1.1em;\">92130 Issy-les-Moulineaux<\/span>[\/vc_column_text][\/vc_column_inner][vc_column_inner width=\"1\/4\"][vc_column_text]<span style=\"color: #000; font-size: 1.2em; font-weight: 900;\">Lille<\/span><br \/>\n<span style=\"color: #000; font-size: 1.1em;\">Parc Scientifique Haute Borne\/Parc Horizon<br \/>\nB\u00e2timent 6, Avenue de l'Horizon<br \/>\n59650 Villeneuve d'Ascq<\/span>[\/vc_column_text][\/vc_column_inner][vc_column_inner width=\"1\/4\"][vc_column_text]<span style=\"color: #000; font-size: 1.2em; font-weight: 900;\">Lyon<\/span><br \/>\n<span style=\"color: #000; font-size: 1.1em;\">1 Place Verrazzano<br \/>\nCS 30603<br \/>\n69258 Lyon - Cedex 9<\/span>[\/vc_column_text][\/vc_column_inner][vc_column_inner width=\"1\/4\"][vc_column_text]<span style=\"color: #000; font-size: 1.2em; font-weight: 900;\">Toulouse<\/span><br \/>\n<span style=\"color: #000; font-size: 1.1em;\">B\u00e2timent Delta Center<br \/>\n15 chemin de la Crabe<br \/>\n31300 Toulouse<\/span>[\/vc_column_text][\/vc_column_inner][\/vc_row_inner][\/vc_column][\/vc_row][vc_row css_animation=\"\" row_type=\"row\" use_row_as_full_screen_section=\"no\" type=\"grid\" angled_section=\"no\" text_align=\"left\" background_image_as_pattern=\"without_pattern\" z_index=\"\" padding_bottom=\"50\" css=\".vc_custom_1697804221509{background-color: #ffffff !important;}\" padding_top=\"50\"][vc_column][vc_row_inner row_type=\"row\" type=\"full_width\" text_align=\"left\" css_animation=\"\" background_color=\"#f9f9f9\" css=\".vc_custom_1697805747463{padding-top: 32px !important;padding-right: 32px !important;padding-bottom: 32px !important;padding-left: 32px !important;}\"][vc_column_inner][vc_column_text]<span style=\"font-size: 1.1em; color: #000000;\">Volete partecipare alla storia di Stormshield? Curioso, appassionato, rigoroso, vieni a liberare il tuo potenziale, a sviluppare le tue competenze e ad aiutarci a costruire l'azienda di domani!<\/span><\/p>\n<p>[\/vc_column_text][vc_empty_space]<a  itemprop=\"url\" href=\"https:\/\/www.stormshield.com\/it\/collabora-con-noi\/\" target=\"_blank\" data-hover-background-color=\"#d23467\" data-hover-border-color=\"#ffffff\" class=\"qbutton  white enlarge\" style=\"border-color: #ffffff; background-color:#060051;\">Collabora con noi<i class=\"qode_icon_font_awesome fa fa-angle-right qode_button_icon_element\"><\/i><\/a>[vc_empty_space][\/vc_column_inner][\/vc_row_inner][\/vc_column][\/vc_row]<\/p>\n<\/div>","protected":false},"excerpt":{"rendered":"<p>[vc_row css_animation=&#8221;&#8221; row_type=&#8221;row&#8221; use_row_as_full_screen_section=&#8221;no&#8221; type=&#8221;grid&#8221; angled_section=&#8221;no&#8221; text_align=&#8221;left&#8221; background_image_as_pattern=&#8221;without_pattern&#8221; z_index=&#8221;&#8221; padding_top=&#8221;50&#8243; padding_bottom=&#8221;50&#8243;][vc_column][vc_empty_space][vc_column_text] Uffici commerciali in Italia e all&#8217;estero, vicini alle vostre attivit\u00e0 [\/vc_column_text][vc_empty_space][\/vc_column][\/vc_row][vc_row css_animation=&#8221;&#8221; row_type=&#8221;row&#8221; use_row_as_full_screen_section=&#8221;no&#8221; type=&#8221;grid&#8221; angled_section=&#8221;no&#8221; text_align=&#8221;left&#8221; background_image_as_pattern=&#8221;without_pattern&#8221; z_index=&#8221;&#8221; padding_bottom=&#8221;50&#8243;][vc_column][vc_row_inner row_type=&#8221;row&#8221; type=&#8221;full_width&#8221; text_align=&#8221;left&#8221; css_animation=&#8221;&#8221;][vc_column_inner width=&#8221;2\/3&#8243;][vc_column_text] Uffici Stormshield in Italia Per discutere un progetto specifico&#8230;<\/p>\n","protected":false},"author":9,"featured_media":0,"parent":317339,"menu_order":128,"comment_status":"closed","ping_status":"closed","template":"full_width.php","meta":{"_acf_changed":false,"footnotes":""},"class_list":["post-317349","page","type-page","status-publish","hentry"],"acf":[],"yoast_head":"<!-- This site is optimized with the Yoast SEO plugin v27.0 - https:\/\/yoast.com\/product\/yoast-seo-wordpress\/ -->\n<title>I nostri uffici di vendita in tutto il mondo | Stormshield<\/title>\n<meta name=\"description\" content=\"Trovate le nostre sedi e i nostri uffici in tutto il mondo per contattare i nostri team, discutere il vostro progetto o programmare una riunione tecnica.\" \/>\n<meta name=\"robots\" content=\"index, follow, max-snippet:-1, max-image-preview:large, max-video-preview:-1\" \/>\n<link rel=\"canonical\" href=\"https:\/\/www.stormshield.com\/it\/chi-siamo\/uffici-commerciali\/\" \/>\n<meta property=\"og:locale\" content=\"it_IT\" \/>\n<meta property=\"og:type\" content=\"article\" \/>\n<meta property=\"og:title\" content=\"I nostri uffici di vendita in tutto il mondo | Stormshield\" \/>\n<meta property=\"og:description\" content=\"Trovate le nostre sedi e i nostri uffici in tutto il mondo per contattare i nostri team, discutere il vostro progetto o programmare una riunione tecnica.\" \/>\n<meta property=\"og:url\" content=\"https:\/\/www.stormshield.com\/it\/chi-siamo\/uffici-commerciali\/\" \/>\n<meta property=\"og:site_name\" content=\"Stormshield\" \/>\n<meta property=\"article:modified_time\" content=\"2024-01-05T14:15:58+00:00\" \/>\n<meta property=\"og:image\" content=\"https:\/\/www.stormshield.com\/wp-content\/uploads\/stormshield_logo.png\" \/>\n\t<meta property=\"og:image:width\" content=\"204\" \/>\n\t<meta property=\"og:image:height\" content=\"94\" \/>\n\t<meta property=\"og:image:type\" content=\"image\/png\" \/>\n<meta name=\"twitter:card\" content=\"summary_large_image\" \/>\n<meta name=\"twitter:site\" content=\"@Stormshield\" \/>\n<meta name=\"twitter:label1\" content=\"Tempo di lettura stimato\" \/>\n\t<meta name=\"twitter:data1\" content=\"2 minuti\" \/>\n<script type=\"application\/ld+json\" class=\"yoast-schema-graph\">{\"@context\":\"https:\/\/schema.org\",\"@graph\":[{\"@type\":\"WebPage\",\"@id\":\"https:\/\/www.stormshield.com\/it\/chi-siamo\/uffici-commerciali\/\",\"url\":\"https:\/\/www.stormshield.com\/it\/chi-siamo\/uffici-commerciali\/\",\"name\":\"I nostri uffici di vendita in tutto il mondo | Stormshield\",\"isPartOf\":{\"@id\":\"https:\/\/www.stormshield.com\/it\/#website\"},\"datePublished\":\"2017-07-27T10:54:57+00:00\",\"dateModified\":\"2024-01-05T14:15:58+00:00\",\"description\":\"Trovate le nostre sedi e i nostri uffici in tutto il mondo per contattare i nostri team, discutere il vostro progetto o programmare una riunione tecnica.\",\"breadcrumb\":{\"@id\":\"https:\/\/www.stormshield.com\/it\/chi-siamo\/uffici-commerciali\/#breadcrumb\"},\"inLanguage\":\"it-IT\",\"potentialAction\":[{\"@type\":\"ReadAction\",\"target\":[\"https:\/\/www.stormshield.com\/it\/chi-siamo\/uffici-commerciali\/\"]}]},{\"@type\":\"BreadcrumbList\",\"@id\":\"https:\/\/www.stormshield.com\/it\/chi-siamo\/uffici-commerciali\/#breadcrumb\",\"itemListElement\":[{\"@type\":\"ListItem\",\"position\":1,\"name\":\"Home\",\"item\":\"https:\/\/www.stormshield.com\/it\/\"},{\"@type\":\"ListItem\",\"position\":2,\"name\":\"Chi siamo?\",\"item\":\"https:\/\/www.stormshield.com\/it\/chi-siamo\/\"},{\"@type\":\"ListItem\",\"position\":3,\"name\":\"Uffici commerciali\"}]},{\"@type\":\"WebSite\",\"@id\":\"https:\/\/www.stormshield.com\/it\/#website\",\"url\":\"https:\/\/www.stormshield.com\/it\/\",\"name\":\"Stormshield\",\"description\":\"Stormshield\",\"potentialAction\":[{\"@type\":\"SearchAction\",\"target\":{\"@type\":\"EntryPoint\",\"urlTemplate\":\"https:\/\/www.stormshield.com\/it\/?s={search_term_string}\"},\"query-input\":{\"@type\":\"PropertyValueSpecification\",\"valueRequired\":true,\"valueName\":\"search_term_string\"}}],\"inLanguage\":\"it-IT\"}]}<\/script>\n<!-- \/ Yoast SEO plugin. -->","yoast_head_json":{"title":"I nostri uffici di vendita in tutto il mondo | Stormshield","description":"Trovate le nostre sedi e i nostri uffici in tutto il mondo per contattare i nostri team, discutere il vostro progetto o programmare una riunione tecnica.","robots":{"index":"index","follow":"follow","max-snippet":"max-snippet:-1","max-image-preview":"max-image-preview:large","max-video-preview":"max-video-preview:-1"},"canonical":"https:\/\/www.stormshield.com\/it\/chi-siamo\/uffici-commerciali\/","og_locale":"it_IT","og_type":"article","og_title":"I nostri uffici di vendita in tutto il mondo | Stormshield","og_description":"Trovate le nostre sedi e i nostri uffici in tutto il mondo per contattare i nostri team, discutere il vostro progetto o programmare una riunione tecnica.","og_url":"https:\/\/www.stormshield.com\/it\/chi-siamo\/uffici-commerciali\/","og_site_name":"Stormshield","article_modified_time":"2024-01-05T14:15:58+00:00","og_image":[{"width":204,"height":94,"url":"https:\/\/www.stormshield.com\/wp-content\/uploads\/stormshield_logo.png","type":"image\/png"}],"twitter_card":"summary_large_image","twitter_site":"@Stormshield","twitter_misc":{"Tempo di lettura stimato":"2 minuti"},"schema":{"@context":"https:\/\/schema.org","@graph":[{"@type":"WebPage","@id":"https:\/\/www.stormshield.com\/it\/chi-siamo\/uffici-commerciali\/","url":"https:\/\/www.stormshield.com\/it\/chi-siamo\/uffici-commerciali\/","name":"I nostri uffici di vendita in tutto il mondo | Stormshield","isPartOf":{"@id":"https:\/\/www.stormshield.com\/it\/#website"},"datePublished":"2017-07-27T10:54:57+00:00","dateModified":"2024-01-05T14:15:58+00:00","description":"Trovate le nostre sedi e i nostri uffici in tutto il mondo per contattare i nostri team, discutere il vostro progetto o programmare una riunione tecnica.","breadcrumb":{"@id":"https:\/\/www.stormshield.com\/it\/chi-siamo\/uffici-commerciali\/#breadcrumb"},"inLanguage":"it-IT","potentialAction":[{"@type":"ReadAction","target":["https:\/\/www.stormshield.com\/it\/chi-siamo\/uffici-commerciali\/"]}]},{"@type":"BreadcrumbList","@id":"https:\/\/www.stormshield.com\/it\/chi-siamo\/uffici-commerciali\/#breadcrumb","itemListElement":[{"@type":"ListItem","position":1,"name":"Home","item":"https:\/\/www.stormshield.com\/it\/"},{"@type":"ListItem","position":2,"name":"Chi siamo?","item":"https:\/\/www.stormshield.com\/it\/chi-siamo\/"},{"@type":"ListItem","position":3,"name":"Uffici commerciali"}]},{"@type":"WebSite","@id":"https:\/\/www.stormshield.com\/it\/#website","url":"https:\/\/www.stormshield.com\/it\/","name":"Stormshield","description":"Stormshield","potentialAction":[{"@type":"SearchAction","target":{"@type":"EntryPoint","urlTemplate":"https:\/\/www.stormshield.com\/it\/?s={search_term_string}"},"query-input":{"@type":"PropertyValueSpecification","valueRequired":true,"valueName":"search_term_string"}}],"inLanguage":"it-IT"}]}},"_links":{"self":[{"href":"https:\/\/www.stormshield.com\/it\/wp-json\/wp\/v2\/pages\/317349","targetHints":{"allow":["GET"]}}],"collection":[{"href":"https:\/\/www.stormshield.com\/it\/wp-json\/wp\/v2\/pages"}],"about":[{"href":"https:\/\/www.stormshield.com\/it\/wp-json\/wp\/v2\/types\/page"}],"author":[{"embeddable":true,"href":"https:\/\/www.stormshield.com\/it\/wp-json\/wp\/v2\/users\/9"}],"replies":[{"embeddable":true,"href":"https:\/\/www.stormshield.com\/it\/wp-json\/wp\/v2\/comments?post=317349"}],"version-history":[{"count":10,"href":"https:\/\/www.stormshield.com\/it\/wp-json\/wp\/v2\/pages\/317349\/revisions"}],"predecessor-version":[{"id":484367,"href":"https:\/\/www.stormshield.com\/it\/wp-json\/wp\/v2\/pages\/317349\/revisions\/484367"}],"up":[{"embeddable":true,"href":"https:\/\/www.stormshield.com\/it\/wp-json\/wp\/v2\/pages\/317339"}],"wp:attachment":[{"href":"https:\/\/www.stormshield.com\/it\/wp-json\/wp\/v2\/media?parent=317349"}],"curies":[{"name":"wp","href":"https:\/\/api.w.org\/{rel}","templated":true}]}}