{"id":317334,"date":"2021-10-05T09:06:21","date_gmt":"2021-10-05T08:06:21","guid":{"rendered":"https:\/\/www.stormshield.com\/choix-solution-cybersecurite-europe\/"},"modified":"2025-05-19T10:42:22","modified_gmt":"2025-05-19T09:42:22","slug":"la-scelta-europea-della-sicurezza-informatica","status":"publish","type":"page","link":"https:\/\/www.stormshield.com\/it\/chi-siamo\/la-scelta-europea-della-sicurezza-informatica\/","title":{"rendered":"La scelta europea della sicurezza informatica"},"content":{"rendered":"<div class=\"wpb-content-wrapper\"><p>[vc_row css_animation=\"\" row_type=\"row\" use_row_as_full_screen_section=\"no\" type=\"grid\" angled_section=\"no\" text_align=\"left\" background_image_as_pattern=\"without_pattern\" z_index=\"\" padding_top=\"50\" padding_bottom=\"50\"][vc_column][vc_empty_space][vc_column_text]<\/p>\n<h1 style=\"text-align: center;\"><span style=\"color: #00aaf5;\"><span style=\"font-weight: 300; font-size: 1.5em;\">Informazioni su Stormshield: <\/span><strong><span style=\"font-size: 1.5em;\">la scelta europea per la sicurezza informatica<\/span><\/strong><\/span><\/h1>\n<p>[\/vc_column_text][vc_empty_space][\/vc_column][\/vc_row][vc_row css_animation=\"\" row_type=\"row\" use_row_as_full_screen_section=\"no\" type=\"grid\" angled_section=\"no\" text_align=\"left\" background_image_as_pattern=\"without_pattern\" z_index=\"\" padding_bottom=\"50\"][vc_column width=\"1\/2\"][vc_column_text css=\"\"]<span style=\"color: #000; font-size: 1.1em;\">Un attore chiave nella sicurezza informatica, <strong>Stormshield offre alle aziende di tutto il mondo un\u2019alternativa europea affidabile per la protezione delle infrastrutture critiche, dei dati sensibili e degli ambienti operativi.<\/strong> E in un contesto geopolitico sempre pi\u00f9 complesso, che coinvolge Stati e grandi attori digitali, Stormshield \u00e8 impegnata in un ambizioso progetto strategico: diventare la prima scelta europea in materia di sicurezza informatica.<\/span><\/p>\n<p><span style=\"color: #000; font-size: 1.1em;\">Come societ\u00e0 interamente controllata da <strong>Airbus Defence and Space Cyber Programmes<\/strong>, Stormshield \u00e8 parte integrante di una delle industrie europee di maggior successo. Una garanzia di credibilit\u00e0 e solidit\u00e0 per il futuro dell'azienda.<\/span>[\/vc_column_text][vc_empty_space]<a  itemprop=\"url\" href=\"https:\/\/www.stormshield.com\/it\/ressourcescenter\/stormshield-corporate-brochure\/\" target=\"_blank\" data-hover-background-color=\"#d23467\" data-hover-border-color=\"#ffffff\" class=\"qbutton  white enlarge\" style=\"border-color: #ffffff; background-color:#060051;\">Scarica la brochure Stormshield<i class=\"qode_icon_font_awesome fa fa-download qode_button_icon_element\"><\/i><\/a>[vc_empty_space][\/vc_column][vc_column width=\"1\/2\"][vc_video link=\"https:\/\/www.youtube.com\/watch?v=302D2d1Eg84\" align=\"center\"][\/vc_column][\/vc_row][vc_row css_animation=\"\" row_type=\"row\" use_row_as_full_screen_section=\"no\" type=\"grid\" angled_section=\"no\" text_align=\"left\" background_image_as_pattern=\"without_pattern\" z_index=\"\" padding_bottom=\"50\" css=\".vc_custom_1697804221509{background-color: #ffffff !important;}\" padding_top=\"50\"][vc_column][vc_row_inner row_type=\"row\" type=\"full_width\" text_align=\"left\" css_animation=\"\" background_color=\"#f9f9f9\" css=\".vc_custom_1697805785032{padding-top: 32px !important;padding-right: 32px !important;padding-bottom: 32px !important;padding-left: 32px !important;}\"][vc_column_inner][vc_column_text]<\/p>\n<h2><span style=\"color: #000; font-size: 1.2em; font-weight: 900;\">Soluzioni di sicurezza affidabili<\/span><\/h2>\n<p><span style=\"color: #000; font-size: 1.1em;\">Man mano che la nostra societ\u00e0 diventa pi\u00f9 digitale e le tensioni internazionali aumentano, le considerazioni geopolitiche diventano criteri di scelta dei fornitori e dei prodotti che progettano. L'Europa ha quindi un ruolo chiave nel fornire soluzioni di sicurezza informatica affidabili e sicure che riflettano i suoi valori. <strong>Per contribuire a questa cybersicurezza \"<em>made in EU<\/em>\", Stormshield \u00e8 da molti anni un'alternativa europea affidabile.<\/strong><\/span><\/p>\n<p><span style=\"color: #000; font-size: 1.1em;\">Poich\u00e9 la fiducia si basa principalmente sulla tecnologia, abbiamo posto l'integrit\u00e0 e la qualit\u00e0 dei nostri prodotti al centro della nostra missione e <strong>ci siamo impegnati in un processo continuo di certificazione e qualificazione con le agenzie nazionali europee per la sicurezza informatica.<\/strong> Questo include un audit indipendente del nostro codice sorgente e degli ambienti di sviluppo, la chiave per una vera trasparenza. Questo concetto \u00e8 al centro dell'approccio europeo di Stormshield. Infatti, i nostri prodotti sono regolarmente certificati e qualificati in Francia dall'ANSSI (<em>Agence nationale de la s\u00e9curit\u00e9 des syst\u00e8mes d'information<\/em>) ma anche in Spagna dal CCN (<em>Centro Criptol\u00f3gico Nacional<\/em>). Per questo motivo, i prodotti Stormshield si rivolgono alle organizzazioni che gestiscono infrastrutture critiche e sensibili, nonch\u00e9 a tutti gli attori economici preoccupati dell'integrit\u00e0 delle soluzioni che utilizzano.<\/span><\/p>\n<p><span style=\"color: #000; font-size: 1.1em;\">La nostra strategia verso una cybersicurezza europea affidabile si basa sull'inclusione dei nostri prodotti nel futuro schema di certificazione europeo definito dall'ENISA e dal Cybersecurity Act. Anche altre importanti normative, come il Cyber Resilience Act e la Direttiva NIS2, stanno rafforzando i requisiti di fiducia attesi nelle soluzioni che consentiranno alle nostre aziende e amministrazioni di aumentare il loro livello di sicurezza informatica. <strong>Questi sviluppi rappresentano un'opportunit\u00e0 per estendere ad altri Paesi la legittimit\u00e0 acquisita inizialmente in Francia e poi progressivamente in altri Paesi europei.<\/strong><\/span>[\/vc_column_text][vc_empty_space]<a  itemprop=\"url\" href=\"https:\/\/www.stormshield.com\/it\/prodotti-e-soluzioni\/\" target=\"_blank\" data-hover-background-color=\"#d23467\" data-hover-border-color=\"#ffffff\" class=\"qbutton  white enlarge\" style=\"border-color: #ffffff; background-color:#060051;\">Prodotti &amp; Soluzioni<i class=\"qode_icon_font_awesome fa fa-angle-right qode_button_icon_element\"><\/i><\/a>[vc_empty_space][\/vc_column_inner][\/vc_row_inner][\/vc_column][\/vc_row][vc_row css_animation=\"\" row_type=\"row\" use_row_as_full_screen_section=\"no\" type=\"grid\" angled_section=\"no\" text_align=\"left\" background_image_as_pattern=\"without_pattern\" z_index=\"\" padding_bottom=\"50\" padding_top=\"50\"][vc_column][vc_row_inner row_type=\"row\" type=\"full_width\" text_align=\"left\" css_animation=\"\"][vc_column_inner width=\"1\/5\"][\/vc_column_inner][vc_column_inner width=\"1\/5\"][vc_single_image image=\"255519\" alignment=\"center\" onclick=\"custom_link\" img_link_target=\"_blank\" css=\"\" qode_css_animation=\"\" qode_hover_animation=\"zoom_in\" link=\"https:\/\/www.stormshield.com\/it\/prodotti-e-soluzioni\/prodotti\/protezione-della-rete-aziendale\/\"][vc_column_text]<\/p>\n<p style=\"text-align: center;\"><span style=\"color: #000; font-size: 1.1em;\">Protezione delle reti con Stormshield Network Security<\/span><\/p>\n<p>[\/vc_column_text][\/vc_column_inner][vc_column_inner width=\"1\/5\"][vc_single_image image=\"255579\" alignment=\"center\" onclick=\"custom_link\" img_link_target=\"_blank\" css=\"\" qode_css_animation=\"\" qode_hover_animation=\"zoom_in\" link=\"https:\/\/www.stormshield.com\/it\/prodotti-e-soluzioni\/prodotti\/protezione-delle-postazioni-e-dei-server\/\"][vc_column_text]<\/p>\n<p style=\"text-align: center;\"><span style=\"color: #000; font-size: 1.1em;\">Protezione delle postazioni di lavoro con Stormshield Endpoint Security<\/span><\/p>\n<p>[\/vc_column_text][\/vc_column_inner][vc_column_inner width=\"1\/5\"][vc_single_image image=\"255575\" alignment=\"center\" onclick=\"custom_link\" img_link_target=\"_blank\" css=\"\" qode_css_animation=\"\" qode_hover_animation=\"zoom_in\" link=\"https:\/\/www.stormshield.com\/it\/prodotti-e-soluzioni\/prodotti\/crittografia-dei-dati\/\"][vc_column_text]<\/p>\n<p style=\"text-align: center;\"><span style=\"color: #000; font-size: 1.1em;\">Protezione dei dati con Stormshield Data Security<\/span><\/p>\n<p>[\/vc_column_text][\/vc_column_inner][vc_column_inner width=\"1\/5\"][\/vc_column_inner][\/vc_row_inner][\/vc_column][\/vc_row][vc_row css_animation=\"\" row_type=\"row\" use_row_as_full_screen_section=\"no\" type=\"grid\" angled_section=\"no\" text_align=\"left\" background_image_as_pattern=\"without_pattern\" z_index=\"\" padding_bottom=\"50\" css=\".vc_custom_1697804221509{background-color: #ffffff !important;}\" padding_top=\"50\"][vc_column][vc_row_inner row_type=\"row\" type=\"full_width\" text_align=\"left\" css_animation=\"\" background_color=\"#f9f9f9\" css=\".vc_custom_1697805785032{padding-top: 32px !important;padding-right: 32px !important;padding-bottom: 32px !important;padding-left: 32px !important;}\"][vc_column_inner width=\"2\/3\"][vc_column_text]<\/p>\n<h2><span style=\"color: #000; font-size: 1.2em; font-weight: 900;\">Cybersecurity delle infrastrutture industriali e dei sistemi informativi<\/span><\/h2>\n<p><span style=\"color: #000; font-size: 1.1em;\">In qualit\u00e0 di specialisti degli ambienti OT e critici, <strong>offriamo ai nostri clienti una leadership tecnologica nel mercato della sicurezza informatica industriale.<\/strong> Il supporto esclusivo di protocolli industriali standardizzati (BACNet Ip, CIP, IEC 60870, IEC 61850, IEC 62443, ecc.) o proprietari, cos\u00ec come la capacit\u00e0 di analizzare questi protocolli in modo approfondito, sono autentici punti di forza per garantire una sicurezza ottimale.<\/span><\/p>\n<p><span style=\"color: #000; font-size: 1.1em;\"><strong>Siete particolarmente attenti alle esigenze informatiche del settore industriale?<\/strong> Scoprite il nostro approccio alla sicurezza informatica industriale.<\/span>[\/vc_column_text][vc_empty_space]<a  itemprop=\"url\" href=\"https:\/\/www.stormshield.com\/it\/prodotti-e-soluzioni\/prodotti\/protezione-industriale\/\" target=\"_blank\" data-hover-background-color=\"#d23467\" data-hover-border-color=\"#ffffff\" class=\"qbutton  white enlarge\" style=\"border-color: #ffffff; background-color:#060051;\">Cybersicurezza industriale<i class=\"qode_icon_font_awesome fa fa-angle-right qode_button_icon_element\"><\/i><\/a>[vc_empty_space][\/vc_column_inner][vc_column_inner width=\"1\/3\"][vc_empty_space][vc_single_image image=\"195496\" img_size=\"large\" alignment=\"center\" onclick=\"custom_link\" img_link_target=\"_blank\" css=\"\" qode_css_animation=\"\" qode_hover_animation=\"zoom_in\" link=\"https:\/\/www.stormshield.com\/it\/prodotti-e-soluzioni\/prodotti\/protezione-industriale\/gamma-ot\/\"][\/vc_column_inner][\/vc_row_inner][\/vc_column][\/vc_row][vc_row css_animation=\"\" row_type=\"row\" use_row_as_full_screen_section=\"no\" type=\"grid\" angled_section=\"no\" text_align=\"left\" background_image_as_pattern=\"without_pattern\" z_index=\"\" padding_bottom=\"50\" padding_top=\"50\"][vc_column width=\"1\/2\"][vc_column_text]<\/p>\n<h2><span style=\"color: #000; font-size: 1.2em; font-weight: 900;\">Il fattore humano<\/span><\/h2>\n<p><span style=\"color: #000; font-size: 1.1em;\">La protezione dei dati o delle reti aziendali non \u00e8 solo una questione di tecnologia. Accanto alle questioni tecniche, entra in gioco anche il fattore umano. Per noi di Stormshield, la capacit\u00e0 di assistere, consigliare e adattare i nostri prodotti o servizi alle esigenze dei nostri clienti rappresenta una sfida quotidiana. Il fulcro di questa strategia risiede nel motto \u201creattivit\u00e0, vicinanza e agilit\u00e0\u201d.<\/span><\/p>\n<p><span style=\"color: #000; font-size: 1.1em;\"><strong>Condividete i nostri valori aziendali?<\/strong> Ritenete interessante il nostro posizionamento esclusivo sul mercato europeo? Scoprite le nostre opportunit\u00e0 di carriera.<\/span>[\/vc_column_text][vc_empty_space]<a  itemprop=\"url\" href=\"https:\/\/www.stormshield.com\/it\/collabora-con-noi\/\" target=\"_blank\" data-hover-background-color=\"#d23467\" data-hover-border-color=\"#ffffff\" class=\"qbutton  white enlarge\" style=\"border-color: #ffffff; background-color:#060051;\">Reclutamento<i class=\"qode_icon_font_awesome fa fa-angle-right qode_button_icon_element\"><\/i><\/a>[vc_empty_space][\/vc_column][vc_column width=\"1\/2\"][vc_empty_space][vc_single_image image=\"536582\" img_size=\"large\" alignment=\"center\" onclick=\"custom_link\" img_link_target=\"_blank\" css=\"\" qode_css_animation=\"\" qode_hover_animation=\"zoom_in\" link=\"https:\/\/www.stormshield.com\/it\/collabora-con-noi\/\"][\/vc_column][\/vc_row][vc_row css_animation=\"\" row_type=\"row\" use_row_as_full_screen_section=\"no\" type=\"grid\" angled_section=\"no\" text_align=\"left\" background_image_as_pattern=\"without_pattern\" z_index=\"\" padding_bottom=\"75\" padding_top=\"75\"][vc_column][vc_row_inner row_type=\"row\" type=\"full_width\" text_align=\"left\" css_animation=\"\" background_color=\"#f9f9f9\" css=\".vc_custom_1703235930482{padding-top: 32px !important;padding-right: 32px !important;padding-bottom: 32px !important;padding-left: 32px !important;background-color: #060051 !important;}\"][vc_column_inner][vc_column_text]<span style=\"color: #ffffff; font-size: 1.1em;\">Oltre a costruire un mondo digitale pi\u00f9 sicuro, <strong>ci impegniamo per un'economia pi\u00f9 responsabile e rispettosa dell'ambiente, e per questo abbiamo posto al centro del nostro sviluppo le grandi sfide della CSR (<em>Corporate Social Responsibility<\/em>).<\/strong> Queste sfide includono la formazione e l'occupazione dei giovani, il posto delle donne nel mondo degli affari e nel settore della cybersecurity, il benessere dei nostri dipendenti e la condivisione del valore, nonch\u00e9 la riduzione della nostra impronta di carbonio. Stiamo sviluppando queste aree attraverso un programma di azioni e di etichettatura che riguarda tutti i nostri dipendenti e gli attori del nostro ecosistema (clienti, fornitori, partner).<\/span>[\/vc_column_text][vc_empty_space][\/vc_column_inner][\/vc_row_inner][\/vc_column][\/vc_row][vc_row css_animation=\"\" row_type=\"row\" use_row_as_full_screen_section=\"no\" type=\"full_width\" angled_section=\"no\" text_align=\"left\" background_image_as_pattern=\"without_pattern\"][vc_column][vc_empty_space][\/vc_column][\/vc_row]<\/p>\n<\/div>","protected":false},"excerpt":{"rendered":"<p>[vc_row css_animation=&#8221;&#8221; row_type=&#8221;row&#8221; use_row_as_full_screen_section=&#8221;no&#8221; type=&#8221;grid&#8221; angled_section=&#8221;no&#8221; text_align=&#8221;left&#8221; background_image_as_pattern=&#8221;without_pattern&#8221; z_index=&#8221;&#8221; padding_top=&#8221;50&#8243; padding_bottom=&#8221;50&#8243;][vc_column][vc_empty_space][vc_column_text] Informazioni su Stormshield: la scelta europea per la sicurezza informatica [\/vc_column_text][vc_empty_space][\/vc_column][\/vc_row][vc_row css_animation=&#8221;&#8221; row_type=&#8221;row&#8221; use_row_as_full_screen_section=&#8221;no&#8221; type=&#8221;grid&#8221; angled_section=&#8221;no&#8221; text_align=&#8221;left&#8221; background_image_as_pattern=&#8221;without_pattern&#8221; z_index=&#8221;&#8221; padding_bottom=&#8221;50&#8243;][vc_column width=&#8221;1\/2&#8243;][vc_column_text css=&#8221;&#8221;]Un attore chiave nella sicurezza informatica, Stormshield offre alle aziende di tutto il&#8230;<\/p>\n","protected":false},"author":31,"featured_media":0,"parent":317339,"menu_order":84,"comment_status":"closed","ping_status":"closed","template":"full_width.php","meta":{"_acf_changed":false,"footnotes":""},"class_list":["post-317334","page","type-page","status-publish","hentry"],"acf":[],"yoast_head":"<!-- This site is optimized with the Yoast SEO plugin v27.0 - https:\/\/yoast.com\/product\/yoast-seo-wordpress\/ -->\n<title>La scelta europea della sicurezza informatica | Stormshield<\/title>\n<meta name=\"description\" content=\"Stormshield offre un&#039;alternativa europea affidabile per proteggere le infrastrutture critiche e i dati sensibili.\" \/>\n<meta name=\"robots\" content=\"index, follow, max-snippet:-1, max-image-preview:large, max-video-preview:-1\" \/>\n<link rel=\"canonical\" href=\"https:\/\/www.stormshield.com\/it\/chi-siamo\/la-scelta-europea-della-sicurezza-informatica\/\" \/>\n<meta property=\"og:locale\" content=\"it_IT\" \/>\n<meta property=\"og:type\" content=\"article\" \/>\n<meta property=\"og:title\" content=\"La scelta europea della sicurezza informatica | Stormshield\" \/>\n<meta property=\"og:description\" content=\"Stormshield offre un&#039;alternativa europea affidabile per proteggere le infrastrutture critiche e i dati sensibili.\" \/>\n<meta property=\"og:url\" content=\"https:\/\/www.stormshield.com\/it\/chi-siamo\/la-scelta-europea-della-sicurezza-informatica\/\" \/>\n<meta property=\"og:site_name\" content=\"Stormshield\" \/>\n<meta property=\"article:modified_time\" content=\"2025-05-19T09:42:22+00:00\" \/>\n<meta property=\"og:image\" content=\"https:\/\/www.stormshield.com\/wp-content\/uploads\/stormshield_logo.png\" \/>\n\t<meta property=\"og:image:width\" content=\"204\" \/>\n\t<meta property=\"og:image:height\" content=\"94\" \/>\n\t<meta property=\"og:image:type\" content=\"image\/png\" \/>\n<meta name=\"twitter:card\" content=\"summary_large_image\" \/>\n<meta name=\"twitter:site\" content=\"@Stormshield\" \/>\n<meta name=\"twitter:label1\" content=\"Tempo di lettura stimato\" \/>\n\t<meta name=\"twitter:data1\" content=\"6 minuti\" \/>\n<script type=\"application\/ld+json\" class=\"yoast-schema-graph\">{\"@context\":\"https:\/\/schema.org\",\"@graph\":[{\"@type\":\"WebPage\",\"@id\":\"https:\/\/www.stormshield.com\/it\/chi-siamo\/la-scelta-europea-della-sicurezza-informatica\/\",\"url\":\"https:\/\/www.stormshield.com\/it\/chi-siamo\/la-scelta-europea-della-sicurezza-informatica\/\",\"name\":\"La scelta europea della sicurezza informatica | Stormshield\",\"isPartOf\":{\"@id\":\"https:\/\/www.stormshield.com\/it\/#website\"},\"datePublished\":\"2021-10-05T08:06:21+00:00\",\"dateModified\":\"2025-05-19T09:42:22+00:00\",\"description\":\"Stormshield offre un'alternativa europea affidabile per proteggere le infrastrutture critiche e i dati sensibili.\",\"breadcrumb\":{\"@id\":\"https:\/\/www.stormshield.com\/it\/chi-siamo\/la-scelta-europea-della-sicurezza-informatica\/#breadcrumb\"},\"inLanguage\":\"it-IT\",\"potentialAction\":[{\"@type\":\"ReadAction\",\"target\":[\"https:\/\/www.stormshield.com\/it\/chi-siamo\/la-scelta-europea-della-sicurezza-informatica\/\"]}]},{\"@type\":\"BreadcrumbList\",\"@id\":\"https:\/\/www.stormshield.com\/it\/chi-siamo\/la-scelta-europea-della-sicurezza-informatica\/#breadcrumb\",\"itemListElement\":[{\"@type\":\"ListItem\",\"position\":1,\"name\":\"Home\",\"item\":\"https:\/\/www.stormshield.com\/it\/\"},{\"@type\":\"ListItem\",\"position\":2,\"name\":\"Chi siamo?\",\"item\":\"https:\/\/www.stormshield.com\/it\/chi-siamo\/\"},{\"@type\":\"ListItem\",\"position\":3,\"name\":\"La scelta europea della sicurezza informatica\"}]},{\"@type\":\"WebSite\",\"@id\":\"https:\/\/www.stormshield.com\/it\/#website\",\"url\":\"https:\/\/www.stormshield.com\/it\/\",\"name\":\"Stormshield\",\"description\":\"Stormshield\",\"potentialAction\":[{\"@type\":\"SearchAction\",\"target\":{\"@type\":\"EntryPoint\",\"urlTemplate\":\"https:\/\/www.stormshield.com\/it\/?s={search_term_string}\"},\"query-input\":{\"@type\":\"PropertyValueSpecification\",\"valueRequired\":true,\"valueName\":\"search_term_string\"}}],\"inLanguage\":\"it-IT\"}]}<\/script>\n<!-- \/ Yoast SEO plugin. -->","yoast_head_json":{"title":"La scelta europea della sicurezza informatica | Stormshield","description":"Stormshield offre un'alternativa europea affidabile per proteggere le infrastrutture critiche e i dati sensibili.","robots":{"index":"index","follow":"follow","max-snippet":"max-snippet:-1","max-image-preview":"max-image-preview:large","max-video-preview":"max-video-preview:-1"},"canonical":"https:\/\/www.stormshield.com\/it\/chi-siamo\/la-scelta-europea-della-sicurezza-informatica\/","og_locale":"it_IT","og_type":"article","og_title":"La scelta europea della sicurezza informatica | Stormshield","og_description":"Stormshield offre un'alternativa europea affidabile per proteggere le infrastrutture critiche e i dati sensibili.","og_url":"https:\/\/www.stormshield.com\/it\/chi-siamo\/la-scelta-europea-della-sicurezza-informatica\/","og_site_name":"Stormshield","article_modified_time":"2025-05-19T09:42:22+00:00","og_image":[{"width":204,"height":94,"url":"https:\/\/www.stormshield.com\/wp-content\/uploads\/stormshield_logo.png","type":"image\/png"}],"twitter_card":"summary_large_image","twitter_site":"@Stormshield","twitter_misc":{"Tempo di lettura stimato":"6 minuti"},"schema":{"@context":"https:\/\/schema.org","@graph":[{"@type":"WebPage","@id":"https:\/\/www.stormshield.com\/it\/chi-siamo\/la-scelta-europea-della-sicurezza-informatica\/","url":"https:\/\/www.stormshield.com\/it\/chi-siamo\/la-scelta-europea-della-sicurezza-informatica\/","name":"La scelta europea della sicurezza informatica | Stormshield","isPartOf":{"@id":"https:\/\/www.stormshield.com\/it\/#website"},"datePublished":"2021-10-05T08:06:21+00:00","dateModified":"2025-05-19T09:42:22+00:00","description":"Stormshield offre un'alternativa europea affidabile per proteggere le infrastrutture critiche e i dati sensibili.","breadcrumb":{"@id":"https:\/\/www.stormshield.com\/it\/chi-siamo\/la-scelta-europea-della-sicurezza-informatica\/#breadcrumb"},"inLanguage":"it-IT","potentialAction":[{"@type":"ReadAction","target":["https:\/\/www.stormshield.com\/it\/chi-siamo\/la-scelta-europea-della-sicurezza-informatica\/"]}]},{"@type":"BreadcrumbList","@id":"https:\/\/www.stormshield.com\/it\/chi-siamo\/la-scelta-europea-della-sicurezza-informatica\/#breadcrumb","itemListElement":[{"@type":"ListItem","position":1,"name":"Home","item":"https:\/\/www.stormshield.com\/it\/"},{"@type":"ListItem","position":2,"name":"Chi siamo?","item":"https:\/\/www.stormshield.com\/it\/chi-siamo\/"},{"@type":"ListItem","position":3,"name":"La scelta europea della sicurezza informatica"}]},{"@type":"WebSite","@id":"https:\/\/www.stormshield.com\/it\/#website","url":"https:\/\/www.stormshield.com\/it\/","name":"Stormshield","description":"Stormshield","potentialAction":[{"@type":"SearchAction","target":{"@type":"EntryPoint","urlTemplate":"https:\/\/www.stormshield.com\/it\/?s={search_term_string}"},"query-input":{"@type":"PropertyValueSpecification","valueRequired":true,"valueName":"search_term_string"}}],"inLanguage":"it-IT"}]}},"_links":{"self":[{"href":"https:\/\/www.stormshield.com\/it\/wp-json\/wp\/v2\/pages\/317334","targetHints":{"allow":["GET"]}}],"collection":[{"href":"https:\/\/www.stormshield.com\/it\/wp-json\/wp\/v2\/pages"}],"about":[{"href":"https:\/\/www.stormshield.com\/it\/wp-json\/wp\/v2\/types\/page"}],"author":[{"embeddable":true,"href":"https:\/\/www.stormshield.com\/it\/wp-json\/wp\/v2\/users\/31"}],"replies":[{"embeddable":true,"href":"https:\/\/www.stormshield.com\/it\/wp-json\/wp\/v2\/comments?post=317334"}],"version-history":[{"count":16,"href":"https:\/\/www.stormshield.com\/it\/wp-json\/wp\/v2\/pages\/317334\/revisions"}],"predecessor-version":[{"id":638514,"href":"https:\/\/www.stormshield.com\/it\/wp-json\/wp\/v2\/pages\/317334\/revisions\/638514"}],"up":[{"embeddable":true,"href":"https:\/\/www.stormshield.com\/it\/wp-json\/wp\/v2\/pages\/317339"}],"wp:attachment":[{"href":"https:\/\/www.stormshield.com\/it\/wp-json\/wp\/v2\/media?parent=317334"}],"curies":[{"name":"wp","href":"https:\/\/api.w.org\/{rel}","templated":true}]}}