{"id":317303,"date":"2020-08-21T09:38:19","date_gmt":"2020-08-21T08:38:19","guid":{"rendered":"https:\/\/www.stormshield.com\/il-nostro-supporto\/servizi\/formazione\/formation-industrielle\/"},"modified":"2025-09-03T16:02:47","modified_gmt":"2025-09-03T15:02:47","slug":"informazioni-di-settore","status":"publish","type":"page","link":"https:\/\/www.stormshield.com\/it\/il-nostro-supporto\/servizi\/formazione\/informazioni-di-settore\/","title":{"rendered":"Formazione OT"},"content":{"rendered":"<div class=\"wpb-content-wrapper\"><p>[vc_row css_animation=\"\" row_type=\"row\" use_row_as_full_screen_section=\"no\" type=\"grid\" angled_section=\"no\" text_align=\"left\" background_image_as_pattern=\"without_pattern\" z_index=\"\" padding_top=\"50\" padding_bottom=\"50\"][vc_column][vc_empty_space][vc_column_text]<\/p>\n<h1 style=\"text-align: center;\"><span style=\"color: #00aaf5;\"><span style=\"font-weight: 900; font-size: 1.5em;\">Corsi di formazione OT: <\/span><\/span><span style=\"color: #00aaf5;\"><span style=\"font-weight: 300; font-size: 1.5em;\">sicurezza di rete negli ambienti operativi<\/span><\/span><\/h1>\n<p>[\/vc_column_text][vc_empty_space][\/vc_column][\/vc_row][vc_row css_animation=\"\" row_type=\"row\" use_row_as_full_screen_section=\"no\" type=\"grid\" angled_section=\"no\" text_align=\"left\" background_image_as_pattern=\"without_pattern\" z_index=\"\"][vc_column width=\"2\/3\"][vc_column_text css=\"\"]<span style=\"color: #000; font-size: 1.1em;\"><strong>Scoprite come integrare e configurare i nostri prodotti all\u2019interno di architetture operative e industriali.<\/strong> I corsi di formazione Stormshield per la protezione delle reti sono studiati su misura per soddisfare le vostre esigenze operative e sono costantemente aggiornati per rispondere alle peculiarit\u00e0 del settore industriale. Diventate esperti nell\u2019integrazione e nella configurazione dei prodotti Stormshield Network all\u2019interno delle architetture operative (FCSNOT) e imparate a implementare regole di sicurezza specifiche per i protocolli industriali (CSNOT).<\/span>[\/vc_column_text][\/vc_column][vc_column width=\"1\/3\"][vc_single_image image=\"456836\" img_size=\"medium\" alignment=\"center\" qode_css_animation=\"\"][\/vc_column][\/vc_row][vc_row css_animation=\"\" row_type=\"row\" use_row_as_full_screen_section=\"no\" type=\"grid\" angled_section=\"no\" text_align=\"left\" background_image_as_pattern=\"without_pattern\" z_index=\"\" padding_bottom=\"50\" css=\".vc_custom_1699974777591{background-color: #ffffff !important;}\" padding_top=\"50\"][vc_column][vc_row_inner row_type=\"row\" type=\"full_width\" text_align=\"left\" css_animation=\"\" background_color=\"#f9f9f9\" css=\".vc_custom_1699973877944{padding-top: 32px !important;padding-right: 32px !important;padding-bottom: 32px !important;padding-left: 32px !important;}\"][vc_column_inner width=\"1\/2\"][vc_column_text css=\"\"]<\/p>\n<h2 style=\"text-align: left;\"><span style=\"color: #000; font-size: 1.2em; font-weight: 900;\">Corso di formazione FCSNOT: come diventare esperti di protezione della rete<\/span><\/h2>\n<p><span style=\"color: #000; font-size: 1.1em;\">Con il nostro corso di formazione Fundamentals &amp; Certified Stormshield Network Operationnal Technology (FCSNOT), apprenderete in soli due giorni come implementare la gamma e le funzionalit\u00e0 principali di Stormshield Network Security in ambienti operativi. Questo corso di formazione non viene offerto da solo, ma deve essere seguito dal corso CSNOT.<\/span>[\/vc_column_text][vc_empty_space]<a  itemprop=\"url\" href=\"https:\/\/www.stormshield.com\/it\/ressourcescenter\/scheda-riassuntiva-fcsnot-formazione\/\" target=\"_blank\" data-hover-background-color=\"#d23467\" data-hover-border-color=\"#ffffff\" class=\"qbutton  white enlarge\" style=\"border-color: #ffffff; background-color:#060051;\">FCSNOT<i class=\"qode_icon_font_awesome fa fa-angle-right qode_button_icon_element\"><\/i><\/a>[\/vc_column_inner][vc_column_inner width=\"1\/2\"][vc_column_text]<\/p>\n<h2 style=\"text-align: left;\"><span style=\"color: #000; font-size: 1.2em; font-weight: 900;\">Corso di formazione CSNOT: per diventare esperti di reti OT<\/span><\/h2>\n<p><span style=\"color: #000; font-size: 1.1em;\">Volete imparare a proteggere i flussi industriali con i nostri prodotti? Se la risposta \u00e8 s\u00ec, il nostro corso CSNOT (Certified Stormshield Network Operational Technology) \u00e8 quello che fa per voi. Il corso si svolge in un\u2019unica giornata e richiede la certificazione CSNA o il conseguimento del corso di formazione FSNOT.<\/span>[\/vc_column_text][vc_empty_space]<a  itemprop=\"url\" href=\"https:\/\/www.stormshield.com\/it\/ressourcescenter\/scheda-riassuntiva-csnot-formazione\/\" target=\"_blank\" data-hover-background-color=\"#d23467\" data-hover-border-color=\"#ffffff\" class=\"qbutton  white enlarge\" style=\"border-color: #ffffff; background-color:#060051;\">CSNOT<i class=\"qode_icon_font_awesome fa fa-angle-right qode_button_icon_element\"><\/i><\/a>[\/vc_column_inner][\/vc_row_inner][\/vc_column][\/vc_row][vc_row css_animation=\"\" row_type=\"row\" use_row_as_full_screen_section=\"no\" type=\"grid\" angled_section=\"no\" text_align=\"left\" background_image_as_pattern=\"without_pattern\" z_index=\"\" padding_top=\"50\" padding_bottom=\"50\"][vc_column width=\"2\/3\"][vc_empty_space][vc_column_text]<\/p>\n<h2 style=\"text-align: left;\"><span style=\"color: #000; font-size: 1.2em; font-weight: 900;\">Kit di ricertificazione<\/span><\/h2>\n<p><span style=\"color: #000; font-size: 1.1em;\">Analogamente a tutti i software di qualit\u00e0, \u00e8 necessario aggiornare le proprie competenze in materia di reti\/sicurezza entro il terzo anniversario della certificazione. \u00c8 possibile farlo con i nostri kit di ricertificazione online, che consentono di rinnovare la certificazione per altri tre anni.<\/span>[\/vc_column_text][vc_empty_space]<a  itemprop=\"url\" href=\"https:\/\/www.stormshield.com\/it\/contattateci\/formazione\/\" target=\"_blank\" data-hover-background-color=\"#d23467\" data-hover-border-color=\"#ffffff\" class=\"qbutton  white enlarge\" style=\"border-color: #ffffff; background-color:#060051;\">Contattateci<i class=\"qode_icon_font_awesome fa fa-angle-right qode_button_icon_element\"><\/i><\/a>[vc_empty_space][\/vc_column][vc_column width=\"1\/3\" css=\".vc_custom_1699970948115{padding-right: 12px !important;padding-left: 12px !important;background-color: #f9f9f9 !important;}\"][vc_column_text]<\/p>\n<h2 style=\"text-align: left;\"><span style=\"color: #000; font-size: 1.2em; font-weight: 900;\">Calendario<\/span><\/h2>\n<p><span style=\"color: #000; font-size: 1.1em;\">Volete conoscere le date dei corsi di formazione dedicati alla protezione dei dati? Scoprite il calendario dei corsi di formazione OT.<\/span>[\/vc_column_text][vc_empty_space]<a  itemprop=\"url\" href=\"https:\/\/www.stormshield.com\/it\/il-nostro-supporto\/servizi\/formazione\/calendario-della-formazione\/\" target=\"_blank\" data-hover-background-color=\"#d23467\" data-hover-border-color=\"#ffffff\" class=\"qbutton  white enlarge\" style=\"border-color: #ffffff; background-color:#060051;\">Calendario<i class=\"qode_icon_font_awesome fa fa-angle-right qode_button_icon_element\"><\/i><\/a>[vc_empty_space][\/vc_column][\/vc_row]<\/p>\n<\/div>","protected":false},"excerpt":{"rendered":"<p>[vc_row css_animation=&#8221;&#8221; row_type=&#8221;row&#8221; use_row_as_full_screen_section=&#8221;no&#8221; type=&#8221;grid&#8221; angled_section=&#8221;no&#8221; text_align=&#8221;left&#8221; background_image_as_pattern=&#8221;without_pattern&#8221; z_index=&#8221;&#8221; padding_top=&#8221;50&#8243; padding_bottom=&#8221;50&#8243;][vc_column][vc_empty_space][vc_column_text] Corsi di formazione OT: sicurezza di rete negli ambienti operativi [\/vc_column_text][vc_empty_space][\/vc_column][\/vc_row][vc_row css_animation=&#8221;&#8221; row_type=&#8221;row&#8221; use_row_as_full_screen_section=&#8221;no&#8221; type=&#8221;grid&#8221; angled_section=&#8221;no&#8221; text_align=&#8221;left&#8221; background_image_as_pattern=&#8221;without_pattern&#8221; z_index=&#8221;&#8221;][vc_column width=&#8221;2\/3&#8243;][vc_column_text css=&#8221;&#8221;]Scoprite come integrare e configurare i nostri prodotti all\u2019interno di architetture operative e industriali&#8230;.<\/p>\n","protected":false},"author":31,"featured_media":0,"parent":317289,"menu_order":291,"comment_status":"closed","ping_status":"closed","template":"full_width.php","meta":{"_acf_changed":false,"footnotes":""},"class_list":["post-317303","page","type-page","status-publish","hentry"],"acf":[],"yoast_head":"<!-- This site is optimized with the Yoast SEO plugin v27.0 - https:\/\/yoast.com\/product\/yoast-seo-wordpress\/ -->\n<title>Cybersecurity: Corso di formazione OT | Stormshield<\/title>\n<meta name=\"description\" content=\"Sicurezza di rete in un ambiente operativo: imparare a integrare e configurare i prodotti Stormshield in architetture operative e industriali.\" \/>\n<meta name=\"robots\" content=\"index, follow, max-snippet:-1, max-image-preview:large, max-video-preview:-1\" \/>\n<link rel=\"canonical\" href=\"https:\/\/www.stormshield.com\/it\/il-nostro-supporto\/servizi\/formazione\/informazioni-di-settore\/\" \/>\n<meta property=\"og:locale\" content=\"it_IT\" \/>\n<meta property=\"og:type\" content=\"article\" \/>\n<meta property=\"og:title\" content=\"Cybersecurity: Corso di formazione OT | Stormshield\" \/>\n<meta property=\"og:description\" content=\"Sicurezza di rete in un ambiente operativo: imparare a integrare e configurare i prodotti Stormshield in architetture operative e industriali.\" \/>\n<meta property=\"og:url\" content=\"https:\/\/www.stormshield.com\/it\/il-nostro-supporto\/servizi\/formazione\/informazioni-di-settore\/\" \/>\n<meta property=\"og:site_name\" content=\"Stormshield\" \/>\n<meta property=\"article:modified_time\" content=\"2025-09-03T15:02:47+00:00\" \/>\n<meta property=\"og:image\" content=\"https:\/\/www.stormshield.com\/wp-content\/uploads\/stormshield_logo.png\" \/>\n\t<meta property=\"og:image:width\" content=\"204\" \/>\n\t<meta property=\"og:image:height\" content=\"94\" \/>\n\t<meta property=\"og:image:type\" content=\"image\/png\" \/>\n<meta name=\"twitter:card\" content=\"summary_large_image\" \/>\n<meta name=\"twitter:site\" content=\"@Stormshield\" \/>\n<meta name=\"twitter:label1\" content=\"Tempo di lettura stimato\" \/>\n\t<meta name=\"twitter:data1\" content=\"2 minuti\" \/>\n<script type=\"application\/ld+json\" class=\"yoast-schema-graph\">{\"@context\":\"https:\/\/schema.org\",\"@graph\":[{\"@type\":\"WebPage\",\"@id\":\"https:\/\/www.stormshield.com\/it\/il-nostro-supporto\/servizi\/formazione\/informazioni-di-settore\/\",\"url\":\"https:\/\/www.stormshield.com\/it\/il-nostro-supporto\/servizi\/formazione\/informazioni-di-settore\/\",\"name\":\"Cybersecurity: Corso di formazione OT | Stormshield\",\"isPartOf\":{\"@id\":\"https:\/\/www.stormshield.com\/it\/#website\"},\"datePublished\":\"2020-08-21T08:38:19+00:00\",\"dateModified\":\"2025-09-03T15:02:47+00:00\",\"description\":\"Sicurezza di rete in un ambiente operativo: imparare a integrare e configurare i prodotti Stormshield in architetture operative e industriali.\",\"breadcrumb\":{\"@id\":\"https:\/\/www.stormshield.com\/it\/il-nostro-supporto\/servizi\/formazione\/informazioni-di-settore\/#breadcrumb\"},\"inLanguage\":\"it-IT\",\"potentialAction\":[{\"@type\":\"ReadAction\",\"target\":[\"https:\/\/www.stormshield.com\/it\/il-nostro-supporto\/servizi\/formazione\/informazioni-di-settore\/\"]}]},{\"@type\":\"BreadcrumbList\",\"@id\":\"https:\/\/www.stormshield.com\/it\/il-nostro-supporto\/servizi\/formazione\/informazioni-di-settore\/#breadcrumb\",\"itemListElement\":[{\"@type\":\"ListItem\",\"position\":1,\"name\":\"Home\",\"item\":\"https:\/\/www.stormshield.com\/it\/\"},{\"@type\":\"ListItem\",\"position\":2,\"name\":\"Il nostro supporto\",\"item\":\"https:\/\/www.stormshield.com\/it\/il-nostro-supporto\/\"},{\"@type\":\"ListItem\",\"position\":3,\"name\":\"Servizi\",\"item\":\"https:\/\/www.stormshield.com\/it\/il-nostro-supporto\/servizi\/\"},{\"@type\":\"ListItem\",\"position\":4,\"name\":\"Formazione\",\"item\":\"https:\/\/www.stormshield.com\/it\/il-nostro-supporto\/servizi\/formazione\/\"},{\"@type\":\"ListItem\",\"position\":5,\"name\":\"Formazione OT\"}]},{\"@type\":\"WebSite\",\"@id\":\"https:\/\/www.stormshield.com\/it\/#website\",\"url\":\"https:\/\/www.stormshield.com\/it\/\",\"name\":\"Stormshield\",\"description\":\"Stormshield\",\"potentialAction\":[{\"@type\":\"SearchAction\",\"target\":{\"@type\":\"EntryPoint\",\"urlTemplate\":\"https:\/\/www.stormshield.com\/it\/?s={search_term_string}\"},\"query-input\":{\"@type\":\"PropertyValueSpecification\",\"valueRequired\":true,\"valueName\":\"search_term_string\"}}],\"inLanguage\":\"it-IT\"}]}<\/script>\n<!-- \/ Yoast SEO plugin. -->","yoast_head_json":{"title":"Cybersecurity: Corso di formazione OT | Stormshield","description":"Sicurezza di rete in un ambiente operativo: imparare a integrare e configurare i prodotti Stormshield in architetture operative e industriali.","robots":{"index":"index","follow":"follow","max-snippet":"max-snippet:-1","max-image-preview":"max-image-preview:large","max-video-preview":"max-video-preview:-1"},"canonical":"https:\/\/www.stormshield.com\/it\/il-nostro-supporto\/servizi\/formazione\/informazioni-di-settore\/","og_locale":"it_IT","og_type":"article","og_title":"Cybersecurity: Corso di formazione OT | Stormshield","og_description":"Sicurezza di rete in un ambiente operativo: imparare a integrare e configurare i prodotti Stormshield in architetture operative e industriali.","og_url":"https:\/\/www.stormshield.com\/it\/il-nostro-supporto\/servizi\/formazione\/informazioni-di-settore\/","og_site_name":"Stormshield","article_modified_time":"2025-09-03T15:02:47+00:00","og_image":[{"width":204,"height":94,"url":"https:\/\/www.stormshield.com\/wp-content\/uploads\/stormshield_logo.png","type":"image\/png"}],"twitter_card":"summary_large_image","twitter_site":"@Stormshield","twitter_misc":{"Tempo di lettura stimato":"2 minuti"},"schema":{"@context":"https:\/\/schema.org","@graph":[{"@type":"WebPage","@id":"https:\/\/www.stormshield.com\/it\/il-nostro-supporto\/servizi\/formazione\/informazioni-di-settore\/","url":"https:\/\/www.stormshield.com\/it\/il-nostro-supporto\/servizi\/formazione\/informazioni-di-settore\/","name":"Cybersecurity: Corso di formazione OT | Stormshield","isPartOf":{"@id":"https:\/\/www.stormshield.com\/it\/#website"},"datePublished":"2020-08-21T08:38:19+00:00","dateModified":"2025-09-03T15:02:47+00:00","description":"Sicurezza di rete in un ambiente operativo: imparare a integrare e configurare i prodotti Stormshield in architetture operative e industriali.","breadcrumb":{"@id":"https:\/\/www.stormshield.com\/it\/il-nostro-supporto\/servizi\/formazione\/informazioni-di-settore\/#breadcrumb"},"inLanguage":"it-IT","potentialAction":[{"@type":"ReadAction","target":["https:\/\/www.stormshield.com\/it\/il-nostro-supporto\/servizi\/formazione\/informazioni-di-settore\/"]}]},{"@type":"BreadcrumbList","@id":"https:\/\/www.stormshield.com\/it\/il-nostro-supporto\/servizi\/formazione\/informazioni-di-settore\/#breadcrumb","itemListElement":[{"@type":"ListItem","position":1,"name":"Home","item":"https:\/\/www.stormshield.com\/it\/"},{"@type":"ListItem","position":2,"name":"Il nostro supporto","item":"https:\/\/www.stormshield.com\/it\/il-nostro-supporto\/"},{"@type":"ListItem","position":3,"name":"Servizi","item":"https:\/\/www.stormshield.com\/it\/il-nostro-supporto\/servizi\/"},{"@type":"ListItem","position":4,"name":"Formazione","item":"https:\/\/www.stormshield.com\/it\/il-nostro-supporto\/servizi\/formazione\/"},{"@type":"ListItem","position":5,"name":"Formazione OT"}]},{"@type":"WebSite","@id":"https:\/\/www.stormshield.com\/it\/#website","url":"https:\/\/www.stormshield.com\/it\/","name":"Stormshield","description":"Stormshield","potentialAction":[{"@type":"SearchAction","target":{"@type":"EntryPoint","urlTemplate":"https:\/\/www.stormshield.com\/it\/?s={search_term_string}"},"query-input":{"@type":"PropertyValueSpecification","valueRequired":true,"valueName":"search_term_string"}}],"inLanguage":"it-IT"}]}},"_links":{"self":[{"href":"https:\/\/www.stormshield.com\/it\/wp-json\/wp\/v2\/pages\/317303","targetHints":{"allow":["GET"]}}],"collection":[{"href":"https:\/\/www.stormshield.com\/it\/wp-json\/wp\/v2\/pages"}],"about":[{"href":"https:\/\/www.stormshield.com\/it\/wp-json\/wp\/v2\/types\/page"}],"author":[{"embeddable":true,"href":"https:\/\/www.stormshield.com\/it\/wp-json\/wp\/v2\/users\/31"}],"replies":[{"embeddable":true,"href":"https:\/\/www.stormshield.com\/it\/wp-json\/wp\/v2\/comments?post=317303"}],"version-history":[{"count":9,"href":"https:\/\/www.stormshield.com\/it\/wp-json\/wp\/v2\/pages\/317303\/revisions"}],"predecessor-version":[{"id":668447,"href":"https:\/\/www.stormshield.com\/it\/wp-json\/wp\/v2\/pages\/317303\/revisions\/668447"}],"up":[{"embeddable":true,"href":"https:\/\/www.stormshield.com\/it\/wp-json\/wp\/v2\/pages\/317289"}],"wp:attachment":[{"href":"https:\/\/www.stormshield.com\/it\/wp-json\/wp\/v2\/media?parent=317303"}],"curies":[{"name":"wp","href":"https:\/\/api.w.org\/{rel}","templated":true}]}}