{"id":317293,"date":"2016-12-05T18:15:57","date_gmt":"2016-12-05T17:15:57","guid":{"rendered":"https:\/\/www.stormshield.com\/il-nostro-supporto\/servizi\/formazione\/sns\/"},"modified":"2025-02-06T14:36:49","modified_gmt":"2025-02-06T13:36:49","slug":"sns","status":"publish","type":"page","link":"https:\/\/www.stormshield.com\/it\/il-nostro-supporto\/servizi\/formazione\/sns\/","title":{"rendered":"Formazione SNS"},"content":{"rendered":"<div class=\"wpb-content-wrapper\"><p>[vc_row css_animation=\"\" row_type=\"row\" use_row_as_full_screen_section=\"no\" type=\"grid\" angled_section=\"no\" text_align=\"left\" background_image_as_pattern=\"without_pattern\" z_index=\"\" padding_top=\"50\" padding_bottom=\"50\"][vc_column][vc_empty_space][vc_column_text]<\/p>\n<h1 style=\"text-align: center;\"><span style=\"color: #00aaf5;\"><span style=\"font-weight: 900; font-size: 1.5em;\">Corsi di formazione SNS: <\/span><\/span><span style=\"color: #00aaf5;\"><span style=\"font-weight: 300; font-size: 1.5em;\">tutto sulla protezione della rete<\/span><\/span><\/h1>\n<p>[\/vc_column_text][vc_empty_space][\/vc_column][\/vc_row][vc_row css_animation=\"\" row_type=\"row\" use_row_as_full_screen_section=\"no\" type=\"grid\" angled_section=\"no\" text_align=\"left\" background_image_as_pattern=\"without_pattern\" z_index=\"\"][vc_column width=\"2\/3\"][vc_column_text css=\"\"]<span style=\"color: #000; font-size: 1.1em;\"><strong>Acquisite le migliori competenze in termini di protezione della rete con i nostri corsi di formazione dedicati.<\/strong> I nostri corsi di formazione sulla protezione della rete sono stati progettati per adattarsi a qualsiasi esigenza e utilizzo: padroneggiare le funzionalit\u00e0 essenziali (CSNA), implementare configurazioni avanzate (CNSE), specificamente legate a SD-WAN (CSNR), analizzare e diagnosticare architetture complesse (CSNTS), senza dimenticare la gestione della console di amministrazione centralizzata (CSMCE) e l\u2019integrazione delle nostre soluzioni in un ambiente industriale (CSNOT).<\/span>[\/vc_column_text][\/vc_column][vc_column width=\"1\/3\"][vc_single_image image=\"456836\" img_size=\"medium\" alignment=\"center\" qode_css_animation=\"\"][\/vc_column][\/vc_row][vc_row css_animation=\"\" row_type=\"row\" use_row_as_full_screen_section=\"no\" type=\"grid\" angled_section=\"no\" text_align=\"left\" background_image_as_pattern=\"without_pattern\" z_index=\"\" padding_bottom=\"50\" css=\".vc_custom_1699974777591{background-color: #ffffff !important;}\" padding_top=\"50\"][vc_column][vc_row_inner row_type=\"row\" type=\"full_width\" text_align=\"left\" css_animation=\"\" background_color=\"#f9f9f9\" css=\".vc_custom_1699973877944{padding-top: 32px !important;padding-right: 32px !important;padding-bottom: 32px !important;padding-left: 32px !important;}\"][vc_column_inner width=\"1\/2\"][vc_column_text]<\/p>\n<h2 style=\"text-align: left;\"><span style=\"color: #000; font-size: 1.2em; font-weight: 900;\">Corso di formazione CSNA: come diventare esperti di protezione della rete<\/span><\/h2>\n<p><span style=\"color: #000; font-size: 1.1em;\">Con il nostro corso di formazione Certified Stormshield Network Administrator (CSNA), imparerete a conoscere le funzionalit\u00e0 e i processi di installazione dei prodotti Stormshield Network all\u2019interno di un\u2019architettura tipica.<\/span>[\/vc_column_text][vc_empty_space]<a  itemprop=\"url\" href=\"https:\/\/www.stormshield.com\/it\/ressourcescenter\/scheda-riassuntiva-csna-formazione\/\" target=\"_blank\" data-hover-background-color=\"#d23467\" data-hover-border-color=\"#ffffff\" class=\"qbutton  white enlarge\" style=\"border-color: #ffffff; background-color:#060051;\">CSNA<i class=\"qode_icon_font_awesome fa fa-angle-right qode_button_icon_element\"><\/i><\/a>[\/vc_column_inner][vc_column_inner width=\"1\/2\"][vc_column_text]<\/p>\n<h2 style=\"text-align: left;\"><span style=\"color: #000; font-size: 1.2em; font-weight: 900;\">Corso di formazione CSNE: como raggiungere il livello successivo<\/span><\/h2>\n<p><span style=\"color: #000; font-size: 1.1em;\">Con il nostro corso Certified Stormshield Network Expert (CSNE) potrete acquisire le conoscenze necessarie per la gestione e la configurazione dell\u2019intera gamma di prodotti Stormshield Network Security nella vostra rete aziendale. Per seguire questo corso di formazione, con conseguente esame di finale, \u00e8 necessaria la certificazione CSNA.<\/span>[\/vc_column_text][vc_empty_space]<a  itemprop=\"url\" href=\"https:\/\/www.stormshield.com\/it\/ressourcescenter\/scheda-riassuntiva-csne-formazione\/\" target=\"_blank\" data-hover-background-color=\"#d23467\" data-hover-border-color=\"#ffffff\" class=\"qbutton  white enlarge\" style=\"border-color: #ffffff; background-color:#060051;\">CSNE<i class=\"qode_icon_font_awesome fa fa-angle-right qode_button_icon_element\"><\/i><\/a>[\/vc_column_inner][\/vc_row_inner][\/vc_column][\/vc_row][vc_row css_animation=\"\" row_type=\"row\" use_row_as_full_screen_section=\"no\" type=\"grid\" angled_section=\"no\" text_align=\"left\" background_image_as_pattern=\"without_pattern\" z_index=\"\" padding_top=\"50\" padding_bottom=\"50\"][vc_column][vc_row_inner row_type=\"row\" type=\"full_width\" text_align=\"left\" css_animation=\"\"][vc_column_inner width=\"1\/2\"][vc_column_text]<\/p>\n<h2 style=\"text-align: left;\"><span style=\"color: #000; font-size: 1.2em; font-weight: 900;\">Corso di formazione CSNR: sfruttare tutto il potenziale di rete dei vostri firewall<\/span><\/h2>\n<p><span style=\"color: #000; font-size: 1.1em;\">Tutti gli accessi dei vostri siti alle varie reti hanno bisogno di ridondanza, qualit\u00e0 del servizio e resilienza ai capricci delle apparecchiature intermedie. Il corso di formazione CSNR vi consentir\u00e0 di padroneggiare la configurazione SD-WAN, QoS e molte altre impostazioni di rete avanzate. Per seguire questo corso di certificazione \u00e8 necessaria la certificazione CSNA.<\/span>[\/vc_column_text][vc_empty_space]<a  itemprop=\"url\" href=\"https:\/\/www.stormshield.com\/it\/ressourcescenter\/scheda-riassuntiva-csnr-formazione\/\" target=\"_blank\" data-hover-background-color=\"#d23467\" data-hover-border-color=\"#ffffff\" class=\"qbutton  white enlarge\" style=\"border-color: #ffffff; background-color:#060051;\">CSNR<i class=\"qode_icon_font_awesome fa fa-angle-right qode_button_icon_element\"><\/i><\/a>[\/vc_column_inner][vc_column_inner width=\"1\/2\"][vc_column_text]<\/p>\n<h2 style=\"text-align: left;\"><span style=\"color: #000; font-size: 1.2em; font-weight: 900;\">Corso di formazione CSNTS: come gestire tutte le complessit\u00e0 legate all'assistenza e alla risoluzione dei problemi di rete<\/span><\/h2>\n<p><span style=\"color: #000; font-size: 1.1em;\">Un corso di formazione per la certificazione Stormshield Network Troubleshooting and Support (CSNTS) che vi aiuter\u00e0 a diventare referenti tecnici per le nostre soluzioni di rete all\u2019interno della vostra azienda. Il possesso della certificazione CSNE \u00e8 un prerequisito imprescindibile.<\/span>[\/vc_column_text][vc_empty_space]<a  itemprop=\"url\" href=\"https:\/\/www.stormshield.com\/it\/ressourcescenter\/scheda-riassuntiva-csnts-formazione\/\" target=\"_blank\" data-hover-background-color=\"#d23467\" data-hover-border-color=\"#ffffff\" class=\"qbutton  white enlarge\" style=\"border-color: #ffffff; background-color:#060051;\">CSNTS<i class=\"qode_icon_font_awesome fa fa-angle-right qode_button_icon_element\"><\/i><\/a>[\/vc_column_inner][\/vc_row_inner][\/vc_column][\/vc_row][vc_row css_animation=\"\" row_type=\"row\" use_row_as_full_screen_section=\"no\" type=\"grid\" angled_section=\"no\" text_align=\"left\" background_image_as_pattern=\"without_pattern\" z_index=\"\" padding_bottom=\"50\" css=\".vc_custom_1699974777591{background-color: #ffffff !important;}\" padding_top=\"50\"][vc_column][vc_row_inner row_type=\"row\" type=\"full_width\" text_align=\"left\" css_animation=\"\" background_color=\"#f9f9f9\" css=\".vc_custom_1699973877944{padding-top: 32px !important;padding-right: 32px !important;padding-bottom: 32px !important;padding-left: 32px !important;}\"][vc_column_inner width=\"1\/2\"][vc_column_text]<\/p>\n<h2 style=\"text-align: left;\"><span style=\"color: #000; font-size: 1.2em; font-weight: 900;\">Corso di formazione CSLS: fate parlare i vostri log di rete<\/span><\/h2>\n<p><span style=\"color: #000; font-size: 1.1em;\">Volete cercare, correlare e analizzare facilmente tutti i vostri log? Volete visualizzare e condividere l'attivit\u00e0 del firewall SNS attraverso dashboard e report personalizzati? Allora il nostro corso CSLS per il prodotto Stormshield Log Supervisor \u00e8 quello che fa per voi. Richiede prima la certificazione CSNA.<\/span>[\/vc_column_text][vc_empty_space]<a  itemprop=\"url\" href=\"https:\/\/www.stormshield.com\/it\/ressourcescenter\/scheda-riassuntiva-csls-formazione\/\" target=\"_blank\" data-hover-background-color=\"#d23467\" data-hover-border-color=\"#ffffff\" class=\"qbutton  white enlarge\" style=\"border-color: #ffffff; background-color:#060051;\">CSLS<i class=\"qode_icon_font_awesome fa fa-angle-right qode_button_icon_element\"><\/i><\/a>[\/vc_column_inner][vc_column_inner width=\"1\/2\"][vc_column_text]<\/p>\n<h2 style=\"text-align: left;\"><span style=\"color: #000; font-size: 1.2em; font-weight: 900;\">Corso di formazione CSMCE: come ampliare la portata della propria rete<\/span><\/h2>\n<p><span style=\"color: #000; font-size: 1.1em;\">Per poter implementare rapidamente una politica di sicurezza coerente su pi\u00f9 firewall ( a partire da due fino a migliaia), abbiamo sviluppato un percorso dedicato ai responsabili della console di amministrazione della rete: il corso di formazione Stormshield Management Center Expert (CSMCE). Per seguire questo corso di formazione \u00e8 necessaria la certificazione CSNA.<\/span>[\/vc_column_text][vc_empty_space]<a  itemprop=\"url\" href=\"https:\/\/www.stormshield.com\/it\/ressourcescenter\/scheda-riassuntiva-csmce-formazione\/\" target=\"_blank\" data-hover-background-color=\"#d23467\" data-hover-border-color=\"#ffffff\" class=\"qbutton  white enlarge\" style=\"border-color: #ffffff; background-color:#060051;\">CSMCE<i class=\"qode_icon_font_awesome fa fa-angle-right qode_button_icon_element\"><\/i><\/a>[\/vc_column_inner][\/vc_row_inner][\/vc_column][\/vc_row][vc_row css_animation=\"\" row_type=\"row\" use_row_as_full_screen_section=\"no\" type=\"grid\" angled_section=\"no\" text_align=\"left\" background_image_as_pattern=\"without_pattern\" z_index=\"\" padding_top=\"50\" padding_bottom=\"50\"][vc_column][vc_row_inner row_type=\"row\" type=\"full_width\" text_align=\"left\" css_animation=\"\"][vc_column_inner width=\"1\/2\"][vc_column_text css=\"\"]<\/p>\n<h2 style=\"text-align: left;\"><span style=\"color: #000; font-size: 1.2em; font-weight: 900;\">Corso di formazione CSNOT: per diventare esperti di reti OT<\/span><\/h2>\n<p><span style=\"color: #000; font-size: 1.1em;\">Volete imparare a integrare i nostri prodotti nelle architetture industriali e a implementare un filtraggio dettagliato dei vostri protocolli industriali? Se la risposta \u00e8 s\u00ec, il nostro corso CSNOT (Certified Stormshield Network Operational Technology) \u00e8 quello che fa per voi. Ai fini dell\u2019iscrizione \u00e8 necessario aver conseguito la certificazione CSNA negli ultimi tre anni.<\/span>[\/vc_column_text][vc_empty_space]<a  itemprop=\"url\" href=\"https:\/\/www.stormshield.com\/it\/ressourcescenter\/scheda-riassuntiva-csnot-formazione\/\" target=\"_blank\" data-hover-background-color=\"#d23467\" data-hover-border-color=\"#ffffff\" class=\"qbutton  white enlarge\" style=\"border-color: #ffffff; background-color:#060051;\">CSNOT<i class=\"qode_icon_font_awesome fa fa-angle-right qode_button_icon_element\"><\/i><\/a>[\/vc_column_inner][vc_column_inner width=\"1\/2\"][vc_single_image image=\"456371\" img_size=\"medium\" alignment=\"center\" qode_css_animation=\"\"][\/vc_column_inner][\/vc_row_inner][\/vc_column][\/vc_row][vc_row css_animation=\"\" row_type=\"row\" use_row_as_full_screen_section=\"no\" type=\"grid\" angled_section=\"no\" text_align=\"left\" background_image_as_pattern=\"without_pattern\" z_index=\"\" padding_top=\"50\" padding_bottom=\"50\"][vc_column width=\"2\/3\"][vc_empty_space][vc_column_text]<\/p>\n<h2 style=\"text-align: left;\"><span style=\"color: #000; font-size: 1.2em; font-weight: 900;\">Kits di ricertificazione<\/span><\/h2>\n<p><span style=\"color: #000; font-size: 1.1em;\">Analogamente a tutti i software di qualit\u00e0, \u00e8 necessario aggiornare le proprie competenze in materia di reti\/sicurezza entro il terzo anniversario della certificazione. \u00c8 possibile farlo con i nostri kit di ricertificazione online, che consentono di rinnovare la certificazione per altri tre anni.<\/span>[\/vc_column_text][vc_empty_space]<a  itemprop=\"url\" href=\"https:\/\/www.stormshield.com\/it\/contattateci\/formazione\/\" target=\"_blank\" data-hover-background-color=\"#d23467\" data-hover-border-color=\"#ffffff\" class=\"qbutton  white enlarge\" style=\"border-color: #ffffff; background-color:#060051;\">Contattateci<i class=\"qode_icon_font_awesome fa fa-angle-right qode_button_icon_element\"><\/i><\/a>[vc_empty_space][\/vc_column][vc_column width=\"1\/3\" css=\".vc_custom_1723798831295{padding-right: 32px !important;padding-left: 32px !important;background-color: #f9f9f9 !important;}\"][vc_column_text]<\/p>\n<h2 style=\"text-align: left;\"><span style=\"color: #000; font-size: 1.2em; font-weight: 900;\">Calendario<\/span><\/h2>\n<p><span style=\"color: #000; font-size: 1.1em;\">Volete conoscere le date dei corsi di formazione dedicati alla protezione delle reti? Scoprite il calendario dei corsi di formazione SNS.<\/span>[\/vc_column_text][vc_empty_space]<a  itemprop=\"url\" href=\"https:\/\/www.stormshield.com\/it\/il-nostro-supporto\/servizi\/formazione\/calendario-della-formazione\/\" target=\"_blank\" data-hover-background-color=\"#d23467\" data-hover-border-color=\"#ffffff\" class=\"qbutton  white enlarge\" style=\"border-color: #ffffff; background-color:#060051;\">Calendario<i class=\"qode_icon_font_awesome fa fa-angle-right qode_button_icon_element\"><\/i><\/a>[vc_empty_space][\/vc_column][\/vc_row]<\/p>\n<\/div>","protected":false},"excerpt":{"rendered":"<p>[vc_row css_animation=&#8221;&#8221; row_type=&#8221;row&#8221; use_row_as_full_screen_section=&#8221;no&#8221; type=&#8221;grid&#8221; angled_section=&#8221;no&#8221; text_align=&#8221;left&#8221; background_image_as_pattern=&#8221;without_pattern&#8221; z_index=&#8221;&#8221; padding_top=&#8221;50&#8243; padding_bottom=&#8221;50&#8243;][vc_column][vc_empty_space][vc_column_text] Corsi di formazione SNS: tutto sulla protezione della rete [\/vc_column_text][vc_empty_space][\/vc_column][\/vc_row][vc_row css_animation=&#8221;&#8221; row_type=&#8221;row&#8221; use_row_as_full_screen_section=&#8221;no&#8221; type=&#8221;grid&#8221; angled_section=&#8221;no&#8221; text_align=&#8221;left&#8221; background_image_as_pattern=&#8221;without_pattern&#8221; z_index=&#8221;&#8221;][vc_column width=&#8221;2\/3&#8243;][vc_column_text css=&#8221;&#8221;]Acquisite le migliori competenze in termini di protezione della rete con i nostri corsi di&#8230;<\/p>\n","protected":false},"author":1,"featured_media":0,"parent":317289,"menu_order":66,"comment_status":"closed","ping_status":"closed","template":"full_width.php","meta":{"_acf_changed":false,"footnotes":""},"class_list":["post-317293","page","type-page","status-publish","hentry"],"acf":[],"yoast_head":"<!-- This site is optimized with the Yoast SEO plugin v27.3 - https:\/\/yoast.com\/product\/yoast-seo-wordpress\/ -->\n<title>Corsi di formazione su SNS e Cybersecurity | Stormshield<\/title>\n<meta name=\"description\" content=\"Imparate le complessit\u00e0 della protezione della rete con i corsi di formazione Stormshield: su misura per le vostre esigenze e i vostri usi.\" \/>\n<meta name=\"robots\" content=\"index, follow, max-snippet:-1, max-image-preview:large, max-video-preview:-1\" \/>\n<link rel=\"canonical\" href=\"https:\/\/www.stormshield.com\/it\/il-nostro-supporto\/servizi\/formazione\/sns\/\" \/>\n<meta property=\"og:locale\" content=\"it_IT\" \/>\n<meta property=\"og:type\" content=\"article\" \/>\n<meta property=\"og:title\" content=\"Corsi di formazione su SNS e Cybersecurity | Stormshield\" \/>\n<meta property=\"og:description\" content=\"Imparate le complessit\u00e0 della protezione della rete con i corsi di formazione Stormshield: su misura per le vostre esigenze e i vostri usi.\" \/>\n<meta property=\"og:url\" content=\"https:\/\/www.stormshield.com\/it\/il-nostro-supporto\/servizi\/formazione\/sns\/\" \/>\n<meta property=\"og:site_name\" content=\"Stormshield\" \/>\n<meta property=\"article:modified_time\" content=\"2025-02-06T13:36:49+00:00\" \/>\n<meta property=\"og:image\" content=\"https:\/\/www.stormshield.com\/wp-content\/uploads\/stormshield_logo.png\" \/>\n\t<meta property=\"og:image:width\" content=\"204\" \/>\n\t<meta property=\"og:image:height\" content=\"94\" \/>\n\t<meta property=\"og:image:type\" content=\"image\/png\" \/>\n<meta name=\"twitter:card\" content=\"summary_large_image\" \/>\n<meta name=\"twitter:site\" content=\"@Stormshield\" \/>\n<meta name=\"twitter:label1\" content=\"Tempo di lettura stimato\" \/>\n\t<meta name=\"twitter:data1\" content=\"4 minuti\" \/>\n<script type=\"application\/ld+json\" class=\"yoast-schema-graph\">{\"@context\":\"https:\\\/\\\/schema.org\",\"@graph\":[{\"@type\":\"WebPage\",\"@id\":\"https:\\\/\\\/www.stormshield.com\\\/it\\\/il-nostro-supporto\\\/servizi\\\/formazione\\\/sns\\\/\",\"url\":\"https:\\\/\\\/www.stormshield.com\\\/it\\\/il-nostro-supporto\\\/servizi\\\/formazione\\\/sns\\\/\",\"name\":\"Corsi di formazione su SNS e Cybersecurity | Stormshield\",\"isPartOf\":{\"@id\":\"https:\\\/\\\/www.stormshield.com\\\/it\\\/#website\"},\"datePublished\":\"2016-12-05T17:15:57+00:00\",\"dateModified\":\"2025-02-06T13:36:49+00:00\",\"description\":\"Imparate le complessit\u00e0 della protezione della rete con i corsi di formazione Stormshield: su misura per le vostre esigenze e i vostri usi.\",\"breadcrumb\":{\"@id\":\"https:\\\/\\\/www.stormshield.com\\\/it\\\/il-nostro-supporto\\\/servizi\\\/formazione\\\/sns\\\/#breadcrumb\"},\"inLanguage\":\"it-IT\",\"potentialAction\":[{\"@type\":\"ReadAction\",\"target\":[\"https:\\\/\\\/www.stormshield.com\\\/it\\\/il-nostro-supporto\\\/servizi\\\/formazione\\\/sns\\\/\"]}]},{\"@type\":\"BreadcrumbList\",\"@id\":\"https:\\\/\\\/www.stormshield.com\\\/it\\\/il-nostro-supporto\\\/servizi\\\/formazione\\\/sns\\\/#breadcrumb\",\"itemListElement\":[{\"@type\":\"ListItem\",\"position\":1,\"name\":\"Home\",\"item\":\"https:\\\/\\\/www.stormshield.com\\\/it\\\/\"},{\"@type\":\"ListItem\",\"position\":2,\"name\":\"Il nostro supporto\",\"item\":\"https:\\\/\\\/www.stormshield.com\\\/it\\\/il-nostro-supporto\\\/\"},{\"@type\":\"ListItem\",\"position\":3,\"name\":\"Servizi\",\"item\":\"https:\\\/\\\/www.stormshield.com\\\/it\\\/il-nostro-supporto\\\/servizi\\\/\"},{\"@type\":\"ListItem\",\"position\":4,\"name\":\"Formazione\",\"item\":\"https:\\\/\\\/www.stormshield.com\\\/it\\\/il-nostro-supporto\\\/servizi\\\/formazione\\\/\"},{\"@type\":\"ListItem\",\"position\":5,\"name\":\"Formazione SNS\"}]},{\"@type\":\"WebSite\",\"@id\":\"https:\\\/\\\/www.stormshield.com\\\/it\\\/#website\",\"url\":\"https:\\\/\\\/www.stormshield.com\\\/it\\\/\",\"name\":\"Stormshield\",\"description\":\"Stormshield\",\"potentialAction\":[{\"@type\":\"SearchAction\",\"target\":{\"@type\":\"EntryPoint\",\"urlTemplate\":\"https:\\\/\\\/www.stormshield.com\\\/it\\\/?s={search_term_string}\"},\"query-input\":{\"@type\":\"PropertyValueSpecification\",\"valueRequired\":true,\"valueName\":\"search_term_string\"}}],\"inLanguage\":\"it-IT\"}]}<\/script>\n<!-- \/ Yoast SEO plugin. -->","yoast_head_json":{"title":"Corsi di formazione su SNS e Cybersecurity | Stormshield","description":"Imparate le complessit\u00e0 della protezione della rete con i corsi di formazione Stormshield: su misura per le vostre esigenze e i vostri usi.","robots":{"index":"index","follow":"follow","max-snippet":"max-snippet:-1","max-image-preview":"max-image-preview:large","max-video-preview":"max-video-preview:-1"},"canonical":"https:\/\/www.stormshield.com\/it\/il-nostro-supporto\/servizi\/formazione\/sns\/","og_locale":"it_IT","og_type":"article","og_title":"Corsi di formazione su SNS e Cybersecurity | Stormshield","og_description":"Imparate le complessit\u00e0 della protezione della rete con i corsi di formazione Stormshield: su misura per le vostre esigenze e i vostri usi.","og_url":"https:\/\/www.stormshield.com\/it\/il-nostro-supporto\/servizi\/formazione\/sns\/","og_site_name":"Stormshield","article_modified_time":"2025-02-06T13:36:49+00:00","og_image":[{"width":204,"height":94,"url":"https:\/\/www.stormshield.com\/wp-content\/uploads\/stormshield_logo.png","type":"image\/png"}],"twitter_card":"summary_large_image","twitter_site":"@Stormshield","twitter_misc":{"Tempo di lettura stimato":"4 minuti"},"schema":{"@context":"https:\/\/schema.org","@graph":[{"@type":"WebPage","@id":"https:\/\/www.stormshield.com\/it\/il-nostro-supporto\/servizi\/formazione\/sns\/","url":"https:\/\/www.stormshield.com\/it\/il-nostro-supporto\/servizi\/formazione\/sns\/","name":"Corsi di formazione su SNS e Cybersecurity | Stormshield","isPartOf":{"@id":"https:\/\/www.stormshield.com\/it\/#website"},"datePublished":"2016-12-05T17:15:57+00:00","dateModified":"2025-02-06T13:36:49+00:00","description":"Imparate le complessit\u00e0 della protezione della rete con i corsi di formazione Stormshield: su misura per le vostre esigenze e i vostri usi.","breadcrumb":{"@id":"https:\/\/www.stormshield.com\/it\/il-nostro-supporto\/servizi\/formazione\/sns\/#breadcrumb"},"inLanguage":"it-IT","potentialAction":[{"@type":"ReadAction","target":["https:\/\/www.stormshield.com\/it\/il-nostro-supporto\/servizi\/formazione\/sns\/"]}]},{"@type":"BreadcrumbList","@id":"https:\/\/www.stormshield.com\/it\/il-nostro-supporto\/servizi\/formazione\/sns\/#breadcrumb","itemListElement":[{"@type":"ListItem","position":1,"name":"Home","item":"https:\/\/www.stormshield.com\/it\/"},{"@type":"ListItem","position":2,"name":"Il nostro supporto","item":"https:\/\/www.stormshield.com\/it\/il-nostro-supporto\/"},{"@type":"ListItem","position":3,"name":"Servizi","item":"https:\/\/www.stormshield.com\/it\/il-nostro-supporto\/servizi\/"},{"@type":"ListItem","position":4,"name":"Formazione","item":"https:\/\/www.stormshield.com\/it\/il-nostro-supporto\/servizi\/formazione\/"},{"@type":"ListItem","position":5,"name":"Formazione SNS"}]},{"@type":"WebSite","@id":"https:\/\/www.stormshield.com\/it\/#website","url":"https:\/\/www.stormshield.com\/it\/","name":"Stormshield","description":"Stormshield","potentialAction":[{"@type":"SearchAction","target":{"@type":"EntryPoint","urlTemplate":"https:\/\/www.stormshield.com\/it\/?s={search_term_string}"},"query-input":{"@type":"PropertyValueSpecification","valueRequired":true,"valueName":"search_term_string"}}],"inLanguage":"it-IT"}]}},"_links":{"self":[{"href":"https:\/\/www.stormshield.com\/it\/wp-json\/wp\/v2\/pages\/317293","targetHints":{"allow":["GET"]}}],"collection":[{"href":"https:\/\/www.stormshield.com\/it\/wp-json\/wp\/v2\/pages"}],"about":[{"href":"https:\/\/www.stormshield.com\/it\/wp-json\/wp\/v2\/types\/page"}],"author":[{"embeddable":true,"href":"https:\/\/www.stormshield.com\/it\/wp-json\/wp\/v2\/users\/1"}],"replies":[{"embeddable":true,"href":"https:\/\/www.stormshield.com\/it\/wp-json\/wp\/v2\/comments?post=317293"}],"version-history":[{"count":17,"href":"https:\/\/www.stormshield.com\/it\/wp-json\/wp\/v2\/pages\/317293\/revisions"}],"predecessor-version":[{"id":609427,"href":"https:\/\/www.stormshield.com\/it\/wp-json\/wp\/v2\/pages\/317293\/revisions\/609427"}],"up":[{"embeddable":true,"href":"https:\/\/www.stormshield.com\/it\/wp-json\/wp\/v2\/pages\/317289"}],"wp:attachment":[{"href":"https:\/\/www.stormshield.com\/it\/wp-json\/wp\/v2\/media?parent=317293"}],"curies":[{"name":"wp","href":"https:\/\/api.w.org\/{rel}","templated":true}]}}