{"id":317276,"date":"2016-12-05T16:24:25","date_gmt":"2016-12-05T15:24:25","guid":{"rendered":"https:\/\/www.stormshield.com\/il-nostro-supporto\/services\/"},"modified":"2025-10-27T08:45:54","modified_gmt":"2025-10-27T07:45:54","slug":"servizi","status":"publish","type":"page","link":"https:\/\/www.stormshield.com\/it\/il-nostro-supporto\/servizi\/","title":{"rendered":"Servizi"},"content":{"rendered":"<div class=\"wpb-content-wrapper\"><p>[vc_row css_animation=\"\" row_type=\"row\" use_row_as_full_screen_section=\"no\" type=\"grid\" angled_section=\"no\" text_align=\"left\" background_image_as_pattern=\"without_pattern\" z_index=\"\" padding_top=\"50\" padding_bottom=\"50\"][vc_column][vc_empty_space][vc_column_text]<\/p>\n<h1 style=\"text-align: center;\"><span style=\"color: #00aaf5;\"><span style=\"font-weight: 300; font-size: 1.5em;\">Accesso alla cyber-serenit\u00e0 <\/span><\/span><span style=\"color: #00aaf5;\"><span style=\"font-weight: 900; font-size: 1.5em;\">con l'offerta di servizi Stormshield<\/span><\/span><\/h1>\n<p>[\/vc_column_text][vc_empty_space][\/vc_column][\/vc_row][vc_row css_animation=\"\" row_type=\"row\" use_row_as_full_screen_section=\"no\" type=\"grid\" angled_section=\"no\" text_align=\"left\" background_image_as_pattern=\"without_pattern\" z_index=\"\" padding_bottom=\"50\"][vc_column][vc_column_text]<span style=\"color: #000; font-size: 1.1em;\">La sicurezza informatica non \u00e8 un concetto semplice. L\u2019evoluzione delle minacce ci impone di pensare alla sicurezza informatica in una prospettiva molto pi\u00f9 ampia. In questo senso, agiamo su tutti i livelli per ridurre le superfici di attacco e garantire un eccellente grado di protezione. Grazie ai nostri servizi diversificati, potrete beneficiare di una totale cyber-serenit\u00e0!<\/span>[\/vc_column_text][\/vc_column][\/vc_row][vc_row css_animation=\"\" row_type=\"row\" use_row_as_full_screen_section=\"no\" type=\"grid\" angled_section=\"no\" text_align=\"left\" background_image_as_pattern=\"without_pattern\" z_index=\"\"][vc_column width=\"1\/6\"][vc_single_image image=\"456831\" alignment=\"center\" onclick=\"custom_link\" img_link_target=\"_blank\" qode_css_animation=\"\" link=\"https:\/\/www.stormshield.com\/it\/il-nostro-supporto\/servizi\/manutenzione\/\"][\/vc_column][vc_column width=\"1\/3\"][vc_column_text]<\/p>\n<h2><span style=\"color: #00aeef; font-size: 1.2em; font-weight: 900;\">Manutenzione<\/span><\/h2>\n<p><span style=\"color: #000; font-size: 1.1em;\">Affidatevi alla nostra esperienza di produttori e alla logica preventiva della manutenzione informatica. Grazie a questo servizio, potrete prevenire eventuali problemi e sostituire i vostri prodotti nel pi\u00f9 breve tempo possibile.<\/span>[\/vc_column_text][\/vc_column][vc_column width=\"1\/6\"][vc_single_image image=\"456806\" alignment=\"center\" onclick=\"custom_link\" img_link_target=\"_blank\" qode_css_animation=\"\" link=\"https:\/\/www.stormshield.com\/it\/il-nostro-supporto\/servizi\/assistenza-tecnica\/\"][\/vc_column][vc_column width=\"1\/3\"][vc_column_text]<\/p>\n<h2><span style=\"color: #00aeef; font-size: 1.2em; font-weight: 900;\">Assistenza Tecnica<\/span><\/h2>\n<p><span style=\"color: #000; font-size: 1.1em;\">Anche nelle situazioni pi\u00f9 complesse, l'assistenza tecnica di Stormshield \u00e8 al vostro fianco per garantire la continuit\u00e0 aziendale e proteggere gli utenti e l'infrastruttura.<\/span>[\/vc_column_text][\/vc_column][\/vc_row][vc_row css_animation=\"\" row_type=\"row\" use_row_as_full_screen_section=\"no\" type=\"grid\" angled_section=\"no\" text_align=\"left\" background_image_as_pattern=\"without_pattern\" z_index=\"\"][vc_column][vc_empty_space][\/vc_column][\/vc_row][vc_row css_animation=\"\" row_type=\"row\" use_row_as_full_screen_section=\"no\" type=\"grid\" angled_section=\"no\" text_align=\"left\" background_image_as_pattern=\"without_pattern\" z_index=\"\"][vc_column width=\"1\/6\"][vc_single_image image=\"456836\" alignment=\"center\" onclick=\"custom_link\" img_link_target=\"_blank\" qode_css_animation=\"\" link=\"https:\/\/www.stormshield.com\/it\/il-nostro-supporto\/servizi\/formazione\/\"][\/vc_column][vc_column width=\"1\/3\"][vc_column_text]<\/p>\n<h2><span style=\"color: #00aeef; font-size: 1.2em; font-weight: 900;\">Formazione<\/span><\/h2>\n<p><span style=\"color: #000; font-size: 1.1em;\">Protezione di reti, dati, server e postazioni di lavoro o ambienti OT... Il nostro obiettivo \u00e8 offrire la formazione pi\u00f9 adatta alle vostre esigenze.<\/span>[\/vc_column_text][\/vc_column][vc_column width=\"1\/6\"][vc_single_image image=\"456621\" alignment=\"center\" onclick=\"custom_link\" img_link_target=\"_blank\" qode_css_animation=\"\" link=\"https:\/\/www.stormshield.com\/it\/il-nostro-supporto\/servizi\/servizi-professionali\/\"][\/vc_column][vc_column width=\"1\/3\"][vc_column_text]<\/p>\n<h2><span style=\"color: #00aeef; font-size: 1.2em; font-weight: 900;\">Professional Services<\/span><\/h2>\n<p><span style=\"color: #000; font-size: 1.1em;\">Partner, fornitori e clienti possono contare sul nostro supporto per la creazione di infrastrutture complesse. Grazie alla presenza dei nostri team interni che offrono servizi professionali siamo in grado di garantire implementazioni ottimali.<\/span>[\/vc_column_text][\/vc_column][\/vc_row][vc_row css_animation=\"\" row_type=\"row\" use_row_as_full_screen_section=\"no\" type=\"grid\" angled_section=\"no\" text_align=\"left\" background_image_as_pattern=\"without_pattern\" z_index=\"\"][vc_column][vc_empty_space][\/vc_column][\/vc_row][vc_row css_animation=\"\" row_type=\"row\" use_row_as_full_screen_section=\"no\" type=\"grid\" angled_section=\"no\" text_align=\"left\" background_image_as_pattern=\"without_pattern\" z_index=\"\"][vc_column width=\"1\/6\"][vc_single_image image=\"456841\" alignment=\"center\" onclick=\"custom_link\" img_link_target=\"_blank\" qode_css_animation=\"\" link=\"https:\/\/www.stormshield.com\/it\/il-nostro-supporto\/servizi\/stormshield-academy\/\"][\/vc_column][vc_column width=\"1\/3\"][vc_column_text]<\/p>\n<h2><span style=\"color: #00aeef; font-size: 1.2em; font-weight: 900;\">Relazioni con la scuola<\/span><\/h2>\n<p><span style=\"color: #000; font-size: 1.1em;\">Poich\u00e9 la collaborazione \u00e8 il fulcro del nostro DNA, prestiamo particolare attenzione al mondo dell'istruzione superiore.<\/span>[\/vc_column_text][\/vc_column][vc_column width=\"1\/6\"][vc_single_image image=\"456606\" alignment=\"center\" onclick=\"custom_link\" img_link_target=\"_blank\" qode_css_animation=\"\" link=\"https:\/\/www.stormshield.com\/it\/il-nostro-supporto\/servizi\/cyber-threat-intelligence\/\"][\/vc_column][vc_column width=\"1\/3\"][vc_column_text]<\/p>\n<h2><span style=\"color: #00aeef; font-size: 1.2em; font-weight: 900;\">Cyber Threat Intelligence<\/span><\/h2>\n<p><span style=\"color: #000; font-size: 1.1em;\">Il nostro team di CTI ha due missioni principali: studiare le minacce informatiche per comprenderle e migliorare continuamente la protezione offerta dai prodotti Stormshield.<\/span>[\/vc_column_text][\/vc_column][\/vc_row][vc_row css_animation=\"\" row_type=\"row\" use_row_as_full_screen_section=\"no\" type=\"grid\" angled_section=\"no\" text_align=\"left\" background_image_as_pattern=\"without_pattern\" z_index=\"\" padding_bottom=\"50\" css=\".vc_custom_1697804221509{background-color: #ffffff !important;}\" padding_top=\"50\"][vc_column][vc_row_inner row_type=\"row\" type=\"full_width\" text_align=\"left\" css_animation=\"\" background_color=\"#f9f9f9\" css=\".vc_custom_1697805785032{padding-top: 32px !important;padding-right: 32px !important;padding-bottom: 32px !important;padding-left: 32px !important;}\"][vc_column_inner][vc_column_text css=\"\"]<\/p>\n<h2><span style=\"color: #000; font-size: 1.2em; font-weight: 900;\">Portale di Sicurezza<\/span><\/h2>\n<p><span style=\"color: #000000;\"><span style=\"font-size: 1.1em;\">Il nostro portale di sicurezza consente di accedere a diverse operazioni: individuare la presenza di un indirizzo IP nei nostri database di reputazione IP, trovare le protezioni esistenti sui nostri prodotti (firme SNS e regole SES)... Inoltre, con la Threat Map, sarete sempre informati in tempo reale sullo stato delle minacce informatiche in tutto il mondo.<\/span><\/span>[\/vc_column_text][vc_empty_space]<a  itemprop=\"url\" href=\"https:\/\/security.stormshield.eu\/\" target=\"_blank\" data-hover-background-color=\"#d23467\" data-hover-border-color=\"#ffffff\" class=\"qbutton  center white enlarge\" style=\"border-color: #ffffff; background-color:#060051;\">Security Portal<i class=\"qode_icon_font_awesome fa fa-angle-right qode_button_icon_element\"><\/i><\/a>[\/vc_column_inner][\/vc_row_inner][\/vc_column][\/vc_row][vc_row css_animation=\"\" row_type=\"row\" use_row_as_full_screen_section=\"no\" type=\"grid\" angled_section=\"no\" text_align=\"left\" background_image_as_pattern=\"without_pattern\" z_index=\"\" padding_bottom=\"50\" padding_top=\"50\"][vc_column][vc_row_inner row_type=\"row\" type=\"full_width\" text_align=\"left\" css_animation=\"\"][vc_column_inner][vc_column_text]<\/p>\n<h2><span style=\"color: #000; font-size: 1.2em; font-weight: 900;\">Base di informazioni di gestione e query SNMP<\/span><\/h2>\n<p><span style=\"color: #000000;\"><span style=\"font-size: 1.1em;\"><strong>Stai cercando Stormshield MIBS?<\/strong> Questi script pronti all'uso per le soluzioni Stormshield Network Security garantiscono una protezione ottimale della rete e delle apparecchiature. Questi file sono destinati agli amministratori di sistema e descrivono una struttura di dati da recuperare e centralizzare in una soluzione di monitoraggio. Ogni file descrive un insieme di dati collegati a un modulo specifico dei nostri firewall Stormshield Network Security o a un particolare tipo di informazioni. I file MIBS di Stormshield sono ora disponibili nella vostra area protetta MyStormshield.<\/span><\/span>[\/vc_column_text][vc_empty_space]<a  itemprop=\"url\" href=\"https:\/\/mystormshield.eu\/\" target=\"_blank\" data-hover-background-color=\"#d23467\" data-hover-border-color=\"#ffffff\" class=\"qbutton  center white enlarge\" style=\"border-color: #ffffff; background-color:#060051;\">MyStormshield<i class=\"qode_icon_font_awesome fa fa-angle-right qode_button_icon_element\"><\/i><\/a>[\/vc_column_inner][\/vc_row_inner][\/vc_column][\/vc_row][vc_row css_animation=\"\" row_type=\"row\" use_row_as_full_screen_section=\"no\" type=\"grid\" angled_section=\"no\" text_align=\"left\" background_image_as_pattern=\"without_pattern\" z_index=\"\" padding_bottom=\"50\" css=\".vc_custom_1697804221509{background-color: #ffffff !important;}\" padding_top=\"50\"][vc_column][vc_row_inner row_type=\"row\" type=\"full_width\" text_align=\"left\" css_animation=\"\" background_color=\"#f9f9f9\" css=\".vc_custom_1697805785032{padding-top: 32px !important;padding-right: 32px !important;padding-bottom: 32px !important;padding-left: 32px !important;}\"][vc_column_inner][vc_column_text]<\/p>\n<h2><span style=\"color: #000; font-size: 1.2em; font-weight: 900;\">Documentazione Stormshield<\/span><\/h2>\n<p><span style=\"color: #000000;\"><span style=\"font-size: 1.1em;\">Siete alla ricerca di schede prodotto, brochure, video di presentazione, webinar, testimonianze di clienti, opinioni di esperti e white paper? Tutte queste informazioni di marketing sono disponibili su questo sito.<\/span><\/span><\/p>\n<p><span style=\"color: #000000;\"><span style=\"font-size: 1.1em;\">Se state cercando manuali d'uso, guide all'installazione e note di rilascio per i vostri prodotti Stormshield, visitate il sito della Documentazione tecnica.<\/span><\/span>[\/vc_column_text][vc_empty_space]<a  itemprop=\"url\" href=\"https:\/\/www.stormshield.com\/it\/documentation\/\" target=\"_blank\" data-hover-background-color=\"#d23467\" data-hover-border-color=\"#ffffff\" class=\"qbutton  center white enlarge\" style=\"border-color: #ffffff; background-color:#060051;\">Documentazione di marketing<i class=\"qode_icon_font_awesome fa fa-angle-right qode_button_icon_element\"><\/i><\/a>[vc_empty_space height=\"12px\"]<a  itemprop=\"url\" href=\"https:\/\/documentation.stormshield.eu\/\" target=\"_blank\" data-hover-background-color=\"#d23467\" data-hover-border-color=\"#ffffff\" class=\"qbutton  center white enlarge\" style=\"border-color: #ffffff; background-color:#060051;\">Documentazione tecnica<i class=\"qode_icon_font_awesome fa fa-angle-right qode_button_icon_element\"><\/i><\/a>[\/vc_column_inner][\/vc_row_inner][\/vc_column][\/vc_row]<\/p>\n<\/div>","protected":false},"excerpt":{"rendered":"<p>[vc_row css_animation=&#8221;&#8221; row_type=&#8221;row&#8221; use_row_as_full_screen_section=&#8221;no&#8221; type=&#8221;grid&#8221; angled_section=&#8221;no&#8221; text_align=&#8221;left&#8221; background_image_as_pattern=&#8221;without_pattern&#8221; z_index=&#8221;&#8221; padding_top=&#8221;50&#8243; padding_bottom=&#8221;50&#8243;][vc_column][vc_empty_space][vc_column_text] Accesso alla cyber-serenit\u00e0 con l&#8217;offerta di servizi Stormshield [\/vc_column_text][vc_empty_space][\/vc_column][\/vc_row][vc_row css_animation=&#8221;&#8221; row_type=&#8221;row&#8221; use_row_as_full_screen_section=&#8221;no&#8221; type=&#8221;grid&#8221; angled_section=&#8221;no&#8221; text_align=&#8221;left&#8221; background_image_as_pattern=&#8221;without_pattern&#8221; z_index=&#8221;&#8221; padding_bottom=&#8221;50&#8243;][vc_column][vc_column_text]La sicurezza informatica non \u00e8 un concetto semplice. L\u2019evoluzione delle minacce ci impone di pensare alla sicurezza&#8230;<\/p>\n","protected":false},"author":1,"featured_media":0,"parent":317262,"menu_order":208,"comment_status":"closed","ping_status":"closed","template":"full_width.php","meta":{"_acf_changed":false,"footnotes":""},"class_list":["post-317276","page","type-page","status-publish","hentry"],"acf":[],"yoast_head":"<!-- This site is optimized with the Yoast SEO plugin v27.0 - https:\/\/yoast.com\/product\/yoast-seo-wordpress\/ -->\n<title>Servizi locali a vostro supporto | Stormshield<\/title>\n<meta name=\"description\" content=\"Scoprite l&#039;ampia gamma di servizi offerti da Stormshield. Manutenzione, assistenza tecnica, formazione: un passo avanti verso la tranquillit\u00e0 informatica!\" \/>\n<meta name=\"robots\" content=\"index, follow, max-snippet:-1, max-image-preview:large, max-video-preview:-1\" \/>\n<link rel=\"canonical\" href=\"https:\/\/www.stormshield.com\/it\/il-nostro-supporto\/servizi\/\" \/>\n<meta property=\"og:locale\" content=\"it_IT\" \/>\n<meta property=\"og:type\" content=\"article\" \/>\n<meta property=\"og:title\" content=\"Servizi locali a vostro supporto | Stormshield\" \/>\n<meta property=\"og:description\" content=\"Scoprite l&#039;ampia gamma di servizi offerti da Stormshield. Manutenzione, assistenza tecnica, formazione: un passo avanti verso la tranquillit\u00e0 informatica!\" \/>\n<meta property=\"og:url\" content=\"https:\/\/www.stormshield.com\/it\/il-nostro-supporto\/servizi\/\" \/>\n<meta property=\"og:site_name\" content=\"Stormshield\" \/>\n<meta property=\"article:modified_time\" content=\"2025-10-27T07:45:54+00:00\" \/>\n<meta property=\"og:image\" content=\"https:\/\/www.stormshield.com\/wp-content\/uploads\/stormshield_logo.png\" \/>\n\t<meta property=\"og:image:width\" content=\"204\" \/>\n\t<meta property=\"og:image:height\" content=\"94\" \/>\n\t<meta property=\"og:image:type\" content=\"image\/png\" \/>\n<meta name=\"twitter:card\" content=\"summary_large_image\" \/>\n<meta name=\"twitter:site\" content=\"@Stormshield\" \/>\n<meta name=\"twitter:label1\" content=\"Tempo di lettura stimato\" \/>\n\t<meta name=\"twitter:data1\" content=\"4 minuti\" \/>\n<script type=\"application\/ld+json\" class=\"yoast-schema-graph\">{\"@context\":\"https:\/\/schema.org\",\"@graph\":[{\"@type\":\"WebPage\",\"@id\":\"https:\/\/www.stormshield.com\/it\/il-nostro-supporto\/servizi\/\",\"url\":\"https:\/\/www.stormshield.com\/it\/il-nostro-supporto\/servizi\/\",\"name\":\"Servizi locali a vostro supporto | Stormshield\",\"isPartOf\":{\"@id\":\"https:\/\/www.stormshield.com\/it\/#website\"},\"datePublished\":\"2016-12-05T15:24:25+00:00\",\"dateModified\":\"2025-10-27T07:45:54+00:00\",\"description\":\"Scoprite l'ampia gamma di servizi offerti da Stormshield. Manutenzione, assistenza tecnica, formazione: un passo avanti verso la tranquillit\u00e0 informatica!\",\"breadcrumb\":{\"@id\":\"https:\/\/www.stormshield.com\/it\/il-nostro-supporto\/servizi\/#breadcrumb\"},\"inLanguage\":\"it-IT\",\"potentialAction\":[{\"@type\":\"ReadAction\",\"target\":[\"https:\/\/www.stormshield.com\/it\/il-nostro-supporto\/servizi\/\"]}]},{\"@type\":\"BreadcrumbList\",\"@id\":\"https:\/\/www.stormshield.com\/it\/il-nostro-supporto\/servizi\/#breadcrumb\",\"itemListElement\":[{\"@type\":\"ListItem\",\"position\":1,\"name\":\"Home\",\"item\":\"https:\/\/www.stormshield.com\/it\/\"},{\"@type\":\"ListItem\",\"position\":2,\"name\":\"Il nostro supporto\",\"item\":\"https:\/\/www.stormshield.com\/it\/il-nostro-supporto\/\"},{\"@type\":\"ListItem\",\"position\":3,\"name\":\"Servizi\"}]},{\"@type\":\"WebSite\",\"@id\":\"https:\/\/www.stormshield.com\/it\/#website\",\"url\":\"https:\/\/www.stormshield.com\/it\/\",\"name\":\"Stormshield\",\"description\":\"Stormshield\",\"potentialAction\":[{\"@type\":\"SearchAction\",\"target\":{\"@type\":\"EntryPoint\",\"urlTemplate\":\"https:\/\/www.stormshield.com\/it\/?s={search_term_string}\"},\"query-input\":{\"@type\":\"PropertyValueSpecification\",\"valueRequired\":true,\"valueName\":\"search_term_string\"}}],\"inLanguage\":\"it-IT\"}]}<\/script>\n<!-- \/ Yoast SEO plugin. -->","yoast_head_json":{"title":"Servizi locali a vostro supporto | Stormshield","description":"Scoprite l'ampia gamma di servizi offerti da Stormshield. Manutenzione, assistenza tecnica, formazione: un passo avanti verso la tranquillit\u00e0 informatica!","robots":{"index":"index","follow":"follow","max-snippet":"max-snippet:-1","max-image-preview":"max-image-preview:large","max-video-preview":"max-video-preview:-1"},"canonical":"https:\/\/www.stormshield.com\/it\/il-nostro-supporto\/servizi\/","og_locale":"it_IT","og_type":"article","og_title":"Servizi locali a vostro supporto | Stormshield","og_description":"Scoprite l'ampia gamma di servizi offerti da Stormshield. Manutenzione, assistenza tecnica, formazione: un passo avanti verso la tranquillit\u00e0 informatica!","og_url":"https:\/\/www.stormshield.com\/it\/il-nostro-supporto\/servizi\/","og_site_name":"Stormshield","article_modified_time":"2025-10-27T07:45:54+00:00","og_image":[{"width":204,"height":94,"url":"https:\/\/www.stormshield.com\/wp-content\/uploads\/stormshield_logo.png","type":"image\/png"}],"twitter_card":"summary_large_image","twitter_site":"@Stormshield","twitter_misc":{"Tempo di lettura stimato":"4 minuti"},"schema":{"@context":"https:\/\/schema.org","@graph":[{"@type":"WebPage","@id":"https:\/\/www.stormshield.com\/it\/il-nostro-supporto\/servizi\/","url":"https:\/\/www.stormshield.com\/it\/il-nostro-supporto\/servizi\/","name":"Servizi locali a vostro supporto | Stormshield","isPartOf":{"@id":"https:\/\/www.stormshield.com\/it\/#website"},"datePublished":"2016-12-05T15:24:25+00:00","dateModified":"2025-10-27T07:45:54+00:00","description":"Scoprite l'ampia gamma di servizi offerti da Stormshield. Manutenzione, assistenza tecnica, formazione: un passo avanti verso la tranquillit\u00e0 informatica!","breadcrumb":{"@id":"https:\/\/www.stormshield.com\/it\/il-nostro-supporto\/servizi\/#breadcrumb"},"inLanguage":"it-IT","potentialAction":[{"@type":"ReadAction","target":["https:\/\/www.stormshield.com\/it\/il-nostro-supporto\/servizi\/"]}]},{"@type":"BreadcrumbList","@id":"https:\/\/www.stormshield.com\/it\/il-nostro-supporto\/servizi\/#breadcrumb","itemListElement":[{"@type":"ListItem","position":1,"name":"Home","item":"https:\/\/www.stormshield.com\/it\/"},{"@type":"ListItem","position":2,"name":"Il nostro supporto","item":"https:\/\/www.stormshield.com\/it\/il-nostro-supporto\/"},{"@type":"ListItem","position":3,"name":"Servizi"}]},{"@type":"WebSite","@id":"https:\/\/www.stormshield.com\/it\/#website","url":"https:\/\/www.stormshield.com\/it\/","name":"Stormshield","description":"Stormshield","potentialAction":[{"@type":"SearchAction","target":{"@type":"EntryPoint","urlTemplate":"https:\/\/www.stormshield.com\/it\/?s={search_term_string}"},"query-input":{"@type":"PropertyValueSpecification","valueRequired":true,"valueName":"search_term_string"}}],"inLanguage":"it-IT"}]}},"_links":{"self":[{"href":"https:\/\/www.stormshield.com\/it\/wp-json\/wp\/v2\/pages\/317276","targetHints":{"allow":["GET"]}}],"collection":[{"href":"https:\/\/www.stormshield.com\/it\/wp-json\/wp\/v2\/pages"}],"about":[{"href":"https:\/\/www.stormshield.com\/it\/wp-json\/wp\/v2\/types\/page"}],"author":[{"embeddable":true,"href":"https:\/\/www.stormshield.com\/it\/wp-json\/wp\/v2\/users\/1"}],"replies":[{"embeddable":true,"href":"https:\/\/www.stormshield.com\/it\/wp-json\/wp\/v2\/comments?post=317276"}],"version-history":[{"count":11,"href":"https:\/\/www.stormshield.com\/it\/wp-json\/wp\/v2\/pages\/317276\/revisions"}],"predecessor-version":[{"id":691632,"href":"https:\/\/www.stormshield.com\/it\/wp-json\/wp\/v2\/pages\/317276\/revisions\/691632"}],"up":[{"embeddable":true,"href":"https:\/\/www.stormshield.com\/it\/wp-json\/wp\/v2\/pages\/317262"}],"wp:attachment":[{"href":"https:\/\/www.stormshield.com\/it\/wp-json\/wp\/v2\/media?parent=317276"}],"curies":[{"name":"wp","href":"https:\/\/api.w.org\/{rel}","templated":true}]}}