{"id":317242,"date":"2021-09-20T14:56:41","date_gmt":"2021-09-20T13:56:41","guid":{"rendered":"https:\/\/www.stormshield.com\/prodotti-e-soluzioni\/prodotti\/protection-industrielle\/"},"modified":"2024-12-02T15:26:48","modified_gmt":"2024-12-02T14:26:48","slug":"protezione-industriale","status":"publish","type":"page","link":"https:\/\/www.stormshield.com\/it\/prodotti-e-soluzioni\/prodotti\/protezione-industriale\/","title":{"rendered":"Sicurezza e protezione &#8211; OT"},"content":{"rendered":"<div class=\"wpb-content-wrapper\"><p>[vc_row css_animation=\"\" row_type=\"row\" use_row_as_full_screen_section=\"no\" type=\"grid\" angled_section=\"no\" text_align=\"left\" background_image_as_pattern=\"without_pattern\" z_index=\"\" padding_top=\"50\" padding_bottom=\"50\"][vc_column][vc_column_text css=\"\"]<\/p>\n<h1 style=\"text-align: center;\"><span style=\"color: #00aaf5;\"><span style=\"font-weight: 900; font-size: 1.5em;\">Sicurezza informatica industriale e protezione OT:<\/span><\/span><span style=\"color: #00aaf5;\"><span style=\"font-weight: 300; font-size: 1.5em;\"> un metodo globale firmato Stormshield<\/span><\/span><\/h1>\n<p>[\/vc_column_text][\/vc_column][\/vc_row][vc_row css_animation=\"\" row_type=\"row\" use_row_as_full_screen_section=\"no\" type=\"grid\" angled_section=\"no\" text_align=\"left\" background_image_as_pattern=\"without_pattern\" z_index=\"\" padding_top=\"50\" padding_bottom=\"50\"][vc_column][vc_row_inner row_type=\"row\" type=\"full_width\" text_align=\"left\" css_animation=\"\"][vc_column_inner width=\"2\/3\"][vc_column_text css=\"\"]<span style=\"color: #000; font-size: 1.1em;\"><strong>Per affrontare le minacce informatiche rivolte alle reti operative (OT), sempre pi\u00f9 pressanti con la diffusione dell'Industria 4.0 e Industria 5.0 (Cloud, Big Data, 5G, Internet of Things), Stormshield propone un approccio unico e completo.<\/strong> L'obiettivo \u00e8 garantire il corretto funzionamento delle reti e la continuit\u00e0 delle attivit\u00e0 per tutti gli operatori del settore energetico, dei trasporti, dell'industria, della sanit\u00e0, ecc.<\/span>[\/vc_column_text][vc_empty_space][\/vc_column_inner][vc_column_inner width=\"1\/3\"][vc_single_image image=\"456871\" alignment=\"center\" css=\"\" qode_css_animation=\"\" qode_hover_animation=\"zoom_in\"][vc_empty_space][\/vc_column_inner][\/vc_row_inner][\/vc_column][\/vc_row][vc_row css_animation=\"\" row_type=\"row\" use_row_as_full_screen_section=\"no\" type=\"grid\" angled_section=\"no\" text_align=\"left\" background_image_as_pattern=\"without_pattern\" z_index=\"\" padding_bottom=\"50\" padding_top=\"50\"][vc_column][vc_row_inner row_type=\"row\" type=\"full_width\" text_align=\"left\" css_animation=\"\" css=\".vc_custom_1716896100163{padding-top: 32px !important;padding-right: 32px !important;padding-bottom: 32px !important;padding-left: 32px !important;background-color: #f9f9f9 !important;}\"][vc_column_inner width=\"1\/2\"][vc_column_text css=\"\"]<\/p>\n<h2><span style=\"color: #000; font-size: 1.2em; font-weight: 900;\">Minacce informatiche crescenti per l'OT<\/span><\/h2>\n<p><span style=\"color: #000; font-size: 1.1em;\">Con la digitalizzazione e l\u2019automazione dei processi, le reti operative (OT) sono sempre pi\u00f9 aperte e connesse a Internet, determinando una convergenza delle infrastrutture IT e OT. <strong>Di conseguenza, le aziende che gestiscono sistemi industriali si trovano ad affrontare maggiori rischi in termini di sicurezza informatica: spionaggio, sabotaggio, alterazione dei dati, ecc. La superficie di attacco sta aumentando in maniera esponenziale, con il rischio di un blocco totale della produzione.<\/strong><\/span><\/p>\n<p><span style=\"color: #000; font-size: 1.1em;\">Si tratta di un campanello d'allarme sull'importanza della protezione delle infrastrutture critiche e di un'efficace sicurezza informatica industriale.<\/span>[\/vc_column_text][vc_empty_space][\/vc_column_inner][vc_column_inner width=\"1\/2\"][vc_empty_space][vc_single_image image=\"252899\" img_size=\"large\" alignment=\"center\" css=\"\" qode_css_animation=\"\" qode_hover_animation=\"zoom_in\"][vc_empty_space][\/vc_column_inner][\/vc_row_inner][\/vc_column][\/vc_row][vc_row css_animation=\"\" row_type=\"row\" use_row_as_full_screen_section=\"no\" type=\"grid\" angled_section=\"no\" text_align=\"left\" background_image_as_pattern=\"without_pattern\" z_index=\"\" padding_top=\"50\" padding_bottom=\"50\" css=\".vc_custom_1716896629849{background-color: #060051 !important;}\"][vc_column][vc_row_inner row_type=\"row\" type=\"full_width\" text_align=\"left\" css_animation=\"\"][vc_column_inner width=\"2\/3\"][vc_column_text css=\"\"]<\/p>\n<h2><span style=\"font-size: 1.2em; font-weight: 900; color: #ffffff;\">Rilevamento delle minacce e protezione delle attivit\u00e0 industriali con Stormshield<\/span><\/h2>\n<p><span style=\"font-size: 1.1em; color: #ffffff;\">Stormshield, impegnato nella cybersecurity industriale. In questo contesto, <strong>Stormshield offre un approccio globale per la protezione dell\u2019intera catena operativa, garantendo la disponibilit\u00e0, l\u2019integrit\u00e0 e il corretto funzionamento dei processi aziendali, nonch\u00e9 il proseguimento delle attivit\u00e0 aziendali.<\/strong> Tale approccio si basa sulla combinazione di diversi fattori: protezione della rete, delle postazioni di lavoro e dei server, interoperabilit\u00e0, monitoraggio e gestione della rete. Una combinazione unica di soluzioni di protezione IT e OT per proteggere i sistemi di produzione.[\/vc_column_text][vc_empty_space]<a  itemprop=\"url\" href=\"https:\/\/www.stormshield.com\/wp-content\/uploads\/SNS-IT-Security-Solutions-for-Industrial-Brochure.pdf\" target=\"_blank\" data-hover-background-color=\"#00aeef\" data-hover-border-color=\"#00aeef\" class=\"qbutton  white enlarge\" style=\"border-color: #ffffff; background-color:#060051;\">Scarica la brochure Stormshield<i class=\"qode_icon_font_awesome fa fa-download qode_button_icon_element\"><\/i><\/a>[vc_empty_space height=\"12px\"]<a  itemprop=\"url\" href=\"https:\/\/www.stormshield.com\/it\/prodotti-e-soluzioni\/prodotti\/protezione-industriale\/le-nostre-caratteristiche-ot\/\" target=\"_blank\" data-hover-background-color=\"#00aeef\" data-hover-border-color=\"#00aeef\" class=\"qbutton  white enlarge\" style=\"border-color: #ffffff; background-color:#060051;\">Scoprite le caratteristiche delle soluzioni Stormshield<i class=\"qode_icon_font_awesome fa fa-angle-right qode_button_icon_element\"><\/i><\/a>[vc_empty_space height=\"12px\"]<a  itemprop=\"url\" href=\"http:\/\/Scoprite%20i%20firewall%20industriali%20Stormshield\" target=\"_blank\" data-hover-background-color=\"#00aeef\" data-hover-border-color=\"#00aeef\" class=\"qbutton  white enlarge\" style=\"border-color: #ffffff; background-color:#060051;\">Scoprite i firewall industriali Stormshield<i class=\"qode_icon_font_awesome fa fa-angle-right qode_button_icon_element\"><\/i><\/a>[vc_empty_space][\/vc_column_inner][vc_column_inner width=\"1\/3\"][vc_single_image image=\"195466\" img_size=\"large\" alignment=\"center\" onclick=\"custom_link\" img_link_target=\"_blank\" css=\"\" qode_css_animation=\"\" qode_hover_animation=\"zoom_in\" link=\"https:\/\/www.stormshield.com\/it\/prodotti-e-soluzioni\/prodotti\/protezione-industriale\/gamma-ot\/\"][vc_single_image image=\"195496\" img_size=\"large\" alignment=\"center\" onclick=\"custom_link\" img_link_target=\"_blank\" css=\"\" qode_css_animation=\"\" qode_hover_animation=\"zoom_in\" link=\"https:\/\/www.stormshield.com\/it\/prodotti-e-soluzioni\/prodotti\/protezione-industriale\/gamma-ot\/\"][\/vc_column_inner][\/vc_row_inner][\/vc_column][\/vc_row][vc_row css_animation=\"\" row_type=\"row\" use_row_as_full_screen_section=\"no\" type=\"grid\" angled_section=\"no\" text_align=\"left\" background_image_as_pattern=\"without_pattern\" z_index=\"\" padding_bottom=\"50\" padding_top=\"50\"][vc_column][vc_row_inner row_type=\"row\" type=\"full_width\" text_align=\"left\" css_animation=\"\" css=\".vc_custom_1716896100163{padding-top: 32px !important;padding-right: 32px !important;padding-bottom: 32px !important;padding-left: 32px !important;background-color: #f9f9f9 !important;}\"][vc_column_inner width=\"2\/3\"][vc_column_text css=\"\"]<\/span><\/p>\n<h2><span style=\"color: #000; font-size: 1.2em; font-weight: 900;\">Conoscere lo standard IEC 62443 e la certificazione<\/span><\/h2>\n<p><span style=\"color: #000; font-size: 1.1em;\"><strong>Il ramo di certificazione IEC 62443-4 attesta che un prodotto (hardware, componente o sistema) \u00e8 conforme ai requisiti descritti nella parte 62443-4 della norma IEC 62443.<\/strong> Questo ramo riguarda quindi i prodotti che vengono impiegati e utilizzati nei sistemi di automazione e controllo industriale. Pi\u00f9 in dettaglio, la parte IEC 62443-4-1 della norma specifica i requisiti per garantire un ciclo di vita di sviluppo sicuro. L'obiettivo principale di questi requisiti \u00e8 fornire un quadro di riferimento per l'adozione di un approccio alla sicurezza e alla difesa in profondit\u00e0 nella progettazione, costruzione, manutenzione e dismissione dei prodotti utilizzati nei sistemi di automazione e controllo industriale.<\/span><\/p>\n<p><span style=\"color: #000; font-size: 1.1em;\"><strong>Le tre gamme di prodotti Stormshield soddisfano le regole di sicurezza dei requisiti fondamentali dello standard.<\/strong> Aiutano i sistemi di automazione e controllo industriale a conformarsi alla norma IEC 62443 fornendo protezione perimetrale, protezione delle postazioni di lavoro e protezione dei dati end-to-end. Per saperne di pi\u00f9, consultate il nostro white paper sull'argomento.<\/span>[\/vc_column_text][vc_empty_space]<a  itemprop=\"url\" href=\"https:\/\/www.stormshield.com\/it\/ressourcescenter\/whitepaper-tutto-quello-che-ce-da-sapere-sulla-norma-iec-62443-per-migliorare-la-protezione-del-vostro-sistema-operativo\/\" target=\"_blank\" data-hover-background-color=\"#00aeef\" data-hover-border-color=\"#00aeef\" class=\"qbutton  white enlarge\" style=\"border-color: #ffffff; background-color:#060051;\">Scarica il nostro libro bianco<i class=\"qode_icon_font_awesome fa fa-download qode_button_icon_element\"><\/i><\/a>[vc_empty_space][\/vc_column_inner][vc_column_inner width=\"1\/3\"][vc_empty_space][vc_single_image image=\"592091\" img_size=\"large\" alignment=\"center\" onclick=\"custom_link\" img_link_target=\"_blank\" css=\"\" qode_css_animation=\"\" qode_hover_animation=\"zoom_in\" link=\"https:\/\/www.stormshield.com\/it\/ressourcescenter\/whitepaper-tutto-quello-che-ce-da-sapere-sulla-norma-iec-62443-per-migliorare-la-protezione-del-vostro-sistema-operativo\/\"][vc_empty_space][\/vc_column_inner][\/vc_row_inner][\/vc_column][\/vc_row][vc_row css_animation=\"\" row_type=\"row\" use_row_as_full_screen_section=\"no\" type=\"grid\" angled_section=\"no\" text_align=\"left\" background_image_as_pattern=\"without_pattern\" z_index=\"\" padding_top=\"50\" padding_bottom=\"50\"][vc_column][vc_row_inner row_type=\"row\" type=\"full_width\" text_align=\"left\" css_animation=\"\"][vc_column_inner width=\"1\/2\"][vc_column_text css=\"\"]<\/p>\n<h2><span style=\"color: #000; font-size: 1.2em; font-weight: 900;\">Un ecosistema di partner tecnologici<\/span><\/h2>\n<p><span style=\"color: #000; font-size: 1.1em;\">Nella lotta contro le minacce informatiche, puntiamo sullo scambio e sulla collaborazione. In questo contesto, collaboriamo con diversi operatori industriali francesi e internazionali (Nozomi Networks, Schneider Electric, Seclab, Siemens e Yokogawa) <strong>con i quali abbiamo instaurato partnership di fiducia con lo scopo di proteggere l\u2019industria di domani.<\/strong><\/span>[\/vc_column_text][vc_empty_space]<a  itemprop=\"url\" href=\"https:\/\/www.stormshield.com\/it\/chi-siamo\/ecosistema-dei-partner-tecnologici\/\" target=\"_blank\" data-hover-background-color=\"#00aeef\" data-hover-border-color=\"#00aeef\" class=\"qbutton  white enlarge\" style=\"border-color: #ffffff; background-color:#060051;\">Sfoglia il nostro ecosistema di partner industriali<i class=\"qode_icon_font_awesome fa fa-angle-right qode_button_icon_element\"><\/i><\/a>[vc_empty_space][\/vc_column_inner][vc_column_inner width=\"1\/2\"][vc_empty_space][vc_video link=\"https:\/\/youtu.be\/l6mod0aHe38\" align=\"center\"][\/vc_column_inner][\/vc_row_inner][\/vc_column][\/vc_row]<\/p>\n<\/div>","protected":false},"excerpt":{"rendered":"<p>[vc_row css_animation=&#8221;&#8221; row_type=&#8221;row&#8221; use_row_as_full_screen_section=&#8221;no&#8221; type=&#8221;grid&#8221; angled_section=&#8221;no&#8221; text_align=&#8221;left&#8221; background_image_as_pattern=&#8221;without_pattern&#8221; z_index=&#8221;&#8221; padding_top=&#8221;50&#8243; padding_bottom=&#8221;50&#8243;][vc_column][vc_column_text css=&#8221;&#8221;] Sicurezza informatica industriale e protezione OT: un metodo globale firmato Stormshield [\/vc_column_text][\/vc_column][\/vc_row][vc_row css_animation=&#8221;&#8221; row_type=&#8221;row&#8221; use_row_as_full_screen_section=&#8221;no&#8221; type=&#8221;grid&#8221; angled_section=&#8221;no&#8221; text_align=&#8221;left&#8221; background_image_as_pattern=&#8221;without_pattern&#8221; z_index=&#8221;&#8221; padding_top=&#8221;50&#8243; padding_bottom=&#8221;50&#8243;][vc_column][vc_row_inner row_type=&#8221;row&#8221; type=&#8221;full_width&#8221; text_align=&#8221;left&#8221; css_animation=&#8221;&#8221;][vc_column_inner width=&#8221;2\/3&#8243;][vc_column_text css=&#8221;&#8221;]Per affrontare le minacce informatiche rivolte&#8230;<\/p>\n","protected":false},"author":31,"featured_media":0,"parent":316936,"menu_order":278,"comment_status":"closed","ping_status":"closed","template":"full_width.php","meta":{"_acf_changed":false,"footnotes":""},"class_list":["post-317242","page","type-page","status-publish","hentry"],"acf":[],"yoast_head":"<!-- This site is optimized with the Yoast SEO plugin v27.3 - https:\/\/yoast.com\/product\/yoast-seo-wordpress\/ -->\n<title>Sicurezza e protezione - OT - Stormshield<\/title>\n<meta name=\"robots\" content=\"index, follow, max-snippet:-1, max-image-preview:large, max-video-preview:-1\" \/>\n<link rel=\"canonical\" href=\"https:\/\/www.stormshield.com\/it\/prodotti-e-soluzioni\/prodotti\/protezione-industriale\/\" \/>\n<meta property=\"og:locale\" content=\"it_IT\" \/>\n<meta property=\"og:type\" content=\"article\" \/>\n<meta property=\"og:title\" content=\"Sicurezza e protezione - OT - Stormshield\" \/>\n<meta property=\"og:description\" content=\"[vc_row css_animation=&quot;&quot; row_type=&quot;row&quot; use_row_as_full_screen_section=&quot;no&quot; type=&quot;grid&quot; angled_section=&quot;no&quot; text_align=&quot;left&quot; background_image_as_pattern=&quot;without_pattern&quot; z_index=&quot;&quot; padding_top=&quot;50&quot; padding_bottom=&quot;50&quot;][vc_column][vc_column_text css=&quot;&quot;] Sicurezza informatica industriale e protezione OT: un metodo globale firmato Stormshield [\/vc_column_text][\/vc_column][\/vc_row][vc_row css_animation=&quot;&quot; row_type=&quot;row&quot; use_row_as_full_screen_section=&quot;no&quot; type=&quot;grid&quot; angled_section=&quot;no&quot; text_align=&quot;left&quot; background_image_as_pattern=&quot;without_pattern&quot; z_index=&quot;&quot; padding_top=&quot;50&quot; padding_bottom=&quot;50&quot;][vc_column][vc_row_inner row_type=&quot;row&quot; type=&quot;full_width&quot; text_align=&quot;left&quot; css_animation=&quot;&quot;][vc_column_inner width=&quot;2\/3&quot;][vc_column_text css=&quot;&quot;]Per affrontare le minacce informatiche rivolte...\" \/>\n<meta property=\"og:url\" content=\"https:\/\/www.stormshield.com\/it\/prodotti-e-soluzioni\/prodotti\/protezione-industriale\/\" \/>\n<meta property=\"og:site_name\" content=\"Stormshield\" \/>\n<meta property=\"article:modified_time\" content=\"2024-12-02T14:26:48+00:00\" \/>\n<meta property=\"og:image\" content=\"https:\/\/www.stormshield.com\/wp-content\/uploads\/stormshield_logo.png\" \/>\n\t<meta property=\"og:image:width\" content=\"204\" \/>\n\t<meta property=\"og:image:height\" content=\"94\" \/>\n\t<meta property=\"og:image:type\" content=\"image\/png\" \/>\n<meta name=\"twitter:card\" content=\"summary_large_image\" \/>\n<meta name=\"twitter:site\" content=\"@Stormshield\" \/>\n<meta name=\"twitter:label1\" content=\"Tempo di lettura stimato\" \/>\n\t<meta name=\"twitter:data1\" content=\"4 minuti\" \/>\n<script type=\"application\/ld+json\" class=\"yoast-schema-graph\">{\"@context\":\"https:\\\/\\\/schema.org\",\"@graph\":[{\"@type\":\"WebPage\",\"@id\":\"https:\\\/\\\/www.stormshield.com\\\/it\\\/prodotti-e-soluzioni\\\/prodotti\\\/protezione-industriale\\\/\",\"url\":\"https:\\\/\\\/www.stormshield.com\\\/it\\\/prodotti-e-soluzioni\\\/prodotti\\\/protezione-industriale\\\/\",\"name\":\"Sicurezza e protezione - OT - Stormshield\",\"isPartOf\":{\"@id\":\"https:\\\/\\\/www.stormshield.com\\\/it\\\/#website\"},\"datePublished\":\"2021-09-20T13:56:41+00:00\",\"dateModified\":\"2024-12-02T14:26:48+00:00\",\"breadcrumb\":{\"@id\":\"https:\\\/\\\/www.stormshield.com\\\/it\\\/prodotti-e-soluzioni\\\/prodotti\\\/protezione-industriale\\\/#breadcrumb\"},\"inLanguage\":\"it-IT\",\"potentialAction\":[{\"@type\":\"ReadAction\",\"target\":[\"https:\\\/\\\/www.stormshield.com\\\/it\\\/prodotti-e-soluzioni\\\/prodotti\\\/protezione-industriale\\\/\"]}]},{\"@type\":\"BreadcrumbList\",\"@id\":\"https:\\\/\\\/www.stormshield.com\\\/it\\\/prodotti-e-soluzioni\\\/prodotti\\\/protezione-industriale\\\/#breadcrumb\",\"itemListElement\":[{\"@type\":\"ListItem\",\"position\":1,\"name\":\"Home\",\"item\":\"https:\\\/\\\/www.stormshield.com\\\/it\\\/\"},{\"@type\":\"ListItem\",\"position\":2,\"name\":\"Prodotti e soluzioni\",\"item\":\"https:\\\/\\\/www.stormshield.com\\\/it\\\/prodotti-e-soluzioni\\\/\"},{\"@type\":\"ListItem\",\"position\":3,\"name\":\"Tutti i prodotti\",\"item\":\"https:\\\/\\\/www.stormshield.com\\\/it\\\/prodotti-e-soluzioni\\\/prodotti\\\/\"},{\"@type\":\"ListItem\",\"position\":4,\"name\":\"Sicurezza e protezione &#8211; OT\"}]},{\"@type\":\"WebSite\",\"@id\":\"https:\\\/\\\/www.stormshield.com\\\/it\\\/#website\",\"url\":\"https:\\\/\\\/www.stormshield.com\\\/it\\\/\",\"name\":\"Stormshield\",\"description\":\"Stormshield\",\"potentialAction\":[{\"@type\":\"SearchAction\",\"target\":{\"@type\":\"EntryPoint\",\"urlTemplate\":\"https:\\\/\\\/www.stormshield.com\\\/it\\\/?s={search_term_string}\"},\"query-input\":{\"@type\":\"PropertyValueSpecification\",\"valueRequired\":true,\"valueName\":\"search_term_string\"}}],\"inLanguage\":\"it-IT\"}]}<\/script>\n<!-- \/ Yoast SEO plugin. -->","yoast_head_json":{"title":"Sicurezza e protezione - OT - Stormshield","robots":{"index":"index","follow":"follow","max-snippet":"max-snippet:-1","max-image-preview":"max-image-preview:large","max-video-preview":"max-video-preview:-1"},"canonical":"https:\/\/www.stormshield.com\/it\/prodotti-e-soluzioni\/prodotti\/protezione-industriale\/","og_locale":"it_IT","og_type":"article","og_title":"Sicurezza e protezione - OT - Stormshield","og_description":"[vc_row css_animation=\"\" row_type=\"row\" use_row_as_full_screen_section=\"no\" type=\"grid\" angled_section=\"no\" text_align=\"left\" background_image_as_pattern=\"without_pattern\" z_index=\"\" padding_top=\"50\" padding_bottom=\"50\"][vc_column][vc_column_text css=\"\"] Sicurezza informatica industriale e protezione OT: un metodo globale firmato Stormshield [\/vc_column_text][\/vc_column][\/vc_row][vc_row css_animation=\"\" row_type=\"row\" use_row_as_full_screen_section=\"no\" type=\"grid\" angled_section=\"no\" text_align=\"left\" background_image_as_pattern=\"without_pattern\" z_index=\"\" padding_top=\"50\" padding_bottom=\"50\"][vc_column][vc_row_inner row_type=\"row\" type=\"full_width\" text_align=\"left\" css_animation=\"\"][vc_column_inner width=\"2\/3\"][vc_column_text css=\"\"]Per affrontare le minacce informatiche rivolte...","og_url":"https:\/\/www.stormshield.com\/it\/prodotti-e-soluzioni\/prodotti\/protezione-industriale\/","og_site_name":"Stormshield","article_modified_time":"2024-12-02T14:26:48+00:00","og_image":[{"width":204,"height":94,"url":"https:\/\/www.stormshield.com\/wp-content\/uploads\/stormshield_logo.png","type":"image\/png"}],"twitter_card":"summary_large_image","twitter_site":"@Stormshield","twitter_misc":{"Tempo di lettura stimato":"4 minuti"},"schema":{"@context":"https:\/\/schema.org","@graph":[{"@type":"WebPage","@id":"https:\/\/www.stormshield.com\/it\/prodotti-e-soluzioni\/prodotti\/protezione-industriale\/","url":"https:\/\/www.stormshield.com\/it\/prodotti-e-soluzioni\/prodotti\/protezione-industriale\/","name":"Sicurezza e protezione - OT - Stormshield","isPartOf":{"@id":"https:\/\/www.stormshield.com\/it\/#website"},"datePublished":"2021-09-20T13:56:41+00:00","dateModified":"2024-12-02T14:26:48+00:00","breadcrumb":{"@id":"https:\/\/www.stormshield.com\/it\/prodotti-e-soluzioni\/prodotti\/protezione-industriale\/#breadcrumb"},"inLanguage":"it-IT","potentialAction":[{"@type":"ReadAction","target":["https:\/\/www.stormshield.com\/it\/prodotti-e-soluzioni\/prodotti\/protezione-industriale\/"]}]},{"@type":"BreadcrumbList","@id":"https:\/\/www.stormshield.com\/it\/prodotti-e-soluzioni\/prodotti\/protezione-industriale\/#breadcrumb","itemListElement":[{"@type":"ListItem","position":1,"name":"Home","item":"https:\/\/www.stormshield.com\/it\/"},{"@type":"ListItem","position":2,"name":"Prodotti e soluzioni","item":"https:\/\/www.stormshield.com\/it\/prodotti-e-soluzioni\/"},{"@type":"ListItem","position":3,"name":"Tutti i prodotti","item":"https:\/\/www.stormshield.com\/it\/prodotti-e-soluzioni\/prodotti\/"},{"@type":"ListItem","position":4,"name":"Sicurezza e protezione &#8211; OT"}]},{"@type":"WebSite","@id":"https:\/\/www.stormshield.com\/it\/#website","url":"https:\/\/www.stormshield.com\/it\/","name":"Stormshield","description":"Stormshield","potentialAction":[{"@type":"SearchAction","target":{"@type":"EntryPoint","urlTemplate":"https:\/\/www.stormshield.com\/it\/?s={search_term_string}"},"query-input":{"@type":"PropertyValueSpecification","valueRequired":true,"valueName":"search_term_string"}}],"inLanguage":"it-IT"}]}},"_links":{"self":[{"href":"https:\/\/www.stormshield.com\/it\/wp-json\/wp\/v2\/pages\/317242","targetHints":{"allow":["GET"]}}],"collection":[{"href":"https:\/\/www.stormshield.com\/it\/wp-json\/wp\/v2\/pages"}],"about":[{"href":"https:\/\/www.stormshield.com\/it\/wp-json\/wp\/v2\/types\/page"}],"author":[{"embeddable":true,"href":"https:\/\/www.stormshield.com\/it\/wp-json\/wp\/v2\/users\/31"}],"replies":[{"embeddable":true,"href":"https:\/\/www.stormshield.com\/it\/wp-json\/wp\/v2\/comments?post=317242"}],"version-history":[{"count":16,"href":"https:\/\/www.stormshield.com\/it\/wp-json\/wp\/v2\/pages\/317242\/revisions"}],"predecessor-version":[{"id":317244,"href":"https:\/\/www.stormshield.com\/it\/wp-json\/wp\/v2\/pages\/317242\/revisions\/317244"}],"up":[{"embeddable":true,"href":"https:\/\/www.stormshield.com\/it\/wp-json\/wp\/v2\/pages\/316936"}],"wp:attachment":[{"href":"https:\/\/www.stormshield.com\/it\/wp-json\/wp\/v2\/media?parent=317242"}],"curies":[{"name":"wp","href":"https:\/\/api.w.org\/{rel}","templated":true}]}}