{"id":317144,"date":"2021-02-09T16:39:50","date_gmt":"2021-02-09T15:39:50","guid":{"rendered":"https:\/\/www.stormshield.com\/prodotti-e-soluzioni\/prodotti\/protezione-della-rete-aziendale\/outil-administration-sns\/"},"modified":"2026-03-27T14:48:42","modified_gmt":"2026-03-27T13:48:42","slug":"strumenti-di-gestione-sns","status":"publish","type":"page","link":"https:\/\/www.stormshield.com\/it\/prodotti-e-soluzioni\/prodotti\/protezione-della-rete-aziendale\/strumenti-di-gestione-sns\/","title":{"rendered":"Strumenti di gestione del firewall SNS"},"content":{"rendered":"<div class=\"wpb-content-wrapper\"><p>[vc_row css_animation=\"\" row_type=\"row\" use_row_as_full_screen_section=\"no\" type=\"grid\" angled_section=\"no\" text_align=\"left\" background_image_as_pattern=\"without_pattern\" z_index=\"\" padding_top=\"50\" padding_bottom=\"50\"][vc_column][vc_row_inner row_type=\"row\" type=\"full_width\" text_align=\"left\" css_animation=\"\"][vc_column_inner][vc_column_text]<\/p>\n<h1 style=\"text-align: center;\"><span style=\"color: #00aaf5;\"><span style=\"font-weight: 300; font-size: 1.5em;\">Ottimizzate la vostra sicurezza e l\u2019efficacia della vostra protezione<\/span><\/span><span style=\"color: #00aaf5;\"><span style=\"font-weight: 900; font-size: 1.5em;\"> con strumenti di gestione del firewall SNS<\/span><\/span><\/h1>\n<p>[\/vc_column_text][\/vc_column_inner][\/vc_row_inner][\/vc_column][\/vc_row][vc_row css_animation=\"\" row_type=\"row\" use_row_as_full_screen_section=\"no\" type=\"grid\" angled_section=\"no\" text_align=\"left\" background_image_as_pattern=\"without_pattern\" z_index=\"\"][vc_column][vc_row_inner row_type=\"row\" type=\"full_width\" text_align=\"left\" css_animation=\"\"][vc_column_inner width=\"1\/2\" css=\".vc_custom_1706169633299{padding-top: 32px !important;padding-right: 32px !important;padding-bottom: 32px !important;padding-left: 32px !important;}\"][vc_single_image image=\"253799\" img_size=\"medium\" alignment=\"center\" qode_css_animation=\"\"][vc_column_text]<\/p>\n<h2><span style=\"color: #000; font-size: 1.2em; font-weight: 900;\">SMC: la gestione centralizzata dei firewall Stormshield<\/span><\/h2>\n<p><span style=\"color: #000; font-size: 1.1em;\"><strong>Con la soluzione Stormshield Management Center (SMC),<\/strong> potrete gestire in modo centralizzato e sicuro i vostri firewall Stormshield Network Security.<\/span><\/p>\n<p><span style=\"color: #000; font-size: 1.1em;\">Inoltre, grazie all\u2019interfaccia grafica intuitiva del sistema SMC e alle sue funzionalit\u00e0, potrete ottimizzare le vostre attivit\u00e0 di monitoraggio, configurazione e manutenzione. Niente pi\u00f9 attivit\u00e0 ripetitive<\/span>[\/vc_column_text][vc_empty_space]<a  itemprop=\"url\" href=\"https:\/\/www.stormshield.com\/it\/prodotti-e-soluzioni\/prodotti\/protezione-della-rete-aziendale\/strumenti-di-gestione-sns\/smc\/\" target=\"_self\" data-hover-background-color=\"#00aeef\" data-hover-border-color=\"#ffffff\" class=\"qbutton  white enlarge\" style=\"border-color: #ffffff; background-color:#060051;\">SMC<i class=\"qode_icon_font_awesome fa fa-angle-right qode_button_icon_element\"><\/i><\/a>[vc_empty_space][\/vc_column_inner][vc_column_inner width=\"1\/2\" css=\".vc_custom_1706169941322{padding-top: 32px !important;padding-right: 32px !important;padding-bottom: 32px !important;padding-left: 32px !important;}\"][vc_single_image image=\"769487\" img_size=\"medium\" alignment=\"center\" css=\"\" qode_css_animation=\"\"][vc_column_text]<\/p>\n<h2><span style=\"color: #000; font-size: 1.2em; font-weight: 900;\">SLS: la gestione dei log su larga scala di Stormshield<\/span><\/h2>\n<p><span style=\"color: #000; font-size: 1.1em;\">\u00c8 difficile dedicare tempo all\u2019analisi degli eventi di sicurezza per individuare potenziali criticit\u00e0, per non parlare della ricerca di un evento specifico in quella massa di log\u2026 Con Stormshield Log Supervisor (SLS), \u00e8 finalmente possibile conoscere lo stato e gli eventi della rete a colpo d\u2019occhio.<\/span><\/p>\n<p><span style=\"color: #000; font-size: 1.1em;\">Consente di migliorare la visibilit\u00e0 dei log nella propria rete e ottimizzare quindi la risposta agli incidenti.<\/span>[\/vc_column_text][vc_empty_space]<a  itemprop=\"url\" href=\"https:\/\/www.stormshield.com\/it\/prodotti-e-soluzioni\/prodotti\/protezione-della-rete-aziendale\/strumenti-di-gestione-sns\/sls\/\" target=\"_self\" data-hover-background-color=\"#00aeef\" data-hover-border-color=\"#ffffff\" class=\"qbutton  white enlarge\" style=\"border-color: #ffffff; background-color:#060051;\">SLS<i class=\"qode_icon_font_awesome fa fa-angle-right qode_button_icon_element\"><\/i><\/a>[vc_empty_space][\/vc_column_inner][\/vc_row_inner][\/vc_column][\/vc_row][vc_row css_animation=\"\" row_type=\"row\" use_row_as_full_screen_section=\"no\" type=\"grid\" angled_section=\"no\" text_align=\"left\" background_image_as_pattern=\"without_pattern\" z_index=\"\"][vc_column][vc_row_inner row_type=\"row\" type=\"full_width\" text_align=\"left\" css_animation=\"\" css=\".vc_custom_1706170044204{padding-top: 32px !important;padding-right: 32px !important;padding-bottom: 32px !important;padding-left: 32px !important;background-color: #f9f9f9 !important;}\"][vc_column_inner css=\".vc_custom_1706169633299{padding-top: 32px !important;padding-right: 32px !important;padding-bottom: 32px !important;padding-left: 32px !important;}\"][vc_column_text css=\"\"]<span style=\"color: #000; font-size: 1.1em;\">Basato sulla soluzione guardsix, certificata EAL3+ e leader europeo nelle soluzioni di gestione delle informazioni e degli eventi di sicurezza, <strong>SLS soddisfa inoltre i requisiti legali e le problematiche operative legate alla conservazione e allo sfruttamento dei log nel tempo.<\/strong><\/span>[\/vc_column_text][\/vc_column_inner][\/vc_row_inner][\/vc_column][\/vc_row][vc_row css_animation=\"\" row_type=\"row\" use_row_as_full_screen_section=\"no\" type=\"grid\" angled_section=\"no\" text_align=\"left\" background_image_as_pattern=\"without_pattern\" z_index=\"\"][vc_column][vc_row_inner row_type=\"row\" type=\"full_width\" text_align=\"left\" css_animation=\"\"][vc_column_inner css=\".vc_custom_1706169633299{padding-top: 32px !important;padding-right: 32px !important;padding-bottom: 32px !important;padding-left: 32px !important;}\"][vc_empty_space][\/vc_column_inner][\/vc_row_inner][\/vc_column][\/vc_row][vc_row css_animation=\"\" row_type=\"row\" use_row_as_full_screen_section=\"no\" type=\"grid\" angled_section=\"no\" text_align=\"left\" background_image_as_pattern=\"without_pattern\" z_index=\"\"][vc_column][vc_row_inner row_type=\"row\" type=\"full_width\" text_align=\"left\" css_animation=\"\" css=\".vc_custom_1706170197876{padding-top: 32px !important;padding-right: 32px !important;padding-bottom: 32px !important;padding-left: 32px !important;background-color: #060051 !important;}\"][vc_column_inner css=\".vc_custom_1706169633299{padding-top: 32px !important;padding-right: 32px !important;padding-bottom: 32px !important;padding-left: 32px !important;}\"][vc_column_text]<span style=\"color: #000; font-size: 1.1em;\"><span style=\"color: #ffffff;\">Il supporto tecnico di Stormshield \u00e8 sempre disponibile e va ad aggiungersi agli strumenti di gestione. Anche nelle situazioni pi\u00f9 complesse, <strong>il nostro obiettivo \u00e8 di rispondere in modo rapido ed efficiente alle vostre richieste, garantendo la massima sicurezza informatica.<\/strong><\/span><\/span>[\/vc_column_text][vc_empty_space]<a  itemprop=\"url\" href=\"https:\/\/www.stormshield.com\/it\/contattateci\/supporto-tecnico\/\" target=\"_blank\" data-hover-background-color=\"#00aeef\" data-hover-border-color=\"#ffffff\" class=\"qbutton  white enlarge\" style=\"border-color: #ffffff; background-color:#060051;\">Assistenza tecnica<i class=\"qode_icon_font_awesome fa fa-angle-right qode_button_icon_element\"><\/i><\/a>[\/vc_column_inner][\/vc_row_inner][\/vc_column][\/vc_row][vc_row css_animation=\"\" row_type=\"row\" use_row_as_full_screen_section=\"no\" type=\"grid\" angled_section=\"no\" text_align=\"left\" background_image_as_pattern=\"without_pattern\" z_index=\"\"][vc_column][vc_row_inner row_type=\"row\" type=\"full_width\" text_align=\"left\" css_animation=\"\"][vc_column_inner css=\".vc_custom_1706169633299{padding-top: 32px !important;padding-right: 32px !important;padding-bottom: 32px !important;padding-left: 32px !important;}\"][vc_empty_space][\/vc_column_inner][\/vc_row_inner][\/vc_column][\/vc_row]<\/p>\n<\/div>","protected":false},"excerpt":{"rendered":"<p>[vc_row css_animation=&#8221;&#8221; row_type=&#8221;row&#8221; use_row_as_full_screen_section=&#8221;no&#8221; type=&#8221;grid&#8221; angled_section=&#8221;no&#8221; text_align=&#8221;left&#8221; background_image_as_pattern=&#8221;without_pattern&#8221; z_index=&#8221;&#8221; padding_top=&#8221;50&#8243; padding_bottom=&#8221;50&#8243;][vc_column][vc_row_inner row_type=&#8221;row&#8221; type=&#8221;full_width&#8221; text_align=&#8221;left&#8221; css_animation=&#8221;&#8221;][vc_column_inner][vc_column_text] Ottimizzate la vostra sicurezza e l\u2019efficacia della vostra protezione con strumenti di gestione del firewall SNS [\/vc_column_text][\/vc_column_inner][\/vc_row_inner][\/vc_column][\/vc_row][vc_row css_animation=&#8221;&#8221; row_type=&#8221;row&#8221; use_row_as_full_screen_section=&#8221;no&#8221; type=&#8221;grid&#8221; angled_section=&#8221;no&#8221; text_align=&#8221;left&#8221; background_image_as_pattern=&#8221;without_pattern&#8221; z_index=&#8221;&#8221;][vc_column][vc_row_inner row_type=&#8221;row&#8221; type=&#8221;full_width&#8221; text_align=&#8221;left&#8221; css_animation=&#8221;&#8221;][vc_column_inner width=&#8221;1\/2&#8243;&#8230;<\/p>\n","protected":false},"author":31,"featured_media":0,"parent":316948,"menu_order":239,"comment_status":"closed","ping_status":"closed","template":"full_width.php","meta":{"_acf_changed":false,"footnotes":""},"class_list":["post-317144","page","type-page","status-publish","hentry"],"acf":[],"yoast_head":"<!-- This site is optimized with the Yoast SEO plugin v27.0 - https:\/\/yoast.com\/product\/yoast-seo-wordpress\/ -->\n<title>Strumenti di amministrazione per i firewall SNS | Stormshield<\/title>\n<meta name=\"description\" content=\"Gli strumenti di amministrazione di Stormshield consentono di amministrare in modo centralizzato e sicuro i firewall Stormshield Network Security (SNS).\" \/>\n<meta name=\"robots\" content=\"index, follow, max-snippet:-1, max-image-preview:large, max-video-preview:-1\" \/>\n<link rel=\"canonical\" href=\"https:\/\/www.stormshield.com\/it\/prodotti-e-soluzioni\/prodotti\/protezione-della-rete-aziendale\/strumenti-di-gestione-sns\/\" \/>\n<meta property=\"og:locale\" content=\"it_IT\" \/>\n<meta property=\"og:type\" content=\"article\" \/>\n<meta property=\"og:title\" content=\"Strumenti di amministrazione per i firewall SNS | Stormshield\" \/>\n<meta property=\"og:description\" content=\"Gli strumenti di amministrazione di Stormshield consentono di amministrare in modo centralizzato e sicuro i firewall Stormshield Network Security (SNS).\" \/>\n<meta property=\"og:url\" content=\"https:\/\/www.stormshield.com\/it\/prodotti-e-soluzioni\/prodotti\/protezione-della-rete-aziendale\/strumenti-di-gestione-sns\/\" \/>\n<meta property=\"og:site_name\" content=\"Stormshield\" \/>\n<meta property=\"article:modified_time\" content=\"2026-03-27T13:48:42+00:00\" \/>\n<meta property=\"og:image\" content=\"https:\/\/www.stormshield.com\/wp-content\/uploads\/stormshield_logo.png\" \/>\n\t<meta property=\"og:image:width\" content=\"204\" \/>\n\t<meta property=\"og:image:height\" content=\"94\" \/>\n\t<meta property=\"og:image:type\" content=\"image\/png\" \/>\n<meta name=\"twitter:card\" content=\"summary_large_image\" \/>\n<meta name=\"twitter:site\" content=\"@Stormshield\" \/>\n<meta name=\"twitter:label1\" content=\"Tempo di lettura stimato\" \/>\n\t<meta name=\"twitter:data1\" content=\"3 minuti\" \/>\n<script type=\"application\/ld+json\" class=\"yoast-schema-graph\">{\"@context\":\"https:\/\/schema.org\",\"@graph\":[{\"@type\":\"WebPage\",\"@id\":\"https:\/\/www.stormshield.com\/it\/prodotti-e-soluzioni\/prodotti\/protezione-della-rete-aziendale\/strumenti-di-gestione-sns\/\",\"url\":\"https:\/\/www.stormshield.com\/it\/prodotti-e-soluzioni\/prodotti\/protezione-della-rete-aziendale\/strumenti-di-gestione-sns\/\",\"name\":\"Strumenti di amministrazione per i firewall SNS | Stormshield\",\"isPartOf\":{\"@id\":\"https:\/\/www.stormshield.com\/it\/#website\"},\"datePublished\":\"2021-02-09T15:39:50+00:00\",\"dateModified\":\"2026-03-27T13:48:42+00:00\",\"description\":\"Gli strumenti di amministrazione di Stormshield consentono di amministrare in modo centralizzato e sicuro i firewall Stormshield Network Security (SNS).\",\"breadcrumb\":{\"@id\":\"https:\/\/www.stormshield.com\/it\/prodotti-e-soluzioni\/prodotti\/protezione-della-rete-aziendale\/strumenti-di-gestione-sns\/#breadcrumb\"},\"inLanguage\":\"it-IT\",\"potentialAction\":[{\"@type\":\"ReadAction\",\"target\":[\"https:\/\/www.stormshield.com\/it\/prodotti-e-soluzioni\/prodotti\/protezione-della-rete-aziendale\/strumenti-di-gestione-sns\/\"]}]},{\"@type\":\"BreadcrumbList\",\"@id\":\"https:\/\/www.stormshield.com\/it\/prodotti-e-soluzioni\/prodotti\/protezione-della-rete-aziendale\/strumenti-di-gestione-sns\/#breadcrumb\",\"itemListElement\":[{\"@type\":\"ListItem\",\"position\":1,\"name\":\"Home\",\"item\":\"https:\/\/www.stormshield.com\/it\/\"},{\"@type\":\"ListItem\",\"position\":2,\"name\":\"Prodotti e soluzioni\",\"item\":\"https:\/\/www.stormshield.com\/it\/prodotti-e-soluzioni\/\"},{\"@type\":\"ListItem\",\"position\":3,\"name\":\"Tutti i prodotti\",\"item\":\"https:\/\/www.stormshield.com\/it\/prodotti-e-soluzioni\/prodotti\/\"},{\"@type\":\"ListItem\",\"position\":4,\"name\":\"Protezione della rete aziendale\",\"item\":\"https:\/\/www.stormshield.com\/it\/prodotti-e-soluzioni\/prodotti\/protezione-della-rete-aziendale\/\"},{\"@type\":\"ListItem\",\"position\":5,\"name\":\"Strumenti di gestione del firewall SNS\"}]},{\"@type\":\"WebSite\",\"@id\":\"https:\/\/www.stormshield.com\/it\/#website\",\"url\":\"https:\/\/www.stormshield.com\/it\/\",\"name\":\"Stormshield\",\"description\":\"Stormshield\",\"potentialAction\":[{\"@type\":\"SearchAction\",\"target\":{\"@type\":\"EntryPoint\",\"urlTemplate\":\"https:\/\/www.stormshield.com\/it\/?s={search_term_string}\"},\"query-input\":{\"@type\":\"PropertyValueSpecification\",\"valueRequired\":true,\"valueName\":\"search_term_string\"}}],\"inLanguage\":\"it-IT\"}]}<\/script>\n<!-- \/ Yoast SEO plugin. -->","yoast_head_json":{"title":"Strumenti di amministrazione per i firewall SNS | Stormshield","description":"Gli strumenti di amministrazione di Stormshield consentono di amministrare in modo centralizzato e sicuro i firewall Stormshield Network Security (SNS).","robots":{"index":"index","follow":"follow","max-snippet":"max-snippet:-1","max-image-preview":"max-image-preview:large","max-video-preview":"max-video-preview:-1"},"canonical":"https:\/\/www.stormshield.com\/it\/prodotti-e-soluzioni\/prodotti\/protezione-della-rete-aziendale\/strumenti-di-gestione-sns\/","og_locale":"it_IT","og_type":"article","og_title":"Strumenti di amministrazione per i firewall SNS | Stormshield","og_description":"Gli strumenti di amministrazione di Stormshield consentono di amministrare in modo centralizzato e sicuro i firewall Stormshield Network Security (SNS).","og_url":"https:\/\/www.stormshield.com\/it\/prodotti-e-soluzioni\/prodotti\/protezione-della-rete-aziendale\/strumenti-di-gestione-sns\/","og_site_name":"Stormshield","article_modified_time":"2026-03-27T13:48:42+00:00","og_image":[{"width":204,"height":94,"url":"https:\/\/www.stormshield.com\/wp-content\/uploads\/stormshield_logo.png","type":"image\/png"}],"twitter_card":"summary_large_image","twitter_site":"@Stormshield","twitter_misc":{"Tempo di lettura stimato":"3 minuti"},"schema":{"@context":"https:\/\/schema.org","@graph":[{"@type":"WebPage","@id":"https:\/\/www.stormshield.com\/it\/prodotti-e-soluzioni\/prodotti\/protezione-della-rete-aziendale\/strumenti-di-gestione-sns\/","url":"https:\/\/www.stormshield.com\/it\/prodotti-e-soluzioni\/prodotti\/protezione-della-rete-aziendale\/strumenti-di-gestione-sns\/","name":"Strumenti di amministrazione per i firewall SNS | Stormshield","isPartOf":{"@id":"https:\/\/www.stormshield.com\/it\/#website"},"datePublished":"2021-02-09T15:39:50+00:00","dateModified":"2026-03-27T13:48:42+00:00","description":"Gli strumenti di amministrazione di Stormshield consentono di amministrare in modo centralizzato e sicuro i firewall Stormshield Network Security (SNS).","breadcrumb":{"@id":"https:\/\/www.stormshield.com\/it\/prodotti-e-soluzioni\/prodotti\/protezione-della-rete-aziendale\/strumenti-di-gestione-sns\/#breadcrumb"},"inLanguage":"it-IT","potentialAction":[{"@type":"ReadAction","target":["https:\/\/www.stormshield.com\/it\/prodotti-e-soluzioni\/prodotti\/protezione-della-rete-aziendale\/strumenti-di-gestione-sns\/"]}]},{"@type":"BreadcrumbList","@id":"https:\/\/www.stormshield.com\/it\/prodotti-e-soluzioni\/prodotti\/protezione-della-rete-aziendale\/strumenti-di-gestione-sns\/#breadcrumb","itemListElement":[{"@type":"ListItem","position":1,"name":"Home","item":"https:\/\/www.stormshield.com\/it\/"},{"@type":"ListItem","position":2,"name":"Prodotti e soluzioni","item":"https:\/\/www.stormshield.com\/it\/prodotti-e-soluzioni\/"},{"@type":"ListItem","position":3,"name":"Tutti i prodotti","item":"https:\/\/www.stormshield.com\/it\/prodotti-e-soluzioni\/prodotti\/"},{"@type":"ListItem","position":4,"name":"Protezione della rete aziendale","item":"https:\/\/www.stormshield.com\/it\/prodotti-e-soluzioni\/prodotti\/protezione-della-rete-aziendale\/"},{"@type":"ListItem","position":5,"name":"Strumenti di gestione del firewall SNS"}]},{"@type":"WebSite","@id":"https:\/\/www.stormshield.com\/it\/#website","url":"https:\/\/www.stormshield.com\/it\/","name":"Stormshield","description":"Stormshield","potentialAction":[{"@type":"SearchAction","target":{"@type":"EntryPoint","urlTemplate":"https:\/\/www.stormshield.com\/it\/?s={search_term_string}"},"query-input":{"@type":"PropertyValueSpecification","valueRequired":true,"valueName":"search_term_string"}}],"inLanguage":"it-IT"}]}},"_links":{"self":[{"href":"https:\/\/www.stormshield.com\/it\/wp-json\/wp\/v2\/pages\/317144","targetHints":{"allow":["GET"]}}],"collection":[{"href":"https:\/\/www.stormshield.com\/it\/wp-json\/wp\/v2\/pages"}],"about":[{"href":"https:\/\/www.stormshield.com\/it\/wp-json\/wp\/v2\/types\/page"}],"author":[{"embeddable":true,"href":"https:\/\/www.stormshield.com\/it\/wp-json\/wp\/v2\/users\/31"}],"replies":[{"embeddable":true,"href":"https:\/\/www.stormshield.com\/it\/wp-json\/wp\/v2\/comments?post=317144"}],"version-history":[{"count":10,"href":"https:\/\/www.stormshield.com\/it\/wp-json\/wp\/v2\/pages\/317144\/revisions"}],"predecessor-version":[{"id":769497,"href":"https:\/\/www.stormshield.com\/it\/wp-json\/wp\/v2\/pages\/317144\/revisions\/769497"}],"up":[{"embeddable":true,"href":"https:\/\/www.stormshield.com\/it\/wp-json\/wp\/v2\/pages\/316948"}],"wp:attachment":[{"href":"https:\/\/www.stormshield.com\/it\/wp-json\/wp\/v2\/media?parent=317144"}],"curies":[{"name":"wp","href":"https:\/\/api.w.org\/{rel}","templated":true}]}}