{"id":316877,"date":"2021-09-27T15:19:08","date_gmt":"2021-09-27T14:19:08","guid":{"rendered":"https:\/\/www.stormshield.com\/prodotti-e-soluzioni\/per-settore-di-attivita\/cybersecurite-communication-critique\/"},"modified":"2024-11-12T15:22:51","modified_gmt":"2024-11-12T14:22:51","slug":"comunicazioni-critiche","status":"publish","type":"page","link":"https:\/\/www.stormshield.com\/it\/prodotti-e-soluzioni\/per-settore-di-attivita\/comunicazioni-critiche\/","title":{"rendered":"Comunicazioni critiche"},"content":{"rendered":"<div class=\"wpb-content-wrapper\"><p>[vc_row css_animation=\"\" row_type=\"row\" use_row_as_full_screen_section=\"no\" type=\"grid\" angled_section=\"no\" text_align=\"left\" background_image_as_pattern=\"without_pattern\" z_index=\"\" padding_top=\"50\" padding_bottom=\"50\"][vc_column][vc_empty_space][vc_column_text css=\"\"]<\/p>\n<h1 style=\"text-align: center;\"><span style=\"color: #00aaf5;\"><span style=\"font-weight: 900; font-size: 1.5em;\">Comunicazioni critiche e sicurezza informatica:<\/span><\/span><span style=\"color: #00aaf5;\"><span style=\"font-weight: 300; font-size: 1.5em;\"> la giusta preparazione per un funzionamento senza intoppi<\/span><\/span><\/h1>\n<p>[\/vc_column_text][vc_empty_space][\/vc_column][\/vc_row][vc_row css_animation=\"\" row_type=\"row\" use_row_as_full_screen_section=\"no\" type=\"grid\" angled_section=\"no\" text_align=\"left\" background_image_as_pattern=\"without_pattern\" z_index=\"\" padding_top=\"50\" padding_bottom=\"50\"][vc_column][vc_row_inner row_type=\"row\" type=\"full_width\" text_align=\"left\" css_animation=\"\"][vc_column_inner width=\"2\/3\"][vc_column_text css=\"\"]<\/p>\n<h2><span style=\"color: #000; font-size: 1.2em; font-weight: 900;\">Continuit\u00e0 di servizio contro ogni previsione<\/span><\/h2>\n<p><span style=\"color: #000; font-size: 1.1em;\"><strong>Le reti di comunicazione critiche sono sistemi che devono continuare a funzionare anche quando le cose vanno male.<\/strong> La loro attivit\u00e0 continua \u00e8 essenziale per il buon andamento dello Stato e della societ\u00e0. I principali fruitori sono i servizi di emergenza, come i vigili del fuoco o la polizia. Si tratta di servizi che devono essere in grado di comunicare sia internamente sia tra diverse unit\u00e0, nell\u2019ambito di un coordinamento da parte della prefettura o di una unit\u00e0 governativa.[\/vc_column_text][vc_empty_space][\/vc_column_inner][vc_column_inner width=\"1\/3\"][vc_empty_space][vc_single_image image=\"456876\" alignment=\"center\" css=\"\" qode_css_animation=\"\" qode_hover_animation=\"zoom_in\"][\/vc_column_inner][\/vc_row_inner][\/vc_column][\/vc_row][vc_row css_animation=\"\" row_type=\"row\" use_row_as_full_screen_section=\"no\" type=\"grid\" angled_section=\"no\" text_align=\"left\" background_image_as_pattern=\"without_pattern\" el_class=\"fond_gris\" z_index=\"\" padding_top=\"50\" padding_bottom=\"50\"][vc_column][vc_row_inner row_type=\"row\" type=\"full_width\" text_align=\"left\" css_animation=\"\"][vc_column_inner][vc_column_text css=\"\"]<\/span><\/p>\n<h2><span style=\"color: #000; font-size: 1.2em; font-weight: 900;\">La prevenzione come migliore protezione delle infrastrutture critiche<\/span><\/h2>\n<p><span style=\"color: #000; font-size: 1.1em;\"><strong>Per raggiungere questo obiettivo, le aziende devono disporre di reti di comunicazione sicure in qualsiasi momento.<\/strong> Inoltre, con la graduale migrazione verso architetture pi\u00f9 moderne, complesse ed efficienti che utilizzano il protocollo IP, queste reti sono esposte a molteplici rischi informatici: intercettazione o alterazione di comunicazioni importanti; implementazione straordinaria di dispositivi di sicurezza durante le operazioni di soccorso o in altre aree di intervento strategico; moltiplicazione di siti e utenti dislocati in diverse localit\u00e0 geografiche, come postazioni di lavoro e ripetitori.<\/span><\/p>\n<p><span style=\"color: #000; font-size: 1.1em;\"><strong>Come proteggersi dagli attacchi ripetuti con i massimi livelli di sicurezza?<\/strong> Noi di Stormshield, progettiamo soluzioni tecnologiche che soddisfano le vostre esigenze, rispettando i numerosi vincoli normativi specifici del settore delle comunicazioni importanti (legge francese sulla programmazione militare, direttiva europea NIS &amp; NIS2, ecc.). A seconda del caso, occorre essere in grado di:<\/span><\/p>\n<ul>\n<li><span style=\"color: #000; font-size: 1.1em;\">stabilire canali di comunicazione criptati di fiducia (e quindi garantire l'autenticazione, la riservatezza e l'integrit\u00e0 dei messaggi) per le operazioni sensibili;<br \/>\n<\/span><\/li>\n<li><span style=\"color: #000; font-size: 1.1em;\">garantire la massima prestazione e disponibilit\u00e0 della rete per le comunicazioni di emergenza;<br \/>\n<\/span><\/li>\n<li><span style=\"color: #000; font-size: 1.1em;\">implementare e gestire i dispositivi di sicurezza su una topologia di ampio respiro, per un team nutrito di amministratori;<br \/>\n<\/span><\/li>\n<li><span style=\"color: #000; font-size: 1.1em;\">fornire prodotti con certificazioni e credenziali affidabili;<br \/>\n<\/span><\/li>\n<li><span style=\"color: #000; font-size: 1.1em;\">implementare dispositivi di sicurezza operativi in pochi minuti, ad esempio nei luoghi degli incidenti, senza dover ricorrere ad esperti sul posto;<br \/>\n<\/span><\/li>\n<li><span style=\"color: #000; font-size: 1.1em;\">garantire la manutenzione in condizioni operative e di sicurezza (MCO\/MCS).<\/span><\/li>\n<\/ul>\n<p>[\/vc_column_text][\/vc_column_inner][\/vc_row_inner][\/vc_column][\/vc_row][vc_row css_animation=\"\" row_type=\"row\" use_row_as_full_screen_section=\"no\" type=\"grid\" angled_section=\"no\" text_align=\"left\" background_image_as_pattern=\"without_pattern\" z_index=\"\" padding_top=\"50\" padding_bottom=\"50\"][vc_column][vc_row_inner row_type=\"row\" type=\"full_width\" text_align=\"left\" css_animation=\"\"][vc_column_inner width=\"2\/3\"][vc_column_text css=\"\"]<\/p>\n<h2><span style=\"color: #000; font-size: 1.2em; font-weight: 900;\">Soluzioni Stormshield personalizzate, complete e affidabili<\/span><\/h2>\n<p>[\/vc_column_text][\/vc_column_inner][vc_column_inner width=\"1\/3\"][\/vc_column_inner][\/vc_row_inner][vc_row_inner row_type=\"row\" type=\"full_width\" text_align=\"left\" css_animation=\"\"][vc_column_inner width=\"2\/3\"][vc_column_text css=\"\"]<\/p>\n<h3><span style=\"color: #000; font-size: 1.1em; font-weight: 400;\">Stormshield Network Security: prestazioni e disponibilit\u00e0 di rete garantite<\/span><\/h3>\n<p><span style=\"color: #000; font-size: 1.1em;\">La nostra gamma di firewall Stormshield Network Security (<strong>SNS<\/strong>) \u00e8 la soluzione ai vostri problemi. Una garanzia di prestazioni e sicurezza. A seconda della soluzione scelta, potrete usufruire:<\/span><\/p>\n<ul>\n<li><span style=\"color: #000; font-size: 1.1em;\">della creazione di <strong>canali di comunicazione crittografati e affidabili<\/strong> (IPSec VPN, sicurezza TPM, ecc.);<br \/>\n<\/span><\/li>\n<li><span style=\"color: #000; font-size: 1.1em;\">di una <strong>disponibilit\u00e0 elevata<\/strong>, con tempi di commutazione ottimizzati;<br \/>\n<\/span><\/li>\n<li><span style=\"color: #000; font-size: 1.1em;\">di una <strong>certificazione<\/strong> EAL3+\/EAL4+, <strong>qualificazione<\/strong>\u00a0ANSSI o etichette NATO Restricted e EU Restricted;<\/span><\/li>\n<li><span style=\"color: #000; font-size: 1.1em;\">di una <strong>manutenzione hardware <\/strong><\/span><span style=\"color: #000; font-size: 1.1em;\"><strong>e software<\/strong> per cicli lunghi;<br \/>\n<\/span><\/li>\n<li><span style=\"color: #000; font-size: 1.1em;\">dell'<strong>implementazione<\/strong> di sistemi di sicurezza operativi nel giro di pochi minuti...<\/span><\/li>\n<\/ul>\n<p><span style=\"color: #000; font-size: 1.1em;\">Volete saperne di pi\u00f9 sulle nostre soluzioni? Scoprite le caratteristiche dei nostri firewall Stormshield Network Security (SNS) o fissate un appuntamento con un esperto Stormshield.<\/span>[\/vc_column_text][vc_empty_space]<a  itemprop=\"url\" href=\"https:\/\/www.stormshield.com\/it\/prodotti-e-soluzioni\/prodotti\/protezione-della-rete-aziendale\/\" target=\"_blank\" data-hover-background-color=\"#d23467\" data-hover-border-color=\"#d23467\" class=\"qbutton  white enlarge\" style=\"border-color: #ffffff; background-color:#060051;\">Soluzione SNS<i class=\"qode_icon_font_awesome fa fa-angle-right qode_button_icon_element\"><\/i><\/a>[vc_empty_space][\/vc_column_inner][vc_column_inner width=\"1\/3\"][vc_empty_space][vc_single_image image=\"497913\" img_size=\"large\" alignment=\"center\" onclick=\"custom_link\" img_link_target=\"_blank\" css=\"\" qode_css_animation=\"\" qode_hover_animation=\"zoom_in\" link=\"https:\/\/www.stormshield.com\/it\/prodotti-e-soluzioni\/prodotti\/protezione-della-rete-aziendale\/\"][vc_empty_space height=\"12px\"][vc_single_image image=\"397494\" img_size=\"large\" alignment=\"center\" onclick=\"custom_link\" img_link_target=\"_blank\" css=\"\" qode_css_animation=\"\" qode_hover_animation=\"zoom_in\" link=\"https:\/\/www.stormshield.com\/it\/prodotti-e-soluzioni\/prodotti\/protezione-della-rete-aziendale\/\"][vc_empty_space][\/vc_column_inner][\/vc_row_inner][\/vc_column][\/vc_row][vc_row css_animation=\"\" row_type=\"row\" use_row_as_full_screen_section=\"no\" type=\"grid\" angled_section=\"no\" text_align=\"left\" background_image_as_pattern=\"without_pattern\" z_index=\"\" padding_top=\"50\" padding_bottom=\"50\"][vc_column][vc_row_inner row_type=\"row\" type=\"full_width\" text_align=\"left\" css_animation=\"\" css=\".vc_custom_1713864735008{padding-top: 32px !important;padding-right: 32px !important;padding-bottom: 32px !important;padding-left: 32px !important;background-color: #f9f9f9 !important;}\"][vc_column_inner width=\"2\/3\"][vc_column_text css=\"\"]<\/p>\n<h3><span style=\"color: #000; font-size: 1.1em; font-weight: 400;\">Stormshield Endpoint Security: protezione delle postazioni di lavoro delle infrastrutture critiche<\/span><\/h3>\n<p><span style=\"color: #000; font-size: 1.1em;\">La nostra soluzione Stormshield Endpoint Security (<strong>SES<\/strong>) offre una protezione ottimale e un controllo completo delle applicazioni, dei dispositivi e delle connessioni di rete sui vostri computer Windows. Si tratta di una vera e propria protezione rinforzata, che combina le funzioni di protezione delle postazioni di lavoro e di e di rilevamento per bloccare proattivamente gli attacchi pi\u00f9 sofisticati e fornire ulteriori elementi di analisi. Di fronte all\u2019esigenza di continuit\u00e0 del servizio, <strong>sfruttate la migliore protezione per le postazioni di lavoro pi\u00f9 critiche della vostra infrastruttura.<\/strong><\/span><\/p>\n<p><span style=\"color: #000; font-size: 1.1em;\">Siete interessati a questa soluzione software avanzata? Saremo lieti di fornirvi maggiori informazioni sulla protezione delle vostre postazioni di lavoro.<\/span>[\/vc_column_text][vc_empty_space]<a  itemprop=\"url\" href=\"https:\/\/www.stormshield.com\/it\/prodotti-e-soluzioni\/prodotti\/protezione-delle-postazioni-e-dei-server\/stormshield-endpoint-security\/\" target=\"_blank\" data-hover-background-color=\"#d23467\" data-hover-border-color=\"#d23467\" class=\"qbutton  white enlarge\" style=\"border-color: #ffffff; background-color:#060051;\">Soluzione SES<i class=\"qode_icon_font_awesome fa fa-angle-right qode_button_icon_element\"><\/i><\/a>[vc_empty_space][\/vc_column_inner][vc_column_inner width=\"1\/3\"][vc_empty_space][vc_single_image image=\"251765\" img_size=\"large\" alignment=\"center\" onclick=\"custom_link\" img_link_target=\"_blank\" css=\"\" qode_css_animation=\"\" qode_hover_animation=\"zoom_in\" link=\"https:\/\/www.stormshield.com\/it\/prodotti-e-soluzioni\/prodotti\/protezione-delle-postazioni-e-dei-server\/stormshield-endpoint-security\/\"][vc_empty_space][\/vc_column_inner][\/vc_row_inner][\/vc_column][\/vc_row][vc_row css_animation=\"\" row_type=\"row\" use_row_as_full_screen_section=\"no\" type=\"grid\" angled_section=\"no\" text_align=\"left\" background_image_as_pattern=\"without_pattern\" z_index=\"\" padding_top=\"50\" padding_bottom=\"50\"][vc_column][vc_row_inner row_type=\"row\" type=\"full_width\" text_align=\"left\" css_animation=\"\"][vc_column_inner][vc_column_text css=\"\"]<\/p>\n<h3><span style=\"color: #000; font-size: 1.1em; font-weight: 400;\">Stormshield XDR: un'offerta XDR integrata e gestita<\/span><\/h3>\n<p><span style=\"color: #000; font-size: 1.1em;\"><strong>Con l'offerta Stormshield XDR, combinate efficacemente le soluzioni Stormshield tra loro.<\/strong> Riceverete una notifica degli incidenti dalle analisi sui vostri endpoint, reti, file web ed e-mail prima di gestire la risposta con i vostri vari prodotti di sicurezza, guidati dalla gestione centralizzata degli incidenti. Una combinazione ideale per avvisare in tempo reale e gestire una risposta rapida e a lungo termine sia sulla rete che sugli endpoint.<\/span>[\/vc_column_text][vc_empty_space]<a  itemprop=\"url\" href=\"https:\/\/www.stormshield.com\/it\/prodotti-e-soluzioni\/prodotti\/stormshield-xdr\/\" target=\"_blank\" data-hover-background-color=\"#d23467\" data-hover-border-color=\"#d23467\" class=\"qbutton  white enlarge\" style=\"border-color: #ffffff; background-color:#060051;\">Offerta XDR<i class=\"qode_icon_font_awesome fa fa-angle-right qode_button_icon_element\"><\/i><\/a>[vc_empty_space][\/vc_column_inner][\/vc_row_inner][\/vc_column][\/vc_row][vc_row css_animation=\"\" row_type=\"row\" use_row_as_full_screen_section=\"no\" type=\"grid\" angled_section=\"no\" text_align=\"left\" background_image_as_pattern=\"without_pattern\" z_index=\"\" background_color=\"#060051\" padding_top=\"100\" padding_bottom=\"100\"][vc_column][vc_row_inner row_type=\"row\" type=\"full_width\" text_align=\"left\" css_animation=\"\"][vc_column_inner][vc_column_text css=\"\"]<span style=\"color: #ffffff; font-size: 1.1em;\"><strong>I risultati?<\/strong> Le soluzioni Stormshield proteggono le vostre infrastrutture sensibili dagli attacchi informatici. Anticipazione, protezione, qualificazione e conformit\u00e0 sono quindi le misure da adottare per garantire la sicurezza dei vostri sistemi informatici e operativi. <strong>Con Stormshield avrete la certezza che la vostra rete di comunicazione sar\u00e0 efficace in qualsiasi situazione.<\/strong> I nostri team sono a disposizione per comprendere le esigenze della vostra rete di comunicazione e fornirvi le soluzioni pi\u00f9 efficaci.<\/span>[\/vc_column_text][vc_empty_space]<a  itemprop=\"url\" href=\"https:\/\/www.stormshield.com\/it\/contattateci\/servizio-commerciale\/\" target=\"_blank\" data-hover-background-color=\"#d23467\" data-hover-border-color=\"#d23467\" class=\"qbutton  white enlarge\" style=\"border-color: #ffffff; background-color:#060051;\">Contatta un esperto Stormshield<i class=\"qode_icon_font_awesome fa fa-angle-right qode_button_icon_element\"><\/i><\/a>[vc_empty_space][\/vc_column_inner][\/vc_row_inner][\/vc_column][\/vc_row]<\/p>\n<\/div>","protected":false},"excerpt":{"rendered":"<p>[vc_row css_animation=&#8221;&#8221; row_type=&#8221;row&#8221; use_row_as_full_screen_section=&#8221;no&#8221; type=&#8221;grid&#8221; angled_section=&#8221;no&#8221; text_align=&#8221;left&#8221; background_image_as_pattern=&#8221;without_pattern&#8221; z_index=&#8221;&#8221; padding_top=&#8221;50&#8243; padding_bottom=&#8221;50&#8243;][vc_column][vc_empty_space][vc_column_text css=&#8221;&#8221;] Comunicazioni critiche e sicurezza informatica: la giusta preparazione per un funzionamento senza intoppi [\/vc_column_text][vc_empty_space][\/vc_column][\/vc_row][vc_row css_animation=&#8221;&#8221; row_type=&#8221;row&#8221; use_row_as_full_screen_section=&#8221;no&#8221; type=&#8221;grid&#8221; angled_section=&#8221;no&#8221; text_align=&#8221;left&#8221; background_image_as_pattern=&#8221;without_pattern&#8221; z_index=&#8221;&#8221; padding_top=&#8221;50&#8243; padding_bottom=&#8221;50&#8243;][vc_column][vc_row_inner row_type=&#8221;row&#8221; type=&#8221;full_width&#8221; text_align=&#8221;left&#8221; css_animation=&#8221;&#8221;][vc_column_inner width=&#8221;2\/3&#8243;][vc_column_text css=&#8221;&#8221;] Continuit\u00e0 di servizio&#8230;<\/p>\n","protected":false},"author":31,"featured_media":0,"parent":316861,"menu_order":268,"comment_status":"closed","ping_status":"closed","template":"full_width.php","meta":{"_acf_changed":false,"footnotes":""},"class_list":["post-316877","page","type-page","status-publish","hentry"],"acf":[],"yoast_head":"<!-- This site is optimized with the Yoast SEO plugin v27.3 - https:\/\/yoast.com\/product\/yoast-seo-wordpress\/ -->\n<title>Cybersecurity e comunicazioni critiche | Stormshield<\/title>\n<meta name=\"description\" content=\"Le reti di comunicazione critiche necessitano della massima sicurezza e continuit\u00e0 di servizio. Una gamma di prodotti Stormshield adatti.\" \/>\n<meta name=\"robots\" content=\"index, follow, max-snippet:-1, max-image-preview:large, max-video-preview:-1\" \/>\n<link rel=\"canonical\" href=\"https:\/\/www.stormshield.com\/it\/prodotti-e-soluzioni\/per-settore-di-attivita\/comunicazioni-critiche\/\" \/>\n<meta property=\"og:locale\" content=\"it_IT\" \/>\n<meta property=\"og:type\" content=\"article\" \/>\n<meta property=\"og:title\" content=\"Cybersecurity e comunicazioni critiche | Stormshield\" \/>\n<meta property=\"og:description\" content=\"Le reti di comunicazione critiche necessitano della massima sicurezza e continuit\u00e0 di servizio. Una gamma di prodotti Stormshield adatti.\" \/>\n<meta property=\"og:url\" content=\"https:\/\/www.stormshield.com\/it\/prodotti-e-soluzioni\/per-settore-di-attivita\/comunicazioni-critiche\/\" \/>\n<meta property=\"og:site_name\" content=\"Stormshield\" \/>\n<meta property=\"article:modified_time\" content=\"2024-11-12T14:22:51+00:00\" \/>\n<meta property=\"og:image\" content=\"https:\/\/www.stormshield.com\/wp-content\/uploads\/stormshield_logo.png\" \/>\n\t<meta property=\"og:image:width\" content=\"204\" \/>\n\t<meta property=\"og:image:height\" content=\"94\" \/>\n\t<meta property=\"og:image:type\" content=\"image\/png\" \/>\n<meta name=\"twitter:card\" content=\"summary_large_image\" \/>\n<meta name=\"twitter:site\" content=\"@Stormshield\" \/>\n<meta name=\"twitter:label1\" content=\"Tempo di lettura stimato\" \/>\n\t<meta name=\"twitter:data1\" content=\"5 minuti\" \/>\n<script type=\"application\/ld+json\" class=\"yoast-schema-graph\">{\"@context\":\"https:\\\/\\\/schema.org\",\"@graph\":[{\"@type\":\"WebPage\",\"@id\":\"https:\\\/\\\/www.stormshield.com\\\/it\\\/prodotti-e-soluzioni\\\/per-settore-di-attivita\\\/comunicazioni-critiche\\\/\",\"url\":\"https:\\\/\\\/www.stormshield.com\\\/it\\\/prodotti-e-soluzioni\\\/per-settore-di-attivita\\\/comunicazioni-critiche\\\/\",\"name\":\"Cybersecurity e comunicazioni critiche | Stormshield\",\"isPartOf\":{\"@id\":\"https:\\\/\\\/www.stormshield.com\\\/it\\\/#website\"},\"datePublished\":\"2021-09-27T14:19:08+00:00\",\"dateModified\":\"2024-11-12T14:22:51+00:00\",\"description\":\"Le reti di comunicazione critiche necessitano della massima sicurezza e continuit\u00e0 di servizio. Una gamma di prodotti Stormshield adatti.\",\"breadcrumb\":{\"@id\":\"https:\\\/\\\/www.stormshield.com\\\/it\\\/prodotti-e-soluzioni\\\/per-settore-di-attivita\\\/comunicazioni-critiche\\\/#breadcrumb\"},\"inLanguage\":\"it-IT\",\"potentialAction\":[{\"@type\":\"ReadAction\",\"target\":[\"https:\\\/\\\/www.stormshield.com\\\/it\\\/prodotti-e-soluzioni\\\/per-settore-di-attivita\\\/comunicazioni-critiche\\\/\"]}]},{\"@type\":\"BreadcrumbList\",\"@id\":\"https:\\\/\\\/www.stormshield.com\\\/it\\\/prodotti-e-soluzioni\\\/per-settore-di-attivita\\\/comunicazioni-critiche\\\/#breadcrumb\",\"itemListElement\":[{\"@type\":\"ListItem\",\"position\":1,\"name\":\"Home\",\"item\":\"https:\\\/\\\/www.stormshield.com\\\/it\\\/\"},{\"@type\":\"ListItem\",\"position\":2,\"name\":\"Prodotti e soluzioni\",\"item\":\"https:\\\/\\\/www.stormshield.com\\\/it\\\/prodotti-e-soluzioni\\\/\"},{\"@type\":\"ListItem\",\"position\":3,\"name\":\"Per settore di attivit\u00e0\",\"item\":\"https:\\\/\\\/www.stormshield.com\\\/it\\\/prodotti-e-soluzioni\\\/per-settore-di-attivita\\\/\"},{\"@type\":\"ListItem\",\"position\":4,\"name\":\"Comunicazioni critiche\"}]},{\"@type\":\"WebSite\",\"@id\":\"https:\\\/\\\/www.stormshield.com\\\/it\\\/#website\",\"url\":\"https:\\\/\\\/www.stormshield.com\\\/it\\\/\",\"name\":\"Stormshield\",\"description\":\"Stormshield\",\"potentialAction\":[{\"@type\":\"SearchAction\",\"target\":{\"@type\":\"EntryPoint\",\"urlTemplate\":\"https:\\\/\\\/www.stormshield.com\\\/it\\\/?s={search_term_string}\"},\"query-input\":{\"@type\":\"PropertyValueSpecification\",\"valueRequired\":true,\"valueName\":\"search_term_string\"}}],\"inLanguage\":\"it-IT\"}]}<\/script>\n<!-- \/ Yoast SEO plugin. -->","yoast_head_json":{"title":"Cybersecurity e comunicazioni critiche | Stormshield","description":"Le reti di comunicazione critiche necessitano della massima sicurezza e continuit\u00e0 di servizio. Una gamma di prodotti Stormshield adatti.","robots":{"index":"index","follow":"follow","max-snippet":"max-snippet:-1","max-image-preview":"max-image-preview:large","max-video-preview":"max-video-preview:-1"},"canonical":"https:\/\/www.stormshield.com\/it\/prodotti-e-soluzioni\/per-settore-di-attivita\/comunicazioni-critiche\/","og_locale":"it_IT","og_type":"article","og_title":"Cybersecurity e comunicazioni critiche | Stormshield","og_description":"Le reti di comunicazione critiche necessitano della massima sicurezza e continuit\u00e0 di servizio. Una gamma di prodotti Stormshield adatti.","og_url":"https:\/\/www.stormshield.com\/it\/prodotti-e-soluzioni\/per-settore-di-attivita\/comunicazioni-critiche\/","og_site_name":"Stormshield","article_modified_time":"2024-11-12T14:22:51+00:00","og_image":[{"width":204,"height":94,"url":"https:\/\/www.stormshield.com\/wp-content\/uploads\/stormshield_logo.png","type":"image\/png"}],"twitter_card":"summary_large_image","twitter_site":"@Stormshield","twitter_misc":{"Tempo di lettura stimato":"5 minuti"},"schema":{"@context":"https:\/\/schema.org","@graph":[{"@type":"WebPage","@id":"https:\/\/www.stormshield.com\/it\/prodotti-e-soluzioni\/per-settore-di-attivita\/comunicazioni-critiche\/","url":"https:\/\/www.stormshield.com\/it\/prodotti-e-soluzioni\/per-settore-di-attivita\/comunicazioni-critiche\/","name":"Cybersecurity e comunicazioni critiche | Stormshield","isPartOf":{"@id":"https:\/\/www.stormshield.com\/it\/#website"},"datePublished":"2021-09-27T14:19:08+00:00","dateModified":"2024-11-12T14:22:51+00:00","description":"Le reti di comunicazione critiche necessitano della massima sicurezza e continuit\u00e0 di servizio. Una gamma di prodotti Stormshield adatti.","breadcrumb":{"@id":"https:\/\/www.stormshield.com\/it\/prodotti-e-soluzioni\/per-settore-di-attivita\/comunicazioni-critiche\/#breadcrumb"},"inLanguage":"it-IT","potentialAction":[{"@type":"ReadAction","target":["https:\/\/www.stormshield.com\/it\/prodotti-e-soluzioni\/per-settore-di-attivita\/comunicazioni-critiche\/"]}]},{"@type":"BreadcrumbList","@id":"https:\/\/www.stormshield.com\/it\/prodotti-e-soluzioni\/per-settore-di-attivita\/comunicazioni-critiche\/#breadcrumb","itemListElement":[{"@type":"ListItem","position":1,"name":"Home","item":"https:\/\/www.stormshield.com\/it\/"},{"@type":"ListItem","position":2,"name":"Prodotti e soluzioni","item":"https:\/\/www.stormshield.com\/it\/prodotti-e-soluzioni\/"},{"@type":"ListItem","position":3,"name":"Per settore di attivit\u00e0","item":"https:\/\/www.stormshield.com\/it\/prodotti-e-soluzioni\/per-settore-di-attivita\/"},{"@type":"ListItem","position":4,"name":"Comunicazioni critiche"}]},{"@type":"WebSite","@id":"https:\/\/www.stormshield.com\/it\/#website","url":"https:\/\/www.stormshield.com\/it\/","name":"Stormshield","description":"Stormshield","potentialAction":[{"@type":"SearchAction","target":{"@type":"EntryPoint","urlTemplate":"https:\/\/www.stormshield.com\/it\/?s={search_term_string}"},"query-input":{"@type":"PropertyValueSpecification","valueRequired":true,"valueName":"search_term_string"}}],"inLanguage":"it-IT"}]}},"_links":{"self":[{"href":"https:\/\/www.stormshield.com\/it\/wp-json\/wp\/v2\/pages\/316877","targetHints":{"allow":["GET"]}}],"collection":[{"href":"https:\/\/www.stormshield.com\/it\/wp-json\/wp\/v2\/pages"}],"about":[{"href":"https:\/\/www.stormshield.com\/it\/wp-json\/wp\/v2\/types\/page"}],"author":[{"embeddable":true,"href":"https:\/\/www.stormshield.com\/it\/wp-json\/wp\/v2\/users\/31"}],"replies":[{"embeddable":true,"href":"https:\/\/www.stormshield.com\/it\/wp-json\/wp\/v2\/comments?post=316877"}],"version-history":[{"count":10,"href":"https:\/\/www.stormshield.com\/it\/wp-json\/wp\/v2\/pages\/316877\/revisions"}],"predecessor-version":[{"id":588019,"href":"https:\/\/www.stormshield.com\/it\/wp-json\/wp\/v2\/pages\/316877\/revisions\/588019"}],"up":[{"embeddable":true,"href":"https:\/\/www.stormshield.com\/it\/wp-json\/wp\/v2\/pages\/316861"}],"wp:attachment":[{"href":"https:\/\/www.stormshield.com\/it\/wp-json\/wp\/v2\/media?parent=316877"}],"curies":[{"name":"wp","href":"https:\/\/api.w.org\/{rel}","templated":true}]}}