{"id":316861,"date":"2016-06-03T11:24:49","date_gmt":"2016-06-03T10:24:49","guid":{"rendered":"https:\/\/www.stormshield.com\/prodotti-e-soluzioni\/par-secteur-activite\/"},"modified":"2024-06-10T13:11:14","modified_gmt":"2024-06-10T12:11:14","slug":"per-settore-di-attivita","status":"publish","type":"page","link":"https:\/\/www.stormshield.com\/it\/prodotti-e-soluzioni\/per-settore-di-attivita\/","title":{"rendered":"Per settore di attivit\u00e0"},"content":{"rendered":"<div class=\"wpb-content-wrapper\"><p>[vc_row css_animation=\"\" row_type=\"row\" use_row_as_full_screen_section=\"no\" type=\"grid\" angled_section=\"no\" text_align=\"left\" background_image_as_pattern=\"without_pattern\" z_index=\"\" padding_top=\"50\" padding_bottom=\"50\"][vc_column][vc_empty_space][vc_column_text css=\"\"]<\/p>\n<h1 style=\"text-align: center;\"><span style=\"color: #00aaf5;\"><span style=\"font-weight: 300; font-size: 1.5em;\">Soluzioni Stormshield per le vostre sfide aziendali, <\/span><\/span><span style=\"color: #00aaf5;\"><span style=\"font-weight: 900; font-size: 1.5em;\">su misura per la realt\u00e0 del vostro settore<\/span><\/span><\/h1>\n<p>[\/vc_column_text][vc_empty_space][\/vc_column][\/vc_row][vc_row css_animation=\"\" row_type=\"row\" use_row_as_full_screen_section=\"no\" type=\"grid\" angled_section=\"no\" text_align=\"left\" background_image_as_pattern=\"without_pattern\" z_index=\"\"][vc_column][vc_row_inner row_type=\"row\" type=\"full_width\" text_align=\"left\" css_animation=\"\"][vc_column_inner width=\"5\/6\"][vc_column_text css=\"\"]<\/p>\n<h2><span style=\"color: #000; font-size: 1.2em; font-weight: 900;\">Soluzioni di sicurezza informatica adatte ai settori pi\u00f9 disparati<\/span><\/h2>\n<p><span style=\"color: #000; font-size: 1.1em;\">Industria, pubblica amministrazione, sanit\u00e0... <strong>Qualunque sia il vostro settore di attivit\u00e0, Stormshield offre soluzioni su misura pensate per le sfide specifiche che dovete affrontare.<\/strong><\/span>[\/vc_column_text][vc_empty_space][\/vc_column_inner][vc_column_inner width=\"1\/6\"][\/vc_column_inner][\/vc_row_inner][\/vc_column][\/vc_row][vc_row css_animation=\"\" row_type=\"row\" use_row_as_full_screen_section=\"no\" type=\"grid\" angled_section=\"no\" text_align=\"left\" background_image_as_pattern=\"without_pattern\" z_index=\"\" padding_bottom=\"32\" padding_top=\"32\"][vc_column width=\"1\/3\" css=\".vc_custom_1714030399519{padding-right: 32px !important;}\"][vc_single_image image=\"456926\" img_size=\"100x100\" onclick=\"custom_link\" css=\"\" qode_css_animation=\"\" link=\"https:\/\/www.stormshield.com\/it\/prodotti-e-soluzioni\/per-settore-di-attivita\/aeronautica-sicurezza\/\"][vc_column_text css=\"\"]<a href=\"https:\/\/www.stormshield.com\/it\/prodotti-e-soluzioni\/per-settore-di-attivita\/aeronautica-sicurezza\/\"><span style=\"color: #00aeef; line-height: 0.9em; font-size: 2.2em; font-weight: 300;\">Aeronautica<\/span><\/a><br \/>\n<span style=\"color: #000; font-size: 0.9em;\">Maggiore protezione delle reti di comunicazione<\/span>[\/vc_column_text][\/vc_column][vc_column width=\"1\/3\" css=\".vc_custom_1714030419838{padding-right: 16px !important;padding-left: 16px !important;}\"][vc_single_image image=\"456901\" img_size=\"100x100\" onclick=\"custom_link\" css=\"\" qode_css_animation=\"\" link=\"https:\/\/www.stormshield.com\/it\/prodotti-e-soluzioni\/per-settore-di-attivita\/amministrazioni-pubbliche\/\"][vc_column_text css=\"\"]<a href=\"https:\/\/www.stormshield.com\/it\/prodotti-e-soluzioni\/per-settore-di-attivita\/amministrazioni-pubbliche\/\"><span style=\"color: #00aeef; line-height: 0.9em; font-size: 2.2em; font-weight: 100;\">Pubblica amministrazione<\/span><\/a><br \/>\n<span style=\"color: #000; font-size: 0.9em;\">Necessit\u00e0 di una maggiore sicurezza contro le minacce informatiche<\/span>[\/vc_column_text][\/vc_column][vc_column width=\"1\/3\" css=\".vc_custom_1714030412495{padding-left: 32px !important;}\"][vc_single_image image=\"456876\" img_size=\"100x100\" onclick=\"custom_link\" css=\"\" qode_css_animation=\"\" link=\"https:\/\/www.stormshield.com\/it\/prodotti-e-soluzioni\/per-settore-di-attivita\/comunicazioni-critiche\/\"][vc_column_text css=\"\"]<a href=\"https:\/\/www.stormshield.com\/it\/prodotti-e-soluzioni\/per-settore-di-attivita\/comunicazioni-critiche\/\"><span style=\"color: #00aeef; line-height: 0.9em; font-size: 2.2em; font-weight: 100;\">Comunicazioni importanti<\/span><\/a><br \/>\n<span style=\"color: #000; font-size: 0.9em;\">La giusta preparazione per un funzionamento senza intoppi<\/span>[\/vc_column_text][\/vc_column][\/vc_row][vc_row css_animation=\"\" row_type=\"row\" use_row_as_full_screen_section=\"no\" type=\"grid\" angled_section=\"no\" text_align=\"left\" background_image_as_pattern=\"without_pattern\" z_index=\"\" padding_bottom=\"32\" padding_top=\"32\"][vc_column width=\"1\/3\" css=\".vc_custom_1714030399519{padding-right: 32px !important;}\"][vc_single_image image=\"456886\" img_size=\"100x100\" onclick=\"custom_link\" css=\"\" qode_css_animation=\"\" link=\"https:\/\/www.stormshield.com\/it\/prodotti-e-soluzioni\/per-settore-di-attivita\/organizzazioni-militari\/\"][vc_column_text css=\"\"]<a href=\"https:\/\/www.stormshield.com\/it\/prodotti-e-soluzioni\/per-settore-di-attivita\/organizzazioni-militari\/\"><span style=\"color: #00aeef; line-height: 0.9em; font-size: 2.2em; font-weight: 100;\">Difesa<\/span><\/a><br \/>\n<span style=\"color: #000; font-size: 0.9em;\">Garanzia del pi\u00f9 alto livello di certificazione sul mercato<\/span>[\/vc_column_text][\/vc_column][vc_column width=\"1\/3\" css=\".vc_custom_1714030419838{padding-right: 16px !important;padding-left: 16px !important;}\"][vc_single_image image=\"456961\" img_size=\"100x100\" onclick=\"custom_link\" css=\"\" qode_css_animation=\"\" link=\"https:\/\/www.stormshield.com\/it\/prodotti-e-soluzioni\/per-settore-di-attivita\/settore-idrico\/\"][vc_column_text css=\"\"]<a href=\"https:\/\/www.stormshield.com\/it\/prodotti-e-soluzioni\/per-settore-di-attivita\/settore-idrico\/\"><span style=\"color: #00aeef; line-height: 0.9em; font-size: 2.2em; font-weight: 100;\">Settore idrico<\/span><\/a><br \/>\n<span style=\"color: #000; font-size: 0.9em;\">Per una rete efficiente in ogni circostanza<\/span>[\/vc_column_text][\/vc_column][vc_column width=\"1\/3\" css=\".vc_custom_1714030412495{padding-left: 32px !important;}\"][vc_single_image image=\"456951\" img_size=\"100x100\" onclick=\"custom_link\" css=\"\" qode_css_animation=\"\" link=\"https:\/\/www.stormshield.com\/it\/prodotti-e-soluzioni\/per-settore-di-attivita\/settore-elettrico\/\"][vc_column_text css=\"\"]<a href=\"https:\/\/www.stormshield.com\/it\/prodotti-e-soluzioni\/per-settore-di-attivita\/settore-elettrico\/\"><span style=\"color: #00aeef; line-height: 0.9em; font-size: 2.2em; font-weight: 100;\">Elettricit\u00e0 e rete<\/span><\/a><br \/>\n<span style=\"color: #000; font-size: 0.9em;\">Gestione competente di un\u2019interconnessione sicura<\/span>[\/vc_column_text][\/vc_column][\/vc_row][vc_row css_animation=\"\" row_type=\"row\" use_row_as_full_screen_section=\"no\" type=\"grid\" angled_section=\"no\" text_align=\"left\" background_image_as_pattern=\"without_pattern\" z_index=\"\" padding_bottom=\"32\" padding_top=\"32\"][vc_column width=\"1\/3\" css=\".vc_custom_1714030399519{padding-right: 32px !important;}\"][vc_single_image image=\"456921\" img_size=\"100x100\" onclick=\"custom_link\" css=\"\" qode_css_animation=\"\" link=\"https:\/\/www.stormshield.com\/it\/prodotti-e-soluzioni\/per-settore-di-attivita\/facility-management-warehouse\/\"][vc_column_text css=\"\"]<a href=\"https:\/\/www.stormshield.com\/it\/prodotti-e-soluzioni\/per-settore-di-attivita\/facility-management-warehouse\/\"><span style=\"color: #00aeef; line-height: 0.9em; font-size: 2.2em; font-weight: 100;\">Facility Management<\/span><\/a><br \/>\n<span style=\"color: #000; font-size: 0.9em;\">Gestione competente delle reti connesse e intelligenti<\/span>[\/vc_column_text][\/vc_column][vc_column width=\"1\/3\" css=\".vc_custom_1714030419838{padding-right: 16px !important;padding-left: 16px !important;}\"][vc_single_image image=\"456911\" img_size=\"100x100\" onclick=\"custom_link\" css=\"\" qode_css_animation=\"\" link=\"https:\/\/www.stormshield.com\/it\/prodotti-e-soluzioni\/per-settore-di-attivita\/settore-nautico\/\"][vc_column_text css=\"\"]<a href=\"https:\/\/www.stormshield.com\/it\/prodotti-e-soluzioni\/per-settore-di-attivita\/settore-nautico\/\"><span style=\"color: #00aeef; line-height: 0.9em; font-size: 2.2em; font-weight: 100;\">Settore marittimo<\/span><\/a><br \/>\n<span style=\"color: #000; font-size: 0.9em;\">Protezione informatica sensibile sia in mare che a terra<\/span>[\/vc_column_text][\/vc_column][vc_column width=\"1\/3\" css=\".vc_custom_1714030412495{padding-left: 32px !important;}\"][vc_single_image image=\"456861\" img_size=\"100x100\" onclick=\"custom_link\" css=\"\" qode_css_animation=\"\" link=\"https:\/\/www.stormshield.com\/it\/prodotti-e-soluzioni\/per-settore-di-attivita\/salute\/\"][vc_column_text css=\"\"]<a href=\"https:\/\/www.stormshield.com\/it\/prodotti-e-soluzioni\/per-settore-di-attivita\/salute\/\"><span style=\"color: #00aeef; line-height: 0.9em; font-size: 2.2em; font-weight: 100;\">Salute<\/span><\/a><br \/>\n<span style=\"color: #000; font-size: 0.9em;\">L'urgente necessit\u00e0 di una protezione infallibile<\/span>[\/vc_column_text][\/vc_column][\/vc_row][vc_row css_animation=\"\" row_type=\"row\" use_row_as_full_screen_section=\"no\" type=\"grid\" angled_section=\"no\" text_align=\"left\" background_image_as_pattern=\"without_pattern\" z_index=\"\" padding_bottom=\"32\" padding_top=\"32\"][vc_column width=\"1\/3\" css=\".vc_custom_1714030399519{padding-right: 32px !important;}\"][vc_single_image image=\"456931\" img_size=\"100x100\" onclick=\"custom_link\" css=\"\" qode_css_animation=\"\" link=\"https:\/\/www.stormshield.com\/it\/prodotti-e-soluzioni\/per-settore-di-attivita\/trasporto-terrestre\/\"][vc_column_text css=\"\"]<a href=\"https:\/\/www.stormshield.com\/it\/prodotti-e-soluzioni\/per-settore-di-attivita\/trasporto-terrestre\/\"><span style=\"color: #00aeef; line-height: 0.9em; font-size: 2.2em; font-weight: 100;\">Trasporto terrestre<\/span><\/a><br \/>\n<span style=\"color: #000; font-size: 0.9em;\">L\u2019importanza di una rete reattiva e disponibile<\/span>[\/vc_column_text][\/vc_column][vc_column width=\"1\/3\" css=\".vc_custom_1714030419838{padding-right: 16px !important;padding-left: 16px !important;}\"][vc_single_image image=\"456271\" img_size=\"100x100\" onclick=\"custom_link\" css=\"\" qode_css_animation=\"\" link=\"https:\/\/www.stormshield.com\/it\/prodotti-e-soluzioni\/per-settore-di-attivita\/operatori-e-mssp\/\"][vc_column_text css=\"\"]<a href=\"https:\/\/www.stormshield.com\/it\/prodotti-e-soluzioni\/per-settore-di-attivita\/operatori-e-mssp\/\"><span style=\"color: #00aeef; line-height: 0.9em; font-size: 2.2em; font-weight: 100;\">Tecnologie dell\u2019informazione<\/span><\/a><br \/>\n<span style=\"color: #000; font-size: 0.9em;\">Semplificare la gestione del parco macchine e aumentare l'efficienza operativa<\/span>[\/vc_column_text][\/vc_column][vc_column width=\"1\/3\" css=\".vc_custom_1714030918128{padding-top: 32px !important;padding-right: 32px !important;padding-bottom: 32px !important;padding-left: 32px !important;background-color: #f9f9f9 !important;}\"][vc_single_image image=\"456476\" img_size=\"100x100\" qode_css_animation=\"\"][vc_column_text css=\"\"]<span style=\"color: #000; font-size: 1.1em;\"><strong>Il vostro settore non \u00e8 presente in questo elenco?<\/strong> Nessun problema, le nostre soluzioni di sicurezza sono sicuramente in grado di soddisfare anche le vostre necessit\u00e0 e aiutarvi a risolvere i problemi operativi. Contattate i nostri team di vendita e prevendita per richiedere una consulenza personalizzata.<\/span>[\/vc_column_text][vc_empty_space]<a  itemprop=\"url\" href=\"https:\/\/www.stormshield.com\/it\/contattateci\/servizio-commerciale\/\" target=\"_self\" data-hover-background-color=\"#d23467\" data-hover-border-color=\"#d23467\" class=\"qbutton  white enlarge\" style=\"border-color: #ffffff; background-color:#060051;\">Contattate<i class=\"qode_icon_font_awesome fa fa-angle-right qode_button_icon_element\"><\/i><\/a>[vc_empty_space][\/vc_column][\/vc_row][vc_row css_animation=\"\" row_type=\"row\" use_row_as_full_screen_section=\"no\" type=\"grid\" angled_section=\"no\" text_align=\"left\" background_image_as_pattern=\"without_pattern\" z_index=\"\" background_color=\"#060051\" padding_top=\"50\" padding_bottom=\"50\"][vc_column][vc_row_inner row_type=\"row\" type=\"full_width\" text_align=\"left\" css_animation=\"\"][vc_column_inner][vc_column_text css=\"\"]<\/p>\n<h2><span style=\"color: #ffffff; font-size: 1.2em; font-weight: 900;\">Particolare attenzione alle infrastrutture critiche<\/span><\/h2>\n<p><span style=\"color: #ffffff; font-size: 1.1em;\"><strong>A livello europeo, la direttiva NIS2 mira a garantire un certo livello di sicurezza per le reti e i sistemi informativi delle infrastrutture critiche e sensibili dei Paesi membri dell'Unione Europea.<\/strong> Operatori di Servizi Essenziali (OES) ieri, Enti Essenziali (EE) ed Enti Importanti (IE) domani. Con Stormshield, l'adozione dei giusti riflessi per conformarsi alle leggi francesi ed europee pu\u00f2 essere riassunta in tre parole chiave: protezione, qualificazione, conformit\u00e0. Scoprite di pi\u00f9 sui nostri prodotti di sicurezza affidabili.<\/span>[\/vc_column_text][vc_empty_space][\/vc_column_inner][\/vc_row_inner][\/vc_column][\/vc_row][vc_row css_animation=\"\" row_type=\"row\" use_row_as_full_screen_section=\"no\" type=\"grid\" angled_section=\"no\" text_align=\"left\" background_image_as_pattern=\"without_pattern\" z_index=\"\" padding_bottom=\"50\" padding_top=\"50\"][vc_column][vc_row_inner row_type=\"row\" type=\"full_width\" text_align=\"left\" css_animation=\"\"][vc_column_inner][vc_column_text css=\"\"]<span style=\"color: #000; font-size: 1.1em;\"><strong>Leggete una serie di testimonianze di clienti Stormshield,<\/strong> che raccontano l'implementazione delle soluzioni Stormshield all'interno della loro infrastruttura o con i loro team. Protezione della rete, protezione degli endpoint, protezione dei dati: scoprite come combinare cybersecurity, sovranit\u00e0 e protezione informatica.<\/span>[\/vc_column_text][vc_empty_space]<a  itemprop=\"url\" href=\"https:\/\/www.stormshield.com\/it\/documentation\/?_sft_rc_type=case-studies-it\" target=\"_blank\" data-hover-background-color=\"#d23467\" data-hover-border-color=\"#d23467\" class=\"qbutton  white enlarge\" style=\"border-color: #ffffff; background-color:#060051;\">Case studies<i class=\"qode_icon_font_awesome fa fa-angle-right qode_button_icon_element\"><\/i><\/a>[vc_empty_space][\/vc_column_inner][\/vc_row_inner][\/vc_column][\/vc_row]<\/p>\n<\/div>","protected":false},"excerpt":{"rendered":"<p>[vc_row css_animation=&#8221;&#8221; row_type=&#8221;row&#8221; use_row_as_full_screen_section=&#8221;no&#8221; type=&#8221;grid&#8221; angled_section=&#8221;no&#8221; text_align=&#8221;left&#8221; background_image_as_pattern=&#8221;without_pattern&#8221; z_index=&#8221;&#8221; padding_top=&#8221;50&#8243; padding_bottom=&#8221;50&#8243;][vc_column][vc_empty_space][vc_column_text css=&#8221;&#8221;] Soluzioni Stormshield per le vostre sfide aziendali, su misura per la realt\u00e0 del vostro settore [\/vc_column_text][vc_empty_space][\/vc_column][\/vc_row][vc_row css_animation=&#8221;&#8221; row_type=&#8221;row&#8221; use_row_as_full_screen_section=&#8221;no&#8221; type=&#8221;grid&#8221; angled_section=&#8221;no&#8221; text_align=&#8221;left&#8221; background_image_as_pattern=&#8221;without_pattern&#8221; z_index=&#8221;&#8221;][vc_column][vc_row_inner row_type=&#8221;row&#8221; type=&#8221;full_width&#8221; text_align=&#8221;left&#8221; css_animation=&#8221;&#8221;][vc_column_inner width=&#8221;5\/6&#8243;][vc_column_text css=&#8221;&#8221;] Soluzioni di sicurezza&#8230;<\/p>\n","protected":false},"author":1,"featured_media":0,"parent":316799,"menu_order":264,"comment_status":"closed","ping_status":"closed","template":"full_width.php","meta":{"_acf_changed":false,"footnotes":""},"class_list":["post-316861","page","type-page","status-publish","hentry"],"acf":[],"yoast_head":"<!-- This site is optimized with the Yoast SEO plugin v27.3 - https:\/\/yoast.com\/product\/yoast-seo-wordpress\/ -->\n<title>Soluzioni di sicurezza informatica per settore | Stormshield<\/title>\n<meta name=\"description\" content=\"Con Stormshield, trovate il prodotto o il servizio di sicurezza giusto per il vostro settore e le vostre esigenze specifiche.\" \/>\n<meta name=\"robots\" content=\"index, follow, max-snippet:-1, max-image-preview:large, max-video-preview:-1\" \/>\n<link rel=\"canonical\" href=\"https:\/\/www.stormshield.com\/it\/prodotti-e-soluzioni\/per-settore-di-attivita\/\" \/>\n<meta property=\"og:locale\" content=\"it_IT\" \/>\n<meta property=\"og:type\" content=\"article\" \/>\n<meta property=\"og:title\" content=\"Soluzioni di sicurezza informatica per settore | Stormshield\" \/>\n<meta property=\"og:description\" content=\"Con Stormshield, trovate il prodotto o il servizio di sicurezza giusto per il vostro settore e le vostre esigenze specifiche.\" \/>\n<meta property=\"og:url\" content=\"https:\/\/www.stormshield.com\/it\/prodotti-e-soluzioni\/per-settore-di-attivita\/\" \/>\n<meta property=\"og:site_name\" content=\"Stormshield\" \/>\n<meta property=\"article:modified_time\" content=\"2024-06-10T12:11:14+00:00\" \/>\n<meta property=\"og:image\" content=\"https:\/\/www.stormshield.com\/wp-content\/uploads\/stormshield_logo.png\" \/>\n\t<meta property=\"og:image:width\" content=\"204\" \/>\n\t<meta property=\"og:image:height\" content=\"94\" \/>\n\t<meta property=\"og:image:type\" content=\"image\/png\" \/>\n<meta name=\"twitter:card\" content=\"summary_large_image\" \/>\n<meta name=\"twitter:site\" content=\"@Stormshield\" \/>\n<meta name=\"twitter:label1\" content=\"Tempo di lettura stimato\" \/>\n\t<meta name=\"twitter:data1\" content=\"8 minuti\" \/>\n<script type=\"application\/ld+json\" class=\"yoast-schema-graph\">{\"@context\":\"https:\\\/\\\/schema.org\",\"@graph\":[{\"@type\":\"WebPage\",\"@id\":\"https:\\\/\\\/www.stormshield.com\\\/it\\\/prodotti-e-soluzioni\\\/per-settore-di-attivita\\\/\",\"url\":\"https:\\\/\\\/www.stormshield.com\\\/it\\\/prodotti-e-soluzioni\\\/per-settore-di-attivita\\\/\",\"name\":\"Soluzioni di sicurezza informatica per settore | Stormshield\",\"isPartOf\":{\"@id\":\"https:\\\/\\\/www.stormshield.com\\\/it\\\/#website\"},\"datePublished\":\"2016-06-03T10:24:49+00:00\",\"dateModified\":\"2024-06-10T12:11:14+00:00\",\"description\":\"Con Stormshield, trovate il prodotto o il servizio di sicurezza giusto per il vostro settore e le vostre esigenze specifiche.\",\"breadcrumb\":{\"@id\":\"https:\\\/\\\/www.stormshield.com\\\/it\\\/prodotti-e-soluzioni\\\/per-settore-di-attivita\\\/#breadcrumb\"},\"inLanguage\":\"it-IT\",\"potentialAction\":[{\"@type\":\"ReadAction\",\"target\":[\"https:\\\/\\\/www.stormshield.com\\\/it\\\/prodotti-e-soluzioni\\\/per-settore-di-attivita\\\/\"]}]},{\"@type\":\"BreadcrumbList\",\"@id\":\"https:\\\/\\\/www.stormshield.com\\\/it\\\/prodotti-e-soluzioni\\\/per-settore-di-attivita\\\/#breadcrumb\",\"itemListElement\":[{\"@type\":\"ListItem\",\"position\":1,\"name\":\"Home\",\"item\":\"https:\\\/\\\/www.stormshield.com\\\/it\\\/\"},{\"@type\":\"ListItem\",\"position\":2,\"name\":\"Prodotti e soluzioni\",\"item\":\"https:\\\/\\\/www.stormshield.com\\\/it\\\/prodotti-e-soluzioni\\\/\"},{\"@type\":\"ListItem\",\"position\":3,\"name\":\"Per settore di attivit\u00e0\"}]},{\"@type\":\"WebSite\",\"@id\":\"https:\\\/\\\/www.stormshield.com\\\/it\\\/#website\",\"url\":\"https:\\\/\\\/www.stormshield.com\\\/it\\\/\",\"name\":\"Stormshield\",\"description\":\"Stormshield\",\"potentialAction\":[{\"@type\":\"SearchAction\",\"target\":{\"@type\":\"EntryPoint\",\"urlTemplate\":\"https:\\\/\\\/www.stormshield.com\\\/it\\\/?s={search_term_string}\"},\"query-input\":{\"@type\":\"PropertyValueSpecification\",\"valueRequired\":true,\"valueName\":\"search_term_string\"}}],\"inLanguage\":\"it-IT\"}]}<\/script>\n<!-- \/ Yoast SEO plugin. -->","yoast_head_json":{"title":"Soluzioni di sicurezza informatica per settore | Stormshield","description":"Con Stormshield, trovate il prodotto o il servizio di sicurezza giusto per il vostro settore e le vostre esigenze specifiche.","robots":{"index":"index","follow":"follow","max-snippet":"max-snippet:-1","max-image-preview":"max-image-preview:large","max-video-preview":"max-video-preview:-1"},"canonical":"https:\/\/www.stormshield.com\/it\/prodotti-e-soluzioni\/per-settore-di-attivita\/","og_locale":"it_IT","og_type":"article","og_title":"Soluzioni di sicurezza informatica per settore | Stormshield","og_description":"Con Stormshield, trovate il prodotto o il servizio di sicurezza giusto per il vostro settore e le vostre esigenze specifiche.","og_url":"https:\/\/www.stormshield.com\/it\/prodotti-e-soluzioni\/per-settore-di-attivita\/","og_site_name":"Stormshield","article_modified_time":"2024-06-10T12:11:14+00:00","og_image":[{"width":204,"height":94,"url":"https:\/\/www.stormshield.com\/wp-content\/uploads\/stormshield_logo.png","type":"image\/png"}],"twitter_card":"summary_large_image","twitter_site":"@Stormshield","twitter_misc":{"Tempo di lettura stimato":"8 minuti"},"schema":{"@context":"https:\/\/schema.org","@graph":[{"@type":"WebPage","@id":"https:\/\/www.stormshield.com\/it\/prodotti-e-soluzioni\/per-settore-di-attivita\/","url":"https:\/\/www.stormshield.com\/it\/prodotti-e-soluzioni\/per-settore-di-attivita\/","name":"Soluzioni di sicurezza informatica per settore | Stormshield","isPartOf":{"@id":"https:\/\/www.stormshield.com\/it\/#website"},"datePublished":"2016-06-03T10:24:49+00:00","dateModified":"2024-06-10T12:11:14+00:00","description":"Con Stormshield, trovate il prodotto o il servizio di sicurezza giusto per il vostro settore e le vostre esigenze specifiche.","breadcrumb":{"@id":"https:\/\/www.stormshield.com\/it\/prodotti-e-soluzioni\/per-settore-di-attivita\/#breadcrumb"},"inLanguage":"it-IT","potentialAction":[{"@type":"ReadAction","target":["https:\/\/www.stormshield.com\/it\/prodotti-e-soluzioni\/per-settore-di-attivita\/"]}]},{"@type":"BreadcrumbList","@id":"https:\/\/www.stormshield.com\/it\/prodotti-e-soluzioni\/per-settore-di-attivita\/#breadcrumb","itemListElement":[{"@type":"ListItem","position":1,"name":"Home","item":"https:\/\/www.stormshield.com\/it\/"},{"@type":"ListItem","position":2,"name":"Prodotti e soluzioni","item":"https:\/\/www.stormshield.com\/it\/prodotti-e-soluzioni\/"},{"@type":"ListItem","position":3,"name":"Per settore di attivit\u00e0"}]},{"@type":"WebSite","@id":"https:\/\/www.stormshield.com\/it\/#website","url":"https:\/\/www.stormshield.com\/it\/","name":"Stormshield","description":"Stormshield","potentialAction":[{"@type":"SearchAction","target":{"@type":"EntryPoint","urlTemplate":"https:\/\/www.stormshield.com\/it\/?s={search_term_string}"},"query-input":{"@type":"PropertyValueSpecification","valueRequired":true,"valueName":"search_term_string"}}],"inLanguage":"it-IT"}]}},"_links":{"self":[{"href":"https:\/\/www.stormshield.com\/it\/wp-json\/wp\/v2\/pages\/316861","targetHints":{"allow":["GET"]}}],"collection":[{"href":"https:\/\/www.stormshield.com\/it\/wp-json\/wp\/v2\/pages"}],"about":[{"href":"https:\/\/www.stormshield.com\/it\/wp-json\/wp\/v2\/types\/page"}],"author":[{"embeddable":true,"href":"https:\/\/www.stormshield.com\/it\/wp-json\/wp\/v2\/users\/1"}],"replies":[{"embeddable":true,"href":"https:\/\/www.stormshield.com\/it\/wp-json\/wp\/v2\/comments?post=316861"}],"version-history":[{"count":11,"href":"https:\/\/www.stormshield.com\/it\/wp-json\/wp\/v2\/pages\/316861\/revisions"}],"predecessor-version":[{"id":536517,"href":"https:\/\/www.stormshield.com\/it\/wp-json\/wp\/v2\/pages\/316861\/revisions\/536517"}],"up":[{"embeddable":true,"href":"https:\/\/www.stormshield.com\/it\/wp-json\/wp\/v2\/pages\/316799"}],"wp:attachment":[{"href":"https:\/\/www.stormshield.com\/it\/wp-json\/wp\/v2\/media?parent=316861"}],"curies":[{"name":"wp","href":"https:\/\/api.w.org\/{rel}","templated":true}]}}