{"id":316799,"date":"2016-05-31T10:40:49","date_gmt":"2016-05-31T09:40:49","guid":{"rendered":"https:\/\/www.stormshield.com\/produits-et-services\/"},"modified":"2024-03-04T14:12:06","modified_gmt":"2024-03-04T13:12:06","slug":"prodotti-e-soluzioni","status":"publish","type":"page","link":"https:\/\/www.stormshield.com\/it\/prodotti-e-soluzioni\/","title":{"rendered":"Prodotti e soluzioni"},"content":{"rendered":"<div class=\"wpb-content-wrapper\"><p>[vc_row css_animation=\"\" row_type=\"row\" use_row_as_full_screen_section=\"no\" type=\"grid\" angled_section=\"no\" text_align=\"left\" background_image_as_pattern=\"without_pattern\" z_index=\"\" padding_top=\"50\" padding_bottom=\"50\"][vc_column][vc_column_text]<\/p>\n<h1 style=\"text-align: center;\"><span style=\"color: #00aaf5;\"><span style=\"font-weight: 300; font-size: 1.5em;\">Soluzioni e prodotti Stormshield<\/span><\/span><span style=\"color: #00aaf5;\"><span style=\"font-weight: 900; font-size: 1.5em;\"> per ottimizzare la sicurezza della vostra azienda e delle vostre attivit\u00e0<\/span><\/span><\/h1>\n<p>[\/vc_column_text][\/vc_column][\/vc_row][vc_row css_animation=\"\" row_type=\"row\" use_row_as_full_screen_section=\"no\" type=\"grid\" angled_section=\"no\" text_align=\"left\" background_image_as_pattern=\"without_pattern\" z_index=\"\" padding_top=\"50\" padding_bottom=\"50\"][vc_column][vc_row_inner row_type=\"row\" type=\"full_width\" text_align=\"left\" css_animation=\"\"][vc_column_inner][vc_column_text]<span style=\"color: #000; font-size: 1.1em;\">Stormshield si propone di offrire ai suoi clienti garanzie solide ed etiche, un ascolto attivo e assistenza personalizzata, oltre a soluzioni facili da integrare e da implementare con un impatto minimo sulle loro attivit\u00e0. <strong>La nostra mission: rendere sicure dal punto di vista informatico le aziende che gestiscono infrastrutture critiche e operative, in modo che possano concentrarsi, in tutta tranquillit\u00e0, sui propri obiettivi principali<\/strong>, determinanti per il buon andamento delle istituzioni, dell'economia e dei servizi offerti alla popolazione. <\/span>[\/vc_column_text][vc_empty_space][\/vc_column_inner][\/vc_row_inner][vc_row_inner row_type=\"row\" type=\"full_width\" text_align=\"left\" css_animation=\"\"][vc_column_inner width=\"1\/4\"][vc_single_image image=\"456231\" img_size=\"100x100\" alignment=\"center\" qode_css_animation=\"\"][vc_column_text]<\/p>\n<p style=\"text-align: center;\"><span style=\"color: #000; font-size: 1.1em;\">Soluzioni e prodotti per la <strong>protezione della rete<\/strong><br \/>\n<\/span><\/p>\n<p>[\/vc_column_text][\/vc_column_inner][vc_column_inner width=\"1\/4\"][vc_single_image image=\"456356\" img_size=\"100x100\" alignment=\"center\" qode_css_animation=\"\"][vc_column_text]<\/p>\n<p style=\"text-align: center;\"><span style=\"color: #000; font-size: 1.1em;\">Soluzioni e prodotti per la <strong>protezione degli endpoint<\/strong><br \/>\n<\/span><\/p>\n<p>[\/vc_column_text][\/vc_column_inner][vc_column_inner width=\"1\/4\"][vc_single_image image=\"456646\" img_size=\"100x100\" alignment=\"center\" qode_css_animation=\"\"][vc_column_text]<\/p>\n<p style=\"text-align: center;\"><span style=\"color: #000; font-size: 1.1em;\">Soluzioni e prodotti per la <strong>protezione dei dati<\/strong><br \/>\n<\/span><\/p>\n<p>[\/vc_column_text][\/vc_column_inner][vc_column_inner width=\"1\/4\"][vc_single_image image=\"456246\" img_size=\"100x100\" alignment=\"center\" qode_css_animation=\"\"][vc_column_text]<\/p>\n<p style=\"text-align: center;\"><span style=\"color: #000; font-size: 1.1em;\">Soluzioni e prodotti per la <strong>sicurezza industriale<\/strong><br \/>\n<\/span><\/p>\n<p>[\/vc_column_text][\/vc_column_inner][\/vc_row_inner][\/vc_column][\/vc_row][vc_row css_animation=\"\" row_type=\"row\" use_row_as_full_screen_section=\"no\" type=\"grid\" angled_section=\"no\" text_align=\"left\" background_image_as_pattern=\"without_pattern\" z_index=\"\" padding_bottom=\"50\"][vc_column][vc_row_inner row_type=\"row\" type=\"full_width\" text_align=\"left\" css_animation=\"\" css=\".vc_custom_1709542035926{padding-top: 32px !important;padding-right: 32px !important;padding-bottom: 32px !important;padding-left: 32px !important;background-color: #f9f9f9 !important;}\"][vc_column_inner width=\"2\/3\"][vc_column_text]<\/p>\n<h2><span style=\"color: #000; font-size: 1.2em; font-weight: 900;\">Soluzioni Stormshield per una sicurezza di rete unica e qualificata<\/span><\/h2>\n<p><span style=\"color: #000; font-size: 1.1em;\">Le soluzioni firewall Stormshield Network Security (SNS) si adattano alle vostre specifiche esigenze a partire dalle funzionalit\u00e0 essenziali.<\/span><\/p>\n<ul>\n<li><span style=\"color: #000; font-size: 1.1em;\">Prestazioni ineguagliabili a un prezzo imbattibile.<br \/>\n<\/span><\/li>\n<li><span style=\"color: #000; font-size: 1.1em;\">Garanzia di continuit\u00e0 delle attivit\u00e0 aziendali di fronte agli attacchi pi\u00f9 sofisticati grazie alla gestione delle vulnerabilit\u00e0 in tempo reale.<br \/>\n<\/span><\/li>\n<li><span style=\"color: #000; font-size: 1.1em;\">Tenete sotto controllo la navigazione in Internet monitorando l'utilizzo del web e il suo impatto sulle applicazioni aziendali.<br \/>\n<\/span><\/li>\n<li><span style=\"color: #000; font-size: 1.1em;\">Proteggete la connessione dei dipendenti e delle postazioni di lavoro.<br \/>\n<\/span><\/li>\n<li><span style=\"color: #000; font-size: 1.1em;\">Rendete il vostro Sistema Informativo aziendale conforme alla legislazione.<br \/>\n<\/span><\/li>\n<li><span style=\"color: #000; font-size: 1.1em;\">Migliorate l'efficienza operativa informatica della vostra infrastruttura.<\/span><\/li>\n<\/ul>\n<p>[\/vc_column_text][\/vc_column_inner][vc_column_inner width=\"1\/3\" css=\".vc_custom_1709541996380{padding-right: 32px !important;padding-left: 32px !important;}\"][vc_empty_space][vc_single_image image=\"456231\" img_size=\"medium\" qode_css_animation=\"\"]<a  itemprop=\"url\" href=\"https:\/\/www.stormshield.com\/it\/prodotti-e-soluzioni\/prodotti\/protezione-della-rete-aziendale\/\" target=\"_self\" data-hover-background-color=\"#00aeef\" data-hover-border-color=\"#00aeef\" class=\"qbutton  white enlarge\" style=\"border-color: #ffffff; background-color:#060051;\">Stormshield Network Security<i class=\"qode_icon_font_awesome fa fa-angle-right qode_button_icon_element\"><\/i><\/a>[vc_empty_space height=\"12px\"]<a  itemprop=\"url\" href=\"https:\/\/www.stormshield.com\/it\/prodotti-e-soluzioni\/prodotti\/stormshield-xdr\/\" target=\"_self\" data-hover-background-color=\"#00aeef\" data-hover-border-color=\"#00aeef\" class=\"qbutton  white enlarge\" style=\"border-color: #ffffff; background-color:#060051;\">Stormshield XDR<i class=\"qode_icon_font_awesome fa fa-angle-right qode_button_icon_element\"><\/i><\/a>[vc_empty_space][\/vc_column_inner][\/vc_row_inner][\/vc_column][\/vc_row][vc_row css_animation=\"\" row_type=\"row\" use_row_as_full_screen_section=\"no\" type=\"grid\" angled_section=\"no\" text_align=\"left\" background_image_as_pattern=\"without_pattern\" z_index=\"\" padding_top=\"50\" padding_bottom=\"50\"][vc_column][vc_row_inner row_type=\"row\" type=\"full_width\" text_align=\"left\" css_animation=\"\" css=\".vc_custom_1709542109079{padding-top: 32px !important;padding-right: 32px !important;padding-bottom: 32px !important;padding-left: 32px !important;}\"][vc_column_inner width=\"2\/3\"][vc_column_text]<\/p>\n<h2><span style=\"color: #000; font-size: 1.2em; font-weight: 900;\">Soluzioni Stormshield per una protezione proattiva e migliorata degli endpoint<\/span><\/h2>\n<p><span style=\"color: #000; font-size: 1.1em;\">Con Stormshield Endpoint Security (SES), proteggete le postazioni di lavoro, i server e gli endpoint in tutta sicurezza. Una protezione proattiva completa che soddisfa tre esigenze principali di fronte a minacce informatiche sofisticate e sconosciute.<\/span><\/p>\n<ul>\n<li><span style=\"color: #000; font-size: 1.1em;\">Garantite un livello di protezione completo ai vostri dispositivi, alle postazioni di lavoro e ai sistemi obsoleti con un controllo centralizzato degli endpoint.<br \/>\n<\/span><\/li>\n<li><span style=\"color: #000; font-size: 1.1em;\">Dotate la vostra protezione di una dimensione contestuale, grazie a politiche di sicurezza granulari, all'analisi comportamentale e al controllo dei dispositivi.<br \/>\n<\/span><\/li>\n<li><span style=\"color: #000; font-size: 1.1em;\">Ottenete una soluzione software consolidata, con un\u2019 architettura ottimizzata, componenti software isolati, scambi sicuri tra i moduli e controllo dell\u2019integrit\u00e0 di ogni componente.<br \/>\n<\/span><\/li>\n<li><span style=\"color: #000; font-size: 1.1em;\">Migliorate l'efficienza operativa informatica della vostra infrastruttura.<\/span><\/li>\n<\/ul>\n<p>[\/vc_column_text][\/vc_column_inner][vc_column_inner width=\"1\/3\" css=\".vc_custom_1709542101449{padding-right: 32px !important;padding-left: 32px !important;}\"][vc_empty_space][vc_single_image image=\"456356\" img_size=\"medium\" qode_css_animation=\"\"]<a  itemprop=\"url\" href=\"https:\/\/www.stormshield.com\/it\/prodotti-e-soluzioni\/prodotti\/protezione-delle-postazioni-e-dei-server\/\" target=\"_self\" data-hover-background-color=\"#00aeef\" data-hover-border-color=\"#00aeef\" class=\"qbutton  white enlarge\" style=\"border-color: #ffffff; background-color:#060051;\">Stormshield Endpoint Security<i class=\"qode_icon_font_awesome fa fa-angle-right qode_button_icon_element\"><\/i><\/a>[vc_empty_space height=\"12px\"]<a  itemprop=\"url\" href=\"https:\/\/www.stormshield.com\/it\/prodotti-e-soluzioni\/prodotti\/stormshield-xdr\/\" target=\"_self\" data-hover-background-color=\"#00aeef\" data-hover-border-color=\"#00aeef\" class=\"qbutton  white enlarge\" style=\"border-color: #ffffff; background-color:#060051;\">Stormshield XDR<i class=\"qode_icon_font_awesome fa fa-angle-right qode_button_icon_element\"><\/i><\/a>[vc_empty_space][\/vc_column_inner][\/vc_row_inner][\/vc_column][\/vc_row][vc_row css_animation=\"\" row_type=\"row\" use_row_as_full_screen_section=\"no\" type=\"grid\" angled_section=\"no\" text_align=\"left\" background_image_as_pattern=\"without_pattern\" z_index=\"\" padding_top=\"50\" padding_bottom=\"50\"][vc_column][vc_row_inner row_type=\"row\" type=\"full_width\" text_align=\"left\" css_animation=\"\" css=\".vc_custom_1709542377191{padding-top: 32px !important;padding-right: 32px !important;padding-bottom: 32px !important;padding-left: 32px !important;background-color: #f9f9f9 !important;}\"][vc_column_inner width=\"2\/3\"][vc_column_text]<\/p>\n<h2><span style=\"color: #000; font-size: 1.2em; font-weight: 900;\">Soluzioni Stormshield per proteggere i vostri dati sensibili<\/span><\/h2>\n<p><span style=\"color: #000; font-size: 1.1em;\">Con Stormshield Data Security (SDS), potete contare su una soluzione affidabile per proteggere i vostri dati sensibili. Un prodotto che combina diverse funzioni strategiche.<\/span><\/p>\n<ul>\n<li><span style=\"color: #000; font-size: 1.1em;\">Proteggete l\u2019integrit\u00e0 e la riservatezza dei vostri dati personali, sensibili e critici.<br \/>\n<\/span><\/li>\n<li><span style=\"color: #000; font-size: 1.1em;\">Usufruite della crittografia end-to-end dei documenti dei dipendenti, anche di quelli scambiati con l'esterno.<br \/>\n<\/span><\/li>\n<li><span style=\"color: #000; font-size: 1.1em;\">Promuovete il concetto di sicurezza informatica in tutta l\u2019azienda con una soluzione di crittografia orientata all\u2019utente.<\/span><\/li>\n<\/ul>\n<p>[\/vc_column_text][\/vc_column_inner][vc_column_inner width=\"1\/3\" css=\".vc_custom_1709542363391{padding-right: 32px !important;padding-left: 32px !important;}\"][vc_empty_space][vc_single_image image=\"456646\" img_size=\"medium\" qode_css_animation=\"\"]<a  itemprop=\"url\" href=\"https:\/\/www.stormshield.com\/it\/prodotti-e-soluzioni\/prodotti\/crittografia-dei-dati\/\" target=\"_self\" data-hover-background-color=\"#00aeef\" data-hover-border-color=\"#00aeef\" class=\"qbutton  white enlarge\" style=\"border-color: #ffffff; background-color:#060051;\">Stormshield Data Security<i class=\"qode_icon_font_awesome fa fa-angle-right qode_button_icon_element\"><\/i><\/a>[vc_empty_space][\/vc_column_inner][\/vc_row_inner][\/vc_column][\/vc_row][vc_row css_animation=\"\" row_type=\"row\" use_row_as_full_screen_section=\"no\" type=\"grid\" angled_section=\"no\" text_align=\"left\" background_image_as_pattern=\"without_pattern\" z_index=\"\" padding_top=\"50\" padding_bottom=\"50\"][vc_column][vc_row_inner row_type=\"row\" type=\"full_width\" text_align=\"left\" css_animation=\"\" css=\".vc_custom_1709542109079{padding-top: 32px !important;padding-right: 32px !important;padding-bottom: 32px !important;padding-left: 32px !important;}\"][vc_column_inner width=\"2\/3\"][vc_column_text]<\/p>\n<h2><span style=\"color: #000; font-size: 1.2em; font-weight: 900;\">Soluzioni Stormshield per la sicurezza delle reti OT<\/span><\/h2>\n<p><span style=\"color: #000; font-size: 1.1em;\">Con i firewall potenziati della serie SNS, SNi20 e SNi40, potrete raddoppiare la sicurezza della rete e la sicurezza operativa dei vostri ambienti OT.<\/span><\/p>\n<ul>\n<li><span style=\"color: #000; font-size: 1.1em;\">Segmentate la rete per separare gli elementi l\u2019uno dall\u2019altro e prevenire la diffusione degli attacchi.<br \/>\n<\/span><\/li>\n<li><span style=\"color: #000; font-size: 1.1em;\">Sfruttate l\u2019integrazione trasparente con le infrastrutture di rete (modalit\u00e0 bridge, ibrida, di routing).<br \/>\n<\/span><\/li>\n<li><span style=\"color: #000; font-size: 1.1em;\">Potenziate la sicurezza delle postazioni di lavoro e del software di supervisione (SCADA).<br \/>\n<\/span><\/li>\n<li><span style=\"color: #000; font-size: 1.1em;\">Controllate tutto con software e soluzioni di gestione comuni per i firewall IT e OT.<\/span><\/li>\n<\/ul>\n<p>[\/vc_column_text][\/vc_column_inner][vc_column_inner width=\"1\/3\" css=\".vc_custom_1709542101449{padding-right: 32px !important;padding-left: 32px !important;}\"][vc_empty_space][vc_single_image image=\"456246\" img_size=\"medium\" qode_css_animation=\"\"]<a  itemprop=\"url\" href=\"https:\/\/www.stormshield.com\/it\/prodotti-e-soluzioni\/prodotti\/protezione-industriale\/\" target=\"_self\" data-hover-background-color=\"#00aeef\" data-hover-border-color=\"#00aeef\" class=\"qbutton  white enlarge\" style=\"border-color: #ffffff; background-color:#060051;\">Settore industriale<i class=\"qode_icon_font_awesome fa fa-angle-right qode_button_icon_element\"><\/i><\/a>[vc_empty_space][\/vc_column_inner][\/vc_row_inner][\/vc_column][\/vc_row][vc_row css_animation=\"\" row_type=\"row\" use_row_as_full_screen_section=\"no\" type=\"grid\" angled_section=\"no\" text_align=\"left\" background_image_as_pattern=\"without_pattern\" z_index=\"\" padding_top=\"50\" padding_bottom=\"50\"][vc_column][vc_row_inner row_type=\"row\" type=\"full_width\" text_align=\"left\" css_animation=\"\" css=\".vc_custom_1709542759819{padding-top: 32px !important;padding-right: 32px !important;padding-bottom: 32px !important;padding-left: 32px !important;}\"][vc_column_inner width=\"1\/3\" css=\".vc_custom_1709543066705{padding-top: 32px !important;padding-right: 32px !important;padding-bottom: 32px !important;padding-left: 32px !important;}\"][vc_column_text]<span style=\"font-size: 1.1em; color: #000000;\">A livello europeo, la direttiva NIS2 definisce gli operatori di servizi essenziali (ESO). L'adozione dei giusti riflessi per conformarsi alla normativa pu\u00f2 essere riassunta in tre parole chiave: <strong>protezione, qualificazione e conformit\u00e0.<\/strong>[\/vc_column_text][vc_empty_space][\/vc_column_inner][vc_column_inner width=\"1\/3\" css=\".vc_custom_1709542899913{padding-top: 32px !important;padding-right: 32px !important;padding-bottom: 32px !important;padding-left: 32px !important;}\"][vc_column_text]<span style=\"font-size: 1.1em; color: #000000;\">Industria, pubblica amministrazione, sanit\u00e0, difesa... <strong>Qualunque sia il vostro settore di attivit\u00e0, Stormshield offre soluzioni su misura pensate per le sfide specifiche che dovete affrontare.<\/strong><\/span>[\/vc_column_text][vc_empty_space]<a  itemprop=\"url\" href=\"https:\/\/www.stormshield.com\/it\/prodotti-e-soluzioni\/per-settore-di-attivita\/\" target=\"_self\" data-hover-background-color=\"#d23467\" data-hover-border-color=\"#d23467\" class=\"qbutton  white enlarge\" style=\"border-color: #ffffff; background-color:#060051;\">Il vostro settore di attivit\u00e0<i class=\"qode_icon_font_awesome fa fa-angle-right qode_button_icon_element\"><\/i><\/a>[vc_empty_space][\/vc_column_inner][vc_column_inner width=\"1\/3\" css=\".vc_custom_1709542799066{padding-top: 32px !important;padding-right: 32px !important;padding-bottom: 32px !important;padding-left: 32px !important;background-color: #060051 !important;}\"][vc_column_text]<span style=\"color: #ffffff; font-size: 1.1em;\">Avete domande specifiche in merito a un particolare prodotto o soluzione? Le nostre soluzioni, che combinano integrit\u00e0, riservatezza, disponibilit\u00e0 e fiducia, <strong>offrono una combinazione di protezioni dei sistemi di produzione che non incide sull'attivit\u00e0 aziendale.<\/strong><\/span>[\/vc_column_text][vc_empty_space]<a  itemprop=\"url\" href=\"https:\/\/www.stormshield.com\/it\/contattateci\/servizio-commerciale\/\" target=\"_self\" data-hover-background-color=\"#d23467\" data-hover-border-color=\"#d23467\" class=\"qbutton  white enlarge\" style=\"border-color: #ffffff; background-color:#060051;\">Contattate<i class=\"qode_icon_font_awesome fa fa-angle-right qode_button_icon_element\"><\/i><\/a>[vc_empty_space][\/vc_column_inner][\/vc_row_inner][\/vc_column][\/vc_row]<\/p>\n<\/div>","protected":false},"excerpt":{"rendered":"<p>[vc_row css_animation=&#8221;&#8221; row_type=&#8221;row&#8221; use_row_as_full_screen_section=&#8221;no&#8221; type=&#8221;grid&#8221; angled_section=&#8221;no&#8221; text_align=&#8221;left&#8221; background_image_as_pattern=&#8221;without_pattern&#8221; z_index=&#8221;&#8221; padding_top=&#8221;50&#8243; padding_bottom=&#8221;50&#8243;][vc_column][vc_column_text] Soluzioni e prodotti Stormshield per ottimizzare la sicurezza della vostra azienda e delle vostre attivit\u00e0 [\/vc_column_text][\/vc_column][\/vc_row][vc_row css_animation=&#8221;&#8221; row_type=&#8221;row&#8221; use_row_as_full_screen_section=&#8221;no&#8221; type=&#8221;grid&#8221; angled_section=&#8221;no&#8221; text_align=&#8221;left&#8221; background_image_as_pattern=&#8221;without_pattern&#8221; z_index=&#8221;&#8221; padding_top=&#8221;50&#8243; padding_bottom=&#8221;50&#8243;][vc_column][vc_row_inner row_type=&#8221;row&#8221; type=&#8221;full_width&#8221; text_align=&#8221;left&#8221; css_animation=&#8221;&#8221;][vc_column_inner][vc_column_text]Stormshield si propone di offrire&#8230;<\/p>\n","protected":false},"author":1,"featured_media":0,"parent":0,"menu_order":452,"comment_status":"closed","ping_status":"closed","template":"full_width.php","meta":{"_acf_changed":false,"footnotes":""},"class_list":["post-316799","page","type-page","status-publish","hentry"],"acf":[],"yoast_head":"<!-- This site is optimized with the Yoast SEO plugin v27.3 - https:\/\/yoast.com\/product\/yoast-seo-wordpress\/ -->\n<title>Prodotti e servizi Stormshield: scoprite la nostra offerta<\/title>\n<meta name=\"description\" content=\"Trovate i prodotti di cybersecurity Stormshield pi\u00f9 adatti alla vostra azienda, in base alle vostre esigenze e sfide.\" \/>\n<meta name=\"robots\" content=\"index, follow, max-snippet:-1, max-image-preview:large, max-video-preview:-1\" \/>\n<link rel=\"canonical\" href=\"https:\/\/www.stormshield.com\/it\/prodotti-e-soluzioni\/\" \/>\n<meta property=\"og:locale\" content=\"it_IT\" \/>\n<meta property=\"og:type\" content=\"article\" \/>\n<meta property=\"og:title\" content=\"Prodotti e servizi Stormshield: scoprite la nostra offerta\" \/>\n<meta property=\"og:description\" content=\"Trovate i prodotti di cybersecurity Stormshield pi\u00f9 adatti alla vostra azienda, in base alle vostre esigenze e sfide.\" \/>\n<meta property=\"og:url\" content=\"https:\/\/www.stormshield.com\/it\/prodotti-e-soluzioni\/\" \/>\n<meta property=\"og:site_name\" content=\"Stormshield\" \/>\n<meta property=\"article:modified_time\" content=\"2024-03-04T13:12:06+00:00\" \/>\n<meta property=\"og:image\" content=\"https:\/\/www.stormshield.com\/wp-content\/uploads\/stormshield_logo.png\" \/>\n\t<meta property=\"og:image:width\" content=\"204\" \/>\n\t<meta property=\"og:image:height\" content=\"94\" \/>\n\t<meta property=\"og:image:type\" content=\"image\/png\" \/>\n<meta name=\"twitter:card\" content=\"summary_large_image\" \/>\n<meta name=\"twitter:site\" content=\"@Stormshield\" \/>\n<meta name=\"twitter:label1\" content=\"Tempo di lettura stimato\" \/>\n\t<meta name=\"twitter:data1\" content=\"7 minuti\" \/>\n<script type=\"application\/ld+json\" class=\"yoast-schema-graph\">{\"@context\":\"https:\\\/\\\/schema.org\",\"@graph\":[{\"@type\":\"WebPage\",\"@id\":\"https:\\\/\\\/www.stormshield.com\\\/it\\\/prodotti-e-soluzioni\\\/\",\"url\":\"https:\\\/\\\/www.stormshield.com\\\/it\\\/prodotti-e-soluzioni\\\/\",\"name\":\"Prodotti e servizi Stormshield: scoprite la nostra offerta\",\"isPartOf\":{\"@id\":\"https:\\\/\\\/www.stormshield.com\\\/it\\\/#website\"},\"datePublished\":\"2016-05-31T09:40:49+00:00\",\"dateModified\":\"2024-03-04T13:12:06+00:00\",\"description\":\"Trovate i prodotti di cybersecurity Stormshield pi\u00f9 adatti alla vostra azienda, in base alle vostre esigenze e sfide.\",\"breadcrumb\":{\"@id\":\"https:\\\/\\\/www.stormshield.com\\\/it\\\/prodotti-e-soluzioni\\\/#breadcrumb\"},\"inLanguage\":\"it-IT\",\"potentialAction\":[{\"@type\":\"ReadAction\",\"target\":[\"https:\\\/\\\/www.stormshield.com\\\/it\\\/prodotti-e-soluzioni\\\/\"]}]},{\"@type\":\"BreadcrumbList\",\"@id\":\"https:\\\/\\\/www.stormshield.com\\\/it\\\/prodotti-e-soluzioni\\\/#breadcrumb\",\"itemListElement\":[{\"@type\":\"ListItem\",\"position\":1,\"name\":\"Home\",\"item\":\"https:\\\/\\\/www.stormshield.com\\\/it\\\/\"},{\"@type\":\"ListItem\",\"position\":2,\"name\":\"Prodotti e soluzioni\"}]},{\"@type\":\"WebSite\",\"@id\":\"https:\\\/\\\/www.stormshield.com\\\/it\\\/#website\",\"url\":\"https:\\\/\\\/www.stormshield.com\\\/it\\\/\",\"name\":\"Stormshield\",\"description\":\"Stormshield\",\"potentialAction\":[{\"@type\":\"SearchAction\",\"target\":{\"@type\":\"EntryPoint\",\"urlTemplate\":\"https:\\\/\\\/www.stormshield.com\\\/it\\\/?s={search_term_string}\"},\"query-input\":{\"@type\":\"PropertyValueSpecification\",\"valueRequired\":true,\"valueName\":\"search_term_string\"}}],\"inLanguage\":\"it-IT\"}]}<\/script>\n<!-- \/ Yoast SEO plugin. -->","yoast_head_json":{"title":"Prodotti e servizi Stormshield: scoprite la nostra offerta","description":"Trovate i prodotti di cybersecurity Stormshield pi\u00f9 adatti alla vostra azienda, in base alle vostre esigenze e sfide.","robots":{"index":"index","follow":"follow","max-snippet":"max-snippet:-1","max-image-preview":"max-image-preview:large","max-video-preview":"max-video-preview:-1"},"canonical":"https:\/\/www.stormshield.com\/it\/prodotti-e-soluzioni\/","og_locale":"it_IT","og_type":"article","og_title":"Prodotti e servizi Stormshield: scoprite la nostra offerta","og_description":"Trovate i prodotti di cybersecurity Stormshield pi\u00f9 adatti alla vostra azienda, in base alle vostre esigenze e sfide.","og_url":"https:\/\/www.stormshield.com\/it\/prodotti-e-soluzioni\/","og_site_name":"Stormshield","article_modified_time":"2024-03-04T13:12:06+00:00","og_image":[{"width":204,"height":94,"url":"https:\/\/www.stormshield.com\/wp-content\/uploads\/stormshield_logo.png","type":"image\/png"}],"twitter_card":"summary_large_image","twitter_site":"@Stormshield","twitter_misc":{"Tempo di lettura stimato":"7 minuti"},"schema":{"@context":"https:\/\/schema.org","@graph":[{"@type":"WebPage","@id":"https:\/\/www.stormshield.com\/it\/prodotti-e-soluzioni\/","url":"https:\/\/www.stormshield.com\/it\/prodotti-e-soluzioni\/","name":"Prodotti e servizi Stormshield: scoprite la nostra offerta","isPartOf":{"@id":"https:\/\/www.stormshield.com\/it\/#website"},"datePublished":"2016-05-31T09:40:49+00:00","dateModified":"2024-03-04T13:12:06+00:00","description":"Trovate i prodotti di cybersecurity Stormshield pi\u00f9 adatti alla vostra azienda, in base alle vostre esigenze e sfide.","breadcrumb":{"@id":"https:\/\/www.stormshield.com\/it\/prodotti-e-soluzioni\/#breadcrumb"},"inLanguage":"it-IT","potentialAction":[{"@type":"ReadAction","target":["https:\/\/www.stormshield.com\/it\/prodotti-e-soluzioni\/"]}]},{"@type":"BreadcrumbList","@id":"https:\/\/www.stormshield.com\/it\/prodotti-e-soluzioni\/#breadcrumb","itemListElement":[{"@type":"ListItem","position":1,"name":"Home","item":"https:\/\/www.stormshield.com\/it\/"},{"@type":"ListItem","position":2,"name":"Prodotti e soluzioni"}]},{"@type":"WebSite","@id":"https:\/\/www.stormshield.com\/it\/#website","url":"https:\/\/www.stormshield.com\/it\/","name":"Stormshield","description":"Stormshield","potentialAction":[{"@type":"SearchAction","target":{"@type":"EntryPoint","urlTemplate":"https:\/\/www.stormshield.com\/it\/?s={search_term_string}"},"query-input":{"@type":"PropertyValueSpecification","valueRequired":true,"valueName":"search_term_string"}}],"inLanguage":"it-IT"}]}},"_links":{"self":[{"href":"https:\/\/www.stormshield.com\/it\/wp-json\/wp\/v2\/pages\/316799","targetHints":{"allow":["GET"]}}],"collection":[{"href":"https:\/\/www.stormshield.com\/it\/wp-json\/wp\/v2\/pages"}],"about":[{"href":"https:\/\/www.stormshield.com\/it\/wp-json\/wp\/v2\/types\/page"}],"author":[{"embeddable":true,"href":"https:\/\/www.stormshield.com\/it\/wp-json\/wp\/v2\/users\/1"}],"replies":[{"embeddable":true,"href":"https:\/\/www.stormshield.com\/it\/wp-json\/wp\/v2\/comments?post=316799"}],"version-history":[{"count":11,"href":"https:\/\/www.stormshield.com\/it\/wp-json\/wp\/v2\/pages\/316799\/revisions"}],"predecessor-version":[{"id":505969,"href":"https:\/\/www.stormshield.com\/it\/wp-json\/wp\/v2\/pages\/316799\/revisions\/505969"}],"wp:attachment":[{"href":"https:\/\/www.stormshield.com\/it\/wp-json\/wp\/v2\/media?parent=316799"}],"curies":[{"name":"wp","href":"https:\/\/api.w.org\/{rel}","templated":true}]}}