{"id":316685,"date":"2016-06-03T11:19:53","date_gmt":"2016-06-03T10:19:53","guid":{"rendered":"https:\/\/www.stormshield.com\/nous-rejoindre\/"},"modified":"2026-04-08T16:05:53","modified_gmt":"2026-04-08T15:05:53","slug":"collabora-con-noi","status":"publish","type":"page","link":"https:\/\/www.stormshield.com\/it\/collabora-con-noi\/","title":{"rendered":"Reclutamento"},"content":{"rendered":"<div class=\"wpb-content-wrapper\"><p>[vc_row css_animation=\"\" row_type=\"row\" use_row_as_full_screen_section=\"no\" type=\"grid\" angled_section=\"no\" text_align=\"left\" background_image_as_pattern=\"without_pattern\" z_index=\"\" padding_top=\"50\" padding_bottom=\"50\"][vc_column][vc_empty_space][vc_column_text css=\"\"]<\/p>\n<h1 style=\"text-align: center;\"><span style=\"color: #00aaf5;\"><span style=\"font-weight: 300; font-size: 1.5em;\">Pronti a cogliere nuove opportunit\u00e0? <\/span><span style=\"color: #00aaf5;\"><span style=\"font-weight: 900; font-size: 1.5em;\">Consultate le offerte di lavori di Stormshield<\/span><\/span><\/span><\/h1>\n<p>[\/vc_column_text][vc_empty_space][\/vc_column][\/vc_row][vc_row css_animation=\"\" row_type=\"row\" use_row_as_full_screen_section=\"no\" type=\"grid\" angled_section=\"no\" text_align=\"left\" background_image_as_pattern=\"without_pattern\" z_index=\"\" padding_bottom=\"50\" padding_top=\"50\" background_color=\"#060051\" css=\".vc_custom_1775660746841{background-color: #060051 !important;}\"][vc_column][vc_row_inner row_type=\"row\" type=\"full_width\" text_align=\"left\" css_animation=\"\" css=\".vc_custom_1775660751178{padding-top: 32px !important;padding-right: 32px !important;padding-bottom: 32px !important;padding-left: 32px !important;}\"][vc_column_inner width=\"1\/2\"][vc_column_text css=\"\"]<span style=\"color: #ffffff; font-size: 1.1em;\">Vuoi lavorare nel settore della sicurezza informatica? Che tu sia uno specialista, un principiante o un esperto affermato nel campo della sicurezza informatica, sei alla ricerca di un tirocinio o di una nuova avventura? Scopri tutte le nostre posizioni aperte <strong>nella nostra sezione Carriere,<\/strong> oppure invia una candidatura spontanea. Puoi anche contattare il nostro team delle Risorse Umane.<\/span>[\/vc_column_text][vc_empty_space][\/vc_column_inner][vc_column_inner width=\"1\/2\"][vc_empty_space]<a  itemprop=\"url\" href=\"https:\/\/careers.stormshield.eu\/en\" target=\"_blank\" data-hover-background-color=\"#D23467\" data-hover-border-color=\"#ffffff\" data-hover-color=\"#FFFFFF\" class=\"qbutton  big_large white enlarge\" style=\"border-color: #ffffff; background-color:#D23467;\">Sfoglia le nostre offerte<i class=\"qode_icon_font_awesome fa fa-angle-double-right qode_button_icon_element\"><\/i><\/a>[vc_empty_space height=\"12px\"]<a  itemprop=\"url\" href=\"https:\/\/www.stormshield.com\/it\/contattateci\/risorse-umane\/\" target=\"_self\" data-hover-background-color=\"#d23467\" data-hover-border-color=\"#ffffff\" data-hover-color=\"#FFFFFF\" class=\"qbutton  white enlarge\" style=\"color: #FFFFFF; border-color: #ffffff; background-color:#00000000;\">Contattaci<i class=\"qode_icon_font_awesome fa fa-angle-right qode_button_icon_element\"><\/i><\/a>[vc_empty_space][\/vc_column_inner][\/vc_row_inner][\/vc_column][\/vc_row][vc_row css_animation=\"\" row_type=\"row\" use_row_as_full_screen_section=\"no\" type=\"grid\" angled_section=\"no\" text_align=\"left\" background_image_as_pattern=\"without_pattern\" z_index=\"\" padding_bottom=\"50\" padding_top=\"50\"][vc_column width=\"2\/3\"][vc_column_text css=\"\"]<\/p>\n<h2><span style=\"color: #000; font-size: 1.2em; font-weight: 900;\">Reclutamento aperto a tutti, dai principianti agli specialisti<\/span><\/h2>\n<p><span style=\"color: #000; font-size: 1.1em;\">Come azienda in crescita, <strong>Stormshield \u00e8 alla ricerca di nuovi talenti, sia alle prime armi che con esperienza.<\/strong> Per far fronte alle crescenti esigenze e al potenziamento degli incarichi, offriamo la possibilit\u00e0 di coprire diverse posizioni vacanti.<\/span><\/p>\n<p><span style=\"color: #000; font-size: 1.1em;\">Ingegnere, Sviluppatore, Amministratore di Sistema, Technical Leader, Team Leader... I profili professionali e i livelli di responsabilit\u00e0 sono davvero tanti. Se siete mossi da uno spirito curioso, appassionato ed esigente, venite a liberare il vostro potenziale, a sviluppare le vostre capacit\u00e0 e ad aiutarci a costruire la Stormshield di domani.<\/span>[\/vc_column_text][vc_empty_space][\/vc_column][vc_column width=\"1\/3\" css=\".vc_custom_1775660168788{padding-top: 24px !important;padding-right: 24px !important;padding-bottom: 24px !important;padding-left: 24px !important;background-color: #ECECEC !important;}\"][vc_column_text css=\"\"]<span style=\"color: #000000; font-size: 1.3em;\"><strong>Quali sono le professioni della cybersecurity?<\/strong> <\/span><\/p>\n<p><span style=\"color: #000000; font-size: 1.1em;\">Ingegnere, Sviluppatore, Amministratore di Sistema, Technical Leader, Team Leader... I profili professionali e i livelli di responsabilit\u00e0 sono davvero tanti. Se siete mossi da uno spirito curioso, appassionato ed esigente, venite a liberare il vostro potenziale, a sviluppare le vostre capacit\u00e0 e ad aiutarci a costruire la Stormshield di domani.<\/span>[\/vc_column_text][vc_empty_space][\/vc_column][\/vc_row][vc_row css_animation=\"\" row_type=\"row\" use_row_as_full_screen_section=\"no\" type=\"grid\" angled_section=\"no\" text_align=\"left\" background_image_as_pattern=\"without_pattern\" z_index=\"\"][vc_column width=\"1\/3\"][vc_empty_space][vc_video link=\"https:\/\/youtu.be\/ktcfgyz4uUY\" align=\"center\"][vc_column_text]<span style=\"color: #000; font-size: 0.9em; font-weight: 300;\">Scoprite Stormshield con Sophie, Scrum Master<\/span>[\/vc_column_text][vc_empty_space][\/vc_column][vc_column width=\"1\/3\"][vc_empty_space][vc_video link=\"https:\/\/youtu.be\/76J7a05FSQ0\" align=\"center\" css=\"\"][vc_column_text css=\"\"]<span style=\"color: #000; font-size: 0.9em; font-weight: 300;\">Scoprite Stormshield con Rita, QA Engineer<\/span>[\/vc_column_text][vc_empty_space][\/vc_column][vc_column width=\"1\/3\"][vc_empty_space][vc_video link=\"https:\/\/youtu.be\/bDbZ46aoqnQ\" align=\"center\"][vc_column_text]<span style=\"color: #000; font-size: 0.9em; font-weight: 300;\">Scoprite Stormshield con R\u00e9my, Support Manager<\/span>[\/vc_column_text][vc_empty_space][\/vc_column][\/vc_row][vc_row css_animation=\"\" row_type=\"row\" use_row_as_full_screen_section=\"no\" type=\"grid\" angled_section=\"no\" text_align=\"left\" background_image_as_pattern=\"without_pattern\" z_index=\"\" padding_bottom=\"50\" css=\".vc_custom_1697804221509{background-color: #ffffff !important;}\" padding_top=\"50\"][vc_column][vc_row_inner row_type=\"row\" type=\"full_width\" text_align=\"left\" css_animation=\"\" background_color=\"#f9f9f9\" css=\".vc_custom_1697805785032{padding-top: 32px !important;padding-right: 32px !important;padding-bottom: 32px !important;padding-left: 32px !important;}\"][vc_column_inner width=\"1\/2\"][vc_column_text]<\/p>\n<h2><span style=\"color: #000; font-size: 1.2em; font-weight: 900;\">Entrate a far parte di un team di appassionati di cybersecurity<\/span><\/h2>\n<p><span style=\"color: #000; font-size: 1.1em;\">Stormshield \u00e8 un gruppo affiatato di appassionati di sicurezza informatica, che trae forza dalla propria diversit\u00e0 e complementariet\u00e0.<\/span><\/p>\n<p><span style=\"color: #000; font-size: 1.1em;\">Essere uno \"Stormshielder\" significa appartenere a un collettivo agile, unico e impegnato. Sono questi gli ingredienti del nostro successo: tre valori forti condivisi dai nostri team (\"<em>Customer Centric<\/em>\", \"<em>Collaborative Success<\/em>\" e \"<em>Build Trust<\/em>\"), oltre a una buona dose di \"<em>Work Hard, Play Hard<\/em>\". E infine, il desiderio di innovare... Questo \u00e8 lo spirito che ci guida ogni giorno: la dedizione verso i nostri clienti. Cosa aspettate a unirvi a noi?<\/span>[\/vc_column_text][vc_empty_space]<a  itemprop=\"url\" href=\"https:\/\/stories.stormshield.com\/en\/\" target=\"_blank\" data-hover-background-color=\"#d23467\" data-hover-border-color=\"#ffffff\" class=\"qbutton  white enlarge\" style=\"border-color: #ffffff; background-color:#060051;\">I backstage<i class=\"qode_icon_font_awesome fa fa-angle-right qode_button_icon_element\"><\/i><\/a>[vc_empty_space][\/vc_column_inner][vc_column_inner width=\"1\/2\"][vc_empty_space][vc_single_image image=\"536582\" img_size=\"large\" alignment=\"center\" onclick=\"custom_link\" img_link_target=\"_blank\" css=\"\" qode_css_animation=\"\" qode_hover_animation=\"zoom_in\" link=\"https:\/\/stories.stormshield.com\/en\/\"][vc_empty_space][\/vc_column_inner][\/vc_row_inner][\/vc_column][\/vc_row][vc_row css_animation=\"\" row_type=\"row\" use_row_as_full_screen_section=\"no\" type=\"grid\" angled_section=\"no\" text_align=\"left\" background_image_as_pattern=\"without_pattern\" z_index=\"\"][vc_column width=\"1\/3\"][vc_empty_space][vc_video link=\"https:\/\/youtu.be\/l-ijQBCS2Kc\" align=\"center\"][vc_column_text]<span style=\"color: #000; font-size: 0.9em; font-weight: 300;\">Scoprite Stormshield con Yvan, Technical Leader<\/span>[\/vc_column_text][vc_empty_space][\/vc_column][vc_column width=\"1\/3\"][vc_empty_space][vc_video link=\"https:\/\/youtu.be\/aFY4V4w3Dcw\" align=\"center\"][vc_column_text]<span style=\"color: #000; font-size: 0.9em; font-weight: 300;\">Scoprite Stormshield con Laurence, Sales Manager<\/span>[\/vc_column_text][vc_empty_space][\/vc_column][vc_column width=\"1\/3\"][vc_empty_space][vc_video link=\"https:\/\/youtu.be\/zvKzG33OhJA\" align=\"center\"][vc_column_text]<span style=\"color: #000; font-size: 0.9em; font-weight: 300;\">Scoprite Stormshield con Pierre-Yves, CEO<\/span>[\/vc_column_text][vc_empty_space][\/vc_column][\/vc_row][vc_row css_animation=\"\" row_type=\"row\" use_row_as_full_screen_section=\"no\" type=\"grid\" angled_section=\"no\" text_align=\"left\" background_image_as_pattern=\"without_pattern\" z_index=\"\" padding_bottom=\"50\" padding_top=\"50\"][vc_column][vc_column_text]<\/p>\n<h2><span style=\"color: #000; font-size: 1.2em; font-weight: 900;\">Il nostro impegno aziendale<\/span><\/h2>\n<p><span style=\"color: #000; font-size: 1.1em;\"><strong>Il nostro processo di selezione del personale si basa su due principi: reattivit\u00e0 e collaborazione.<\/strong> In un ambiente competitivo e vivace, il tempo \u00e8 prezioso. E per muoverci il pi\u00f9 rapidamente possibile, suddividiamo il processo di selezione tra i nostri team di manager e dipendenti e quelli del reparto Risorse Umane.<\/span><\/p>\n<p><span style=\"color: #000; font-size: 1.1em;\">Innanzitutto, dopo aver presentato la vostra domanda, incontrerete il team e il manager per sostenere alcuni test. Successivamente svolgerete un colloquio pi\u00f9 approfondito con il responsabile delle Risorse Umane. Infine, riceverete entro breve tempo una proposta adatta al vostro profilo e alle vostre competenze. Semplice, rapido ed efficace.<\/span>[\/vc_column_text][vc_empty_space][\/vc_column][\/vc_row][vc_row css_animation=\"\" row_type=\"row\" use_row_as_full_screen_section=\"no\" type=\"grid\" angled_section=\"no\" text_align=\"left\" background_image_as_pattern=\"without_pattern\" z_index=\"\" padding_bottom=\"50\" css=\".vc_custom_1697804221509{background-color: #ffffff !important;}\" padding_top=\"50\"][vc_column][vc_row_inner row_type=\"row\" type=\"full_width\" text_align=\"left\" css_animation=\"\" background_color=\"#f9f9f9\" css=\".vc_custom_1697805747463{padding-top: 32px !important;padding-right: 32px !important;padding-bottom: 32px !important;padding-left: 32px !important;}\"][vc_column_inner][vc_column_text]<\/p>\n<h2><span style=\"color: #000; font-size: 1.2em; font-weight: 900;\">Relazioni educative: uno stretto legame con il mondo scolastico<\/span><\/h2>\n<p><span style=\"color: #000; font-size: 1.1em;\">Sia attraverso l\u2019accoglienza di studenti (stage, esperienze lavorative, partecipazione a progetti aziendali) che nell\u2019ambito della formazione, con docenti e prodotti Stormshield all\u2019interno dei corsi, manteniamo uno stretto rapporto con il mondo studentesco. Per sviluppare ulteriormente questo approccio, abbiamo creato un programma di partnership con scuole e universit\u00e0: <strong>benvenuti nel programma Stormshield Academy.<\/strong><\/span>[\/vc_column_text][vc_empty_space]<a  itemprop=\"url\" href=\"https:\/\/www.stormshield.com\/it\/il-nostro-supporto\/servizi\/stormshield-academy\/\" target=\"_self\" data-hover-background-color=\"#d23467\" data-hover-border-color=\"#ffffff\" class=\"qbutton  white enlarge\" style=\"border-color: #ffffff; background-color:#060051;\">Stormshield Academy<i class=\"qode_icon_font_awesome fa fa-angle-right qode_button_icon_element\"><\/i><\/a>[vc_empty_space][\/vc_column_inner][\/vc_row_inner][\/vc_column][\/vc_row]<\/p>\n<\/div>","protected":false},"excerpt":{"rendered":"<p>[vc_row css_animation=&#8221;&#8221; row_type=&#8221;row&#8221; use_row_as_full_screen_section=&#8221;no&#8221; type=&#8221;grid&#8221; angled_section=&#8221;no&#8221; text_align=&#8221;left&#8221; background_image_as_pattern=&#8221;without_pattern&#8221; z_index=&#8221;&#8221; padding_top=&#8221;50&#8243; padding_bottom=&#8221;50&#8243;][vc_column][vc_empty_space][vc_column_text css=&#8221;&#8221;] Pronti a cogliere nuove opportunit\u00e0? Consultate le offerte di lavori di Stormshield [\/vc_column_text][vc_empty_space][\/vc_column][\/vc_row][vc_row css_animation=&#8221;&#8221; row_type=&#8221;row&#8221; use_row_as_full_screen_section=&#8221;no&#8221; type=&#8221;grid&#8221; angled_section=&#8221;no&#8221; text_align=&#8221;left&#8221; background_image_as_pattern=&#8221;without_pattern&#8221; z_index=&#8221;&#8221; padding_bottom=&#8221;50&#8243; padding_top=&#8221;50&#8243; background_color=&#8221;#060051&#8243; css=&#8221;.vc_custom_1775660746841{background-color: #060051 !important;}&#8221;][vc_column][vc_row_inner row_type=&#8221;row&#8221; type=&#8221;full_width&#8221; text_align=&#8221;left&#8221; css_animation=&#8221;&#8221; css=&#8221;.vc_custom_1775660751178{padding-top: 32px&#8230;<\/p>\n","protected":false},"author":1,"featured_media":413902,"parent":0,"menu_order":467,"comment_status":"closed","ping_status":"closed","template":"full_width.php","meta":{"_acf_changed":false,"footnotes":""},"class_list":["post-316685","page","type-page","status-publish","has-post-thumbnail","hentry"],"acf":[],"yoast_head":"<!-- This site is optimized with the Yoast SEO plugin v27.3 - https:\/\/yoast.com\/product\/yoast-seo-wordpress\/ -->\n<title>Reclutamento Sicurezza Informatica: Candidati alle Offerte di Lavoro<\/title>\n<meta name=\"description\" content=\"Entra a far parte del nostro team di esperti in sicurezza informatica. Scopri i nostri impegni aziendali e il nostro processo di reclutamento.\" \/>\n<meta name=\"robots\" content=\"index, follow, max-snippet:-1, max-image-preview:large, max-video-preview:-1\" \/>\n<link rel=\"canonical\" href=\"https:\/\/www.stormshield.com\/it\/collabora-con-noi\/\" \/>\n<meta property=\"og:locale\" content=\"it_IT\" \/>\n<meta property=\"og:type\" content=\"article\" \/>\n<meta property=\"og:title\" content=\"Reclutamento Sicurezza Informatica: Candidati alle Offerte di Lavoro\" \/>\n<meta property=\"og:description\" content=\"Entra a far parte del nostro team di esperti in sicurezza informatica. Scopri i nostri impegni aziendali e il nostro processo di reclutamento.\" \/>\n<meta property=\"og:url\" content=\"https:\/\/www.stormshield.com\/it\/collabora-con-noi\/\" \/>\n<meta property=\"og:site_name\" content=\"Stormshield\" \/>\n<meta property=\"article:modified_time\" content=\"2026-04-08T15:05:53+00:00\" \/>\n<meta property=\"og:image\" content=\"https:\/\/www.stormshield.com\/wp-content\/uploads\/shutterstock-2023112336-scaled.jpg\" \/>\n\t<meta property=\"og:image:width\" content=\"2560\" \/>\n\t<meta property=\"og:image:height\" content=\"1440\" \/>\n\t<meta property=\"og:image:type\" content=\"image\/jpeg\" \/>\n<meta name=\"twitter:card\" content=\"summary_large_image\" \/>\n<meta name=\"twitter:site\" content=\"@Stormshield\" \/>\n<meta name=\"twitter:label1\" content=\"Tempo di lettura stimato\" \/>\n\t<meta name=\"twitter:data1\" content=\"4 minuti\" \/>\n<script type=\"application\/ld+json\" class=\"yoast-schema-graph\">{\"@context\":\"https:\\\/\\\/schema.org\",\"@graph\":[{\"@type\":\"WebPage\",\"@id\":\"https:\\\/\\\/www.stormshield.com\\\/it\\\/collabora-con-noi\\\/\",\"url\":\"https:\\\/\\\/www.stormshield.com\\\/it\\\/collabora-con-noi\\\/\",\"name\":\"Reclutamento Sicurezza Informatica: Candidati alle Offerte di Lavoro\",\"isPartOf\":{\"@id\":\"https:\\\/\\\/www.stormshield.com\\\/it\\\/#website\"},\"primaryImageOfPage\":{\"@id\":\"https:\\\/\\\/www.stormshield.com\\\/it\\\/collabora-con-noi\\\/#primaryimage\"},\"image\":{\"@id\":\"https:\\\/\\\/www.stormshield.com\\\/it\\\/collabora-con-noi\\\/#primaryimage\"},\"thumbnailUrl\":\"https:\\\/\\\/www.stormshield.com\\\/wp-content\\\/uploads\\\/shutterstock-2023112336-scaled.jpg\",\"datePublished\":\"2016-06-03T10:19:53+00:00\",\"dateModified\":\"2026-04-08T15:05:53+00:00\",\"description\":\"Entra a far parte del nostro team di esperti in sicurezza informatica. Scopri i nostri impegni aziendali e il nostro processo di reclutamento.\",\"breadcrumb\":{\"@id\":\"https:\\\/\\\/www.stormshield.com\\\/it\\\/collabora-con-noi\\\/#breadcrumb\"},\"inLanguage\":\"it-IT\",\"potentialAction\":[{\"@type\":\"ReadAction\",\"target\":[\"https:\\\/\\\/www.stormshield.com\\\/it\\\/collabora-con-noi\\\/\"]}]},{\"@type\":\"ImageObject\",\"inLanguage\":\"it-IT\",\"@id\":\"https:\\\/\\\/www.stormshield.com\\\/it\\\/collabora-con-noi\\\/#primaryimage\",\"url\":\"https:\\\/\\\/www.stormshield.com\\\/wp-content\\\/uploads\\\/shutterstock-2023112336-scaled.jpg\",\"contentUrl\":\"https:\\\/\\\/www.stormshield.com\\\/wp-content\\\/uploads\\\/shutterstock-2023112336-scaled.jpg\",\"width\":2560,\"height\":1440},{\"@type\":\"BreadcrumbList\",\"@id\":\"https:\\\/\\\/www.stormshield.com\\\/it\\\/collabora-con-noi\\\/#breadcrumb\",\"itemListElement\":[{\"@type\":\"ListItem\",\"position\":1,\"name\":\"Home\",\"item\":\"https:\\\/\\\/www.stormshield.com\\\/it\\\/\"},{\"@type\":\"ListItem\",\"position\":2,\"name\":\"Reclutamento\"}]},{\"@type\":\"WebSite\",\"@id\":\"https:\\\/\\\/www.stormshield.com\\\/it\\\/#website\",\"url\":\"https:\\\/\\\/www.stormshield.com\\\/it\\\/\",\"name\":\"Stormshield\",\"description\":\"Stormshield\",\"potentialAction\":[{\"@type\":\"SearchAction\",\"target\":{\"@type\":\"EntryPoint\",\"urlTemplate\":\"https:\\\/\\\/www.stormshield.com\\\/it\\\/?s={search_term_string}\"},\"query-input\":{\"@type\":\"PropertyValueSpecification\",\"valueRequired\":true,\"valueName\":\"search_term_string\"}}],\"inLanguage\":\"it-IT\"}]}<\/script>\n<!-- \/ Yoast SEO plugin. -->","yoast_head_json":{"title":"Reclutamento Sicurezza Informatica: Candidati alle Offerte di Lavoro","description":"Entra a far parte del nostro team di esperti in sicurezza informatica. Scopri i nostri impegni aziendali e il nostro processo di reclutamento.","robots":{"index":"index","follow":"follow","max-snippet":"max-snippet:-1","max-image-preview":"max-image-preview:large","max-video-preview":"max-video-preview:-1"},"canonical":"https:\/\/www.stormshield.com\/it\/collabora-con-noi\/","og_locale":"it_IT","og_type":"article","og_title":"Reclutamento Sicurezza Informatica: Candidati alle Offerte di Lavoro","og_description":"Entra a far parte del nostro team di esperti in sicurezza informatica. Scopri i nostri impegni aziendali e il nostro processo di reclutamento.","og_url":"https:\/\/www.stormshield.com\/it\/collabora-con-noi\/","og_site_name":"Stormshield","article_modified_time":"2026-04-08T15:05:53+00:00","og_image":[{"width":2560,"height":1440,"url":"https:\/\/www.stormshield.com\/wp-content\/uploads\/shutterstock-2023112336-scaled.jpg","type":"image\/jpeg"}],"twitter_card":"summary_large_image","twitter_site":"@Stormshield","twitter_misc":{"Tempo di lettura stimato":"4 minuti"},"schema":{"@context":"https:\/\/schema.org","@graph":[{"@type":"WebPage","@id":"https:\/\/www.stormshield.com\/it\/collabora-con-noi\/","url":"https:\/\/www.stormshield.com\/it\/collabora-con-noi\/","name":"Reclutamento Sicurezza Informatica: Candidati alle Offerte di Lavoro","isPartOf":{"@id":"https:\/\/www.stormshield.com\/it\/#website"},"primaryImageOfPage":{"@id":"https:\/\/www.stormshield.com\/it\/collabora-con-noi\/#primaryimage"},"image":{"@id":"https:\/\/www.stormshield.com\/it\/collabora-con-noi\/#primaryimage"},"thumbnailUrl":"https:\/\/www.stormshield.com\/wp-content\/uploads\/shutterstock-2023112336-scaled.jpg","datePublished":"2016-06-03T10:19:53+00:00","dateModified":"2026-04-08T15:05:53+00:00","description":"Entra a far parte del nostro team di esperti in sicurezza informatica. Scopri i nostri impegni aziendali e il nostro processo di reclutamento.","breadcrumb":{"@id":"https:\/\/www.stormshield.com\/it\/collabora-con-noi\/#breadcrumb"},"inLanguage":"it-IT","potentialAction":[{"@type":"ReadAction","target":["https:\/\/www.stormshield.com\/it\/collabora-con-noi\/"]}]},{"@type":"ImageObject","inLanguage":"it-IT","@id":"https:\/\/www.stormshield.com\/it\/collabora-con-noi\/#primaryimage","url":"https:\/\/www.stormshield.com\/wp-content\/uploads\/shutterstock-2023112336-scaled.jpg","contentUrl":"https:\/\/www.stormshield.com\/wp-content\/uploads\/shutterstock-2023112336-scaled.jpg","width":2560,"height":1440},{"@type":"BreadcrumbList","@id":"https:\/\/www.stormshield.com\/it\/collabora-con-noi\/#breadcrumb","itemListElement":[{"@type":"ListItem","position":1,"name":"Home","item":"https:\/\/www.stormshield.com\/it\/"},{"@type":"ListItem","position":2,"name":"Reclutamento"}]},{"@type":"WebSite","@id":"https:\/\/www.stormshield.com\/it\/#website","url":"https:\/\/www.stormshield.com\/it\/","name":"Stormshield","description":"Stormshield","potentialAction":[{"@type":"SearchAction","target":{"@type":"EntryPoint","urlTemplate":"https:\/\/www.stormshield.com\/it\/?s={search_term_string}"},"query-input":{"@type":"PropertyValueSpecification","valueRequired":true,"valueName":"search_term_string"}}],"inLanguage":"it-IT"}]}},"_links":{"self":[{"href":"https:\/\/www.stormshield.com\/it\/wp-json\/wp\/v2\/pages\/316685","targetHints":{"allow":["GET"]}}],"collection":[{"href":"https:\/\/www.stormshield.com\/it\/wp-json\/wp\/v2\/pages"}],"about":[{"href":"https:\/\/www.stormshield.com\/it\/wp-json\/wp\/v2\/types\/page"}],"author":[{"embeddable":true,"href":"https:\/\/www.stormshield.com\/it\/wp-json\/wp\/v2\/users\/1"}],"replies":[{"embeddable":true,"href":"https:\/\/www.stormshield.com\/it\/wp-json\/wp\/v2\/comments?post=316685"}],"version-history":[{"count":35,"href":"https:\/\/www.stormshield.com\/it\/wp-json\/wp\/v2\/pages\/316685\/revisions"}],"predecessor-version":[{"id":773936,"href":"https:\/\/www.stormshield.com\/it\/wp-json\/wp\/v2\/pages\/316685\/revisions\/773936"}],"wp:featuredmedia":[{"embeddable":true,"href":"https:\/\/www.stormshield.com\/it\/wp-json\/wp\/v2\/media\/413902"}],"wp:attachment":[{"href":"https:\/\/www.stormshield.com\/it\/wp-json\/wp\/v2\/media?parent=316685"}],"curies":[{"name":"wp","href":"https:\/\/api.w.org\/{rel}","templated":true}]}}