{"id":316195,"date":"2021-09-13T13:09:26","date_gmt":"2021-09-13T12:09:26","guid":{"rendered":"https:\/\/www.stormshield.com\/?page_id=316195"},"modified":"2024-02-05T15:40:21","modified_gmt":"2024-02-05T14:40:21","slug":"crittografia-dei-dati","status":"publish","type":"page","link":"https:\/\/www.stormshield.com\/it\/prodotti-e-soluzioni\/prodotti\/crittografia-dei-dati\/","title":{"rendered":"Crittografia dei dati"},"content":{"rendered":"<div class=\"wpb-content-wrapper\"><p>[vc_row css_animation=\"\" row_type=\"row\" use_row_as_full_screen_section=\"no\" type=\"grid\" angled_section=\"no\" text_align=\"left\" background_image_as_pattern=\"without_pattern\" z_index=\"\" padding_top=\"50\" padding_bottom=\"50\"][vc_column][vc_column_text]<\/p>\n<h1 style=\"text-align: center;\"><span style=\"color: #00aaf5;\"><span style=\"font-weight: 300; font-size: 1.5em;\">La crittografia dei dati:<\/span><\/span><span style=\"color: #00aaf5;\"><span style=\"font-weight: 900; font-size: 1.5em;\"> gestite i vostri dati sensibili con un adeguato livello di sicurezza<\/span><\/span><\/h1>\n<p>[\/vc_column_text][\/vc_column][\/vc_row][vc_row css_animation=\"\" row_type=\"row\" use_row_as_full_screen_section=\"no\" type=\"grid\" angled_section=\"no\" text_align=\"left\" background_image_as_pattern=\"without_pattern\" z_index=\"\"][vc_column][vc_empty_space][vc_column_text]<strong><span style=\"color: #000; font-size: 1.1em;\">Il furto, la perdita o l'esfiltrazione sono tutte minacce per i vostri dati, che sono il bersaglio privilegiato di attacchi informatici. Qualsiasi scambio pu\u00f2 rappresentare una fonte di rischio. Perch\u00e9 non appena i dati vengono trasferiti da uno spazio all'altro possono essere intercettati, modificati o addirittura distrutti. Per una maggiore sicurezza dei dati, i team di sicurezza informatica devono seguire una serie di best practice, la pi\u00f9 importante delle quali \u00e8 la crittografia dei dati.<\/span><\/strong>[\/vc_column_text][vc_empty_space][\/vc_column][\/vc_row][vc_row css_animation=\"\" row_type=\"row\" use_row_as_full_screen_section=\"no\" type=\"grid\" angled_section=\"no\" text_align=\"left\" background_image_as_pattern=\"without_pattern\" z_index=\"\" padding_bottom=\"50\"][vc_column][vc_row_inner row_type=\"row\" type=\"full_width\" text_align=\"left\" css_animation=\"\"][vc_column_inner width=\"2\/3\" css=\".vc_custom_1706883041833{padding-right: 32px !important;}\"][vc_column_text]<\/p>\n<h2><span style=\"color: #000; font-size: 1.2em; font-weight: 900;\">Prch\u00e9 crittografare i dati?<\/span><\/h2>\n<p><span style=\"color: #000; font-size: 1.1em;\">La sicurezza dei dati nelle organizzazioni \u00e8 messa costantemente alla prova. <strong>La crittografia dei dati consente di proteggersi dal furto e dalla perdita di informazioni.<\/strong> All\u2019origine di questa fragilit\u00e0 vi sono cause differenti, che vanno dalla negligenza allo spionaggio industriale, dai nuovi usi della telefonia mobile fino all'uso massiccio di strumenti di collaborazione. Il concetto di protezione dei dati \u00e8 quindi strettamente legato ai rischi in termini di riservatezza, integrit\u00e0 e disponibilit\u00e0. Insieme al concetto di tracciabilit\u00e0, questi aspetti costituiscono i criteri fondamentali della sicurezza delle informazioni.<\/span><\/p>\n<p><span style=\"color: #000; font-size: 1.1em;\">E la risposta adottata solitamente per proteggere l'integrit\u00e0 e la riservatezza di questi dati \u00e8 racchiusa in un'unica azione: <strong>la crittografia.<\/strong><\/span>[\/vc_column_text][vc_empty_space][\/vc_column_inner][vc_column_inner width=\"1\/3\" css=\".vc_custom_1706882945370{padding-top: 32px !important;padding-right: 32px !important;padding-bottom: 32px !important;padding-left: 32px !important;background-color: #f9f9f9 !important;}\"][vc_column_text]<span style=\"color: #000; font-size: 1.1em;\">Per essere pi\u00f9 agili, sempre pi\u00f9 organizzazioni hanno deciso di abbandonare le postazioni di lavoro \"tradizionali\" - con i loro numerosi fat client - per passare ai thin client o alle postazioni di lavoro virtuali. Il crescente utilizzo di applicazioni SaaS sta costringendo i fornitori di sicurezza a innovare integrando la crittografia dei dati direttamente nel browser.<\/span><\/p>\n<p><span style=\"color: #000; font-size: 1.1em;\"><strong>Soluzione per la protezione dei dati: verso un\u2019implementazione senza vincoli?<\/strong> Per saperne di pi\u00f9, consultate il nostro <strong>whitepaper<\/strong> Stormshield.<\/span>[\/vc_column_text][vc_empty_space]<a  itemprop=\"url\" href=\"https:\/\/www.stormshield.com\/it\/ressourcescenter\/soluzione-per-la-protezione-dei-dati-verso-unimplementazione-senza-vincoli\/\" target=\"_blank\" data-hover-background-color=\"#00aeef\" data-hover-border-color=\"#00aeef\" class=\"qbutton  white enlarge\" style=\"border-color: #ffffff; background-color:#060051;\">Scarica<i class=\"qode_icon_font_awesome fa fa-download qode_button_icon_element\"><\/i><\/a>[vc_empty_space][\/vc_column_inner][\/vc_row_inner][\/vc_column][\/vc_row][vc_row css_animation=\"\" row_type=\"row\" use_row_as_full_screen_section=\"no\" type=\"grid\" angled_section=\"no\" text_align=\"left\" background_image_as_pattern=\"without_pattern\" z_index=\"\" padding_bottom=\"50\" padding_top=\"50\" background_color=\"#060051\"][vc_column][vc_row_inner row_type=\"row\" type=\"full_width\" text_align=\"left\" css_animation=\"\"][vc_column_inner][vc_column_text]<\/p>\n<h2><span style=\"color: #ffffff; font-size: 1.2em; font-weight: 900;\">Come funziona la crittografia?<\/span><\/h2>\n<p><span style=\"color: #ffffff; font-size: 1.1em;\">Come crittografare un'informazione? La crittografia dei dati non strutturati pu\u00f2 assumere varie forme. Oltre a crittografare un intero supporto dati, <strong>\u00e8 possibile crittografare singolarmente un file o un'e-mail.<\/strong> Una volta crittografati, gli elementi possono essere letti solo dal mittente e dal destinatario. Questo vale indipendentemente dal supporto o dal terminale utilizzato (postazione di lavoro fissa, tablet, cellulare, chiavetta USB, file server o cloud pubblico e privato). Una protezione da atti malevoli, come la fuga di dati o gli attacchi \u201c<em>man-in-the-middle<\/em>\u201d.<\/span><\/p>\n<p><span style=\"color: #ffffff; font-size: 1.1em;\">Affinch\u00e9 sia integrata dal vostro team, la soluzione di crittografia dei dati deve adattarsi alla sua routine di lavoro quotidiana, non il contrario. La soluzione deve quindi consentire al team di accedere in modo sicuro ai dati da qualsiasi luogo, in una serie di casi d'uso in linea con gli strumenti di comunicazione e collaborazione gi\u00e0 utilizzati.<\/span>[\/vc_column_text][vc_empty_space][\/vc_column_inner][\/vc_row_inner][vc_row_inner row_type=\"row\" type=\"full_width\" text_align=\"left\" css_animation=\"\"][vc_column_inner width=\"1\/4\"]<a  itemprop=\"url\" href=\"https:\/\/www.stormshield.com\/it\/prodotti-e-soluzioni\/prodotti\/crittografia-dei-dati\/crittografia-in-google-workspace\/\" target=\"_self\" data-hover-background-color=\"#00aeef\" data-hover-border-color=\"#00aeef\" class=\"qbutton  white enlarge\" style=\"border-color: #ffffff; background-color:#060051;\">Google Workspace<i class=\"qode_icon_font_awesome fa fa-angle-right qode_button_icon_element\"><\/i><\/a>[vc_empty_space height=\"12px\"]<a  itemprop=\"url\" href=\"https:\/\/www.stormshield.com\/it\/prodotti-e-soluzioni\/prodotti\/crittografia-dei-dati\/crittografia-in-gmail\/\" target=\"_self\" data-hover-background-color=\"#00aeef\" data-hover-border-color=\"#00aeef\" class=\"qbutton  white enlarge\" style=\"border-color: #ffffff; background-color:#060051;\">Gmail<i class=\"qode_icon_font_awesome fa fa-angle-right qode_button_icon_element\"><\/i><\/a>[vc_empty_space height=\"12px\"][\/vc_column_inner][vc_column_inner width=\"1\/4\"]<a  itemprop=\"url\" href=\"https:\/\/www.stormshield.com\/it\/prodotti-e-soluzioni\/prodotti\/crittografia-dei-dati\/crittografia-in-outlook\/\" target=\"_self\" data-hover-background-color=\"#00aeef\" data-hover-border-color=\"#00aeef\" class=\"qbutton  white enlarge\" style=\"border-color: #ffffff; background-color:#060051;\">Outlook<i class=\"qode_icon_font_awesome fa fa-angle-right qode_button_icon_element\"><\/i><\/a>[vc_empty_space height=\"12px\"][\/vc_column_inner][vc_column_inner width=\"1\/4\"]<a  itemprop=\"url\" href=\"https:\/\/www.stormshield.com\/it\/prodotti-e-soluzioni\/prodotti\/crittografia-dei-dati\/crittografia-in-microsoft365\/\" target=\"_self\" data-hover-background-color=\"#00aeef\" data-hover-border-color=\"#00aeef\" class=\"qbutton  white enlarge\" style=\"border-color: #ffffff; background-color:#060051;\">Onedrive \/ Sharepoint<i class=\"qode_icon_font_awesome fa fa-angle-right qode_button_icon_element\"><\/i><\/a>[vc_empty_space height=\"12px\"][\/vc_column_inner][vc_column_inner width=\"1\/4\"]<a  itemprop=\"url\" href=\"https:\/\/www.stormshield.com\/it\/prodotti-e-soluzioni\/prodotti\/crittografia-dei-dati\/crittografia-di-lavoro\/\" target=\"_self\" data-hover-background-color=\"#00aeef\" data-hover-border-color=\"#00aeef\" class=\"qbutton  white enlarge\" style=\"border-color: #ffffff; background-color:#060051;\">Postazioni di lavoro e server locali<i class=\"qode_icon_font_awesome fa fa-angle-right qode_button_icon_element\"><\/i><\/a>[\/vc_column_inner][\/vc_row_inner][\/vc_column][\/vc_row][vc_row row_type=\"parallax\" parallax_content_width=\"in_grid\" text_align=\"center\" full_screen_section_height=\"yes\" vertically_align_content_in_middle=\"yes\" background_image=\"224720\"][vc_column][vc_row_inner row_type=\"row\" type=\"full_width\" text_align=\"left\" css_animation=\"\"][vc_column_inner width=\"1\/2\"][vc_column_text]<\/p>\n<h2><span style=\"color: #000; font-size: 1.2em; font-weight: 900;\">Crittografia dei dati con Stormshield<\/span><\/h2>\n<p><span style=\"color: #000; font-size: 1.1em;\">Come proteggere i dati sensibili? Per garantire la protezione dei dati, <strong>Stormshield utilizza la crittografia end-to-end.<\/strong> Se crittografia DKE (<em>Double Key Encryption<\/em>) o crittografia CSE (<em>Client-Side Encryption<\/em>), il supporto crittografato \u00e8 quindi protetto di per s\u00e9, e pu\u00f2 essere condiviso in modo sicuro su diverse piattaforme, nel cloud o all'interno dell'azienda.<\/span><\/p>\n<p><span style=\"color: #000; font-size: 1.1em;\">Con il software di protezione dei dati Stormshield Data Security (SDS) <strong>scoprirete una soluzione di crittografia semplice e trasparente per l'utente,<\/strong> che pu\u00f2 mantenere le proprie abitudini di lavoro. Posto al centro della sicurezza dei propri dati, l'utente stabilisce chi \u00e8 autorizzato ad accedere alle informazioni, creando spazi di collaborazione protetti. Un'offerta di protezione dei dati basata sull'affidabilit\u00e0 delle sue soluzioni, apprezzate ai massimi livelli europei.<\/span>[\/vc_column_text][vc_empty_space]<a  itemprop=\"url\" href=\"https:\/\/www.stormshield.com\/it\/prodotti-e-soluzioni\/prodotti\/crittografia-dei-dati\/gamma-sds\/\" target=\"_blank\" data-hover-background-color=\"#00aeef\" data-hover-border-color=\"#00aeef\" class=\"qbutton  white enlarge\" style=\"border-color: #ffffff; background-color:#d23467;\">Gamma SDS<i class=\"qode_icon_font_awesome fa fa-angle-right qode_button_icon_element\"><\/i><\/a>[vc_empty_space height=\"12px\"]<a  itemprop=\"url\" href=\"https:\/\/www.stormshield.com\/it\/ressourcescenter\/stormshield-data-security-range-brochure-sds\/\" target=\"_blank\" data-hover-background-color=\"#00aeef\" data-hover-border-color=\"#00aeef\" class=\"qbutton  white enlarge\" style=\"border-color: #ffffff; background-color:#060051;\">Brochure SDS<i class=\"qode_icon_font_awesome fa fa-angle-right qode_button_icon_element\"><\/i><\/a>[vc_empty_space][\/vc_column_inner][vc_column_inner width=\"1\/2\"][vc_empty_space][vc_video link=\"https:\/\/youtu.be\/FkuDQaeKwrE\" align=\"center\"][vc_empty_space][\/vc_column_inner][\/vc_row_inner][\/vc_column][\/vc_row][vc_row css_animation=\"\" row_type=\"row\" use_row_as_full_screen_section=\"no\" type=\"grid\" angled_section=\"no\" text_align=\"left\" background_image_as_pattern=\"without_pattern\" z_index=\"\" padding_bottom=\"50\" padding_top=\"50\"][vc_column][vc_row_inner row_type=\"row\" type=\"full_width\" text_align=\"left\" css_animation=\"\" css=\".vc_custom_1706883499003{padding-top: 32px !important;padding-right: 32px !important;padding-bottom: 32px !important;padding-left: 32px !important;background-color: #f9f9f9 !important;}\"][vc_column_inner][vc_column_text]<\/p>\n<h2><span style=\"color: #000; font-size: 1.2em; font-weight: 900;\">Crittografia dei dati e regolamentazione<\/span><\/h2>\n<p><span style=\"color: #000; font-size: 1.1em;\">A livello europeo, il regolamento generale sulla protezione dei dati (<strong>GDPR<\/strong>), nel suo considerando 83, si esprime chiaramente menzionando la tecnica della crittografia, chiamata anche cifratura: \u201c<em>Per mantenere la sicurezza e prevenire trattamenti in violazione al presente regolamento, il titolare del trattamento o il responsabile del trattamento dovrebbe valutare i rischi inerenti al trattamento e attuare misure per limitare tali rischi, quali la cifratura<\/em>\u201d. <\/span><\/p>\n<p><span style=\"color: #000; font-size: 1.1em;\">L'autorit\u00e0 garante per la protezione dei dati personali in Francia, la <strong>CNIL<\/strong>, integra questo approccio ed elenca le precauzioni di base da adottare per la crittografia dei dati: utilizzare un algoritmo riconosciuto e sicuro, utilizzare una chiave di dimensioni sufficienti, proteggere le chiavi segrete, ecc. I<\/span><span style=\"color: #000; font-size: 1.1em;\">nfine, dal <strong>PCI DSS<\/strong> nel mondo bancario all'<strong>HIPAA<\/strong> nel settore sanitario, la crittografia dei dati \u00e8 soggetta anche a normative settoriali specifiche.<\/span>[\/vc_column_text][vc_empty_space][\/vc_column_inner][\/vc_row_inner][\/vc_column][\/vc_row][vc_row css_animation=\"\" row_type=\"row\" use_row_as_full_screen_section=\"no\" type=\"grid\" angled_section=\"no\" text_align=\"left\" background_image_as_pattern=\"without_pattern\" z_index=\"\" padding_bottom=\"50\" padding_top=\"50\"][vc_column][vc_row_inner row_type=\"row\" type=\"full_width\" text_align=\"left\" css_animation=\"\"][vc_column_inner width=\"2\/3\"][vc_column_text]<\/p>\n<h2><span style=\"color: #000; font-size: 1.2em; font-weight: 900;\">\u00c8 necessario crittografare tutto?<\/span><\/h2>\n<p><span style=\"color: #000; font-size: 1.1em;\">Quali dati devono essere crittografati? <strong>Dati essenziali, dati sensibili o dati critici, ma anche dati personali:<\/strong> \u00e8 facile perdersi nei termini legati a questo argomento. Di conseguenza molte imprese pensano che la questione non le riguardi e che la protezione dei propri file e scambi non sia necessaria. Al contrario, la protezione dei dati interessa tutte le imprese. I dati di produzione, i dati finanziari, i dati di ricerca e sviluppo, i dati sulle risorse umane sono tutti elementi che consentono il funzionamento quotidiano dell'azienda.<\/span><\/p>\n<p><span style=\"color: #000; font-size: 1.1em;\">Per orientarsi, ogni azienda od organizzazione deve definire quali informazioni sono strategiche per s\u00e9, tenendo presente che ogni dato prodotto ha un valore.<\/span><\/p>\n<p>[\/vc_column_text][vc_empty_space][\/vc_column_inner][vc_column_inner width=\"1\/3\"][vc_empty_space][vc_video link=\"https:\/\/youtu.be\/khuvPagNP0A\" align=\"center\"][vc_empty_space][\/vc_column_inner][\/vc_row_inner][\/vc_column][\/vc_row]<\/p>\n<\/div>","protected":false},"excerpt":{"rendered":"<p>[vc_row css_animation=&#8221;&#8221; row_type=&#8221;row&#8221; use_row_as_full_screen_section=&#8221;no&#8221; type=&#8221;grid&#8221; angled_section=&#8221;no&#8221; text_align=&#8221;left&#8221; background_image_as_pattern=&#8221;without_pattern&#8221; z_index=&#8221;&#8221; padding_top=&#8221;50&#8243; padding_bottom=&#8221;50&#8243;][vc_column][vc_column_text] La crittografia dei dati: gestite i vostri dati sensibili con un adeguato livello di sicurezza [\/vc_column_text][\/vc_column][\/vc_row][vc_row css_animation=&#8221;&#8221; row_type=&#8221;row&#8221; use_row_as_full_screen_section=&#8221;no&#8221; type=&#8221;grid&#8221; angled_section=&#8221;no&#8221; text_align=&#8221;left&#8221; background_image_as_pattern=&#8221;without_pattern&#8221; z_index=&#8221;&#8221;][vc_column][vc_empty_space][vc_column_text]Il furto, la perdita o l&#8217;esfiltrazione sono tutte minacce per i&#8230;<\/p>\n","protected":false},"author":31,"featured_media":0,"parent":316936,"menu_order":169,"comment_status":"closed","ping_status":"closed","template":"full_width.php","meta":{"_acf_changed":false,"footnotes":""},"class_list":["post-316195","page","type-page","status-publish","hentry"],"acf":[],"yoast_head":"<!-- This site is optimized with the Yoast SEO plugin v27.0 - https:\/\/yoast.com\/product\/yoast-seo-wordpress\/ -->\n<title>Crittografia dei dati: proteggete i vostri dati | Stormshield<\/title>\n<meta name=\"description\" content=\"Crittografia con Stormshield: un approccio affidabile alla sicurezza, all&#039;integrit\u00e0 e alla riservatezza dei dati.\" \/>\n<meta name=\"robots\" content=\"index, follow, max-snippet:-1, max-image-preview:large, max-video-preview:-1\" \/>\n<link rel=\"canonical\" href=\"https:\/\/www.stormshield.com\/it\/prodotti-e-soluzioni\/prodotti\/crittografia-dei-dati\/\" \/>\n<meta property=\"og:locale\" content=\"it_IT\" \/>\n<meta property=\"og:type\" content=\"article\" \/>\n<meta property=\"og:title\" content=\"Crittografia dei dati: proteggete i vostri dati | Stormshield\" \/>\n<meta property=\"og:description\" content=\"Crittografia con Stormshield: un approccio affidabile alla sicurezza, all&#039;integrit\u00e0 e alla riservatezza dei dati.\" \/>\n<meta property=\"og:url\" content=\"https:\/\/www.stormshield.com\/it\/prodotti-e-soluzioni\/prodotti\/crittografia-dei-dati\/\" \/>\n<meta property=\"og:site_name\" content=\"Stormshield\" \/>\n<meta property=\"article:modified_time\" content=\"2024-02-05T14:40:21+00:00\" \/>\n<meta property=\"og:image\" content=\"https:\/\/www.stormshield.com\/wp-content\/uploads\/stormshield_logo.png\" \/>\n\t<meta property=\"og:image:width\" content=\"204\" \/>\n\t<meta property=\"og:image:height\" content=\"94\" \/>\n\t<meta property=\"og:image:type\" content=\"image\/png\" \/>\n<meta name=\"twitter:card\" content=\"summary_large_image\" \/>\n<meta name=\"twitter:site\" content=\"@Stormshield\" \/>\n<meta name=\"twitter:label1\" content=\"Tempo di lettura stimato\" \/>\n\t<meta name=\"twitter:data1\" content=\"6 minuti\" \/>\n<script type=\"application\/ld+json\" class=\"yoast-schema-graph\">{\"@context\":\"https:\/\/schema.org\",\"@graph\":[{\"@type\":\"WebPage\",\"@id\":\"https:\/\/www.stormshield.com\/it\/prodotti-e-soluzioni\/prodotti\/crittografia-dei-dati\/\",\"url\":\"https:\/\/www.stormshield.com\/it\/prodotti-e-soluzioni\/prodotti\/crittografia-dei-dati\/\",\"name\":\"Crittografia dei dati: proteggete i vostri dati | Stormshield\",\"isPartOf\":{\"@id\":\"https:\/\/www.stormshield.com\/it\/#website\"},\"datePublished\":\"2021-09-13T12:09:26+00:00\",\"dateModified\":\"2024-02-05T14:40:21+00:00\",\"description\":\"Crittografia con Stormshield: un approccio affidabile alla sicurezza, all'integrit\u00e0 e alla riservatezza dei dati.\",\"breadcrumb\":{\"@id\":\"https:\/\/www.stormshield.com\/it\/prodotti-e-soluzioni\/prodotti\/crittografia-dei-dati\/#breadcrumb\"},\"inLanguage\":\"it-IT\",\"potentialAction\":[{\"@type\":\"ReadAction\",\"target\":[\"https:\/\/www.stormshield.com\/it\/prodotti-e-soluzioni\/prodotti\/crittografia-dei-dati\/\"]}]},{\"@type\":\"BreadcrumbList\",\"@id\":\"https:\/\/www.stormshield.com\/it\/prodotti-e-soluzioni\/prodotti\/crittografia-dei-dati\/#breadcrumb\",\"itemListElement\":[{\"@type\":\"ListItem\",\"position\":1,\"name\":\"Home\",\"item\":\"https:\/\/www.stormshield.com\/it\/\"},{\"@type\":\"ListItem\",\"position\":2,\"name\":\"Prodotti e soluzioni\",\"item\":\"https:\/\/www.stormshield.com\/it\/prodotti-e-soluzioni\/\"},{\"@type\":\"ListItem\",\"position\":3,\"name\":\"Tutti i prodotti\",\"item\":\"https:\/\/www.stormshield.com\/it\/prodotti-e-soluzioni\/prodotti\/\"},{\"@type\":\"ListItem\",\"position\":4,\"name\":\"Crittografia dei dati\"}]},{\"@type\":\"WebSite\",\"@id\":\"https:\/\/www.stormshield.com\/it\/#website\",\"url\":\"https:\/\/www.stormshield.com\/it\/\",\"name\":\"Stormshield\",\"description\":\"Stormshield\",\"potentialAction\":[{\"@type\":\"SearchAction\",\"target\":{\"@type\":\"EntryPoint\",\"urlTemplate\":\"https:\/\/www.stormshield.com\/it\/?s={search_term_string}\"},\"query-input\":{\"@type\":\"PropertyValueSpecification\",\"valueRequired\":true,\"valueName\":\"search_term_string\"}}],\"inLanguage\":\"it-IT\"}]}<\/script>\n<!-- \/ Yoast SEO plugin. -->","yoast_head_json":{"title":"Crittografia dei dati: proteggete i vostri dati | Stormshield","description":"Crittografia con Stormshield: un approccio affidabile alla sicurezza, all'integrit\u00e0 e alla riservatezza dei dati.","robots":{"index":"index","follow":"follow","max-snippet":"max-snippet:-1","max-image-preview":"max-image-preview:large","max-video-preview":"max-video-preview:-1"},"canonical":"https:\/\/www.stormshield.com\/it\/prodotti-e-soluzioni\/prodotti\/crittografia-dei-dati\/","og_locale":"it_IT","og_type":"article","og_title":"Crittografia dei dati: proteggete i vostri dati | Stormshield","og_description":"Crittografia con Stormshield: un approccio affidabile alla sicurezza, all'integrit\u00e0 e alla riservatezza dei dati.","og_url":"https:\/\/www.stormshield.com\/it\/prodotti-e-soluzioni\/prodotti\/crittografia-dei-dati\/","og_site_name":"Stormshield","article_modified_time":"2024-02-05T14:40:21+00:00","og_image":[{"width":204,"height":94,"url":"https:\/\/www.stormshield.com\/wp-content\/uploads\/stormshield_logo.png","type":"image\/png"}],"twitter_card":"summary_large_image","twitter_site":"@Stormshield","twitter_misc":{"Tempo di lettura stimato":"6 minuti"},"schema":{"@context":"https:\/\/schema.org","@graph":[{"@type":"WebPage","@id":"https:\/\/www.stormshield.com\/it\/prodotti-e-soluzioni\/prodotti\/crittografia-dei-dati\/","url":"https:\/\/www.stormshield.com\/it\/prodotti-e-soluzioni\/prodotti\/crittografia-dei-dati\/","name":"Crittografia dei dati: proteggete i vostri dati | Stormshield","isPartOf":{"@id":"https:\/\/www.stormshield.com\/it\/#website"},"datePublished":"2021-09-13T12:09:26+00:00","dateModified":"2024-02-05T14:40:21+00:00","description":"Crittografia con Stormshield: un approccio affidabile alla sicurezza, all'integrit\u00e0 e alla riservatezza dei dati.","breadcrumb":{"@id":"https:\/\/www.stormshield.com\/it\/prodotti-e-soluzioni\/prodotti\/crittografia-dei-dati\/#breadcrumb"},"inLanguage":"it-IT","potentialAction":[{"@type":"ReadAction","target":["https:\/\/www.stormshield.com\/it\/prodotti-e-soluzioni\/prodotti\/crittografia-dei-dati\/"]}]},{"@type":"BreadcrumbList","@id":"https:\/\/www.stormshield.com\/it\/prodotti-e-soluzioni\/prodotti\/crittografia-dei-dati\/#breadcrumb","itemListElement":[{"@type":"ListItem","position":1,"name":"Home","item":"https:\/\/www.stormshield.com\/it\/"},{"@type":"ListItem","position":2,"name":"Prodotti e soluzioni","item":"https:\/\/www.stormshield.com\/it\/prodotti-e-soluzioni\/"},{"@type":"ListItem","position":3,"name":"Tutti i prodotti","item":"https:\/\/www.stormshield.com\/it\/prodotti-e-soluzioni\/prodotti\/"},{"@type":"ListItem","position":4,"name":"Crittografia dei dati"}]},{"@type":"WebSite","@id":"https:\/\/www.stormshield.com\/it\/#website","url":"https:\/\/www.stormshield.com\/it\/","name":"Stormshield","description":"Stormshield","potentialAction":[{"@type":"SearchAction","target":{"@type":"EntryPoint","urlTemplate":"https:\/\/www.stormshield.com\/it\/?s={search_term_string}"},"query-input":{"@type":"PropertyValueSpecification","valueRequired":true,"valueName":"search_term_string"}}],"inLanguage":"it-IT"}]}},"_links":{"self":[{"href":"https:\/\/www.stormshield.com\/it\/wp-json\/wp\/v2\/pages\/316195","targetHints":{"allow":["GET"]}}],"collection":[{"href":"https:\/\/www.stormshield.com\/it\/wp-json\/wp\/v2\/pages"}],"about":[{"href":"https:\/\/www.stormshield.com\/it\/wp-json\/wp\/v2\/types\/page"}],"author":[{"embeddable":true,"href":"https:\/\/www.stormshield.com\/it\/wp-json\/wp\/v2\/users\/31"}],"replies":[{"embeddable":true,"href":"https:\/\/www.stormshield.com\/it\/wp-json\/wp\/v2\/comments?post=316195"}],"version-history":[{"count":13,"href":"https:\/\/www.stormshield.com\/it\/wp-json\/wp\/v2\/pages\/316195\/revisions"}],"predecessor-version":[{"id":493175,"href":"https:\/\/www.stormshield.com\/it\/wp-json\/wp\/v2\/pages\/316195\/revisions\/493175"}],"up":[{"embeddable":true,"href":"https:\/\/www.stormshield.com\/it\/wp-json\/wp\/v2\/pages\/316936"}],"wp:attachment":[{"href":"https:\/\/www.stormshield.com\/it\/wp-json\/wp\/v2\/media?parent=316195"}],"curies":[{"name":"wp","href":"https:\/\/api.w.org\/{rel}","templated":true}]}}