{"id":316191,"date":"2017-07-28T13:17:56","date_gmt":"2017-07-28T12:17:56","guid":{"rendered":"https:\/\/www.stormshield.com\/?page_id=316191"},"modified":"2024-06-20T14:47:46","modified_gmt":"2024-06-20T13:47:46","slug":"security-box-smart-file-reader","status":"publish","type":"page","link":"https:\/\/www.stormshield.com\/it\/prodotti-e-soluzioni\/prodotti\/crittografia-dei-dati\/gamma-sds\/security-box-smart-file-reader\/","title":{"rendered":"Smart File Reader"},"content":{"rendered":"<div class=\"wpb-content-wrapper\"><p>[vc_row css_animation=\"\" row_type=\"row\" use_row_as_full_screen_section=\"no\" type=\"grid\" angled_section=\"no\" text_align=\"left\" background_image_as_pattern=\"without_pattern\" z_index=\"\" background_color=\"#5b5c5f\" padding_top=\"125\" padding_bottom=\"125\"][vc_column][vc_column_text]<\/p>\n<h1><span style=\"color: #000000;\"><strong>Smart File Reader<\/strong><\/span><\/h1>\n<p><span style=\"color: #000000;\">La soluzione semplice e gratuita per decifrare i vostri file<\/span>[\/vc_column_text][\/vc_column][\/vc_row][vc_row css_animation=\"\" row_type=\"row\" use_row_as_full_screen_section=\"no\" type=\"grid\" angled_section=\"no\" text_align=\"left\" background_image_as_pattern=\"without_pattern\" z_index=\"\" padding_top=\"50\" padding_bottom=\"50\"][vc_column width=\"2\/3\"][vc_column_text]<\/p>\n<h2><span style=\"color: #000; font-size: 1.2em; font-weight: 900;\">Un software di decriptazione gratuito per tutti i file in arrivo<\/span><\/h2>\n<p><span style=\"color: #000; font-size: 1.1em;\">Avete ricevuto un file che \u00e8 stato criptato con Stormshield Data Security File, Security Box Smart File o Security Box File? Niente di pi\u00f9 semplice: con questa applicazione gratuita potete decifrare un file inviato dal vostro contatto e modificarlo, prima di rispedirlo in tutta sicurezza. Non \u00e8 richiesta alcuna licenza.<\/span>[\/vc_column_text][vc_empty_space][\/vc_column][vc_column width=\"1\/3\" css=\".vc_custom_1705582747109{padding-top: 32px !important;padding-right: 32px !important;padding-bottom: 32px !important;padding-left: 32px !important;background-color: #f9f9f9 !important;}\"][vc_column_text]<span style=\"color: #000; font-size: 1.1em;\">SmartFile Reader \u00e8 un'applicazione gratuita per decriptare i file generati da Stormshield Data Security File, Security Box SmartFile o Security Box File. <strong>Ecco come funziona.<\/strong><\/span>[\/vc_column_text][vc_empty_space]<a  itemprop=\"url\" href=\"https:\/\/www.stormshield.com\/wp-content\/uploads\/SmartFile_Reader.zip\" target=\"_blank\" data-hover-background-color=\"#00aeef\" data-hover-border-color=\"#ffffff\" class=\"qbutton  white enlarge\" style=\"border-color: #ffffff; background-color:#060051;\">Download<i class=\"qode_icon_font_awesome fa fa-angle-right qode_button_icon_element\"><\/i><\/a>[vc_empty_space][\/vc_column][\/vc_row][vc_row css_animation=\"\" row_type=\"row\" use_row_as_full_screen_section=\"no\" type=\"grid\" angled_section=\"no\" text_align=\"left\" background_image_as_pattern=\"without_pattern\" z_index=\"\" padding_top=\"50\" padding_bottom=\"50\"][vc_column][vc_row_inner row_type=\"row\" type=\"full_width\" text_align=\"left\" css_animation=\"\" css=\".vc_custom_1705583289749{padding-top: 32px !important;padding-right: 32px !important;padding-bottom: 32px !important;padding-left: 32px !important;background-color: #f9f9f9 !important;}\"][vc_column_inner width=\"2\/3\"][vc_column_text]<\/p>\n<h3><span style=\"color: #000; font-size: 1.1em; font-weight: 900;\">Facile da installare<\/span><\/h3>\n<p><span style=\"color: #000; font-size: 1.1em;\">Il software SmartFile Reader \u00e8 un'applicazione indipendente che non richiede un'installazione complessa. \u00c8 sufficiente scaricarla e avviarla sulla propria postazione di lavoro.<\/span><\/p>\n<h3><span style=\"color: #000; font-size: 1.1em; font-weight: 900;\">Facile da avviare<\/span><\/h3>\n<p><span style=\"color: #000; font-size: 1.1em;\">Dopo aver scaricato il software, \u00e8 sufficiente fare clic su di esso in modo che riconosca i file crittografati.<\/span><\/p>\n<p><span style=\"color: #000; font-size: 1.1em;\">Il software si avvia automaticamente quando si fa doppio clic su un file con estensione \".box\".<\/span>[\/vc_column_text][vc_empty_space][\/vc_column_inner][vc_column_inner width=\"1\/3\"][vc_empty_space][vc_column_text]<img loading=\"lazy\" decoding=\"async\" class=\"size-medium wp-image-38885 aligncenter\" src=\"https:\/\/www.stormshield.com\/wp-content\/uploads\/2017\/07\/screenshot-reader-en-300x227-300x227.jpg\" alt=\"\" width=\"300\" height=\"227\" \/>[\/vc_column_text][vc_empty_space][\/vc_column_inner][\/vc_row_inner][\/vc_column][\/vc_row][vc_row css_animation=\"\" row_type=\"row\" use_row_as_full_screen_section=\"no\" type=\"grid\" angled_section=\"no\" text_align=\"left\" background_image_as_pattern=\"without_pattern\" z_index=\"\"][vc_column][vc_column_text]<\/p>\n<h2><span style=\"color: #000; font-size: 1.2em; font-weight: 900;\">La crittografia dei dati \u00e8 intuitiva<\/span><\/h2>\n<p><span style=\"color: #000; font-size: 1.1em;\">Decifrare un file inviato da un dipendente \u00e8 semplice: basta fare doppio clic sul file per avviare SmartFile Reader.<\/span><\/p>\n<p><img loading=\"lazy\" decoding=\"async\" class=\"alignnone size-full wp-image-38888\" src=\"https:\/\/www.stormshield.com\/wp-content\/uploads\/logo-smartfile.jpg\" alt=\"\" width=\"48\" height=\"48\" \/> \u00a0<span style=\"color: #000; font-size: 1.1em;\"><strong>Fare clic su questa icona per avviare la decrittografia del file in arrivo.<\/strong> Inserendo la password, il file decrittografato viene automaticamente inserito nella cartella \"Documenti\", dove pu\u00f2 essere aperto e modificato. Si noti che il file originale non viene cancellato durante questa operazione.<\/span><\/p>\n<p><span style=\"color: #000; font-size: 1.1em;\">Prima di restituire il file modificato al collaboratore, \u00e8 necessario proteggerlo nuovamente. In pratica, si tratta di sostituire il contenuto del file \".box\" (inviato dal collaboratore) con il contenuto appena modificato.<\/span><\/p>\n<p><span style=\"color: #000; font-size: 1.1em;\">Al termine dell'operazione, il file \".box\" originariamente inviato dal collaboratore conterr\u00e0 il file modificato. Fare doppio clic sul file originale per avviare l'applicazione SmartFile Reader.<\/span><\/p>\n<p><img loading=\"lazy\" decoding=\"async\" class=\"alignnone size-full wp-image-38889\" src=\"https:\/\/www.stormshield.com\/wp-content\/uploads\/logo-smartfilz2.jpg\" alt=\"\" width=\"48\" height=\"48\" \/>\u00a0 <span style=\"color: #000; font-size: 1.1em;\"><strong>Facendo clic su questa icona \u00e8 possibile scegliere il file da proteggere<\/strong> (\u00e8 il file che avete modificato e che ora volete inviare al vostro collaboratore). Il nuovo file sostituir\u00e0 quello originale. Si noti che la password utilizzata per proteggere il nuovo file \u00e8 la stessa utilizzata per proteggere l'originale.<\/span>[\/vc_column_text][vc_empty_space][\/vc_column][\/vc_row][vc_row css_animation=\"\" row_type=\"row\" use_row_as_full_screen_section=\"no\" type=\"grid\" angled_section=\"no\" text_align=\"left\" background_image_as_pattern=\"without_pattern\" z_index=\"\" padding_top=\"50\" padding_bottom=\"50\"][vc_column css=\".vc_custom_1705583147433{padding-top: 32px !important;padding-right: 32px !important;padding-bottom: 32px !important;padding-left: 32px !important;background-color: #060051 !important;}\"][vc_empty_space][vc_column_text]<span style=\"color: #ffffff; font-size: 1.1em;\">This software enables you to decrypt documents you have received. <strong>Se siete pronti a passare al livello successivo e a inviare voi stessi file criptati, date un'occhiata agli ultimi prodotti della gamma Stormshield Data Security.<\/strong><\/span><\/p>\n<p><span style=\"color: #ffffff; font-size: 1.1em;\">E comunicare in totale cyber-serenit\u00e0.<\/span>[\/vc_column_text][vc_empty_space]<a  itemprop=\"url\" href=\"https:\/\/www.stormshield.com\/it\/prodotti-e-soluzioni\/prodotti\/crittografia-dei-dati\/gamma-sds\/\" target=\"_blank\" data-hover-background-color=\"#00aeef\" data-hover-border-color=\"#ffffff\" class=\"qbutton  white enlarge\" style=\"border-color: #ffffff; background-color:#060051;\">Gamma SDS<i class=\"qode_icon_font_awesome fa fa-angle-right qode_button_icon_element\"><\/i><\/a>[vc_empty_space][\/vc_column][\/vc_row]<\/p>\n<\/div>","protected":false},"excerpt":{"rendered":"<p>[vc_row css_animation=&#8221;&#8221; row_type=&#8221;row&#8221; use_row_as_full_screen_section=&#8221;no&#8221; type=&#8221;grid&#8221; angled_section=&#8221;no&#8221; text_align=&#8221;left&#8221; background_image_as_pattern=&#8221;without_pattern&#8221; z_index=&#8221;&#8221; background_color=&#8221;#5b5c5f&#8221; padding_top=&#8221;125&#8243; padding_bottom=&#8221;125&#8243;][vc_column][vc_column_text] Smart File Reader La soluzione semplice e gratuita per decifrare i vostri file[\/vc_column_text][\/vc_column][\/vc_row][vc_row css_animation=&#8221;&#8221; row_type=&#8221;row&#8221; use_row_as_full_screen_section=&#8221;no&#8221; type=&#8221;grid&#8221; angled_section=&#8221;no&#8221; text_align=&#8221;left&#8221; background_image_as_pattern=&#8221;without_pattern&#8221; z_index=&#8221;&#8221; padding_top=&#8221;50&#8243; padding_bottom=&#8221;50&#8243;][vc_column width=&#8221;2\/3&#8243;][vc_column_text] Un software di decriptazione gratuito per tutti i file&#8230;<\/p>\n","protected":false},"author":31,"featured_media":0,"parent":315924,"menu_order":4,"comment_status":"closed","ping_status":"closed","template":"full_width.php","meta":{"_acf_changed":false,"footnotes":""},"class_list":["post-316191","page","type-page","status-publish","hentry"],"acf":[],"yoast_head":"<!-- This site is optimized with the Yoast SEO plugin v27.3 - https:\/\/yoast.com\/product\/yoast-seo-wordpress\/ -->\n<title>Smart File Reader: crittografia e decrittografia di file | Security Box<\/title>\n<meta name=\"description\" content=\"Smart File Reader \u00e8 un&#039;applicazione gratuita per decifrare i file generati da Stormshield Data Security File, Security Box Smart File o Security Box File.\" \/>\n<meta name=\"robots\" content=\"index, follow, max-snippet:-1, max-image-preview:large, max-video-preview:-1\" \/>\n<link rel=\"canonical\" href=\"https:\/\/www.stormshield.com\/it\/prodotti-e-soluzioni\/prodotti\/crittografia-dei-dati\/gamma-sds\/security-box-smart-file-reader\/\" \/>\n<meta property=\"og:locale\" content=\"it_IT\" \/>\n<meta property=\"og:type\" content=\"article\" \/>\n<meta property=\"og:title\" content=\"Smart File Reader: crittografia e decrittografia di file | Security Box\" \/>\n<meta property=\"og:description\" content=\"Smart File Reader \u00e8 un&#039;applicazione gratuita per decifrare i file generati da Stormshield Data Security File, Security Box Smart File o Security Box File.\" \/>\n<meta property=\"og:url\" content=\"https:\/\/www.stormshield.com\/it\/prodotti-e-soluzioni\/prodotti\/crittografia-dei-dati\/gamma-sds\/security-box-smart-file-reader\/\" \/>\n<meta property=\"og:site_name\" content=\"Stormshield\" \/>\n<meta property=\"article:modified_time\" content=\"2024-06-20T13:47:46+00:00\" \/>\n<meta property=\"og:image\" content=\"https:\/\/www.stormshield.com\/wp-content\/uploads\/2017\/07\/screenshot-reader-en-300x227-300x227.jpg\" \/>\n<meta name=\"twitter:card\" content=\"summary_large_image\" \/>\n<meta name=\"twitter:site\" content=\"@Stormshield\" \/>\n<meta name=\"twitter:label1\" content=\"Tempo di lettura stimato\" \/>\n\t<meta name=\"twitter:data1\" content=\"3 minuti\" \/>\n<script type=\"application\/ld+json\" class=\"yoast-schema-graph\">{\"@context\":\"https:\\\/\\\/schema.org\",\"@graph\":[{\"@type\":\"WebPage\",\"@id\":\"https:\\\/\\\/www.stormshield.com\\\/it\\\/prodotti-e-soluzioni\\\/prodotti\\\/crittografia-dei-dati\\\/gamma-sds\\\/security-box-smart-file-reader\\\/\",\"url\":\"https:\\\/\\\/www.stormshield.com\\\/it\\\/prodotti-e-soluzioni\\\/prodotti\\\/crittografia-dei-dati\\\/gamma-sds\\\/security-box-smart-file-reader\\\/\",\"name\":\"Smart File Reader: crittografia e decrittografia di file | Security Box\",\"isPartOf\":{\"@id\":\"https:\\\/\\\/www.stormshield.com\\\/it\\\/#website\"},\"primaryImageOfPage\":{\"@id\":\"https:\\\/\\\/www.stormshield.com\\\/it\\\/prodotti-e-soluzioni\\\/prodotti\\\/crittografia-dei-dati\\\/gamma-sds\\\/security-box-smart-file-reader\\\/#primaryimage\"},\"image\":{\"@id\":\"https:\\\/\\\/www.stormshield.com\\\/it\\\/prodotti-e-soluzioni\\\/prodotti\\\/crittografia-dei-dati\\\/gamma-sds\\\/security-box-smart-file-reader\\\/#primaryimage\"},\"thumbnailUrl\":\"https:\\\/\\\/www.stormshield.com\\\/wp-content\\\/uploads\\\/2017\\\/07\\\/screenshot-reader-en-300x227-300x227.jpg\",\"datePublished\":\"2017-07-28T12:17:56+00:00\",\"dateModified\":\"2024-06-20T13:47:46+00:00\",\"description\":\"Smart File Reader \u00e8 un'applicazione gratuita per decifrare i file generati da Stormshield Data Security File, Security Box Smart File o Security Box File.\",\"breadcrumb\":{\"@id\":\"https:\\\/\\\/www.stormshield.com\\\/it\\\/prodotti-e-soluzioni\\\/prodotti\\\/crittografia-dei-dati\\\/gamma-sds\\\/security-box-smart-file-reader\\\/#breadcrumb\"},\"inLanguage\":\"it-IT\",\"potentialAction\":[{\"@type\":\"ReadAction\",\"target\":[\"https:\\\/\\\/www.stormshield.com\\\/it\\\/prodotti-e-soluzioni\\\/prodotti\\\/crittografia-dei-dati\\\/gamma-sds\\\/security-box-smart-file-reader\\\/\"]}]},{\"@type\":\"ImageObject\",\"inLanguage\":\"it-IT\",\"@id\":\"https:\\\/\\\/www.stormshield.com\\\/it\\\/prodotti-e-soluzioni\\\/prodotti\\\/crittografia-dei-dati\\\/gamma-sds\\\/security-box-smart-file-reader\\\/#primaryimage\",\"url\":\"https:\\\/\\\/www.stormshield.com\\\/wp-content\\\/uploads\\\/2017\\\/07\\\/screenshot-reader-en-300x227-300x227.jpg\",\"contentUrl\":\"https:\\\/\\\/www.stormshield.com\\\/wp-content\\\/uploads\\\/2017\\\/07\\\/screenshot-reader-en-300x227-300x227.jpg\"},{\"@type\":\"BreadcrumbList\",\"@id\":\"https:\\\/\\\/www.stormshield.com\\\/it\\\/prodotti-e-soluzioni\\\/prodotti\\\/crittografia-dei-dati\\\/gamma-sds\\\/security-box-smart-file-reader\\\/#breadcrumb\",\"itemListElement\":[{\"@type\":\"ListItem\",\"position\":1,\"name\":\"Home\",\"item\":\"https:\\\/\\\/www.stormshield.com\\\/it\\\/\"},{\"@type\":\"ListItem\",\"position\":2,\"name\":\"Prodotti e soluzioni\",\"item\":\"https:\\\/\\\/www.stormshield.com\\\/it\\\/prodotti-e-soluzioni\\\/\"},{\"@type\":\"ListItem\",\"position\":3,\"name\":\"Tutti i prodotti\",\"item\":\"https:\\\/\\\/www.stormshield.com\\\/it\\\/prodotti-e-soluzioni\\\/prodotti\\\/\"},{\"@type\":\"ListItem\",\"position\":4,\"name\":\"Crittografia dei dati\",\"item\":\"https:\\\/\\\/www.stormshield.com\\\/it\\\/prodotti-e-soluzioni\\\/prodotti\\\/crittografia-dei-dati\\\/\"},{\"@type\":\"ListItem\",\"position\":5,\"name\":\"Gamma SDS\",\"item\":\"https:\\\/\\\/www.stormshield.com\\\/it\\\/prodotti-e-soluzioni\\\/prodotti\\\/crittografia-dei-dati\\\/gamma-sds\\\/\"},{\"@type\":\"ListItem\",\"position\":6,\"name\":\"Smart File Reader\"}]},{\"@type\":\"WebSite\",\"@id\":\"https:\\\/\\\/www.stormshield.com\\\/it\\\/#website\",\"url\":\"https:\\\/\\\/www.stormshield.com\\\/it\\\/\",\"name\":\"Stormshield\",\"description\":\"Stormshield\",\"potentialAction\":[{\"@type\":\"SearchAction\",\"target\":{\"@type\":\"EntryPoint\",\"urlTemplate\":\"https:\\\/\\\/www.stormshield.com\\\/it\\\/?s={search_term_string}\"},\"query-input\":{\"@type\":\"PropertyValueSpecification\",\"valueRequired\":true,\"valueName\":\"search_term_string\"}}],\"inLanguage\":\"it-IT\"}]}<\/script>\n<!-- \/ Yoast SEO plugin. -->","yoast_head_json":{"title":"Smart File Reader: crittografia e decrittografia di file | Security Box","description":"Smart File Reader \u00e8 un'applicazione gratuita per decifrare i file generati da Stormshield Data Security File, Security Box Smart File o Security Box File.","robots":{"index":"index","follow":"follow","max-snippet":"max-snippet:-1","max-image-preview":"max-image-preview:large","max-video-preview":"max-video-preview:-1"},"canonical":"https:\/\/www.stormshield.com\/it\/prodotti-e-soluzioni\/prodotti\/crittografia-dei-dati\/gamma-sds\/security-box-smart-file-reader\/","og_locale":"it_IT","og_type":"article","og_title":"Smart File Reader: crittografia e decrittografia di file | Security Box","og_description":"Smart File Reader \u00e8 un'applicazione gratuita per decifrare i file generati da Stormshield Data Security File, Security Box Smart File o Security Box File.","og_url":"https:\/\/www.stormshield.com\/it\/prodotti-e-soluzioni\/prodotti\/crittografia-dei-dati\/gamma-sds\/security-box-smart-file-reader\/","og_site_name":"Stormshield","article_modified_time":"2024-06-20T13:47:46+00:00","og_image":[{"url":"https:\/\/www.stormshield.com\/wp-content\/uploads\/2017\/07\/screenshot-reader-en-300x227-300x227.jpg","type":"","width":"","height":""}],"twitter_card":"summary_large_image","twitter_site":"@Stormshield","twitter_misc":{"Tempo di lettura stimato":"3 minuti"},"schema":{"@context":"https:\/\/schema.org","@graph":[{"@type":"WebPage","@id":"https:\/\/www.stormshield.com\/it\/prodotti-e-soluzioni\/prodotti\/crittografia-dei-dati\/gamma-sds\/security-box-smart-file-reader\/","url":"https:\/\/www.stormshield.com\/it\/prodotti-e-soluzioni\/prodotti\/crittografia-dei-dati\/gamma-sds\/security-box-smart-file-reader\/","name":"Smart File Reader: crittografia e decrittografia di file | Security Box","isPartOf":{"@id":"https:\/\/www.stormshield.com\/it\/#website"},"primaryImageOfPage":{"@id":"https:\/\/www.stormshield.com\/it\/prodotti-e-soluzioni\/prodotti\/crittografia-dei-dati\/gamma-sds\/security-box-smart-file-reader\/#primaryimage"},"image":{"@id":"https:\/\/www.stormshield.com\/it\/prodotti-e-soluzioni\/prodotti\/crittografia-dei-dati\/gamma-sds\/security-box-smart-file-reader\/#primaryimage"},"thumbnailUrl":"https:\/\/www.stormshield.com\/wp-content\/uploads\/2017\/07\/screenshot-reader-en-300x227-300x227.jpg","datePublished":"2017-07-28T12:17:56+00:00","dateModified":"2024-06-20T13:47:46+00:00","description":"Smart File Reader \u00e8 un'applicazione gratuita per decifrare i file generati da Stormshield Data Security File, Security Box Smart File o Security Box File.","breadcrumb":{"@id":"https:\/\/www.stormshield.com\/it\/prodotti-e-soluzioni\/prodotti\/crittografia-dei-dati\/gamma-sds\/security-box-smart-file-reader\/#breadcrumb"},"inLanguage":"it-IT","potentialAction":[{"@type":"ReadAction","target":["https:\/\/www.stormshield.com\/it\/prodotti-e-soluzioni\/prodotti\/crittografia-dei-dati\/gamma-sds\/security-box-smart-file-reader\/"]}]},{"@type":"ImageObject","inLanguage":"it-IT","@id":"https:\/\/www.stormshield.com\/it\/prodotti-e-soluzioni\/prodotti\/crittografia-dei-dati\/gamma-sds\/security-box-smart-file-reader\/#primaryimage","url":"https:\/\/www.stormshield.com\/wp-content\/uploads\/2017\/07\/screenshot-reader-en-300x227-300x227.jpg","contentUrl":"https:\/\/www.stormshield.com\/wp-content\/uploads\/2017\/07\/screenshot-reader-en-300x227-300x227.jpg"},{"@type":"BreadcrumbList","@id":"https:\/\/www.stormshield.com\/it\/prodotti-e-soluzioni\/prodotti\/crittografia-dei-dati\/gamma-sds\/security-box-smart-file-reader\/#breadcrumb","itemListElement":[{"@type":"ListItem","position":1,"name":"Home","item":"https:\/\/www.stormshield.com\/it\/"},{"@type":"ListItem","position":2,"name":"Prodotti e soluzioni","item":"https:\/\/www.stormshield.com\/it\/prodotti-e-soluzioni\/"},{"@type":"ListItem","position":3,"name":"Tutti i prodotti","item":"https:\/\/www.stormshield.com\/it\/prodotti-e-soluzioni\/prodotti\/"},{"@type":"ListItem","position":4,"name":"Crittografia dei dati","item":"https:\/\/www.stormshield.com\/it\/prodotti-e-soluzioni\/prodotti\/crittografia-dei-dati\/"},{"@type":"ListItem","position":5,"name":"Gamma SDS","item":"https:\/\/www.stormshield.com\/it\/prodotti-e-soluzioni\/prodotti\/crittografia-dei-dati\/gamma-sds\/"},{"@type":"ListItem","position":6,"name":"Smart File Reader"}]},{"@type":"WebSite","@id":"https:\/\/www.stormshield.com\/it\/#website","url":"https:\/\/www.stormshield.com\/it\/","name":"Stormshield","description":"Stormshield","potentialAction":[{"@type":"SearchAction","target":{"@type":"EntryPoint","urlTemplate":"https:\/\/www.stormshield.com\/it\/?s={search_term_string}"},"query-input":{"@type":"PropertyValueSpecification","valueRequired":true,"valueName":"search_term_string"}}],"inLanguage":"it-IT"}]}},"_links":{"self":[{"href":"https:\/\/www.stormshield.com\/it\/wp-json\/wp\/v2\/pages\/316191","targetHints":{"allow":["GET"]}}],"collection":[{"href":"https:\/\/www.stormshield.com\/it\/wp-json\/wp\/v2\/pages"}],"about":[{"href":"https:\/\/www.stormshield.com\/it\/wp-json\/wp\/v2\/types\/page"}],"author":[{"embeddable":true,"href":"https:\/\/www.stormshield.com\/it\/wp-json\/wp\/v2\/users\/31"}],"replies":[{"embeddable":true,"href":"https:\/\/www.stormshield.com\/it\/wp-json\/wp\/v2\/comments?post=316191"}],"version-history":[{"count":8,"href":"https:\/\/www.stormshield.com\/it\/wp-json\/wp\/v2\/pages\/316191\/revisions"}],"predecessor-version":[{"id":548921,"href":"https:\/\/www.stormshield.com\/it\/wp-json\/wp\/v2\/pages\/316191\/revisions\/548921"}],"up":[{"embeddable":true,"href":"https:\/\/www.stormshield.com\/it\/wp-json\/wp\/v2\/pages\/315924"}],"wp:attachment":[{"href":"https:\/\/www.stormshield.com\/it\/wp-json\/wp\/v2\/media?parent=316191"}],"curies":[{"name":"wp","href":"https:\/\/api.w.org\/{rel}","templated":true}]}}