{"id":179677,"date":"2016-05-31T10:41:10","date_gmt":"2016-05-31T09:41:10","guid":{"rendered":"https:\/\/www.stormshield.com\/home\/"},"modified":"2025-09-11T08:53:59","modified_gmt":"2025-09-11T07:53:59","slug":"home","status":"publish","type":"page","link":"https:\/\/www.stormshield.com\/it\/","title":{"rendered":"Stormshield, una cybersicurezza europea affidabile"},"content":{"rendered":"<div class=\"wpb-content-wrapper\"><p>[vc_row css_animation=\"\" row_type=\"row\" use_row_as_full_screen_section=\"no\" type=\"grid\" angled_section=\"no\" text_align=\"left\" background_image_as_pattern=\"without_pattern\" z_index=\"\" el_id=\"home-alerte\" el_class=\"d-none\"][vc_column width=\"2\/12\"][vc_column_text el_class=\"alertetitle\"]Allerta[\/vc_column_text][\/vc_column][vc_column width=\"8\/12\"][vc_column_text el_class=\"alerteinfo\"]<span style=\"color: #000; font-size: 1.1em;\">The Chinese group LuoYu, creator of the WinDealer malware, is back in the news. Stormshield Customer Security Lab provides an update on the threat.[\/vc_column_text][vc_empty_space height=\"8px\"][\/vc_column][vc_column width=\"2\/12\"]<a  itemprop=\"url\" href=\"\" target=\"_blank\"  class=\"qbutton  white enlarge\" style=\"\">Scopri di pi\u00f9<\/a>[vc_empty_space height=\"8px\"][\/vc_column][\/vc_row][vc_row css_animation=\"\" row_type=\"row\" use_row_as_full_screen_section=\"no\" type=\"grid\" angled_section=\"no\" text_align=\"center\" background_image_as_pattern=\"without_pattern\" z_index=\"\" el_class=\"padding900\"][vc_column][vc_row_inner row_type=\"row\" type=\"full_width\" text_align=\"center\" css_animation=\"\"][vc_column_inner width=\"2\/12\"][\/vc_column_inner][vc_column_inner width=\"8\/12\"][vc_column_text css=\"\"]<\/span><\/p>\n<h1 style=\"text-align: center;\"><span style=\"color: #060051;\"><span style=\"font-weight: 900; font-size: 1.7em;\">Stormshield, <\/span><\/span><span style=\"color: #060051;\"><span style=\"font-weight: 300; font-size: 1.7em;\">la scelta europea della sicurezza informatica<\/span><\/span><\/h1>\n<p>[\/vc_column_text][vc_empty_space][vc_column_text]<span style=\"color: #000; font-size: 1.1em;\">Scegliere Stormshield significa avvalersi di un vendor affidabile per la sicurezza informatica della propria azienda. Ma cosa ci rende diversi? Fiducia, rigore, vicinanza o collaborazione, scoprite cosa rende unico il nostro approccio e i nostri prodotti.[\/vc_column_text][vc_empty_space][vc_video link=\"https:\/\/www.youtube.com\/watch?v=302D2d1Eg84&amp;feature=emb_imp_woyt\" align=\"center\"][vc_empty_space]<a  itemprop=\"url\" href=\"https:\/\/www.stormshield.com\/it\/la-nostra-differenza\/\" target=\"_self\"  class=\"qbutton  enlarge\" style=\"\">Ecco come facciamo la differenza<i class=\"qode_icon_font_awesome fa fa-angle-right qode_button_icon_element\"><\/i><\/a>[vc_empty_space][\/vc_column_inner][vc_column_inner width=\"2\/12\"][\/vc_column_inner][\/vc_row_inner][\/vc_column][\/vc_row][vc_row css_animation=\"\" row_type=\"row\" use_row_as_full_screen_section=\"no\" type=\"grid\" angled_section=\"no\" text_align=\"center\" background_image_as_pattern=\"without_pattern\" el_class=\"padding90 home_offre\" z_index=\"\"][vc_column width=\"1\/4\"][vc_single_image image=\"456231\" img_size=\"200x200\" alignment=\"center\" onclick=\"custom_link\" qode_css_animation=\"\" link=\"https:\/\/www.stormshield.com\/it\/prodotti-e-soluzioni\/prodotti\/protezione-della-rete-aziendale\/la-gamma-di-firewall-sns\/\"][vc_column_text]<span style=\"color: #000; font-size: 1.1em;\">Stormshield Network Security: protezione delle reti[\/vc_column_text][vc_empty_space]<a  itemprop=\"url\" href=\"https:\/\/www.stormshield.com\/it\/prodotti-e-soluzioni\/prodotti\/protezione-della-rete-aziendale\/la-gamma-di-firewall-sns\/\" target=\"_self\"  class=\"qbutton  enlarge\" style=\"\">SNS<i class=\"qode_icon_font_awesome fa fa-angle-right qode_button_icon_element\"><\/i><\/a>[vc_empty_space][\/vc_column][vc_column width=\"1\/4\"][vc_single_image image=\"456346\" img_size=\"200x200\" alignment=\"center\" onclick=\"custom_link\" qode_css_animation=\"\" link=\"https:\/\/www.stormshield.com\/it\/prodotti-e-soluzioni\/prodotti\/protezione-delle-postazioni-e-dei-server\/stormshield-endpoint-security\/\"][vc_column_text]<span style=\"color: #000; font-size: 1.1em;\">Stormshield Endpoint Security: protezione delle postazioni di lavoro[\/vc_column_text][vc_empty_space]<a  itemprop=\"url\" href=\"https:\/\/www.stormshield.com\/it\/prodotti-e-soluzioni\/prodotti\/protezione-delle-postazioni-e-dei-server\/stormshield-endpoint-security\/\" target=\"_self\"  class=\"qbutton  enlarge\" style=\"\">SES<i class=\"qode_icon_font_awesome fa fa-angle-right qode_button_icon_element\"><\/i><\/a>[vc_empty_space][\/vc_column][vc_column width=\"1\/4\"][vc_single_image image=\"456646\" img_size=\"200x200\" alignment=\"center\" onclick=\"custom_link\" qode_css_animation=\"\" link=\"https:\/\/www.stormshield.com\/it\/prodotti-e-soluzioni\/prodotti\/crittografia-dei-dati\/gamma-sds\/\"][vc_column_text]<span style=\"color: #000; font-size: 1.1em;\">Stormshield Data Security: protezione dei dati sensibili[\/vc_column_text][vc_empty_space]<a  itemprop=\"url\" href=\"https:\/\/www.stormshield.com\/it\/prodotti-e-soluzioni\/prodotti\/crittografia-dei-dati\/gamma-sds\/\" target=\"_self\"  class=\"qbutton  enlarge\" style=\"\">SDS<i class=\"qode_icon_font_awesome fa fa-angle-right qode_button_icon_element\"><\/i><\/a>[vc_empty_space][\/vc_column][vc_column width=\"1\/4\"][vc_single_image image=\"456246\" img_size=\"200x200\" alignment=\"center\" onclick=\"custom_link\" qode_css_animation=\"\" link=\"https:\/\/www.stormshield.com\/it\/prodotti-e-soluzioni\/prodotti\/protezione-industriale\/\"][vc_column_text]<span style=\"color: #000; font-size: 1.1em;\">Cybersicurezza industriale: protezione degli ambienti operativi[\/vc_column_text][vc_empty_space]<a  itemprop=\"url\" href=\"https:\/\/www.stormshield.com\/it\/prodotti-e-soluzioni\/prodotti\/protezione-industriale\/\" target=\"_self\"  class=\"qbutton  enlarge\" style=\"\">Offerta OT<i class=\"qode_icon_font_awesome fa fa-angle-right qode_button_icon_element\"><\/i><\/a>[vc_empty_space][\/vc_column][\/vc_row][vc_row css_animation=\"\" row_type=\"row\" use_row_as_full_screen_section=\"no\" type=\"grid\" angled_section=\"no\" text_align=\"center\" background_image_as_pattern=\"without_pattern\" z_index=\"\" el_class=\"padding90\" background_color=\"#ececec\"][vc_column][vc_raw_html]JTVCc2VhcmNoYW5kZmlsdGVyJTIwaWQlM0QlMjIzMjI2OTElMjIlNUQ=[\/vc_raw_html][\/vc_column][\/vc_row][vc_row css_animation=\"\" row_type=\"row\" use_row_as_full_screen_section=\"no\" type=\"grid\" angled_section=\"no\" text_align=\"center\" background_image_as_pattern=\"without_pattern\" z_index=\"\" el_class=\"typoWhite padding90\" background_image=\"288276\"][vc_column][vc_column_text]<\/span><\/span><\/span><\/span><\/span><\/p>\n<h2 style=\"text-align: center;\"><span style=\"color: #ffffff; font-size: 1.2em; font-weight: 900;\">Scegliete una soluzione Stormshield<\/span><\/h2>\n<p>[\/vc_column_text][vc_column_text]<\/p>\n<p style=\"text-align: center;\"><span style=\"font-size: 1.1em;\">Per proteggere le vostre reti, le postazioni di lavoro e i vostri dati, scegliete una soluzione di sicurezza informatica affidabile. La nostra rete di rivenditori certificati copre pi\u00f9 di 40 paesi. Scoprite quello pi\u00f9 vicino a voi!<\/span><\/p>\n<p>[\/vc_column_text][vc_empty_space height=\"50px\"]<a  itemprop=\"url\" href=\"https:\/\/www.stormshield.com\/it\/prodotti-e-soluzioni\/acquistare-una-soluzione\/\" target=\"_self\"  class=\"qbutton  white enlarge\" style=\"\">Mettiamoci in contatto<i class=\"qode_icon_font_awesome fa fa-angle-right qode_button_icon_element\"><\/i><\/a>[\/vc_column][\/vc_row][vc_row css_animation=\"\" row_type=\"row\" use_row_as_full_screen_section=\"no\" type=\"grid\" angled_section=\"no\" text_align=\"center\" background_image_as_pattern=\"without_pattern\" anchor=\"news\" el_class=\"bgNewsHome homepagestorm-actus\" z_index=\"\"][vc_column][vc_column_text]<\/p>\n<h2 style=\"text-align: center;\"><span style=\"color: #060051; font-size: 1.2em; font-weight: 900;\">Seguite le novit\u00e0 di Stormshield<\/span><\/h2>\n<p>[\/vc_column_text][vc_separator type=\"transparent\"]<div class=\"latest_post_holder boxes three_columns one_rows\"><ul><li class=\"clearfix\"><a itemprop=\"url\" href=\"https:\/\/www.stormshield.com\/it\/notizie\/cyberdifesa-la-sovranita-e-ben-piu-che-un-requisito-normativo\/\"><div class=\"news-block\" style=\"background: url(https:\/\/www.stormshield.com\/wp-content\/uploads\/shutterstock-660792934-800x563.jpg) repeat top left, transparent url(https:\/\/www.stormshield.com\/wp-content\/uploads\/shutterstock-660792934-800x563.jpg) no-repeat left center; background-size: cover;\"><div class=\"news-block-info\"><span class=\"news-date\">05 03 2026<\/span><h3 class=\"news-title\">Cyberdifesa: la sovranit\u00e0 \u00e8 ben pi\u00f9 che un requisito normativo<\/h3><\/div><\/div><\/a><\/li><li class=\"clearfix\"><a itemprop=\"url\" href=\"https:\/\/www.stormshield.com\/it\/notizie\/stormshield-academy-entra-a-far-parte-della-european-cybersecurity-skills-academy\/\"><div class=\"news-block\" style=\"background: url(https:\/\/www.stormshield.com\/wp-content\/uploads\/cyber-skills-academy-pledge-png-2-800x600.png) repeat top left, transparent url(https:\/\/www.stormshield.com\/wp-content\/uploads\/cyber-skills-academy-pledge-png-2-800x600.png) no-repeat left center; background-size: cover;\"><div class=\"news-block-info\"><span class=\"news-date\">02 02 2026<\/span><h3 class=\"news-title\">Stormshield Academy entra a far parte Della European Cybersecurity Skills Academy<\/h3><\/div><\/div><\/a><\/li><li class=\"clearfix\"><a itemprop=\"url\" href=\"https:\/\/www.stormshield.com\/it\/notizie\/stormshield-classificata-tempest-massimo-livello-di-sicurezza-per-le-reti-della-difesa-e-della-pubblica-amministrazione\/\"><div class=\"news-block\" style=\"background: url(https:\/\/www.stormshield.com\/wp-content\/uploads\/nouveautes-produits-sn-s-series-800x600.jpg) repeat top left, transparent url(https:\/\/www.stormshield.com\/wp-content\/uploads\/nouveautes-produits-sn-s-series-800x600.jpg) no-repeat left center; background-size: cover;\"><div class=\"news-block-info\"><span class=\"news-date\">18 12 2025<\/span><h3 class=\"news-title\">Stormshield classificata TEMPEST: massimo livello di sicurezza per le reti della Difesa e della pubblica amministrazione<\/h3><\/div><\/div><\/a><\/li><\/ul><\/div><a  itemprop=\"url\" href=\"https:\/\/www.stormshield.com\/it\/notizie\/\" target=\"_self\"  class=\"qbutton  enlarge\" style=\"\">Le nostre news<i class=\"qode_icon_font_awesome fa fa-angle-right qode_button_icon_element\"><\/i><\/a>[\/vc_column][\/vc_row][vc_row css_animation=\"\" row_type=\"row\" use_row_as_full_screen_section=\"no\" type=\"grid\" angled_section=\"no\" text_align=\"center\" background_image_as_pattern=\"without_pattern\" z_index=\"\" padding_top=\"80\" padding_bottom=\"100\" el_class=\"typoWhite\" background_image=\"288281\"][vc_column][vc_column_text]<\/p>\n<h2 style=\"text-align: center;\"><span style=\"color: #ffffff; font-size: 1.2em; font-weight: 900;\">Entrate a far parte della rete di partner Stormshield<\/span><\/h2>\n<p>[\/vc_column_text][vc_column_text]<\/p>\n<p style=\"text-align: center;\"><span style=\"color: #ffffff; font-size: 1.1em;\">Desiderate unirvi al nostro team e diventare rivenditori o distributori partner? Stormshield propone una partnership sinergica per incrementare la vostra redditivit\u00e0 e permettervi di offrire ai clienti soluzioni di sicurezza informatica affidabili.<\/span><\/p>\n<p>[\/vc_column_text][vc_empty_space height=\"50px\"]<a  itemprop=\"url\" href=\"https:\/\/www.stormshield.com\/it\/partner\/\" target=\"_self\"  class=\"qbutton  white enlarge\" style=\"\">Diventa partner<i class=\"qode_icon_font_awesome fa fa-angle-right qode_button_icon_element\"><\/i><\/a>[\/vc_column][\/vc_row][vc_row css_animation=\"\" row_type=\"row\" use_row_as_full_screen_section=\"no\" type=\"grid\" angled_section=\"no\" text_align=\"center\" background_image_as_pattern=\"without_pattern\" el_class=\"padding90 home-services\" z_index=\"\"][vc_column][vc_column_text]<\/p>\n<h2 style=\"text-align: center;\"><span style=\"color: #060051; font-size: 1.2em; font-weight: 900;\">Approfitta dei servizi Stormshield<\/span><\/h2>\n<p>[\/vc_column_text][vc_empty_space height=\"50px\"][vc_row_inner row_type=\"row\" type=\"full_width\" text_align=\"center\" css_animation=\"\"][vc_column_inner width=\"1\/4\"][vc_single_image image=\"456831\" alignment=\"center\" onclick=\"custom_link\" qode_css_animation=\"\" link=\"https:\/\/www.stormshield.com\/it\/il-nostro-supporto\/servizi\/manutenzione\/\"][vc_column_text]<\/p>\n<p style=\"text-align: center;\"><span style=\"color: #000000;\"><a style=\"color: #000000;\" href=\"https:\/\/www.stormshield.com\/it\/il-nostro-supporto\/servizi\/manutenzione\/\"><span style=\"font-size: 1.1em;\">Manutenzione<\/span><\/a><\/span><\/p>\n<p>[\/vc_column_text][\/vc_column_inner][vc_column_inner width=\"1\/4\"][vc_single_image image=\"456826\" alignment=\"center\" onclick=\"custom_link\" qode_css_animation=\"\" link=\"https:\/\/www.stormshield.com\/it\/il-nostro-supporto\/servizi\/assistenza-tecnica\/\"][vc_column_text]<\/p>\n<p style=\"text-align: center;\"><span style=\"color: #000000;\"><a style=\"color: #000000;\" href=\"https:\/\/www.stormshield.com\/it\/il-nostro-supporto\/servizi\/assistenza-tecnica\/\"><span style=\"font-size: 1.1em;\">Supporto tecnico<\/span><\/a><\/span><\/p>\n<p>[\/vc_column_text][\/vc_column_inner][vc_column_inner width=\"1\/4\"][vc_single_image image=\"456846\" alignment=\"center\" onclick=\"custom_link\" qode_css_animation=\"\" link=\"https:\/\/www.stormshield.com\/it\/il-nostro-supporto\/servizi\/formazione\/\"][vc_column_text]<\/p>\n<p style=\"text-align: center;\"><span style=\"color: #000000;\"><a style=\"color: #000000;\" href=\"https:\/\/www.stormshield.com\/it\/il-nostro-supporto\/servizi\/formazione\/\"><span style=\"font-size: 1.1em;\">Corsi di formazione<\/span><\/a><\/span><\/p>\n<p>[\/vc_column_text][\/vc_column_inner][vc_column_inner width=\"1\/4\"][vc_single_image image=\"456621\" alignment=\"center\" onclick=\"custom_link\" qode_css_animation=\"\" link=\"https:\/\/www.stormshield.com\/it\/il-nostro-supporto\/servizi\/servizi-professionali\/\"][vc_column_text]<\/p>\n<p style=\"text-align: center;\"><span style=\"color: #000000;\"><a style=\"color: #000000;\" href=\"https:\/\/www.stormshield.com\/it\/il-nostro-supporto\/servizi\/servizi-professionali\/\"><span style=\"font-size: 1.1em;\">Servizi professionali<\/span><\/a><\/span><\/p>\n<p>[\/vc_column_text][\/vc_column_inner][\/vc_row_inner][\/vc_column][\/vc_row][vc_row css_animation=\"\" row_type=\"row\" use_row_as_full_screen_section=\"no\" type=\"full_width\" angled_section=\"no\" text_align=\"left\" background_image_as_pattern=\"without_pattern\"][vc_column][vc_empty_space height=\"10px\"][\/vc_column][\/vc_row]<\/p>\n<\/div>","protected":false},"excerpt":{"rendered":"<p>[vc_row css_animation=&#8221;&#8221; row_type=&#8221;row&#8221; use_row_as_full_screen_section=&#8221;no&#8221; type=&#8221;grid&#8221; angled_section=&#8221;no&#8221; text_align=&#8221;left&#8221; background_image_as_pattern=&#8221;without_pattern&#8221; z_index=&#8221;&#8221; el_id=&#8221;home-alerte&#8221; el_class=&#8221;d-none&#8221;][vc_column width=&#8221;2\/12&#8243;][vc_column_text el_class=&#8221;alertetitle&#8221;]Allerta[\/vc_column_text][\/vc_column][vc_column width=&#8221;8\/12&#8243;][vc_column_text el_class=&#8221;alerteinfo&#8221;]The Chinese group LuoYu, creator of the WinDealer malware, is back in the news. Stormshield Customer Security Lab provides an update on the threat.[\/vc_column_text][vc_empty_space height=&#8221;8px&#8221;][\/vc_column][vc_column width=&#8221;2\/12&#8243;][vc_empty_space height=&#8221;8px&#8221;][\/vc_column][\/vc_row][vc_row css_animation=&#8221;&#8221; row_type=&#8221;row&#8221; use_row_as_full_screen_section=&#8221;no&#8221; type=&#8221;grid&#8221;&#8230;<\/p>\n","protected":false},"author":1,"featured_media":0,"parent":0,"menu_order":448,"comment_status":"closed","ping_status":"closed","template":"full_width.php","meta":{"_acf_changed":false,"footnotes":""},"class_list":["post-179677","page","type-page","status-publish","hentry"],"acf":[],"yoast_head":"<!-- This site is optimized with the Yoast SEO plugin v27.0 - https:\/\/yoast.com\/product\/yoast-seo-wordpress\/ -->\n<title>Una Cybersicurezza Europea Affidabile<\/title>\n<meta name=\"description\" content=\"Stai cercando un partner di cybersecurity affidabile in Italia? Contatta il team Stormshield italiano per discutere delle tue esigenze.\" \/>\n<meta name=\"robots\" content=\"index, follow, max-snippet:-1, max-image-preview:large, max-video-preview:-1\" \/>\n<link rel=\"canonical\" href=\"https:\/\/www.stormshield.com\/it\/\" \/>\n<meta property=\"og:locale\" content=\"it_IT\" \/>\n<meta property=\"og:type\" content=\"article\" \/>\n<meta property=\"og:title\" content=\"Una Cybersicurezza Europea Affidabile\" \/>\n<meta property=\"og:description\" content=\"Stai cercando un partner di cybersecurity affidabile in Italia? Contatta il team Stormshield italiano per discutere delle tue esigenze.\" \/>\n<meta property=\"og:url\" content=\"https:\/\/www.stormshield.com\/it\/\" \/>\n<meta property=\"og:site_name\" content=\"Stormshield\" \/>\n<meta property=\"article:modified_time\" content=\"2025-09-11T07:53:59+00:00\" \/>\n<meta property=\"og:image\" content=\"https:\/\/www.stormshield.com\/wp-content\/uploads\/stormshield_logo.png\" \/>\n\t<meta property=\"og:image:width\" content=\"204\" \/>\n\t<meta property=\"og:image:height\" content=\"94\" \/>\n\t<meta property=\"og:image:type\" content=\"image\/png\" \/>\n<meta name=\"twitter:card\" content=\"summary_large_image\" \/>\n<meta name=\"twitter:site\" content=\"@Stormshield\" \/>\n<meta name=\"twitter:label1\" content=\"Tempo di lettura stimato\" \/>\n\t<meta name=\"twitter:data1\" content=\"4 minuti\" \/>\n<script type=\"application\/ld+json\" class=\"yoast-schema-graph\">{\"@context\":\"https:\/\/schema.org\",\"@graph\":[{\"@type\":\"WebPage\",\"@id\":\"https:\/\/www.stormshield.com\/it\/\",\"url\":\"https:\/\/www.stormshield.com\/it\/\",\"name\":\"Una Cybersicurezza Europea Affidabile\",\"isPartOf\":{\"@id\":\"https:\/\/www.stormshield.com\/it\/#website\"},\"datePublished\":\"2016-05-31T09:41:10+00:00\",\"dateModified\":\"2025-09-11T07:53:59+00:00\",\"description\":\"Stai cercando un partner di cybersecurity affidabile in Italia? Contatta il team Stormshield italiano per discutere delle tue esigenze.\",\"breadcrumb\":{\"@id\":\"https:\/\/www.stormshield.com\/it\/#breadcrumb\"},\"inLanguage\":\"it-IT\",\"potentialAction\":[{\"@type\":\"ReadAction\",\"target\":[\"https:\/\/www.stormshield.com\/it\/\"]}]},{\"@type\":\"BreadcrumbList\",\"@id\":\"https:\/\/www.stormshield.com\/it\/#breadcrumb\",\"itemListElement\":[{\"@type\":\"ListItem\",\"position\":1,\"name\":\"Home\",\"item\":\"https:\/\/www.stormshield.com\/it\/\"},{\"@type\":\"ListItem\",\"position\":2,\"name\":\"Stormshield, una cybersicurezza europea affidabile\"}]},{\"@type\":\"WebSite\",\"@id\":\"https:\/\/www.stormshield.com\/it\/#website\",\"url\":\"https:\/\/www.stormshield.com\/it\/\",\"name\":\"Stormshield\",\"description\":\"Stormshield\",\"potentialAction\":[{\"@type\":\"SearchAction\",\"target\":{\"@type\":\"EntryPoint\",\"urlTemplate\":\"https:\/\/www.stormshield.com\/it\/?s={search_term_string}\"},\"query-input\":{\"@type\":\"PropertyValueSpecification\",\"valueRequired\":true,\"valueName\":\"search_term_string\"}}],\"inLanguage\":\"it-IT\"}]}<\/script>\n<!-- \/ Yoast SEO plugin. -->","yoast_head_json":{"title":"Una Cybersicurezza Europea Affidabile","description":"Stai cercando un partner di cybersecurity affidabile in Italia? Contatta il team Stormshield italiano per discutere delle tue esigenze.","robots":{"index":"index","follow":"follow","max-snippet":"max-snippet:-1","max-image-preview":"max-image-preview:large","max-video-preview":"max-video-preview:-1"},"canonical":"https:\/\/www.stormshield.com\/it\/","og_locale":"it_IT","og_type":"article","og_title":"Una Cybersicurezza Europea Affidabile","og_description":"Stai cercando un partner di cybersecurity affidabile in Italia? Contatta il team Stormshield italiano per discutere delle tue esigenze.","og_url":"https:\/\/www.stormshield.com\/it\/","og_site_name":"Stormshield","article_modified_time":"2025-09-11T07:53:59+00:00","og_image":[{"width":204,"height":94,"url":"https:\/\/www.stormshield.com\/wp-content\/uploads\/stormshield_logo.png","type":"image\/png"}],"twitter_card":"summary_large_image","twitter_site":"@Stormshield","twitter_misc":{"Tempo di lettura stimato":"4 minuti"},"schema":{"@context":"https:\/\/schema.org","@graph":[{"@type":"WebPage","@id":"https:\/\/www.stormshield.com\/it\/","url":"https:\/\/www.stormshield.com\/it\/","name":"Una Cybersicurezza Europea Affidabile","isPartOf":{"@id":"https:\/\/www.stormshield.com\/it\/#website"},"datePublished":"2016-05-31T09:41:10+00:00","dateModified":"2025-09-11T07:53:59+00:00","description":"Stai cercando un partner di cybersecurity affidabile in Italia? Contatta il team Stormshield italiano per discutere delle tue esigenze.","breadcrumb":{"@id":"https:\/\/www.stormshield.com\/it\/#breadcrumb"},"inLanguage":"it-IT","potentialAction":[{"@type":"ReadAction","target":["https:\/\/www.stormshield.com\/it\/"]}]},{"@type":"BreadcrumbList","@id":"https:\/\/www.stormshield.com\/it\/#breadcrumb","itemListElement":[{"@type":"ListItem","position":1,"name":"Home","item":"https:\/\/www.stormshield.com\/it\/"},{"@type":"ListItem","position":2,"name":"Stormshield, una cybersicurezza europea affidabile"}]},{"@type":"WebSite","@id":"https:\/\/www.stormshield.com\/it\/#website","url":"https:\/\/www.stormshield.com\/it\/","name":"Stormshield","description":"Stormshield","potentialAction":[{"@type":"SearchAction","target":{"@type":"EntryPoint","urlTemplate":"https:\/\/www.stormshield.com\/it\/?s={search_term_string}"},"query-input":{"@type":"PropertyValueSpecification","valueRequired":true,"valueName":"search_term_string"}}],"inLanguage":"it-IT"}]}},"_links":{"self":[{"href":"https:\/\/www.stormshield.com\/it\/wp-json\/wp\/v2\/pages\/179677","targetHints":{"allow":["GET"]}}],"collection":[{"href":"https:\/\/www.stormshield.com\/it\/wp-json\/wp\/v2\/pages"}],"about":[{"href":"https:\/\/www.stormshield.com\/it\/wp-json\/wp\/v2\/types\/page"}],"author":[{"embeddable":true,"href":"https:\/\/www.stormshield.com\/it\/wp-json\/wp\/v2\/users\/1"}],"replies":[{"embeddable":true,"href":"https:\/\/www.stormshield.com\/it\/wp-json\/wp\/v2\/comments?post=179677"}],"version-history":[{"count":22,"href":"https:\/\/www.stormshield.com\/it\/wp-json\/wp\/v2\/pages\/179677\/revisions"}],"predecessor-version":[{"id":622013,"href":"https:\/\/www.stormshield.com\/it\/wp-json\/wp\/v2\/pages\/179677\/revisions\/622013"}],"wp:attachment":[{"href":"https:\/\/www.stormshield.com\/it\/wp-json\/wp\/v2\/media?parent=179677"}],"curies":[{"name":"wp","href":"https:\/\/api.w.org\/{rel}","templated":true}]}}