{"id":49159,"date":"2017-09-19T13:14:16","date_gmt":"2017-09-19T12:14:16","guid":{"rendered":"https:\/\/www.stormshield.com\/our-websites\/"},"modified":"2025-11-03T10:21:04","modified_gmt":"2025-11-03T09:21:04","slug":"nos-sites-internet","status":"publish","type":"page","link":"https:\/\/www.stormshield.com\/fr\/nos-sites-internet\/","title":{"rendered":"Nos sites internet"},"content":{"rendered":"<div class=\"wpb-content-wrapper\"><p>[vc_row css_animation=\"\" row_type=\"row\" use_row_as_full_screen_section=\"no\" type=\"grid\" angled_section=\"no\" text_align=\"left\" background_image_as_pattern=\"without_pattern\" z_index=\"\" padding_top=\"50\" padding_bottom=\"50\"][vc_column][vc_column_text]<\/p>\n<h1 style=\"text-align: center;\"><span style=\"color: #00aaf5;\"><span style=\"font-weight: 900; font-size: 1.5em;\">Les sites internet Stormshield, <\/span><\/span><span style=\"color: #00aaf5;\"><span style=\"font-weight: 300; font-size: 1.5em;\">voyagez \u00e0 travers notre \u00e9cosyst\u00e8me num\u00e9rique<\/span><\/span><\/h1>\n<p>[\/vc_column_text][\/vc_column][\/vc_row][vc_row css_animation=\"\" row_type=\"row\" use_row_as_full_screen_section=\"no\" type=\"grid\" header_style=\"light\" angled_section=\"no\" text_align=\"left\" background_image_as_pattern=\"without_pattern\" z_index=\"\" padding_top=\"50\" padding_bottom=\"50\"][vc_column][vc_row_inner row_type=\"row\" type=\"full_width\" text_align=\"left\" css_animation=\"\"][vc_column_inner width=\"2\/3\"][vc_column_text]<span style=\"color: #000; font-size: 1.1em;\">En compl\u00e9ment de produits et de solutions de confiance, Stormshield d\u00e9veloppe et alimente plusieurs sites sp\u00e9cialis\u00e9s. Un v\u00e9ritable \u00e9cosyst\u00e8me num\u00e9rique con\u00e7u pour r\u00e9pondre \u00e0 vos enjeux et faciliter votre quotidien avec des r\u00e9ponses utiles et pertinentes. Documentation, MyStormshield, Knowledge Base, Stormshield Institute, Stormshield Security Portal, Advisories\u00a0: <strong>retrouvez toute l'information Stormshield dont vous avez besoin.<\/strong><\/span>[\/vc_column_text][vc_empty_space][\/vc_column_inner][vc_column_inner width=\"1\/3\"][vc_single_image image=\"456308\" alignment=\"center\" qode_css_animation=\"\"][\/vc_column_inner][\/vc_row_inner][\/vc_column][\/vc_row][vc_row css_animation=\"\" row_type=\"row\" use_row_as_full_screen_section=\"no\" type=\"grid\" header_style=\"light\" angled_section=\"no\" text_align=\"left\" background_image_as_pattern=\"without_pattern\" z_index=\"\" padding_bottom=\"50\" padding_top=\"50\"][vc_column][vc_row_inner row_type=\"row\" type=\"full_width\" text_align=\"left\" css_animation=\"\" css=\".vc_custom_1710252830374{padding-top: 32px !important;padding-right: 32px !important;padding-left: 32px !important;background-color: #f9f9f9 !important;}\"][vc_column_inner][vc_column_text]<\/p>\n<h2><span style=\"color: #000; font-size: 1.2em; font-weight: 900;\">Nos plateformes de gestion documentaire<\/span><\/h2>\n<p><span style=\"color: #000; font-size: 1.1em;\">Pour retrouver toutes les informations et d\u00e9marches pour une utilisation optimale de vos produits et solutions.<\/span>[\/vc_column_text][\/vc_column_inner][\/vc_row_inner][vc_row_inner row_type=\"row\" type=\"full_width\" text_align=\"left\" css_animation=\"\" css=\".vc_custom_1710252679377{background-color: #f9f9f9 !important;}\"][vc_column_inner width=\"1\/3\" css=\".vc_custom_1710252196142{padding-top: 32px !important;padding-right: 32px !important;padding-bottom: 32px !important;padding-left: 32px !important;}\"][vc_column_text]<\/p>\n<h3><span style=\"color: #000; font-size: 1.3em; font-weight: 300;\">MyStormshield<\/span><\/h3>\n<p><span style=\"color: #000000; font-size: 1.1em;\"><strong>Un espace de confiance avec MyStormshield.<\/strong> Depuis votre espace client, acc\u00e9dez aux ressources documentaires des produits et \u00e0 la gestion de vos licences. Vous pouvez aussi contacter directement votre support technique.<\/span>[\/vc_column_text][vc_empty_space]<a  itemprop=\"url\" href=\"https:\/\/mystormshield.eu\/\" target=\"_blank\" data-hover-background-color=\"#d23467\" data-hover-border-color=\"#d23467\" class=\"qbutton  white enlarge\" style=\"border-color: #ffffff; background-color:#060051;\">mystormshield.eu<i class=\"qode_icon_font_awesome fa fa-angle-right qode_button_icon_element\"><\/i><\/a>[vc_empty_space][\/vc_column_inner][vc_column_inner width=\"1\/3\" css=\".vc_custom_1710252191021{padding-top: 32px !important;padding-right: 32px !important;padding-bottom: 32px !important;padding-left: 32px !important;}\"][vc_column_text]<\/p>\n<h3><span style=\"color: #000; font-size: 1.3em; font-weight: 300;\">Documentation<\/span><\/h3>\n<p><span style=\"color: #000000; font-size: 1.1em;\"><strong>Un seul acc\u00e8s \u00e0 toute la documentation technique.<\/strong> Consultez l\u2019int\u00e9gralit\u00e9 des manuels d\u2019utilisation, guides d\u2019installations et notes de versions de vos produits Stormshield. Un gain de temps pr\u00e9cieux.<\/span>[\/vc_column_text][vc_empty_space]<a  itemprop=\"url\" href=\"https:\/\/documentation.stormshield.eu\/\" target=\"_blank\" data-hover-background-color=\"#d23467\" data-hover-border-color=\"#d23467\" class=\"qbutton  white enlarge\" style=\"border-color: #ffffff; background-color:#060051;\">documentation.stormshield.eu<i class=\"qode_icon_font_awesome fa fa-angle-right qode_button_icon_element\"><\/i><\/a>[vc_empty_space][\/vc_column_inner][vc_column_inner width=\"1\/3\" css=\".vc_custom_1710252205893{padding-top: 32px !important;padding-right: 32px !important;padding-bottom: 32px !important;padding-left: 32px !important;}\"][vc_column_text]<\/p>\n<h3><span style=\"color: #000; font-size: 1.3em; font-weight: 300;\">Knowledge base<\/span><\/h3>\n<p><span style=\"color: #000000; font-size: 1.1em;\"><strong>Une base de connaissance produit sur la KB.<\/strong> Questions-r\u00e9ponses, points techniques, webinaires, tutoriels... Depuis votre espace client, acc\u00e9dez \u00e0 une v\u00e9ritable FAQ autour des produits Stormshield.<\/span>[\/vc_column_text][vc_empty_space]<a  itemprop=\"url\" href=\"https:\/\/kb.stormshield.eu\/en\" target=\"_blank\" data-hover-background-color=\"#d23467\" data-hover-border-color=\"#d23467\" class=\"qbutton  white enlarge\" style=\"border-color: #ffffff; background-color:#060051;\">kb.stormshield.eu<i class=\"qode_icon_font_awesome fa fa-angle-right qode_button_icon_element\"><\/i><\/a>[vc_empty_space][\/vc_column_inner][\/vc_row_inner][\/vc_column][\/vc_row][vc_row css_animation=\"\" row_type=\"row\" use_row_as_full_screen_section=\"no\" type=\"grid\" header_style=\"light\" angled_section=\"no\" text_align=\"left\" background_image_as_pattern=\"without_pattern\" z_index=\"\" padding_bottom=\"50\"][vc_column][vc_row_inner row_type=\"row\" type=\"full_width\" text_align=\"left\" css_animation=\"\"][vc_column_inner][vc_column_text]<\/p>\n<h2><span style=\"color: #000; font-size: 1.2em; font-weight: 900;\">Nos plateformes de s\u00e9curit\u00e9 produit<\/span><\/h2>\n<p>[\/vc_column_text][\/vc_column_inner][\/vc_row_inner][vc_row_inner row_type=\"row\" type=\"full_width\" text_align=\"left\" css_animation=\"\"][vc_column_inner width=\"1\/3\"][vc_column_text]<\/p>\n<h3><span style=\"color: #000; font-size: 1.3em; font-weight: 300;\">Security Portal<\/span><\/h3>\n<p><span style=\"color: #000; font-size: 1.1em;\"><strong>Ce portail Stormshield Security Portal<\/strong> d\u00e9di\u00e9 \u00e0 la s\u00e9curit\u00e9 fournie par les produits Stormshield vise \u00e0 informer partenaires comme clients quant au niveau de couverture que nos produits proposent.<\/span>[\/vc_column_text][vc_empty_space]<a  itemprop=\"url\" href=\"https:\/\/security.stormshield.eu\/\" target=\"_blank\" data-hover-background-color=\"#d23467\" data-hover-border-color=\"#d23467\" class=\"qbutton  white enlarge\" style=\"border-color: #ffffff; background-color:#060051;\">security.stormshield.eu<i class=\"qode_icon_font_awesome fa fa-angle-right qode_button_icon_element\"><\/i><\/a>[vc_empty_space][\/vc_column_inner][vc_column_inner width=\"1\/3\"][vc_column_text]<\/p>\n<h3><span style=\"color: #000; font-size: 1.3em; font-weight: 300;\">Advisories<\/span><\/h3>\n<p><span style=\"color: #000; font-size: 1.1em;\">Retrouvez <strong>sur cette plateforme Advisories Stormshield<\/strong> l\u2019ensemble des avis de s\u00e9curit\u00e9 publi\u00e9s par nos soins depuis le 1er juillet 2014. Objectif\u00a0: analyser toutes les vuln\u00e9rabilit\u00e9s potentielles et av\u00e9r\u00e9es de certains attaquants pour mieux les pr\u00e9venir.[\/vc_column_text][vc_empty_space]<a  itemprop=\"url\" href=\"https:\/\/advisories.stormshield.eu\/\" target=\"_blank\" data-hover-background-color=\"#d23467\" data-hover-border-color=\"#d23467\" class=\"qbutton  white enlarge\" style=\"border-color: #ffffff; background-color:#060051;\">advisories.stormshield.eu<i class=\"qode_icon_font_awesome fa fa-angle-right qode_button_icon_element\"><\/i><\/a>[vc_empty_space][\/vc_column_inner][vc_column_inner width=\"1\/3\" css=\".vc_custom_1710252478971{padding-top: 32px !important;padding-right: 32px !important;padding-bottom: 32px !important;padding-left: 32px !important;background-color: #f9f9f9 !important;}\"][vc_column_text]<span style=\"color: #000; font-size: 1.1em;\">Anciennement connus sur <strong>le blog This Is Security<\/strong>, retrouvez \u00e9galement nos papiers techniques pour d\u00e9crypter les attaques, failles techniques et autres intrusions <strong>\u00e0 l\u2019aide d\u2019articles d\u00e9taill\u00e9s de l\u2019\u00e9quipe de Cyber Threat Intelligence.<\/strong><\/span>[\/vc_column_text][vc_empty_space]<a  itemprop=\"url\" href=\"https:\/\/www.stormshield.com\/fr\/category\/technical-posts-fr\/\" target=\"_blank\" data-hover-background-color=\"#d23467\" data-hover-border-color=\"#d23467\" class=\"qbutton  white enlarge\" style=\"border-color: #ffffff; background-color:#060051;\">Threat Intelligence<i class=\"qode_icon_font_awesome fa fa-angle-right qode_button_icon_element\"><\/i><\/a>[vc_empty_space][\/vc_column_inner][\/vc_row_inner][\/vc_column][\/vc_row][vc_row css_animation=\"\" row_type=\"row\" use_row_as_full_screen_section=\"no\" type=\"grid\" header_style=\"light\" angled_section=\"no\" text_align=\"left\" background_image_as_pattern=\"without_pattern\" z_index=\"\" padding_bottom=\"50\" padding_top=\"50\"][vc_column][vc_row_inner row_type=\"row\" type=\"full_width\" text_align=\"left\" css_animation=\"\" css=\".vc_custom_1710252882249{padding-top: 32px !important;padding-right: 32px !important;padding-left: 32px !important;background-color: #f9f9f9 !important;}\"][vc_column_inner][vc_column_text]<\/span><\/p>\n<h2><span style=\"color: #000; font-size: 1.2em; font-weight: 900;\">Notre plateforme de certification<\/span><\/h2>\n<p>[\/vc_column_text][\/vc_column_inner][\/vc_row_inner][vc_row_inner row_type=\"row\" type=\"full_width\" text_align=\"left\" css_animation=\"\" css=\".vc_custom_1710252679377{background-color: #f9f9f9 !important;}\"][vc_column_inner css=\".vc_custom_1710252196142{padding-top: 32px !important;padding-right: 32px !important;padding-bottom: 32px !important;padding-left: 32px !important;}\"][vc_column_text]<\/p>\n<h3><span style=\"color: #000; font-size: 1.3em; font-weight: 300;\">Stormshield Institute<\/span><\/h3>\n<p><span style=\"color: #000000; font-size: 1.1em;\">Pour accompagner les talents de demain, nous offrons un suivi personnalis\u00e9 aux stagiaires des formations Stormshield. Passez l\u2019examen de certification et b\u00e9n\u00e9ficiez des supports de cours et autres ressources p\u00e9dagogiques qualifi\u00e9es <strong>sur la plateforme Stormshield Institute.<\/strong>[\/vc_column_text][vc_empty_space]<a  itemprop=\"url\" href=\"https:\/\/institute.stormshield.eu\/\" target=\"_blank\" data-hover-background-color=\"#d23467\" data-hover-border-color=\"#d23467\" class=\"qbutton  white enlarge\" style=\"border-color: #ffffff; background-color:#060051;\">institute.stormshield.eu<i class=\"qode_icon_font_awesome fa fa-angle-right qode_button_icon_element\"><\/i><\/a>[vc_empty_space][\/vc_column_inner][\/vc_row_inner][\/vc_column][\/vc_row][vc_row css_animation=\"\" row_type=\"row\" use_row_as_full_screen_section=\"no\" type=\"grid\" header_style=\"light\" angled_section=\"no\" text_align=\"left\" background_image_as_pattern=\"without_pattern\" z_index=\"\" padding_top=\"50\" padding_bottom=\"50\"][vc_column][vc_row_inner row_type=\"row\" type=\"full_width\" text_align=\"left\" css_animation=\"\"][vc_column_inner width=\"2\/3\"][vc_column_text]<span style=\"color: #000; font-size: 1.1em;\">Une question\u00a0? Une modification \u00e0 apporter, un lien cass\u00e9 ou, pire encore, une coquille dans une page web\u00a0?<\/span>[\/vc_column_text][vc_empty_space]<a  itemprop=\"url\" href=\"https:\/\/www.stormshield.com\/fr\/contact\/autre-demande\/\" target=\"_self\" data-hover-background-color=\"#d23467\" data-hover-border-color=\"#d23467\" class=\"qbutton  white enlarge\" style=\"border-color: #ffffff; background-color:#060051;\">Contactez le webmaster<i class=\"qode_icon_font_awesome fa fa-angle-right qode_button_icon_element\" style=\"color: #ffffff\"><\/i><\/a>[vc_empty_space][\/vc_column_inner][vc_column_inner width=\"1\/3\"][vc_single_image image=\"456453\" alignment=\"center\" qode_css_animation=\"\"][\/vc_column_inner][\/vc_row_inner][\/vc_column][\/vc_row]<\/span><\/p>\n<\/div>","protected":false},"excerpt":{"rendered":"<p>[vc_row css_animation=\u00a0\u00bb\u00a0\u00bb row_type=\u00a0\u00bbrow\u00a0\u00bb use_row_as_full_screen_section=\u00a0\u00bbno\u00a0\u00bb type=\u00a0\u00bbgrid\u00a0\u00bb angled_section=\u00a0\u00bbno\u00a0\u00bb text_align=\u00a0\u00bbleft\u00a0\u00bb background_image_as_pattern=\u00a0\u00bbwithout_pattern\u00a0\u00bb z_index=\u00a0\u00bb\u00a0\u00bb padding_top=\u00a0\u00bb50&Prime; padding_bottom=\u00a0\u00bb50&Prime;][vc_column][vc_column_text] Les sites internet Stormshield, voyagez \u00e0 travers notre \u00e9cosyst\u00e8me num\u00e9rique [\/vc_column_text][\/vc_column][\/vc_row][vc_row css_animation=\u00a0\u00bb\u00a0\u00bb row_type=\u00a0\u00bbrow\u00a0\u00bb use_row_as_full_screen_section=\u00a0\u00bbno\u00a0\u00bb type=\u00a0\u00bbgrid\u00a0\u00bb header_style=\u00a0\u00bblight\u00a0\u00bb angled_section=\u00a0\u00bbno\u00a0\u00bb text_align=\u00a0\u00bbleft\u00a0\u00bb background_image_as_pattern=\u00a0\u00bbwithout_pattern\u00a0\u00bb z_index=\u00a0\u00bb\u00a0\u00bb padding_top=\u00a0\u00bb50&Prime; padding_bottom=\u00a0\u00bb50&Prime;][vc_column][vc_row_inner row_type=\u00a0\u00bbrow\u00a0\u00bb type=\u00a0\u00bbfull_width\u00a0\u00bb text_align=\u00a0\u00bbleft\u00a0\u00bb css_animation=\u00a0\u00bb\u00a0\u00bb][vc_column_inner width=\u00a0\u00bb2\/3&Prime;][vc_column_text]En compl\u00e9ment de produits et de solutions de&#8230;<\/p>\n","protected":false},"author":9,"featured_media":0,"parent":0,"menu_order":484,"comment_status":"closed","ping_status":"closed","template":"full_width.php","meta":{"_acf_changed":false,"footnotes":""},"class_list":["post-49159","page","type-page","status-publish","hentry"],"acf":[],"yoast_head":"<!-- This site is optimized with the Yoast SEO plugin v27.3 - https:\/\/yoast.com\/product\/yoast-seo-wordpress\/ -->\n<title>Les sites sp\u00e9cialis\u00e9s Stormshield, un \u00e9cosyst\u00e8me num\u00e9rique<\/title>\n<meta name=\"description\" content=\"Plateformes de gestion documentaire, collaboratives, de certification ou encore sites pays : retrouvez tous les sites Stormshield.\" \/>\n<meta name=\"robots\" content=\"index, follow, max-snippet:-1, max-image-preview:large, max-video-preview:-1\" \/>\n<link rel=\"canonical\" href=\"https:\/\/www.stormshield.com\/fr\/nos-sites-internet\/\" \/>\n<meta property=\"og:locale\" content=\"fr_FR\" \/>\n<meta property=\"og:type\" content=\"article\" \/>\n<meta property=\"og:title\" content=\"Les sites sp\u00e9cialis\u00e9s Stormshield, un \u00e9cosyst\u00e8me num\u00e9rique\" \/>\n<meta property=\"og:description\" content=\"Plateformes de gestion documentaire, collaboratives, de certification ou encore sites pays : retrouvez tous les sites Stormshield.\" \/>\n<meta property=\"og:url\" content=\"https:\/\/www.stormshield.com\/fr\/nos-sites-internet\/\" \/>\n<meta property=\"og:site_name\" content=\"Stormshield\" \/>\n<meta property=\"article:modified_time\" content=\"2025-11-03T09:21:04+00:00\" \/>\n<meta property=\"og:image\" content=\"https:\/\/www.stormshield.com\/wp-content\/uploads\/stormshield_logo.png\" \/>\n\t<meta property=\"og:image:width\" content=\"204\" \/>\n\t<meta property=\"og:image:height\" content=\"94\" \/>\n\t<meta property=\"og:image:type\" content=\"image\/png\" \/>\n<meta name=\"twitter:card\" content=\"summary_large_image\" \/>\n<meta name=\"twitter:site\" content=\"@Stormshield\" \/>\n<meta name=\"twitter:label1\" content=\"Dur\u00e9e de lecture estim\u00e9e\" \/>\n\t<meta name=\"twitter:data1\" content=\"4 minutes\" \/>\n<script type=\"application\/ld+json\" class=\"yoast-schema-graph\">{\"@context\":\"https:\\\/\\\/schema.org\",\"@graph\":[{\"@type\":\"WebPage\",\"@id\":\"https:\\\/\\\/www.stormshield.com\\\/fr\\\/nos-sites-internet\\\/\",\"url\":\"https:\\\/\\\/www.stormshield.com\\\/fr\\\/nos-sites-internet\\\/\",\"name\":\"Les sites sp\u00e9cialis\u00e9s Stormshield, un \u00e9cosyst\u00e8me num\u00e9rique\",\"isPartOf\":{\"@id\":\"https:\\\/\\\/www.stormshield.com\\\/fr\\\/#website\"},\"datePublished\":\"2017-09-19T12:14:16+00:00\",\"dateModified\":\"2025-11-03T09:21:04+00:00\",\"description\":\"Plateformes de gestion documentaire, collaboratives, de certification ou encore sites pays : retrouvez tous les sites Stormshield.\",\"breadcrumb\":{\"@id\":\"https:\\\/\\\/www.stormshield.com\\\/fr\\\/nos-sites-internet\\\/#breadcrumb\"},\"inLanguage\":\"fr-FR\",\"potentialAction\":[{\"@type\":\"ReadAction\",\"target\":[\"https:\\\/\\\/www.stormshield.com\\\/fr\\\/nos-sites-internet\\\/\"]}]},{\"@type\":\"BreadcrumbList\",\"@id\":\"https:\\\/\\\/www.stormshield.com\\\/fr\\\/nos-sites-internet\\\/#breadcrumb\",\"itemListElement\":[{\"@type\":\"ListItem\",\"position\":1,\"name\":\"Home\",\"item\":\"https:\\\/\\\/www.stormshield.com\\\/fr\\\/\"},{\"@type\":\"ListItem\",\"position\":2,\"name\":\"Nos sites internet\"}]},{\"@type\":\"WebSite\",\"@id\":\"https:\\\/\\\/www.stormshield.com\\\/fr\\\/#website\",\"url\":\"https:\\\/\\\/www.stormshield.com\\\/fr\\\/\",\"name\":\"Stormshield\",\"description\":\"Stormshield\",\"potentialAction\":[{\"@type\":\"SearchAction\",\"target\":{\"@type\":\"EntryPoint\",\"urlTemplate\":\"https:\\\/\\\/www.stormshield.com\\\/fr\\\/?s={search_term_string}\"},\"query-input\":{\"@type\":\"PropertyValueSpecification\",\"valueRequired\":true,\"valueName\":\"search_term_string\"}}],\"inLanguage\":\"fr-FR\"}]}<\/script>\n<!-- \/ Yoast SEO plugin. -->","yoast_head_json":{"title":"Les sites sp\u00e9cialis\u00e9s Stormshield, un \u00e9cosyst\u00e8me num\u00e9rique","description":"Plateformes de gestion documentaire, collaboratives, de certification ou encore sites pays : retrouvez tous les sites Stormshield.","robots":{"index":"index","follow":"follow","max-snippet":"max-snippet:-1","max-image-preview":"max-image-preview:large","max-video-preview":"max-video-preview:-1"},"canonical":"https:\/\/www.stormshield.com\/fr\/nos-sites-internet\/","og_locale":"fr_FR","og_type":"article","og_title":"Les sites sp\u00e9cialis\u00e9s Stormshield, un \u00e9cosyst\u00e8me num\u00e9rique","og_description":"Plateformes de gestion documentaire, collaboratives, de certification ou encore sites pays : retrouvez tous les sites Stormshield.","og_url":"https:\/\/www.stormshield.com\/fr\/nos-sites-internet\/","og_site_name":"Stormshield","article_modified_time":"2025-11-03T09:21:04+00:00","og_image":[{"width":204,"height":94,"url":"https:\/\/www.stormshield.com\/wp-content\/uploads\/stormshield_logo.png","type":"image\/png"}],"twitter_card":"summary_large_image","twitter_site":"@Stormshield","twitter_misc":{"Dur\u00e9e de lecture estim\u00e9e":"4 minutes"},"schema":{"@context":"https:\/\/schema.org","@graph":[{"@type":"WebPage","@id":"https:\/\/www.stormshield.com\/fr\/nos-sites-internet\/","url":"https:\/\/www.stormshield.com\/fr\/nos-sites-internet\/","name":"Les sites sp\u00e9cialis\u00e9s Stormshield, un \u00e9cosyst\u00e8me num\u00e9rique","isPartOf":{"@id":"https:\/\/www.stormshield.com\/fr\/#website"},"datePublished":"2017-09-19T12:14:16+00:00","dateModified":"2025-11-03T09:21:04+00:00","description":"Plateformes de gestion documentaire, collaboratives, de certification ou encore sites pays : retrouvez tous les sites Stormshield.","breadcrumb":{"@id":"https:\/\/www.stormshield.com\/fr\/nos-sites-internet\/#breadcrumb"},"inLanguage":"fr-FR","potentialAction":[{"@type":"ReadAction","target":["https:\/\/www.stormshield.com\/fr\/nos-sites-internet\/"]}]},{"@type":"BreadcrumbList","@id":"https:\/\/www.stormshield.com\/fr\/nos-sites-internet\/#breadcrumb","itemListElement":[{"@type":"ListItem","position":1,"name":"Home","item":"https:\/\/www.stormshield.com\/fr\/"},{"@type":"ListItem","position":2,"name":"Nos sites internet"}]},{"@type":"WebSite","@id":"https:\/\/www.stormshield.com\/fr\/#website","url":"https:\/\/www.stormshield.com\/fr\/","name":"Stormshield","description":"Stormshield","potentialAction":[{"@type":"SearchAction","target":{"@type":"EntryPoint","urlTemplate":"https:\/\/www.stormshield.com\/fr\/?s={search_term_string}"},"query-input":{"@type":"PropertyValueSpecification","valueRequired":true,"valueName":"search_term_string"}}],"inLanguage":"fr-FR"}]}},"_links":{"self":[{"href":"https:\/\/www.stormshield.com\/fr\/wp-json\/wp\/v2\/pages\/49159","targetHints":{"allow":["GET"]}}],"collection":[{"href":"https:\/\/www.stormshield.com\/fr\/wp-json\/wp\/v2\/pages"}],"about":[{"href":"https:\/\/www.stormshield.com\/fr\/wp-json\/wp\/v2\/types\/page"}],"author":[{"embeddable":true,"href":"https:\/\/www.stormshield.com\/fr\/wp-json\/wp\/v2\/users\/9"}],"replies":[{"embeddable":true,"href":"https:\/\/www.stormshield.com\/fr\/wp-json\/wp\/v2\/comments?post=49159"}],"version-history":[{"count":47,"href":"https:\/\/www.stormshield.com\/fr\/wp-json\/wp\/v2\/pages\/49159\/revisions"}],"predecessor-version":[{"id":691702,"href":"https:\/\/www.stormshield.com\/fr\/wp-json\/wp\/v2\/pages\/49159\/revisions\/691702"}],"wp:attachment":[{"href":"https:\/\/www.stormshield.com\/fr\/wp-json\/wp\/v2\/media?parent=49159"}],"curies":[{"name":"wp","href":"https:\/\/api.w.org\/{rel}","templated":true}]}}