{"id":48779,"date":"2017-10-02T14:55:20","date_gmt":"2017-10-02T13:55:20","guid":{"rendered":"https:\/\/www.stormshield.com\/?page_id=48779"},"modified":"2026-01-26T10:28:38","modified_gmt":"2026-01-26T09:28:38","slug":"une-histoire-ancree-dans-la-cybersecurite","status":"publish","type":"page","link":"https:\/\/www.stormshield.com\/fr\/qui-sommes-nous\/une-histoire-ancree-dans-la-cybersecurite\/","title":{"rendered":"Une histoire ancr\u00e9e dans la cybers\u00e9curit\u00e9"},"content":{"rendered":"<div class=\"wpb-content-wrapper\"><p>[vc_row css_animation=\"\" row_type=\"row\" use_row_as_full_screen_section=\"no\" type=\"grid\" angled_section=\"no\" text_align=\"left\" background_image_as_pattern=\"without_pattern\" z_index=\"\" padding_top=\"50\" padding_bottom=\"50\"][vc_column][vc_empty_space][vc_column_text css=\"\"]<\/p>\n<h1 style=\"text-align: center;\"><span style=\"color: #00aaf5;\"><span style=\"font-weight: 900; font-size: 1.6em;\">Une histoire Stormshield ancr\u00e9e dans la cybers\u00e9curit\u00e9, <\/span><span style=\"font-weight: 300; font-size: 1.5em;\">un esprit pionnier depuis plus de 25 ans<\/span><\/span><\/h1>\n<p>[\/vc_column_text][vc_empty_space][\/vc_column][\/vc_row][vc_row css_animation=\"\" row_type=\"row\" use_row_as_full_screen_section=\"no\" type=\"grid\" angled_section=\"no\" text_align=\"left\" background_image_as_pattern=\"without_pattern\" z_index=\"\" padding_bottom=\"50\"][vc_column width=\"2\/3\"][vc_column_text css=\"\"]<span style=\"color: #000; font-size: 1.1em;\">Depuis plus de 25 ans, Stormshield d\u00e9veloppe son esprit pionnier dans le monde de la cybers\u00e9curit\u00e9. Avec une pr\u00e9sence dans plus de 40 pays, l\u2019entreprise europ\u00e9enne continue de grandir, \u00e9paul\u00e9e par un solide r\u00e9seau de partenaires et de distributeurs.<\/span><\/p>\n<p><span style=\"color: #000; font-size: 1.1em;\">L\u2019engagement de Stormshield \u00e0 concevoir des solutions de s\u00e9curit\u00e9 robustes ne date pas d\u2019hier. Il y a pr\u00e8s de 25 ans d\u00e9j\u00e0, la certification Crit\u00e8res Communs et la qualification par l\u2019ANSSI venaient r\u00e9compenser les premiers produits Arkoon et Netasq. Vous ne voyez pas le lien ? Un petit voyage dans l\u2019<a style=\"color: #000000;\" href=\"https:\/\/fr.wikipedia.org\/wiki\/Stormshield\" target=\"_blank\" rel=\"noopener\">histoire<\/a> de la cybers\u00e9curit\u00e9 s\u2019impose\u2026 <strong>Retour sur les \u00e9tapes d\u00e9terminantes de la construction de Stormshield.<\/strong><\/span>[\/vc_column_text][vc_empty_space][\/vc_column][vc_column width=\"1\/3\"][vc_single_image image=\"393178\" img_size=\"medium\" alignment=\"center\" css=\"\" qode_css_animation=\"\" qode_hover_animation=\"zoom_in\"][vc_empty_space][\/vc_column][\/vc_row][vc_row css_animation=\"\" row_type=\"row\" use_row_as_full_screen_section=\"no\" type=\"grid\" angled_section=\"no\" text_align=\"left\" background_image_as_pattern=\"without_pattern\" z_index=\"\" padding_bottom=\"50\" css=\".vc_custom_1697804221509{background-color: #ffffff !important;}\" padding_top=\"50\"][vc_column][vc_row_inner row_type=\"row\" type=\"full_width\" text_align=\"left\" css_animation=\"\" background_color=\"#f9f9f9\" css=\".vc_custom_1697805785032{padding-top: 32px !important;padding-right: 32px !important;padding-bottom: 32px !important;padding-left: 32px !important;}\"][vc_column_inner width=\"5\/6\"][vc_column_text]<\/p>\n<h2><span style=\"color: #000; font-size: 1.2em; font-weight: 900;\">\u00c0 la pointe de l\u2019expertise europ\u00e9enne en cybers\u00e9curit\u00e9 depuis\u2026 longtemps<\/span><\/h2>\n<h3><span style=\"color: #000; font-size: 1.1em; font-weight: 900;\">Netasq, l'expert des solutions UTM<\/span><\/h3>\n<p><span style=\"color: #000; font-size: 1.1em;\"><strong>1998 |<\/strong>\u00a0La soci\u00e9t\u00e9 Netasq voit le jour du c\u00f4t\u00e9 de Villeneuve-d\u2019Ascq et cr\u00e9e le premier firewall avec IPS int\u00e9gr\u00e9.<\/span><\/p>\n<p><span style=\"color: #000; font-size: 1.1em;\"><strong>2004 |<\/strong> Netasq rach\u00e8te la soci\u00e9t\u00e9 Intranode, sp\u00e9cialiste du management de vuln\u00e9rabilit\u00e9s, pour apporter, \u00e0 ses solutions de firewall UTM, des capacit\u00e9s de d\u00e9tection de vuln\u00e9rabilit\u00e9s par analyse de trafic.<\/span><\/p>\n<h3><span style=\"color: #000; font-size: 1.1em; font-weight: 900;\">Arkoon, l'\u00e9diteur de solutions de s\u00e9curit\u00e9 informatique<\/span><\/h3>\n<p><span style=\"color: #000; font-size: 1.1em;\"><strong>2000 |<\/strong> C\u2019est au tour d\u2019Arkoon de voir le jour du c\u00f4t\u00e9 de Lyon. La premi\u00e8re solution UTM est cr\u00e9\u00e9e dans la foul\u00e9e en int\u00e9grant une solution antivirale dans ses bo\u00eetiers firewall.<\/span><\/p>\n<p><span style=\"color: #000; font-size: 1.1em;\"><strong>2006 |<\/strong> Arkoon rach\u00e8te la soci\u00e9t\u00e9 MSI et sa solution de chiffrement de fichiers, SecurityBox, qui deviendra <a style=\"color: #000000;\" href=\"https:\/\/www.stormshield.com\/fr\/produits-et-services\/produits\/protection-des-donnees\/gamme-sds\/\" target=\"_blank\" rel=\"noopener\">Stormshield Data Security<\/a>.<\/span><\/p>\n<p><span style=\"color: #000; font-size: 1.1em;\"><strong>2009 |<\/strong> Arkoon rach\u00e8te la soci\u00e9t\u00e9 SkyRecon Systems et sa solution innovante de protection des postes et serveurs, qui deviendra <a style=\"color: #000000;\" href=\"https:\/\/www.stormshield.com\/fr\/produits-et-services\/produits\/protection-des-postes-et-serveurs\/stormshield-endpoint-security\/\" target=\"_blank\" rel=\"noopener\">Stormshield Endpoint Security<\/a>.<\/span>[\/vc_column_text][vc_empty_space][\/vc_column_inner][vc_column_inner width=\"1\/6\"][\/vc_column_inner][\/vc_row_inner][\/vc_column][\/vc_row][vc_row css_animation=\"\" row_type=\"row\" use_row_as_full_screen_section=\"no\" type=\"grid\" angled_section=\"no\" text_align=\"left\" background_image_as_pattern=\"without_pattern\" z_index=\"\"][vc_column][vc_row_inner row_type=\"row\" type=\"full_width\" text_align=\"left\" css_animation=\"\"][vc_column_inner width=\"5\/6\"][vc_column_text]<\/p>\n<h2><span style=\"color: #000; font-size: 1.2em; font-weight: 900;\">Un ADN r\u00e9solument industriel<\/span><\/h2>\n<h3><span style=\"color: #000; font-size: 1.1em; font-weight: 900;\">Aux c\u00f4t\u00e9s d'Airbus CyberSecurity<\/span><\/h3>\n<p><span style=\"color: #000; font-size: 1.1em;\"><strong>2012 |<\/strong> Airbus Defence and Space fait l\u2019acquisition d\u2019Arkoon et de Netasq, qui deviennent Stormshield. Cette nouvelle entit\u00e9 est alors positionn\u00e9e comme filiale de sa propre filiale, <a style=\"color: #000000;\" href=\"https:\/\/www.cyber.airbus.com\/fr\/\" target=\"_blank\" rel=\"noopener\">Airbus CyberSecurity<\/a>. Une alliance qui pose les fondations d\u2019une cybers\u00e9curit\u00e9 europ\u00e9enne de confiance.<\/span><\/p>\n<p><span style=\"color: #000; font-size: 1.1em;\"><strong>2014 |<\/strong> Fruits de cette fusion, les premiers produits sous la marque Stormshield font leur apparition sur le march\u00e9 de la cybers\u00e9curit\u00e9. Et les appliances virtuelles de Stormshield font leur arriv\u00e9e dans les espaces de vente en ligne d\u2019Amazon Web Service et Microsoft Azure.<\/span><\/p>\n<h3><span style=\"color: #000; font-size: 1.1em; font-weight: 900;\">Et d\u2019autres acteurs du monde industriel<\/span><\/h3>\n<p><span style=\"color: #000; font-size: 1.1em;\"><strong><strong>2015 |<\/strong><\/strong> Schneider Electric et Stormshield d\u00e9marrent un partenariat ambitieux, avec l\u2019objectif de r\u00e9pondre aux probl\u00e9matiques de cybers\u00e9curit\u00e9 industrielle.<\/span><\/p>\n<p><span style=\"color: #000; font-size: 1.1em;\"><strong>2016 |<\/strong> Le <a style=\"color: #000000;\" href=\"https:\/\/www.stormshield.com\/fr\/produits\/sni40\/\" target=\"_blank\" rel=\"noopener\">SNi40<\/a> devient le premier pare-feu industriel certifi\u00e9 CSPN par l\u2019ANSSI. La m\u00eame ann\u00e9e, Stormshield lance <a style=\"color: #000000;\" href=\"https:\/\/www.stormshield.com\/fr\/produits-et-services\/produits\/protection-des-reseaux\/nos-produits\/sandbox-breach-fighter\/\" target=\"_blank\" rel=\"noopener\">Breach Fighter<\/a>, une solution de sandboxing dans le Cloud.<\/span>[\/vc_column_text][\/vc_column_inner][vc_column_inner width=\"1\/6\"][\/vc_column_inner][\/vc_row_inner][\/vc_column][\/vc_row][vc_row css_animation=\"\" row_type=\"row\" use_row_as_full_screen_section=\"no\" type=\"grid\" angled_section=\"no\" text_align=\"left\" background_image_as_pattern=\"without_pattern\" z_index=\"\" padding_bottom=\"50\" css=\".vc_custom_1697804221509{background-color: #ffffff !important;}\" padding_top=\"50\"][vc_column][vc_row_inner row_type=\"row\" type=\"full_width\" text_align=\"left\" css_animation=\"\" background_color=\"#f9f9f9\" css=\".vc_custom_1697805785032{padding-top: 32px !important;padding-right: 32px !important;padding-bottom: 32px !important;padding-left: 32px !important;}\"][vc_column_inner width=\"5\/6\"][vc_column_text css=\"\"]<\/p>\n<h2><span style=\"color: #000; font-size: 1.2em; font-weight: 900;\">Le choix europ\u00e9en de la cybers\u00e9curit\u00e9 des infrastructures industrielles et critiques<\/span><\/h2>\n<h3><span style=\"color: #000; font-size: 1.1em; font-weight: 900;\">Un renouveau des produits Stormshield<\/span><\/h3>\n<p><span style=\"color: #000; font-size: 1.1em;\"><strong>2020 |<\/strong> Le <a style=\"color: #000000;\" href=\"https:\/\/www.stormshield.com\/fr\/produits\/sni20\/\" target=\"_blank\" rel=\"noopener\">SNi20<\/a> rejoint la famille des firewalls industriels, ax\u00e9 sur l\u2019inspection des paquets en profondeur et la protection des protocoles de communication industrielle.<\/span><\/p>\n<p><span style=\"color: #000; font-size: 1.1em;\"><strong>2021 |<\/strong> La ligne produit Data Security se renforce avec la sortie de Stormshield Data Security pour Google Workspace, afin d'augmenter le niveau de protection des donn\u00e9es sensibles dans les espaces Google. La ligne Network Security est de son c\u00f4t\u00e9 compl\u00e9t\u00e9e par la sortie du <a style=\"color: #000000;\" href=\"https:\/\/www.stormshield.com\/fr\/produits\/sn1100\/\" target=\"_blank\" rel=\"noopener\">SN1100<\/a>, du produit de log management Stormshield Log Supervisor (<a style=\"color: #000000;\" href=\"https:\/\/www.stormshield.com\/fr\/produits-et-services\/produits\/protection-des-reseaux\/outil-administration-sns\/sls\/\" target=\"_blank\" rel=\"noopener\">SLS<\/a>) et enfin du pare-feu chiffreur <a style=\"color: #000000;\" href=\"https:\/\/www.stormshield.com\/fr\/produits\/snxr1200\/\" target=\"_blank\" rel=\"noopener\">SNxr1200<\/a>.<\/span><\/p>\n<p><span style=\"color: #000; font-size: 1.1em;\"><strong>2022 |<\/strong> La ligne produit Network Security entame sa refonte avec la sortie des premiers items de la nouvelle gamme <a style=\"color: #000000;\" href=\"https:\/\/www.stormshield.com\/fr\/produits-et-services\/produits\/protection-des-reseaux\/nos-produits\/sn-m-series\/\" target=\"_blank\" rel=\"noopener\">SN-M-Series<\/a> : SN720 et SN920.<\/span><\/p>\n<p><span style=\"color: #000; font-size: 1.1em;\"><strong>2023 |<\/strong> Nouvelle \u00e9tape dans la refonte de la ligne produit Network Security avec la nouvelle gamme SN-S-Series et les boitiers SN220 et SN320, tandis que le produit SN520 vient compl\u00e9ter la gamme SN-M-Series. En parall\u00e8le, Stormshield officialise son offre <a style=\"color: #000000;\" href=\"https:\/\/www.stormshield.com\/fr\/produits-et-services\/produits\/stormshield-xdr\/\" target=\"_blank\" rel=\"noopener\">XDR<\/a>, combinaison id\u00e9ale entre diff\u00e9rentes lignes produits et l'expertise en <a style=\"color: #000000;\" href=\"https:\/\/www.stormshield.com\/fr\/besoin-accompagnement\/services\/cyber-threat-intelligence\/\" target=\"_blank\" rel=\"noopener\">CTI<\/a>.<\/span><\/p>\n<p><span style=\"color: #000; font-size: 1.1em;\"><strong>2024 |<\/strong> Apr\u00e8s les gammes SN-S-Series et SN-M-Series, le renouvellement continue avec l'annonce de lancement de deux nouvelles gammes de pare-feux hautes performances : SN-L-Series (SN2200 &amp; SN3200) et SN-XL-Series (SN5200 &amp; SN6200). Partageant un boitier commun, le SN-XS-Series-170 et le SNi10 viennent enfin compl\u00e9ter la grande famille des firewalls SNS.<\/span><\/p>\n<p><span style=\"color: #000; font-size: 1.1em;\"><strong>2025 |<\/strong> La version 5 du <a style=\"color: #000000; text-decoration: underline;\" href=\"https:\/\/www.stormshield.com\/fr\/produits-et-services\/produits\/protection-des-reseaux\/firmware\/\">firmware<\/a> des firewalls Stormshield Network Security int\u00e8gre le premier algorithme de chiffrement post-quantique standardis\u00e9 par le NIST (ML-KEM).<\/span><\/p>\n<h3><span style=\"color: #000; font-size: 1.1em; font-weight: 900;\">Des produits reconnus par les plus hautes autorit\u00e9s<\/span><\/h3>\n<p><span style=\"color: #000; font-size: 1.1em;\"><strong>2020 |<\/strong> Les firewalls Stormshield Network Security obtiennent une double reconnaissance de la part de l\u2019organisme de certification du Centre National de Cryptologie (<em>Centro Criptol\u00f3gico Nacional<\/em>, CCN) en Espagne, en tant que produits qualifi\u00e9s et approuv\u00e9s.<\/span><\/p>\n<p><span style=\"color: #000; font-size: 1.1em;\"><strong>2022 |<\/strong> Deux ans plus tard, c'est au tour du produit EDR Stormshield Endpoint Security Evolution de d\u00e9crocher la certification espagnol Producto Cualificado, attribu\u00e9 par le CCN.<\/span><\/p>\n<p><span style=\"color: #000; font-size: 1.1em;\"><strong>2023 |<\/strong> L'ann\u00e9e suivante, c'est en France que le produit EDR Stormshield Endpoint Security Evolution est \u00e0 nouveau r\u00e9compens\u00e9, avec la Certification de S\u00e9curit\u00e9 de Premier Niveau (<a style=\"color: #000000;\" href=\"\/?p=471601\" target=\"_blank\" rel=\"noopener\">CSPN<\/a>), attribu\u00e9 sous l'autorit\u00e9 de l'ANSSI. Dans le m\u00eame temps, les firewalls Stormshield Network Security obtiennent <a style=\"color: #000000;\" href=\"https:\/\/www.stormshield.com\/fr\/actus\/certification-criteres-communs-eal4-pour-stormshield-network-security\/\" target=\"_blank\" rel=\"noopener\">la certification CC EAL4+<\/a>.<\/span><\/p>\n<p><span style=\"color: #000; font-size: 1.1em;\"><strong>2024 |<\/strong> Fruit d'un travail de plusieurs ann\u00e9es, les firewalls Stormshield Network Security se voient attribuer la <a style=\"color: #000000;\" href=\"https:\/\/www.stormshield.com\/fr\/actus\/stormshield-obtient-la-qualification-standard-de-son-offre-stormshield-network-security\/\" target=\"_blank\" rel=\"noopener\">qualification Standard<\/a> par l'ANSSI. Stormshield devient alors le seul firewall chiffreur qualifi\u00e9 de la cybers\u00e9curit\u00e9.<\/span>[\/vc_column_text][vc_empty_space][\/vc_column_inner][vc_column_inner width=\"1\/6\"][\/vc_column_inner][\/vc_row_inner][\/vc_column][\/vc_row][vc_row css_animation=\"\" row_type=\"row\" use_row_as_full_screen_section=\"no\" type=\"grid\" angled_section=\"no\" text_align=\"left\" background_image_as_pattern=\"without_pattern\" z_index=\"\"][vc_column][vc_row_inner row_type=\"row\" type=\"full_width\" text_align=\"left\" css_animation=\"\" css=\".vc_custom_1705393759893{padding-top: 32px !important;padding-right: 32px !important;padding-bottom: 32px !important;padding-left: 32px !important;background-color: #060051 !important;}\"][vc_column_inner width=\"2\/3\"][vc_column_text css=\"\"]<\/p>\n<h2><span style=\"color: #ffffff; font-size: 1.2em; font-weight: 900;\">Et demain, avec vous ?<\/span><\/h2>\n<p><span style=\"color: #ffffff; font-size: 1.1em;\">Envie de participer \u00e0 l\u2019histoire de Stormshield\u00a0? Filiale d'Airbus Defence and Space Cyber Programmes, nous b\u00e9n\u00e9ficions de la confiance de grandes entreprises et d\u2019\u00c9tats europ\u00e9ens. Nos \u00e9quipes talentueuses et agiles travaillent sur des enjeux de s\u00e9curit\u00e9 \u00e0 la pointe de la technologie. Curieux, passionn\u00e9, rigoureux, venez lib\u00e9rer votre potentiel, d\u00e9velopper vos comp\u00e9tences et nous aider \u00e0 construire l\u2019entreprise de demain\u00a0!<\/span>[\/vc_column_text][vc_empty_space]<a  itemprop=\"url\" href=\"https:\/\/www.stormshield.com\/fr\/nous-rejoindre\/\" target=\"_blank\" data-hover-background-color=\"#d23467\" data-hover-border-color=\"#ffffff\" class=\"qbutton  white enlarge\" style=\"border-color: #ffffff; background-color:#060051;\">Nous rejoindre<i class=\"qode_icon_font_awesome fa fa-angle-right qode_button_icon_element\"><\/i><\/a>[vc_empty_space][\/vc_column_inner][vc_column_inner width=\"1\/3\"][vc_empty_space][vc_video link=\"https:\/\/youtu.be\/l-ijQBCS2Kc\" align=\"center\"][vc_empty_space][\/vc_column_inner][\/vc_row_inner][\/vc_column][\/vc_row][vc_row css_animation=\"\" row_type=\"row\" use_row_as_full_screen_section=\"no\" type=\"full_width\" angled_section=\"no\" text_align=\"left\" background_image_as_pattern=\"without_pattern\"][vc_column][vc_empty_space][\/vc_column][\/vc_row]<\/p>\n<\/div>","protected":false},"excerpt":{"rendered":"<p>[vc_row css_animation=\u00a0\u00bb\u00a0\u00bb row_type=\u00a0\u00bbrow\u00a0\u00bb use_row_as_full_screen_section=\u00a0\u00bbno\u00a0\u00bb type=\u00a0\u00bbgrid\u00a0\u00bb angled_section=\u00a0\u00bbno\u00a0\u00bb text_align=\u00a0\u00bbleft\u00a0\u00bb background_image_as_pattern=\u00a0\u00bbwithout_pattern\u00a0\u00bb z_index=\u00a0\u00bb\u00a0\u00bb padding_top=\u00a0\u00bb50&Prime; padding_bottom=\u00a0\u00bb50&Prime;][vc_column][vc_empty_space][vc_column_text css=\u00a0\u00bb\u00a0\u00bb] Une histoire Stormshield ancr\u00e9e dans la cybers\u00e9curit\u00e9, un esprit pionnier depuis plus de 25 ans [\/vc_column_text][vc_empty_space][\/vc_column][\/vc_row][vc_row css_animation=\u00a0\u00bb\u00a0\u00bb row_type=\u00a0\u00bbrow\u00a0\u00bb use_row_as_full_screen_section=\u00a0\u00bbno\u00a0\u00bb type=\u00a0\u00bbgrid\u00a0\u00bb angled_section=\u00a0\u00bbno\u00a0\u00bb text_align=\u00a0\u00bbleft\u00a0\u00bb background_image_as_pattern=\u00a0\u00bbwithout_pattern\u00a0\u00bb z_index=\u00a0\u00bb\u00a0\u00bb padding_bottom=\u00a0\u00bb50&Prime;][vc_column width=\u00a0\u00bb2\/3&Prime;][vc_column_text css=\u00a0\u00bb\u00a0\u00bb]Depuis plus de 25 ans, Stormshield d\u00e9veloppe&#8230;<\/p>\n","protected":false},"author":31,"featured_media":0,"parent":22528,"menu_order":51,"comment_status":"closed","ping_status":"closed","template":"full_width.php","meta":{"_acf_changed":false,"footnotes":""},"class_list":["post-48779","page","type-page","status-publish","hentry"],"acf":[],"yoast_head":"<!-- This site is optimized with the Yoast SEO plugin v27.3 - https:\/\/yoast.com\/product\/yoast-seo-wordpress\/ -->\n<title>Arkoon, Netasq : une histoire ancr\u00e9e en cybers\u00e9curit\u00e9 | Stormshield<\/title>\n<meta name=\"description\" content=\"Un esprit pionnier dans le monde de la cybers\u00e9curit\u00e9 depuis plus de 25 ans : retour sur les \u00e9tapes d\u00e9cisives de l&#039;histoire de Stormshield.\" \/>\n<meta name=\"robots\" content=\"index, follow, max-snippet:-1, max-image-preview:large, max-video-preview:-1\" \/>\n<link rel=\"canonical\" href=\"https:\/\/www.stormshield.com\/fr\/qui-sommes-nous\/une-histoire-ancree-dans-la-cybersecurite\/\" \/>\n<meta property=\"og:locale\" content=\"fr_FR\" \/>\n<meta property=\"og:type\" content=\"article\" \/>\n<meta property=\"og:title\" content=\"Arkoon, Netasq : une histoire ancr\u00e9e en cybers\u00e9curit\u00e9 | Stormshield\" \/>\n<meta property=\"og:description\" content=\"Un esprit pionnier dans le monde de la cybers\u00e9curit\u00e9 depuis plus de 25 ans : retour sur les \u00e9tapes d\u00e9cisives de l&#039;histoire de Stormshield.\" \/>\n<meta property=\"og:url\" content=\"https:\/\/www.stormshield.com\/fr\/qui-sommes-nous\/une-histoire-ancree-dans-la-cybersecurite\/\" \/>\n<meta property=\"og:site_name\" content=\"Stormshield\" \/>\n<meta property=\"article:modified_time\" content=\"2026-01-26T09:28:38+00:00\" \/>\n<meta property=\"og:image\" content=\"https:\/\/www.stormshield.com\/wp-content\/uploads\/stormshield_logo.png\" \/>\n\t<meta property=\"og:image:width\" content=\"204\" \/>\n\t<meta property=\"og:image:height\" content=\"94\" \/>\n\t<meta property=\"og:image:type\" content=\"image\/png\" \/>\n<meta name=\"twitter:card\" content=\"summary_large_image\" \/>\n<meta name=\"twitter:site\" content=\"@Stormshield\" \/>\n<meta name=\"twitter:label1\" content=\"Dur\u00e9e de lecture estim\u00e9e\" \/>\n\t<meta name=\"twitter:data1\" content=\"5 minutes\" \/>\n<script type=\"application\/ld+json\" class=\"yoast-schema-graph\">{\"@context\":\"https:\\\/\\\/schema.org\",\"@graph\":[{\"@type\":\"WebPage\",\"@id\":\"https:\\\/\\\/www.stormshield.com\\\/fr\\\/qui-sommes-nous\\\/une-histoire-ancree-dans-la-cybersecurite\\\/\",\"url\":\"https:\\\/\\\/www.stormshield.com\\\/fr\\\/qui-sommes-nous\\\/une-histoire-ancree-dans-la-cybersecurite\\\/\",\"name\":\"Arkoon, Netasq : une histoire ancr\u00e9e en cybers\u00e9curit\u00e9 | Stormshield\",\"isPartOf\":{\"@id\":\"https:\\\/\\\/www.stormshield.com\\\/fr\\\/#website\"},\"datePublished\":\"2017-10-02T13:55:20+00:00\",\"dateModified\":\"2026-01-26T09:28:38+00:00\",\"description\":\"Un esprit pionnier dans le monde de la cybers\u00e9curit\u00e9 depuis plus de 25 ans : retour sur les \u00e9tapes d\u00e9cisives de l'histoire de Stormshield.\",\"breadcrumb\":{\"@id\":\"https:\\\/\\\/www.stormshield.com\\\/fr\\\/qui-sommes-nous\\\/une-histoire-ancree-dans-la-cybersecurite\\\/#breadcrumb\"},\"inLanguage\":\"fr-FR\",\"potentialAction\":[{\"@type\":\"ReadAction\",\"target\":[\"https:\\\/\\\/www.stormshield.com\\\/fr\\\/qui-sommes-nous\\\/une-histoire-ancree-dans-la-cybersecurite\\\/\"]}]},{\"@type\":\"BreadcrumbList\",\"@id\":\"https:\\\/\\\/www.stormshield.com\\\/fr\\\/qui-sommes-nous\\\/une-histoire-ancree-dans-la-cybersecurite\\\/#breadcrumb\",\"itemListElement\":[{\"@type\":\"ListItem\",\"position\":1,\"name\":\"Home\",\"item\":\"https:\\\/\\\/www.stormshield.com\\\/fr\\\/\"},{\"@type\":\"ListItem\",\"position\":2,\"name\":\"Qui sommes-nous ?\",\"item\":\"https:\\\/\\\/www.stormshield.com\\\/fr\\\/qui-sommes-nous\\\/\"},{\"@type\":\"ListItem\",\"position\":3,\"name\":\"Une histoire ancr\u00e9e dans la cybers\u00e9curit\u00e9\"}]},{\"@type\":\"WebSite\",\"@id\":\"https:\\\/\\\/www.stormshield.com\\\/fr\\\/#website\",\"url\":\"https:\\\/\\\/www.stormshield.com\\\/fr\\\/\",\"name\":\"Stormshield\",\"description\":\"Stormshield\",\"potentialAction\":[{\"@type\":\"SearchAction\",\"target\":{\"@type\":\"EntryPoint\",\"urlTemplate\":\"https:\\\/\\\/www.stormshield.com\\\/fr\\\/?s={search_term_string}\"},\"query-input\":{\"@type\":\"PropertyValueSpecification\",\"valueRequired\":true,\"valueName\":\"search_term_string\"}}],\"inLanguage\":\"fr-FR\"}]}<\/script>\n<!-- \/ Yoast SEO plugin. -->","yoast_head_json":{"title":"Arkoon, Netasq : une histoire ancr\u00e9e en cybers\u00e9curit\u00e9 | Stormshield","description":"Un esprit pionnier dans le monde de la cybers\u00e9curit\u00e9 depuis plus de 25 ans : retour sur les \u00e9tapes d\u00e9cisives de l'histoire de Stormshield.","robots":{"index":"index","follow":"follow","max-snippet":"max-snippet:-1","max-image-preview":"max-image-preview:large","max-video-preview":"max-video-preview:-1"},"canonical":"https:\/\/www.stormshield.com\/fr\/qui-sommes-nous\/une-histoire-ancree-dans-la-cybersecurite\/","og_locale":"fr_FR","og_type":"article","og_title":"Arkoon, Netasq : une histoire ancr\u00e9e en cybers\u00e9curit\u00e9 | Stormshield","og_description":"Un esprit pionnier dans le monde de la cybers\u00e9curit\u00e9 depuis plus de 25 ans : retour sur les \u00e9tapes d\u00e9cisives de l'histoire de Stormshield.","og_url":"https:\/\/www.stormshield.com\/fr\/qui-sommes-nous\/une-histoire-ancree-dans-la-cybersecurite\/","og_site_name":"Stormshield","article_modified_time":"2026-01-26T09:28:38+00:00","og_image":[{"width":204,"height":94,"url":"https:\/\/www.stormshield.com\/wp-content\/uploads\/stormshield_logo.png","type":"image\/png"}],"twitter_card":"summary_large_image","twitter_site":"@Stormshield","twitter_misc":{"Dur\u00e9e de lecture estim\u00e9e":"5 minutes"},"schema":{"@context":"https:\/\/schema.org","@graph":[{"@type":"WebPage","@id":"https:\/\/www.stormshield.com\/fr\/qui-sommes-nous\/une-histoire-ancree-dans-la-cybersecurite\/","url":"https:\/\/www.stormshield.com\/fr\/qui-sommes-nous\/une-histoire-ancree-dans-la-cybersecurite\/","name":"Arkoon, Netasq : une histoire ancr\u00e9e en cybers\u00e9curit\u00e9 | Stormshield","isPartOf":{"@id":"https:\/\/www.stormshield.com\/fr\/#website"},"datePublished":"2017-10-02T13:55:20+00:00","dateModified":"2026-01-26T09:28:38+00:00","description":"Un esprit pionnier dans le monde de la cybers\u00e9curit\u00e9 depuis plus de 25 ans : retour sur les \u00e9tapes d\u00e9cisives de l'histoire de Stormshield.","breadcrumb":{"@id":"https:\/\/www.stormshield.com\/fr\/qui-sommes-nous\/une-histoire-ancree-dans-la-cybersecurite\/#breadcrumb"},"inLanguage":"fr-FR","potentialAction":[{"@type":"ReadAction","target":["https:\/\/www.stormshield.com\/fr\/qui-sommes-nous\/une-histoire-ancree-dans-la-cybersecurite\/"]}]},{"@type":"BreadcrumbList","@id":"https:\/\/www.stormshield.com\/fr\/qui-sommes-nous\/une-histoire-ancree-dans-la-cybersecurite\/#breadcrumb","itemListElement":[{"@type":"ListItem","position":1,"name":"Home","item":"https:\/\/www.stormshield.com\/fr\/"},{"@type":"ListItem","position":2,"name":"Qui sommes-nous ?","item":"https:\/\/www.stormshield.com\/fr\/qui-sommes-nous\/"},{"@type":"ListItem","position":3,"name":"Une histoire ancr\u00e9e dans la cybers\u00e9curit\u00e9"}]},{"@type":"WebSite","@id":"https:\/\/www.stormshield.com\/fr\/#website","url":"https:\/\/www.stormshield.com\/fr\/","name":"Stormshield","description":"Stormshield","potentialAction":[{"@type":"SearchAction","target":{"@type":"EntryPoint","urlTemplate":"https:\/\/www.stormshield.com\/fr\/?s={search_term_string}"},"query-input":{"@type":"PropertyValueSpecification","valueRequired":true,"valueName":"search_term_string"}}],"inLanguage":"fr-FR"}]}},"_links":{"self":[{"href":"https:\/\/www.stormshield.com\/fr\/wp-json\/wp\/v2\/pages\/48779","targetHints":{"allow":["GET"]}}],"collection":[{"href":"https:\/\/www.stormshield.com\/fr\/wp-json\/wp\/v2\/pages"}],"about":[{"href":"https:\/\/www.stormshield.com\/fr\/wp-json\/wp\/v2\/types\/page"}],"author":[{"embeddable":true,"href":"https:\/\/www.stormshield.com\/fr\/wp-json\/wp\/v2\/users\/31"}],"replies":[{"embeddable":true,"href":"https:\/\/www.stormshield.com\/fr\/wp-json\/wp\/v2\/comments?post=48779"}],"version-history":[{"count":47,"href":"https:\/\/www.stormshield.com\/fr\/wp-json\/wp\/v2\/pages\/48779\/revisions"}],"predecessor-version":[{"id":738670,"href":"https:\/\/www.stormshield.com\/fr\/wp-json\/wp\/v2\/pages\/48779\/revisions\/738670"}],"up":[{"embeddable":true,"href":"https:\/\/www.stormshield.com\/fr\/wp-json\/wp\/v2\/pages\/22528"}],"wp:attachment":[{"href":"https:\/\/www.stormshield.com\/fr\/wp-json\/wp\/v2\/media?parent=48779"}],"curies":[{"name":"wp","href":"https:\/\/api.w.org\/{rel}","templated":true}]}}