{"id":451940,"date":"2024-03-25T05:00:38","date_gmt":"2024-03-25T04:00:38","guid":{"rendered":"https:\/\/www.stormshield.com\/?page_id=451940"},"modified":"2025-08-22T09:06:57","modified_gmt":"2025-08-22T08:06:57","slug":"souverainete-et-confiance-en-cybersecurite","status":"publish","type":"page","link":"https:\/\/www.stormshield.com\/fr\/produits-certifies-et-qualifies\/souverainete-et-confiance-en-cybersecurite\/","title":{"rendered":"Une question de souverainet\u00e9 et de confiance"},"content":{"rendered":"<div class=\"wpb-content-wrapper\"><p>[vc_row css_animation=\"\" row_type=\"row\" use_row_as_full_screen_section=\"no\" type=\"grid\" angled_section=\"no\" text_align=\"left\" background_image_as_pattern=\"without_pattern\" z_index=\"\" padding_bottom=\"50\" css=\".vc_custom_1691152413621{background-color: #ffffff !important;}\" padding_top=\"50\"][vc_column][vc_row_inner row_type=\"row\" type=\"grid\" text_align=\"left\" css_animation=\"\"][vc_column_inner][vc_empty_space][vc_column_text]<\/p>\n<h1 style=\"text-align: center;\"><span style=\"color: #060051;\"><span style=\"font-weight: 900; font-size: 1.6em;\">Certification et qualification des produits de cybers\u00e9curit\u00e9\u00a0: une question de souverainet\u00e9 et de confiance<\/span><\/span><\/h1>\n<p>[\/vc_column_text][vc_empty_space][\/vc_column_inner][\/vc_row_inner][\/vc_column][\/vc_row][vc_row css_animation=\"\" row_type=\"row\" use_row_as_full_screen_section=\"no\" type=\"grid\" angled_section=\"no\" text_align=\"left\" background_image_as_pattern=\"without_pattern\" z_index=\"\" padding_bottom=\"50\" css=\".vc_custom_1691155244672{background-color: #ffffff !important;}\"][vc_column][vc_row_inner row_type=\"row\" type=\"grid\" text_align=\"left\" css_animation=\"\" background_color=\"#f9f9f9\" css=\".vc_custom_1708095234860{padding-top: 32px !important;padding-right: 32px !important;padding-bottom: 32px !important;padding-left: 32px !important;}\"][vc_column_inner width=\"2\/3\"][vc_column_text]<\/p>\n<h2 style=\"text-align: left;\"><span style=\"color: #000; font-weight: 900; font-size: 1.2em;\">Certification, qualification : la souverainet\u00e9 concerne tout le monde<\/span><\/h2>\n<p>[\/vc_column_text][vc_column_text]<\/p>\n<p style=\"text-align: left;\"><span style=\"color: #000000; font-size: 1.1em;\"><strong>L'approche de souverainet\u00e9 num\u00e9rique concerne tout le monde, de la plus grosse entreprise \u00e0 la plus petite en passant par les administrations.<\/strong> Pour la plupart des entreprises critiques, c'est simple : les r\u00e9glementations nationales ou europ\u00e9ennes (comme NIS2) leur imposent de faire appel \u00e0 des solutions de s\u00e9curit\u00e9 souveraines et de confiance. D'autant plus que la cybers\u00e9curit\u00e9 non-souveraine et la d\u00e9pendance \u00e0 des solutions \u00e9trang\u00e8res expose \u00e0 plusieurs risques, de l'espionnage \u00e0 l'interruption de la continuit\u00e9 de service. <\/span><\/p>\n<p style=\"text-align: left;\"><span style=\"color: #000000; font-size: 1.1em;\">Pour les petites et moyennes entreprises ainsi que leurs prestataires, ce sont des risques de dommages collat\u00e9raux auxquels ils s'exposent. Combien de plus petites entreprises ont \u00e9t\u00e9 dramatiquement impact\u00e9es par les r\u00e9percussions de cyberattaques lanc\u00e9es \u00e0 l'\u00e9chelle mondiale\u00a0? <strong>Les produits de s\u00e9curit\u00e9 qualifi\u00e9s ou certifi\u00e9s ne sont d\u00e9sormais plus un luxe pour les petites entreprises et autres prestataires de services mais un moyen de cyber-s\u00e9r\u00e9niser leur activit\u00e9 (et celle de leurs clients).<\/strong><\/span><\/p>\n<p>[\/vc_column_text][vc_empty_space]<a  itemprop=\"url\" href=\"https:\/\/www.stormshield.com\/fr\/produits-certifies-et-qualifies\/reglementation-cybersecurite\/\" target=\"_blank\" data-hover-background-color=\"#d23467\" data-hover-border-color=\"#d23467\" class=\"qbutton  white enlarge\" style=\"border-color: #ffffff; background-color:#060051;\">Que dit la r\u00e9glementation ?<i class=\"qode_icon_font_awesome fa fa-angle-right qode_button_icon_element\"><\/i><\/a>[vc_empty_space height=\"12px\"]<a  itemprop=\"url\" href=\"https:\/\/www.stormshield.com\/fr\/produits-certifies-et-qualifies\/differences-certification-qualification\/\" target=\"_blank\" data-hover-background-color=\"#d23467\" data-hover-border-color=\"#d23467\" class=\"qbutton  white enlarge\" style=\"border-color: #ffffff; background-color:#060051;\">Diff\u00e9rences entre certifications et qualifications<i class=\"qode_icon_font_awesome fa fa-angle-right qode_button_icon_element\"><\/i><\/a>[vc_empty_space][\/vc_column_inner][vc_column_inner width=\"1\/3\" css=\".vc_custom_1708095227228{padding-right: 32px !important;padding-left: 32px !important;}\"][vc_empty_space][vc_column_text]<span style=\"color: #000; font-size: 1.1em;\">C'est quoi la souverainet\u00e9 ? Explications d'un terme-cl\u00e9 en cyber dans cette vid\u00e9o.<\/span>[\/vc_column_text][vc_empty_space height=\"12px\"][vc_video link=\"https:\/\/youtu.be\/xXhBXngCIIY\" align=\"center\" css=\"\"][vc_empty_space][\/vc_column_inner][\/vc_row_inner][\/vc_column][\/vc_row][vc_row css_animation=\"\" row_type=\"row\" use_row_as_full_screen_section=\"no\" type=\"grid\" angled_section=\"no\" text_align=\"left\" background_image_as_pattern=\"without_pattern\" z_index=\"\" css=\".vc_custom_1691157266229{background-color: #ffffff !important;}\"][vc_column][vc_row_inner row_type=\"row\" type=\"full_width\" text_align=\"left\" css_animation=\"\"][vc_column_inner width=\"2\/3\" css=\".vc_custom_1746515218812{padding-right: 32px !important;}\"][vc_column_text]<\/p>\n<h2 style=\"text-align: left;\"><span style=\"color: #000; font-weight: 900; font-size: 1.2em;\">L'importance des tiers de confiance en cybers\u00e9curit\u00e9<\/span><\/h2>\n<p style=\"text-align: left;\"><span style=\"color: #000000; font-size: 1.1em;\"><strong>Les solutions de cybers\u00e9curit\u00e9 sont nombreuses, mais toutes n\u2019offrent pas le m\u00eame niveau d\u2019efficacit\u00e9, de robustesse et \u2013 surtout \u2013 de confiance. Pour les besoins en cybers\u00e9curit\u00e9, l'ANSSI recommande ainsi de \u00ab\u2009<em>recourir \u00e0 des produits et des services r\u00e9pondant \u00e0 des exigences de s\u00e9curit\u00e9 et de confiance<\/em>\u2009\u00bb.<\/strong> Une confiance num\u00e9rique\u00a0qui s'\u00e9value dans le cadre <a style=\"color: #000000;\" href=\"https:\/\/www.ssi.gouv.fr\/entreprise\/qualifications\/\" target=\"_blank\" rel=\"noopener\">du processus de qualification<\/a> et de son suivi. Une \u00e9valuation par un tiers de confiance qui se base notamment sur un respect de la confidentialit\u00e9 et de la protection des donn\u00e9es confi\u00e9es par l\u2019utilisateur du produit ou du service, ou encore sur la correction des failles et vuln\u00e9rabilit\u00e9s.<\/span><\/p>\n<p style=\"text-align: left;\"><span style=\"color: #000000;\"><span style=\"font-size: 1.1em;\">Certifications, qualifications, mais aussi tests : il est \u00e9galement du devoir de chaque \u00e9diteur de chercher activement des vuln\u00e9rabilit\u00e9s potentielles dans le code de ses softwares, que ce soit avec des \u00e9quipes internes et\/ou avec des interventions externes via des programmes de Bug Bounty. <strong>Chez Stormshield, nous poursuivons les deux approches pour \u00e9tablir une confiance v\u00e9ritable dans nos solutions de s\u00e9curit\u00e9. Car <\/strong><\/span><strong><span style=\"font-size: 1.1em;\">s\u00e9curiser la s\u00e9curit\u00e9 reste et restera un enjeu de confiance majeur dans le cyber espace.<\/span><\/strong><\/span><\/p>\n<p>[\/vc_column_text][vc_empty_space][\/vc_column_inner][vc_column_inner width=\"1\/3\" css=\".vc_custom_1746515224674{padding-top: 12px !important;padding-right: 32px !important;padding-bottom: 12px !important;padding-left: 32px !important;background-color: #060051 !important;}\"][vc_empty_space][vc_column_text]<\/p>\n<p style=\"text-align: left;\"><span style=\"color: #ffffff; font-weight: 900; font-size: 1.2em;\">La doctrine anti-backdoor de l'ANSSI<\/span><\/p>\n<p style=\"text-align: left;\"><span style=\"color: #000000; font-size: 1.1em;\"><span style=\"color: #ffffff;\">Une backdoor est un acc\u00e8s dissimul\u00e9, logiciel ou mat\u00e9riel, qui permet \u00e0 un utilisateur malveillant de se connecter \u00e0 une machine de mani\u00e8re furtive. En 2016, l\u2019ANSSI a r\u00e9-affirm\u00e9 sa position sur ce sujet en expliquant que l'introduction de backdoor \u00ab\u00a0<em>aurait pour effet d\u00e9sastreux d\u2019imposer aux concepteurs de produits et de services de s\u00e9curit\u00e9 un affaiblissement des m\u00e9canismes cryptographiques<\/em>\u00a0\u00bb. Car il est impossible de s\u2019assurer que ces acc\u00e8s ne soient pas d\u00e9couverts puis utilis\u00e9s par des tiers, notamment malveillants.<\/span><\/span><\/p>\n<p>[\/vc_column_text][vc_empty_space][\/vc_column_inner][\/vc_row_inner][\/vc_column][\/vc_row][vc_row css_animation=\"\" row_type=\"row\" use_row_as_full_screen_section=\"no\" type=\"grid\" angled_section=\"no\" text_align=\"left\" background_image_as_pattern=\"without_pattern\" z_index=\"\" padding_top=\"50\" padding_bottom=\"50\" css=\".vc_custom_1681376251730{background-color: #ffffff !important;}\"][vc_column][vc_row_inner row_type=\"row\" type=\"full_width\" text_align=\"left\" css_animation=\"\" background_color=\"#f9f9f9\" css=\".vc_custom_1698240129279{padding-top: 32px !important;padding-right: 64px !important;padding-bottom: 32px !important;padding-left: 32px !important;}\"][vc_column_inner width=\"1\/5\"][vc_empty_space][vc_single_image image=\"456498\" img_size=\"medium\" alignment=\"right\" qode_css_animation=\"\"][vc_empty_space][\/vc_column_inner][vc_column_inner width=\"4\/5\"][vc_column_text]<\/p>\n<blockquote>\n<p style=\"text-align: left;\"><a href=\"https:\/\/www.stormshield.com\/fr\/actus\/certification-qualification-cyberscore-comment-y-voir-plus-clair-dans-les-reglementations-cyber\/\" target=\"_blank\" rel=\"noopener\"><em><span style=\"color: #000000; font-size: 1.6em;\">La multiplication des certifications et qualifications est un indicateur de la prise de conscience du besoin de cybers\u00e9curit\u00e9 des entreprises. <strong>Et pas de n\u2019importe laquelle mais bien d\u2019une cybers\u00e9curit\u00e9 de confiance, garantie par un tiers.<\/strong><\/span><\/em><\/a><\/p>\n<pre><span style=\"color: #333333;\"><strong>Julien Paffumi,<\/strong> Product Portfolio Manager Stormshield<\/span><\/pre>\n<\/blockquote>\n<p>[\/vc_column_text][\/vc_column_inner][\/vc_row_inner][\/vc_column][\/vc_row][vc_row css_animation=\"\" row_type=\"row\" use_row_as_full_screen_section=\"no\" type=\"grid\" angled_section=\"no\" text_align=\"left\" background_image_as_pattern=\"without_pattern\" z_index=\"\" padding_top=\"50\" padding_bottom=\"50\" background_color=\"#060051\"][vc_column][vc_row_inner row_type=\"row\" type=\"full_width\" text_align=\"left\" css_animation=\"\"][vc_column_inner][vc_empty_space][vc_column_text]<\/p>\n<h2 style=\"text-align: left;\"><span style=\"color: #ffffff; font-weight: 900; font-size: 1.2em;\">Les produits Stormshield certifi\u00e9s et qualifi\u00e9s<\/span><\/h2>\n<p style=\"text-align: left;\"><span style=\"color: #ffffff; font-size: 1.1em;\">En tant qu\u2019acteur de confiance, nos technologies Stormshield certifi\u00e9es et qualifi\u00e9es au plus haut niveau europ\u00e9en vous garantissent donc une protection adapt\u00e9e pour les informations strat\u00e9giques ou les plus sensibles de votre organisation. <strong>En tant qu'acteur souverain, toutes nos \u00e9quipes de R&amp;D et tous nos d\u00e9veloppements sont ainsi r\u00e9alis\u00e9s en France, o\u00f9 nous travaillons en \u00e9troite collaboration avec l\u2019ANSSI.<\/strong><\/span><\/p>\n<p style=\"text-align: left;\"><span style=\"color: #ffffff; font-size: 1.1em;\">Produits certifi\u00e9s ANSSI, produits qualifi\u00e9s ANSSI\u00a0: envie d'en savoir davantage sur les qualifications et certifications de nos produits\u00a0? Sur notre d\u00e9marche continue de qualification et certification de s\u00e9curit\u00e9\u00a0? Ou encore sur les autorit\u00e9s europ\u00e9ennes comp\u00e9tentes\u00a0? Nos \u00e9quipes commerciales sauront r\u00e9pondre \u00e0 toutes vos questions sur nos produits labelis\u00e9s et recommand\u00e9s.<\/span><\/p>\n<p>[\/vc_column_text][vc_empty_space]<a  itemprop=\"url\" href=\"https:\/\/www.stormshield.com\/fr\/produits-certifies-et-qualifies\/\" target=\"_blank\" data-hover-background-color=\"#d23467\" data-hover-border-color=\"#d23467\" class=\"qbutton  white enlarge\" style=\"border-color: #ffffff; \">D\u00e9couvrez les solutions Stormshield<i class=\"qode_icon_font_awesome fa fa-angle-right qode_button_icon_element\"><\/i><\/a>[vc_empty_space height=\"12px\"]<a  itemprop=\"url\" href=\"https:\/\/www.stormshield.com\/fr\/contact\/service-commercial\/\" target=\"_blank\" data-hover-background-color=\"#d23467\" data-hover-border-color=\"#d23467\" class=\"qbutton  white enlarge\" style=\"border-color: #ffffff; \">Contactez nos \u00e9quipes<i class=\"qode_icon_font_awesome fa fa-angle-right qode_button_icon_element\"><\/i><\/a>[vc_empty_space][\/vc_column_inner][\/vc_row_inner][\/vc_column][\/vc_row][vc_row row_type=\"parallax\" parallax_content_width=\"in_grid\" text_align=\"left\" full_screen_section_height=\"yes\" vertically_align_content_in_middle=\"yes\" background_image=\"109400\"][vc_column][vc_row_inner row_type=\"row\" type=\"full_width\" text_align=\"left\" css_animation=\"\"][vc_column_inner width=\"1\/2\"][vc_single_image image=\"109492\" img_size=\"full\" alignment=\"center\" qode_css_animation=\"\"][vc_column_text css=\"\"]<\/p>\n<p style=\"text-align: left;\"><span style=\"color: #000; font-size: 0.9em;\">Stormshield, filiale \u00e0 100% d\u2019Airbus Defence and Space Cyber Programmes, propose des solutions de s\u00e9curit\u00e9 de bout-en-bout innovantes pour prot\u00e9ger les r\u00e9seaux (Stormshield Network Security), les postes de travail (Stormshield Endpoint Security) et les donn\u00e9es (Stormshield Data Security).<\/span><\/p>\n<p style=\"text-align: left;\"><a href=\"https:\/\/www.stormshield.com\/fr\/\" target=\"_blank\" rel=\"noopener noreferrer\"><span style=\"color: #00aeef; font-size: 1.4em;\">www.stormshield.com<\/span><\/a><\/p>\n<p>[\/vc_column_text][\/vc_column_inner][vc_column_inner width=\"1\/2\"][vc_single_image image=\"109687\" img_size=\"full\" alignment=\"center\" qode_css_animation=\"\"][vc_empty_space height=\"64px\"][\/vc_column_inner][\/vc_row_inner][\/vc_column][\/vc_row]<\/p>\n<\/div>","protected":false},"excerpt":{"rendered":"<p>[vc_row css_animation=\u00a0\u00bb\u00a0\u00bb row_type=\u00a0\u00bbrow\u00a0\u00bb use_row_as_full_screen_section=\u00a0\u00bbno\u00a0\u00bb type=\u00a0\u00bbgrid\u00a0\u00bb angled_section=\u00a0\u00bbno\u00a0\u00bb text_align=\u00a0\u00bbleft\u00a0\u00bb background_image_as_pattern=\u00a0\u00bbwithout_pattern\u00a0\u00bb z_index=\u00a0\u00bb\u00a0\u00bb padding_bottom=\u00a0\u00bb50&Prime; css=\u00a0\u00bb.vc_custom_1691152413621{background-color: #ffffff !important;}\u00a0\u00bb padding_top=\u00a0\u00bb50&Prime;][vc_column][vc_row_inner row_type=\u00a0\u00bbrow\u00a0\u00bb type=\u00a0\u00bbgrid\u00a0\u00bb text_align=\u00a0\u00bbleft\u00a0\u00bb css_animation=\u00a0\u00bb\u00a0\u00bb][vc_column_inner][vc_empty_space][vc_column_text] Certification et qualification des produits de cybers\u00e9curit\u00e9\u00a0: une question de souverainet\u00e9 et de confiance [\/vc_column_text][vc_empty_space][\/vc_column_inner][\/vc_row_inner][\/vc_column][\/vc_row][vc_row css_animation=\u00a0\u00bb\u00a0\u00bb row_type=\u00a0\u00bbrow\u00a0\u00bb use_row_as_full_screen_section=\u00a0\u00bbno\u00a0\u00bb type=\u00a0\u00bbgrid\u00a0\u00bb angled_section=\u00a0\u00bbno\u00a0\u00bb text_align=\u00a0\u00bbleft\u00a0\u00bb background_image_as_pattern=\u00a0\u00bbwithout_pattern\u00a0\u00bb z_index=\u00a0\u00bb\u00a0\u00bb padding_bottom=\u00a0\u00bb50&Prime; css=\u00a0\u00bb.vc_custom_1691155244672{background-color: #ffffff !important;}\u00a0\u00bb][vc_column][vc_row_inner&#8230;<\/p>\n","protected":false},"author":31,"featured_media":0,"parent":451930,"menu_order":3,"comment_status":"closed","ping_status":"closed","template":"full_width.php","meta":{"_acf_changed":false,"footnotes":""},"class_list":["post-451940","page","type-page","status-publish","hentry"],"acf":[],"yoast_head":"<!-- This site is optimized with the Yoast SEO plugin v27.3 - https:\/\/yoast.com\/product\/yoast-seo-wordpress\/ -->\n<title>Des produits qualifi\u00e9s pour une souverainet\u00e9 num\u00e9rique<\/title>\n<meta name=\"robots\" content=\"index, follow, max-snippet:-1, max-image-preview:large, max-video-preview:-1\" \/>\n<link rel=\"canonical\" href=\"https:\/\/www.stormshield.com\/fr\/produits-certifies-et-qualifies\/souverainete-et-confiance-en-cybersecurite\/\" \/>\n<meta property=\"og:locale\" content=\"fr_FR\" \/>\n<meta property=\"og:type\" content=\"article\" \/>\n<meta property=\"og:title\" content=\"Des produits qualifi\u00e9s pour une souverainet\u00e9 num\u00e9rique\" \/>\n<meta property=\"og:description\" content=\"[vc_row css_animation=&quot;&quot; row_type=&quot;row&quot; use_row_as_full_screen_section=&quot;no&quot; type=&quot;grid&quot; angled_section=&quot;no&quot; text_align=&quot;left&quot; background_image_as_pattern=&quot;without_pattern&quot; z_index=&quot;&quot; padding_bottom=&quot;50&quot; css=&quot;.vc_custom_1691152413621{background-color: #ffffff !important;}&quot; padding_top=&quot;50&quot;][vc_column][vc_row_inner row_type=&quot;row&quot; type=&quot;grid&quot; text_align=&quot;left&quot; css_animation=&quot;&quot;][vc_column_inner][vc_empty_space][vc_column_text] Certification et qualification des produits de cybers\u00e9curit\u00e9\u00a0: une question de souverainet\u00e9 et de confiance [\/vc_column_text][vc_empty_space][\/vc_column_inner][\/vc_row_inner][\/vc_column][\/vc_row][vc_row css_animation=&quot;&quot; row_type=&quot;row&quot; use_row_as_full_screen_section=&quot;no&quot; type=&quot;grid&quot; angled_section=&quot;no&quot; text_align=&quot;left&quot; background_image_as_pattern=&quot;without_pattern&quot; z_index=&quot;&quot; padding_bottom=&quot;50&quot; css=&quot;.vc_custom_1691155244672{background-color: #ffffff !important;}&quot;][vc_column][vc_row_inner...\" \/>\n<meta property=\"og:url\" content=\"https:\/\/www.stormshield.com\/fr\/produits-certifies-et-qualifies\/souverainete-et-confiance-en-cybersecurite\/\" \/>\n<meta property=\"og:site_name\" content=\"Stormshield\" \/>\n<meta property=\"article:modified_time\" content=\"2025-08-22T08:06:57+00:00\" \/>\n<meta property=\"og:image\" content=\"https:\/\/www.stormshield.com\/wp-content\/uploads\/stormshield_logo.png\" \/>\n\t<meta property=\"og:image:width\" content=\"204\" \/>\n\t<meta property=\"og:image:height\" content=\"94\" \/>\n\t<meta property=\"og:image:type\" content=\"image\/png\" \/>\n<meta name=\"twitter:card\" content=\"summary_large_image\" \/>\n<meta name=\"twitter:site\" content=\"@Stormshield\" \/>\n<meta name=\"twitter:label1\" content=\"Dur\u00e9e de lecture estim\u00e9e\" \/>\n\t<meta name=\"twitter:data1\" content=\"5 minutes\" \/>\n<script type=\"application\/ld+json\" class=\"yoast-schema-graph\">{\"@context\":\"https:\\\/\\\/schema.org\",\"@graph\":[{\"@type\":\"WebPage\",\"@id\":\"https:\\\/\\\/www.stormshield.com\\\/fr\\\/produits-certifies-et-qualifies\\\/souverainete-et-confiance-en-cybersecurite\\\/\",\"url\":\"https:\\\/\\\/www.stormshield.com\\\/fr\\\/produits-certifies-et-qualifies\\\/souverainete-et-confiance-en-cybersecurite\\\/\",\"name\":\"Des produits qualifi\u00e9s pour une souverainet\u00e9 num\u00e9rique\",\"isPartOf\":{\"@id\":\"https:\\\/\\\/www.stormshield.com\\\/fr\\\/#website\"},\"datePublished\":\"2024-03-25T04:00:38+00:00\",\"dateModified\":\"2025-08-22T08:06:57+00:00\",\"breadcrumb\":{\"@id\":\"https:\\\/\\\/www.stormshield.com\\\/fr\\\/produits-certifies-et-qualifies\\\/souverainete-et-confiance-en-cybersecurite\\\/#breadcrumb\"},\"inLanguage\":\"fr-FR\",\"potentialAction\":[{\"@type\":\"ReadAction\",\"target\":[\"https:\\\/\\\/www.stormshield.com\\\/fr\\\/produits-certifies-et-qualifies\\\/souverainete-et-confiance-en-cybersecurite\\\/\"]}]},{\"@type\":\"BreadcrumbList\",\"@id\":\"https:\\\/\\\/www.stormshield.com\\\/fr\\\/produits-certifies-et-qualifies\\\/souverainete-et-confiance-en-cybersecurite\\\/#breadcrumb\",\"itemListElement\":[{\"@type\":\"ListItem\",\"position\":1,\"name\":\"Home\",\"item\":\"https:\\\/\\\/www.stormshield.com\\\/fr\\\/\"},{\"@type\":\"ListItem\",\"position\":2,\"name\":\"Les produits Stormshield certifi\u00e9s et qualifi\u00e9s\",\"item\":\"https:\\\/\\\/www.stormshield.com\\\/fr\\\/produits-certifies-et-qualifies\\\/\"},{\"@type\":\"ListItem\",\"position\":3,\"name\":\"Une question de souverainet\u00e9 et de confiance\"}]},{\"@type\":\"WebSite\",\"@id\":\"https:\\\/\\\/www.stormshield.com\\\/fr\\\/#website\",\"url\":\"https:\\\/\\\/www.stormshield.com\\\/fr\\\/\",\"name\":\"Stormshield\",\"description\":\"Stormshield\",\"potentialAction\":[{\"@type\":\"SearchAction\",\"target\":{\"@type\":\"EntryPoint\",\"urlTemplate\":\"https:\\\/\\\/www.stormshield.com\\\/fr\\\/?s={search_term_string}\"},\"query-input\":{\"@type\":\"PropertyValueSpecification\",\"valueRequired\":true,\"valueName\":\"search_term_string\"}}],\"inLanguage\":\"fr-FR\"}]}<\/script>\n<!-- \/ Yoast SEO plugin. -->","yoast_head_json":{"title":"Des produits qualifi\u00e9s pour une souverainet\u00e9 num\u00e9rique","robots":{"index":"index","follow":"follow","max-snippet":"max-snippet:-1","max-image-preview":"max-image-preview:large","max-video-preview":"max-video-preview:-1"},"canonical":"https:\/\/www.stormshield.com\/fr\/produits-certifies-et-qualifies\/souverainete-et-confiance-en-cybersecurite\/","og_locale":"fr_FR","og_type":"article","og_title":"Des produits qualifi\u00e9s pour une souverainet\u00e9 num\u00e9rique","og_description":"[vc_row css_animation=\"\" row_type=\"row\" use_row_as_full_screen_section=\"no\" type=\"grid\" angled_section=\"no\" text_align=\"left\" background_image_as_pattern=\"without_pattern\" z_index=\"\" padding_bottom=\"50\" css=\".vc_custom_1691152413621{background-color: #ffffff !important;}\" padding_top=\"50\"][vc_column][vc_row_inner row_type=\"row\" type=\"grid\" text_align=\"left\" css_animation=\"\"][vc_column_inner][vc_empty_space][vc_column_text] Certification et qualification des produits de cybers\u00e9curit\u00e9\u00a0: une question de souverainet\u00e9 et de confiance [\/vc_column_text][vc_empty_space][\/vc_column_inner][\/vc_row_inner][\/vc_column][\/vc_row][vc_row css_animation=\"\" row_type=\"row\" use_row_as_full_screen_section=\"no\" type=\"grid\" angled_section=\"no\" text_align=\"left\" background_image_as_pattern=\"without_pattern\" z_index=\"\" padding_bottom=\"50\" css=\".vc_custom_1691155244672{background-color: #ffffff !important;}\"][vc_column][vc_row_inner...","og_url":"https:\/\/www.stormshield.com\/fr\/produits-certifies-et-qualifies\/souverainete-et-confiance-en-cybersecurite\/","og_site_name":"Stormshield","article_modified_time":"2025-08-22T08:06:57+00:00","og_image":[{"width":204,"height":94,"url":"https:\/\/www.stormshield.com\/wp-content\/uploads\/stormshield_logo.png","type":"image\/png"}],"twitter_card":"summary_large_image","twitter_site":"@Stormshield","twitter_misc":{"Dur\u00e9e de lecture estim\u00e9e":"5 minutes"},"schema":{"@context":"https:\/\/schema.org","@graph":[{"@type":"WebPage","@id":"https:\/\/www.stormshield.com\/fr\/produits-certifies-et-qualifies\/souverainete-et-confiance-en-cybersecurite\/","url":"https:\/\/www.stormshield.com\/fr\/produits-certifies-et-qualifies\/souverainete-et-confiance-en-cybersecurite\/","name":"Des produits qualifi\u00e9s pour une souverainet\u00e9 num\u00e9rique","isPartOf":{"@id":"https:\/\/www.stormshield.com\/fr\/#website"},"datePublished":"2024-03-25T04:00:38+00:00","dateModified":"2025-08-22T08:06:57+00:00","breadcrumb":{"@id":"https:\/\/www.stormshield.com\/fr\/produits-certifies-et-qualifies\/souverainete-et-confiance-en-cybersecurite\/#breadcrumb"},"inLanguage":"fr-FR","potentialAction":[{"@type":"ReadAction","target":["https:\/\/www.stormshield.com\/fr\/produits-certifies-et-qualifies\/souverainete-et-confiance-en-cybersecurite\/"]}]},{"@type":"BreadcrumbList","@id":"https:\/\/www.stormshield.com\/fr\/produits-certifies-et-qualifies\/souverainete-et-confiance-en-cybersecurite\/#breadcrumb","itemListElement":[{"@type":"ListItem","position":1,"name":"Home","item":"https:\/\/www.stormshield.com\/fr\/"},{"@type":"ListItem","position":2,"name":"Les produits Stormshield certifi\u00e9s et qualifi\u00e9s","item":"https:\/\/www.stormshield.com\/fr\/produits-certifies-et-qualifies\/"},{"@type":"ListItem","position":3,"name":"Une question de souverainet\u00e9 et de confiance"}]},{"@type":"WebSite","@id":"https:\/\/www.stormshield.com\/fr\/#website","url":"https:\/\/www.stormshield.com\/fr\/","name":"Stormshield","description":"Stormshield","potentialAction":[{"@type":"SearchAction","target":{"@type":"EntryPoint","urlTemplate":"https:\/\/www.stormshield.com\/fr\/?s={search_term_string}"},"query-input":{"@type":"PropertyValueSpecification","valueRequired":true,"valueName":"search_term_string"}}],"inLanguage":"fr-FR"}]}},"_links":{"self":[{"href":"https:\/\/www.stormshield.com\/fr\/wp-json\/wp\/v2\/pages\/451940","targetHints":{"allow":["GET"]}}],"collection":[{"href":"https:\/\/www.stormshield.com\/fr\/wp-json\/wp\/v2\/pages"}],"about":[{"href":"https:\/\/www.stormshield.com\/fr\/wp-json\/wp\/v2\/types\/page"}],"author":[{"embeddable":true,"href":"https:\/\/www.stormshield.com\/fr\/wp-json\/wp\/v2\/users\/31"}],"replies":[{"embeddable":true,"href":"https:\/\/www.stormshield.com\/fr\/wp-json\/wp\/v2\/comments?post=451940"}],"version-history":[{"count":53,"href":"https:\/\/www.stormshield.com\/fr\/wp-json\/wp\/v2\/pages\/451940\/revisions"}],"predecessor-version":[{"id":664206,"href":"https:\/\/www.stormshield.com\/fr\/wp-json\/wp\/v2\/pages\/451940\/revisions\/664206"}],"up":[{"embeddable":true,"href":"https:\/\/www.stormshield.com\/fr\/wp-json\/wp\/v2\/pages\/451930"}],"wp:attachment":[{"href":"https:\/\/www.stormshield.com\/fr\/wp-json\/wp\/v2\/media?parent=451940"}],"curies":[{"name":"wp","href":"https:\/\/api.w.org\/{rel}","templated":true}]}}