{"id":451930,"date":"2024-03-25T05:00:10","date_gmt":"2024-03-25T04:00:10","guid":{"rendered":"https:\/\/www.stormshield.com\/?page_id=451930"},"modified":"2025-12-15T08:44:58","modified_gmt":"2025-12-15T07:44:58","slug":"produits-certifies-et-qualifies","status":"publish","type":"page","link":"https:\/\/www.stormshield.com\/fr\/produits-certifies-et-qualifies\/","title":{"rendered":"Les produits Stormshield certifi\u00e9s et qualifi\u00e9s"},"content":{"rendered":"<div class=\"wpb-content-wrapper\"><p>[vc_row css_animation=\"\" row_type=\"row\" use_row_as_full_screen_section=\"no\" type=\"grid\" angled_section=\"no\" text_align=\"left\" background_image_as_pattern=\"without_pattern\" z_index=\"\" padding_bottom=\"50\" css=\".vc_custom_1691152413621{background-color: #ffffff !important;}\" padding_top=\"50\"][vc_column][vc_row_inner row_type=\"row\" type=\"grid\" text_align=\"left\" css_animation=\"\"][vc_column_inner width=\"1\/6\"][\/vc_column_inner][vc_column_inner width=\"4\/6\"][vc_empty_space][vc_column_text]<\/p>\n<h1 style=\"text-align: center;\"><span style=\"color: #060051;\"><span style=\"font-weight: 900; font-size: 1.6em;\">Les produits Stormshield certifi\u00e9s et qualifi\u00e9s<\/span><\/span><\/h1>\n<p>[\/vc_column_text][vc_empty_space][\/vc_column_inner][vc_column_inner width=\"1\/6\"][\/vc_column_inner][\/vc_row_inner][\/vc_column][\/vc_row][vc_row css_animation=\"\" row_type=\"row\" use_row_as_full_screen_section=\"no\" type=\"grid\" angled_section=\"no\" text_align=\"left\" background_image_as_pattern=\"without_pattern\" z_index=\"\" padding_bottom=\"50\" css=\".vc_custom_1691155244672{background-color: #ffffff !important;}\"][vc_column][vc_row_inner row_type=\"row\" type=\"grid\" text_align=\"left\" css_animation=\"\" background_color=\"#f9f9f9\" css=\".vc_custom_1708093687482{padding-top: 32px !important;padding-right: 32px !important;padding-bottom: 32px !important;padding-left: 32px !important;}\"][vc_column_inner width=\"2\/3\"][vc_column_text]<\/p>\n<h2 style=\"text-align: left;\"><span style=\"color: #000; font-weight: 900; font-size: 1.2em;\">Certification, qualification des produits de cyber : ils nous font confiance<\/span><\/h2>\n<p>[\/vc_column_text][vc_column_text]<\/p>\n<p style=\"text-align: left;\"><span style=\"color: #000000; font-size: 1.1em;\">La confiance est une question centrale autour des solutions de cybers\u00e9curit\u00e9. Car l\u2019efficacit\u00e9 de ces solutions en d\u00e9pend. C'est pourquoi la technologie des diff\u00e9rentes solutions Stormshield est d\u00e9velopp\u00e9e en visant les plus hauts niveaux de certification du march\u00e9. <strong>Une d\u00e9marche continue, reconnue par les autorit\u00e9s europ\u00e9ennes et internationales comp\u00e9tentes comme l'ANSSI en France et le CCN en Espagne.<\/strong><\/span><\/p>\n<p style=\"text-align: left;\"><span style=\"color: #000000; font-size: 1.1em;\">Des labels qui viennent ainsi appuyer la d\u00e9marche de Stormshield pour une cybers\u00e9curit\u00e9 de confiance et garantissent un niveau de protection adapt\u00e9 pour les informations strat\u00e9giques des soci\u00e9t\u00e9s et organisations les plus sensibles.<\/span><\/p>\n<p>[\/vc_column_text][vc_empty_space][\/vc_column_inner][vc_column_inner width=\"1\/3\" css=\".vc_custom_1691155193842{padding-top: 32px !important;padding-right: 32px !important;padding-bottom: 32px !important;padding-left: 32px !important;}\"][vc_single_image image=\"248436\" img_size=\"medium\" alignment=\"center\" qode_css_animation=\"\"][vc_empty_space][\/vc_column_inner][\/vc_row_inner][\/vc_column][\/vc_row][vc_row css_animation=\"\" row_type=\"row\" use_row_as_full_screen_section=\"no\" type=\"grid\" angled_section=\"no\" text_align=\"left\" background_image_as_pattern=\"without_pattern\" z_index=\"\" padding_top=\"50\" padding_bottom=\"50\" css=\".vc_custom_1708594841165{background-color: #ffffff !important;}\"][vc_column][vc_row_inner row_type=\"row\" type=\"full_width\" text_align=\"left\" css_animation=\"\"][vc_column_inner width=\"1\/2\"][vc_column_text css=\"\"]<\/p>\n<h3 style=\"text-align: right;\"><span style=\"color: #000; font-weight: 900; font-size: 1.2em;\">Certifications et qualifications Stormshield\u00a0Network\u00a0Security<\/span><\/h3>\n<p style=\"text-align: right;\"><span style=\"color: #000000; font-size: 1.1em;\">Notre solution logicielle Stormshield Network Security (SNS) est \u00e0 ce jour certifi\u00e9e et qualifi\u00e9e par plusieurs entit\u00e9s internationales : l'ANSSI avec sa <a href=\"https:\/\/cyber.gouv.fr\/decouvrir-les-solutions-qualifiees\" target=\"_blank\" rel=\"noopener\">Qualification Standard<\/a>, le CCN-LINCE avec son double label <a href=\"https:\/\/cpstic.ccn.cni.es\/es\/catalogo-productos-servicios-stic\/495-stormshield-network-security-utm-ng-firewall-appliances-desde-sn210-a-sn6100-en-4-compilaciones-distintas-s-m-l-y-xl-4-3?ic=1\" target=\"_blank\" rel=\"noopener\">Producto Aprobado et Producto Cualificado<\/a>. Li\u00e9 \u00e0 la qualification fran\u00e7aise, le firmware SNS dispose d'une certification <a href=\"https:\/\/cyber.gouv.fr\/produits-certifies\/utm-ng-firewall-software-suite-version-43122-s-m-xl\" target=\"_blank\" rel=\"noopener\">Crit\u00e8res Communs EAL4+<\/a>.<\/span><\/p>\n<p>[\/vc_column_text][vc_empty_space][\/vc_column_inner][vc_column_inner width=\"1\/2\"][vc_empty_space][vc_single_image image=\"224714\" img_size=\"medium\" qode_css_animation=\"\"][vc_empty_space][\/vc_column_inner][\/vc_row_inner][vc_row_inner row_type=\"row\" type=\"full_width\" text_align=\"left\" css_animation=\"\"][vc_column_inner width=\"1\/2\"][vc_empty_space][vc_single_image image=\"224729\" img_size=\"medium\" alignment=\"right\" qode_css_animation=\"\"][vc_empty_space][\/vc_column_inner][vc_column_inner width=\"1\/2\"][vc_column_text css=\"\"]<\/p>\n<h3 style=\"text-align: left;\"><span style=\"color: #000; font-weight: 900; font-size: 1.2em;\">Certifications et qualifications Stormshield\u00a0Endpoint\u00a0Security<\/span><\/h3>\n<p style=\"text-align: left;\"><span style=\"color: #000000; font-size: 1.1em;\">Notre solution logicielle Stormshield Endpoint Security Evolution est \u00e0 ce jour certifi\u00e9e et qualifi\u00e9e par plusieurs entit\u00e9s internationales : l'ANSSI avec sa <a href=\"https:\/\/cyber.gouv.fr\/produits-certifies\/stormshield-endpoint-security-evolution-version-243\" target=\"_blank\" rel=\"noopener\">certification CSPN<\/a>, le CCN-LINCE avec son <a href=\"https:\/\/cpstic.ccn.cni.es\/en\/catalogue\/27-stormshield-endpoint-security-evolution2-5-3?ic=1\" target=\"_blank\" rel=\"noopener\">double label Producto Aprobado et Producto Cualificado<\/a>, et OPSWAT avec sa <a href=\"https:\/\/www.opswat.com\/partners\/stormshield\" target=\"_blank\" rel=\"noopener\">certification Gold<\/a>. <\/span><\/p>\n<p>[\/vc_column_text][vc_empty_space][\/vc_column_inner][\/vc_row_inner][vc_row_inner row_type=\"row\" type=\"full_width\" text_align=\"left\" css_animation=\"\"][vc_column_inner width=\"1\/2\"][vc_column_text css=\"\"]<\/p>\n<h3 style=\"text-align: right;\"><span style=\"color: #000; font-weight: 900; font-size: 1.2em;\">Certifications et qualifications Stormshield\u00a0Data\u00a0Security<\/span><\/h3>\n<p style=\"text-align: right;\"><span style=\"color: #000000; font-size: 1.1em;\">Notre solution logicielle Stormshield Data Security est \u00e0 ce jour certifi\u00e9e par l'ANSSI avec sa <a href=\"https:\/\/cyber.gouv.fr\/produits-certifies\/stormshield-data-security-google-workspace-version-412\" target=\"_blank\" rel=\"noopener\">certification CSPN<\/a>.<\/span><\/p>\n<p>[\/vc_column_text][vc_empty_space][\/vc_column_inner][vc_column_inner width=\"1\/2\"][vc_empty_space][vc_single_image image=\"224728\" img_size=\"medium\" qode_css_animation=\"\"][vc_empty_space][\/vc_column_inner][\/vc_row_inner][\/vc_column][\/vc_row][vc_row css_animation=\"\" row_type=\"row\" use_row_as_full_screen_section=\"no\" type=\"grid\" angled_section=\"no\" text_align=\"left\" background_image_as_pattern=\"without_pattern\" z_index=\"\" padding_top=\"50\" padding_bottom=\"50\" background_color=\"#060051\"][vc_column][vc_row_inner row_type=\"row\" type=\"full_width\" text_align=\"left\" css_animation=\"\"][vc_column_inner][vc_column_text]<\/p>\n<h2 style=\"text-align: left;\"><span style=\"color: #ffffff; font-weight: 900; font-size: 1.2em;\">Contactez l'\u00e9quipe commerciale Stormshield<\/span><\/h2>\n<p style=\"text-align: left;\"><span style=\"color: #000000; font-size: 1.1em;\"><span style=\"color: #ffffff;\">En tant qu\u2019acteur de confiance, nos technologies Stormshield certifi\u00e9es et qualifi\u00e9es au plus haut niveau europ\u00e9en vous garantissent donc une protection adapt\u00e9e pour les informations strat\u00e9giques ou les plus sensibles de votre organisation. Toutes nos \u00e9quipes de R&amp;D et tous nos d\u00e9veloppements sont ainsi r\u00e9alis\u00e9s en France, o\u00f9 nous travaillons en \u00e9troite collaboration avec l\u2019ANSSI.<\/span><\/span><\/p>\n<p style=\"text-align: left;\"><span style=\"color: #000000; font-size: 1.1em;\"><span style=\"color: #ffffff;\">Produits certifi\u00e9s ANSSI, produits qualifi\u00e9s ANSSI : <strong>envie d'en savoir davantage sur les qualifications et certifications de nos produits\u00a0? Sur notre d\u00e9marche continue de qualification et certification de s\u00e9curit\u00e9\u00a0?<\/strong> Ou encore sur les autorit\u00e9s europ\u00e9ennes comp\u00e9tentes\u00a0? Nos \u00e9quipes commerciales sauront r\u00e9pondre \u00e0 toutes vos questions sur nos produits approuv\u00e9s et recommand\u00e9s.<\/span><\/span><\/p>\n<p>[\/vc_column_text][vc_empty_space]<a  itemprop=\"url\" href=\"https:\/\/www.stormshield.com\/fr\/contact\/service-commercial\/\" target=\"_blank\" data-hover-background-color=\"#d23467\" data-hover-border-color=\"#d23467\" class=\"qbutton  white enlarge\" style=\"border-color: #ffffff; \">Contactez nos \u00e9quipes<i class=\"qode_icon_font_awesome fa fa-angle-right qode_button_icon_element\"><\/i><\/a>[vc_empty_space][\/vc_column_inner][\/vc_row_inner][\/vc_column][\/vc_row][vc_row css_animation=\"\" row_type=\"row\" use_row_as_full_screen_section=\"no\" type=\"grid\" angled_section=\"no\" text_align=\"left\" background_image_as_pattern=\"without_pattern\" z_index=\"\" css=\".vc_custom_1691154904271{background-color: #ffffff !important;}\" padding_top=\"50\"][vc_column][vc_row_inner row_type=\"row\" type=\"grid\" text_align=\"left\" css_animation=\"\" background_color=\"#f9f9f9\" css=\".vc_custom_1708093966519{padding-top: 32px !important;padding-right: 32px !important;padding-bottom: 32px !important;padding-left: 32px !important;}\"][vc_column_inner width=\"2\/3\"][vc_column_text]<\/p>\n<h2><span style=\"color: #000; font-size: 1.2em; font-weight: 900;\">Certifications et qualifications : suis-je concern\u00e9 ?<\/span><\/h2>\n<p style=\"text-align: left;\"><span style=\"color: #000000; font-size: 1.1em;\">Avec la multiplication des certifications et qualifications des produits de cybers\u00e9curit\u00e9, il est de plus en plus dur de savoir ce que recouvre exactement chacune d\u2019entre elles. Pour les responsables informatiques et cybers\u00e9curit\u00e9, il est alors difficile de savoir s'ils sont concern\u00e9s. Produit conforme, produit labelis\u00e9, produit habilit\u00e9 ; il est tout autant difficile de choisir la solution la plus adapt\u00e9e \u00e0 leur organisation.<\/span><\/p>\n<p style=\"text-align: left;\"><strong><span style=\"color: #000000; font-size: 1.1em;\">Quelles sont les principales r\u00e9glementations cyber\u00a0? Tous les labels se valent-ils\u00a0? Faut-il choisir entre s\u00e9curit\u00e9 et souverainet\u00e9\u00a0? Autant de questions qui interrogent.<\/span><\/strong><\/p>\n<p>[\/vc_column_text][vc_empty_space]<a  itemprop=\"url\" href=\"https:\/\/www.stormshield.com\/fr\/produits-certifies-et-qualifies\/reglementation-cybersecurite\/\" target=\"_blank\" data-hover-background-color=\"#d23467\" data-hover-border-color=\"#d23467\" class=\"qbutton  white enlarge\" style=\"border-color: #ffffff; background-color:#060051;\">Que dit la r\u00e8glementation ?<i class=\"qode_icon_font_awesome fa fa-angle-right qode_button_icon_element\"><\/i><\/a>[vc_empty_space height=\"12px\"]<a  itemprop=\"url\" href=\"https:\/\/www.stormshield.com\/fr\/produits-certifies-et-qualifies\/souverainete-et-confiance-en-cybersecurite\/\" target=\"_blank\" data-hover-background-color=\"#d23467\" data-hover-border-color=\"#d23467\" class=\"qbutton  white enlarge\" style=\"border-color: #ffffff; background-color:#060051;\">Une question de souverainet\u00e9 et de confiance<i class=\"qode_icon_font_awesome fa fa-angle-right qode_button_icon_element\"><\/i><\/a>[vc_empty_space][\/vc_column_inner][vc_column_inner width=\"1\/3\"][vc_empty_space][vc_single_image image=\"393178\" img_size=\"150x120\" alignment=\"center\" qode_css_animation=\"\"][\/vc_column_inner][\/vc_row_inner][\/vc_column][\/vc_row][vc_row css_animation=\"\" row_type=\"row\" use_row_as_full_screen_section=\"no\" type=\"grid\" angled_section=\"no\" text_align=\"left\" background_image_as_pattern=\"without_pattern\" z_index=\"\" css=\".vc_custom_1691154828944{background-color: #ffffff !important;}\"][vc_column][vc_row_inner row_type=\"row\" type=\"grid\" text_align=\"left\" css_animation=\"\" css=\".vc_custom_1691154381780{padding-top: 32px !important;padding-right: 32px !important;padding-bottom: 32px !important;padding-left: 32px !important;}\"][vc_column_inner width=\"2\/3\"][vc_column_text css=\"\"]<\/p>\n<h2><span style=\"color: #000; font-size: 1.2em; font-weight: 900;\">Les diff\u00e9rences entre certifications et qualifications<\/span><\/h2>\n<p style=\"text-align: left;\"><span style=\"color: #000000; font-size: 1.1em;\">Du c\u00f4t\u00e9 des entreprises, le panorama entre certification et qualification des produits de cybers\u00e9curit\u00e9 est large. Certification CSPN, qualification \u00e9l\u00e9mentaire, standard et renforc\u00e9e ou encore Visa de S\u00e9curit\u00e9 pour la seule \u00e9chelle fran\u00e7ais ; avec la multiplication des labels des produits de cybers\u00e9curit\u00e9, les responsables informatiques ont de plus en plus de mal \u00e0 savoir ce qui se cache derri\u00e8re chaque terme.<\/span><\/p>\n<p style=\"text-align: left;\"><strong><span style=\"color: #000000; font-size: 1.1em;\">Question r\u00e9currente ce sujet de la r\u00e8glementation cyber\u00a0: quelles sont les diff\u00e9rences entre certification et qualification\u00a0?<\/span><\/strong><\/p>\n<p>[\/vc_column_text][vc_empty_space]<a  itemprop=\"url\" href=\"https:\/\/www.stormshield.com\/fr\/produits-certifies-et-qualifies\/differences-certification-qualification\/\" target=\"_blank\" data-hover-background-color=\"#d23467\" data-hover-border-color=\"#d23467\" class=\"qbutton  white enlarge\" style=\"border-color: #ffffff; background-color:#060051;\">Quelles diff\u00e9rences ?<i class=\"qode_icon_font_awesome fa fa-angle-right qode_button_icon_element\"><\/i><\/a>[vc_empty_space][\/vc_column_inner][vc_column_inner width=\"1\/3\"][vc_empty_space][vc_single_image image=\"393163\" img_size=\"150x120\" alignment=\"center\" qode_css_animation=\"\"][\/vc_column_inner][\/vc_row_inner][\/vc_column][\/vc_row][vc_row row_type=\"parallax\" parallax_content_width=\"in_grid\" text_align=\"left\" full_screen_section_height=\"yes\" vertically_align_content_in_middle=\"yes\" background_image=\"109400\"][vc_column][vc_row_inner row_type=\"row\" type=\"full_width\" text_align=\"left\" css_animation=\"\"][vc_column_inner width=\"1\/2\"][vc_single_image image=\"109492\" img_size=\"full\" alignment=\"center\" qode_css_animation=\"\"][vc_column_text css=\"\"]<\/p>\n<p style=\"text-align: left;\"><span style=\"color: #000; font-size: 0.9em;\">Stormshield, filiale \u00e0 100% d\u2019Airbus Defence and Space Cyber Programmes, propose des solutions de s\u00e9curit\u00e9 de bout-en-bout innovantes pour prot\u00e9ger les r\u00e9seaux (Stormshield Network Security), les postes de travail (Stormshield Endpoint Security) et les donn\u00e9es (Stormshield Data Security).<\/span><\/p>\n<p style=\"text-align: left;\"><a href=\"https:\/\/www.stormshield.com\/fr\/\" target=\"_blank\" rel=\"noopener noreferrer\"><span style=\"color: #00aeef; font-size: 1.4em;\">www.stormshield.com<\/span><\/a><\/p>\n<p>[\/vc_column_text][\/vc_column_inner][vc_column_inner width=\"1\/2\"][vc_single_image image=\"109687\" img_size=\"full\" alignment=\"center\" qode_css_animation=\"\"][vc_empty_space height=\"64px\"][\/vc_column_inner][\/vc_row_inner][\/vc_column][\/vc_row]<\/p>\n<\/div>","protected":false},"excerpt":{"rendered":"<p>[vc_row css_animation=\u00a0\u00bb\u00a0\u00bb row_type=\u00a0\u00bbrow\u00a0\u00bb use_row_as_full_screen_section=\u00a0\u00bbno\u00a0\u00bb type=\u00a0\u00bbgrid\u00a0\u00bb angled_section=\u00a0\u00bbno\u00a0\u00bb text_align=\u00a0\u00bbleft\u00a0\u00bb background_image_as_pattern=\u00a0\u00bbwithout_pattern\u00a0\u00bb z_index=\u00a0\u00bb\u00a0\u00bb padding_bottom=\u00a0\u00bb50&Prime; css=\u00a0\u00bb.vc_custom_1691152413621{background-color: #ffffff !important;}\u00a0\u00bb padding_top=\u00a0\u00bb50&Prime;][vc_column][vc_row_inner row_type=\u00a0\u00bbrow\u00a0\u00bb type=\u00a0\u00bbgrid\u00a0\u00bb text_align=\u00a0\u00bbleft\u00a0\u00bb css_animation=\u00a0\u00bb\u00a0\u00bb][vc_column_inner width=\u00a0\u00bb1\/6&Prime;][\/vc_column_inner][vc_column_inner width=\u00a0\u00bb4\/6&Prime;][vc_empty_space][vc_column_text] Les produits Stormshield certifi\u00e9s et qualifi\u00e9s [\/vc_column_text][vc_empty_space][\/vc_column_inner][vc_column_inner width=\u00a0\u00bb1\/6&Prime;][\/vc_column_inner][\/vc_row_inner][\/vc_column][\/vc_row][vc_row css_animation=\u00a0\u00bb\u00a0\u00bb row_type=\u00a0\u00bbrow\u00a0\u00bb use_row_as_full_screen_section=\u00a0\u00bbno\u00a0\u00bb type=\u00a0\u00bbgrid\u00a0\u00bb angled_section=\u00a0\u00bbno\u00a0\u00bb text_align=\u00a0\u00bbleft\u00a0\u00bb background_image_as_pattern=\u00a0\u00bbwithout_pattern\u00a0\u00bb z_index=\u00a0\u00bb\u00a0\u00bb padding_bottom=\u00a0\u00bb50&Prime; css=\u00a0\u00bb.vc_custom_1691155244672{background-color: #ffffff !important;}\u00a0\u00bb][vc_column][vc_row_inner row_type=\u00a0\u00bbrow\u00a0\u00bb type=\u00a0\u00bbgrid\u00a0\u00bb text_align=\u00a0\u00bbleft\u00a0\u00bb css_animation=\u00a0\u00bb\u00a0\u00bb background_color=\u00a0\u00bb#f9f9f9&Prime;&#8230;<\/p>\n","protected":false},"author":31,"featured_media":0,"parent":0,"menu_order":1,"comment_status":"closed","ping_status":"closed","template":"full_width.php","meta":{"_acf_changed":false,"footnotes":""},"class_list":["post-451930","page","type-page","status-publish","hentry"],"acf":[],"yoast_head":"<!-- This site is optimized with the Yoast SEO plugin v27.3 - https:\/\/yoast.com\/product\/yoast-seo-wordpress\/ -->\n<title>Les produits de cybers\u00e9curit\u00e9 Stormshield certifi\u00e9s et qualifi\u00e9s<\/title>\n<meta name=\"description\" content=\"Certification, qualification en cybers\u00e9curit\u00e9 : ils font confiance aux technologies et aux produits Stormshield.\" \/>\n<meta name=\"robots\" content=\"index, follow, max-snippet:-1, max-image-preview:large, max-video-preview:-1\" \/>\n<link rel=\"canonical\" href=\"https:\/\/www.stormshield.com\/fr\/produits-certifies-et-qualifies\/\" \/>\n<meta property=\"og:locale\" content=\"fr_FR\" \/>\n<meta property=\"og:type\" content=\"article\" \/>\n<meta property=\"og:title\" content=\"Les produits de cybers\u00e9curit\u00e9 Stormshield certifi\u00e9s et qualifi\u00e9s\" \/>\n<meta property=\"og:description\" content=\"Certification, qualification en cybers\u00e9curit\u00e9 : ils font confiance aux technologies et aux produits Stormshield.\" \/>\n<meta property=\"og:url\" content=\"https:\/\/www.stormshield.com\/fr\/produits-certifies-et-qualifies\/\" \/>\n<meta property=\"og:site_name\" content=\"Stormshield\" \/>\n<meta property=\"article:modified_time\" content=\"2025-12-15T07:44:58+00:00\" \/>\n<meta property=\"og:image\" content=\"https:\/\/www.stormshield.com\/wp-content\/uploads\/stormshield_logo.png\" \/>\n\t<meta property=\"og:image:width\" content=\"204\" \/>\n\t<meta property=\"og:image:height\" content=\"94\" \/>\n\t<meta property=\"og:image:type\" content=\"image\/png\" \/>\n<meta name=\"twitter:card\" content=\"summary_large_image\" \/>\n<meta name=\"twitter:site\" content=\"@Stormshield\" \/>\n<meta name=\"twitter:label1\" content=\"Dur\u00e9e de lecture estim\u00e9e\" \/>\n\t<meta name=\"twitter:data1\" content=\"6 minutes\" \/>\n<script type=\"application\/ld+json\" class=\"yoast-schema-graph\">{\"@context\":\"https:\\\/\\\/schema.org\",\"@graph\":[{\"@type\":\"WebPage\",\"@id\":\"https:\\\/\\\/www.stormshield.com\\\/fr\\\/produits-certifies-et-qualifies\\\/\",\"url\":\"https:\\\/\\\/www.stormshield.com\\\/fr\\\/produits-certifies-et-qualifies\\\/\",\"name\":\"Les produits de cybers\u00e9curit\u00e9 Stormshield certifi\u00e9s et qualifi\u00e9s\",\"isPartOf\":{\"@id\":\"https:\\\/\\\/www.stormshield.com\\\/fr\\\/#website\"},\"datePublished\":\"2024-03-25T04:00:10+00:00\",\"dateModified\":\"2025-12-15T07:44:58+00:00\",\"description\":\"Certification, qualification en cybers\u00e9curit\u00e9 : ils font confiance aux technologies et aux produits Stormshield.\",\"breadcrumb\":{\"@id\":\"https:\\\/\\\/www.stormshield.com\\\/fr\\\/produits-certifies-et-qualifies\\\/#breadcrumb\"},\"inLanguage\":\"fr-FR\",\"potentialAction\":[{\"@type\":\"ReadAction\",\"target\":[\"https:\\\/\\\/www.stormshield.com\\\/fr\\\/produits-certifies-et-qualifies\\\/\"]}]},{\"@type\":\"BreadcrumbList\",\"@id\":\"https:\\\/\\\/www.stormshield.com\\\/fr\\\/produits-certifies-et-qualifies\\\/#breadcrumb\",\"itemListElement\":[{\"@type\":\"ListItem\",\"position\":1,\"name\":\"Home\",\"item\":\"https:\\\/\\\/www.stormshield.com\\\/fr\\\/\"},{\"@type\":\"ListItem\",\"position\":2,\"name\":\"Les produits Stormshield certifi\u00e9s et qualifi\u00e9s\"}]},{\"@type\":\"WebSite\",\"@id\":\"https:\\\/\\\/www.stormshield.com\\\/fr\\\/#website\",\"url\":\"https:\\\/\\\/www.stormshield.com\\\/fr\\\/\",\"name\":\"Stormshield\",\"description\":\"Stormshield\",\"potentialAction\":[{\"@type\":\"SearchAction\",\"target\":{\"@type\":\"EntryPoint\",\"urlTemplate\":\"https:\\\/\\\/www.stormshield.com\\\/fr\\\/?s={search_term_string}\"},\"query-input\":{\"@type\":\"PropertyValueSpecification\",\"valueRequired\":true,\"valueName\":\"search_term_string\"}}],\"inLanguage\":\"fr-FR\"}]}<\/script>\n<!-- \/ Yoast SEO plugin. -->","yoast_head_json":{"title":"Les produits de cybers\u00e9curit\u00e9 Stormshield certifi\u00e9s et qualifi\u00e9s","description":"Certification, qualification en cybers\u00e9curit\u00e9 : ils font confiance aux technologies et aux produits Stormshield.","robots":{"index":"index","follow":"follow","max-snippet":"max-snippet:-1","max-image-preview":"max-image-preview:large","max-video-preview":"max-video-preview:-1"},"canonical":"https:\/\/www.stormshield.com\/fr\/produits-certifies-et-qualifies\/","og_locale":"fr_FR","og_type":"article","og_title":"Les produits de cybers\u00e9curit\u00e9 Stormshield certifi\u00e9s et qualifi\u00e9s","og_description":"Certification, qualification en cybers\u00e9curit\u00e9 : ils font confiance aux technologies et aux produits Stormshield.","og_url":"https:\/\/www.stormshield.com\/fr\/produits-certifies-et-qualifies\/","og_site_name":"Stormshield","article_modified_time":"2025-12-15T07:44:58+00:00","og_image":[{"width":204,"height":94,"url":"https:\/\/www.stormshield.com\/wp-content\/uploads\/stormshield_logo.png","type":"image\/png"}],"twitter_card":"summary_large_image","twitter_site":"@Stormshield","twitter_misc":{"Dur\u00e9e de lecture estim\u00e9e":"6 minutes"},"schema":{"@context":"https:\/\/schema.org","@graph":[{"@type":"WebPage","@id":"https:\/\/www.stormshield.com\/fr\/produits-certifies-et-qualifies\/","url":"https:\/\/www.stormshield.com\/fr\/produits-certifies-et-qualifies\/","name":"Les produits de cybers\u00e9curit\u00e9 Stormshield certifi\u00e9s et qualifi\u00e9s","isPartOf":{"@id":"https:\/\/www.stormshield.com\/fr\/#website"},"datePublished":"2024-03-25T04:00:10+00:00","dateModified":"2025-12-15T07:44:58+00:00","description":"Certification, qualification en cybers\u00e9curit\u00e9 : ils font confiance aux technologies et aux produits Stormshield.","breadcrumb":{"@id":"https:\/\/www.stormshield.com\/fr\/produits-certifies-et-qualifies\/#breadcrumb"},"inLanguage":"fr-FR","potentialAction":[{"@type":"ReadAction","target":["https:\/\/www.stormshield.com\/fr\/produits-certifies-et-qualifies\/"]}]},{"@type":"BreadcrumbList","@id":"https:\/\/www.stormshield.com\/fr\/produits-certifies-et-qualifies\/#breadcrumb","itemListElement":[{"@type":"ListItem","position":1,"name":"Home","item":"https:\/\/www.stormshield.com\/fr\/"},{"@type":"ListItem","position":2,"name":"Les produits Stormshield certifi\u00e9s et qualifi\u00e9s"}]},{"@type":"WebSite","@id":"https:\/\/www.stormshield.com\/fr\/#website","url":"https:\/\/www.stormshield.com\/fr\/","name":"Stormshield","description":"Stormshield","potentialAction":[{"@type":"SearchAction","target":{"@type":"EntryPoint","urlTemplate":"https:\/\/www.stormshield.com\/fr\/?s={search_term_string}"},"query-input":{"@type":"PropertyValueSpecification","valueRequired":true,"valueName":"search_term_string"}}],"inLanguage":"fr-FR"}]}},"_links":{"self":[{"href":"https:\/\/www.stormshield.com\/fr\/wp-json\/wp\/v2\/pages\/451930","targetHints":{"allow":["GET"]}}],"collection":[{"href":"https:\/\/www.stormshield.com\/fr\/wp-json\/wp\/v2\/pages"}],"about":[{"href":"https:\/\/www.stormshield.com\/fr\/wp-json\/wp\/v2\/types\/page"}],"author":[{"embeddable":true,"href":"https:\/\/www.stormshield.com\/fr\/wp-json\/wp\/v2\/users\/31"}],"replies":[{"embeddable":true,"href":"https:\/\/www.stormshield.com\/fr\/wp-json\/wp\/v2\/comments?post=451930"}],"version-history":[{"count":52,"href":"https:\/\/www.stormshield.com\/fr\/wp-json\/wp\/v2\/pages\/451930\/revisions"}],"predecessor-version":[{"id":712846,"href":"https:\/\/www.stormshield.com\/fr\/wp-json\/wp\/v2\/pages\/451930\/revisions\/712846"}],"wp:attachment":[{"href":"https:\/\/www.stormshield.com\/fr\/wp-json\/wp\/v2\/media?parent=451930"}],"curies":[{"name":"wp","href":"https:\/\/api.w.org\/{rel}","templated":true}]}}