{"id":398024,"date":"2023-05-04T09:08:58","date_gmt":"2023-05-04T08:08:58","guid":{"rendered":"https:\/\/www.stormshield.com\/?page_id=398024"},"modified":"2025-11-18T10:58:47","modified_gmt":"2025-11-18T09:58:47","slug":"sn-s-series","status":"publish","type":"page","link":"https:\/\/www.stormshield.com\/fr\/produits-et-services\/produits\/protection-des-reseaux\/nos-produits\/sn-s-series\/","title":{"rendered":"SN-S-Series"},"content":{"rendered":"<div class=\"wpb-content-wrapper\"><p>[vc_row css_animation=\"\" row_type=\"row\" use_row_as_full_screen_section=\"no\" type=\"grid\" angled_section=\"no\" text_align=\"left\" background_image_as_pattern=\"without_pattern\" z_index=\"\" css=\".vc_custom_1709047225251{background-color: #ffffff !important;}\" padding_top=\"50\" padding_bottom=\"50\"][vc_column][vc_row_inner row_type=\"row\" type=\"grid\" text_align=\"left\" css_animation=\"\" padding_top=\"50\" padding_bottom=\"50\"][vc_column_inner][vc_column_text]<\/p>\n<h1 style=\"text-align: center;\"><span style=\"color: #00aaf5;\"><span style=\"font-weight: 900; font-size: 1.5em;\">SN-S-Series, <\/span><\/span><span style=\"color: #00aaf5;\"><span style=\"font-weight: 300; font-size: 1.5em;\">la gamme de firewalls pour une cybers\u00e9curit\u00e9 \u00e9volutive<\/span><\/span><\/h1>\n<p>[\/vc_column_text][\/vc_column_inner][\/vc_row_inner][\/vc_column][\/vc_row][vc_row css_animation=\"\" row_type=\"row\" use_row_as_full_screen_section=\"yes\" type=\"full_width\" angled_section=\"no\" text_align=\"left\" background_image_as_pattern=\"without_pattern\" css=\".vc_custom_1709044775085{background-color: #ffffff !important;}\" z_index=\"\"][vc_column][vc_single_image image=\"397349\" img_size=\"full\" alignment=\"center\" qode_css_animation=\"\"][\/vc_column][\/vc_row][vc_row css_animation=\"\" row_type=\"row\" use_row_as_full_screen_section=\"no\" type=\"grid\" angled_section=\"no\" text_align=\"left\" background_image_as_pattern=\"without_pattern\" z_index=\"\" padding_bottom=\"100\" css=\".vc_custom_1709046531417{background-color: #ffffff !important;}\" padding_top=\"100\"][vc_column][vc_row_inner row_type=\"row\" type=\"full_width\" text_align=\"left\" css_animation=\"\" padding_bottom=\"100\"][vc_column_inner width=\"1\/2\" css=\".vc_custom_1709045136302{padding-right: 32px !important;padding-left: 32px !important;}\"][vc_column_text]<span style=\"color: #00aeef; font-size: 0.7em; text-transform: uppercase;\">\u00c9volutivit\u00e9<\/span><\/p>\n<h2><span style=\"color: #000; font-size: 1.2em;\">Une protection selon vos besoins<\/span><\/h2>\n<p><span style=\"color: #000; font-size: 1.1em;\">Anticipez en toute cyber-s\u00e9r\u00e9nit\u00e9 l'\u00e9volution de vos infrastructures d'information. Adaptez votre solution de s\u00e9curit\u00e9 \u00e0 vos besoins futurs en mati\u00e8re de performances et de connectivit\u00e9\u00a0: par un simple changement de licence, faites \u00e9voluer le SN-S-Series-220 en SN-S-Series-320.<\/span>[\/vc_column_text][vc_empty_space][\/vc_column_inner][vc_column_inner width=\"1\/2\"][vc_single_image image=\"397481\" img_size=\"large\" qode_css_animation=\"\"][\/vc_column_inner][\/vc_row_inner][vc_row_inner row_type=\"row\" type=\"full_width\" text_align=\"left\" css_animation=\"\"][vc_column_inner width=\"1\/2\"][vc_video link=\"https:\/\/youtu.be\/X7RVw5IcRV4?si=i1b6t2iIa1twTg7t\"][\/vc_column_inner][vc_column_inner width=\"1\/2\" css=\".vc_custom_1709045141894{padding-right: 32px !important;padding-left: 32px !important;}\"][vc_column_text]<span style=\"color: #00aeef; font-size: 0.7em; text-transform: uppercase;\">Continuit\u00e9 d'activit\u00e9<\/span><\/p>\n<h2><span style=\"color: #000; font-size: 1.2em;\">Assurez l'acc\u00e8s \u00e0 votre r\u00e9seau \u00e0 tout moment<\/span><\/h2>\n<p><span style=\"color: #000; font-size: 1.1em;\">La continuit\u00e9 des services est aujourd\u2019hui importante pour garantir des connexions fluides. La haute disponibilit\u00e9 et l'alimentation redondante (option) sont des \u00e9l\u00e9ments de la gamme SN-S-Series pour cyber-s\u00e9r\u00e9niser la continuit\u00e9 de vos services.<\/span>[\/vc_column_text][vc_empty_space][\/vc_column_inner][\/vc_row_inner][\/vc_column][\/vc_row][vc_row css_animation=\"\" row_type=\"row\" use_row_as_full_screen_section=\"no\" type=\"grid\" angled_section=\"no\" text_align=\"left\" background_image_as_pattern=\"without_pattern\" z_index=\"\" padding_bottom=\"50\" css=\".vc_custom_1709044386631{padding-right: 32px !important;padding-left: 32px !important;background-color: #f9f9f9 !important;}\" padding_top=\"50\"][vc_column][vc_row_inner row_type=\"row\" type=\"full_width\" text_align=\"left\" css_animation=\"\"][vc_column_inner width=\"1\/4\" css=\".vc_custom_1719472528976{padding-right: 32px !important;padding-left: 32px !important;}\"][vc_column_text css=\"\"]<\/p>\n<p style=\"text-align: center;\"><span style=\"color: #00aeef; font-size: 0.7em; text-transform: uppercase;\">Cybers\u00e9curit\u00e9 de confiance<\/span><\/p>\n<p style=\"text-align: center;\"><span style=\"color: #000000;\"><a style=\"color: #000000;\" href=\"https:\/\/cyber.gouv.fr\/produits-services-qualifies\/stormshield-network-security\" target=\"_blank\" rel=\"noopener\"><span style=\"font-size: 1.4em;\"><strong>Qualification Standard ANSSI<\/strong><\/span><\/a><\/span><\/p>\n<p>[\/vc_column_text][vc_empty_space][\/vc_column_inner][vc_column_inner width=\"1\/4\" css=\".vc_custom_1709044431143{padding-right: 32px !important;padding-left: 32px !important;}\"][vc_column_text css=\"\"]<\/p>\n<p style=\"text-align: center;\"><span style=\"color: #00aeef; font-size: 0.7em; text-transform: uppercase;\">Continuit\u00e9 de service<\/span><\/p>\n<p style=\"text-align: center;\"><span style=\"color: #000; font-size: 1.4em;\"><strong>Alimentation redondante<\/strong><\/span><br \/>\n<span style=\"color: #000; font-size: 1.1em;\">(option)<\/span><\/p>\n<p>[\/vc_column_text][vc_empty_space][\/vc_column_inner][vc_column_inner width=\"1\/4\" css=\".vc_custom_1709044457352{padding-right: 32px !important;padding-left: 32px !important;}\"][vc_column_text]<\/p>\n<p style=\"text-align: center;\"><span style=\"color: #00aeef; font-size: 0.7em; text-transform: uppercase;\">S\u00e9curisation des secrets VPN<\/span><\/p>\n<p style=\"text-align: center;\"><span style=\"color: #000; font-size: 1.4em;\"><strong>Puce TPM<\/strong><\/span><\/p>\n<p>[\/vc_column_text][vc_empty_space][\/vc_column_inner][vc_column_inner width=\"1\/4\" css=\".vc_custom_1719472535588{padding-right: 32px !important;padding-left: 32px !important;}\"][vc_column_text]<\/p>\n<p style=\"text-align: center;\"><span style=\"color: #00aeef; font-size: 0.7em; text-transform: uppercase;\">Agences et sites distants<\/span><\/p>\n<p style=\"text-align: center;\"><span style=\"color: #000; font-size: 1.4em;\"><strong>Int\u00e9gration transparente et sans impact<\/strong><\/span><\/p>\n<p>[\/vc_column_text][\/vc_column_inner][\/vc_row_inner][\/vc_column][\/vc_row][vc_row css_animation=\"\" row_type=\"row\" use_row_as_full_screen_section=\"no\" type=\"grid\" angled_section=\"no\" text_align=\"center\" background_image_as_pattern=\"without_pattern\" z_index=\"\" padding_bottom=\"100\" padding_top=\"100\" background_color=\"#060051\"][vc_column width=\"1\/4\"][\/vc_column][vc_column width=\"1\/4\"][vc_single_image image=\"397309\" img_size=\"medium\" alignment=\"center\" qode_css_animation=\"\"][vc_column_text]<\/p>\n<p style=\"text-align: center;\"><span style=\"color: #ffffff;\"><span style=\"font-size: 2em; font-weight: 300;\">SN-S-Series-<\/span><span style=\"font-size: 2em; font-weight: 900;\">220<\/span><br \/>\n<span style=\"font-size: 1.1em;\">S\u00e9curit\u00e9 unifi\u00e9e<\/span><\/span><\/p>\n<p>[\/vc_column_text][vc_empty_space][vc_column_text css=\"\"]<\/p>\n<p style=\"text-align: center;\"><span style=\"color: #ffffff; font-size: 0.9em;\"><strong>10 Gbps<\/strong><br \/>\nd\u00e9bit Firewall<\/span><\/p>\n<hr style=\"border: 1px dotted #363636; width: 30%;\" \/>\n<p style=\"text-align: center;\"><span style=\"color: #ffffff; font-size: 0.9em;\"><strong>6 Gbps<\/strong><br \/>\nd\u00e9bit IPS<\/span><\/p>\n<hr style=\"border: 1px dotted #363636; width: 30%;\" \/>\n<p style=\"text-align: center;\"><span style=\"color: #ffffff; font-size: 0.9em;\"><strong>3,3 Gbps<\/strong><br \/>\nd\u00e9bit VPN IPsec<\/span><\/p>\n<p>[\/vc_column_text][vc_empty_space]<a  itemprop=\"url\" href=\"https:\/\/www.stormshield.com\/fr\/produits\/sn-s-series-220\/\" target=\"_blank\" data-hover-background-color=\"#d23467\" data-hover-border-color=\"#d23467\" class=\"qbutton  white enlarge\" style=\"border-color: #ffffff; background-color:#00aeef;\">SN220<i class=\"qode_icon_font_awesome fa fa-info qode_button_icon_element\"><\/i><\/a>[vc_empty_space][\/vc_column][vc_column width=\"1\/4\"][vc_single_image image=\"397309\" img_size=\"medium\" alignment=\"center\" qode_css_animation=\"\"][vc_column_text]<\/p>\n<p style=\"text-align: center;\"><span style=\"color: #ffffff;\"><span style=\"font-size: 2em; font-weight: 300;\">SN-S-Series-<\/span><span style=\"font-size: 2em; font-weight: 900;\">320<\/span><br \/>\n<span style=\"font-size: 1.1em;\">Haute disponibilit\u00e9<\/span><\/span><\/p>\n<p>[\/vc_column_text][vc_empty_space][vc_column_text css=\"\"]<\/p>\n<p style=\"text-align: center;\"><span style=\"color: #ffffff; font-size: 0.9em;\"><strong>11,9 Gbps<\/strong><br \/>\nd\u00e9bit Firewall<\/span><\/p>\n<hr style=\"border: 1px dotted #363636; width: 30%;\" \/>\n<p style=\"text-align: center;\"><span style=\"color: #ffffff; font-size: 0.9em;\"><strong>9,9 Gbps<\/strong><br \/>\nd\u00e9bit IPS<\/span><\/p>\n<hr style=\"border: 1px dotted #363636; width: 30%;\" \/>\n<p style=\"text-align: center;\"><span style=\"color: #ffffff; font-size: 0.9em;\"><strong>4,8 Gbps<\/strong><br \/>\nd\u00e9bit VPN IPsec<\/span><\/p>\n<p>[\/vc_column_text][vc_empty_space]<a  itemprop=\"url\" href=\"https:\/\/www.stormshield.com\/fr\/produits\/sn-s-series-320\/\" target=\"_blank\" data-hover-background-color=\"#d23467\" data-hover-border-color=\"#d23467\" class=\"qbutton  white enlarge\" style=\"border-color: #ffffff; background-color:#00aeef;\">SN320<i class=\"qode_icon_font_awesome fa fa-info qode_button_icon_element\"><\/i><\/a>[vc_empty_space][\/vc_column][vc_column width=\"1\/4\"][\/vc_column][\/vc_row][vc_row css_animation=\"\" row_type=\"row\" use_row_as_full_screen_section=\"no\" type=\"grid\" angled_section=\"no\" text_align=\"left\" background_image_as_pattern=\"without_pattern\" z_index=\"\" padding_bottom=\"50\" css=\".vc_custom_1709044386631{padding-right: 32px !important;padding-left: 32px !important;background-color: #f9f9f9 !important;}\" padding_top=\"50\"][vc_column][vc_row_inner row_type=\"row\" type=\"full_width\" text_align=\"left\" css_animation=\"\"][vc_column_inner width=\"1\/4\" css=\".vc_custom_1709044423503{padding-right: 32px !important;padding-left: 32px !important;}\"][vc_column_text css=\"\"]<\/p>\n<p style=\"text-align: left;\"><span style=\"color: #000000; font-size: 1.1em;\"><strong>Pour plus d'informations<\/strong><br \/>\nsur la gamme SN-S-Series<\/span><\/p>\n<p>[\/vc_column_text][vc_empty_space]<a  itemprop=\"url\" href=\"https:\/\/www.stormshield.com\/fr\/contact\/service-commercial\/\" target=\"_blank\" data-hover-background-color=\"#d23467\" data-hover-border-color=\"#d23467\" class=\"qbutton  white enlarge\" style=\"border-color: #ffffff; background-color:#060051;\">Contact<i class=\"qode_icon_font_awesome fa fa-angle-right qode_button_icon_element\"><\/i><\/a>[vc_empty_space][\/vc_column_inner][vc_column_inner width=\"1\/4\" css=\".vc_custom_1709044431143{padding-right: 32px !important;padding-left: 32px !important;}\"][vc_single_image image=\"456248\" img_size=\"75x75\" alignment=\"center\" qode_css_animation=\"\"][vc_column_text]<\/p>\n<p style=\"text-align: center;\"><span style=\"color: #000000;\"><a style=\"color: #000000;\" href=\"https:\/\/www.stormshield.com\/fr\/ressourcescenter\/fiche-produit-sn220\/\" target=\"_blank\" rel=\"noopener\"><span style=\"font-size: 0.9em;\"><strong>Fiche produit<br \/>\n<\/strong>SN-S-Series-220<\/span><\/a><\/span><\/p>\n<p style=\"text-align: center;\"><span style=\"color: #000000;\"><a style=\"color: #000000;\" href=\"https:\/\/www.stormshield.com\/fr\/ressourcescenter\/fiche-produit-sn320\/\" target=\"_blank\" rel=\"noopener\"><span style=\"font-size: 0.9em;\"><strong>Fiche produit<br \/>\n<\/strong>SN-S-Series-320<\/span><\/a><\/span><\/p>\n<p>[\/vc_column_text][vc_empty_space][\/vc_column_inner][vc_column_inner width=\"1\/4\" css=\".vc_custom_1709044457352{padding-right: 32px !important;padding-left: 32px !important;}\"][vc_single_image image=\"456353\" img_size=\"75x75\" alignment=\"center\" qode_css_animation=\"\"][vc_column_text]<\/p>\n<p style=\"text-align: center;\"><span style=\"color: #000000;\"><a style=\"color: #000000;\" href=\"https:\/\/www.stormshield.com\/fr\/produits\/sn-s-series-220\/\" target=\"_blank\" rel=\"noopener\"><span style=\"font-size: 0.9em;\"><strong>Page produit<br \/>\n<\/strong>SN-S-Series-220<\/span><\/a><\/span><\/p>\n<p style=\"text-align: center;\"><span style=\"color: #000000;\"><a style=\"color: #000000;\" href=\"https:\/\/www.stormshield.com\/fr\/produits\/sn-s-series-320\/\" target=\"_blank\" rel=\"noopener\"><span style=\"font-size: 0.9em;\"><strong>Page produit<br \/>\n<\/strong>SN-S-Series-320<\/span><\/a><\/span><\/p>\n<p>[\/vc_column_text][vc_empty_space][\/vc_column_inner][vc_column_inner width=\"1\/4\"][vc_single_image image=\"456733\" img_size=\"75x75\" alignment=\"center\" qode_css_animation=\"\"][vc_column_text]<\/p>\n<p style=\"text-align: center;\"><span style=\"color: #000000;\"><a style=\"color: #000000;\" href=\"https:\/\/www.stormshield.com\/fr\/ressourcescenter\/protection-des-reseaux\/\" target=\"_blank\" rel=\"noopener\"><span style=\"font-size: 0.9em;\"><strong>Brochure<br \/>\n<\/strong>Stormshield Network Security<\/span><\/a><\/span><\/p>\n<p>[\/vc_column_text][\/vc_column_inner][\/vc_row_inner][\/vc_column][\/vc_row][vc_row css_animation=\"\" row_type=\"row\" use_row_as_full_screen_section=\"yes\" type=\"full_width\" angled_section=\"no\" text_align=\"left\" background_image_as_pattern=\"without_pattern\" css=\".vc_custom_1709047716266{background-color: #ffffff !important;}\" z_index=\"\" padding_top=\"100\"][vc_column][vc_column_text]<\/p>\n<h2 style=\"text-align: center;\"><span style=\"color: #000; font-weight: 300; font-size: 2em;\">SN-<\/span><span style=\"color: #000; font-weight: 900; font-size: 2em;\">S<\/span><span style=\"color: #000; font-weight: 300; font-size: 2em;\">-Series<\/span><\/h2>\n<p>[\/vc_column_text][vc_gallery interval=\"15\" images=\"397491,397471,397451,397441,397431,397379\" img_size=\"full\" onclick=\"\" enable_drag=\"yes\"][\/vc_column][\/vc_row]<\/p>\n<\/div>","protected":false},"excerpt":{"rendered":"<p>[vc_row css_animation=\u00a0\u00bb\u00a0\u00bb row_type=\u00a0\u00bbrow\u00a0\u00bb use_row_as_full_screen_section=\u00a0\u00bbno\u00a0\u00bb type=\u00a0\u00bbgrid\u00a0\u00bb angled_section=\u00a0\u00bbno\u00a0\u00bb text_align=\u00a0\u00bbleft\u00a0\u00bb background_image_as_pattern=\u00a0\u00bbwithout_pattern\u00a0\u00bb z_index=\u00a0\u00bb\u00a0\u00bb css=\u00a0\u00bb.vc_custom_1709047225251{background-color: #ffffff !important;}\u00a0\u00bb padding_top=\u00a0\u00bb50&Prime; padding_bottom=\u00a0\u00bb50&Prime;][vc_column][vc_row_inner row_type=\u00a0\u00bbrow\u00a0\u00bb type=\u00a0\u00bbgrid\u00a0\u00bb text_align=\u00a0\u00bbleft\u00a0\u00bb css_animation=\u00a0\u00bb\u00a0\u00bb padding_top=\u00a0\u00bb50&Prime; padding_bottom=\u00a0\u00bb50&Prime;][vc_column_inner][vc_column_text] SN-S-Series, la gamme de firewalls pour une cybers\u00e9curit\u00e9 \u00e9volutive [\/vc_column_text][\/vc_column_inner][\/vc_row_inner][\/vc_column][\/vc_row][vc_row css_animation=\u00a0\u00bb\u00a0\u00bb row_type=\u00a0\u00bbrow\u00a0\u00bb use_row_as_full_screen_section=\u00a0\u00bbyes\u00a0\u00bb type=\u00a0\u00bbfull_width\u00a0\u00bb angled_section=\u00a0\u00bbno\u00a0\u00bb text_align=\u00a0\u00bbleft\u00a0\u00bb background_image_as_pattern=\u00a0\u00bbwithout_pattern\u00a0\u00bb css=\u00a0\u00bb.vc_custom_1709044775085{background-color: #ffffff !important;}\u00a0\u00bb z_index=\u00a0\u00bb\u00a0\u00bb][vc_column][vc_single_image image=\u00a0\u00bb397349&Prime; img_size=\u00a0\u00bbfull\u00a0\u00bb alignment=\u00a0\u00bbcenter\u00a0\u00bb qode_css_animation=\u00a0\u00bb\u00a0\u00bb][\/vc_column][\/vc_row][vc_row&#8230;<\/p>\n","protected":false},"author":11,"featured_media":0,"parent":220750,"menu_order":1,"comment_status":"closed","ping_status":"closed","template":"full_width.php","meta":{"_acf_changed":false,"footnotes":""},"class_list":["post-398024","page","type-page","status-publish","hentry"],"acf":[],"yoast_head":"<!-- This site is optimized with the Yoast SEO plugin v27.3 - https:\/\/yoast.com\/product\/yoast-seo-wordpress\/ -->\n<title>SN-S-Series, nouvelle gamme de firewalls Stormshield<\/title>\n<meta name=\"description\" content=\"Adaptez votre solution de s\u00e9curit\u00e9 \u00e0 vos besoins futurs en mati\u00e8re de performances et de connectivit\u00e9 par un simple changement de licence.\" \/>\n<meta name=\"robots\" content=\"index, follow, max-snippet:-1, max-image-preview:large, max-video-preview:-1\" \/>\n<link rel=\"canonical\" href=\"https:\/\/www.stormshield.com\/fr\/produits-et-services\/produits\/protection-des-reseaux\/nos-produits\/sn-s-series\/\" \/>\n<meta property=\"og:locale\" content=\"fr_FR\" \/>\n<meta property=\"og:type\" content=\"article\" \/>\n<meta property=\"og:title\" content=\"SN-S-Series, nouvelle gamme de firewalls Stormshield\" \/>\n<meta property=\"og:description\" content=\"Adaptez votre solution de s\u00e9curit\u00e9 \u00e0 vos besoins futurs en mati\u00e8re de performances et de connectivit\u00e9 par un simple changement de licence.\" \/>\n<meta property=\"og:url\" content=\"https:\/\/www.stormshield.com\/fr\/produits-et-services\/produits\/protection-des-reseaux\/nos-produits\/sn-s-series\/\" \/>\n<meta property=\"og:site_name\" content=\"Stormshield\" \/>\n<meta property=\"article:modified_time\" content=\"2025-11-18T09:58:47+00:00\" \/>\n<meta property=\"og:image\" content=\"https:\/\/www.stormshield.com\/wp-content\/uploads\/stormshield_logo.png\" \/>\n\t<meta property=\"og:image:width\" content=\"204\" \/>\n\t<meta property=\"og:image:height\" content=\"94\" \/>\n\t<meta property=\"og:image:type\" content=\"image\/png\" \/>\n<meta name=\"twitter:card\" content=\"summary_large_image\" \/>\n<meta name=\"twitter:site\" content=\"@Stormshield\" \/>\n<meta name=\"twitter:label1\" content=\"Dur\u00e9e de lecture estim\u00e9e\" \/>\n\t<meta name=\"twitter:data1\" content=\"5 minutes\" \/>\n<script type=\"application\/ld+json\" class=\"yoast-schema-graph\">{\"@context\":\"https:\\\/\\\/schema.org\",\"@graph\":[{\"@type\":\"WebPage\",\"@id\":\"https:\\\/\\\/www.stormshield.com\\\/fr\\\/produits-et-services\\\/produits\\\/protection-des-reseaux\\\/nos-produits\\\/sn-s-series\\\/\",\"url\":\"https:\\\/\\\/www.stormshield.com\\\/fr\\\/produits-et-services\\\/produits\\\/protection-des-reseaux\\\/nos-produits\\\/sn-s-series\\\/\",\"name\":\"SN-S-Series, nouvelle gamme de firewalls Stormshield\",\"isPartOf\":{\"@id\":\"https:\\\/\\\/www.stormshield.com\\\/fr\\\/#website\"},\"datePublished\":\"2023-05-04T08:08:58+00:00\",\"dateModified\":\"2025-11-18T09:58:47+00:00\",\"description\":\"Adaptez votre solution de s\u00e9curit\u00e9 \u00e0 vos besoins futurs en mati\u00e8re de performances et de connectivit\u00e9 par un simple changement de licence.\",\"breadcrumb\":{\"@id\":\"https:\\\/\\\/www.stormshield.com\\\/fr\\\/produits-et-services\\\/produits\\\/protection-des-reseaux\\\/nos-produits\\\/sn-s-series\\\/#breadcrumb\"},\"inLanguage\":\"fr-FR\",\"potentialAction\":[{\"@type\":\"ReadAction\",\"target\":[\"https:\\\/\\\/www.stormshield.com\\\/fr\\\/produits-et-services\\\/produits\\\/protection-des-reseaux\\\/nos-produits\\\/sn-s-series\\\/\"]}]},{\"@type\":\"BreadcrumbList\",\"@id\":\"https:\\\/\\\/www.stormshield.com\\\/fr\\\/produits-et-services\\\/produits\\\/protection-des-reseaux\\\/nos-produits\\\/sn-s-series\\\/#breadcrumb\",\"itemListElement\":[{\"@type\":\"ListItem\",\"position\":1,\"name\":\"Home\",\"item\":\"https:\\\/\\\/www.stormshield.com\\\/fr\\\/\"},{\"@type\":\"ListItem\",\"position\":2,\"name\":\"Produits &amp; Solutions\",\"item\":\"https:\\\/\\\/www.stormshield.com\\\/fr\\\/produits-et-services\\\/\"},{\"@type\":\"ListItem\",\"position\":3,\"name\":\"Tous nos produits\",\"item\":\"https:\\\/\\\/www.stormshield.com\\\/fr\\\/produits-et-services\\\/produits\\\/\"},{\"@type\":\"ListItem\",\"position\":4,\"name\":\"Protection des r\u00e9seaux\",\"item\":\"https:\\\/\\\/www.stormshield.com\\\/fr\\\/produits-et-services\\\/produits\\\/protection-des-reseaux\\\/\"},{\"@type\":\"ListItem\",\"position\":5,\"name\":\"Gamme produits (SNS)\",\"item\":\"https:\\\/\\\/www.stormshield.com\\\/fr\\\/produits-et-services\\\/produits\\\/protection-des-reseaux\\\/nos-produits\\\/\"},{\"@type\":\"ListItem\",\"position\":6,\"name\":\"SN-S-Series\"}]},{\"@type\":\"WebSite\",\"@id\":\"https:\\\/\\\/www.stormshield.com\\\/fr\\\/#website\",\"url\":\"https:\\\/\\\/www.stormshield.com\\\/fr\\\/\",\"name\":\"Stormshield\",\"description\":\"Stormshield\",\"potentialAction\":[{\"@type\":\"SearchAction\",\"target\":{\"@type\":\"EntryPoint\",\"urlTemplate\":\"https:\\\/\\\/www.stormshield.com\\\/fr\\\/?s={search_term_string}\"},\"query-input\":{\"@type\":\"PropertyValueSpecification\",\"valueRequired\":true,\"valueName\":\"search_term_string\"}}],\"inLanguage\":\"fr-FR\"}]}<\/script>\n<!-- \/ Yoast SEO plugin. -->","yoast_head_json":{"title":"SN-S-Series, nouvelle gamme de firewalls Stormshield","description":"Adaptez votre solution de s\u00e9curit\u00e9 \u00e0 vos besoins futurs en mati\u00e8re de performances et de connectivit\u00e9 par un simple changement de licence.","robots":{"index":"index","follow":"follow","max-snippet":"max-snippet:-1","max-image-preview":"max-image-preview:large","max-video-preview":"max-video-preview:-1"},"canonical":"https:\/\/www.stormshield.com\/fr\/produits-et-services\/produits\/protection-des-reseaux\/nos-produits\/sn-s-series\/","og_locale":"fr_FR","og_type":"article","og_title":"SN-S-Series, nouvelle gamme de firewalls Stormshield","og_description":"Adaptez votre solution de s\u00e9curit\u00e9 \u00e0 vos besoins futurs en mati\u00e8re de performances et de connectivit\u00e9 par un simple changement de licence.","og_url":"https:\/\/www.stormshield.com\/fr\/produits-et-services\/produits\/protection-des-reseaux\/nos-produits\/sn-s-series\/","og_site_name":"Stormshield","article_modified_time":"2025-11-18T09:58:47+00:00","og_image":[{"width":204,"height":94,"url":"https:\/\/www.stormshield.com\/wp-content\/uploads\/stormshield_logo.png","type":"image\/png"}],"twitter_card":"summary_large_image","twitter_site":"@Stormshield","twitter_misc":{"Dur\u00e9e de lecture estim\u00e9e":"5 minutes"},"schema":{"@context":"https:\/\/schema.org","@graph":[{"@type":"WebPage","@id":"https:\/\/www.stormshield.com\/fr\/produits-et-services\/produits\/protection-des-reseaux\/nos-produits\/sn-s-series\/","url":"https:\/\/www.stormshield.com\/fr\/produits-et-services\/produits\/protection-des-reseaux\/nos-produits\/sn-s-series\/","name":"SN-S-Series, nouvelle gamme de firewalls Stormshield","isPartOf":{"@id":"https:\/\/www.stormshield.com\/fr\/#website"},"datePublished":"2023-05-04T08:08:58+00:00","dateModified":"2025-11-18T09:58:47+00:00","description":"Adaptez votre solution de s\u00e9curit\u00e9 \u00e0 vos besoins futurs en mati\u00e8re de performances et de connectivit\u00e9 par un simple changement de licence.","breadcrumb":{"@id":"https:\/\/www.stormshield.com\/fr\/produits-et-services\/produits\/protection-des-reseaux\/nos-produits\/sn-s-series\/#breadcrumb"},"inLanguage":"fr-FR","potentialAction":[{"@type":"ReadAction","target":["https:\/\/www.stormshield.com\/fr\/produits-et-services\/produits\/protection-des-reseaux\/nos-produits\/sn-s-series\/"]}]},{"@type":"BreadcrumbList","@id":"https:\/\/www.stormshield.com\/fr\/produits-et-services\/produits\/protection-des-reseaux\/nos-produits\/sn-s-series\/#breadcrumb","itemListElement":[{"@type":"ListItem","position":1,"name":"Home","item":"https:\/\/www.stormshield.com\/fr\/"},{"@type":"ListItem","position":2,"name":"Produits &amp; Solutions","item":"https:\/\/www.stormshield.com\/fr\/produits-et-services\/"},{"@type":"ListItem","position":3,"name":"Tous nos produits","item":"https:\/\/www.stormshield.com\/fr\/produits-et-services\/produits\/"},{"@type":"ListItem","position":4,"name":"Protection des r\u00e9seaux","item":"https:\/\/www.stormshield.com\/fr\/produits-et-services\/produits\/protection-des-reseaux\/"},{"@type":"ListItem","position":5,"name":"Gamme produits (SNS)","item":"https:\/\/www.stormshield.com\/fr\/produits-et-services\/produits\/protection-des-reseaux\/nos-produits\/"},{"@type":"ListItem","position":6,"name":"SN-S-Series"}]},{"@type":"WebSite","@id":"https:\/\/www.stormshield.com\/fr\/#website","url":"https:\/\/www.stormshield.com\/fr\/","name":"Stormshield","description":"Stormshield","potentialAction":[{"@type":"SearchAction","target":{"@type":"EntryPoint","urlTemplate":"https:\/\/www.stormshield.com\/fr\/?s={search_term_string}"},"query-input":{"@type":"PropertyValueSpecification","valueRequired":true,"valueName":"search_term_string"}}],"inLanguage":"fr-FR"}]}},"_links":{"self":[{"href":"https:\/\/www.stormshield.com\/fr\/wp-json\/wp\/v2\/pages\/398024","targetHints":{"allow":["GET"]}}],"collection":[{"href":"https:\/\/www.stormshield.com\/fr\/wp-json\/wp\/v2\/pages"}],"about":[{"href":"https:\/\/www.stormshield.com\/fr\/wp-json\/wp\/v2\/types\/page"}],"author":[{"embeddable":true,"href":"https:\/\/www.stormshield.com\/fr\/wp-json\/wp\/v2\/users\/11"}],"replies":[{"embeddable":true,"href":"https:\/\/www.stormshield.com\/fr\/wp-json\/wp\/v2\/comments?post=398024"}],"version-history":[{"count":26,"href":"https:\/\/www.stormshield.com\/fr\/wp-json\/wp\/v2\/pages\/398024\/revisions"}],"predecessor-version":[{"id":704189,"href":"https:\/\/www.stormshield.com\/fr\/wp-json\/wp\/v2\/pages\/398024\/revisions\/704189"}],"up":[{"embeddable":true,"href":"https:\/\/www.stormshield.com\/fr\/wp-json\/wp\/v2\/pages\/220750"}],"wp:attachment":[{"href":"https:\/\/www.stormshield.com\/fr\/wp-json\/wp\/v2\/media?parent=398024"}],"curies":[{"name":"wp","href":"https:\/\/api.w.org\/{rel}","templated":true}]}}