{"id":39,"date":"2016-05-31T10:02:49","date_gmt":"2016-05-31T09:02:49","guid":{"rendered":"https:\/\/www.stormshield.com\/?page_id=39&#038;lang=fr"},"modified":"2025-02-13T15:55:33","modified_gmt":"2025-02-13T14:55:33","slug":"cookies","status":"publish","type":"page","link":"https:\/\/www.stormshield.com\/fr\/cookies\/","title":{"rendered":"Cookies"},"content":{"rendered":"<div class=\"wpb-content-wrapper\"><p>[vc_row css_animation=\"\" row_type=\"row\" use_row_as_full_screen_section=\"no\" type=\"grid\" angled_section=\"no\" text_align=\"left\" background_image_as_pattern=\"without_pattern\" z_index=\"\" background_color=\"#5B5C5F\" padding_top=\"150\" padding_bottom=\"150\"][vc_column][vc_column_text css=\"\"]<\/p>\n<h1><span style=\"color: #ffffff;\"><strong>Cookies, t\u00e9moins de connexion<\/strong><\/span><\/h1>\n<p>[\/vc_column_text][\/vc_column][\/vc_row][vc_row css_animation=\"\" row_type=\"row\" use_row_as_full_screen_section=\"no\" type=\"grid\" angled_section=\"no\" text_align=\"left\" background_image_as_pattern=\"without_pattern\" z_index=\"\" padding_top=\"50\"][vc_column][vc_column_text css=\"\"]<\/p>\n<h2><span style=\"color: #000; font-size: 1.2em; font-weight: 900;\">Que sont les cookies\u00a0?<\/span><\/h2>\n<p><span style=\"color: #000; font-size: 1.1em;\">Un cookie est un petit fichier qui est transf\u00e9r\u00e9 sur le disque dur ou l'appareil mobile de votre ordinateur lorsque vous visitez un site Web ou une application. Le cookie est ensuite consult\u00e9 par le site Web d'origine qui reconna\u00eet ce cookie \u00e0 chaque visite ult\u00e9rieure.<\/span><\/p>\n<p><span style=\"color: #000; font-size: 1.1em;\">Les cookies sont utilis\u00e9s \u00e0 diverses fins, telles que la m\u00e9morisation de vos pr\u00e9f\u00e9rences, la prise en charge de l'authentification des utilisateurs ou la collecte d'informations sur le nombre d'utilisateurs visitant le site Web ou l'application.<\/span><\/p>\n<h2><span style=\"color: #000; font-size: 1.2em; font-weight: 900;\">Quels sont les cookies que nous utilisons\u00a0?<\/span><\/h2>\n<p><span style=\"color: #000; font-size: 1.1em;\">Nous utilisons diff\u00e9rents types de Cookies \u00e0 des fins diff\u00e9rentes\u00a0:<\/span><\/p>\n<h3><span style=\"color: #000; font-size: 1.1em; font-weight: 300;\">Cookies n\u00e9cessaires<\/span><\/h3>\n<p><span style=\"color: #000; font-size: 1.1em;\">Ces Cookies sont strictement n\u00e9cessaires techniquement au bon fonctionnement de notre site. Ils sont obligatoires et le site ne peuvent pas \u00eatre utilis\u00e9s sans eux (par exemple, les cookies qui sont utilis\u00e9s pour g\u00e9rer l'authentification des utilisateurs).<\/span><\/p>\n<p>&nbsp;<\/p>\n<table style=\"height: 204px;\" width=\"800\">\n<tbody>\n<tr>\n<td width=\"162\"><strong>NOM DU COOKIE<\/strong><\/td>\n<td width=\"113\"><strong>ORIGINE<\/strong><\/td>\n<td width=\"246\"><strong>FINALIT\u00c9<\/strong><\/td>\n<td width=\"76\"><strong>DUR\u00c9E<\/strong><\/td>\n<\/tr>\n<tr>\n<td width=\"162\">axeptio_cookies<\/p>\n<p>axeptio_authorized_vendors<\/p>\n<p>axeptio_all_vendors<\/td>\n<td width=\"113\"><strong>Axeptio<\/strong><\/td>\n<td width=\"246\">Permet de g\u00e9rer le consentement de l\u2019utilisateur vis-\u00e0-vis des diff\u00e9rentes cat\u00e9gories de cookies<\/td>\n<td width=\"76\">1 an<\/td>\n<\/tr>\n<\/tbody>\n<\/table>\n<p>&nbsp;<\/p>\n<h3><span style=\"color: #000; font-size: 1.1em; font-weight: 300;\">Cookies analytics<\/span><\/h3>\n<p><span style=\"color: #000; font-size: 1.1em;\">Ces Cookies permettent de mesurer de fa\u00e7on anonyme l'audience et de produire des statistiques g\u00e9n\u00e9riques sur l'utilisation de notre site. Cela nous permet de mieux comprendre comment les utilisateurs interagissent avec notre site, d'am\u00e9liorer et d'adapter nos services. Vous pouvez vous y opposer et les supprimer \u00e0 tout moment via l'Espace Param\u00e8tres des Cookies de notre site.<\/span><\/p>\n<table width=\"810\">\n<tbody>\n<tr>\n<td width=\"220\"><strong>NOM DU COOKIE<\/strong><\/td>\n<td width=\"150\"><strong>ORIGINE<\/strong><\/td>\n<td width=\"290\"><strong>FINALIT\u00c9<\/strong><\/td>\n<td width=\"150\"><strong>DUR\u00c9E<\/strong><\/td>\n<\/tr>\n<tr>\n<td>atautorith<\/td>\n<td rowspan=\"3\"><strong>Piano Analytics<\/strong><\/td>\n<td>Permet de garder en m\u00e9moire le choix du visiteur sur les cookies d'audience<\/td>\n<td>1 an<\/td>\n<\/tr>\n<tr>\n<td>atuserid<\/td>\n<td>Identifiant visiteur<\/td>\n<td>1 an<\/td>\n<\/tr>\n<tr>\n<td>at-optout<\/td>\n<td>Permet de conserver le refus de collecte de mesure d\u2019audience via Piano Analitycs<\/td>\n<td>6 mois<\/td>\n<\/tr>\n<tr>\n<td width=\"220\">_gcl_au<\/td>\n<td rowspan=\"3\"><strong>Google<\/strong><\/td>\n<td>Identifie les conversions li\u00e9es \u00e0 nos campagnes publicitaires Google<\/td>\n<td>3 mois<\/td>\n<\/tr>\n<tr>\n<td><\/td>\n<td><\/td>\n<td><\/td>\n<\/tr>\n<tr>\n<td width=\"220\"><\/td>\n<td width=\"290\"><\/td>\n<td><\/td>\n<\/tr>\n<tr>\n<td width=\"220\">_clck, CLID, ANONCHK, MR, MUID, SM<\/td>\n<td rowspan=\"2\"><strong>Microsoft Clarity<\/strong><\/td>\n<td>Identifiant visiteur<\/td>\n<td>13 mois<\/td>\n<\/tr>\n<tr>\n<td>_clsk<\/td>\n<td>Identifiant session<\/td>\n<td>30 jours<\/td>\n<\/tr>\n<\/tbody>\n<\/table>\n<p>&nbsp;<\/p>\n<h3><span style=\"color: #000; font-size: 1.1em; font-weight: 300;\">Cookies autres<\/span><\/h3>\n<p><span style=\"color: #000; font-size: 1.1em;\">Ces Cookies sont non obligatoires, et nous recueillerons votre consentement avant de les utiliser. Vous pouvez retirer votre consentement et les supprimer \u00e0 tout moment en utilisant la zone de param\u00e9trage des cookies de notre site.<\/span><\/p>\n<table style=\"height: 446px;\" width=\"800\">\n<tbody>\n<tr>\n<td width=\"180\"><strong>NOM DU COOKIE<\/strong><\/td>\n<td width=\"180\"><strong>ORIGINE<\/strong><\/td>\n<td width=\"530\"><strong>FINALIT\u00c9<\/strong><\/td>\n<td width=\"180\"><strong>DUR\u00c9E<\/strong><\/td>\n<\/tr>\n<tr>\n<td>visitor_id, visitor_id-hash<\/td>\n<td rowspan=\"4\"><strong>Pardot<\/strong><\/td>\n<td width=\"530\">Identifiant visiteur<\/td>\n<td>1 heure<\/td>\n<\/tr>\n<tr>\n<td>pi_opt_in<\/td>\n<td width=\"530\">Permet de conserver l\u2019acceptation ou le refus du suivi via Pardot<\/td>\n<td>1 heure<\/td>\n<\/tr>\n<tr>\n<td>lpv<\/td>\n<td width=\"530\">Permet d'emp\u00eacher Pardot de suivre plusieurs vues de page dans un seul actif au cours d'une session de 30 minutes<\/td>\n<td>1 heure<\/td>\n<\/tr>\n<tr>\n<td>pardot<\/td>\n<td width=\"530\">Permet de compter la session comme une session active<\/td>\n<td>1 heure<\/td>\n<\/tr>\n<tr>\n<td>bcookie<\/td>\n<td rowspan=\"5\"><strong>LinkedIn<\/strong><\/td>\n<td width=\"530\">Permet d\u2019identifier chaque appareil acc\u00e9dant \u00e0 LinkedIn afin de d\u00e9tecter tout abus sur la plateforme<\/td>\n<td>2 ans<\/td>\n<\/tr>\n<tr>\n<td>bscookie<\/td>\n<td width=\"530\">Permet de se souvenir qu\u2019un utilisateur connect\u00e9 a \u00e9t\u00e9 v\u00e9rifi\u00e9 \u00e0 l\u2019aide de l\u2019authentification \u00e0 deux facteurs<\/td>\n<td>2 ans<\/td>\n<\/tr>\n<tr>\n<td>lang<\/td>\n<td width=\"530\">Permet de m\u00e9moriser le param\u00e8tre de langue d\u2019un utilisateur afin de garantir que LinkedIn.com s\u2019affiche dans la langue s\u00e9lectionn\u00e9e par l\u2019utilisateur dans ses pr\u00e9f\u00e9rences<\/td>\n<td>Session<\/td>\n<\/tr>\n<tr>\n<td>lidc<\/td>\n<td width=\"530\">Permet de faciliter la s\u00e9lection des centres de donn\u00e9es<\/td>\n<td>24 heures<\/td>\n<\/tr>\n<tr>\n<td>UserMatchHistory<\/td>\n<td width=\"530\">Permet la synchronisation des identifiants LinkedIn Ads<\/td>\n<td>30 jours<\/td>\n<\/tr>\n<\/tbody>\n<\/table>\n<p>&nbsp;<\/p>\n<h2><span style=\"color: #000; font-size: 1.2em; font-weight: 900;\">Comment pouvez-vous d\u00e9sactivez ou supprimer les cookies\u00a0?<\/span><\/h2>\n<p><span style=\"color: #000; font-size: 1.1em;\">Les cookies qui ne sont pas techniquement n\u00e9cessaires au bon fonctionnement de notre site peuvent \u00eatre d\u00e9sactiv\u00e9s et supprim\u00e9s de votre appareil via l'interface de param\u00e9trage des cookies que vous pouvez ouvrir en cliquant sur l\u2019ic\u00f4ne qui apparait en bas \u00e0 gauche de nos pages.<\/span><\/p>\n<p><span style=\"color: #000; font-size: 1.1em;\">\u00c0 des fins d'analyse statistique, nous utilisons des outils d'analyse reposant sur des cookies sp\u00e9cifiques. Ces cookies, qui g\u00e9n\u00e8rent des statistiques anonymis\u00e9es, sont exempt\u00e9s de recueil de votre consentement pr\u00e9alable. Vous pouvez n\u00e9anmoins \u00e0 tout moment vous opposer \u00e0 la collecte de donn\u00e9es statistiques via l'interface de param\u00e9trage des cookies mentionn\u00e9e ci-dessus ou cochant la case ci-apr\u00e8s.<\/span><\/p>\n<p><span style=\"color: #000; font-size: 1.1em;\">Pour en savoir plus sur les cookies, et notamment pour savoir quels cookies ont \u00e9t\u00e9 install\u00e9s et comment les g\u00e9rer et les supprimer, rendez-vous sur <a href=\"https:\/\/services.airbus.com\/www.aboutcookies.org\">www.aboutcookies.org<\/a> ou <a href=\"https:\/\/services.airbus.com\/www.allaboutcookies.org\">www.allaboutcookies.org<\/a>.<\/span>[\/vc_column_text][\/vc_column][\/vc_row][vc_row css_animation=\"\" row_type=\"row\" use_row_as_full_screen_section=\"no\" type=\"full_width\" angled_section=\"no\" text_align=\"left\" background_image_as_pattern=\"without_pattern\"][vc_column][vc_empty_space][\/vc_column][\/vc_row]<\/p>\n<\/div>","protected":false},"excerpt":{"rendered":"<p>[vc_row css_animation=\u00a0\u00bb\u00a0\u00bb row_type=\u00a0\u00bbrow\u00a0\u00bb use_row_as_full_screen_section=\u00a0\u00bbno\u00a0\u00bb type=\u00a0\u00bbgrid\u00a0\u00bb angled_section=\u00a0\u00bbno\u00a0\u00bb text_align=\u00a0\u00bbleft\u00a0\u00bb background_image_as_pattern=\u00a0\u00bbwithout_pattern\u00a0\u00bb z_index=\u00a0\u00bb\u00a0\u00bb background_color=\u00a0\u00bb#5B5C5F\u00a0\u00bb padding_top=\u00a0\u00bb150&Prime; padding_bottom=\u00a0\u00bb150&Prime;][vc_column][vc_column_text css=\u00a0\u00bb\u00a0\u00bb] Cookies, t\u00e9moins de connexion [\/vc_column_text][\/vc_column][\/vc_row][vc_row css_animation=\u00a0\u00bb\u00a0\u00bb row_type=\u00a0\u00bbrow\u00a0\u00bb use_row_as_full_screen_section=\u00a0\u00bbno\u00a0\u00bb type=\u00a0\u00bbgrid\u00a0\u00bb angled_section=\u00a0\u00bbno\u00a0\u00bb text_align=\u00a0\u00bbleft\u00a0\u00bb background_image_as_pattern=\u00a0\u00bbwithout_pattern\u00a0\u00bb z_index=\u00a0\u00bb\u00a0\u00bb padding_top=\u00a0\u00bb50&Prime;][vc_column][vc_column_text css=\u00a0\u00bb\u00a0\u00bb] Que sont les cookies\u00a0? Un cookie est un petit fichier qui est transf\u00e9r\u00e9 sur le disque dur&#8230;<\/p>\n","protected":false},"author":1,"featured_media":0,"parent":0,"menu_order":481,"comment_status":"closed","ping_status":"closed","template":"full_width-cookies.php","meta":{"_acf_changed":false,"footnotes":""},"class_list":["post-39","page","type-page","status-publish","hentry"],"acf":[],"yoast_head":"<!-- This site is optimized with the Yoast SEO plugin v27.0 - https:\/\/yoast.com\/product\/yoast-seo-wordpress\/ -->\n<title>Les Cookies Pr\u00e9sents sur stormshield.com | Stormshield<\/title>\n<meta name=\"description\" content=\"Retrouvez la liste des cookies n\u00e9cessaires, des cookies analytics et des autres cookies pr\u00e9sents sur stormshield.com.\" \/>\n<meta name=\"robots\" content=\"index, follow, max-snippet:-1, max-image-preview:large, max-video-preview:-1\" \/>\n<link rel=\"canonical\" href=\"https:\/\/www.stormshield.com\/fr\/cookies\/\" \/>\n<meta property=\"og:locale\" content=\"fr_FR\" \/>\n<meta property=\"og:type\" content=\"article\" \/>\n<meta property=\"og:title\" content=\"Les Cookies Pr\u00e9sents sur stormshield.com | Stormshield\" \/>\n<meta property=\"og:description\" content=\"Retrouvez la liste des cookies n\u00e9cessaires, des cookies analytics et des autres cookies pr\u00e9sents sur stormshield.com.\" \/>\n<meta property=\"og:url\" content=\"https:\/\/www.stormshield.com\/fr\/cookies\/\" \/>\n<meta property=\"og:site_name\" content=\"Stormshield\" \/>\n<meta property=\"article:modified_time\" content=\"2025-02-13T14:55:33+00:00\" \/>\n<meta property=\"og:image\" content=\"https:\/\/www.stormshield.com\/wp-content\/uploads\/stormshield_logo.png\" \/>\n\t<meta property=\"og:image:width\" content=\"204\" \/>\n\t<meta property=\"og:image:height\" content=\"94\" \/>\n\t<meta property=\"og:image:type\" content=\"image\/png\" \/>\n<meta name=\"twitter:card\" content=\"summary_large_image\" \/>\n<meta name=\"twitter:site\" content=\"@Stormshield\" \/>\n<meta name=\"twitter:label1\" content=\"Dur\u00e9e de lecture estim\u00e9e\" \/>\n\t<meta name=\"twitter:data1\" content=\"3 minutes\" \/>\n<script type=\"application\/ld+json\" class=\"yoast-schema-graph\">{\"@context\":\"https:\/\/schema.org\",\"@graph\":[{\"@type\":\"WebPage\",\"@id\":\"https:\/\/www.stormshield.com\/fr\/cookies\/\",\"url\":\"https:\/\/www.stormshield.com\/fr\/cookies\/\",\"name\":\"Les Cookies Pr\u00e9sents sur stormshield.com | Stormshield\",\"isPartOf\":{\"@id\":\"https:\/\/www.stormshield.com\/fr\/#website\"},\"datePublished\":\"2016-05-31T09:02:49+00:00\",\"dateModified\":\"2025-02-13T14:55:33+00:00\",\"description\":\"Retrouvez la liste des cookies n\u00e9cessaires, des cookies analytics et des autres cookies pr\u00e9sents sur stormshield.com.\",\"breadcrumb\":{\"@id\":\"https:\/\/www.stormshield.com\/fr\/cookies\/#breadcrumb\"},\"inLanguage\":\"fr-FR\",\"potentialAction\":[{\"@type\":\"ReadAction\",\"target\":[\"https:\/\/www.stormshield.com\/fr\/cookies\/\"]}]},{\"@type\":\"BreadcrumbList\",\"@id\":\"https:\/\/www.stormshield.com\/fr\/cookies\/#breadcrumb\",\"itemListElement\":[{\"@type\":\"ListItem\",\"position\":1,\"name\":\"Home\",\"item\":\"https:\/\/www.stormshield.com\/fr\/\"},{\"@type\":\"ListItem\",\"position\":2,\"name\":\"Cookies\"}]},{\"@type\":\"WebSite\",\"@id\":\"https:\/\/www.stormshield.com\/fr\/#website\",\"url\":\"https:\/\/www.stormshield.com\/fr\/\",\"name\":\"Stormshield\",\"description\":\"Stormshield\",\"potentialAction\":[{\"@type\":\"SearchAction\",\"target\":{\"@type\":\"EntryPoint\",\"urlTemplate\":\"https:\/\/www.stormshield.com\/fr\/?s={search_term_string}\"},\"query-input\":{\"@type\":\"PropertyValueSpecification\",\"valueRequired\":true,\"valueName\":\"search_term_string\"}}],\"inLanguage\":\"fr-FR\"}]}<\/script>\n<!-- \/ Yoast SEO plugin. -->","yoast_head_json":{"title":"Les Cookies Pr\u00e9sents sur stormshield.com | Stormshield","description":"Retrouvez la liste des cookies n\u00e9cessaires, des cookies analytics et des autres cookies pr\u00e9sents sur stormshield.com.","robots":{"index":"index","follow":"follow","max-snippet":"max-snippet:-1","max-image-preview":"max-image-preview:large","max-video-preview":"max-video-preview:-1"},"canonical":"https:\/\/www.stormshield.com\/fr\/cookies\/","og_locale":"fr_FR","og_type":"article","og_title":"Les Cookies Pr\u00e9sents sur stormshield.com | Stormshield","og_description":"Retrouvez la liste des cookies n\u00e9cessaires, des cookies analytics et des autres cookies pr\u00e9sents sur stormshield.com.","og_url":"https:\/\/www.stormshield.com\/fr\/cookies\/","og_site_name":"Stormshield","article_modified_time":"2025-02-13T14:55:33+00:00","og_image":[{"width":204,"height":94,"url":"https:\/\/www.stormshield.com\/wp-content\/uploads\/stormshield_logo.png","type":"image\/png"}],"twitter_card":"summary_large_image","twitter_site":"@Stormshield","twitter_misc":{"Dur\u00e9e de lecture estim\u00e9e":"3 minutes"},"schema":{"@context":"https:\/\/schema.org","@graph":[{"@type":"WebPage","@id":"https:\/\/www.stormshield.com\/fr\/cookies\/","url":"https:\/\/www.stormshield.com\/fr\/cookies\/","name":"Les Cookies Pr\u00e9sents sur stormshield.com | Stormshield","isPartOf":{"@id":"https:\/\/www.stormshield.com\/fr\/#website"},"datePublished":"2016-05-31T09:02:49+00:00","dateModified":"2025-02-13T14:55:33+00:00","description":"Retrouvez la liste des cookies n\u00e9cessaires, des cookies analytics et des autres cookies pr\u00e9sents sur stormshield.com.","breadcrumb":{"@id":"https:\/\/www.stormshield.com\/fr\/cookies\/#breadcrumb"},"inLanguage":"fr-FR","potentialAction":[{"@type":"ReadAction","target":["https:\/\/www.stormshield.com\/fr\/cookies\/"]}]},{"@type":"BreadcrumbList","@id":"https:\/\/www.stormshield.com\/fr\/cookies\/#breadcrumb","itemListElement":[{"@type":"ListItem","position":1,"name":"Home","item":"https:\/\/www.stormshield.com\/fr\/"},{"@type":"ListItem","position":2,"name":"Cookies"}]},{"@type":"WebSite","@id":"https:\/\/www.stormshield.com\/fr\/#website","url":"https:\/\/www.stormshield.com\/fr\/","name":"Stormshield","description":"Stormshield","potentialAction":[{"@type":"SearchAction","target":{"@type":"EntryPoint","urlTemplate":"https:\/\/www.stormshield.com\/fr\/?s={search_term_string}"},"query-input":{"@type":"PropertyValueSpecification","valueRequired":true,"valueName":"search_term_string"}}],"inLanguage":"fr-FR"}]}},"_links":{"self":[{"href":"https:\/\/www.stormshield.com\/fr\/wp-json\/wp\/v2\/pages\/39","targetHints":{"allow":["GET"]}}],"collection":[{"href":"https:\/\/www.stormshield.com\/fr\/wp-json\/wp\/v2\/pages"}],"about":[{"href":"https:\/\/www.stormshield.com\/fr\/wp-json\/wp\/v2\/types\/page"}],"author":[{"embeddable":true,"href":"https:\/\/www.stormshield.com\/fr\/wp-json\/wp\/v2\/users\/1"}],"replies":[{"embeddable":true,"href":"https:\/\/www.stormshield.com\/fr\/wp-json\/wp\/v2\/comments?post=39"}],"version-history":[{"count":16,"href":"https:\/\/www.stormshield.com\/fr\/wp-json\/wp\/v2\/pages\/39\/revisions"}],"predecessor-version":[{"id":609589,"href":"https:\/\/www.stormshield.com\/fr\/wp-json\/wp\/v2\/pages\/39\/revisions\/609589"}],"wp:attachment":[{"href":"https:\/\/www.stormshield.com\/fr\/wp-json\/wp\/v2\/media?parent=39"}],"curies":[{"name":"wp","href":"https:\/\/api.w.org\/{rel}","templated":true}]}}