{"id":38901,"date":"2017-07-28T13:17:56","date_gmt":"2017-07-28T12:17:56","guid":{"rendered":"https:\/\/www.stormshield.com\/securitybox-smartfile-reader\/"},"modified":"2024-06-20T14:26:16","modified_gmt":"2024-06-20T13:26:16","slug":"security-box-smart-file-reader","status":"publish","type":"page","link":"https:\/\/www.stormshield.com\/fr\/produits-et-services\/produits\/protection-des-donnees\/gamme-sds\/security-box-smart-file-reader\/","title":{"rendered":"Security Box Smart File Reader"},"content":{"rendered":"<div class=\"wpb-content-wrapper\"><p>[vc_row css_animation=\"\" row_type=\"row\" use_row_as_full_screen_section=\"no\" type=\"grid\" angled_section=\"no\" text_align=\"left\" background_image_as_pattern=\"without_pattern\" z_index=\"\" background_color=\"#5b5c5f\" padding_top=\"125\" padding_bottom=\"125\"][vc_column][vc_column_text]<\/p>\n<h1><span style=\"color: #000000;\"><strong>Smart File Reader<\/strong><\/span><\/h1>\n<p><span style=\"color: #000000;\">La solution simple et gratuite pour d\u00e9chiffrer vos fichiers<\/span>[\/vc_column_text][\/vc_column][\/vc_row][vc_row css_animation=\"\" row_type=\"row\" use_row_as_full_screen_section=\"no\" type=\"grid\" angled_section=\"no\" text_align=\"left\" background_image_as_pattern=\"without_pattern\" z_index=\"\" padding_top=\"50\" padding_bottom=\"50\"][vc_column width=\"2\/3\"][vc_column_text]<\/p>\n<h2><span style=\"color: #000; font-size: 1.2em; font-weight: 900;\">Un logiciel gratuit de d\u00e9chiffrage pour tous vos fichiers re\u00e7us<\/span><\/h2>\n<p><span style=\"color: #000; font-size: 1.1em;\">Vous avez re\u00e7u un fichier chiffr\u00e9 \u00e0 l\u2019aide de Stormshield Data Security File, Security Box Smart File ou Security Box File ? Rien de plus simple : avec ce logiciel gratuit, vous pouvez d\u00e9chiffrer un fichier envoy\u00e9 par votre correspondant, et y apporter des modifications, avant de le r\u00e9exp\u00e9dier dans des conditions de s\u00e9curit\u00e9 optimales. Aucune licence n\u2019est n\u00e9cessaire.<\/span>[\/vc_column_text][vc_empty_space][\/vc_column][vc_column width=\"1\/3\" css=\".vc_custom_1705582747109{padding-top: 32px !important;padding-right: 32px !important;padding-bottom: 32px !important;padding-left: 32px !important;background-color: #f9f9f9 !important;}\"][vc_column_text]<span style=\"color: #000; font-size: 1.1em;\">Le software SmartFile Reader est un logiciel gratuit pour d\u00e9chiffrer les fichiers g\u00e9n\u00e9r\u00e9s par Stormshield Data Security File, Security Box SmartFile ou Security Box File. <strong>Mode d\u2019emploi.<\/strong>[\/vc_column_text][vc_empty_space]<a  itemprop=\"url\" href=\"https:\/\/www.stormshield.com\/wp-content\/uploads\/SmartFile_Reader.zip\" target=\"_blank\" data-hover-background-color=\"#00aeef\" data-hover-border-color=\"#ffffff\" class=\"qbutton  white enlarge\" style=\"border-color: #ffffff; background-color:#060051;\">T\u00e9l\u00e9charger<i class=\"qode_icon_font_awesome fa fa-angle-right qode_button_icon_element\"><\/i><\/a>[vc_empty_space][\/vc_column][\/vc_row][vc_row css_animation=\"\" row_type=\"row\" use_row_as_full_screen_section=\"no\" type=\"grid\" angled_section=\"no\" text_align=\"left\" background_image_as_pattern=\"without_pattern\" z_index=\"\" padding_top=\"50\" padding_bottom=\"50\"][vc_column][vc_row_inner row_type=\"row\" type=\"full_width\" text_align=\"left\" css_animation=\"\" css=\".vc_custom_1705583289749{padding-top: 32px !important;padding-right: 32px !important;padding-bottom: 32px !important;padding-left: 32px !important;background-color: #f9f9f9 !important;}\"][vc_column_inner width=\"2\/3\"][vc_column_text]<\/span><\/p>\n<h3><span style=\"color: #000; font-size: 1.1em; font-weight: 900;\">Simplicit\u00e9 d\u2019installation<\/span><\/h3>\n<p><span style=\"color: #000; font-size: 1.1em;\">Le software SmartFile Reader est une application ind\u00e9pendante, tr\u00e8s simple \u00e0 installer. Il suffit simplement de le t\u00e9l\u00e9charger et de le lancer sur votre poste de travail.<\/span><\/p>\n<h3><span style=\"color: #000; font-size: 1.1em; font-weight: 900;\">Facilit\u00e9 de lancement<\/span><\/h3>\n<p><span style=\"color: #000; font-size: 1.1em;\">Apr\u00e8s avoir t\u00e9l\u00e9charg\u00e9 le software, cliquez simplement dessus pour qu\u2019il reconnaisse les fichiers chiffr\u00e9s. <\/span><\/p>\n<p><span style=\"color: #000; font-size: 1.1em;\">Le logiciel se lancera automatiquement en double-cliquant sur un fichier utilisant l\u2019extension \u00ab\u00a0.box\u00a0\u00bb.<\/span>[\/vc_column_text][vc_empty_space][\/vc_column_inner][vc_column_inner width=\"1\/3\"][vc_empty_space][vc_column_text]<img loading=\"lazy\" decoding=\"async\" class=\"size-medium wp-image-38885 aligncenter\" src=\"https:\/\/www.stormshield.com\/wp-content\/uploads\/2017\/07\/screenshot-reader-en-300x227-300x227.jpg\" alt=\"\" width=\"300\" height=\"227\" \/>[\/vc_column_text][vc_empty_space][\/vc_column_inner][\/vc_row_inner][\/vc_column][\/vc_row][vc_row css_animation=\"\" row_type=\"row\" use_row_as_full_screen_section=\"no\" type=\"grid\" angled_section=\"no\" text_align=\"left\" background_image_as_pattern=\"without_pattern\" z_index=\"\"][vc_column][vc_column_text]<\/p>\n<h2><span style=\"color: #000; font-size: 1.2em; font-weight: 900;\">Pour une utilisation intuitive du chiffrement de donn\u00e9es<\/span><\/h2>\n<p><span style=\"color: #000; font-size: 1.1em;\">Pour d\u00e9chiffrer un fichier envoy\u00e9 par un collaborateur, c\u2019est simple : double-cliquez simplement sur le fichier pour lancer SmartFile Reader.<\/span><\/p>\n<p><img loading=\"lazy\" decoding=\"async\" class=\"alignnone size-full wp-image-38888\" src=\"https:\/\/www.stormshield.com\/wp-content\/uploads\/logo-smartfile.jpg\" alt=\"\" width=\"48\" height=\"48\" \/> \u00a0<span style=\"color: #000; font-size: 1.1em;\"><strong>En cliquant sur cette ic\u00f4ne, vous allez d\u00e9chiffrer le fichier re\u00e7u. <\/strong>Entrez le mot de passe, et le fichier d\u00e9chiffr\u00e9 est automatiquement plac\u00e9 dans votre dossier \u00ab Mes Documents \u00bb, o\u00f9 il pourra \u00eatre ouvert et modifi\u00e9. \u00c0 noter que le fichier original n\u2019est pas supprim\u00e9 au cours de cette op\u00e9ration.<\/span><\/p>\n<p><span style=\"color: #000; font-size: 1.1em;\">Avant de retourner le fichier modifi\u00e9 \u00e0 votre collaboration, il faut le s\u00e9curiser de nouveau. Concr\u00e8tement, cela consiste \u00e0 remplacer le contenu du fichier \u00ab .box \u00bb (envoy\u00e9 par votre collaborateur) par le contenu que vous venez de modifier.<\/span><\/p>\n<p><span style=\"color: #000; font-size: 1.1em;\">\u00c0 la fin de l\u2019op\u00e9ration, le fichier \u00ab .box \u00bb que votre collaborateur a initialement envoy\u00e9 contiendra le fichier que vous avez modifi\u00e9. Double-cliquez sur le fichier originel pour lancer l\u2019application SmartFile Reader.<\/span><\/p>\n<p><img loading=\"lazy\" decoding=\"async\" class=\"alignnone size-full wp-image-38889\" src=\"https:\/\/www.stormshield.com\/wp-content\/uploads\/logo-smartfilz2.jpg\" alt=\"\" width=\"48\" height=\"48\" \/>\u00a0 <span style=\"color: #000; font-size: 1.1em;\"><strong>En cliquant sur cette ic\u00f4ne, vous choisissez le fichier \u00e0 s\u00e9curiser<\/strong> (c\u2019est le fichier que vous avez modifi\u00e9 et que vous souhaitez maintenant exp\u00e9dier \u00e0 votre collaborateur). Le nouveau fichier va alors remplacer le sien. \u00c0 noter que le mot de passe utilis\u00e9 pour prot\u00e9ger ce nouveau fichier est le m\u00eame que celui qui s\u00e9curisait l\u2019original.<\/span>[\/vc_column_text][vc_empty_space][\/vc_column][\/vc_row][vc_row css_animation=\"\" row_type=\"row\" use_row_as_full_screen_section=\"no\" type=\"grid\" angled_section=\"no\" text_align=\"left\" background_image_as_pattern=\"without_pattern\" z_index=\"\" padding_top=\"50\" padding_bottom=\"50\"][vc_column css=\".vc_custom_1705583147433{padding-top: 32px !important;padding-right: 32px !important;padding-bottom: 32px !important;padding-left: 32px !important;background-color: #060051 !important;}\"][vc_empty_space][vc_column_text]<span style=\"color: #ffffff; font-size: 1.1em;\">Ce logiciel vous permet de d\u00e9chiffrer des documents que vous avez re\u00e7us. <strong>Pour passer \u00e0 la vitesse sup\u00e9rieure et envoyer vous aussi des fichiers chiffr\u00e9s, d\u00e9couvrez les derni\u00e8res versions de la gamme Stormshield Data Security. <\/strong><\/span><\/p>\n<p><span style=\"color: #ffffff; font-size: 1.1em;\">Et communiquez en toute cyber-s\u00e9r\u00e9nit\u00e9.<\/span>[\/vc_column_text][vc_empty_space]<a  itemprop=\"url\" href=\"https:\/\/www.stormshield.com\/fr\/produits-et-services\/produits\/protection-des-donnees\/gamme-sds\/\" target=\"_blank\" data-hover-background-color=\"#00aeef\" data-hover-border-color=\"#ffffff\" class=\"qbutton  white enlarge\" style=\"border-color: #ffffff; background-color:#060051;\">Gamme SDS<i class=\"qode_icon_font_awesome fa fa-angle-right qode_button_icon_element\"><\/i><\/a>[vc_empty_space][\/vc_column][\/vc_row]<\/p>\n<\/div>","protected":false},"excerpt":{"rendered":"<p>[vc_row css_animation=\u00a0\u00bb\u00a0\u00bb row_type=\u00a0\u00bbrow\u00a0\u00bb use_row_as_full_screen_section=\u00a0\u00bbno\u00a0\u00bb type=\u00a0\u00bbgrid\u00a0\u00bb angled_section=\u00a0\u00bbno\u00a0\u00bb text_align=\u00a0\u00bbleft\u00a0\u00bb background_image_as_pattern=\u00a0\u00bbwithout_pattern\u00a0\u00bb z_index=\u00a0\u00bb\u00a0\u00bb background_color=\u00a0\u00bb#5b5c5f\u00a0\u00bb padding_top=\u00a0\u00bb125&Prime; padding_bottom=\u00a0\u00bb125&Prime;][vc_column][vc_column_text] Smart File Reader La solution simple et gratuite pour d\u00e9chiffrer vos fichiers[\/vc_column_text][\/vc_column][\/vc_row][vc_row css_animation=\u00a0\u00bb\u00a0\u00bb row_type=\u00a0\u00bbrow\u00a0\u00bb use_row_as_full_screen_section=\u00a0\u00bbno\u00a0\u00bb type=\u00a0\u00bbgrid\u00a0\u00bb angled_section=\u00a0\u00bbno\u00a0\u00bb text_align=\u00a0\u00bbleft\u00a0\u00bb background_image_as_pattern=\u00a0\u00bbwithout_pattern\u00a0\u00bb z_index=\u00a0\u00bb\u00a0\u00bb padding_top=\u00a0\u00bb50&Prime; padding_bottom=\u00a0\u00bb50&Prime;][vc_column width=\u00a0\u00bb2\/3&Prime;][vc_column_text] Un logiciel gratuit de d\u00e9chiffrage pour tous vos fichiers re\u00e7us&#8230;<\/p>\n","protected":false},"author":9,"featured_media":0,"parent":315839,"menu_order":4,"comment_status":"closed","ping_status":"closed","template":"full_width.php","meta":{"_acf_changed":false,"footnotes":""},"class_list":["post-38901","page","type-page","status-publish","hentry"],"acf":[],"yoast_head":"<!-- This site is optimized with the Yoast SEO plugin v27.3 - https:\/\/yoast.com\/product\/yoast-seo-wordpress\/ -->\n<title>Smart File Reader : d\u00e9chiffrez vos fichiers Security Box Stormshield<\/title>\n<meta name=\"description\" content=\"Une application gratuite pour d\u00e9chiffrer vos fichiers g\u00e9n\u00e9r\u00e9s par Stormshield Data Security File, Security Box Smart File ou Security Box File.\" \/>\n<meta name=\"robots\" content=\"index, follow, max-snippet:-1, max-image-preview:large, max-video-preview:-1\" \/>\n<link rel=\"canonical\" href=\"https:\/\/www.stormshield.com\/fr\/produits-et-services\/produits\/protection-des-donnees\/gamme-sds\/security-box-smart-file-reader\/\" \/>\n<meta property=\"og:locale\" content=\"fr_FR\" \/>\n<meta property=\"og:type\" content=\"article\" \/>\n<meta property=\"og:title\" content=\"Smart File Reader : d\u00e9chiffrez vos fichiers Security Box Stormshield\" \/>\n<meta property=\"og:description\" content=\"Une application gratuite pour d\u00e9chiffrer vos fichiers g\u00e9n\u00e9r\u00e9s par Stormshield Data Security File, Security Box Smart File ou Security Box File.\" \/>\n<meta property=\"og:url\" content=\"https:\/\/www.stormshield.com\/fr\/produits-et-services\/produits\/protection-des-donnees\/gamme-sds\/security-box-smart-file-reader\/\" \/>\n<meta property=\"og:site_name\" content=\"Stormshield\" \/>\n<meta property=\"article:modified_time\" content=\"2024-06-20T13:26:16+00:00\" \/>\n<meta property=\"og:image\" content=\"https:\/\/www.stormshield.com\/wp-content\/uploads\/2017\/07\/screenshot-reader-en-300x227-300x227.jpg\" \/>\n<meta name=\"twitter:card\" content=\"summary_large_image\" \/>\n<meta name=\"twitter:site\" content=\"@Stormshield\" \/>\n<meta name=\"twitter:label1\" content=\"Dur\u00e9e de lecture estim\u00e9e\" \/>\n\t<meta name=\"twitter:data1\" content=\"3 minutes\" \/>\n<script type=\"application\/ld+json\" class=\"yoast-schema-graph\">{\"@context\":\"https:\\\/\\\/schema.org\",\"@graph\":[{\"@type\":\"WebPage\",\"@id\":\"https:\\\/\\\/www.stormshield.com\\\/fr\\\/produits-et-services\\\/produits\\\/protection-des-donnees\\\/gamme-sds\\\/security-box-smart-file-reader\\\/\",\"url\":\"https:\\\/\\\/www.stormshield.com\\\/fr\\\/produits-et-services\\\/produits\\\/protection-des-donnees\\\/gamme-sds\\\/security-box-smart-file-reader\\\/\",\"name\":\"Smart File Reader : d\u00e9chiffrez vos fichiers Security Box Stormshield\",\"isPartOf\":{\"@id\":\"https:\\\/\\\/www.stormshield.com\\\/fr\\\/#website\"},\"primaryImageOfPage\":{\"@id\":\"https:\\\/\\\/www.stormshield.com\\\/fr\\\/produits-et-services\\\/produits\\\/protection-des-donnees\\\/gamme-sds\\\/security-box-smart-file-reader\\\/#primaryimage\"},\"image\":{\"@id\":\"https:\\\/\\\/www.stormshield.com\\\/fr\\\/produits-et-services\\\/produits\\\/protection-des-donnees\\\/gamme-sds\\\/security-box-smart-file-reader\\\/#primaryimage\"},\"thumbnailUrl\":\"https:\\\/\\\/www.stormshield.com\\\/wp-content\\\/uploads\\\/2017\\\/07\\\/screenshot-reader-en-300x227-300x227.jpg\",\"datePublished\":\"2017-07-28T12:17:56+00:00\",\"dateModified\":\"2024-06-20T13:26:16+00:00\",\"description\":\"Une application gratuite pour d\u00e9chiffrer vos fichiers g\u00e9n\u00e9r\u00e9s par Stormshield Data Security File, Security Box Smart File ou Security Box File.\",\"breadcrumb\":{\"@id\":\"https:\\\/\\\/www.stormshield.com\\\/fr\\\/produits-et-services\\\/produits\\\/protection-des-donnees\\\/gamme-sds\\\/security-box-smart-file-reader\\\/#breadcrumb\"},\"inLanguage\":\"fr-FR\",\"potentialAction\":[{\"@type\":\"ReadAction\",\"target\":[\"https:\\\/\\\/www.stormshield.com\\\/fr\\\/produits-et-services\\\/produits\\\/protection-des-donnees\\\/gamme-sds\\\/security-box-smart-file-reader\\\/\"]}]},{\"@type\":\"ImageObject\",\"inLanguage\":\"fr-FR\",\"@id\":\"https:\\\/\\\/www.stormshield.com\\\/fr\\\/produits-et-services\\\/produits\\\/protection-des-donnees\\\/gamme-sds\\\/security-box-smart-file-reader\\\/#primaryimage\",\"url\":\"https:\\\/\\\/www.stormshield.com\\\/wp-content\\\/uploads\\\/2017\\\/07\\\/screenshot-reader-en-300x227-300x227.jpg\",\"contentUrl\":\"https:\\\/\\\/www.stormshield.com\\\/wp-content\\\/uploads\\\/2017\\\/07\\\/screenshot-reader-en-300x227-300x227.jpg\"},{\"@type\":\"BreadcrumbList\",\"@id\":\"https:\\\/\\\/www.stormshield.com\\\/fr\\\/produits-et-services\\\/produits\\\/protection-des-donnees\\\/gamme-sds\\\/security-box-smart-file-reader\\\/#breadcrumb\",\"itemListElement\":[{\"@type\":\"ListItem\",\"position\":1,\"name\":\"Home\",\"item\":\"https:\\\/\\\/www.stormshield.com\\\/fr\\\/\"},{\"@type\":\"ListItem\",\"position\":2,\"name\":\"Produits &amp; Solutions\",\"item\":\"https:\\\/\\\/www.stormshield.com\\\/fr\\\/produits-et-services\\\/\"},{\"@type\":\"ListItem\",\"position\":3,\"name\":\"Tous nos produits\",\"item\":\"https:\\\/\\\/www.stormshield.com\\\/fr\\\/produits-et-services\\\/produits\\\/\"},{\"@type\":\"ListItem\",\"position\":4,\"name\":\"Protection des donn\u00e9es\",\"item\":\"https:\\\/\\\/www.stormshield.com\\\/fr\\\/produits-et-services\\\/produits\\\/protection-des-donnees\\\/\"},{\"@type\":\"ListItem\",\"position\":5,\"name\":\"Gamme SDS\",\"item\":\"https:\\\/\\\/www.stormshield.com\\\/fr\\\/produits-et-services\\\/produits\\\/protection-des-donnees\\\/gamme-sds\\\/\"},{\"@type\":\"ListItem\",\"position\":6,\"name\":\"Security Box Smart File Reader\"}]},{\"@type\":\"WebSite\",\"@id\":\"https:\\\/\\\/www.stormshield.com\\\/fr\\\/#website\",\"url\":\"https:\\\/\\\/www.stormshield.com\\\/fr\\\/\",\"name\":\"Stormshield\",\"description\":\"Stormshield\",\"potentialAction\":[{\"@type\":\"SearchAction\",\"target\":{\"@type\":\"EntryPoint\",\"urlTemplate\":\"https:\\\/\\\/www.stormshield.com\\\/fr\\\/?s={search_term_string}\"},\"query-input\":{\"@type\":\"PropertyValueSpecification\",\"valueRequired\":true,\"valueName\":\"search_term_string\"}}],\"inLanguage\":\"fr-FR\"}]}<\/script>\n<!-- \/ Yoast SEO plugin. -->","yoast_head_json":{"title":"Smart File Reader : d\u00e9chiffrez vos fichiers Security Box Stormshield","description":"Une application gratuite pour d\u00e9chiffrer vos fichiers g\u00e9n\u00e9r\u00e9s par Stormshield Data Security File, Security Box Smart File ou Security Box File.","robots":{"index":"index","follow":"follow","max-snippet":"max-snippet:-1","max-image-preview":"max-image-preview:large","max-video-preview":"max-video-preview:-1"},"canonical":"https:\/\/www.stormshield.com\/fr\/produits-et-services\/produits\/protection-des-donnees\/gamme-sds\/security-box-smart-file-reader\/","og_locale":"fr_FR","og_type":"article","og_title":"Smart File Reader : d\u00e9chiffrez vos fichiers Security Box Stormshield","og_description":"Une application gratuite pour d\u00e9chiffrer vos fichiers g\u00e9n\u00e9r\u00e9s par Stormshield Data Security File, Security Box Smart File ou Security Box File.","og_url":"https:\/\/www.stormshield.com\/fr\/produits-et-services\/produits\/protection-des-donnees\/gamme-sds\/security-box-smart-file-reader\/","og_site_name":"Stormshield","article_modified_time":"2024-06-20T13:26:16+00:00","og_image":[{"url":"https:\/\/www.stormshield.com\/wp-content\/uploads\/2017\/07\/screenshot-reader-en-300x227-300x227.jpg","type":"","width":"","height":""}],"twitter_card":"summary_large_image","twitter_site":"@Stormshield","twitter_misc":{"Dur\u00e9e de lecture estim\u00e9e":"3 minutes"},"schema":{"@context":"https:\/\/schema.org","@graph":[{"@type":"WebPage","@id":"https:\/\/www.stormshield.com\/fr\/produits-et-services\/produits\/protection-des-donnees\/gamme-sds\/security-box-smart-file-reader\/","url":"https:\/\/www.stormshield.com\/fr\/produits-et-services\/produits\/protection-des-donnees\/gamme-sds\/security-box-smart-file-reader\/","name":"Smart File Reader : d\u00e9chiffrez vos fichiers Security Box Stormshield","isPartOf":{"@id":"https:\/\/www.stormshield.com\/fr\/#website"},"primaryImageOfPage":{"@id":"https:\/\/www.stormshield.com\/fr\/produits-et-services\/produits\/protection-des-donnees\/gamme-sds\/security-box-smart-file-reader\/#primaryimage"},"image":{"@id":"https:\/\/www.stormshield.com\/fr\/produits-et-services\/produits\/protection-des-donnees\/gamme-sds\/security-box-smart-file-reader\/#primaryimage"},"thumbnailUrl":"https:\/\/www.stormshield.com\/wp-content\/uploads\/2017\/07\/screenshot-reader-en-300x227-300x227.jpg","datePublished":"2017-07-28T12:17:56+00:00","dateModified":"2024-06-20T13:26:16+00:00","description":"Une application gratuite pour d\u00e9chiffrer vos fichiers g\u00e9n\u00e9r\u00e9s par Stormshield Data Security File, Security Box Smart File ou Security Box File.","breadcrumb":{"@id":"https:\/\/www.stormshield.com\/fr\/produits-et-services\/produits\/protection-des-donnees\/gamme-sds\/security-box-smart-file-reader\/#breadcrumb"},"inLanguage":"fr-FR","potentialAction":[{"@type":"ReadAction","target":["https:\/\/www.stormshield.com\/fr\/produits-et-services\/produits\/protection-des-donnees\/gamme-sds\/security-box-smart-file-reader\/"]}]},{"@type":"ImageObject","inLanguage":"fr-FR","@id":"https:\/\/www.stormshield.com\/fr\/produits-et-services\/produits\/protection-des-donnees\/gamme-sds\/security-box-smart-file-reader\/#primaryimage","url":"https:\/\/www.stormshield.com\/wp-content\/uploads\/2017\/07\/screenshot-reader-en-300x227-300x227.jpg","contentUrl":"https:\/\/www.stormshield.com\/wp-content\/uploads\/2017\/07\/screenshot-reader-en-300x227-300x227.jpg"},{"@type":"BreadcrumbList","@id":"https:\/\/www.stormshield.com\/fr\/produits-et-services\/produits\/protection-des-donnees\/gamme-sds\/security-box-smart-file-reader\/#breadcrumb","itemListElement":[{"@type":"ListItem","position":1,"name":"Home","item":"https:\/\/www.stormshield.com\/fr\/"},{"@type":"ListItem","position":2,"name":"Produits &amp; Solutions","item":"https:\/\/www.stormshield.com\/fr\/produits-et-services\/"},{"@type":"ListItem","position":3,"name":"Tous nos produits","item":"https:\/\/www.stormshield.com\/fr\/produits-et-services\/produits\/"},{"@type":"ListItem","position":4,"name":"Protection des donn\u00e9es","item":"https:\/\/www.stormshield.com\/fr\/produits-et-services\/produits\/protection-des-donnees\/"},{"@type":"ListItem","position":5,"name":"Gamme SDS","item":"https:\/\/www.stormshield.com\/fr\/produits-et-services\/produits\/protection-des-donnees\/gamme-sds\/"},{"@type":"ListItem","position":6,"name":"Security Box Smart File Reader"}]},{"@type":"WebSite","@id":"https:\/\/www.stormshield.com\/fr\/#website","url":"https:\/\/www.stormshield.com\/fr\/","name":"Stormshield","description":"Stormshield","potentialAction":[{"@type":"SearchAction","target":{"@type":"EntryPoint","urlTemplate":"https:\/\/www.stormshield.com\/fr\/?s={search_term_string}"},"query-input":{"@type":"PropertyValueSpecification","valueRequired":true,"valueName":"search_term_string"}}],"inLanguage":"fr-FR"}]}},"_links":{"self":[{"href":"https:\/\/www.stormshield.com\/fr\/wp-json\/wp\/v2\/pages\/38901","targetHints":{"allow":["GET"]}}],"collection":[{"href":"https:\/\/www.stormshield.com\/fr\/wp-json\/wp\/v2\/pages"}],"about":[{"href":"https:\/\/www.stormshield.com\/fr\/wp-json\/wp\/v2\/types\/page"}],"author":[{"embeddable":true,"href":"https:\/\/www.stormshield.com\/fr\/wp-json\/wp\/v2\/users\/9"}],"replies":[{"embeddable":true,"href":"https:\/\/www.stormshield.com\/fr\/wp-json\/wp\/v2\/comments?post=38901"}],"version-history":[{"count":32,"href":"https:\/\/www.stormshield.com\/fr\/wp-json\/wp\/v2\/pages\/38901\/revisions"}],"predecessor-version":[{"id":548898,"href":"https:\/\/www.stormshield.com\/fr\/wp-json\/wp\/v2\/pages\/38901\/revisions\/548898"}],"up":[{"embeddable":true,"href":"https:\/\/www.stormshield.com\/fr\/wp-json\/wp\/v2\/pages\/315839"}],"wp:attachment":[{"href":"https:\/\/www.stormshield.com\/fr\/wp-json\/wp\/v2\/media?parent=38901"}],"curies":[{"name":"wp","href":"https:\/\/api.w.org\/{rel}","templated":true}]}}