{"id":38760,"date":"2017-07-27T11:54:57","date_gmt":"2017-07-27T10:54:57","guid":{"rendered":"https:\/\/www.stormshield.com\/?page_id=38760\/"},"modified":"2024-01-05T14:37:30","modified_gmt":"2024-01-05T13:37:30","slug":"nos-bureaux-commerciaux","status":"publish","type":"page","link":"https:\/\/www.stormshield.com\/fr\/qui-sommes-nous\/nos-bureaux-commerciaux\/","title":{"rendered":"Nos bureaux commerciaux"},"content":{"rendered":"<div class=\"wpb-content-wrapper\"><p>[vc_row css_animation=\"\" row_type=\"row\" use_row_as_full_screen_section=\"no\" type=\"grid\" angled_section=\"no\" text_align=\"left\" background_image_as_pattern=\"without_pattern\" z_index=\"\" padding_top=\"50\" padding_bottom=\"50\"][vc_column][vc_empty_space][vc_column_text]<\/p>\n<h1 style=\"text-align: center;\"><span style=\"color: #00aaf5;\"><span style=\"font-weight: 900; font-size: 1.5em;\">Des bureaux commerciaux en France <\/span><\/span><span style=\"color: #00aaf5;\"><span style=\"font-weight: 300; font-size: 1.5em;\">et \u00e0 l'international, au plus pr\u00e8s de vos activit\u00e9s<\/span><\/span><\/h1>\n<p>[\/vc_column_text][vc_empty_space][\/vc_column][\/vc_row][vc_row css_animation=\"\" row_type=\"row\" use_row_as_full_screen_section=\"no\" type=\"grid\" angled_section=\"no\" text_align=\"left\" background_image_as_pattern=\"without_pattern\" z_index=\"\" padding_bottom=\"50\"][vc_column][vc_row_inner row_type=\"row\" type=\"full_width\" text_align=\"left\" css_animation=\"\"][vc_column_inner width=\"2\/3\"][vc_column_text]<\/p>\n<h2><span style=\"color: #000; font-size: 1.2em; font-weight: 900;\">Les bureaux Stormshield \u00e0 travers la France<\/span><\/h2>\n<p><span style=\"color: #000; font-size: 1.1em;\">Pour contacter nos \u00e9quipes, \u00e9changer sur un projet en particulier, postuler \u00e0 une offre ou programmer un rendez-vous technique : retrouvez nos diff\u00e9rentes implantations et bureaux commerciaux \u00e0 travers l'Hexagone. Nos <a style=\"color: #000000;\" href=\"https:\/\/www.stormshield.com\/fr\/qui-sommes-nous\/\" target=\"_blank\" rel=\"noopener\">\u00e9quipes<\/a> sont r\u00e9parties entre Issy-les-Moulineaux, Lyon, Toulouse et Villeneuve d'Ascq.<\/span>[\/vc_column_text][vc_empty_space][\/vc_column_inner][vc_column_inner width=\"1\/3\"][vc_single_image image=\"227389\" img_size=\"medium\" alignment=\"center\" qode_css_animation=\"\"][\/vc_column_inner][\/vc_row_inner][vc_row_inner row_type=\"row\" type=\"full_width\" text_align=\"left\" css_animation=\"\"][vc_column_inner width=\"1\/4\"][vc_column_text]<span style=\"color: #000; font-size: 1.2em; font-weight: 900;\">Paris<\/span><br \/>\n<span style=\"color: #000; font-size: 1.1em;\">22, rue du Gouverneur G\u00e9n\u00e9ral \u00c9bou\u00e9<br \/>\n<\/span><span style=\"color: #000; font-size: 1.1em;\">92130 Issy-les-Moulineaux<\/span>[\/vc_column_text][\/vc_column_inner][vc_column_inner width=\"1\/4\"][vc_column_text]<span style=\"color: #000; font-size: 1.2em; font-weight: 900;\">Lille<\/span><br \/>\n<span style=\"color: #000; font-size: 1.1em;\">Parc Scientifique Haute Borne\/Parc Horizon<br \/>\nB\u00e2timent 6, Avenue de l'Horizon<br \/>\n59650 Villeneuve d'Ascq<\/span>[\/vc_column_text][\/vc_column_inner][vc_column_inner width=\"1\/4\"][vc_column_text]<span style=\"color: #000; font-size: 1.2em; font-weight: 900;\">Lyon<\/span><br \/>\n<span style=\"color: #000; font-size: 1.1em;\">1 Place Verrazzano<br \/>\nCS 30603<br \/>\n69258 Lyon - Cedex 9<\/span>[\/vc_column_text][\/vc_column_inner][vc_column_inner width=\"1\/4\"][vc_column_text]<span style=\"color: #000; font-size: 1.2em; font-weight: 900;\">Toulouse<\/span><br \/>\n<span style=\"color: #000; font-size: 1.1em;\">B\u00e2timent Delta Center<br \/>\n15 chemin de la Crabe<br \/>\n31300 Toulouse<\/span>[\/vc_column_text][\/vc_column_inner][\/vc_row_inner][vc_row_inner row_type=\"row\" type=\"full_width\" text_align=\"left\" css_animation=\"\"][vc_column_inner][vc_empty_space height=\"12px\"]<a  itemprop=\"url\" href=\"https:\/\/www.stormshield.com\/fr\/contact\/\" target=\"_blank\" data-hover-background-color=\"#d23467\" data-hover-border-color=\"#ffffff\" class=\"qbutton  white enlarge\" style=\"border-color: #ffffff; background-color:#060051;\">Contactez-nous<i class=\"qode_icon_font_awesome fa fa-angle-right qode_button_icon_element\"><\/i><\/a>[\/vc_column_inner][\/vc_row_inner][\/vc_column][\/vc_row][vc_row css_animation=\"\" row_type=\"row\" use_row_as_full_screen_section=\"no\" type=\"grid\" angled_section=\"no\" text_align=\"left\" background_image_as_pattern=\"without_pattern\" z_index=\"\" padding_bottom=\"50\" css=\".vc_custom_1697804221509{background-color: #ffffff !important;}\" padding_top=\"50\"][vc_column][vc_row_inner row_type=\"row\" type=\"full_width\" text_align=\"left\" css_animation=\"\" background_color=\"#f9f9f9\" css=\".vc_custom_1697805747463{padding-top: 32px !important;padding-right: 32px !important;padding-bottom: 32px !important;padding-left: 32px !important;}\"][vc_column_inner][vc_column_text]<span style=\"font-size: 1.1em; color: #000000;\">Envie de participer \u00e0 l\u2019histoire de Stormshield\u00a0? Curieux, passionn\u00e9, rigoureux, venez lib\u00e9rer votre potentiel, d\u00e9velopper vos comp\u00e9tences et nous aider \u00e0 construire l\u2019entreprise de demain\u00a0!<\/span>[\/vc_column_text][vc_empty_space]<a  itemprop=\"url\" href=\"https:\/\/www.stormshield.com\/fr\/nous-rejoindre\/\" target=\"_blank\" data-hover-background-color=\"#d23467\" data-hover-border-color=\"#ffffff\" class=\"qbutton  white enlarge\" style=\"border-color: #ffffff; background-color:#060051;\">Offres cyber<i class=\"qode_icon_font_awesome fa fa-angle-right qode_button_icon_element\"><\/i><\/a>[vc_empty_space][\/vc_column_inner][\/vc_row_inner][\/vc_column][\/vc_row][vc_row css_animation=\"\" row_type=\"row\" use_row_as_full_screen_section=\"no\" type=\"grid\" angled_section=\"no\" text_align=\"left\" background_image_as_pattern=\"without_pattern\" z_index=\"\" padding_bottom=\"50\"][vc_column][vc_row_inner row_type=\"row\" type=\"full_width\" text_align=\"left\" css_animation=\"\"][vc_column_inner width=\"2\/3\"][vc_column_text]<\/p>\n<h2><span style=\"color: #000; font-size: 1.2em; font-weight: 900;\">Les bureaux Stormshield en Europe<\/span><\/h2>\n<p><span style=\"color: #000; font-size: 1.1em;\">Pour contacter nos \u00e9quipes \u00e0 l'international, \u00e9changer sur un projet en particulier ou programmer un rendez-vous technique, nous avons des bureaux commerciaux dans plusieurs pays d'Europe. Nos \u00e9quipes sont r\u00e9parties entre l'Allemagne, l'Espagne, l'Italie et la Pologne.<\/span>[\/vc_column_text][vc_empty_space][\/vc_column_inner][vc_column_inner width=\"1\/3\"][vc_single_image image=\"328931\" img_size=\"medium\" alignment=\"center\" qode_css_animation=\"\"][\/vc_column_inner][\/vc_row_inner][vc_row_inner row_type=\"row\" type=\"full_width\" text_align=\"left\" css_animation=\"\"][vc_column_inner width=\"1\/4\"][vc_column_text]<span style=\"color: #000000;\"><a style=\"color: #000000;\" href=\"https:\/\/www.stormshield.com\/de\/\" target=\"_blank\" rel=\"noopener\"><span style=\"font-size: 1.2em; font-weight: 900;\">Allemagne<\/span><\/a><\/span><br \/>\n<span style=\"color: #000; font-size: 1.1em;\">Lilienthalstr. 27<br \/>\n85399 Hallbergmoos<br \/>\n<strong>+49 89 8091 3578 \u2013 0<\/strong><\/span>[\/vc_column_text][\/vc_column_inner][vc_column_inner width=\"1\/4\"][vc_column_text]<span style=\"color: #000000;\"><a style=\"color: #000000;\" href=\"https:\/\/www.stormshield.com\/es\/\" target=\"_blank\" rel=\"noopener\"><span style=\"font-size: 1.2em; font-weight: 900;\">Espagne<\/span><\/a><\/span><br \/>\n<span style=\"color: #000; font-size: 1.1em;\">Paseo de la Castellana,<br \/>\n200, 7\u00aa planta,<br \/>\n28046, Madrid<br \/>\n<strong>+34 91 904 7244<\/strong><\/span>[\/vc_column_text][\/vc_column_inner][vc_column_inner width=\"1\/4\"][vc_column_text]<span style=\"color: #000000;\"><a style=\"color: #000000;\" href=\"\/?p=171244\" target=\"_blank\" rel=\"noopener\"><span style=\"font-size: 1.2em; font-weight: 900;\">Italie<\/span><\/a><\/span><br \/>\n<span style=\"color: #000; font-size: 1.1em;\">Via Leone XIII, 10<br \/>\n20145 Milan<br \/>\n<strong>+39 329 951 5335<\/strong><\/span>[\/vc_column_text][\/vc_column_inner][vc_column_inner width=\"1\/4\"][vc_column_text]<span style=\"color: #000000;\"><a style=\"color: #000000;\" href=\"https:\/\/stormshield.pl\/\" target=\"_blank\" rel=\"noopener\"><span style=\"font-size: 1.2em; font-weight: 900;\">Pologne<\/span><\/a><\/span><br \/>\n<span style=\"color: #000; font-size: 1.1em;\">ul. Marszalkowska 111<br \/>\n00-102 Warszawa<br \/>\n<strong>+48 22 460 03 61<\/strong><\/span>[\/vc_column_text][\/vc_column_inner][\/vc_row_inner][\/vc_column][\/vc_row]<\/p>\n<\/div>","protected":false},"excerpt":{"rendered":"<p>[vc_row css_animation=\u00a0\u00bb\u00a0\u00bb row_type=\u00a0\u00bbrow\u00a0\u00bb use_row_as_full_screen_section=\u00a0\u00bbno\u00a0\u00bb type=\u00a0\u00bbgrid\u00a0\u00bb angled_section=\u00a0\u00bbno\u00a0\u00bb text_align=\u00a0\u00bbleft\u00a0\u00bb background_image_as_pattern=\u00a0\u00bbwithout_pattern\u00a0\u00bb z_index=\u00a0\u00bb\u00a0\u00bb padding_top=\u00a0\u00bb50&Prime; padding_bottom=\u00a0\u00bb50&Prime;][vc_column][vc_empty_space][vc_column_text] Des bureaux commerciaux en France et \u00e0 l&rsquo;international, au plus pr\u00e8s de vos activit\u00e9s [\/vc_column_text][vc_empty_space][\/vc_column][\/vc_row][vc_row css_animation=\u00a0\u00bb\u00a0\u00bb row_type=\u00a0\u00bbrow\u00a0\u00bb use_row_as_full_screen_section=\u00a0\u00bbno\u00a0\u00bb type=\u00a0\u00bbgrid\u00a0\u00bb angled_section=\u00a0\u00bbno\u00a0\u00bb text_align=\u00a0\u00bbleft\u00a0\u00bb background_image_as_pattern=\u00a0\u00bbwithout_pattern\u00a0\u00bb z_index=\u00a0\u00bb\u00a0\u00bb padding_bottom=\u00a0\u00bb50&Prime;][vc_column][vc_row_inner row_type=\u00a0\u00bbrow\u00a0\u00bb type=\u00a0\u00bbfull_width\u00a0\u00bb text_align=\u00a0\u00bbleft\u00a0\u00bb css_animation=\u00a0\u00bb\u00a0\u00bb][vc_column_inner width=\u00a0\u00bb2\/3&Prime;][vc_column_text] Les bureaux Stormshield \u00e0 travers&#8230;<\/p>\n","protected":false},"author":9,"featured_media":0,"parent":22528,"menu_order":128,"comment_status":"closed","ping_status":"closed","template":"full_width.php","meta":{"_acf_changed":false,"footnotes":""},"class_list":["post-38760","page","type-page","status-publish","hentry"],"acf":[],"yoast_head":"<!-- This site is optimized with the Yoast SEO plugin v27.0 - https:\/\/yoast.com\/product\/yoast-seo-wordpress\/ -->\n<title>Nos bureaux commerciaux \u00e0 travers le monde | Stormshield<\/title>\n<meta name=\"description\" content=\"Retrouvez nos sites et bureaux dans le monde pour contacter nos \u00e9quipes, discuter de votre projet ou programmer une r\u00e9union technique.\" \/>\n<meta name=\"robots\" content=\"index, follow, max-snippet:-1, max-image-preview:large, max-video-preview:-1\" \/>\n<link rel=\"canonical\" href=\"https:\/\/www.stormshield.com\/fr\/qui-sommes-nous\/nos-bureaux-commerciaux\/\" \/>\n<meta property=\"og:locale\" content=\"fr_FR\" \/>\n<meta property=\"og:type\" content=\"article\" \/>\n<meta property=\"og:title\" content=\"Nos bureaux commerciaux \u00e0 travers le monde | Stormshield\" \/>\n<meta property=\"og:description\" content=\"Retrouvez nos sites et bureaux dans le monde pour contacter nos \u00e9quipes, discuter de votre projet ou programmer une r\u00e9union technique.\" \/>\n<meta property=\"og:url\" content=\"https:\/\/www.stormshield.com\/fr\/qui-sommes-nous\/nos-bureaux-commerciaux\/\" \/>\n<meta property=\"og:site_name\" content=\"Stormshield\" \/>\n<meta property=\"article:modified_time\" content=\"2024-01-05T13:37:30+00:00\" \/>\n<meta property=\"og:image\" content=\"https:\/\/www.stormshield.com\/wp-content\/uploads\/stormshield_logo.png\" \/>\n\t<meta property=\"og:image:width\" content=\"204\" \/>\n\t<meta property=\"og:image:height\" content=\"94\" \/>\n\t<meta property=\"og:image:type\" content=\"image\/png\" \/>\n<meta name=\"twitter:card\" content=\"summary_large_image\" \/>\n<meta name=\"twitter:site\" content=\"@Stormshield\" \/>\n<meta name=\"twitter:label1\" content=\"Dur\u00e9e de lecture estim\u00e9e\" \/>\n\t<meta name=\"twitter:data1\" content=\"2 minutes\" \/>\n<script type=\"application\/ld+json\" class=\"yoast-schema-graph\">{\"@context\":\"https:\/\/schema.org\",\"@graph\":[{\"@type\":\"WebPage\",\"@id\":\"https:\/\/www.stormshield.com\/fr\/qui-sommes-nous\/nos-bureaux-commerciaux\/\",\"url\":\"https:\/\/www.stormshield.com\/fr\/qui-sommes-nous\/nos-bureaux-commerciaux\/\",\"name\":\"Nos bureaux commerciaux \u00e0 travers le monde | Stormshield\",\"isPartOf\":{\"@id\":\"https:\/\/www.stormshield.com\/fr\/#website\"},\"datePublished\":\"2017-07-27T10:54:57+00:00\",\"dateModified\":\"2024-01-05T13:37:30+00:00\",\"description\":\"Retrouvez nos sites et bureaux dans le monde pour contacter nos \u00e9quipes, discuter de votre projet ou programmer une r\u00e9union technique.\",\"breadcrumb\":{\"@id\":\"https:\/\/www.stormshield.com\/fr\/qui-sommes-nous\/nos-bureaux-commerciaux\/#breadcrumb\"},\"inLanguage\":\"fr-FR\",\"potentialAction\":[{\"@type\":\"ReadAction\",\"target\":[\"https:\/\/www.stormshield.com\/fr\/qui-sommes-nous\/nos-bureaux-commerciaux\/\"]}]},{\"@type\":\"BreadcrumbList\",\"@id\":\"https:\/\/www.stormshield.com\/fr\/qui-sommes-nous\/nos-bureaux-commerciaux\/#breadcrumb\",\"itemListElement\":[{\"@type\":\"ListItem\",\"position\":1,\"name\":\"Home\",\"item\":\"https:\/\/www.stormshield.com\/fr\/\"},{\"@type\":\"ListItem\",\"position\":2,\"name\":\"Qui sommes-nous ?\",\"item\":\"https:\/\/www.stormshield.com\/fr\/qui-sommes-nous\/\"},{\"@type\":\"ListItem\",\"position\":3,\"name\":\"Nos bureaux commerciaux\"}]},{\"@type\":\"WebSite\",\"@id\":\"https:\/\/www.stormshield.com\/fr\/#website\",\"url\":\"https:\/\/www.stormshield.com\/fr\/\",\"name\":\"Stormshield\",\"description\":\"Stormshield\",\"potentialAction\":[{\"@type\":\"SearchAction\",\"target\":{\"@type\":\"EntryPoint\",\"urlTemplate\":\"https:\/\/www.stormshield.com\/fr\/?s={search_term_string}\"},\"query-input\":{\"@type\":\"PropertyValueSpecification\",\"valueRequired\":true,\"valueName\":\"search_term_string\"}}],\"inLanguage\":\"fr-FR\"}]}<\/script>\n<!-- \/ Yoast SEO plugin. -->","yoast_head_json":{"title":"Nos bureaux commerciaux \u00e0 travers le monde | Stormshield","description":"Retrouvez nos sites et bureaux dans le monde pour contacter nos \u00e9quipes, discuter de votre projet ou programmer une r\u00e9union technique.","robots":{"index":"index","follow":"follow","max-snippet":"max-snippet:-1","max-image-preview":"max-image-preview:large","max-video-preview":"max-video-preview:-1"},"canonical":"https:\/\/www.stormshield.com\/fr\/qui-sommes-nous\/nos-bureaux-commerciaux\/","og_locale":"fr_FR","og_type":"article","og_title":"Nos bureaux commerciaux \u00e0 travers le monde | Stormshield","og_description":"Retrouvez nos sites et bureaux dans le monde pour contacter nos \u00e9quipes, discuter de votre projet ou programmer une r\u00e9union technique.","og_url":"https:\/\/www.stormshield.com\/fr\/qui-sommes-nous\/nos-bureaux-commerciaux\/","og_site_name":"Stormshield","article_modified_time":"2024-01-05T13:37:30+00:00","og_image":[{"width":204,"height":94,"url":"https:\/\/www.stormshield.com\/wp-content\/uploads\/stormshield_logo.png","type":"image\/png"}],"twitter_card":"summary_large_image","twitter_site":"@Stormshield","twitter_misc":{"Dur\u00e9e de lecture estim\u00e9e":"2 minutes"},"schema":{"@context":"https:\/\/schema.org","@graph":[{"@type":"WebPage","@id":"https:\/\/www.stormshield.com\/fr\/qui-sommes-nous\/nos-bureaux-commerciaux\/","url":"https:\/\/www.stormshield.com\/fr\/qui-sommes-nous\/nos-bureaux-commerciaux\/","name":"Nos bureaux commerciaux \u00e0 travers le monde | Stormshield","isPartOf":{"@id":"https:\/\/www.stormshield.com\/fr\/#website"},"datePublished":"2017-07-27T10:54:57+00:00","dateModified":"2024-01-05T13:37:30+00:00","description":"Retrouvez nos sites et bureaux dans le monde pour contacter nos \u00e9quipes, discuter de votre projet ou programmer une r\u00e9union technique.","breadcrumb":{"@id":"https:\/\/www.stormshield.com\/fr\/qui-sommes-nous\/nos-bureaux-commerciaux\/#breadcrumb"},"inLanguage":"fr-FR","potentialAction":[{"@type":"ReadAction","target":["https:\/\/www.stormshield.com\/fr\/qui-sommes-nous\/nos-bureaux-commerciaux\/"]}]},{"@type":"BreadcrumbList","@id":"https:\/\/www.stormshield.com\/fr\/qui-sommes-nous\/nos-bureaux-commerciaux\/#breadcrumb","itemListElement":[{"@type":"ListItem","position":1,"name":"Home","item":"https:\/\/www.stormshield.com\/fr\/"},{"@type":"ListItem","position":2,"name":"Qui sommes-nous ?","item":"https:\/\/www.stormshield.com\/fr\/qui-sommes-nous\/"},{"@type":"ListItem","position":3,"name":"Nos bureaux commerciaux"}]},{"@type":"WebSite","@id":"https:\/\/www.stormshield.com\/fr\/#website","url":"https:\/\/www.stormshield.com\/fr\/","name":"Stormshield","description":"Stormshield","potentialAction":[{"@type":"SearchAction","target":{"@type":"EntryPoint","urlTemplate":"https:\/\/www.stormshield.com\/fr\/?s={search_term_string}"},"query-input":{"@type":"PropertyValueSpecification","valueRequired":true,"valueName":"search_term_string"}}],"inLanguage":"fr-FR"}]}},"_links":{"self":[{"href":"https:\/\/www.stormshield.com\/fr\/wp-json\/wp\/v2\/pages\/38760","targetHints":{"allow":["GET"]}}],"collection":[{"href":"https:\/\/www.stormshield.com\/fr\/wp-json\/wp\/v2\/pages"}],"about":[{"href":"https:\/\/www.stormshield.com\/fr\/wp-json\/wp\/v2\/types\/page"}],"author":[{"embeddable":true,"href":"https:\/\/www.stormshield.com\/fr\/wp-json\/wp\/v2\/users\/9"}],"replies":[{"embeddable":true,"href":"https:\/\/www.stormshield.com\/fr\/wp-json\/wp\/v2\/comments?post=38760"}],"version-history":[{"count":80,"href":"https:\/\/www.stormshield.com\/fr\/wp-json\/wp\/v2\/pages\/38760\/revisions"}],"predecessor-version":[{"id":484360,"href":"https:\/\/www.stormshield.com\/fr\/wp-json\/wp\/v2\/pages\/38760\/revisions\/484360"}],"up":[{"embeddable":true,"href":"https:\/\/www.stormshield.com\/fr\/wp-json\/wp\/v2\/pages\/22528"}],"wp:attachment":[{"href":"https:\/\/www.stormshield.com\/fr\/wp-json\/wp\/v2\/media?parent=38760"}],"curies":[{"name":"wp","href":"https:\/\/api.w.org\/{rel}","templated":true}]}}