{"id":270297,"date":"2022-04-15T13:13:18","date_gmt":"2022-04-15T12:13:18","guid":{"rendered":"https:\/\/www.stormshield.com\/?page_id=270297"},"modified":"2023-03-15T16:05:47","modified_gmt":"2023-03-15T15:05:47","slug":"zero-ransomware","status":"publish","type":"page","link":"https:\/\/www.stormshield.com\/fr\/zero-ransomware\/","title":{"rendered":"Zero ransomware"},"content":{"rendered":"<div class=\"wpb-content-wrapper\"><p>[vc_row css_animation=\"\" row_type=\"row\" use_row_as_full_screen_section=\"no\" type=\"full_width\" angled_section=\"no\" text_align=\"left\" background_image_as_pattern=\"without_pattern\" z_index=\"\"][vc_column][vc_row_inner row_type=\"row\" type=\"grid\" text_align=\"right\" css_animation=\"\"][vc_column_inner width=\"1\/2\" css=\".vc_custom_1646747775392{padding-top: 15px !important;}\"][vc_single_image image=\"109492\" img_size=\"full\" qode_css_animation=\"\"][\/vc_column_inner][vc_column_inner width=\"1\/6\"][\/vc_column_inner][vc_column_inner width=\"1\/6\"][\/vc_column_inner][vc_column_inner width=\"1\/6\"][\/vc_column_inner][\/vc_row_inner][vc_empty_space height=\"12px\"][\/vc_column][\/vc_row][vc_row css_animation=\"\" row_type=\"row\" use_row_as_full_screen_section=\"yes\" type=\"full_width\" header_style=\"light\" angled_section=\"no\" text_align=\"left\" background_image_as_pattern=\"without_pattern\" z_index=\"\"][vc_column][vc_row_inner row_type=\"row\" type=\"grid\" text_align=\"left\" css_animation=\"\"][vc_column_inner width=\"1\/2\" css=\".vc_custom_1647426012138{padding-top: 100px !important;padding-bottom: 100px !important;}\"][vc_column_text]<span style=\"color: #000; font-size: 12px; text-transform: uppercase; font-weight: 300;\">Ransomware\/Ran\u00e7ongiciel<\/span>[\/vc_column_text][vc_column_text]<\/p>\n<h1><span style=\"color: #000; font-size: 50px; text-transform: uppercase; font-weight: 900;\">Ne payez pas la ran\u00e7on\u00a0!<\/span><\/h1>\n<p>[\/vc_column_text][vc_empty_space height=\"20px\"][vc_column_text]<span style=\"font-size: 20px; color: #333333;\"><strong>Extorsion, chantage, vol d\u2019information cruciale, perte de productivit\u00e9, r\u00e9putation d\u2019entreprise en chute libre\u2026<\/strong> L'actualit\u00e9 nous montre chaque jour comment des entreprises perdent rapidement toute la richesse de leur travail.<\/span>[\/vc_column_text][vc_empty_space height=\"15px\"][\/vc_column_inner][vc_column_inner width=\"1\/2\"][vc_single_image image=\"385022\" img_size=\"full\" qode_css_animation=\"\"][\/vc_column_inner][\/vc_row_inner][\/vc_column][\/vc_row][vc_row css_animation=\"\" row_type=\"row\" use_row_as_full_screen_section=\"no\" type=\"grid\" angled_section=\"no\" text_align=\"left\" background_image_as_pattern=\"without_pattern\" z_index=\"\" css=\".vc_custom_1645784645892{padding-top: 50px !important;}\" background_color=\"#ffffff\"][vc_column][vc_row_inner row_type=\"row\" type=\"full_width\" text_align=\"left\" css_animation=\"\"][vc_column_inner width=\"1\/2\"][vc_empty_space height=\"20px\"][vc_column_text]<span style=\"color: #000; font-size: 12px; text-transform: uppercase; font-weight: 300;\">Lutter contre les ransomwares<\/span>[\/vc_column_text][vc_column_text]<\/p>\n<h2 style=\"text-align: left;\"><span style=\"text-transform: uppercase; font-size: 30pt; color: #000;\"><strong>Ransomware, une menace grandissante<\/strong><\/span><\/h2>\n<p>Les attaques par ransomware sont \u00e0 ce jour la principale menace cyber concernant la s\u00e9curit\u00e9 des entreprises. Et le ph\u00e9nom\u00e8ne s'acc\u00e9l\u00e8re depuis ces derni\u00e8res ann\u00e9es. En parall\u00e8le de la hausse de 255% des incidents dus aux ransomwares en France, ces attaques de ransomwares ont doubl\u00e9 en au niveau mondial en 2021.[\/vc_column_text][vc_empty_space height=\"50px\"][\/vc_column_inner][vc_column_inner width=\"1\/2\"][vc_empty_space height=\"50px\"]<div class=\"q_counter_holder  center\" style=\"\" data-digit=\"255%\"><span class=\"counter  zero\" style=\"font-size: 100px;font-weight: 900;\">255%<\/span><span class=\"separator small\" style=\"background-color: #00aeef;\"><\/span><p class=\"counter_text\" style=\"font-size: 14px;font-weight: 200;\">L'ANSSI rapportait une augmentation de 255% des signalements d'attaques par ransomware en France. Un chiffre qui ne peut pas prendre en compte celles qui ne sont m\u00eame pas remont\u00e9es...<\/p><\/div>[\/vc_column_inner][\/vc_row_inner][\/vc_column][\/vc_row][vc_row css_animation=\"\" row_type=\"row\" use_row_as_full_screen_section=\"no\" type=\"grid\" angled_section=\"no\" text_align=\"left\" background_image_as_pattern=\"without_pattern\" z_index=\"\" css=\".vc_custom_1645784645892{padding-top: 50px !important;}\" background_color=\"#ffffff\"][vc_column][vc_row_inner row_type=\"row\" type=\"full_width\" text_align=\"left\" css_animation=\"\"][vc_column_inner width=\"1\/2\"][vc_empty_space height=\"50px\"]<div class=\"q_counter_holder  center\" style=\"\" data-digit=\"40\"><span class=\"counter  zero\" style=\"font-size: 100px;font-weight: 900;\">40<\/span><span class=\"separator small\" style=\"background-color: #00aeef;\"><\/span><p class=\"counter_text\" style=\"font-size: 14px;font-weight: 200;\">Parmi les attaques par ransomware qu'elles ont comptabilis\u00e9es en 2021, les \u00e9quipes de l'ANSSI ont list\u00e9 une quarantaine de ransomwares diff\u00e9rents.<\/p><\/div>[\/vc_column_inner][vc_column_inner width=\"1\/2\"][vc_empty_space height=\"20px\"][vc_column_text]<span style=\"color: #000; font-size: 12px; text-transform: uppercase; font-weight: 300;\">50 nuances de ransomware<\/span>[\/vc_column_text][vc_column_text]<\/p>\n<h2 style=\"text-align: left;\"><span style=\"text-transform: uppercase; font-size: 30pt; color: #000;\"><strong>Ransomware, une menace multiple<\/strong><\/span><\/h2>\n<p>De la TPE au grand groupe international, c\u2019est l\u2019ensemble du tissu \u00e9conomique mondial qui peut \u00eatre vis\u00e9 : les groupes de cyber-criminels ne visent pas, en r\u00e8gle g\u00e9n\u00e9rale, une entreprise sp\u00e9cifique. Pour cela, ils font appel \u00e0 des familles de ransomwares, dont certaines se sont d\u00e9marqu\u00e9es par leur r\u00e9currence au cours des douze derniers mois : REvil, BlackMatter ou encore LockBit 2.0.[\/vc_column_text][vc_empty_space height=\"50px\"][\/vc_column_inner][\/vc_row_inner][\/vc_column][\/vc_row][vc_row css_animation=\"\" row_type=\"row\" use_row_as_full_screen_section=\"yes\" type=\"full_width\" angled_section=\"no\" text_align=\"left\" background_image_as_pattern=\"without_pattern\" z_index=\"\" background_image=\"270415\" css=\".vc_custom_1647258823296{padding-top: 200px !important;}\" background_color=\"#f9f9f9\"][vc_column][vc_row_inner row_type=\"row\" type=\"grid\" text_align=\"left\" css_animation=\"\"][vc_column_inner width=\"1\/4\"][\/vc_column_inner][vc_column_inner width=\"3\/4\" css=\".vc_custom_1646748236937{padding-left: 140px !important;}\"][vc_column_text]<span style=\"color: #000; font-size: 12px; text-transform: uppercase; font-weight: 300;\">Que faire face \u00e0 une attaque ransomware<\/span><\/p>\n<p style=\"text-align: left;\"><span style=\"text-transform: uppercase; font-size: 30pt; color: #000;\"><strong>Un webinaire interactif <\/strong>autour des ransomwares<\/span><\/p>\n<p>[\/vc_column_text][vc_column_text]Autour de la solution Stormshield Endpoint Security Evolution qui renforce les protections contre les ransomwares, <strong>Manuel Jordan<\/strong>, Product Marketing Manager, vous proposait un nouveau rendez-vous avec <strong>S\u00e9bastien Viou<\/strong>, Directeur Cybers\u00e9curit\u00e9 Produit, ainsi que\u00a0<strong>Cyril Cl\u00e9aud<\/strong>, Cybersecurity Engineer, et\u00a0<strong>Frantz Cournil<\/strong>, Product Leader R&amp;D, afin de r\u00e9pondre \u00e0 toutes vos questions sur cette avanc\u00e9e majeure dans la protection des ressources de votre entreprise.[\/vc_column_text][vc_empty_space][vc_video link=\"https:\/\/youtu.be\/azdrKZzyWgg\" align=\"center\"][vc_empty_space height=\"50px\"][\/vc_column_inner][\/vc_row_inner][\/vc_column][\/vc_row][vc_row css_animation=\"\" row_type=\"row\" use_row_as_full_screen_section=\"no\" type=\"grid\" angled_section=\"no\" text_align=\"left\" background_image_as_pattern=\"without_pattern\" z_index=\"\" css=\".vc_custom_1647514809998{padding-top: 50px !important;}\" background_color=\"#00aeef\"][vc_column][vc_row_inner row_type=\"row\" type=\"full_width\" text_align=\"left\" css_animation=\"\"][vc_column_inner][vc_column_text]<span style=\"color: #ffffff; font-size: 12px; text-transform: uppercase; font-weight: 300;\">Ransomware-as-a-service<\/span><\/p>\n<p style=\"text-align: left;\"><span style=\"text-transform: uppercase; font-size: 30pt; color: #ffffff;\">Un focus sur <strong>le ransomware LockBit\u00a02.0<\/strong><\/span><\/p>\n<p>[\/vc_column_text][vc_column_text]<\/p>\n<p style=\"text-align: left;\"><span style=\"color: #ffffff;\">LockBit est un groupe de cyber-criminels, op\u00e9rant selon un mod\u00e8le de <em>Ransomware-as-a-Service<\/em> (RaaS), \u00e0 l'image d'un produit cl\u00e9 en main. Faisant partie des groupes ciblant le plus les entreprises fran\u00e7aises, LockBit propose sa plateforme de ransomware \u00e0 d\u2019autres entit\u00e9s ou individus qui l\u2019utilisent selon un mod\u00e8le d\u2019affiliation. Retrouvez notre analyse technique du ransomware.<\/span><\/p>\n<p>[\/vc_column_text][vc_empty_space]<a  itemprop=\"url\" href=\"https:\/\/www.stormshield.com\/wp-content\/uploads\/SES-FR-LockBit2.0-ThreatAdvisory-202203.pdf\" target=\"_blank\"  class=\"qbutton  white default\" style=\"\">Explication technique du ransomware LockBit<i class=\"qode_icon_font_awesome fa fa-angle-right qode_button_icon_element\"><\/i><\/a>[vc_empty_space height=\"50px\"][\/vc_column_inner][\/vc_row_inner][\/vc_column][\/vc_row][vc_row css_animation=\"\" row_type=\"row\" use_row_as_full_screen_section=\"no\" type=\"grid\" angled_section=\"no\" text_align=\"left\" background_image_as_pattern=\"without_pattern\" z_index=\"\"][vc_column][vc_row_inner row_type=\"row\" type=\"full_width\" text_align=\"left\" css_animation=\"\"][vc_column_inner width=\"1\/2\"][vc_empty_space height=\"50px\"][vc_single_image image=\"270239\" img_size=\"full\" qode_css_animation=\"\"][\/vc_column_inner][vc_column_inner width=\"1\/2\"][vc_empty_space height=\"50px\"][vc_column_text]<span style=\"color: #000; font-size: 12px; text-transform: uppercase; font-weight: 300;\">Solution pour ransomware<\/span><\/p>\n<p style=\"text-align: left;\"><span style=\"text-transform: uppercase; font-size: 30pt; color: #000;\">En savoir plus sur <strong>Stormshield Endpoint Security Evolution<\/strong><\/span><\/p>\n<p>[\/vc_column_text][vc_column_text]Stormshield Endpoint Security Evolution vous propose une nouvelle g\u00e9n\u00e9ration de solution de cybers\u00e9curit\u00e9 en mesure de garantir une protection compl\u00e8te des terminaux et serveurs face aux ransomwares. La solution allie des fonctions de protection de postes (EPP) et de d\u00e9tection (EDR) pour assurer de mani\u00e8re proactive le blocage des attaques les plus sophistiqu\u00e9es et fournir les \u00e9l\u00e9ments d\u2019analyses ult\u00e9rieures.[\/vc_column_text][vc_empty_space height=\"50px\"][\/vc_column_inner][\/vc_row_inner][vc_row_inner row_type=\"row\" type=\"full_width\" text_align=\"left\" css_animation=\"\"][vc_column_inner width=\"1\/4\"]<span data-type=\"normal\" data-hover-icon-color=\"#00aeef\" class=\"qode_icon_shortcode  q_font_awsome_icon fa-4x pull-center \" style=\" \"><a  itemprop=\"url\" href=\"https:\/\/www.stormshield.com\/fr\/ressourcescenter\/endpoint-security-datasheet\/\" target=\"_blank\"><span aria-hidden=\"true\" class=\"qode_icon_font_elegant icon_document qode_icon_element\" style=\"color: #e8e8e8;\" ><\/span><\/a><\/span>[vc_empty_space height=\"20px\"][vc_column_text]<\/p>\n<p style=\"text-align: center;\"><b>Fiche produit <\/b>Stormshield Endpoint Security Evolution<\/p>\n<p>[\/vc_column_text][\/vc_column_inner][vc_column_inner width=\"1\/4\"]<span data-type=\"normal\" data-hover-icon-color=\"#00aeef\" class=\"qode_icon_shortcode  q_font_awsome_icon fa-4x pull-center \" style=\" \"><a  itemprop=\"url\" href=\"https:\/\/www.stormshield.com\/fr\/ressourcescenter\/gamme-protection-des-postes-et-serveurs-endpoint-security\/\" target=\"_blank\"><span aria-hidden=\"true\" class=\"qode_icon_font_elegant icon_documents qode_icon_element\" style=\"color: #e8e8e8;\" ><\/span><\/a><\/span>[vc_empty_space height=\"20px\"][vc_column_text]<\/p>\n<p style=\"text-align: center;\"><strong>Brochure<\/strong> Stormshield Endpoint Security Evolution<\/p>\n<p>[\/vc_column_text][\/vc_column_inner][vc_column_inner width=\"1\/4\"]<span data-type=\"normal\" data-hover-icon-color=\"#00aeef\" class=\"qode_icon_shortcode  q_font_awsome_icon fa-4x pull-center \" style=\" \"><a  itemprop=\"url\" href=\"https:\/\/www.stormshield.com\/wp-content\/uploads\/SES-FR-Ransomware-Infographics-202204.pdf\" target=\"_blank\"><span aria-hidden=\"true\" class=\"qode_icon_font_elegant icon_datareport qode_icon_element\" style=\"color: #e8e8e8;\" ><\/span><\/a><\/span>[vc_empty_space height=\"20px\"][vc_column_text]<\/p>\n<p style=\"text-align: center;\"><strong>Infographie<\/strong> face aux ransomwares<\/p>\n<p>[\/vc_column_text][\/vc_column_inner][vc_column_inner width=\"1\/4\"]<span data-type=\"normal\" data-hover-icon-color=\"#00aeef\" class=\"qode_icon_shortcode  q_font_awsome_icon fa-4x pull-center \" style=\" \"><a  itemprop=\"url\" href=\"https:\/\/www.stormshield.com\/fr\/produits-et-services\/produits\/protection-des-postes-et-serveurs\/stormshield-endpoint-security\/\" target=\"_self\"><span aria-hidden=\"true\" class=\"qode_icon_font_elegant icon_desktop qode_icon_element\" style=\"color: #e8e8e8;\" ><\/span><\/a><\/span>[vc_empty_space height=\"20px\"][vc_column_text]<\/p>\n<p style=\"text-align: center;\"><b>Page produit <\/b>Stormshield Endpoint Security Evolution<\/p>\n<p>[\/vc_column_text][\/vc_column_inner][\/vc_row_inner][\/vc_column][\/vc_row][vc_row css_animation=\"\" row_type=\"row\" use_row_as_full_screen_section=\"no\" type=\"full_width\" angled_section=\"no\" text_align=\"left\" background_image_as_pattern=\"without_pattern\"][vc_column][vc_empty_space][\/vc_column][\/vc_row]<\/p>\n<\/div>","protected":false},"excerpt":{"rendered":"<p>[vc_row css_animation=\u00a0\u00bb\u00a0\u00bb row_type=\u00a0\u00bbrow\u00a0\u00bb use_row_as_full_screen_section=\u00a0\u00bbno\u00a0\u00bb type=\u00a0\u00bbfull_width\u00a0\u00bb angled_section=\u00a0\u00bbno\u00a0\u00bb text_align=\u00a0\u00bbleft\u00a0\u00bb background_image_as_pattern=\u00a0\u00bbwithout_pattern\u00a0\u00bb z_index=\u00a0\u00bb\u00a0\u00bb][vc_column][vc_row_inner row_type=\u00a0\u00bbrow\u00a0\u00bb type=\u00a0\u00bbgrid\u00a0\u00bb text_align=\u00a0\u00bbright\u00a0\u00bb css_animation=\u00a0\u00bb\u00a0\u00bb][vc_column_inner width=\u00a0\u00bb1\/2&Prime; css=\u00a0\u00bb.vc_custom_1646747775392{padding-top: 15px !important;}\u00a0\u00bb][vc_single_image image=\u00a0\u00bb109492&Prime; img_size=\u00a0\u00bbfull\u00a0\u00bb qode_css_animation=\u00a0\u00bb\u00a0\u00bb][\/vc_column_inner][vc_column_inner width=\u00a0\u00bb1\/6&Prime;][\/vc_column_inner][vc_column_inner width=\u00a0\u00bb1\/6&Prime;][\/vc_column_inner][vc_column_inner width=\u00a0\u00bb1\/6&Prime;][\/vc_column_inner][\/vc_row_inner][vc_empty_space height=\u00a0\u00bb12px\u00a0\u00bb][\/vc_column][\/vc_row][vc_row css_animation=\u00a0\u00bb\u00a0\u00bb row_type=\u00a0\u00bbrow\u00a0\u00bb use_row_as_full_screen_section=\u00a0\u00bbyes\u00a0\u00bb type=\u00a0\u00bbfull_width\u00a0\u00bb header_style=\u00a0\u00bblight\u00a0\u00bb angled_section=\u00a0\u00bbno\u00a0\u00bb text_align=\u00a0\u00bbleft\u00a0\u00bb background_image_as_pattern=\u00a0\u00bbwithout_pattern\u00a0\u00bb z_index=\u00a0\u00bb\u00a0\u00bb][vc_column][vc_row_inner row_type=\u00a0\u00bbrow\u00a0\u00bb type=\u00a0\u00bbgrid\u00a0\u00bb text_align=\u00a0\u00bbleft\u00a0\u00bb css_animation=\u00a0\u00bb\u00a0\u00bb][vc_column_inner width=\u00a0\u00bb1\/2&Prime; css=\u00a0\u00bb.vc_custom_1647426012138{padding-top: 100px !important;padding-bottom: 100px !important;}\u00a0\u00bb][vc_column_text]Ransomware\/Ran\u00e7ongiciel[\/vc_column_text][vc_column_text] Ne payez&#8230;<\/p>\n","protected":false},"author":11,"featured_media":0,"parent":0,"menu_order":0,"comment_status":"closed","ping_status":"closed","template":"landing_page.php","meta":{"_acf_changed":false,"footnotes":""},"class_list":["post-270297","page","type-page","status-publish","hentry"],"acf":[],"yoast_head":"<!-- This site is optimized with the Yoast SEO plugin v27.3 - https:\/\/yoast.com\/product\/yoast-seo-wordpress\/ -->\n<title>Attaque de ransomware : lutter, d\u00e9tecter, \u00e9viter | Stormshield<\/title>\n<meta name=\"description\" content=\"Face aux ransomwares, d\u00e9couvrez Stormshield Endpoint Security Evolution, notre solution contre les ransomwares.\" \/>\n<meta name=\"robots\" content=\"index, follow, max-snippet:-1, max-image-preview:large, max-video-preview:-1\" \/>\n<link rel=\"canonical\" href=\"https:\/\/www.stormshield.com\/fr\/zero-ransomware\/\" \/>\n<meta property=\"og:locale\" content=\"fr_FR\" \/>\n<meta property=\"og:type\" content=\"article\" \/>\n<meta property=\"og:title\" content=\"Attaque de ransomware : lutter, d\u00e9tecter, \u00e9viter | Stormshield\" \/>\n<meta property=\"og:description\" content=\"Face aux ransomwares, d\u00e9couvrez Stormshield Endpoint Security Evolution, notre solution contre les ransomwares.\" \/>\n<meta property=\"og:url\" content=\"https:\/\/www.stormshield.com\/fr\/zero-ransomware\/\" \/>\n<meta property=\"og:site_name\" content=\"Stormshield\" \/>\n<meta property=\"article:modified_time\" content=\"2023-03-15T15:05:47+00:00\" \/>\n<meta property=\"og:image\" content=\"https:\/\/www.stormshield.com\/wp-content\/uploads\/stormshield_logo.png\" \/>\n\t<meta property=\"og:image:width\" content=\"204\" \/>\n\t<meta property=\"og:image:height\" content=\"94\" \/>\n\t<meta property=\"og:image:type\" content=\"image\/png\" \/>\n<meta name=\"twitter:card\" content=\"summary_large_image\" \/>\n<meta name=\"twitter:site\" content=\"@Stormshield\" \/>\n<meta name=\"twitter:label1\" content=\"Dur\u00e9e de lecture estim\u00e9e\" \/>\n\t<meta name=\"twitter:data1\" content=\"4 minutes\" \/>\n<script type=\"application\/ld+json\" class=\"yoast-schema-graph\">{\"@context\":\"https:\\\/\\\/schema.org\",\"@graph\":[{\"@type\":\"WebPage\",\"@id\":\"https:\\\/\\\/www.stormshield.com\\\/fr\\\/zero-ransomware\\\/\",\"url\":\"https:\\\/\\\/www.stormshield.com\\\/fr\\\/zero-ransomware\\\/\",\"name\":\"Attaque de ransomware : lutter, d\u00e9tecter, \u00e9viter | Stormshield\",\"isPartOf\":{\"@id\":\"https:\\\/\\\/www.stormshield.com\\\/fr\\\/#website\"},\"datePublished\":\"2022-04-15T12:13:18+00:00\",\"dateModified\":\"2023-03-15T15:05:47+00:00\",\"description\":\"Face aux ransomwares, d\u00e9couvrez Stormshield Endpoint Security Evolution, notre solution contre les ransomwares.\",\"breadcrumb\":{\"@id\":\"https:\\\/\\\/www.stormshield.com\\\/fr\\\/zero-ransomware\\\/#breadcrumb\"},\"inLanguage\":\"fr-FR\",\"potentialAction\":[{\"@type\":\"ReadAction\",\"target\":[\"https:\\\/\\\/www.stormshield.com\\\/fr\\\/zero-ransomware\\\/\"]}]},{\"@type\":\"BreadcrumbList\",\"@id\":\"https:\\\/\\\/www.stormshield.com\\\/fr\\\/zero-ransomware\\\/#breadcrumb\",\"itemListElement\":[{\"@type\":\"ListItem\",\"position\":1,\"name\":\"Home\",\"item\":\"https:\\\/\\\/www.stormshield.com\\\/fr\\\/\"},{\"@type\":\"ListItem\",\"position\":2,\"name\":\"Zero ransomware\"}]},{\"@type\":\"WebSite\",\"@id\":\"https:\\\/\\\/www.stormshield.com\\\/fr\\\/#website\",\"url\":\"https:\\\/\\\/www.stormshield.com\\\/fr\\\/\",\"name\":\"Stormshield\",\"description\":\"Stormshield\",\"potentialAction\":[{\"@type\":\"SearchAction\",\"target\":{\"@type\":\"EntryPoint\",\"urlTemplate\":\"https:\\\/\\\/www.stormshield.com\\\/fr\\\/?s={search_term_string}\"},\"query-input\":{\"@type\":\"PropertyValueSpecification\",\"valueRequired\":true,\"valueName\":\"search_term_string\"}}],\"inLanguage\":\"fr-FR\"}]}<\/script>\n<!-- \/ Yoast SEO plugin. -->","yoast_head_json":{"title":"Attaque de ransomware : lutter, d\u00e9tecter, \u00e9viter | Stormshield","description":"Face aux ransomwares, d\u00e9couvrez Stormshield Endpoint Security Evolution, notre solution contre les ransomwares.","robots":{"index":"index","follow":"follow","max-snippet":"max-snippet:-1","max-image-preview":"max-image-preview:large","max-video-preview":"max-video-preview:-1"},"canonical":"https:\/\/www.stormshield.com\/fr\/zero-ransomware\/","og_locale":"fr_FR","og_type":"article","og_title":"Attaque de ransomware : lutter, d\u00e9tecter, \u00e9viter | Stormshield","og_description":"Face aux ransomwares, d\u00e9couvrez Stormshield Endpoint Security Evolution, notre solution contre les ransomwares.","og_url":"https:\/\/www.stormshield.com\/fr\/zero-ransomware\/","og_site_name":"Stormshield","article_modified_time":"2023-03-15T15:05:47+00:00","og_image":[{"width":204,"height":94,"url":"https:\/\/www.stormshield.com\/wp-content\/uploads\/stormshield_logo.png","type":"image\/png"}],"twitter_card":"summary_large_image","twitter_site":"@Stormshield","twitter_misc":{"Dur\u00e9e de lecture estim\u00e9e":"4 minutes"},"schema":{"@context":"https:\/\/schema.org","@graph":[{"@type":"WebPage","@id":"https:\/\/www.stormshield.com\/fr\/zero-ransomware\/","url":"https:\/\/www.stormshield.com\/fr\/zero-ransomware\/","name":"Attaque de ransomware : lutter, d\u00e9tecter, \u00e9viter | Stormshield","isPartOf":{"@id":"https:\/\/www.stormshield.com\/fr\/#website"},"datePublished":"2022-04-15T12:13:18+00:00","dateModified":"2023-03-15T15:05:47+00:00","description":"Face aux ransomwares, d\u00e9couvrez Stormshield Endpoint Security Evolution, notre solution contre les ransomwares.","breadcrumb":{"@id":"https:\/\/www.stormshield.com\/fr\/zero-ransomware\/#breadcrumb"},"inLanguage":"fr-FR","potentialAction":[{"@type":"ReadAction","target":["https:\/\/www.stormshield.com\/fr\/zero-ransomware\/"]}]},{"@type":"BreadcrumbList","@id":"https:\/\/www.stormshield.com\/fr\/zero-ransomware\/#breadcrumb","itemListElement":[{"@type":"ListItem","position":1,"name":"Home","item":"https:\/\/www.stormshield.com\/fr\/"},{"@type":"ListItem","position":2,"name":"Zero ransomware"}]},{"@type":"WebSite","@id":"https:\/\/www.stormshield.com\/fr\/#website","url":"https:\/\/www.stormshield.com\/fr\/","name":"Stormshield","description":"Stormshield","potentialAction":[{"@type":"SearchAction","target":{"@type":"EntryPoint","urlTemplate":"https:\/\/www.stormshield.com\/fr\/?s={search_term_string}"},"query-input":{"@type":"PropertyValueSpecification","valueRequired":true,"valueName":"search_term_string"}}],"inLanguage":"fr-FR"}]}},"_links":{"self":[{"href":"https:\/\/www.stormshield.com\/fr\/wp-json\/wp\/v2\/pages\/270297","targetHints":{"allow":["GET"]}}],"collection":[{"href":"https:\/\/www.stormshield.com\/fr\/wp-json\/wp\/v2\/pages"}],"about":[{"href":"https:\/\/www.stormshield.com\/fr\/wp-json\/wp\/v2\/types\/page"}],"author":[{"embeddable":true,"href":"https:\/\/www.stormshield.com\/fr\/wp-json\/wp\/v2\/users\/11"}],"replies":[{"embeddable":true,"href":"https:\/\/www.stormshield.com\/fr\/wp-json\/wp\/v2\/comments?post=270297"}],"version-history":[{"count":52,"href":"https:\/\/www.stormshield.com\/fr\/wp-json\/wp\/v2\/pages\/270297\/revisions"}],"predecessor-version":[{"id":385028,"href":"https:\/\/www.stormshield.com\/fr\/wp-json\/wp\/v2\/pages\/270297\/revisions\/385028"}],"wp:attachment":[{"href":"https:\/\/www.stormshield.com\/fr\/wp-json\/wp\/v2\/media?parent=270297"}],"curies":[{"name":"wp","href":"https:\/\/api.w.org\/{rel}","templated":true}]}}