{"id":267448,"date":"2022-03-07T13:39:04","date_gmt":"2022-03-07T12:39:04","guid":{"rendered":"https:\/\/www.stormshield.com\/?page_id=267448"},"modified":"2023-11-20T16:46:53","modified_gmt":"2023-11-20T15:46:53","slug":"ses","status":"publish","type":"page","link":"https:\/\/www.stormshield.com\/fr\/besoin-accompagnement\/services\/formations\/ses\/","title":{"rendered":"Formations SES"},"content":{"rendered":"<div class=\"wpb-content-wrapper\"><p>[vc_row css_animation=\"\" row_type=\"row\" use_row_as_full_screen_section=\"no\" type=\"grid\" angled_section=\"no\" text_align=\"left\" background_image_as_pattern=\"without_pattern\" z_index=\"\" padding_top=\"50\" padding_bottom=\"50\"][vc_column][vc_empty_space][vc_column_text]<\/p>\n<h1 style=\"text-align: center;\"><span style=\"color: #00aaf5;\"><span style=\"font-weight: 900; font-size: 1.5em;\">Formations SES : <\/span><\/span><span style=\"color: #00aaf5;\"><span style=\"font-weight: 300; font-size: 1.5em;\">tout savoir sur la protection des postes et des serveurs<\/span><\/span><\/h1>\n<p>[\/vc_column_text][vc_empty_space][\/vc_column][\/vc_row][vc_row css_animation=\"\" row_type=\"row\" use_row_as_full_screen_section=\"no\" type=\"grid\" angled_section=\"no\" text_align=\"left\" background_image_as_pattern=\"without_pattern\" z_index=\"\"][vc_column width=\"2\/3\"][vc_column_text]<span style=\"color: #000; font-size: 1.1em;\"><strong>Avec nos formations Stormshield Endpoint Security, augmentez vos connaissances autour de la protection des postes de travail et des serveurs.<\/strong> Sensibles aux vuln\u00e9rabilit\u00e9s et cyberattaques en tout genre, les postes de travail de vos collaborateurs et les serveurs de votre entreprise m\u00e9ritent une attention toute particuli\u00e8re. Entre pr\u00e9sentation et labs pratiques, nos formations Certified Stormshield Endpoint Administrator (CSEA) et Certified Stormshield Endpoint Expert (CSEE) vous aideront dans le d\u00e9ploiement et la ma\u00eetrise de notre solution Stormshield Endpoint Security.<\/span>[\/vc_column_text][\/vc_column][vc_column width=\"1\/3\"][vc_single_image image=\"456833\" img_size=\"medium\" alignment=\"center\" qode_css_animation=\"\"][\/vc_column][\/vc_row][vc_row css_animation=\"\" row_type=\"row\" use_row_as_full_screen_section=\"no\" type=\"grid\" angled_section=\"no\" text_align=\"left\" background_image_as_pattern=\"without_pattern\" z_index=\"\" padding_bottom=\"50\" css=\".vc_custom_1699974777591{background-color: #ffffff !important;}\" padding_top=\"50\"][vc_column][vc_row_inner row_type=\"row\" type=\"full_width\" text_align=\"left\" css_animation=\"\" background_color=\"#f9f9f9\" css=\".vc_custom_1699973877944{padding-top: 32px !important;padding-right: 32px !important;padding-bottom: 32px !important;padding-left: 32px !important;}\"][vc_column_inner width=\"1\/2\"][vc_column_text]<\/p>\n<h2 style=\"text-align: left;\"><span style=\"color: #000; font-size: 1.2em; font-weight: 900;\">Formation CSEA : devenez un as de la protection des postes de travail de l'entreprise<\/span><\/h2>\n<p><span style=\"color: #000; font-size: 1.1em;\">Spearphishing, ransomware, utilisation d\u00e9tourn\u00e9e de logiciels... La protection des postes de travail, des serveurs et des terminaux est votre point faible ? En deux jours, la s\u00e9curit\u00e9 et le contr\u00f4le complet des applications, des p\u00e9riph\u00e9riques et des connexions r\u00e9seaux ne pr\u00e9senteront plus aucune difficult\u00e9 pour vous gr\u00e2ce \u00e0 notre formation Certified Stormshield Endpoint Administrator (CSEA).<\/span>[\/vc_column_text][vc_empty_space]<a  itemprop=\"url\" href=\"https:\/\/www.stormshield.com\/fr\/besoin-accompagnement\/services\/formations\/ses\/formation-csea\/\" target=\"_blank\" data-hover-background-color=\"#d23467\" data-hover-border-color=\"#ffffff\" class=\"qbutton  white enlarge\" style=\"border-color: #ffffff; background-color:#060051;\">CSEA<i class=\"qode_icon_font_awesome fa fa-angle-right qode_button_icon_element\"><\/i><\/a>[\/vc_column_inner][vc_column_inner width=\"1\/2\"][vc_column_text]<\/p>\n<h2 style=\"text-align: left;\"><span style=\"color: #000; font-size: 1.2em; font-weight: 900;\">Formation CSEE : devenez un expert de la protection des postes de travail de l'entreprise<\/span><\/h2>\n<p><span style=\"color: #000; font-size: 1.1em;\">Et pour aller plus loin, choisissez notre formation Certified Stormshield Endpoint Expert (CSEE) et ma\u00eetrisez la configuration de l\u2019ensemble des fonctionnalit\u00e9s de la solution Stormshield Endpoint Security. Pour suivre cette formation sanctionn\u00e9e par un examen certifiant, la certification CSEA est requise.<\/span>[\/vc_column_text][vc_empty_space]<a  itemprop=\"url\" href=\"https:\/\/www.stormshield.com\/fr\/besoin-accompagnement\/services\/formations\/ses\/formation-csee\/\" target=\"_blank\" data-hover-background-color=\"#d23467\" data-hover-border-color=\"#ffffff\" class=\"qbutton  white enlarge\" style=\"border-color: #ffffff; background-color:#060051;\">CSEE<i class=\"qode_icon_font_awesome fa fa-angle-right qode_button_icon_element\"><\/i><\/a>[\/vc_column_inner][\/vc_row_inner][\/vc_column][\/vc_row][vc_row css_animation=\"\" row_type=\"row\" use_row_as_full_screen_section=\"no\" type=\"grid\" angled_section=\"no\" text_align=\"left\" background_image_as_pattern=\"without_pattern\" z_index=\"\" padding_top=\"50\" padding_bottom=\"50\"][vc_column width=\"2\/3\"][vc_empty_space][vc_column_text]<\/p>\n<h2 style=\"text-align: left;\"><span style=\"color: #000; font-size: 1.2em; font-weight: 900;\">Kits de re-certification<\/span><\/h2>\n<p><span style=\"color: #000; font-size: 1.1em;\">Comme pour tout bon logiciel, une mise \u00e0 jour de votre expertise endpoint\/s\u00e9curit\u00e9 s'imposera avant le troisi\u00e8me anniversaire de votre certification. Vous pourrez la faire gr\u00e2ce \u00e0 nos kits en ligne de re-certification qui permettent de renouveler votre certification pour trois ann\u00e9es suppl\u00e9mentaires.<\/span>[\/vc_column_text][vc_empty_space]<a  itemprop=\"url\" href=\"https:\/\/www.stormshield.com\/fr\/contact\/formation\/\" target=\"_blank\" data-hover-background-color=\"#d23467\" data-hover-border-color=\"#ffffff\" class=\"qbutton  white enlarge\" style=\"border-color: #ffffff; background-color:#060051;\">Contact<i class=\"qode_icon_font_awesome fa fa-angle-right qode_button_icon_element\"><\/i><\/a>[vc_empty_space][\/vc_column][vc_column width=\"1\/3\" css=\".vc_custom_1699970948115{padding-right: 12px !important;padding-left: 12px !important;background-color: #f9f9f9 !important;}\"][vc_column_text]<\/p>\n<h2 style=\"text-align: left;\"><span style=\"color: #000; font-size: 1.2em; font-weight: 900;\">Calendrier<\/span><\/h2>\n<p><span style=\"color: #000; font-size: 1.1em;\">Vous souhaitez conna\u00eetre les dates des formations d\u00e9di\u00e9es \u00e0 la protection des terminaux\u00a0? D\u00e9couvrez notre calendrier des formations SES.<\/span>[\/vc_column_text][vc_empty_space]<a  itemprop=\"url\" href=\"https:\/\/www.stormshield.com\/fr\/besoin-accompagnement\/services\/formations\/calendrier-des-formations\/\" target=\"_blank\" data-hover-background-color=\"#d23467\" data-hover-border-color=\"#ffffff\" class=\"qbutton  white enlarge\" style=\"border-color: #ffffff; background-color:#060051;\">Calendrier<i class=\"qode_icon_font_awesome fa fa-angle-right qode_button_icon_element\"><\/i><\/a>[vc_empty_space][\/vc_column][\/vc_row]<\/p>\n<\/div>","protected":false},"excerpt":{"rendered":"<p>[vc_row css_animation=\u00a0\u00bb\u00a0\u00bb row_type=\u00a0\u00bbrow\u00a0\u00bb use_row_as_full_screen_section=\u00a0\u00bbno\u00a0\u00bb type=\u00a0\u00bbgrid\u00a0\u00bb angled_section=\u00a0\u00bbno\u00a0\u00bb text_align=\u00a0\u00bbleft\u00a0\u00bb background_image_as_pattern=\u00a0\u00bbwithout_pattern\u00a0\u00bb z_index=\u00a0\u00bb\u00a0\u00bb padding_top=\u00a0\u00bb50&Prime; padding_bottom=\u00a0\u00bb50&Prime;][vc_column][vc_empty_space][vc_column_text] Formations SES : tout savoir sur la protection des postes et des serveurs [\/vc_column_text][vc_empty_space][\/vc_column][\/vc_row][vc_row css_animation=\u00a0\u00bb\u00a0\u00bb row_type=\u00a0\u00bbrow\u00a0\u00bb use_row_as_full_screen_section=\u00a0\u00bbno\u00a0\u00bb type=\u00a0\u00bbgrid\u00a0\u00bb angled_section=\u00a0\u00bbno\u00a0\u00bb text_align=\u00a0\u00bbleft\u00a0\u00bb background_image_as_pattern=\u00a0\u00bbwithout_pattern\u00a0\u00bb z_index=\u00a0\u00bb\u00a0\u00bb][vc_column width=\u00a0\u00bb2\/3&Prime;][vc_column_text]Avec nos formations Stormshield Endpoint Security, augmentez vos connaissances autour de la&#8230;<\/p>\n","protected":false},"author":31,"featured_media":0,"parent":10921,"menu_order":3,"comment_status":"closed","ping_status":"closed","template":"full_width.php","meta":{"_acf_changed":false,"footnotes":""},"class_list":["post-267448","page","type-page","status-publish","hentry"],"acf":[],"yoast_head":"<!-- This site is optimized with the Yoast SEO plugin v27.3 - https:\/\/yoast.com\/product\/yoast-seo-wordpress\/ -->\n<title>Formations SES : formations certifiantes en cybers\u00e9curit\u00e9<\/title>\n<meta name=\"description\" content=\"Avec nos formation Stormshield Endpoint Security, approfondissez vos connaissances de protection des postes et serveurs.\" \/>\n<meta name=\"robots\" content=\"index, follow, max-snippet:-1, max-image-preview:large, max-video-preview:-1\" \/>\n<link rel=\"canonical\" href=\"https:\/\/www.stormshield.com\/fr\/besoin-accompagnement\/services\/formations\/ses\/\" \/>\n<meta property=\"og:locale\" content=\"fr_FR\" \/>\n<meta property=\"og:type\" content=\"article\" \/>\n<meta property=\"og:title\" content=\"Formations SES : formations certifiantes en cybers\u00e9curit\u00e9\" \/>\n<meta property=\"og:description\" content=\"Avec nos formation Stormshield Endpoint Security, approfondissez vos connaissances de protection des postes et serveurs.\" \/>\n<meta property=\"og:url\" content=\"https:\/\/www.stormshield.com\/fr\/besoin-accompagnement\/services\/formations\/ses\/\" \/>\n<meta property=\"og:site_name\" content=\"Stormshield\" \/>\n<meta property=\"article:modified_time\" content=\"2023-11-20T15:46:53+00:00\" \/>\n<meta property=\"og:image\" content=\"https:\/\/www.stormshield.com\/wp-content\/uploads\/stormshield_logo.png\" \/>\n\t<meta property=\"og:image:width\" content=\"204\" \/>\n\t<meta property=\"og:image:height\" content=\"94\" \/>\n\t<meta property=\"og:image:type\" content=\"image\/png\" \/>\n<meta name=\"twitter:card\" content=\"summary_large_image\" \/>\n<meta name=\"twitter:site\" content=\"@Stormshield\" \/>\n<meta name=\"twitter:label1\" content=\"Dur\u00e9e de lecture estim\u00e9e\" \/>\n\t<meta name=\"twitter:data1\" content=\"2 minutes\" \/>\n<script type=\"application\/ld+json\" class=\"yoast-schema-graph\">{\"@context\":\"https:\\\/\\\/schema.org\",\"@graph\":[{\"@type\":\"WebPage\",\"@id\":\"https:\\\/\\\/www.stormshield.com\\\/fr\\\/besoin-accompagnement\\\/services\\\/formations\\\/ses\\\/\",\"url\":\"https:\\\/\\\/www.stormshield.com\\\/fr\\\/besoin-accompagnement\\\/services\\\/formations\\\/ses\\\/\",\"name\":\"Formations SES : formations certifiantes en cybers\u00e9curit\u00e9\",\"isPartOf\":{\"@id\":\"https:\\\/\\\/www.stormshield.com\\\/fr\\\/#website\"},\"datePublished\":\"2022-03-07T12:39:04+00:00\",\"dateModified\":\"2023-11-20T15:46:53+00:00\",\"description\":\"Avec nos formation Stormshield Endpoint Security, approfondissez vos connaissances de protection des postes et serveurs.\",\"breadcrumb\":{\"@id\":\"https:\\\/\\\/www.stormshield.com\\\/fr\\\/besoin-accompagnement\\\/services\\\/formations\\\/ses\\\/#breadcrumb\"},\"inLanguage\":\"fr-FR\",\"potentialAction\":[{\"@type\":\"ReadAction\",\"target\":[\"https:\\\/\\\/www.stormshield.com\\\/fr\\\/besoin-accompagnement\\\/services\\\/formations\\\/ses\\\/\"]}]},{\"@type\":\"BreadcrumbList\",\"@id\":\"https:\\\/\\\/www.stormshield.com\\\/fr\\\/besoin-accompagnement\\\/services\\\/formations\\\/ses\\\/#breadcrumb\",\"itemListElement\":[{\"@type\":\"ListItem\",\"position\":1,\"name\":\"Home\",\"item\":\"https:\\\/\\\/www.stormshield.com\\\/fr\\\/\"},{\"@type\":\"ListItem\",\"position\":2,\"name\":\"Notre accompagnement\",\"item\":\"https:\\\/\\\/www.stormshield.com\\\/fr\\\/besoin-accompagnement\\\/\"},{\"@type\":\"ListItem\",\"position\":3,\"name\":\"Services\",\"item\":\"https:\\\/\\\/www.stormshield.com\\\/fr\\\/besoin-accompagnement\\\/services\\\/\"},{\"@type\":\"ListItem\",\"position\":4,\"name\":\"Formations\",\"item\":\"https:\\\/\\\/www.stormshield.com\\\/fr\\\/besoin-accompagnement\\\/services\\\/formations\\\/\"},{\"@type\":\"ListItem\",\"position\":5,\"name\":\"Formations SES\"}]},{\"@type\":\"WebSite\",\"@id\":\"https:\\\/\\\/www.stormshield.com\\\/fr\\\/#website\",\"url\":\"https:\\\/\\\/www.stormshield.com\\\/fr\\\/\",\"name\":\"Stormshield\",\"description\":\"Stormshield\",\"potentialAction\":[{\"@type\":\"SearchAction\",\"target\":{\"@type\":\"EntryPoint\",\"urlTemplate\":\"https:\\\/\\\/www.stormshield.com\\\/fr\\\/?s={search_term_string}\"},\"query-input\":{\"@type\":\"PropertyValueSpecification\",\"valueRequired\":true,\"valueName\":\"search_term_string\"}}],\"inLanguage\":\"fr-FR\"}]}<\/script>\n<!-- \/ Yoast SEO plugin. -->","yoast_head_json":{"title":"Formations SES : formations certifiantes en cybers\u00e9curit\u00e9","description":"Avec nos formation Stormshield Endpoint Security, approfondissez vos connaissances de protection des postes et serveurs.","robots":{"index":"index","follow":"follow","max-snippet":"max-snippet:-1","max-image-preview":"max-image-preview:large","max-video-preview":"max-video-preview:-1"},"canonical":"https:\/\/www.stormshield.com\/fr\/besoin-accompagnement\/services\/formations\/ses\/","og_locale":"fr_FR","og_type":"article","og_title":"Formations SES : formations certifiantes en cybers\u00e9curit\u00e9","og_description":"Avec nos formation Stormshield Endpoint Security, approfondissez vos connaissances de protection des postes et serveurs.","og_url":"https:\/\/www.stormshield.com\/fr\/besoin-accompagnement\/services\/formations\/ses\/","og_site_name":"Stormshield","article_modified_time":"2023-11-20T15:46:53+00:00","og_image":[{"width":204,"height":94,"url":"https:\/\/www.stormshield.com\/wp-content\/uploads\/stormshield_logo.png","type":"image\/png"}],"twitter_card":"summary_large_image","twitter_site":"@Stormshield","twitter_misc":{"Dur\u00e9e de lecture estim\u00e9e":"2 minutes"},"schema":{"@context":"https:\/\/schema.org","@graph":[{"@type":"WebPage","@id":"https:\/\/www.stormshield.com\/fr\/besoin-accompagnement\/services\/formations\/ses\/","url":"https:\/\/www.stormshield.com\/fr\/besoin-accompagnement\/services\/formations\/ses\/","name":"Formations SES : formations certifiantes en cybers\u00e9curit\u00e9","isPartOf":{"@id":"https:\/\/www.stormshield.com\/fr\/#website"},"datePublished":"2022-03-07T12:39:04+00:00","dateModified":"2023-11-20T15:46:53+00:00","description":"Avec nos formation Stormshield Endpoint Security, approfondissez vos connaissances de protection des postes et serveurs.","breadcrumb":{"@id":"https:\/\/www.stormshield.com\/fr\/besoin-accompagnement\/services\/formations\/ses\/#breadcrumb"},"inLanguage":"fr-FR","potentialAction":[{"@type":"ReadAction","target":["https:\/\/www.stormshield.com\/fr\/besoin-accompagnement\/services\/formations\/ses\/"]}]},{"@type":"BreadcrumbList","@id":"https:\/\/www.stormshield.com\/fr\/besoin-accompagnement\/services\/formations\/ses\/#breadcrumb","itemListElement":[{"@type":"ListItem","position":1,"name":"Home","item":"https:\/\/www.stormshield.com\/fr\/"},{"@type":"ListItem","position":2,"name":"Notre accompagnement","item":"https:\/\/www.stormshield.com\/fr\/besoin-accompagnement\/"},{"@type":"ListItem","position":3,"name":"Services","item":"https:\/\/www.stormshield.com\/fr\/besoin-accompagnement\/services\/"},{"@type":"ListItem","position":4,"name":"Formations","item":"https:\/\/www.stormshield.com\/fr\/besoin-accompagnement\/services\/formations\/"},{"@type":"ListItem","position":5,"name":"Formations SES"}]},{"@type":"WebSite","@id":"https:\/\/www.stormshield.com\/fr\/#website","url":"https:\/\/www.stormshield.com\/fr\/","name":"Stormshield","description":"Stormshield","potentialAction":[{"@type":"SearchAction","target":{"@type":"EntryPoint","urlTemplate":"https:\/\/www.stormshield.com\/fr\/?s={search_term_string}"},"query-input":{"@type":"PropertyValueSpecification","valueRequired":true,"valueName":"search_term_string"}}],"inLanguage":"fr-FR"}]}},"_links":{"self":[{"href":"https:\/\/www.stormshield.com\/fr\/wp-json\/wp\/v2\/pages\/267448","targetHints":{"allow":["GET"]}}],"collection":[{"href":"https:\/\/www.stormshield.com\/fr\/wp-json\/wp\/v2\/pages"}],"about":[{"href":"https:\/\/www.stormshield.com\/fr\/wp-json\/wp\/v2\/types\/page"}],"author":[{"embeddable":true,"href":"https:\/\/www.stormshield.com\/fr\/wp-json\/wp\/v2\/users\/31"}],"replies":[{"embeddable":true,"href":"https:\/\/www.stormshield.com\/fr\/wp-json\/wp\/v2\/comments?post=267448"}],"version-history":[{"count":8,"href":"https:\/\/www.stormshield.com\/fr\/wp-json\/wp\/v2\/pages\/267448\/revisions"}],"predecessor-version":[{"id":467269,"href":"https:\/\/www.stormshield.com\/fr\/wp-json\/wp\/v2\/pages\/267448\/revisions\/467269"}],"up":[{"embeddable":true,"href":"https:\/\/www.stormshield.com\/fr\/wp-json\/wp\/v2\/pages\/10921"}],"wp:attachment":[{"href":"https:\/\/www.stormshield.com\/fr\/wp-json\/wp\/v2\/media?parent=267448"}],"curies":[{"name":"wp","href":"https:\/\/api.w.org\/{rel}","templated":true}]}}