{"id":248226,"date":"2022-06-02T06:39:22","date_gmt":"2022-06-02T05:39:22","guid":{"rendered":"https:\/\/www.stormshield.com\/?page_id=248226"},"modified":"2025-11-14T16:58:26","modified_gmt":"2025-11-14T15:58:26","slug":"client-vpn","status":"publish","type":"page","link":"https:\/\/www.stormshield.com\/fr\/produits-et-services\/produits\/protection-des-reseaux\/fonctionnalites\/client-vpn\/","title":{"rendered":"VPN"},"content":{"rendered":"<div class=\"wpb-content-wrapper\"><p>[vc_row css_animation=\"\" row_type=\"row\" use_row_as_full_screen_section=\"no\" type=\"grid\" angled_section=\"no\" text_align=\"left\" background_image_as_pattern=\"without_pattern\" z_index=\"\" padding_top=\"100\" padding_bottom=\"100\"][vc_column][vc_column_text css=\"\"]<\/p>\n<h1 style=\"text-align: center;\"><span style=\"color: #00aaf5;\"><span style=\"font-weight: 300; font-size: 1.5em;\">Avec la technologie VPN, <\/span><\/span><span style=\"color: #00aaf5;\"><span style=\"font-weight: 900; font-size: 1.5em;\">s\u00e9curisez vos communications et vos acc\u00e8s distants<\/span><\/span><\/h1>\n<p>[\/vc_column_text][\/vc_column][\/vc_row][vc_row css_animation=\"\" row_type=\"row\" use_row_as_full_screen_section=\"no\" type=\"grid\" angled_section=\"no\" text_align=\"left\" background_image_as_pattern=\"without_pattern\" z_index=\"\" padding_top=\"50\" padding_bottom=\"50\"][vc_column width=\"1\/2\"][vc_column_text css=\"\"]<\/p>\n<h2><span style=\"font-size: 1.4em; font-weight: bold; color: black; line-height: 0.8em;\">Prot\u00e9gez vos \u00e9changes de donn\u00e9es<\/span><\/h2>\n<p style=\"text-align: left;\"><span style=\"color: #000000; font-size: 1.1em;\">Vous recherchez une solution VPN pour r\u00e9pondre aux enjeux d'acc\u00e8s distants (mobilit\u00e9, t\u00e9l\u00e9travail, t\u00e9l\u00e9maintenance...) et de communications inter-sites ? <\/span><span style=\"color: #000000; font-size: 1.1em;\">Stormshield vous <strong>permet d\u2019\u00e9tablir des connexions s\u00e9curis\u00e9es avec vos syst\u00e8mes d\u2019informations complexes ou \u00e9tendus et vous assure un haut niveau de s\u00e9curit\u00e9.<\/strong> Avec une solution de s\u00e9curit\u00e9 facile \u00e0 installer et \u00e0 configurer, concentrez-vous sur d'autres t\u00e2ches plus importantes.<\/span><\/p>\n<p>[\/vc_column_text][vc_empty_space][vc_row_inner row_type=\"row\" type=\"full_width\" text_align=\"center\" css_animation=\"\"][vc_column_inner width=\"1\/5\"][vc_column_text css=\"\"]<\/p>\n<p style=\"text-align: center; font-size: 14px;\">Connexions<br \/>\n<strong>s\u00e9curis\u00e9es<\/strong><\/p>\n<p>[\/vc_column_text][\/vc_column_inner][vc_column_inner width=\"1\/5\"][vc_empty_space height=\"24px\"]<div class=\"qode_vertical_separator\" style=\"height: 64px;width: 2px;background-color: #00AEEF\">\n<\/div>[\/vc_column_inner][vc_column_inner width=\"1\/5\"][vc_column_text css=\"\"]<\/p>\n<p style=\"text-align: center; font-size: 14px;\"><strong>VPN<\/strong><br \/>\nIPsec<\/p>\n<p>[\/vc_column_text][\/vc_column_inner][vc_column_inner width=\"1\/5\"][vc_empty_space height=\"24px\"]<div class=\"qode_vertical_separator\" style=\"height: 64px;width: 2px;background-color: #00AEEF\">\n<\/div>[\/vc_column_inner][vc_column_inner width=\"1\/5\"][vc_column_text css=\"\"]<\/p>\n<p style=\"text-align: center; font-size: 14px;\"><strong>VPN<\/strong><br \/>\nSSL<\/p>\n<p>[\/vc_column_text][\/vc_column_inner][\/vc_row_inner][\/vc_column][vc_column width=\"1\/2\"][vc_single_image image=\"566410\" img_size=\"350x350\" alignment=\"center\" css=\"\" qode_css_animation=\"\" qode_hover_animation=\"zoom_in\"][\/vc_column][\/vc_row][vc_row css_animation=\"\" row_type=\"row\" use_row_as_full_screen_section=\"no\" type=\"grid\" angled_section=\"no\" text_align=\"left\" background_image_as_pattern=\"without_pattern\" z_index=\"\" padding_top=\"50\" padding_bottom=\"50\"][vc_column width=\"1\/2\"][vc_single_image image=\"566405\" img_size=\"350x350\" alignment=\"center\" css=\"\" qode_css_animation=\"\" qode_hover_animation=\"zoom_in\"][\/vc_column][vc_column width=\"1\/2\"][vc_column_text css=\"\"]<\/p>\n<h2><span style=\"font-size: 1.4em; font-weight: bold; color: #000000; line-height: 0.8em;\">Avancez vers le Zero\u00a0Trust<\/span><\/h2>\n<p style=\"text-align: left;\"><span style=\"color: #000000; font-size: 1.1em;\">L'utilisation d'un VPN <strong>est une premi\u00e8re brique vers <span style=\"text-decoration: underline;\"><a style=\"color: #000000; text-decoration: underline;\" href=\"https:\/\/www.stormshield.com\/fr\/produits-et-services\/produits\/protection-des-reseaux\/fonctionnalites\/ztna\/\" target=\"_blank\" rel=\"noopener\">le mod\u00e8le Zero Trust Network Access (ZTNA)<\/a><\/span>.<\/strong> Car les connexions \u00e0 vos applications et ressources s'effectuent depuis des lieux vari\u00e9s, souvent non s\u00e9curis\u00e9s, avec vos collaborateurs en mobilit\u00e9 ou en t\u00e9l\u00e9travail. <\/span><span style=\"color: #000000; font-size: 1.1em;\">Avec la fonctionnalit\u00e9 <em>host check<\/em>, v\u00e9rifiez la conformit\u00e9 des postes de vos collaborateurs avant de leur donner acc\u00e8s \u00e0 vos ressources.<\/span><\/p>\n<p>[\/vc_column_text][vc_empty_space][vc_row_inner row_type=\"row\" type=\"full_width\" text_align=\"center\" css_animation=\"\"][vc_column_inner width=\"1\/5\"][vc_column_text css=\"\"]<\/p>\n<p style=\"text-align: center; font-size: 14px;\"><strong>Authentification<\/strong><br \/>\nmultifacteur (MFA)<\/p>\n<p>[\/vc_column_text][\/vc_column_inner][vc_column_inner width=\"1\/5\"][vc_empty_space height=\"24px\"]<div class=\"qode_vertical_separator\" style=\"height: 64px;width: 2px;background-color: #00AEEF\">\n<\/div>[\/vc_column_inner][vc_column_inner width=\"1\/5\"][vc_column_text css=\"\"]<\/p>\n<p style=\"text-align: center; font-size: 14px;\"><strong>Conformit\u00e9<\/strong><br \/>\ndes postes<\/p>\n<p>[\/vc_column_text][\/vc_column_inner][vc_column_inner width=\"1\/5\"][vc_empty_space height=\"24px\"]<div class=\"qode_vertical_separator\" style=\"height: 64px;width: 2px;background-color: #00AEEF\">\n<\/div>[\/vc_column_inner][vc_column_inner width=\"1\/5\"][vc_column_text css=\"\"]<\/p>\n<p style=\"text-align: center; font-size: 14px;\"><strong>Impl\u00e9mentation<\/strong><br \/>\nfacile<\/p>\n<p>[\/vc_column_text][\/vc_column_inner][\/vc_row_inner][\/vc_column][\/vc_row][vc_row css_animation=\"\" row_type=\"row\" use_row_as_full_screen_section=\"no\" type=\"grid\" angled_section=\"no\" text_align=\"left\" background_image_as_pattern=\"without_pattern\" z_index=\"\" padding_top=\"50\" padding_bottom=\"50\"][vc_column width=\"1\/2\"][vc_column_text css=\"\"]<\/p>\n<h2><span style=\"font-size: 1.4em; font-weight: bold; color: #000000; line-height: 0.8em;\">Exigez une s\u00e9curit\u00e9 renforc\u00e9e<\/span><\/h2>\n<p style=\"text-align: left;\"><span style=\"color: #000000; font-size: 1.1em;\">Les technologies Stormshield <strong>portent une exigence de qualit\u00e9 et de rigueur en proposant plusieurs protocoles, algorithmes et m\u00e9canismes d'authentification. <\/strong><\/span><span style=\"color: #000000; font-size: 1.1em;\">Elles vous permettent une authentification forte pour vos utilisateurs et passerelles VPN, ainsi qu'un chiffrement r\u00e9sistant au post-quantique.<\/span><\/p>\n<p style=\"text-align: left;\"><span style=\"color: #000000; font-size: 1.1em;\">Pour vos r\u00e9seaux sensibles, les solutions Stormshield sont compatibles avec <span style=\"text-decoration: underline;\"><a style=\"color: #000000; text-decoration: underline;\" href=\"https:\/\/cyber.gouv.fr\/publications\/corpus-documentaire-ipsec-dr-destination-des-industriels-version-10\" target=\"_blank\" rel=\"noopener\">la norme IPsec DR<\/a><\/span> (Diffusion Restreinte) de l'ANSSI et vous aident \u00e0 r\u00e9pondre aux exigences de s\u00e9curit\u00e9 en constante \u00e9volution.<\/span><\/p>\n<p>[\/vc_column_text][vc_empty_space][\/vc_column][vc_column width=\"1\/2\"][vc_single_image image=\"566415\" img_size=\"350x350\" alignment=\"center\" css=\"\" qode_css_animation=\"\" qode_hover_animation=\"zoom_in\"][\/vc_column][\/vc_row][vc_row css_animation=\"\" row_type=\"row\" use_row_as_full_screen_section=\"no\" type=\"grid\" angled_section=\"no\" text_align=\"left\" background_image_as_pattern=\"without_pattern\" z_index=\"\" padding_top=\"100\" padding_bottom=\"100\" el_class=\"fond_gris\"][vc_column width=\"2\/3\"][vc_column_text css=\"\"]<\/p>\n<h2><span style=\"font-size: 1.4em; font-weight: bold; color: #000000; line-height: 0.8em;\">Des solutions VPN int\u00e9gr\u00e9es pour une protection optimale<\/span><\/h2>\n<p style=\"text-align: left;\"><span style=\"color: #000000; font-size: 1.1em;\">Pour r\u00e9pondre \u00e0 vos enjeux d'acc\u00e8s distants (mobilit\u00e9, t\u00e9l\u00e9travail, t\u00e9l\u00e9maintenance) et de communications inter-sites, <strong>o<\/strong><\/span><strong><span style=\"color: #000000; font-size: 1.1em;\">ffrez-vous des solutions VPN directement int\u00e9gr\u00e9es \u00e0 notre gamme de firewalls Stormshield Network Security (SNS).<\/span><\/strong><\/p>\n<p style=\"text-align: left;\"><span style=\"color: #000000; font-size: 1.1em;\">Acc\u00e8s Zero Trust, authentification multifacteur (MFA), IPsec DR, chiffrement post-quantique... b\u00e9n\u00e9ficiez d'<\/span><span style=\"color: #000000; font-size: 1.1em;\">un niveau de s\u00e9curit\u00e9 exigeant pour un chiffrement ma\u00eetris\u00e9 en toute confiance.<\/span><\/p>\n<p>[\/vc_column_text][vc_empty_space]<a  itemprop=\"url\" href=\"https:\/\/www.stormshield.com\/wp-content\/uploads\/SNS-FR-Network-Security-Range-IT-Brochure.pdf\" target=\"_blank\" data-hover-background-color=\"#00AAF5\" data-hover-border-color=\"#FFFFFF\" class=\"qbutton  white enlarge\" style=\"border-color: #FFFFFF; background-color:#060051;\">T\u00e9l\u00e9chargez la brochure SNS<i class=\"qode_icon_font_awesome fa fa-download qode_button_icon_element\"><\/i><\/a>[vc_empty_space][\/vc_column][vc_column width=\"1\/3\"][vc_single_image image=\"397426\" img_size=\"300x400\" alignment=\"center\" onclick=\"custom_link\" img_link_target=\"_blank\" css=\"\" qode_css_animation=\"\" qode_hover_animation=\"zoom_in\" link=\"https:\/\/www.stormshield.com\/fr\/produits-et-services\/produits\/protection-des-reseaux\/nos-produits\/\"][\/vc_column][\/vc_row][vc_row css_animation=\"\" row_type=\"row\" use_row_as_full_screen_section=\"no\" type=\"grid\" angled_section=\"no\" text_align=\"left\" background_image_as_pattern=\"without_pattern\" z_index=\"\" padding_top=\"50\" padding_bottom=\"50\"][vc_column width=\"2\/3\"][vc_column_text css=\"\"]<\/p>\n<h2><strong><span style=\"font-size: 1.4em; font-weight: bold; color: black; line-height: 0.8em;\">Contactez nos \u00e9quipes<\/span><\/strong><\/h2>\n<p style=\"text-align: left;\"><span style=\"color: #000000; font-size: 1.1em;\">Vous avez une question technique sur les solutions VPN de Stormshield, dont l'offre Stormshield VPN Client ? Vous souhaitez une version d\u2019\u00e9valuation ? Une estimation tarifaire ? Pour toutes informations commerciales ou techniques, <strong>consultez notre site de document ou rapprochez-vous de nos \u00e9quipes.<\/strong><\/span><\/p>\n<p>[\/vc_column_text][vc_empty_space]<a  itemprop=\"url\" href=\"https:\/\/documentation.stormshield.eu\/SNS\/v5\/fr\/Content\/Release_Notes_SSL_VPN_Client\/Getting_Started_RNO.htm\" target=\"_blank\" data-hover-background-color=\"#00AAF5\" data-hover-border-color=\"#FFFFFF\" class=\"qbutton  white enlarge\" style=\"border-color: #FFFFFF; background-color:#060051;\">Consultez la note de version<i class=\"qode_icon_font_awesome fa fa-angle-right qode_button_icon_element\"><\/i><\/a>[vc_empty_space height=\"12px\"]<a  itemprop=\"url\" href=\"https:\/\/www.stormshield.com\/fr\/contact\/service-commercial\/\" target=\"_blank\" data-hover-background-color=\"#00AAF5\" data-hover-border-color=\"#FFFFFF\" class=\"qbutton  white enlarge\" style=\"border-color: #FFFFFF; background-color:#060051;\">Contactez nos \u00e9quipes<i class=\"qode_icon_font_awesome fa fa-angle-right qode_button_icon_element\"><\/i><\/a>[vc_empty_space][\/vc_column][vc_column width=\"1\/3\"][vc_empty_space][vc_single_image image=\"266672\" img_size=\"\" alignment=\"center\" css=\"\" qode_css_animation=\"\"][vc_single_image image=\"266680\" img_size=\"\" alignment=\"center\" css=\"\" qode_css_animation=\"\"][vc_single_image image=\"266686\" img_size=\"\" alignment=\"center\" css=\"\" qode_css_animation=\"\"][vc_empty_space][\/vc_column][\/vc_row]<\/p>\n<\/div>","protected":false},"excerpt":{"rendered":"<p>[vc_row css_animation=\u00a0\u00bb\u00a0\u00bb row_type=\u00a0\u00bbrow\u00a0\u00bb use_row_as_full_screen_section=\u00a0\u00bbno\u00a0\u00bb type=\u00a0\u00bbgrid\u00a0\u00bb angled_section=\u00a0\u00bbno\u00a0\u00bb text_align=\u00a0\u00bbleft\u00a0\u00bb background_image_as_pattern=\u00a0\u00bbwithout_pattern\u00a0\u00bb z_index=\u00a0\u00bb\u00a0\u00bb padding_top=\u00a0\u00bb100&Prime; padding_bottom=\u00a0\u00bb100&Prime;][vc_column][vc_column_text css=\u00a0\u00bb\u00a0\u00bb] Avec la technologie VPN, s\u00e9curisez vos communications et vos acc\u00e8s distants [\/vc_column_text][\/vc_column][\/vc_row][vc_row css_animation=\u00a0\u00bb\u00a0\u00bb row_type=\u00a0\u00bbrow\u00a0\u00bb use_row_as_full_screen_section=\u00a0\u00bbno\u00a0\u00bb type=\u00a0\u00bbgrid\u00a0\u00bb angled_section=\u00a0\u00bbno\u00a0\u00bb text_align=\u00a0\u00bbleft\u00a0\u00bb background_image_as_pattern=\u00a0\u00bbwithout_pattern\u00a0\u00bb z_index=\u00a0\u00bb\u00a0\u00bb padding_top=\u00a0\u00bb50&Prime; padding_bottom=\u00a0\u00bb50&Prime;][vc_column width=\u00a0\u00bb1\/2&Prime;][vc_column_text css=\u00a0\u00bb\u00a0\u00bb] Prot\u00e9gez vos \u00e9changes de donn\u00e9es Vous recherchez une solution&#8230;<\/p>\n","protected":false},"author":31,"featured_media":0,"parent":220663,"menu_order":0,"comment_status":"closed","ping_status":"closed","template":"full_width.php","meta":{"_acf_changed":false,"footnotes":""},"class_list":["post-248226","page","type-page","status-publish","hentry"],"acf":[],"yoast_head":"<!-- This site is optimized with the Yoast SEO plugin v27.3 - https:\/\/yoast.com\/product\/yoast-seo-wordpress\/ -->\n<title>La solution de VPN Stormshield, la s\u00e9curit\u00e9 de vos acc\u00e8s distants<\/title>\n<meta name=\"description\" content=\"Stormshield VPN Client : notre solution pour r\u00e9pondre \u00e0 vos besoins de mobilit\u00e9 et de communications s\u00e9curis\u00e9es intersites\" \/>\n<meta name=\"robots\" content=\"index, follow, max-snippet:-1, max-image-preview:large, max-video-preview:-1\" \/>\n<link rel=\"canonical\" href=\"https:\/\/www.stormshield.com\/fr\/produits-et-services\/produits\/protection-des-reseaux\/fonctionnalites\/client-vpn\/\" \/>\n<meta property=\"og:locale\" content=\"fr_FR\" \/>\n<meta property=\"og:type\" content=\"article\" \/>\n<meta property=\"og:title\" content=\"La solution de VPN Stormshield, la s\u00e9curit\u00e9 de vos acc\u00e8s distants\" \/>\n<meta property=\"og:description\" content=\"Stormshield VPN Client : notre solution pour r\u00e9pondre \u00e0 vos besoins de mobilit\u00e9 et de communications s\u00e9curis\u00e9es intersites\" \/>\n<meta property=\"og:url\" content=\"https:\/\/www.stormshield.com\/fr\/produits-et-services\/produits\/protection-des-reseaux\/fonctionnalites\/client-vpn\/\" \/>\n<meta property=\"og:site_name\" content=\"Stormshield\" \/>\n<meta property=\"article:modified_time\" content=\"2025-11-14T15:58:26+00:00\" \/>\n<meta property=\"og:image\" content=\"https:\/\/www.stormshield.com\/wp-content\/uploads\/stormshield_logo.png\" \/>\n\t<meta property=\"og:image:width\" content=\"204\" \/>\n\t<meta property=\"og:image:height\" content=\"94\" \/>\n\t<meta property=\"og:image:type\" content=\"image\/png\" \/>\n<meta name=\"twitter:card\" content=\"summary_large_image\" \/>\n<meta name=\"twitter:site\" content=\"@Stormshield\" \/>\n<meta name=\"twitter:label1\" content=\"Dur\u00e9e de lecture estim\u00e9e\" \/>\n\t<meta name=\"twitter:data1\" content=\"4 minutes\" \/>\n<script type=\"application\/ld+json\" class=\"yoast-schema-graph\">{\"@context\":\"https:\\\/\\\/schema.org\",\"@graph\":[{\"@type\":\"WebPage\",\"@id\":\"https:\\\/\\\/www.stormshield.com\\\/fr\\\/produits-et-services\\\/produits\\\/protection-des-reseaux\\\/fonctionnalites\\\/client-vpn\\\/\",\"url\":\"https:\\\/\\\/www.stormshield.com\\\/fr\\\/produits-et-services\\\/produits\\\/protection-des-reseaux\\\/fonctionnalites\\\/client-vpn\\\/\",\"name\":\"La solution de VPN Stormshield, la s\u00e9curit\u00e9 de vos acc\u00e8s distants\",\"isPartOf\":{\"@id\":\"https:\\\/\\\/www.stormshield.com\\\/fr\\\/#website\"},\"datePublished\":\"2022-06-02T05:39:22+00:00\",\"dateModified\":\"2025-11-14T15:58:26+00:00\",\"description\":\"Stormshield VPN Client : notre solution pour r\u00e9pondre \u00e0 vos besoins de mobilit\u00e9 et de communications s\u00e9curis\u00e9es intersites\",\"breadcrumb\":{\"@id\":\"https:\\\/\\\/www.stormshield.com\\\/fr\\\/produits-et-services\\\/produits\\\/protection-des-reseaux\\\/fonctionnalites\\\/client-vpn\\\/#breadcrumb\"},\"inLanguage\":\"fr-FR\",\"potentialAction\":[{\"@type\":\"ReadAction\",\"target\":[\"https:\\\/\\\/www.stormshield.com\\\/fr\\\/produits-et-services\\\/produits\\\/protection-des-reseaux\\\/fonctionnalites\\\/client-vpn\\\/\"]}]},{\"@type\":\"BreadcrumbList\",\"@id\":\"https:\\\/\\\/www.stormshield.com\\\/fr\\\/produits-et-services\\\/produits\\\/protection-des-reseaux\\\/fonctionnalites\\\/client-vpn\\\/#breadcrumb\",\"itemListElement\":[{\"@type\":\"ListItem\",\"position\":1,\"name\":\"Home\",\"item\":\"https:\\\/\\\/www.stormshield.com\\\/fr\\\/\"},{\"@type\":\"ListItem\",\"position\":2,\"name\":\"Produits &amp; Solutions\",\"item\":\"https:\\\/\\\/www.stormshield.com\\\/fr\\\/produits-et-services\\\/\"},{\"@type\":\"ListItem\",\"position\":3,\"name\":\"Tous nos produits\",\"item\":\"https:\\\/\\\/www.stormshield.com\\\/fr\\\/produits-et-services\\\/produits\\\/\"},{\"@type\":\"ListItem\",\"position\":4,\"name\":\"Protection des r\u00e9seaux\",\"item\":\"https:\\\/\\\/www.stormshield.com\\\/fr\\\/produits-et-services\\\/produits\\\/protection-des-reseaux\\\/\"},{\"@type\":\"ListItem\",\"position\":5,\"name\":\"Nos fonctionnalit\u00e9s (SNS)\",\"item\":\"https:\\\/\\\/www.stormshield.com\\\/fr\\\/produits-et-services\\\/produits\\\/protection-des-reseaux\\\/fonctionnalites\\\/\"},{\"@type\":\"ListItem\",\"position\":6,\"name\":\"VPN\"}]},{\"@type\":\"WebSite\",\"@id\":\"https:\\\/\\\/www.stormshield.com\\\/fr\\\/#website\",\"url\":\"https:\\\/\\\/www.stormshield.com\\\/fr\\\/\",\"name\":\"Stormshield\",\"description\":\"Stormshield\",\"potentialAction\":[{\"@type\":\"SearchAction\",\"target\":{\"@type\":\"EntryPoint\",\"urlTemplate\":\"https:\\\/\\\/www.stormshield.com\\\/fr\\\/?s={search_term_string}\"},\"query-input\":{\"@type\":\"PropertyValueSpecification\",\"valueRequired\":true,\"valueName\":\"search_term_string\"}}],\"inLanguage\":\"fr-FR\"}]}<\/script>\n<!-- \/ Yoast SEO plugin. -->","yoast_head_json":{"title":"La solution de VPN Stormshield, la s\u00e9curit\u00e9 de vos acc\u00e8s distants","description":"Stormshield VPN Client : notre solution pour r\u00e9pondre \u00e0 vos besoins de mobilit\u00e9 et de communications s\u00e9curis\u00e9es intersites","robots":{"index":"index","follow":"follow","max-snippet":"max-snippet:-1","max-image-preview":"max-image-preview:large","max-video-preview":"max-video-preview:-1"},"canonical":"https:\/\/www.stormshield.com\/fr\/produits-et-services\/produits\/protection-des-reseaux\/fonctionnalites\/client-vpn\/","og_locale":"fr_FR","og_type":"article","og_title":"La solution de VPN Stormshield, la s\u00e9curit\u00e9 de vos acc\u00e8s distants","og_description":"Stormshield VPN Client : notre solution pour r\u00e9pondre \u00e0 vos besoins de mobilit\u00e9 et de communications s\u00e9curis\u00e9es intersites","og_url":"https:\/\/www.stormshield.com\/fr\/produits-et-services\/produits\/protection-des-reseaux\/fonctionnalites\/client-vpn\/","og_site_name":"Stormshield","article_modified_time":"2025-11-14T15:58:26+00:00","og_image":[{"width":204,"height":94,"url":"https:\/\/www.stormshield.com\/wp-content\/uploads\/stormshield_logo.png","type":"image\/png"}],"twitter_card":"summary_large_image","twitter_site":"@Stormshield","twitter_misc":{"Dur\u00e9e de lecture estim\u00e9e":"4 minutes"},"schema":{"@context":"https:\/\/schema.org","@graph":[{"@type":"WebPage","@id":"https:\/\/www.stormshield.com\/fr\/produits-et-services\/produits\/protection-des-reseaux\/fonctionnalites\/client-vpn\/","url":"https:\/\/www.stormshield.com\/fr\/produits-et-services\/produits\/protection-des-reseaux\/fonctionnalites\/client-vpn\/","name":"La solution de VPN Stormshield, la s\u00e9curit\u00e9 de vos acc\u00e8s distants","isPartOf":{"@id":"https:\/\/www.stormshield.com\/fr\/#website"},"datePublished":"2022-06-02T05:39:22+00:00","dateModified":"2025-11-14T15:58:26+00:00","description":"Stormshield VPN Client : notre solution pour r\u00e9pondre \u00e0 vos besoins de mobilit\u00e9 et de communications s\u00e9curis\u00e9es intersites","breadcrumb":{"@id":"https:\/\/www.stormshield.com\/fr\/produits-et-services\/produits\/protection-des-reseaux\/fonctionnalites\/client-vpn\/#breadcrumb"},"inLanguage":"fr-FR","potentialAction":[{"@type":"ReadAction","target":["https:\/\/www.stormshield.com\/fr\/produits-et-services\/produits\/protection-des-reseaux\/fonctionnalites\/client-vpn\/"]}]},{"@type":"BreadcrumbList","@id":"https:\/\/www.stormshield.com\/fr\/produits-et-services\/produits\/protection-des-reseaux\/fonctionnalites\/client-vpn\/#breadcrumb","itemListElement":[{"@type":"ListItem","position":1,"name":"Home","item":"https:\/\/www.stormshield.com\/fr\/"},{"@type":"ListItem","position":2,"name":"Produits &amp; Solutions","item":"https:\/\/www.stormshield.com\/fr\/produits-et-services\/"},{"@type":"ListItem","position":3,"name":"Tous nos produits","item":"https:\/\/www.stormshield.com\/fr\/produits-et-services\/produits\/"},{"@type":"ListItem","position":4,"name":"Protection des r\u00e9seaux","item":"https:\/\/www.stormshield.com\/fr\/produits-et-services\/produits\/protection-des-reseaux\/"},{"@type":"ListItem","position":5,"name":"Nos fonctionnalit\u00e9s (SNS)","item":"https:\/\/www.stormshield.com\/fr\/produits-et-services\/produits\/protection-des-reseaux\/fonctionnalites\/"},{"@type":"ListItem","position":6,"name":"VPN"}]},{"@type":"WebSite","@id":"https:\/\/www.stormshield.com\/fr\/#website","url":"https:\/\/www.stormshield.com\/fr\/","name":"Stormshield","description":"Stormshield","potentialAction":[{"@type":"SearchAction","target":{"@type":"EntryPoint","urlTemplate":"https:\/\/www.stormshield.com\/fr\/?s={search_term_string}"},"query-input":{"@type":"PropertyValueSpecification","valueRequired":true,"valueName":"search_term_string"}}],"inLanguage":"fr-FR"}]}},"_links":{"self":[{"href":"https:\/\/www.stormshield.com\/fr\/wp-json\/wp\/v2\/pages\/248226","targetHints":{"allow":["GET"]}}],"collection":[{"href":"https:\/\/www.stormshield.com\/fr\/wp-json\/wp\/v2\/pages"}],"about":[{"href":"https:\/\/www.stormshield.com\/fr\/wp-json\/wp\/v2\/types\/page"}],"author":[{"embeddable":true,"href":"https:\/\/www.stormshield.com\/fr\/wp-json\/wp\/v2\/users\/31"}],"replies":[{"embeddable":true,"href":"https:\/\/www.stormshield.com\/fr\/wp-json\/wp\/v2\/comments?post=248226"}],"version-history":[{"count":71,"href":"https:\/\/www.stormshield.com\/fr\/wp-json\/wp\/v2\/pages\/248226\/revisions"}],"predecessor-version":[{"id":696026,"href":"https:\/\/www.stormshield.com\/fr\/wp-json\/wp\/v2\/pages\/248226\/revisions\/696026"}],"up":[{"embeddable":true,"href":"https:\/\/www.stormshield.com\/fr\/wp-json\/wp\/v2\/pages\/220663"}],"wp:attachment":[{"href":"https:\/\/www.stormshield.com\/fr\/wp-json\/wp\/v2\/media?parent=248226"}],"curies":[{"name":"wp","href":"https:\/\/api.w.org\/{rel}","templated":true}]}}