{"id":236075,"date":"2021-10-19T10:35:47","date_gmt":"2021-10-19T09:35:47","guid":{"rendered":"https:\/\/www.stormshield.com\/?page_id=236075"},"modified":"2025-05-19T10:03:01","modified_gmt":"2025-05-19T09:03:01","slug":"plan-france-relance-projets-cybersecurite","status":"publish","type":"page","link":"https:\/\/www.stormshield.com\/fr\/plan-france-relance-projets-cybersecurite\/","title":{"rendered":"Plan France Relance &#8211; volet cyber"},"content":{"rendered":"<div class=\"wpb-content-wrapper\"><p>[vc_row row_type=\"parallax\" parallax_content_width=\"full_width\" text_align=\"center\" full_screen_section_height=\"yes\" vertically_align_content_in_middle=\"yes\" background_image=\"109400\"][vc_column width=\"1\/5\"][\/vc_column][vc_column width=\"1\/5\" offset=\"vc_hidden-sm vc_hidden-xs\"][vc_single_image image=\"456468\" img_size=\"\" alignment=\"right\" qode_css_animation=\"\"][\/vc_column][vc_column width=\"2\/5\"][vc_column_text css=\".vc_custom_1711026387296{padding-left: 10px !important;}\"]<\/p>\n<h1 style=\"text-align: left;\"><span style=\"color: #000; font-size: 1.5em; font-weight: 900;\">D\u00e9chiffrer le plan France Relance Cyber <\/span><span style=\"color: #000; font-size: 1.5em; font-weight: 300;\">avec Stormshield<\/span><\/h1>\n<p>[\/vc_column_text][\/vc_column][vc_column width=\"1\/5\"][\/vc_column][\/vc_row][vc_row css_animation=\"\" row_type=\"row\" use_row_as_full_screen_section=\"no\" type=\"grid\" angled_section=\"no\" text_align=\"left\" background_image_as_pattern=\"without_pattern\" z_index=\"\" padding_top=\"50\" padding_bottom=\"50\"][vc_column][vc_row_inner row_type=\"row\" type=\"grid\" text_align=\"left\" css_animation=\"\"][vc_column_inner width=\"2\/3\"][vc_column_text]<\/p>\n<h2><span style=\"font-size: 1.2em; font-weight: 900; color: #000000;\">Le plan France Relance en\u00a0deux\u00a0mots<\/span><\/h2>\n<p><span style=\"font-size: 1.1em; color: #000000;\">C'est quoi le plan France Relance\u00a0? France Relance c'est le pari d'encourager le d\u00e9veloppement des secteurs d\u2019avenir et d'une France renforc\u00e9e d'ici 2030. En septembre 2020, le gouvernement fran\u00e7ais initiait le plan France Relance, pour relancer une \u00e9conomie affect\u00e9e par la crise sanitaire. Un plan dont le volet cybers\u00e9curit\u00e9 vise \u00e0 renforcer le niveau de cybers\u00e9curit\u00e9 des acteurs publics fran\u00e7ais (<span style=\"text-decoration: underline;\"><a style=\"color: #000000; text-decoration: underline;\" href=\"https:\/\/www.stormshield.com\/fr\/produits-et-services\/par-secteur-activite\/administrations-publiques\/\">administrations<\/a><\/span>, collectivit\u00e9s, <span style=\"text-decoration: underline;\"><a style=\"color: #000000; text-decoration: underline;\" href=\"https:\/\/www.stormshield.com\/fr\/produits-et-services\/par-secteur-activite\/sante-et-etablissements-de-soin\/\">\u00e9tablissements de sant\u00e9<\/a><\/span> et organismes publics), mis \u00e0 mal avec la crise. Au total, ce volet cybers\u00e9curit\u00e9 repr\u00e9sente un budget de 136 M\u20ac, <strong>dont 60 M\u20ac pour les collectivit\u00e9s territoriales et 25 M\u20ac pour le secteur de la sant\u00e9.<\/strong> Ce volet cybers\u00e9curit\u00e9 de France Relance se d\u00e9cline en deux axes, avec des parcours de cybers\u00e9curit\u00e9 et des appels \u00e0 projets.<\/span>[\/vc_column_text][vc_empty_space][\/vc_column_inner][vc_column_inner width=\"1\/3\"][vc_empty_space height=\"50px\"][vc_column_text]<\/p>\n<p style=\"text-align: center; line-height: 0.9em;\"><span style=\"font-size: 80px; font-weight: 900; color: #00aeef;\">136 M\u20ac<\/span><br \/>\n<span style=\"font-size: 12px; font-weight: 900; color: black;\">DE FONDS POUR LE VOLET<\/span><br \/>\n<span style=\"font-size: 40px; font-weight: 100; color: #00aeef;\">cybers\u00e9curit\u00e9<\/span><\/p>\n<p>[\/vc_column_text][\/vc_column_inner][\/vc_row_inner][vc_row_inner row_type=\"row\" type=\"grid\" text_align=\"left\" css_animation=\"\"][vc_column_inner width=\"1\/2\" css=\".vc_custom_1711026703987{padding-right: 32px !important;padding-left: 32px !important;}\"][vc_column_text]<\/p>\n<h3><span style=\"color: #000; font-size: 1.1em; font-weight: 300;\">Parcours de cybers\u00e9curit\u00e9<\/span><\/h3>\n<p><span style=\"color: #000; font-size: 1.1em;\"><strong>Les parcours de cybers\u00e9curit\u00e9<\/strong> servent \u00e0 \u00e9tablir un \u00e9tat des lieux de s\u00e9curit\u00e9 et d\u00e9terminent les actions de s\u00e9curisation \u00e0 d\u00e9ployer. Apr\u00e8s un <strong>pr\u00e9-diagnostic<\/strong>, vous pouvez b\u00e9n\u00e9ficier\u00a0:<\/span><\/p>\n<ul>\n<li style=\"text-align: left;\"><span style=\"color: #000000; font-size: 1.1em;\">d'un<strong> pack initial, <\/strong>avec quatre parcours adapt\u00e9s \u00e0 leur maturit\u00e9 autour de huit th\u00e8mes de s\u00e9curisation. <strong>Une prestation de service financ\u00e9e \u00e0 100% par l'ANSSI<\/strong>\u00a0;<\/span><\/li>\n<li style=\"text-align: left;\"><span style=\"color: #000000; font-size: 1.1em;\">d'un <strong>pack relais<\/strong>, pour approfondir la d\u00e9marche de s\u00e9curisation. <strong>Un d\u00e9ploiement de solutions financ\u00e9 \u00e0 70% par l'ANSSI<\/strong>.<\/span><\/li>\n<\/ul>\n<p>[\/vc_column_text][\/vc_column_inner][vc_column_inner width=\"1\/2\" css=\".vc_custom_1711026709235{padding-right: 32px !important;padding-left: 32px !important;}\"][vc_column_text]<\/p>\n<h3><span style=\"color: #000; font-size: 1.1em; font-weight: 300;\">et appel \u00e0 projets<\/span><\/h3>\n<p><span style=\"color: #000; font-size: 1.1em;\"><strong>Les appels \u00e0 projet<\/strong> peuvent eux d\u00e9couler sur un financement pour accompagner la s\u00e9curisation des syst\u00e8mes d'information. Les organisations les plus matures constituent ainsi un dossier d\u2019appel \u00e0 projet, autour de prestations d\u2019audit, d\u2019analyse de risque, d\u2019acquisition ou encore de d\u00e9ploiement de produit. Vous avez un projet de segmentation du r\u00e9seau\u00a0? de s\u00e9curisation r\u00e9seau avec la mise en place de double-barri\u00e8re technologique\u00a0? de protection des zones expos\u00e9es \u00e0 internet\u00a0? de protection des postes\u00a0? <strong>Constituez votre dossier\u00a0!<\/strong><\/span><\/p>\n<p>[\/vc_column_text][vc_empty_space][\/vc_column_inner][\/vc_row_inner][\/vc_column][\/vc_row][vc_row css_animation=\"\" row_type=\"row\" use_row_as_full_screen_section=\"no\" type=\"grid\" angled_section=\"no\" text_align=\"left\" background_image_as_pattern=\"without_pattern\" z_index=\"\" padding_bottom=\"50\"][vc_column][vc_row_inner row_type=\"row\" type=\"grid\" text_align=\"left\" css_animation=\"\" background_color=\"#ececec\"][vc_column_inner width=\"5\/6\" css=\".vc_custom_1711026449181{padding-right: 32px !important;padding-left: 32px !important;}\"][vc_empty_space height=\"64px\"][vc_column_text]<span style=\"color: #000; font-size: 1.1em;\">Une v\u00e9ritable aide pour vos projets de s\u00e9curisation ; financez vos firewalls et vos protections endpoint avec France Relance. Et dans le cadre de la relance de l'\u00e9conomie fran\u00e7aise, <strong>faites appel aux solutions fran\u00e7aises Stormshield !<\/strong><\/span>[\/vc_column_text][vc_empty_space height=\"64px\"][\/vc_column_inner][vc_column_inner width=\"1\/6\" offset=\"vc_hidden-sm vc_hidden-xs\"][vc_empty_space height=\"64px\"][vc_single_image image=\"456783\" img_size=\"100x100\" alignment=\"center\" qode_css_animation=\"\"][vc_empty_space height=\"64px\"][\/vc_column_inner][\/vc_row_inner][\/vc_column][\/vc_row][vc_row css_animation=\"\" row_type=\"row\" use_row_as_full_screen_section=\"no\" type=\"grid\" angled_section=\"no\" text_align=\"left\" background_image_as_pattern=\"without_pattern\" z_index=\"\" padding_top=\"50\" padding_bottom=\"50\" background_color=\"#00aeef\"][vc_column][vc_row_inner row_type=\"row\" type=\"grid\" text_align=\"left\" css_animation=\"\"][vc_column_inner][vc_column_text]<span style=\"color: #ffffff; font-size: 1.1em;\"><strong>Plus de 500 collectivit\u00e9s territoriales<\/strong> ont d\u00e9j\u00e0 b\u00e9n\u00e9fici\u00e9 du volet cybers\u00e9curit\u00e9. Et vous ? Consultez le site de l'ANSSI pour davantage d'informations sur le plan France Relance et son volet cybers\u00e9curit\u00e9, <strong>ou contactez nos experts internes<\/strong>. Que ce soit pour l'int\u00e9gration dans un des parcours de cybers\u00e9curit\u00e9 ou un soutien pour la r\u00e9daction d'un appel \u00e0 projet, ils vous seront d'une aide pr\u00e9cieuse.<\/span><\/p>\n<p>[\/vc_column_text][vc_empty_space]<a  itemprop=\"url\" href=\"https:\/\/www.stormshield.com\/fr\/contact\/service-commercial\/\" target=\"_self\"  class=\"qbutton  white enlarge\" style=\"\">Contactez les \u00e9quipes de Stormshield<i class=\"qode_icon_font_awesome fa fa-angle-right qode_button_icon_element\"><\/i><\/a>[vc_empty_space][\/vc_column_inner][\/vc_row_inner][\/vc_column][\/vc_row][vc_row css_animation=\"\" row_type=\"row\" use_row_as_full_screen_section=\"no\" type=\"grid\" angled_section=\"no\" text_align=\"left\" background_image_as_pattern=\"without_pattern\" z_index=\"\" padding_top=\"50\" padding_bottom=\"50\"][vc_column][vc_row_inner row_type=\"row\" type=\"grid\" text_align=\"center\" css_animation=\"\"][vc_column_inner width=\"1\/3\"][vc_column_text]<\/p>\n<h2 style=\"text-align: left;\"><span style=\"color: #000; font-size: 1.2em; font-weight: 900;\">Un webinaire Stormshield d\u00e9di\u00e9 au plan France Relance<\/span><\/h2>\n<p style=\"text-align: left;\"><span style=\"color: #000; font-size: 1.1em;\">Comment se d\u00e9cline le plan France Relance\u00a0? Qui est \u00e9ligible au plan France Relance\u00a0? Quelles sont les modalit\u00e9s\u00a0? Quel est le financement\u00a0? Quelles sont les priorit\u00e9s\u00a0? Jusqu'\u00e0 quand b\u00e9n\u00e9ficier du programme\u00a0? Comment bien pr\u00e9senter un dossier\u00a0? Quel appui de Stormshield\u00a0? <strong>Autant de questions l\u00e9gitimes qui reviennent souvent dans les \u00e9changes avec nos clients et \u00e0 retrouver dans ce webinaire Stormshield.<\/strong><\/span><\/p>\n<p>[\/vc_column_text][vc_empty_space][\/vc_column_inner][vc_column_inner width=\"2\/3\"][vc_empty_space][vc_video link=\"https:\/\/youtu.be\/4f3qOwmt9BU\"][vc_empty_space][\/vc_column_inner][\/vc_row_inner][\/vc_column][\/vc_row][vc_row row_type=\"parallax\" parallax_content_width=\"in_grid\" text_align=\"left\" full_screen_section_height=\"yes\" vertically_align_content_in_middle=\"yes\" background_image=\"109400\"][vc_column][vc_row_inner row_type=\"row\" type=\"full_width\" text_align=\"left\" css_animation=\"\"][vc_column_inner width=\"1\/2\"][vc_single_image image=\"109492\" img_size=\"full\" alignment=\"center\" qode_css_animation=\"\"][vc_column_text css=\"\"]<\/p>\n<p style=\"text-align: left;\"><span style=\"color: #000; font-size: 0.9em;\">Stormshield, filiale \u00e0 100% d\u2019Airbus Defence and Space Cyber Programmes, propose des solutions de s\u00e9curit\u00e9 de bout-en-bout innovantes pour prot\u00e9ger les r\u00e9seaux (Stormshield Network Security), les postes de travail (Stormshield Endpoint Security) et les donn\u00e9es (Stormshield Data Security).<\/span><\/p>\n<p style=\"text-align: left;\"><a href=\"https:\/\/www.stormshield.com\/fr\/\" target=\"_blank\" rel=\"noopener noreferrer\"><span style=\"color: #00aeef; font-size: 1.2em;\">www.stormshield.com<\/span><\/a><\/p>\n<p>[\/vc_column_text][\/vc_column_inner][vc_column_inner width=\"1\/2\"][vc_single_image image=\"109687\" img_size=\"full\" alignment=\"center\" qode_css_animation=\"\"][vc_empty_space height=\"64px\"][\/vc_column_inner][\/vc_row_inner][\/vc_column][\/vc_row]<\/p>\n<\/div>","protected":false},"excerpt":{"rendered":"<p>[vc_row row_type=\u00a0\u00bbparallax\u00a0\u00bb parallax_content_width=\u00a0\u00bbfull_width\u00a0\u00bb text_align=\u00a0\u00bbcenter\u00a0\u00bb full_screen_section_height=\u00a0\u00bbyes\u00a0\u00bb vertically_align_content_in_middle=\u00a0\u00bbyes\u00a0\u00bb background_image=\u00a0\u00bb109400&Prime;][vc_column width=\u00a0\u00bb1\/5&Prime;][\/vc_column][vc_column width=\u00a0\u00bb1\/5&Prime; offset=\u00a0\u00bbvc_hidden-sm vc_hidden-xs\u00a0\u00bb][vc_single_image image=\u00a0\u00bb456468&Prime; img_size=\u00a0\u00bb\u00a0\u00bb alignment=\u00a0\u00bbright\u00a0\u00bb qode_css_animation=\u00a0\u00bb\u00a0\u00bb][\/vc_column][vc_column width=\u00a0\u00bb2\/5&Prime;][vc_column_text css=\u00a0\u00bb.vc_custom_1711026387296{padding-left: 10px !important;}\u00a0\u00bb] D\u00e9chiffrer le plan France Relance Cyber avec Stormshield [\/vc_column_text][\/vc_column][vc_column width=\u00a0\u00bb1\/5&Prime;][\/vc_column][\/vc_row][vc_row css_animation=\u00a0\u00bb\u00a0\u00bb row_type=\u00a0\u00bbrow\u00a0\u00bb use_row_as_full_screen_section=\u00a0\u00bbno\u00a0\u00bb type=\u00a0\u00bbgrid\u00a0\u00bb angled_section=\u00a0\u00bbno\u00a0\u00bb text_align=\u00a0\u00bbleft\u00a0\u00bb background_image_as_pattern=\u00a0\u00bbwithout_pattern\u00a0\u00bb z_index=\u00a0\u00bb\u00a0\u00bb padding_top=\u00a0\u00bb50&Prime; padding_bottom=\u00a0\u00bb50&Prime;][vc_column][vc_row_inner row_type=\u00a0\u00bbrow\u00a0\u00bb type=\u00a0\u00bbgrid\u00a0\u00bb text_align=\u00a0\u00bbleft\u00a0\u00bb css_animation=\u00a0\u00bb\u00a0\u00bb][vc_column_inner width=\u00a0\u00bb2\/3&Prime;][vc_column_text] Le&#8230;<\/p>\n","protected":false},"author":31,"featured_media":0,"parent":0,"menu_order":2,"comment_status":"closed","ping_status":"closed","template":"full_width.php","meta":{"_acf_changed":false,"footnotes":""},"class_list":["post-236075","page","type-page","status-publish","hentry"],"acf":[],"yoast_head":"<!-- This site is optimized with the Yoast SEO plugin v27.3 - https:\/\/yoast.com\/product\/yoast-seo-wordpress\/ -->\n<title>Projet France Relance et solutions Stormshield | Webinaire<\/title>\n<meta name=\"description\" content=\"Comment proposer un projet France Relance avec les solutions Stormshield, un webinaire anim\u00e9 par Vincent Nicaise.\" \/>\n<meta name=\"robots\" content=\"index, follow, max-snippet:-1, max-image-preview:large, max-video-preview:-1\" \/>\n<link rel=\"canonical\" href=\"https:\/\/www.stormshield.com\/fr\/plan-france-relance-projets-cybersecurite\/\" \/>\n<meta property=\"og:locale\" content=\"fr_FR\" \/>\n<meta property=\"og:type\" content=\"article\" \/>\n<meta property=\"og:title\" content=\"Projet France Relance et solutions Stormshield | Webinaire\" \/>\n<meta property=\"og:description\" content=\"Comment proposer un projet France Relance avec les solutions Stormshield, un webinaire anim\u00e9 par Vincent Nicaise.\" \/>\n<meta property=\"og:url\" content=\"https:\/\/www.stormshield.com\/fr\/plan-france-relance-projets-cybersecurite\/\" \/>\n<meta property=\"og:site_name\" content=\"Stormshield\" \/>\n<meta property=\"article:modified_time\" content=\"2025-05-19T09:03:01+00:00\" \/>\n<meta property=\"og:image\" content=\"https:\/\/www.stormshield.com\/wp-content\/uploads\/stormshield_logo.png\" \/>\n\t<meta property=\"og:image:width\" content=\"204\" \/>\n\t<meta property=\"og:image:height\" content=\"94\" \/>\n\t<meta property=\"og:image:type\" content=\"image\/png\" \/>\n<meta name=\"twitter:card\" content=\"summary_large_image\" \/>\n<meta name=\"twitter:site\" content=\"@Stormshield\" \/>\n<meta name=\"twitter:label1\" content=\"Dur\u00e9e de lecture estim\u00e9e\" \/>\n\t<meta name=\"twitter:data1\" content=\"5 minutes\" \/>\n<script type=\"application\/ld+json\" class=\"yoast-schema-graph\">{\"@context\":\"https:\\\/\\\/schema.org\",\"@graph\":[{\"@type\":\"WebPage\",\"@id\":\"https:\\\/\\\/www.stormshield.com\\\/fr\\\/plan-france-relance-projets-cybersecurite\\\/\",\"url\":\"https:\\\/\\\/www.stormshield.com\\\/fr\\\/plan-france-relance-projets-cybersecurite\\\/\",\"name\":\"Projet France Relance et solutions Stormshield | Webinaire\",\"isPartOf\":{\"@id\":\"https:\\\/\\\/www.stormshield.com\\\/fr\\\/#website\"},\"datePublished\":\"2021-10-19T09:35:47+00:00\",\"dateModified\":\"2025-05-19T09:03:01+00:00\",\"description\":\"Comment proposer un projet France Relance avec les solutions Stormshield, un webinaire anim\u00e9 par Vincent Nicaise.\",\"breadcrumb\":{\"@id\":\"https:\\\/\\\/www.stormshield.com\\\/fr\\\/plan-france-relance-projets-cybersecurite\\\/#breadcrumb\"},\"inLanguage\":\"fr-FR\",\"potentialAction\":[{\"@type\":\"ReadAction\",\"target\":[\"https:\\\/\\\/www.stormshield.com\\\/fr\\\/plan-france-relance-projets-cybersecurite\\\/\"]}]},{\"@type\":\"BreadcrumbList\",\"@id\":\"https:\\\/\\\/www.stormshield.com\\\/fr\\\/plan-france-relance-projets-cybersecurite\\\/#breadcrumb\",\"itemListElement\":[{\"@type\":\"ListItem\",\"position\":1,\"name\":\"Home\",\"item\":\"https:\\\/\\\/www.stormshield.com\\\/fr\\\/\"},{\"@type\":\"ListItem\",\"position\":2,\"name\":\"Plan France Relance &#8211; volet cyber\"}]},{\"@type\":\"WebSite\",\"@id\":\"https:\\\/\\\/www.stormshield.com\\\/fr\\\/#website\",\"url\":\"https:\\\/\\\/www.stormshield.com\\\/fr\\\/\",\"name\":\"Stormshield\",\"description\":\"Stormshield\",\"potentialAction\":[{\"@type\":\"SearchAction\",\"target\":{\"@type\":\"EntryPoint\",\"urlTemplate\":\"https:\\\/\\\/www.stormshield.com\\\/fr\\\/?s={search_term_string}\"},\"query-input\":{\"@type\":\"PropertyValueSpecification\",\"valueRequired\":true,\"valueName\":\"search_term_string\"}}],\"inLanguage\":\"fr-FR\"}]}<\/script>\n<!-- \/ Yoast SEO plugin. -->","yoast_head_json":{"title":"Projet France Relance et solutions Stormshield | Webinaire","description":"Comment proposer un projet France Relance avec les solutions Stormshield, un webinaire anim\u00e9 par Vincent Nicaise.","robots":{"index":"index","follow":"follow","max-snippet":"max-snippet:-1","max-image-preview":"max-image-preview:large","max-video-preview":"max-video-preview:-1"},"canonical":"https:\/\/www.stormshield.com\/fr\/plan-france-relance-projets-cybersecurite\/","og_locale":"fr_FR","og_type":"article","og_title":"Projet France Relance et solutions Stormshield | Webinaire","og_description":"Comment proposer un projet France Relance avec les solutions Stormshield, un webinaire anim\u00e9 par Vincent Nicaise.","og_url":"https:\/\/www.stormshield.com\/fr\/plan-france-relance-projets-cybersecurite\/","og_site_name":"Stormshield","article_modified_time":"2025-05-19T09:03:01+00:00","og_image":[{"width":204,"height":94,"url":"https:\/\/www.stormshield.com\/wp-content\/uploads\/stormshield_logo.png","type":"image\/png"}],"twitter_card":"summary_large_image","twitter_site":"@Stormshield","twitter_misc":{"Dur\u00e9e de lecture estim\u00e9e":"5 minutes"},"schema":{"@context":"https:\/\/schema.org","@graph":[{"@type":"WebPage","@id":"https:\/\/www.stormshield.com\/fr\/plan-france-relance-projets-cybersecurite\/","url":"https:\/\/www.stormshield.com\/fr\/plan-france-relance-projets-cybersecurite\/","name":"Projet France Relance et solutions Stormshield | Webinaire","isPartOf":{"@id":"https:\/\/www.stormshield.com\/fr\/#website"},"datePublished":"2021-10-19T09:35:47+00:00","dateModified":"2025-05-19T09:03:01+00:00","description":"Comment proposer un projet France Relance avec les solutions Stormshield, un webinaire anim\u00e9 par Vincent Nicaise.","breadcrumb":{"@id":"https:\/\/www.stormshield.com\/fr\/plan-france-relance-projets-cybersecurite\/#breadcrumb"},"inLanguage":"fr-FR","potentialAction":[{"@type":"ReadAction","target":["https:\/\/www.stormshield.com\/fr\/plan-france-relance-projets-cybersecurite\/"]}]},{"@type":"BreadcrumbList","@id":"https:\/\/www.stormshield.com\/fr\/plan-france-relance-projets-cybersecurite\/#breadcrumb","itemListElement":[{"@type":"ListItem","position":1,"name":"Home","item":"https:\/\/www.stormshield.com\/fr\/"},{"@type":"ListItem","position":2,"name":"Plan France Relance &#8211; volet cyber"}]},{"@type":"WebSite","@id":"https:\/\/www.stormshield.com\/fr\/#website","url":"https:\/\/www.stormshield.com\/fr\/","name":"Stormshield","description":"Stormshield","potentialAction":[{"@type":"SearchAction","target":{"@type":"EntryPoint","urlTemplate":"https:\/\/www.stormshield.com\/fr\/?s={search_term_string}"},"query-input":{"@type":"PropertyValueSpecification","valueRequired":true,"valueName":"search_term_string"}}],"inLanguage":"fr-FR"}]}},"_links":{"self":[{"href":"https:\/\/www.stormshield.com\/fr\/wp-json\/wp\/v2\/pages\/236075","targetHints":{"allow":["GET"]}}],"collection":[{"href":"https:\/\/www.stormshield.com\/fr\/wp-json\/wp\/v2\/pages"}],"about":[{"href":"https:\/\/www.stormshield.com\/fr\/wp-json\/wp\/v2\/types\/page"}],"author":[{"embeddable":true,"href":"https:\/\/www.stormshield.com\/fr\/wp-json\/wp\/v2\/users\/31"}],"replies":[{"embeddable":true,"href":"https:\/\/www.stormshield.com\/fr\/wp-json\/wp\/v2\/comments?post=236075"}],"version-history":[{"count":44,"href":"https:\/\/www.stormshield.com\/fr\/wp-json\/wp\/v2\/pages\/236075\/revisions"}],"predecessor-version":[{"id":638495,"href":"https:\/\/www.stormshield.com\/fr\/wp-json\/wp\/v2\/pages\/236075\/revisions\/638495"}],"wp:attachment":[{"href":"https:\/\/www.stormshield.com\/fr\/wp-json\/wp\/v2\/media?parent=236075"}],"curies":[{"name":"wp","href":"https:\/\/api.w.org\/{rel}","templated":true}]}}