{"id":23085,"date":"2017-04-26T14:13:46","date_gmt":"2017-04-26T13:13:46","guid":{"rendered":"https:\/\/www.stormshield.com\/?page_id=23085\/"},"modified":"2025-11-03T10:19:01","modified_gmt":"2025-11-03T09:19:01","slug":"autre-demande","status":"publish","type":"page","link":"https:\/\/www.stormshield.com\/fr\/contact\/autre-demande\/","title":{"rendered":"Autre demande"},"content":{"rendered":"<div class=\"wpb-content-wrapper\"><p>[vc_row css_animation=\"\" row_type=\"row\" use_row_as_full_screen_section=\"no\" type=\"grid\" angled_section=\"no\" text_align=\"left\" background_image_as_pattern=\"without_pattern\" z_index=\"\" background_color=\"#5b5c5f\" padding_top=\"150\" padding_bottom=\"150\"][vc_column][vc_column_text]<\/p>\n<h1><span style=\"color: #ffffff;\"><strong>Une demande ?<\/strong><\/span><\/h1>\n<p><span style=\"color: #ffffff;\">Nos \u00e9quipes sont \u00e0 votre disposition<\/span>[\/vc_column_text][\/vc_column][\/vc_row][vc_row css_animation=\"\" row_type=\"row\" use_row_as_full_screen_section=\"no\" type=\"grid\" angled_section=\"no\" text_align=\"left\" background_image_as_pattern=\"without_pattern\" z_index=\"\" padding_top=\"50\" padding_bottom=\"50\"][vc_column width=\"1\/3\"][vc_column_text css=\"\"]<span style=\"color: #000; font-size: 1.1em;\">Vous avez acc\u00e8s \u00e0 d'autres formulaires d\u00e9di\u00e9s <span style=\"text-decoration: underline;\"><a style=\"color: #000000; text-decoration: underline;\" href=\"https:\/\/www.stormshield.com\/fr\/contact\/service-commercial\/\">pour les questions commerciales<\/a><\/span>, <span style=\"text-decoration: underline;\"><a style=\"color: #000000; text-decoration: underline;\" href=\"https:\/\/www.stormshield.com\/fr\/contact\/support-technique\/\">les demandes de support technique<\/a><\/span>, <a style=\"color: #000000;\" href=\"https:\/\/www.stormshield.com\/fr\/contact\/ressources-humaines\/\"><span style=\"text-decoration: underline;\">le recrutement<\/span><\/a>, <span style=\"text-decoration: underline;\"><a style=\"color: #000000; text-decoration: underline;\" href=\"https:\/\/www.stormshield.com\/fr\/contact\/partenaires\/\">les partenaires<\/a><\/span>, <span style=\"text-decoration: underline;\"><a style=\"color: #000000; text-decoration: underline;\" href=\"https:\/\/www.stormshield.com\/fr\/contact\/formation\/\">la formation<\/a><\/span>, <span style=\"text-decoration: underline;\"><a style=\"color: #000000; text-decoration: underline;\" href=\"https:\/\/www.stormshield.com\/fr\/contact\/stormshield-academy\/\">le partenariat Stormshield Academy<\/a><\/span>, <span style=\"text-decoration: underline;\"><a style=\"color: #000000; text-decoration: underline;\" href=\"https:\/\/www.stormshield.com\/fr\/contact\/equipe-securite\/\">l'\u00e9quipe S\u00e9curit\u00e9<\/a><\/span>, ou encore <span style=\"text-decoration: underline;\"><a style=\"color: #000000; text-decoration: underline;\" href=\"https:\/\/www.stormshield.com\/fr\/contact\/presse\/\">la Presse<\/a><\/span>.<\/span><\/p>\n<p><span style=\"color: #000; font-size: 1.1em;\"><strong>Pour toutes les autres questions que vous pourriez avoir concernant Stormshield, ses produits, ses services, et ses \u00e9quipes, entrez en contact avec nos \u00e9quipes Stormshield.<\/strong> Il vous suffit de remplir le formulaire ci-dessous\u00a0; nous nous efforcerons de vous r\u00e9pondre au plus vite.<\/span>[\/vc_column_text][\/vc_column][vc_column width=\"2\/3\"][vc_empty_space height=\"10px\"]<script type=\"text\/javascript\">\n\/* <![CDATA[ *\/\nvar gform;gform||(document.addEventListener(\"gform_main_scripts_loaded\",function(){gform.scriptsLoaded=!0}),document.addEventListener(\"gform\/theme\/scripts_loaded\",function(){gform.themeScriptsLoaded=!0}),window.addEventListener(\"DOMContentLoaded\",function(){gform.domLoaded=!0}),gform={domLoaded:!1,scriptsLoaded:!1,themeScriptsLoaded:!1,isFormEditor:()=>\"function\"==typeof InitializeEditor,callIfLoaded:function(o){return!(!gform.domLoaded||!gform.scriptsLoaded||!gform.themeScriptsLoaded&&!gform.isFormEditor()||(gform.isFormEditor()&&console.warn(\"The use of gform.initializeOnLoaded() is deprecated in the form editor context and will be removed in Gravity Forms 3.1.\"),o(),0))},initializeOnLoaded:function(o){gform.callIfLoaded(o)||(document.addEventListener(\"gform_main_scripts_loaded\",()=>{gform.scriptsLoaded=!0,gform.callIfLoaded(o)}),document.addEventListener(\"gform\/theme\/scripts_loaded\",()=>{gform.themeScriptsLoaded=!0,gform.callIfLoaded(o)}),window.addEventListener(\"DOMContentLoaded\",()=>{gform.domLoaded=!0,gform.callIfLoaded(o)}))},hooks:{action:{},filter:{}},addAction:function(o,r,e,t){gform.addHook(\"action\",o,r,e,t)},addFilter:function(o,r,e,t){gform.addHook(\"filter\",o,r,e,t)},doAction:function(o){gform.doHook(\"action\",o,arguments)},applyFilters:function(o){return gform.doHook(\"filter\",o,arguments)},removeAction:function(o,r){gform.removeHook(\"action\",o,r)},removeFilter:function(o,r,e){gform.removeHook(\"filter\",o,r,e)},addHook:function(o,r,e,t,n){null==gform.hooks[o][r]&&(gform.hooks[o][r]=[]);var d=gform.hooks[o][r];null==n&&(n=r+\"_\"+d.length),gform.hooks[o][r].push({tag:n,callable:e,priority:t=null==t?10:t})},doHook:function(r,o,e){var t;if(e=Array.prototype.slice.call(e,1),null!=gform.hooks[r][o]&&((o=gform.hooks[r][o]).sort(function(o,r){return o.priority-r.priority}),o.forEach(function(o){\"function\"!=typeof(t=o.callable)&&(t=window[t]),\"action\"==r?t.apply(null,e):e[0]=t.apply(null,e)})),\"filter\"==r)return e[0]},removeHook:function(o,r,t,n){var e;null!=gform.hooks[o][r]&&(e=(e=gform.hooks[o][r]).filter(function(o,r,e){return!!(null!=n&&n!=o.tag||null!=t&&t!=o.priority)}),gform.hooks[o][r]=e)}});\n\/* ]]> *\/\n<\/script>\n\n                <div class='gf_browser_gecko gform_wrapper gform_legacy_markup_wrapper gform-theme--no-framework' data-form-theme='legacy' data-form-index='0' id='gform_wrapper_19' ><div id='gf_19' class='gform_anchor' tabindex='-1'><\/div><form method='post' enctype='multipart\/form-data' target='gform_ajax_frame_19' id='gform_19'  action='\/fr\/wp-json\/wp\/v2\/pages\/23085\/#gf_19' data-formid='19' novalidate>\t\t\t\t\t<div style=\"display: none !important;\" class=\"akismet-fields-container gf_invisible\" data-prefix=\"ak_\">\n\t\t\t\t\t\t<label>&#916;<textarea name=\"ak_hp_textarea\" cols=\"45\" rows=\"8\" maxlength=\"100\"><\/textarea><\/label>\n\t\t\t\t\t\t<input type=\"hidden\" id=\"ak_js_1\" name=\"ak_js\" value=\"237\" \/>\n\t\t\t\t\t\t<script type=\"text\/javascript\">\n\/* <![CDATA[ *\/\ndocument.getElementById( \"ak_js_1\" ).setAttribute( \"value\", ( new Date() ).getTime() );\n\/* ]]> *\/\n<\/script>\n\n\t\t\t\t\t<\/div>\n                        <div class='gform-body gform_body'><ul id='gform_fields_19' class='gform_fields top_label form_sublabel_below description_below validation_below'><li id=\"field_19_13\" class=\"gfield gfield--type-honeypot gform_validation_container field_sublabel_below gfield--has-description field_description_below field_validation_below gfield_visibility_visible\"  ><label class='gfield_label gform-field-label' for='input_19_13'>Instagram<\/label><div class='ginput_container'><input name='input_13' id='input_19_13' type='text' value='' autocomplete='new-password'\/><\/div><div class='gfield_description' id='gfield_description_19_13'>Ce champ n\u2019est utilis\u00e9 qu\u2019\u00e0 des fins de validation et devrait rester inchang\u00e9.<\/div><\/li><li id=\"field_19_9\" class=\"gfield gfield--type-textarea gfield_contains_required field_sublabel_below gfield--no-description field_description_below field_validation_below gfield_visibility_visible\"  ><label class='gfield_label gform-field-label' for='input_19_9'>Enquiry text block<span class=\"gfield_required\"><span class=\"gfield_required gfield_required_asterisk\">*<\/span><\/span><\/label><div class='ginput_container ginput_container_textarea'><textarea name='input_9' id='input_19_9' class='textarea large'    placeholder='Votre message *' aria-required=\"true\" aria-invalid=\"false\"   rows='10' cols='50'><\/textarea><\/div><\/li><li id=\"field_19_12\" class=\"gfield gfield--type-email gfield_contains_required field_sublabel_below gfield--no-description field_description_below field_validation_below gfield_visibility_visible\"  ><label class='gfield_label gform-field-label' for='input_19_12'>Email<span class=\"gfield_required\"><span class=\"gfield_required gfield_required_asterisk\">*<\/span><\/span><\/label><div class='ginput_container ginput_container_email'>\n                            <input name='input_12' id='input_19_12' type='email' value='' class='large'   placeholder='Adresse email professionnelle *' aria-required=\"true\" aria-invalid=\"false\"  \/>\n                        <\/div><\/li><li id=\"field_19_10\" class=\"gfield gfield--type-captcha field_sublabel_below gfield--no-description field_description_below field_validation_below gfield_visibility_visible\"  ><label class='gfield_label gform-field-label' for='input_19_10'>CAPTCHA<\/label><div id='input_19_10' class='ginput_container ginput_recaptcha' data-sitekey='6LfUvwgbAAAAAMQPSprVrWEPPQ5eQtSAm_ymCph6'  data-theme='light' data-tabindex='0'  data-badge=''><\/div><\/li><li id=\"field_19_11\" class=\"gfield gfield--type-html gfield_html gfield_html_formatted gfield_no_follows_desc field_sublabel_below gfield--no-description field_description_below field_validation_below gfield_visibility_visible\"  ><small> * champs obligatoires<\/small><\/li><\/ul><\/div>\n        <div class='gform-footer gform_footer top_label'> <input type='submit' id='gform_submit_button_19' class='gform_button button' onclick='gform.submission.handleButtonClick(this);' data-submission-type='submit' value='Envoyer'  \/> <input type='hidden' name='gform_ajax' value='form_id=19&amp;title=&amp;description=&amp;tabindex=0&amp;theme=legacy&amp;styles=[]&amp;hash=ceb5aa923d2852cf5beb114c5a6961c5' \/>\n            <input type='hidden' class='gform_hidden' name='gform_submission_method' data-js='gform_submission_method_19' value='iframe' \/>\n            <input type='hidden' class='gform_hidden' name='gform_theme' data-js='gform_theme_19' id='gform_theme_19' value='legacy' \/>\n            <input type='hidden' class='gform_hidden' name='gform_style_settings' data-js='gform_style_settings_19' id='gform_style_settings_19' value='[]' \/>\n            <input type='hidden' class='gform_hidden' name='is_submit_19' value='1' \/>\n            <input type='hidden' class='gform_hidden' name='gform_submit' value='19' \/>\n            \n            <input type='hidden' class='gform_hidden' name='gform_currency' data-currency='EUR' value='ogfr\/jXDFN+IZyOvKJ+\/b00KGNGqWgUkQqaz2ElzEe5Ayj7P\/qsqr\/MsWBbp\/em3vc6VJhnLuDahJ8PC4d1pnaEqzxkAUcNuuw7nX0PwsqnVtJM=' \/>\n            <input type='hidden' class='gform_hidden' name='gform_unique_id' value='' \/>\n            <input type='hidden' class='gform_hidden' name='state_19' value='WyJbXSIsIjI0YTg2NTNkZGE3NDU0ZmI2Y2IyZmRjOTFjZTg1ODMxIl0=' \/>\n            <input type='hidden' autocomplete='off' class='gform_hidden' name='gform_target_page_number_19' id='gform_target_page_number_19' value='0' \/>\n            <input type='hidden' autocomplete='off' class='gform_hidden' name='gform_source_page_number_19' id='gform_source_page_number_19' value='1' \/>\n            <input type='hidden' name='gform_field_values' value='' \/>\n            \n        <\/div>\n                        <\/form>\n                        <\/div>\n\t\t                <iframe style='display:none;width:0px;height:0px;' src='about:blank' name='gform_ajax_frame_19' id='gform_ajax_frame_19' title='Cette iframe contient la logique n\u00e9cessaire pour manipuler Gravity Forms avec Ajax.'><\/iframe>\n\t\t                <script type=\"text\/javascript\">\n\/* <![CDATA[ *\/\n gform.initializeOnLoaded( function() {gformInitSpinner( 19, 'https:\/\/www.stormshield.com\/wp-content\/plugins\/gravityforms\/images\/spinner.svg', true );jQuery('#gform_ajax_frame_19').on('load',function(){var contents = jQuery(this).contents().find('*').html();var is_postback = contents.indexOf('GF_AJAX_POSTBACK') >= 0;if(!is_postback){return;}var form_content = jQuery(this).contents().find('#gform_wrapper_19');var is_confirmation = jQuery(this).contents().find('#gform_confirmation_wrapper_19').length > 0;var is_redirect = contents.indexOf('gformRedirect(){') >= 0;var is_form = form_content.length > 0 && ! is_redirect && ! is_confirmation;var mt = parseInt(jQuery('html').css('margin-top'), 10) + parseInt(jQuery('body').css('margin-top'), 10) + 100;if(is_form){jQuery('#gform_wrapper_19').html(form_content.html());if(form_content.hasClass('gform_validation_error')){jQuery('#gform_wrapper_19').addClass('gform_validation_error');} else {jQuery('#gform_wrapper_19').removeClass('gform_validation_error');}setTimeout( function() { \/* delay the scroll by 50 milliseconds to fix a bug in chrome *\/ jQuery(document).scrollTop(jQuery('#gform_wrapper_19').offset().top - mt); }, 50 );if(window['gformInitDatepicker']) {gformInitDatepicker();}if(window['gformInitPriceFields']) {gformInitPriceFields();}var current_page = jQuery('#gform_source_page_number_19').val();gformInitSpinner( 19, 'https:\/\/www.stormshield.com\/wp-content\/plugins\/gravityforms\/images\/spinner.svg', true );jQuery(document).trigger('gform_page_loaded', [19, current_page]);window['gf_submitting_19'] = false;}else if(!is_redirect){var confirmation_content = jQuery(this).contents().find('.GF_AJAX_POSTBACK').html();if(!confirmation_content){confirmation_content = contents;}jQuery('#gform_wrapper_19').replaceWith(confirmation_content);jQuery(document).scrollTop(jQuery('#gf_19').offset().top - mt);jQuery(document).trigger('gform_confirmation_loaded', [19]);window['gf_submitting_19'] = false;wp.a11y.speak(jQuery('#gform_confirmation_message_19').text());}else{jQuery('#gform_19').append(contents);if(window['gformRedirect']) {gformRedirect();}}jQuery(document).trigger(\"gform_pre_post_render\", [{ formId: \"19\", currentPage: \"current_page\", abort: function() { this.preventDefault(); } }]);        if (event && event.defaultPrevented) {                return;        }        const gformWrapperDiv = document.getElementById( \"gform_wrapper_19\" );        if ( gformWrapperDiv ) {            const visibilitySpan = document.createElement( \"span\" );            visibilitySpan.id = \"gform_visibility_test_19\";            gformWrapperDiv.insertAdjacentElement( \"afterend\", visibilitySpan );        }        const visibilityTestDiv = document.getElementById( \"gform_visibility_test_19\" );        let postRenderFired = false;        function triggerPostRender() {            if ( postRenderFired ) {                return;            }            postRenderFired = true;            gform.core.triggerPostRenderEvents( 19, current_page );            if ( visibilityTestDiv ) {                visibilityTestDiv.parentNode.removeChild( visibilityTestDiv );            }        }        function debounce( func, wait, immediate ) {            var timeout;            return function() {                var context = this, args = arguments;                var later = function() {                    timeout = null;                    if ( !immediate ) func.apply( context, args );                };                var callNow = immediate && !timeout;                clearTimeout( timeout );                timeout = setTimeout( later, wait );                if ( callNow ) func.apply( context, args );            };        }        const debouncedTriggerPostRender = debounce( function() {            triggerPostRender();        }, 200 );        if ( visibilityTestDiv && visibilityTestDiv.offsetParent === null ) {            const observer = new MutationObserver( ( mutations ) => {                mutations.forEach( ( mutation ) => {                    if ( mutation.type === 'attributes' && visibilityTestDiv.offsetParent !== null ) {                        debouncedTriggerPostRender();                        observer.disconnect();                    }                });            });            observer.observe( document.body, {                attributes: true,                childList: false,                subtree: true,                attributeFilter: [ 'style', 'class' ],            });        } else {            triggerPostRender();        }    } );} ); \n\/* ]]> *\/\n<\/script>\n[vc_column_text el_class=\"note\"]<em>Les informations recueillies dans ce formulaire sont utilis\u00e9es pour vous faire parvenir des communications marketing, commerciales, voire du Support Technique ou des Ressources Humaines susceptibles de vous int\u00e9resser. Vous pourrez \u00e0 tout moment utiliser le lien de d\u00e9sabonnement int\u00e9gr\u00e9 dans nos e-mails. Pour en savoir plus sur la gestion de vos donn\u00e9es et vos droits, <a href=\"https:\/\/www.stormshield.com\/fr\/donnees-personnelles\/\">acc\u00e9dez \u00e0 notre page d\u00e9di\u00e9e<\/a>.<\/em>[\/vc_column_text][\/vc_column][\/vc_row]<\/p>\n<\/div>","protected":false},"excerpt":{"rendered":"<p>[vc_row css_animation=\u00a0\u00bb\u00a0\u00bb row_type=\u00a0\u00bbrow\u00a0\u00bb use_row_as_full_screen_section=\u00a0\u00bbno\u00a0\u00bb type=\u00a0\u00bbgrid\u00a0\u00bb angled_section=\u00a0\u00bbno\u00a0\u00bb text_align=\u00a0\u00bbleft\u00a0\u00bb background_image_as_pattern=\u00a0\u00bbwithout_pattern\u00a0\u00bb z_index=\u00a0\u00bb\u00a0\u00bb background_color=\u00a0\u00bb#5b5c5f\u00a0\u00bb padding_top=\u00a0\u00bb150&Prime; padding_bottom=\u00a0\u00bb150&Prime;][vc_column][vc_column_text] Une demande ? Nos \u00e9quipes sont \u00e0 votre disposition[\/vc_column_text][\/vc_column][\/vc_row][vc_row css_animation=\u00a0\u00bb\u00a0\u00bb row_type=\u00a0\u00bbrow\u00a0\u00bb use_row_as_full_screen_section=\u00a0\u00bbno\u00a0\u00bb type=\u00a0\u00bbgrid\u00a0\u00bb angled_section=\u00a0\u00bbno\u00a0\u00bb text_align=\u00a0\u00bbleft\u00a0\u00bb background_image_as_pattern=\u00a0\u00bbwithout_pattern\u00a0\u00bb z_index=\u00a0\u00bb\u00a0\u00bb padding_top=\u00a0\u00bb50&Prime; padding_bottom=\u00a0\u00bb50&Prime;][vc_column width=\u00a0\u00bb1\/3&Prime;][vc_column_text css=\u00a0\u00bb\u00a0\u00bb]Vous avez acc\u00e8s \u00e0 d&rsquo;autres formulaires d\u00e9di\u00e9s pour les questions commerciales, les demandes&#8230;<\/p>\n","protected":false},"author":1,"featured_media":0,"parent":10362,"menu_order":390,"comment_status":"closed","ping_status":"closed","template":"full_width.php","meta":{"_acf_changed":false,"footnotes":""},"class_list":["post-23085","page","type-page","status-publish","hentry"],"acf":[],"yoast_head":"<!-- This site is optimized with the Yoast SEO plugin v27.3 - https:\/\/yoast.com\/product\/yoast-seo-wordpress\/ -->\n<title>Autre demande - Nous contacter | Stormshield<\/title>\n<meta name=\"description\" content=\"Remplissez le formulaire pour poser \u00e0 un expert Stormshield vos questions sp\u00e9cifiques sur nos solutions : nos \u00e9quipes sont \u00e0 votre service !\" \/>\n<meta name=\"robots\" content=\"index, follow, max-snippet:-1, max-image-preview:large, max-video-preview:-1\" \/>\n<link rel=\"canonical\" href=\"https:\/\/www.stormshield.com\/fr\/contact\/autre-demande\/\" \/>\n<meta property=\"og:locale\" content=\"fr_FR\" \/>\n<meta property=\"og:type\" content=\"article\" \/>\n<meta property=\"og:title\" content=\"Autre demande - Nous contacter | Stormshield\" \/>\n<meta property=\"og:description\" content=\"Remplissez le formulaire pour poser \u00e0 un expert Stormshield vos questions sp\u00e9cifiques sur nos solutions : nos \u00e9quipes sont \u00e0 votre service !\" \/>\n<meta property=\"og:url\" content=\"https:\/\/www.stormshield.com\/fr\/contact\/autre-demande\/\" \/>\n<meta property=\"og:site_name\" content=\"Stormshield\" \/>\n<meta property=\"article:modified_time\" content=\"2025-11-03T09:19:01+00:00\" \/>\n<meta property=\"og:image\" content=\"https:\/\/www.stormshield.com\/wp-content\/uploads\/stormshield_logo.png\" \/>\n\t<meta property=\"og:image:width\" content=\"204\" \/>\n\t<meta property=\"og:image:height\" content=\"94\" \/>\n\t<meta property=\"og:image:type\" content=\"image\/png\" \/>\n<meta name=\"twitter:card\" content=\"summary_large_image\" \/>\n<meta name=\"twitter:site\" content=\"@Stormshield\" \/>\n<meta name=\"twitter:label1\" content=\"Dur\u00e9e de lecture estim\u00e9e\" \/>\n\t<meta name=\"twitter:data1\" content=\"1 minute\" \/>\n<script type=\"application\/ld+json\" class=\"yoast-schema-graph\">{\"@context\":\"https:\\\/\\\/schema.org\",\"@graph\":[{\"@type\":\"WebPage\",\"@id\":\"https:\\\/\\\/www.stormshield.com\\\/fr\\\/contact\\\/autre-demande\\\/\",\"url\":\"https:\\\/\\\/www.stormshield.com\\\/fr\\\/contact\\\/autre-demande\\\/\",\"name\":\"Autre demande - Nous contacter | Stormshield\",\"isPartOf\":{\"@id\":\"https:\\\/\\\/www.stormshield.com\\\/fr\\\/#website\"},\"datePublished\":\"2017-04-26T13:13:46+00:00\",\"dateModified\":\"2025-11-03T09:19:01+00:00\",\"description\":\"Remplissez le formulaire pour poser \u00e0 un expert Stormshield vos questions sp\u00e9cifiques sur nos solutions : nos \u00e9quipes sont \u00e0 votre service !\",\"breadcrumb\":{\"@id\":\"https:\\\/\\\/www.stormshield.com\\\/fr\\\/contact\\\/autre-demande\\\/#breadcrumb\"},\"inLanguage\":\"fr-FR\",\"potentialAction\":[{\"@type\":\"ReadAction\",\"target\":[\"https:\\\/\\\/www.stormshield.com\\\/fr\\\/contact\\\/autre-demande\\\/\"]}]},{\"@type\":\"BreadcrumbList\",\"@id\":\"https:\\\/\\\/www.stormshield.com\\\/fr\\\/contact\\\/autre-demande\\\/#breadcrumb\",\"itemListElement\":[{\"@type\":\"ListItem\",\"position\":1,\"name\":\"Home\",\"item\":\"https:\\\/\\\/www.stormshield.com\\\/fr\\\/\"},{\"@type\":\"ListItem\",\"position\":2,\"name\":\"Contact\",\"item\":\"https:\\\/\\\/www.stormshield.com\\\/fr\\\/contact\\\/\"},{\"@type\":\"ListItem\",\"position\":3,\"name\":\"Autre demande\"}]},{\"@type\":\"WebSite\",\"@id\":\"https:\\\/\\\/www.stormshield.com\\\/fr\\\/#website\",\"url\":\"https:\\\/\\\/www.stormshield.com\\\/fr\\\/\",\"name\":\"Stormshield\",\"description\":\"Stormshield\",\"potentialAction\":[{\"@type\":\"SearchAction\",\"target\":{\"@type\":\"EntryPoint\",\"urlTemplate\":\"https:\\\/\\\/www.stormshield.com\\\/fr\\\/?s={search_term_string}\"},\"query-input\":{\"@type\":\"PropertyValueSpecification\",\"valueRequired\":true,\"valueName\":\"search_term_string\"}}],\"inLanguage\":\"fr-FR\"}]}<\/script>\n<!-- \/ Yoast SEO plugin. -->","yoast_head_json":{"title":"Autre demande - Nous contacter | Stormshield","description":"Remplissez le formulaire pour poser \u00e0 un expert Stormshield vos questions sp\u00e9cifiques sur nos solutions : nos \u00e9quipes sont \u00e0 votre service !","robots":{"index":"index","follow":"follow","max-snippet":"max-snippet:-1","max-image-preview":"max-image-preview:large","max-video-preview":"max-video-preview:-1"},"canonical":"https:\/\/www.stormshield.com\/fr\/contact\/autre-demande\/","og_locale":"fr_FR","og_type":"article","og_title":"Autre demande - Nous contacter | Stormshield","og_description":"Remplissez le formulaire pour poser \u00e0 un expert Stormshield vos questions sp\u00e9cifiques sur nos solutions : nos \u00e9quipes sont \u00e0 votre service !","og_url":"https:\/\/www.stormshield.com\/fr\/contact\/autre-demande\/","og_site_name":"Stormshield","article_modified_time":"2025-11-03T09:19:01+00:00","og_image":[{"width":204,"height":94,"url":"https:\/\/www.stormshield.com\/wp-content\/uploads\/stormshield_logo.png","type":"image\/png"}],"twitter_card":"summary_large_image","twitter_site":"@Stormshield","twitter_misc":{"Dur\u00e9e de lecture estim\u00e9e":"1 minute"},"schema":{"@context":"https:\/\/schema.org","@graph":[{"@type":"WebPage","@id":"https:\/\/www.stormshield.com\/fr\/contact\/autre-demande\/","url":"https:\/\/www.stormshield.com\/fr\/contact\/autre-demande\/","name":"Autre demande - Nous contacter | Stormshield","isPartOf":{"@id":"https:\/\/www.stormshield.com\/fr\/#website"},"datePublished":"2017-04-26T13:13:46+00:00","dateModified":"2025-11-03T09:19:01+00:00","description":"Remplissez le formulaire pour poser \u00e0 un expert Stormshield vos questions sp\u00e9cifiques sur nos solutions : nos \u00e9quipes sont \u00e0 votre service !","breadcrumb":{"@id":"https:\/\/www.stormshield.com\/fr\/contact\/autre-demande\/#breadcrumb"},"inLanguage":"fr-FR","potentialAction":[{"@type":"ReadAction","target":["https:\/\/www.stormshield.com\/fr\/contact\/autre-demande\/"]}]},{"@type":"BreadcrumbList","@id":"https:\/\/www.stormshield.com\/fr\/contact\/autre-demande\/#breadcrumb","itemListElement":[{"@type":"ListItem","position":1,"name":"Home","item":"https:\/\/www.stormshield.com\/fr\/"},{"@type":"ListItem","position":2,"name":"Contact","item":"https:\/\/www.stormshield.com\/fr\/contact\/"},{"@type":"ListItem","position":3,"name":"Autre demande"}]},{"@type":"WebSite","@id":"https:\/\/www.stormshield.com\/fr\/#website","url":"https:\/\/www.stormshield.com\/fr\/","name":"Stormshield","description":"Stormshield","potentialAction":[{"@type":"SearchAction","target":{"@type":"EntryPoint","urlTemplate":"https:\/\/www.stormshield.com\/fr\/?s={search_term_string}"},"query-input":{"@type":"PropertyValueSpecification","valueRequired":true,"valueName":"search_term_string"}}],"inLanguage":"fr-FR"}]}},"_links":{"self":[{"href":"https:\/\/www.stormshield.com\/fr\/wp-json\/wp\/v2\/pages\/23085","targetHints":{"allow":["GET"]}}],"collection":[{"href":"https:\/\/www.stormshield.com\/fr\/wp-json\/wp\/v2\/pages"}],"about":[{"href":"https:\/\/www.stormshield.com\/fr\/wp-json\/wp\/v2\/types\/page"}],"author":[{"embeddable":true,"href":"https:\/\/www.stormshield.com\/fr\/wp-json\/wp\/v2\/users\/1"}],"replies":[{"embeddable":true,"href":"https:\/\/www.stormshield.com\/fr\/wp-json\/wp\/v2\/comments?post=23085"}],"version-history":[{"count":14,"href":"https:\/\/www.stormshield.com\/fr\/wp-json\/wp\/v2\/pages\/23085\/revisions"}],"predecessor-version":[{"id":691697,"href":"https:\/\/www.stormshield.com\/fr\/wp-json\/wp\/v2\/pages\/23085\/revisions\/691697"}],"up":[{"embeddable":true,"href":"https:\/\/www.stormshield.com\/fr\/wp-json\/wp\/v2\/pages\/10362"}],"wp:attachment":[{"href":"https:\/\/www.stormshield.com\/fr\/wp-json\/wp\/v2\/media?parent=23085"}],"curies":[{"name":"wp","href":"https:\/\/api.w.org\/{rel}","templated":true}]}}