{"id":223892,"date":"2021-06-10T14:36:17","date_gmt":"2021-06-10T13:36:17","guid":{"rendered":"https:\/\/www.stormshield.com\/?page_id=223892"},"modified":"2025-09-03T15:29:04","modified_gmt":"2025-09-03T14:29:04","slug":"formation-fcsnot","status":"publish","type":"page","link":"https:\/\/www.stormshield.com\/fr\/besoin-accompagnement\/services\/formations\/formation-industrielle\/formation-fcsnot\/","title":{"rendered":"Formation FCSNOT"},"content":{"rendered":"<div class=\"wpb-content-wrapper\"><p>[vc_row css_animation=\"\" row_type=\"row\" use_row_as_full_screen_section=\"no\" type=\"grid\" angled_section=\"no\" text_align=\"left\" background_image_as_pattern=\"without_pattern\" z_index=\"\" padding_top=\"50\" padding_bottom=\"50\"][vc_column][vc_empty_space][vc_column_text css=\"\"]<\/p>\n<h1 style=\"text-align: center;\"><span style=\"color: #00aaf5;\"><span style=\"font-weight: 900; font-size: 1.5em;\">Formation FCSNOT : <\/span><\/span><span style=\"color: #00aaf5;\"><span style=\"font-weight: 300; font-size: 1.5em;\">ma\u00eetrisez les fonctionnalit\u00e9s de Stormshield Network Security au sein d'architectures op\u00e9rationnelles<\/span><\/span><\/h1>\n<p>[\/vc_column_text][vc_empty_space][\/vc_column][\/vc_row][vc_row css_animation=\"\" row_type=\"row\" use_row_as_full_screen_section=\"no\" type=\"grid\" angled_section=\"no\" text_align=\"left\" background_image_as_pattern=\"without_pattern\" z_index=\"\" padding_bottom=\"50\" padding_top=\"50\"][vc_column width=\"2\/3\"][vc_column_text css=\"\"]<span style=\"color: #000; font-size: 1.1em;\"><strong>Gr\u00e2ce \u00e0 cette formation, vous d\u00e9couvrirez la gamme et les fonctionnalit\u00e9s essentielles des firewalls Stormshield Network Security pour un d\u00e9ploiement dans les environnements op\u00e9rationnels.<\/strong> Durant la formation Fundamentals &amp; Certified Stormshield Network Operational Technology (FCSNOT), prenez en mains les fonctionnalit\u00e9s essentielles et avanc\u00e9es des firewalls Stormshield Network Security dans une architecture op\u00e9rationnelle. <\/span><\/p>\n<p><span style=\"color: #000; font-size: 1.1em;\">Suite \u00e0 cet enseignement, vous serez en mesure de prendre en main un firewall Stormshield Network Security et de le configurer dans un r\u00e9seau op\u00e9rationnel.<\/span>[\/vc_column_text][vc_empty_space]<a  itemprop=\"url\" href=\"https:\/\/www.stormshield.com\/wp-content\/uploads\/FCSNOT-FR-Training-Course.pdf\" target=\"_blank\" data-hover-background-color=\"#d23467\" data-hover-border-color=\"#ffffff\" class=\"qbutton  white enlarge\" style=\"border-color: #ffffff; background-color:#060051;\">T\u00e9l\u00e9chargez la fiche de synth\u00e8se<i class=\"qode_icon_font_awesome fa fa-download qode_button_icon_element\"><\/i><\/a>[vc_empty_space height=\"12px\"]<a  itemprop=\"url\" href=\"https:\/\/www.stormshield.com\/fr\/besoin-accompagnement\/services\/formations\/calendrier-des-formations\/?formation=FSNOT%2BCSNOT&#038;langue=&#038;location=&#038;center=\" target=\"_blank\" data-hover-background-color=\"#d23467\" data-hover-border-color=\"#ffffff\" class=\"qbutton  white enlarge\" style=\"border-color: #ffffff; background-color:#060051;\">Acc\u00e9dez au calendrier<i class=\"qode_icon_font_awesome fa fa-angle-right qode_button_icon_element\"><\/i><\/a>[\/vc_column][vc_column width=\"1\/3\" css=\".vc_custom_1697803119835{padding-top: 24px !important;padding-right: 24px !important;padding-bottom: 24px !important;padding-left: 24px !important;background-color: #060051 !important;}\"][vc_column_text css=\"\"]<span style=\"color: #ffffff; font-size: 1.1em;\"><strong>Automaticien, responsable informatique, administrateur r\u00e9seaux, technicien informatique et support de l\u2019univers OT\u00a0: cette formation s'adresse \u00e0 vous\u00a0!<\/strong> Cette formation est propos\u00e9e exclusivement via une offre de formation FSNOT (14\u00a0heures) + CSNOT (7\u00a0heures). La formation CSNOT est d\u00e9taill\u00e9e <a style=\"color: #ffffff;\" href=\"https:\/\/www.stormshield.com\/fr\/besoin-accompagnement\/services\/formations\/formation-industrielle\/formation-csnot\/\" target=\"_blank\" rel=\"noopener\">dans sa propre fiche descriptive<\/a>.<\/span>[\/vc_column_text][vc_empty_space][\/vc_column][\/vc_row][vc_row css_animation=\"\" row_type=\"row\" use_row_as_full_screen_section=\"no\" type=\"grid\" angled_section=\"no\" text_align=\"left\" background_image_as_pattern=\"without_pattern\" z_index=\"\" padding_bottom=\"50\" css=\".vc_custom_1697804221509{background-color: #ffffff !important;}\" padding_top=\"50\"][vc_column][vc_row_inner row_type=\"row\" type=\"full_width\" text_align=\"left\" css_animation=\"\" background_color=\"#f9f9f9\" css=\".vc_custom_1697805785032{padding-top: 32px !important;padding-right: 32px !important;padding-bottom: 32px !important;padding-left: 32px !important;}\"][vc_column_inner][vc_column_text css=\"\"]<\/p>\n<h2><span style=\"color: #000; font-size: 1.2em; font-weight: 900;\">Au c\u0153ur de la formation FCSNOT<\/span><\/h2>\n<p><span style=\"color: #000; font-size: 1.1em;\">La formation est d\u00e9livr\u00e9e en pr\u00e9sentiel (en face \u00e0 face p\u00e9dagogique en salle) et en distanciel (pr\u00e9sence \u00e0 distance du formateur gr\u00e2ce \u00e0 un syst\u00e8me de visio et des labs de mises en situation sont r\u00e9alis\u00e9s sur la plateforme CyberRange d\u2019Airbus CyberSecurity). Dans les deux cas, <strong>la formation alterne cours th\u00e9oriques et travaux pratiques<\/strong>. <\/span><\/p>\n<p><span style=\"color: #000; font-size: 1.1em;\">Vous recevez un support de cours, compos\u00e9 d\u2019une partie th\u00e9orique, des travaux pratiques (Labs) et de leurs corrections. Afin de pouvoir mettre en pratique les \u00e9l\u00e9ments du cours, vous b\u00e9n\u00e9ficierez d\u2019un environnement technique complet. <\/span><span style=\"color: #000000; font-size: 1.1em;\">Et vous pourrez maintenir pendant trois ans votre expertise en t\u00e9l\u00e9chargeant les mises \u00e0 jour du support de cours au format PDF <\/span><a style=\"color: #000000;\" href=\"https:\/\/institute.stormshield.eu\/\" target=\"_blank\" rel=\"noopener\">sur notre plateforme Institute<\/a><span style=\"color: #000000; font-size: 1.1em;\"> et en d\u00e9ployant sur votre ordinateur une architecture virtuelle p\u00e9dagogique exclusive.<\/span>[\/vc_column_text][\/vc_column_inner][\/vc_row_inner][\/vc_column][\/vc_row][vc_row css_animation=\"\" row_type=\"row\" use_row_as_full_screen_section=\"no\" type=\"grid\" angled_section=\"no\" text_align=\"left\" background_image_as_pattern=\"without_pattern\" z_index=\"\" padding_bottom=\"50\" css=\".vc_custom_1697804221509{background-color: #ffffff !important;}\" padding_top=\"50\"][vc_column][vc_row_inner row_type=\"row\" type=\"full_width\" text_align=\"left\" css_animation=\"\" background_color=\"#060051\" css=\".vc_custom_1697805728102{padding-top: 32px !important;padding-right: 32px !important;padding-bottom: 32px !important;padding-left: 32px !important;}\"][vc_column_inner][vc_column_text css=\"\"]<\/p>\n<h2><span style=\"color: #ffffff; font-size: 1.2em; font-weight: 900;\">Ce que vous saurez faire suite \u00e0 notre formation FCSNOT<\/span><\/h2>\n<ul>\n<li><span style=\"color: #ffffff; font-size: 1.1em;\">Prendre en main un firewall SNS et conna\u00eetre son fonctionnement<\/span><\/li>\n<li><span style=\"color: #ffffff; font-size: 1.1em;\">Configurer un firewall dans un r\u00e9seau<\/span><\/li>\n<li><span style=\"color: #ffffff; font-size: 1.1em;\">D\u00e9finir et mettre en \u0153uvre des politiques de filtrage et de routage<\/span><\/li>\n<li><span style=\"color: #ffffff; font-size: 1.1em;\">Configurer un contr\u00f4le r\u00e9seau applicatif sur des automates<\/span><\/li>\n<li><span style=\"color: #ffffff; font-size: 1.1em;\">Configurer des politiques d'authentification<\/span><\/li>\n<li><span style=\"color: #ffffff; font-size: 1.1em;\">Mettre en place de r\u00e9seaux priv\u00e9s virtuels (VPN IPsec)<\/span><\/li>\n<li><span style=\"color: #ffffff; font-size: 1.1em;\">Int\u00e9grer un firewall SNS \u00e0 diff\u00e9rentes architectures r\u00e9seaux<\/span><\/li>\n<li><span style=\"color: #ffffff; font-size: 1.1em;\">Approfondir le fonctionnement de l\u2019IPS<\/span><\/li>\n<li><span style=\"color: #ffffff; font-size: 1.1em;\">Configurer le mode s\u00fbret\u00e9 (<em>bypass<\/em>)<\/span><\/li>\n<li><span style=\"color: #ffffff; font-size: 1.1em;\">Mieux appr\u00e9hender les sp\u00e9cificit\u00e9s des protocoles industriels dont Modbus TCP et OPC UA<\/span><\/li>\n<li><span style=\"color: #ffffff; font-size: 1.1em;\">Mettre en place des r\u00e8gles de s\u00e9curit\u00e9 sp\u00e9cifiques \u00e0 des protocoles industriels<\/span><\/li>\n<li><span style=\"color: #ffffff; font-size: 1.1em;\">Personnaliser les signatures applicatives en fonction des automates utilis\u00e9s<\/span><\/li>\n<\/ul>\n<p>[\/vc_column_text]<a  itemprop=\"url\" href=\"https:\/\/www.stormshield.com\/wp-content\/uploads\/FCSNOT-FR-Training-Course.pdf\" target=\"_blank\" data-hover-background-color=\"#d23467\" data-hover-border-color=\"#ffffff\" class=\"qbutton  white enlarge\" style=\"border-color: #ffffff; background-color:#060051;\">T\u00e9l\u00e9chargez la fiche de synth\u00e8se<i class=\"qode_icon_font_awesome fa fa-download qode_button_icon_element\"><\/i><\/a>[\/vc_column_inner][\/vc_row_inner][\/vc_column][\/vc_row][vc_row css_animation=\"\" row_type=\"row\" use_row_as_full_screen_section=\"no\" type=\"grid\" angled_section=\"no\" text_align=\"left\" background_image_as_pattern=\"without_pattern\" z_index=\"\" padding_bottom=\"50\"][vc_column][vc_row_inner row_type=\"row\" type=\"full_width\" text_align=\"left\" css_animation=\"\"][vc_column_inner width=\"1\/2\"][vc_column_text css=\"\"]<\/p>\n<h2><span style=\"color: #000; font-size: 1.2em; font-weight: 900;\">Co\u00fbt de la FCSNOT<\/span><\/h2>\n<p><span style=\"color: #000; font-size: 1.1em;\">Cette formation est propos\u00e9e exclusivement via une offre de formation FCSNOT (14 heures) + CSNOT (7 heures). La formation CSNOT est d\u00e9taill\u00e9e <a style=\"color: #000000;\" href=\"https:\/\/www.stormshield.com\/fr\/besoin-accompagnement\/services\/formations\/formation-industrielle\/formation-csnot\/\" target=\"_blank\" rel=\"noopener\">dans sa propre fiche descriptive<\/a>. <strong>Le prix public s\u2019\u00e9l\u00e8ve \u00e0 2 600 \u20ac HT<\/strong> pour 21 heures de formation et deux passages de certification CSNOT en ligne.<\/span>[\/vc_column_text][\/vc_column_inner][vc_column_inner width=\"1\/2\"][vc_column_text css=\"\"]<\/p>\n<h2><span style=\"color: #000; font-size: 1.2em; font-weight: 900;\">Informations pratiques FCSNOT<\/span><\/h2>\n<p><span style=\"color: #000; font-size: 1.1em;\"><strong>La formation FSNOT+CSNOT dure 21 heures.<\/strong> Stormshield propose des sessions de formation inter-entreprise en pr\u00e9sentiel dans ses locaux de Paris, Lille et Lyon, ou en distanciel.<\/span><\/p>\n<p><span style=\"color: #000; font-size: 1.1em;\">Nos formateurs interviennent \u00e9galement en formation intra-entreprise (sur site ou \u00e0 distance) \u00e0 partir de 5 personnes. L\u2019effectif maximum est de 8 personnes par session.<\/span>[\/vc_column_text][\/vc_column_inner][\/vc_row_inner][\/vc_column][\/vc_row][vc_row css_animation=\"\" row_type=\"row\" use_row_as_full_screen_section=\"no\" type=\"grid\" angled_section=\"no\" text_align=\"left\" background_image_as_pattern=\"without_pattern\" z_index=\"\" padding_bottom=\"50\" padding_top=\"50\"][vc_column][vc_row_inner row_type=\"row\" type=\"full_width\" text_align=\"left\" css_animation=\"\"][vc_column_inner width=\"1\/2\"][vc_empty_space][vc_column_text css=\"\"]<\/p>\n<h2><span style=\"color: #000; font-size: 1.2em; font-weight: 900;\">Calendrier FCSNOT<\/span><\/h2>\n<p><span style=\"color: #000; font-size: 1.1em;\">Vous souhaitez conna\u00eetre les dates des formations d\u00e9di\u00e9es \u00e0 la protection des r\u00e9seaux\u00a0? <strong>D\u00e9couvrez notre calendrier des formations FCSNOT.<\/strong><\/span>[\/vc_column_text][vc_empty_space]<a  itemprop=\"url\" href=\"https:\/\/www.stormshield.com\/fr\/besoin-accompagnement\/services\/formations\/calendrier-des-formations\/?formation=FSNOT%2BCSNOT&#038;langue=&#038;location=&#038;center=\" target=\"_blank\" data-hover-background-color=\"#d23467\" data-hover-border-color=\"#ffffff\" class=\"qbutton  white enlarge\" style=\"border-color: #ffffff; background-color:#060051;\">Acc\u00e9dez au calendrier<i class=\"qode_icon_font_awesome fa fa-angle-right qode_button_icon_element\"><\/i><\/a>[\/vc_column_inner][vc_column_inner width=\"1\/2\" css=\".vc_custom_1700211072094{padding-right: 12px !important;padding-left: 12px !important;background-color: #f9f9f9 !important;}\"][vc_column_text]<\/p>\n<h2><span style=\"color: #000; font-size: 1.2em; font-weight: 900;\">Accueil de stagiaires en situation de handicap<\/span><\/h2>\n<p><span style=\"color: #000; font-size: 1.1em;\">Dans le cadre de nos formations, l\u2019accueil et l\u2019accompagnement des personnes en situation de handicap est possible apr\u00e8s \u00e9valuation de la nature du handicap. Afin d\u2019anticiper au mieux les besoins et \u00e9tudier les compensations n\u00e9cessaires, il est demand\u00e9 de le signaler d\u00e8s la prise de contact avec le service formation via l\u2019email <strong>referent-handicap-formation@stormshield.eu<\/strong>.<\/span>[\/vc_column_text][vc_empty_space][\/vc_column_inner][\/vc_row_inner][\/vc_column][\/vc_row]<\/p>\n<\/div>","protected":false},"excerpt":{"rendered":"<p>[vc_row css_animation=\u00a0\u00bb\u00a0\u00bb row_type=\u00a0\u00bbrow\u00a0\u00bb use_row_as_full_screen_section=\u00a0\u00bbno\u00a0\u00bb type=\u00a0\u00bbgrid\u00a0\u00bb angled_section=\u00a0\u00bbno\u00a0\u00bb text_align=\u00a0\u00bbleft\u00a0\u00bb background_image_as_pattern=\u00a0\u00bbwithout_pattern\u00a0\u00bb z_index=\u00a0\u00bb\u00a0\u00bb padding_top=\u00a0\u00bb50&Prime; padding_bottom=\u00a0\u00bb50&Prime;][vc_column][vc_empty_space][vc_column_text css=\u00a0\u00bb\u00a0\u00bb] Formation FCSNOT : ma\u00eetrisez les fonctionnalit\u00e9s de Stormshield Network Security au sein d&rsquo;architectures op\u00e9rationnelles [\/vc_column_text][vc_empty_space][\/vc_column][\/vc_row][vc_row css_animation=\u00a0\u00bb\u00a0\u00bb row_type=\u00a0\u00bbrow\u00a0\u00bb use_row_as_full_screen_section=\u00a0\u00bbno\u00a0\u00bb type=\u00a0\u00bbgrid\u00a0\u00bb angled_section=\u00a0\u00bbno\u00a0\u00bb text_align=\u00a0\u00bbleft\u00a0\u00bb background_image_as_pattern=\u00a0\u00bbwithout_pattern\u00a0\u00bb z_index=\u00a0\u00bb\u00a0\u00bb padding_bottom=\u00a0\u00bb50&Prime; padding_top=\u00a0\u00bb50&Prime;][vc_column width=\u00a0\u00bb2\/3&Prime;][vc_column_text css=\u00a0\u00bb\u00a0\u00bb]Gr\u00e2ce \u00e0 cette formation, vous d\u00e9couvrirez la&#8230;<\/p>\n","protected":false},"author":31,"featured_media":0,"parent":195268,"menu_order":116,"comment_status":"closed","ping_status":"closed","template":"full_width.php","meta":{"_acf_changed":false,"footnotes":""},"class_list":["post-223892","page","type-page","status-publish","hentry"],"acf":[],"yoast_head":"<!-- This site is optimized with the Yoast SEO plugin v27.0 - https:\/\/yoast.com\/product\/yoast-seo-wordpress\/ -->\n<title>Formation FCSNOT : formation certifiante Stormshield<\/title>\n<meta name=\"description\" content=\"Avec la formation FCSNOT, ma\u00eetrisez les fonctionnalit\u00e9s de Stormshield Network Security au sein d&#039;architectures op\u00e9rationnelles.\" \/>\n<meta name=\"robots\" content=\"index, follow, max-snippet:-1, max-image-preview:large, max-video-preview:-1\" \/>\n<link rel=\"canonical\" href=\"https:\/\/www.stormshield.com\/fr\/besoin-accompagnement\/services\/formations\/formation-industrielle\/formation-fcsnot\/\" \/>\n<meta property=\"og:locale\" content=\"fr_FR\" \/>\n<meta property=\"og:type\" content=\"article\" \/>\n<meta property=\"og:title\" content=\"Formation FCSNOT : formation certifiante Stormshield\" \/>\n<meta property=\"og:description\" content=\"Avec la formation FCSNOT, ma\u00eetrisez les fonctionnalit\u00e9s de Stormshield Network Security au sein d&#039;architectures op\u00e9rationnelles.\" \/>\n<meta property=\"og:url\" content=\"https:\/\/www.stormshield.com\/fr\/besoin-accompagnement\/services\/formations\/formation-industrielle\/formation-fcsnot\/\" \/>\n<meta property=\"og:site_name\" content=\"Stormshield\" \/>\n<meta property=\"article:modified_time\" content=\"2025-09-03T14:29:04+00:00\" \/>\n<meta property=\"og:image\" content=\"https:\/\/www.stormshield.com\/wp-content\/uploads\/stormshield_logo.png\" \/>\n\t<meta property=\"og:image:width\" content=\"204\" \/>\n\t<meta property=\"og:image:height\" content=\"94\" \/>\n\t<meta property=\"og:image:type\" content=\"image\/png\" \/>\n<meta name=\"twitter:card\" content=\"summary_large_image\" \/>\n<meta name=\"twitter:site\" content=\"@Stormshield\" \/>\n<meta name=\"twitter:label1\" content=\"Dur\u00e9e de lecture estim\u00e9e\" \/>\n\t<meta name=\"twitter:data1\" content=\"4 minutes\" \/>\n<script type=\"application\/ld+json\" class=\"yoast-schema-graph\">{\"@context\":\"https:\/\/schema.org\",\"@graph\":[{\"@type\":\"WebPage\",\"@id\":\"https:\/\/www.stormshield.com\/fr\/besoin-accompagnement\/services\/formations\/formation-industrielle\/formation-fcsnot\/\",\"url\":\"https:\/\/www.stormshield.com\/fr\/besoin-accompagnement\/services\/formations\/formation-industrielle\/formation-fcsnot\/\",\"name\":\"Formation FCSNOT : formation certifiante Stormshield\",\"isPartOf\":{\"@id\":\"https:\/\/www.stormshield.com\/fr\/#website\"},\"datePublished\":\"2021-06-10T13:36:17+00:00\",\"dateModified\":\"2025-09-03T14:29:04+00:00\",\"description\":\"Avec la formation FCSNOT, ma\u00eetrisez les fonctionnalit\u00e9s de Stormshield Network Security au sein d'architectures op\u00e9rationnelles.\",\"breadcrumb\":{\"@id\":\"https:\/\/www.stormshield.com\/fr\/besoin-accompagnement\/services\/formations\/formation-industrielle\/formation-fcsnot\/#breadcrumb\"},\"inLanguage\":\"fr-FR\",\"potentialAction\":[{\"@type\":\"ReadAction\",\"target\":[\"https:\/\/www.stormshield.com\/fr\/besoin-accompagnement\/services\/formations\/formation-industrielle\/formation-fcsnot\/\"]}]},{\"@type\":\"BreadcrumbList\",\"@id\":\"https:\/\/www.stormshield.com\/fr\/besoin-accompagnement\/services\/formations\/formation-industrielle\/formation-fcsnot\/#breadcrumb\",\"itemListElement\":[{\"@type\":\"ListItem\",\"position\":1,\"name\":\"Home\",\"item\":\"https:\/\/www.stormshield.com\/fr\/\"},{\"@type\":\"ListItem\",\"position\":2,\"name\":\"Notre accompagnement\",\"item\":\"https:\/\/www.stormshield.com\/fr\/besoin-accompagnement\/\"},{\"@type\":\"ListItem\",\"position\":3,\"name\":\"Services\",\"item\":\"https:\/\/www.stormshield.com\/fr\/besoin-accompagnement\/services\/\"},{\"@type\":\"ListItem\",\"position\":4,\"name\":\"Formations\",\"item\":\"https:\/\/www.stormshield.com\/fr\/besoin-accompagnement\/services\/formations\/\"},{\"@type\":\"ListItem\",\"position\":5,\"name\":\"Formations OT\",\"item\":\"https:\/\/www.stormshield.com\/fr\/besoin-accompagnement\/services\/formations\/formation-industrielle\/\"},{\"@type\":\"ListItem\",\"position\":6,\"name\":\"Formation FCSNOT\"}]},{\"@type\":\"WebSite\",\"@id\":\"https:\/\/www.stormshield.com\/fr\/#website\",\"url\":\"https:\/\/www.stormshield.com\/fr\/\",\"name\":\"Stormshield\",\"description\":\"Stormshield\",\"potentialAction\":[{\"@type\":\"SearchAction\",\"target\":{\"@type\":\"EntryPoint\",\"urlTemplate\":\"https:\/\/www.stormshield.com\/fr\/?s={search_term_string}\"},\"query-input\":{\"@type\":\"PropertyValueSpecification\",\"valueRequired\":true,\"valueName\":\"search_term_string\"}}],\"inLanguage\":\"fr-FR\"}]}<\/script>\n<!-- \/ Yoast SEO plugin. -->","yoast_head_json":{"title":"Formation FCSNOT : formation certifiante Stormshield","description":"Avec la formation FCSNOT, ma\u00eetrisez les fonctionnalit\u00e9s de Stormshield Network Security au sein d'architectures op\u00e9rationnelles.","robots":{"index":"index","follow":"follow","max-snippet":"max-snippet:-1","max-image-preview":"max-image-preview:large","max-video-preview":"max-video-preview:-1"},"canonical":"https:\/\/www.stormshield.com\/fr\/besoin-accompagnement\/services\/formations\/formation-industrielle\/formation-fcsnot\/","og_locale":"fr_FR","og_type":"article","og_title":"Formation FCSNOT : formation certifiante Stormshield","og_description":"Avec la formation FCSNOT, ma\u00eetrisez les fonctionnalit\u00e9s de Stormshield Network Security au sein d'architectures op\u00e9rationnelles.","og_url":"https:\/\/www.stormshield.com\/fr\/besoin-accompagnement\/services\/formations\/formation-industrielle\/formation-fcsnot\/","og_site_name":"Stormshield","article_modified_time":"2025-09-03T14:29:04+00:00","og_image":[{"width":204,"height":94,"url":"https:\/\/www.stormshield.com\/wp-content\/uploads\/stormshield_logo.png","type":"image\/png"}],"twitter_card":"summary_large_image","twitter_site":"@Stormshield","twitter_misc":{"Dur\u00e9e de lecture estim\u00e9e":"4 minutes"},"schema":{"@context":"https:\/\/schema.org","@graph":[{"@type":"WebPage","@id":"https:\/\/www.stormshield.com\/fr\/besoin-accompagnement\/services\/formations\/formation-industrielle\/formation-fcsnot\/","url":"https:\/\/www.stormshield.com\/fr\/besoin-accompagnement\/services\/formations\/formation-industrielle\/formation-fcsnot\/","name":"Formation FCSNOT : formation certifiante Stormshield","isPartOf":{"@id":"https:\/\/www.stormshield.com\/fr\/#website"},"datePublished":"2021-06-10T13:36:17+00:00","dateModified":"2025-09-03T14:29:04+00:00","description":"Avec la formation FCSNOT, ma\u00eetrisez les fonctionnalit\u00e9s de Stormshield Network Security au sein d'architectures op\u00e9rationnelles.","breadcrumb":{"@id":"https:\/\/www.stormshield.com\/fr\/besoin-accompagnement\/services\/formations\/formation-industrielle\/formation-fcsnot\/#breadcrumb"},"inLanguage":"fr-FR","potentialAction":[{"@type":"ReadAction","target":["https:\/\/www.stormshield.com\/fr\/besoin-accompagnement\/services\/formations\/formation-industrielle\/formation-fcsnot\/"]}]},{"@type":"BreadcrumbList","@id":"https:\/\/www.stormshield.com\/fr\/besoin-accompagnement\/services\/formations\/formation-industrielle\/formation-fcsnot\/#breadcrumb","itemListElement":[{"@type":"ListItem","position":1,"name":"Home","item":"https:\/\/www.stormshield.com\/fr\/"},{"@type":"ListItem","position":2,"name":"Notre accompagnement","item":"https:\/\/www.stormshield.com\/fr\/besoin-accompagnement\/"},{"@type":"ListItem","position":3,"name":"Services","item":"https:\/\/www.stormshield.com\/fr\/besoin-accompagnement\/services\/"},{"@type":"ListItem","position":4,"name":"Formations","item":"https:\/\/www.stormshield.com\/fr\/besoin-accompagnement\/services\/formations\/"},{"@type":"ListItem","position":5,"name":"Formations OT","item":"https:\/\/www.stormshield.com\/fr\/besoin-accompagnement\/services\/formations\/formation-industrielle\/"},{"@type":"ListItem","position":6,"name":"Formation FCSNOT"}]},{"@type":"WebSite","@id":"https:\/\/www.stormshield.com\/fr\/#website","url":"https:\/\/www.stormshield.com\/fr\/","name":"Stormshield","description":"Stormshield","potentialAction":[{"@type":"SearchAction","target":{"@type":"EntryPoint","urlTemplate":"https:\/\/www.stormshield.com\/fr\/?s={search_term_string}"},"query-input":{"@type":"PropertyValueSpecification","valueRequired":true,"valueName":"search_term_string"}}],"inLanguage":"fr-FR"}]}},"_links":{"self":[{"href":"https:\/\/www.stormshield.com\/fr\/wp-json\/wp\/v2\/pages\/223892","targetHints":{"allow":["GET"]}}],"collection":[{"href":"https:\/\/www.stormshield.com\/fr\/wp-json\/wp\/v2\/pages"}],"about":[{"href":"https:\/\/www.stormshield.com\/fr\/wp-json\/wp\/v2\/types\/page"}],"author":[{"embeddable":true,"href":"https:\/\/www.stormshield.com\/fr\/wp-json\/wp\/v2\/users\/31"}],"replies":[{"embeddable":true,"href":"https:\/\/www.stormshield.com\/fr\/wp-json\/wp\/v2\/comments?post=223892"}],"version-history":[{"count":27,"href":"https:\/\/www.stormshield.com\/fr\/wp-json\/wp\/v2\/pages\/223892\/revisions"}],"predecessor-version":[{"id":668428,"href":"https:\/\/www.stormshield.com\/fr\/wp-json\/wp\/v2\/pages\/223892\/revisions\/668428"}],"up":[{"embeddable":true,"href":"https:\/\/www.stormshield.com\/fr\/wp-json\/wp\/v2\/pages\/195268"}],"wp:attachment":[{"href":"https:\/\/www.stormshield.com\/fr\/wp-json\/wp\/v2\/media?parent=223892"}],"curies":[{"name":"wp","href":"https:\/\/api.w.org\/{rel}","templated":true}]}}