{"id":223871,"date":"2021-06-10T13:38:35","date_gmt":"2021-06-10T12:38:35","guid":{"rendered":"https:\/\/www.stormshield.com\/?page_id=223871"},"modified":"2025-01-31T16:18:21","modified_gmt":"2025-01-31T15:18:21","slug":"formation-csmce","status":"publish","type":"page","link":"https:\/\/www.stormshield.com\/fr\/besoin-accompagnement\/services\/formations\/sns\/formation-csmce\/","title":{"rendered":"Formation CSMCE"},"content":{"rendered":"<div class=\"wpb-content-wrapper\"><p>[vc_row css_animation=\"\" row_type=\"row\" use_row_as_full_screen_section=\"no\" type=\"grid\" angled_section=\"no\" text_align=\"left\" background_image_as_pattern=\"without_pattern\" z_index=\"\" padding_top=\"50\" padding_bottom=\"50\"][vc_column][vc_empty_space][vc_column_text]<\/p>\n<h1 style=\"text-align: center;\"><span style=\"color: #00aaf5;\"><span style=\"font-weight: 900; font-size: 1.5em;\">Formation CSMCE : <\/span><\/span><span style=\"color: #00aaf5;\"><span style=\"font-weight: 300; font-size: 1.5em;\">ma\u00eetrisez les fonctionnalit\u00e9s avanc\u00e9es de Stormshield Management Center<\/span><\/span><\/h1>\n<p>[\/vc_column_text][vc_empty_space][\/vc_column][\/vc_row][vc_row css_animation=\"\" row_type=\"row\" use_row_as_full_screen_section=\"no\" type=\"grid\" angled_section=\"no\" text_align=\"left\" background_image_as_pattern=\"without_pattern\" z_index=\"\" padding_bottom=\"50\" padding_top=\"50\"][vc_column width=\"2\/3\"][vc_column_text]<span style=\"color: #000; font-size: 1.1em;\"><strong>Gr\u00e2ce \u00e0 cette formation certifiante, vous deviendrez un expert de l\u2019ensemble des fonctionnalit\u00e9s de Stormshield Management Center, l\u2019outil d\u2019administration centralis\u00e9e des firewalls Stormshield Network Security. Vous optimiserez ainsi l\u2019administration et la supervision de l\u2019ensemble de vos \u00e9quipements SNS.<\/strong> Durant la formation Certified Stormshield Management Center Expert (CSMCE), impr\u00e9gnez-vous, des fonctionnalit\u00e9s de Stormshield Management Center, l\u2019outil d\u2019administration centralis\u00e9e des firewalls SNS. Suite \u00e0 cet enseignement, vous serez en mesure de d\u00e9ployer et maintenir la solution Stormshield Management Center, d\u2018administrer et superviser un grand nombre de firewalls SNS.<\/span><\/p>\n<p><span style=\"color: #000; font-size: 1.1em;\">Une expertise valoris\u00e9e par notre certification Stormshield CSMCE.<\/span>[\/vc_column_text][vc_empty_space]<a  itemprop=\"url\" href=\"https:\/\/www.stormshield.com\/wp-content\/uploads\/CSMCE-FR-Training-Course.pdf\" target=\"_blank\" data-hover-background-color=\"#d23467\" data-hover-border-color=\"#ffffff\" class=\"qbutton  white enlarge\" style=\"border-color: #ffffff; background-color:#060051;\">T\u00e9l\u00e9chargez la fiche de synth\u00e8se<i class=\"qode_icon_font_awesome fa fa-download qode_button_icon_element\"><\/i><\/a>[vc_empty_space height=\"12px\"]<a  itemprop=\"url\" href=\"https:\/\/www.stormshield.com\/fr\/besoin-accompagnement\/services\/formations\/calendrier-des-formations\/?formation=CSMCE&#038;langue=&#038;location=&#038;center=\" target=\"_blank\" data-hover-background-color=\"#d23467\" data-hover-border-color=\"#ffffff\" class=\"qbutton  white enlarge\" style=\"border-color: #ffffff; background-color:#060051;\">Acc\u00e9dez au calendrier<i class=\"qode_icon_font_awesome fa fa-angle-right qode_button_icon_element\"><\/i><\/a>[\/vc_column][vc_column width=\"1\/3\" css=\".vc_custom_1697803119835{padding-top: 24px !important;padding-right: 24px !important;padding-bottom: 24px !important;padding-left: 24px !important;background-color: #060051 !important;}\"][vc_column_text]<span style=\"color: #ffffff; font-size: 1.1em;\"><strong>Si vous \u00eates responsable informatique, administrateur r\u00e9seaux, technicien informatique et support\u00a0: cette formation s'adresse \u00e0 vous\u00a0!<\/strong> Il faut toutefois en pr\u00e9requis avoir valid\u00e9 l'examen CSNA dans les trois ans pr\u00e9c\u00e9dant la formation CSMCE.<\/span>[\/vc_column_text][vc_empty_space][\/vc_column][\/vc_row][vc_row css_animation=\"\" row_type=\"row\" use_row_as_full_screen_section=\"no\" type=\"grid\" angled_section=\"no\" text_align=\"left\" background_image_as_pattern=\"without_pattern\" z_index=\"\" padding_bottom=\"50\" css=\".vc_custom_1697804221509{background-color: #ffffff !important;}\" padding_top=\"50\"][vc_column][vc_row_inner row_type=\"row\" type=\"full_width\" text_align=\"left\" css_animation=\"\" background_color=\"#f9f9f9\" css=\".vc_custom_1697805785032{padding-top: 32px !important;padding-right: 32px !important;padding-bottom: 32px !important;padding-left: 32px !important;}\"][vc_column_inner][vc_column_text]<\/p>\n<h2><span style=\"color: #000; font-size: 1.2em; font-weight: 900;\">Au c\u0153ur de la formation CSMCE<\/span><\/h2>\n<p><span style=\"color: #000; font-size: 1.1em;\">La formation est d\u00e9livr\u00e9e en pr\u00e9sentiel (en face \u00e0 face p\u00e9dagogique en salle) et en distanciel (pr\u00e9sence \u00e0 distance du formateur gr\u00e2ce \u00e0 un syst\u00e8me de visio et des labs de mises en situation sont r\u00e9alis\u00e9s sur la plateforme CyberRange d\u2019Airbus CyberSecurity). Dans les deux cas, <strong>la formation alterne cours th\u00e9oriques et travaux pratiques<\/strong>. <\/span><\/p>\n<p><span style=\"color: #000; font-size: 1.1em;\">Vous recevez un support de cours, compos\u00e9 d\u2019une partie th\u00e9orique, des travaux pratiques (Labs) et de leurs corrections. Afin de pouvoir mettre en pratique les \u00e9l\u00e9ments du cours, vous b\u00e9n\u00e9ficierez d\u2019un environnement technique complet. <\/span><span style=\"color: #000000; font-size: 1.1em;\">Et vous pourrez maintenir pendant trois ans votre expertise en t\u00e9l\u00e9chargeant les mises \u00e0 jour du support de cours au format PDF <\/span><a style=\"color: #000000;\" href=\"https:\/\/institute.stormshield.eu\/\" target=\"_blank\" rel=\"noopener\">sur notre plateforme Institute<\/a><span style=\"color: #000000; font-size: 1.1em;\"> et en d\u00e9ployant sur votre ordinateur une architecture virtuelle p\u00e9dagogique exclusive.<\/span>[\/vc_column_text][\/vc_column_inner][\/vc_row_inner][\/vc_column][\/vc_row][vc_row css_animation=\"\" row_type=\"row\" use_row_as_full_screen_section=\"no\" type=\"grid\" angled_section=\"no\" text_align=\"left\" background_image_as_pattern=\"without_pattern\" z_index=\"\" padding_bottom=\"50\" css=\".vc_custom_1697804221509{background-color: #ffffff !important;}\" padding_top=\"50\"][vc_column][vc_row_inner row_type=\"row\" type=\"full_width\" text_align=\"left\" css_animation=\"\" background_color=\"#060051\" css=\".vc_custom_1697805728102{padding-top: 32px !important;padding-right: 32px !important;padding-bottom: 32px !important;padding-left: 32px !important;}\"][vc_column_inner][vc_column_text css=\"\"]<\/p>\n<h2><span style=\"color: #ffffff; font-size: 1.2em; font-weight: 900;\">Ce que vous saurez faire suite \u00e0 notre formation CSMCE<\/span><\/h2>\n<ul>\n<li><span style=\"color: #ffffff; font-size: 1.1em;\">D\u00e9ployer et maintenir le produit SMC.<br \/>\n<\/span><\/li>\n<li><span style=\"color: #ffffff; font-size: 1.1em;\">Connecter et superviser un grand nombre d'appliances SNS.<br \/>\n<\/span><\/li>\n<li><span style=\"color: #ffffff; font-size: 1.1em;\">D\u00e9ployer des r\u00e8gles de filtrage et de NAT sur un grand nombre d'appliances SNS.<br \/>\n<\/span><\/li>\n<li><span style=\"color: #ffffff; font-size: 1.1em;\">Mettre en place facilement des tunnels VPN IPSec site \u00e0 site.<br \/>\n<\/span><\/li>\n<li><span style=\"color: #ffffff; font-size: 1.1em;\">Configurer un grand nombre d'appliances SNS via des scripts CLI.<\/span><\/li>\n<\/ul>\n<p>[\/vc_column_text]<a  itemprop=\"url\" href=\"https:\/\/www.stormshield.com\/wp-content\/uploads\/CSMCE-FR-Training-Course.pdf\" target=\"_blank\" data-hover-background-color=\"#d23467\" data-hover-border-color=\"#ffffff\" class=\"qbutton  white enlarge\" style=\"border-color: #ffffff; background-color:#060051;\">T\u00e9l\u00e9chargez la fiche de synth\u00e8se<i class=\"qode_icon_font_awesome fa fa-download qode_button_icon_element\"><\/i><\/a>[\/vc_column_inner][\/vc_row_inner][\/vc_column][\/vc_row][vc_row css_animation=\"\" row_type=\"row\" use_row_as_full_screen_section=\"no\" type=\"grid\" angled_section=\"no\" text_align=\"left\" background_image_as_pattern=\"without_pattern\" z_index=\"\" padding_bottom=\"50\"][vc_column][vc_row_inner row_type=\"row\" type=\"full_width\" text_align=\"left\" css_animation=\"\"][vc_column_inner width=\"1\/2\"][vc_column_text css=\"\"]<\/p>\n<h2><span style=\"color: #000; font-size: 1.2em; font-weight: 900;\">Co\u00fbt et inscription \u00e0 la CSMCE<\/span><\/h2>\n<p><span style=\"color: #000; font-size: 1.1em;\"><strong>Le prix public est de 1 890\u20ac HT<\/strong> pour 14 heures de formation et deux passages de certification en ligne.<\/span><\/p>\n<p><span style=\"color: #000; font-size: 1.1em;\">L\u2019inscription se fait <a style=\"color: #000000;\" href=\"https:\/\/www.stormshield.com\/fr\/besoin-accompagnement\/services\/formations\/calendrier-des-formations\/\" target=\"_blank\" rel=\"noopener\">via le calendrier formation<\/a>.<\/span>[\/vc_column_text][vc_empty_space]<a  itemprop=\"url\" href=\"https:\/\/www.stormshield.com\/fr\/besoin-accompagnement\/services\/formations\/calendrier-des-formations\/?formation=CSMCE&#038;langue=&#038;location=&#038;center=\" target=\"_blank\" data-hover-background-color=\"#d23467\" data-hover-border-color=\"#ffffff\" class=\"qbutton  white enlarge\" style=\"border-color: #ffffff; background-color:#060051;\">Acc\u00e9dez au calendrier<i class=\"qode_icon_font_awesome fa fa-angle-right qode_button_icon_element\"><\/i><\/a>[\/vc_column_inner][vc_column_inner width=\"1\/2\"][vc_column_text]<\/p>\n<h2><span style=\"color: #000; font-size: 1.2em; font-weight: 900;\">Informations pratiques CSMCE<\/span><\/h2>\n<p><span style=\"color: #000; font-size: 1.1em;\"><strong>La formation CSMCE dure 14 heures.<\/strong> Stormshield propose des sessions de formation inter-entreprise en pr\u00e9sentiel dans ses locaux de Paris, Lille et Lyon, ou en distanciel.<\/span><\/p>\n<p><span style=\"color: #000; font-size: 1.1em;\">Nos formateurs interviennent \u00e9galement en formation intra-entreprise (sur site ou \u00e0 distance) \u00e0 partir de 5 personnes. L\u2019effectif maximum est de 8 personnes par session.<\/span>[\/vc_column_text][\/vc_column_inner][\/vc_row_inner][\/vc_column][\/vc_row][vc_row css_animation=\"\" row_type=\"row\" use_row_as_full_screen_section=\"no\" type=\"grid\" angled_section=\"no\" text_align=\"left\" background_image_as_pattern=\"without_pattern\" z_index=\"\" padding_bottom=\"50\" css=\".vc_custom_1697804221509{background-color: #ffffff !important;}\" padding_top=\"50\"][vc_column][vc_row_inner row_type=\"row\" type=\"full_width\" text_align=\"left\" css_animation=\"\" background_color=\"#f9f9f9\" css=\".vc_custom_1697805747463{padding-top: 32px !important;padding-right: 32px !important;padding-bottom: 32px !important;padding-left: 32px !important;}\"][vc_column_inner width=\"2\/3\"][vc_column_text]<\/p>\n<h2><span style=\"color: #000; font-size: 1.2em; font-weight: 900;\">Une certification CSMCE \u00e0 la cl\u00e9<\/span><\/h2>\n<p><span style=\"color: #000; font-size: 1.1em;\">Sous r\u00e9serve d'avoir r\u00e9ussi l'examen de fin de formation, bien entendu ! Celui-ci s'effectue en ligne (1h30, 50 questions). Vous devez <strong>avoir obtenu un score minimum de 70\u00a0%<\/strong>. L\u2019examen est ouvert automatiquement le jour suivant la fin de la formation pendant trois semaines <a style=\"color: #000000;\" href=\"https:\/\/institute.stormshield.eu\/\" target=\"_blank\" rel=\"noopener\">sur la plateforme Institute<\/a>. <\/span><\/p>\n<p><span style=\"color: #000; font-size: 1.1em;\">En cas d\u2019\u00e9chec ou d\u2019impossibilit\u00e9 de passer l\u2019examen dans ce cr\u00e9neau, un deuxi\u00e8me et dernier passage d\u2019examen est ouvert automatiquement dans la foul\u00e9e pour une dur\u00e9e d\u2019une semaine suppl\u00e9mentaire.<\/span>[\/vc_column_text][\/vc_column_inner][vc_column_inner width=\"1\/3\"][vc_single_image image=\"456833\" img_size=\"medium\" css=\"\" qode_css_animation=\"\" qode_hover_animation=\"zoom_in\"][\/vc_column_inner][\/vc_row_inner][\/vc_column][\/vc_row][vc_row css_animation=\"\" row_type=\"row\" use_row_as_full_screen_section=\"no\" type=\"grid\" angled_section=\"no\" text_align=\"left\" background_image_as_pattern=\"without_pattern\" z_index=\"\" padding_bottom=\"50\" padding_top=\"50\"][vc_column][vc_row_inner row_type=\"row\" type=\"full_width\" text_align=\"left\" css_animation=\"\"][vc_column_inner width=\"1\/2\"][vc_empty_space][vc_column_text]<\/p>\n<h2><span style=\"color: #000; font-size: 1.2em; font-weight: 900;\">Re-certification<\/span><\/h2>\n<p><span style=\"color: #000; font-size: 1.1em;\">Comme pour tout bon logiciel, une mise \u00e0 jour de votre expertise r\u00e9seaux\/s\u00e9curit\u00e9 s'imposera avant le troisi\u00e8me anniversaire de votre certification. Vous pourrez la faire gr\u00e2ce \u00e0 nos kits en ligne de re-certification qui permettent de renouveler votre certification pour trois ann\u00e9es suppl\u00e9mentaires. <\/span><\/p>\n<p><span style=\"color: #000; font-size: 1.1em;\">Les kits de re-certification, comme le e-learning, ne sont pas des actions de formation et ne sont pas \u00e9ligibles \u00e0 une prise en charge par un OPCO.<\/span>[\/vc_column_text][\/vc_column_inner][vc_column_inner width=\"1\/2\" css=\".vc_custom_1711115211108{padding-right: 32px !important;padding-left: 32px !important;background-color: #f9f9f9 !important;}\"][vc_column_text]<\/p>\n<h2><span style=\"color: #000; font-size: 1.2em; font-weight: 900;\">Calendrier CSMCE<\/span><\/h2>\n<p><span style=\"color: #000; font-size: 1.1em;\">Vous souhaitez conna\u00eetre les dates des formations d\u00e9di\u00e9es \u00e0 la protection des r\u00e9seaux\u00a0? <strong>D\u00e9couvrez notre calendrier des formations CSMCE.<\/strong><\/span>[\/vc_column_text][vc_empty_space]<a  itemprop=\"url\" href=\"https:\/\/www.stormshield.com\/fr\/besoin-accompagnement\/services\/formations\/calendrier-des-formations\/?formation=CSMCE&#038;langue=&#038;location=&#038;center=\" target=\"_blank\" data-hover-background-color=\"#d23467\" data-hover-border-color=\"#ffffff\" class=\"qbutton  white enlarge\" style=\"border-color: #ffffff; background-color:#060051;\">Acc\u00e9dez au calendrier<i class=\"qode_icon_font_awesome fa fa-angle-right qode_button_icon_element\"><\/i><\/a>[vc_empty_space][\/vc_column_inner][\/vc_row_inner][\/vc_column][\/vc_row][vc_row css_animation=\"\" row_type=\"row\" use_row_as_full_screen_section=\"no\" type=\"grid\" angled_section=\"no\" text_align=\"left\" background_image_as_pattern=\"without_pattern\" z_index=\"\" padding_bottom=\"50\" css=\".vc_custom_1697804221509{background-color: #ffffff !important;}\" padding_top=\"50\"][vc_column][vc_row_inner row_type=\"row\" type=\"full_width\" text_align=\"left\" css_animation=\"\" background_color=\"#f9f9f9\" css=\".vc_custom_1697805747463{padding-top: 32px !important;padding-right: 32px !important;padding-bottom: 32px !important;padding-left: 32px !important;}\"][vc_column_inner][vc_column_text]<\/p>\n<h2><span style=\"color: #000; font-size: 1.2em; font-weight: 900;\">Accueil de stagiaires en situation de handicap<\/span><\/h2>\n<p><span style=\"color: #000; font-size: 1.1em;\">Dans le cadre de nos formations, l\u2019accueil et l\u2019accompagnement des personnes en situation de handicap est possible apr\u00e8s \u00e9valuation de la nature du handicap. Afin d\u2019anticiper au mieux les besoins et \u00e9tudier les compensations n\u00e9cessaires, il est demand\u00e9 de le signaler d\u00e8s la prise de contact avec le service formation via l\u2019email <strong>referent-handicap-formation@stormshield.eu<\/strong>.<\/span>[\/vc_column_text][vc_empty_space][\/vc_column_inner][\/vc_row_inner][\/vc_column][\/vc_row]<\/p>\n<\/div>","protected":false},"excerpt":{"rendered":"<p>[vc_row css_animation=\u00a0\u00bb\u00a0\u00bb row_type=\u00a0\u00bbrow\u00a0\u00bb use_row_as_full_screen_section=\u00a0\u00bbno\u00a0\u00bb type=\u00a0\u00bbgrid\u00a0\u00bb angled_section=\u00a0\u00bbno\u00a0\u00bb text_align=\u00a0\u00bbleft\u00a0\u00bb background_image_as_pattern=\u00a0\u00bbwithout_pattern\u00a0\u00bb z_index=\u00a0\u00bb\u00a0\u00bb padding_top=\u00a0\u00bb50&Prime; padding_bottom=\u00a0\u00bb50&Prime;][vc_column][vc_empty_space][vc_column_text] Formation CSMCE : ma\u00eetrisez les fonctionnalit\u00e9s avanc\u00e9es de Stormshield Management Center [\/vc_column_text][vc_empty_space][\/vc_column][\/vc_row][vc_row css_animation=\u00a0\u00bb\u00a0\u00bb row_type=\u00a0\u00bbrow\u00a0\u00bb use_row_as_full_screen_section=\u00a0\u00bbno\u00a0\u00bb type=\u00a0\u00bbgrid\u00a0\u00bb angled_section=\u00a0\u00bbno\u00a0\u00bb text_align=\u00a0\u00bbleft\u00a0\u00bb background_image_as_pattern=\u00a0\u00bbwithout_pattern\u00a0\u00bb z_index=\u00a0\u00bb\u00a0\u00bb padding_bottom=\u00a0\u00bb50&Prime; padding_top=\u00a0\u00bb50&Prime;][vc_column width=\u00a0\u00bb2\/3&Prime;][vc_column_text]Gr\u00e2ce \u00e0 cette formation certifiante, vous deviendrez un expert de l\u2019ensemble des&#8230;<\/p>\n","protected":false},"author":31,"featured_media":0,"parent":21841,"menu_order":290,"comment_status":"closed","ping_status":"closed","template":"full_width.php","meta":{"_acf_changed":false,"footnotes":""},"class_list":["post-223871","page","type-page","status-publish","hentry"],"acf":[],"yoast_head":"<!-- This site is optimized with the Yoast SEO plugin v27.3 - https:\/\/yoast.com\/product\/yoast-seo-wordpress\/ -->\n<title>Formation CSMCE : formation certifiante cybers\u00e9curit\u00e9 Stormshield<\/title>\n<meta name=\"description\" content=\"Avec la formation Certified Stormshield Management Center Expert, devenez un expert des fonctionnalit\u00e9s avanc\u00e9es du produit SMC.\" \/>\n<meta name=\"robots\" content=\"index, follow, max-snippet:-1, max-image-preview:large, max-video-preview:-1\" \/>\n<link rel=\"canonical\" href=\"https:\/\/www.stormshield.com\/fr\/besoin-accompagnement\/services\/formations\/sns\/formation-csmce\/\" \/>\n<meta property=\"og:locale\" content=\"fr_FR\" \/>\n<meta property=\"og:type\" content=\"article\" \/>\n<meta property=\"og:title\" content=\"Formation CSMCE : formation certifiante cybers\u00e9curit\u00e9 Stormshield\" \/>\n<meta property=\"og:description\" content=\"Avec la formation Certified Stormshield Management Center Expert, devenez un expert des fonctionnalit\u00e9s avanc\u00e9es du produit SMC.\" \/>\n<meta property=\"og:url\" content=\"https:\/\/www.stormshield.com\/fr\/besoin-accompagnement\/services\/formations\/sns\/formation-csmce\/\" \/>\n<meta property=\"og:site_name\" content=\"Stormshield\" \/>\n<meta property=\"article:modified_time\" content=\"2025-01-31T15:18:21+00:00\" \/>\n<meta property=\"og:image\" content=\"https:\/\/www.stormshield.com\/wp-content\/uploads\/stormshield_logo.png\" \/>\n\t<meta property=\"og:image:width\" content=\"204\" \/>\n\t<meta property=\"og:image:height\" content=\"94\" \/>\n\t<meta property=\"og:image:type\" content=\"image\/png\" \/>\n<meta name=\"twitter:card\" content=\"summary_large_image\" \/>\n<meta name=\"twitter:site\" content=\"@Stormshield\" \/>\n<meta name=\"twitter:label1\" content=\"Dur\u00e9e de lecture estim\u00e9e\" \/>\n\t<meta name=\"twitter:data1\" content=\"5 minutes\" \/>\n<script type=\"application\/ld+json\" class=\"yoast-schema-graph\">{\"@context\":\"https:\\\/\\\/schema.org\",\"@graph\":[{\"@type\":\"WebPage\",\"@id\":\"https:\\\/\\\/www.stormshield.com\\\/fr\\\/besoin-accompagnement\\\/services\\\/formations\\\/sns\\\/formation-csmce\\\/\",\"url\":\"https:\\\/\\\/www.stormshield.com\\\/fr\\\/besoin-accompagnement\\\/services\\\/formations\\\/sns\\\/formation-csmce\\\/\",\"name\":\"Formation CSMCE : formation certifiante cybers\u00e9curit\u00e9 Stormshield\",\"isPartOf\":{\"@id\":\"https:\\\/\\\/www.stormshield.com\\\/fr\\\/#website\"},\"datePublished\":\"2021-06-10T12:38:35+00:00\",\"dateModified\":\"2025-01-31T15:18:21+00:00\",\"description\":\"Avec la formation Certified Stormshield Management Center Expert, devenez un expert des fonctionnalit\u00e9s avanc\u00e9es du produit SMC.\",\"breadcrumb\":{\"@id\":\"https:\\\/\\\/www.stormshield.com\\\/fr\\\/besoin-accompagnement\\\/services\\\/formations\\\/sns\\\/formation-csmce\\\/#breadcrumb\"},\"inLanguage\":\"fr-FR\",\"potentialAction\":[{\"@type\":\"ReadAction\",\"target\":[\"https:\\\/\\\/www.stormshield.com\\\/fr\\\/besoin-accompagnement\\\/services\\\/formations\\\/sns\\\/formation-csmce\\\/\"]}]},{\"@type\":\"BreadcrumbList\",\"@id\":\"https:\\\/\\\/www.stormshield.com\\\/fr\\\/besoin-accompagnement\\\/services\\\/formations\\\/sns\\\/formation-csmce\\\/#breadcrumb\",\"itemListElement\":[{\"@type\":\"ListItem\",\"position\":1,\"name\":\"Home\",\"item\":\"https:\\\/\\\/www.stormshield.com\\\/fr\\\/\"},{\"@type\":\"ListItem\",\"position\":2,\"name\":\"Notre accompagnement\",\"item\":\"https:\\\/\\\/www.stormshield.com\\\/fr\\\/besoin-accompagnement\\\/\"},{\"@type\":\"ListItem\",\"position\":3,\"name\":\"Services\",\"item\":\"https:\\\/\\\/www.stormshield.com\\\/fr\\\/besoin-accompagnement\\\/services\\\/\"},{\"@type\":\"ListItem\",\"position\":4,\"name\":\"Formations\",\"item\":\"https:\\\/\\\/www.stormshield.com\\\/fr\\\/besoin-accompagnement\\\/services\\\/formations\\\/\"},{\"@type\":\"ListItem\",\"position\":5,\"name\":\"Formations SNS\",\"item\":\"https:\\\/\\\/www.stormshield.com\\\/fr\\\/besoin-accompagnement\\\/services\\\/formations\\\/sns\\\/\"},{\"@type\":\"ListItem\",\"position\":6,\"name\":\"Formation CSMCE\"}]},{\"@type\":\"WebSite\",\"@id\":\"https:\\\/\\\/www.stormshield.com\\\/fr\\\/#website\",\"url\":\"https:\\\/\\\/www.stormshield.com\\\/fr\\\/\",\"name\":\"Stormshield\",\"description\":\"Stormshield\",\"potentialAction\":[{\"@type\":\"SearchAction\",\"target\":{\"@type\":\"EntryPoint\",\"urlTemplate\":\"https:\\\/\\\/www.stormshield.com\\\/fr\\\/?s={search_term_string}\"},\"query-input\":{\"@type\":\"PropertyValueSpecification\",\"valueRequired\":true,\"valueName\":\"search_term_string\"}}],\"inLanguage\":\"fr-FR\"}]}<\/script>\n<!-- \/ Yoast SEO plugin. -->","yoast_head_json":{"title":"Formation CSMCE : formation certifiante cybers\u00e9curit\u00e9 Stormshield","description":"Avec la formation Certified Stormshield Management Center Expert, devenez un expert des fonctionnalit\u00e9s avanc\u00e9es du produit SMC.","robots":{"index":"index","follow":"follow","max-snippet":"max-snippet:-1","max-image-preview":"max-image-preview:large","max-video-preview":"max-video-preview:-1"},"canonical":"https:\/\/www.stormshield.com\/fr\/besoin-accompagnement\/services\/formations\/sns\/formation-csmce\/","og_locale":"fr_FR","og_type":"article","og_title":"Formation CSMCE : formation certifiante cybers\u00e9curit\u00e9 Stormshield","og_description":"Avec la formation Certified Stormshield Management Center Expert, devenez un expert des fonctionnalit\u00e9s avanc\u00e9es du produit SMC.","og_url":"https:\/\/www.stormshield.com\/fr\/besoin-accompagnement\/services\/formations\/sns\/formation-csmce\/","og_site_name":"Stormshield","article_modified_time":"2025-01-31T15:18:21+00:00","og_image":[{"width":204,"height":94,"url":"https:\/\/www.stormshield.com\/wp-content\/uploads\/stormshield_logo.png","type":"image\/png"}],"twitter_card":"summary_large_image","twitter_site":"@Stormshield","twitter_misc":{"Dur\u00e9e de lecture estim\u00e9e":"5 minutes"},"schema":{"@context":"https:\/\/schema.org","@graph":[{"@type":"WebPage","@id":"https:\/\/www.stormshield.com\/fr\/besoin-accompagnement\/services\/formations\/sns\/formation-csmce\/","url":"https:\/\/www.stormshield.com\/fr\/besoin-accompagnement\/services\/formations\/sns\/formation-csmce\/","name":"Formation CSMCE : formation certifiante cybers\u00e9curit\u00e9 Stormshield","isPartOf":{"@id":"https:\/\/www.stormshield.com\/fr\/#website"},"datePublished":"2021-06-10T12:38:35+00:00","dateModified":"2025-01-31T15:18:21+00:00","description":"Avec la formation Certified Stormshield Management Center Expert, devenez un expert des fonctionnalit\u00e9s avanc\u00e9es du produit SMC.","breadcrumb":{"@id":"https:\/\/www.stormshield.com\/fr\/besoin-accompagnement\/services\/formations\/sns\/formation-csmce\/#breadcrumb"},"inLanguage":"fr-FR","potentialAction":[{"@type":"ReadAction","target":["https:\/\/www.stormshield.com\/fr\/besoin-accompagnement\/services\/formations\/sns\/formation-csmce\/"]}]},{"@type":"BreadcrumbList","@id":"https:\/\/www.stormshield.com\/fr\/besoin-accompagnement\/services\/formations\/sns\/formation-csmce\/#breadcrumb","itemListElement":[{"@type":"ListItem","position":1,"name":"Home","item":"https:\/\/www.stormshield.com\/fr\/"},{"@type":"ListItem","position":2,"name":"Notre accompagnement","item":"https:\/\/www.stormshield.com\/fr\/besoin-accompagnement\/"},{"@type":"ListItem","position":3,"name":"Services","item":"https:\/\/www.stormshield.com\/fr\/besoin-accompagnement\/services\/"},{"@type":"ListItem","position":4,"name":"Formations","item":"https:\/\/www.stormshield.com\/fr\/besoin-accompagnement\/services\/formations\/"},{"@type":"ListItem","position":5,"name":"Formations SNS","item":"https:\/\/www.stormshield.com\/fr\/besoin-accompagnement\/services\/formations\/sns\/"},{"@type":"ListItem","position":6,"name":"Formation CSMCE"}]},{"@type":"WebSite","@id":"https:\/\/www.stormshield.com\/fr\/#website","url":"https:\/\/www.stormshield.com\/fr\/","name":"Stormshield","description":"Stormshield","potentialAction":[{"@type":"SearchAction","target":{"@type":"EntryPoint","urlTemplate":"https:\/\/www.stormshield.com\/fr\/?s={search_term_string}"},"query-input":{"@type":"PropertyValueSpecification","valueRequired":true,"valueName":"search_term_string"}}],"inLanguage":"fr-FR"}]}},"_links":{"self":[{"href":"https:\/\/www.stormshield.com\/fr\/wp-json\/wp\/v2\/pages\/223871","targetHints":{"allow":["GET"]}}],"collection":[{"href":"https:\/\/www.stormshield.com\/fr\/wp-json\/wp\/v2\/pages"}],"about":[{"href":"https:\/\/www.stormshield.com\/fr\/wp-json\/wp\/v2\/types\/page"}],"author":[{"embeddable":true,"href":"https:\/\/www.stormshield.com\/fr\/wp-json\/wp\/v2\/users\/31"}],"replies":[{"embeddable":true,"href":"https:\/\/www.stormshield.com\/fr\/wp-json\/wp\/v2\/comments?post=223871"}],"version-history":[{"count":20,"href":"https:\/\/www.stormshield.com\/fr\/wp-json\/wp\/v2\/pages\/223871\/revisions"}],"predecessor-version":[{"id":609257,"href":"https:\/\/www.stormshield.com\/fr\/wp-json\/wp\/v2\/pages\/223871\/revisions\/609257"}],"up":[{"embeddable":true,"href":"https:\/\/www.stormshield.com\/fr\/wp-json\/wp\/v2\/pages\/21841"}],"wp:attachment":[{"href":"https:\/\/www.stormshield.com\/fr\/wp-json\/wp\/v2\/media?parent=223871"}],"curies":[{"name":"wp","href":"https:\/\/api.w.org\/{rel}","templated":true}]}}