{"id":223737,"date":"2021-09-24T09:48:12","date_gmt":"2021-09-24T08:48:12","guid":{"rendered":"https:\/\/www.stormshield.com\/?page_id=223737"},"modified":"2025-11-03T10:23:19","modified_gmt":"2025-11-03T09:23:19","slug":"accompagner-vos-clients-finaux","status":"publish","type":"page","link":"https:\/\/www.stormshield.com\/fr\/partenaires\/accompagner-vos-clients-finaux\/","title":{"rendered":"Accompagner vos clients"},"content":{"rendered":"<div class=\"wpb-content-wrapper\"><p>[vc_row css_animation=\"\" row_type=\"row\" use_row_as_full_screen_section=\"no\" type=\"grid\" angled_section=\"no\" text_align=\"left\" background_image_as_pattern=\"without_pattern\" z_index=\"\" padding_top=\"50\" padding_bottom=\"50\"][vc_column][vc_empty_space][vc_column_text]<\/p>\n<h1 style=\"text-align: center;\"><span style=\"color: #00aaf5;\"><span style=\"font-weight: 900; font-size: 1.6em;\">Accompagner vos clients vers la cybers\u00e9curit\u00e9, <\/span><span style=\"font-weight: 300; font-size: 1.5em;\">entre p\u00e9dagogie, expertise et analyse<\/span><\/span><\/h1>\n<p>[\/vc_column_text][vc_empty_space][\/vc_column][\/vc_row][vc_row css_animation=\"\" row_type=\"row\" use_row_as_full_screen_section=\"no\" type=\"grid\" angled_section=\"no\" text_align=\"left\" background_image_as_pattern=\"without_pattern\" z_index=\"\" padding_bottom=\"50\"][vc_column][vc_row_inner row_type=\"row\" type=\"full_width\" text_align=\"left\" css_animation=\"\"][vc_column_inner width=\"2\/3\"][vc_column_text]<\/p>\n<h2><span style=\"color: #000; font-size: 1.2em; font-weight: 900;\">De la p\u00e9dagogie pour favoriser la sensibilisation<\/span><\/h2>\n<p><span style=\"color: #000; font-size: 1.1em;\">La cybers\u00e9curit\u00e9 appara\u00eet souvent comme un concept abstrait pour les responsables de petites entreprises. Pourtant, les cyber-menaces n\u2019\u00e9pargnent personne, avec des risques informatiques bien concrets. Tout peut commencer par l\u2019ouverture d\u2019une pi\u00e8ce jointe, l\u2019utilisation d\u2019une cl\u00e9 USB ou encore en cliquant par m\u00e9garde sur une pop-up.<\/span><\/p>\n<p><span style=\"color: #000; font-size: 1.1em;\">Pour mieux saisir les enjeux de la cybers\u00e9curit\u00e9 et ainsi mieux cibler les besoins en la mati\u00e8re, Stormshield r\u00e9alise des contenus de sensibilisation. Vulgaris\u00e9s et accessibles, ils ont vocation \u00e0 devenir, pour vous partenaires, autant d\u2019outils de vente et d\u2019aide \u00e0 la d\u00e9cision. <strong>Parcourez nos contenus p\u00e9dagogiques\u00a0: un pr\u00e9cieux kit de sensibilisation \u00e0 partager et \u00e0 re-partager.<\/strong><\/span>[\/vc_column_text][vc_empty_space][\/vc_column_inner][vc_column_inner width=\"1\/3\"][vc_single_image image=\"456503\" img_size=\"medium\" qode_css_animation=\"\"][vc_empty_space]<a  itemprop=\"url\" href=\"https:\/\/www.stormshield.com\/fr\/tag\/la-cybersecurite-premiers-pas\/\" target=\"_blank\" data-hover-background-color=\"#d23467\" data-hover-border-color=\"#ffffff\" class=\"qbutton  white enlarge\" style=\"border-color: #ffffff; background-color:#060051;\">Contenus p\u00e9dagogiques<i class=\"qode_icon_font_awesome fa fa-angle-right qode_button_icon_element\"><\/i><\/a>[vc_empty_space][\/vc_column_inner][\/vc_row_inner][\/vc_column][\/vc_row][vc_row css_animation=\"\" row_type=\"row\" use_row_as_full_screen_section=\"no\" type=\"grid\" angled_section=\"no\" text_align=\"left\" background_image_as_pattern=\"without_pattern\" z_index=\"\" padding_bottom=\"50\" css=\".vc_custom_1697804221509{background-color: #ffffff !important;}\" padding_top=\"50\"][vc_column][vc_row_inner row_type=\"row\" type=\"full_width\" text_align=\"left\" css_animation=\"\" background_color=\"#f9f9f9\" css=\".vc_custom_1697805747463{padding-top: 32px !important;padding-right: 32px !important;padding-bottom: 32px !important;padding-left: 32px !important;}\"][vc_column_inner width=\"2\/3\"][vc_column_text]<\/p>\n<h2><span style=\"color: #000; font-size: 1.2em; font-weight: 900;\">De l'expertise pour d\u00e9crypter les enjeux de cybers\u00e9curit\u00e9<\/span><\/h2>\n<p><span style=\"color: #000; font-size: 1.1em;\">Certains profils, plus aguerris, sont en qu\u00eate de r\u00e9ponses et de contenus \u00e0 haute valeur ajout\u00e9e. Actualit\u00e9s sur le domaine cyber, veille s\u00e9curit\u00e9, alertes produits, interviews d\u2019experts\u2026 Nous publions r\u00e9guli\u00e8rement du contenu pour r\u00e9pondre aux pr\u00e9occupations m\u00e9tier et business.<\/span><\/p>\n<p><span style=\"color: #000; font-size: 1.1em;\">Pour les rendre incontournables \u00e0 vos yeux, nous nous appuyons sur nos \u00e9quipes de Product Managers et de R&amp;D qui surveillent de pr\u00e8s les soubresauts du secteur pour mieux imaginer et anticiper la cybers\u00e9curit\u00e9 de demain. <strong>Prenez la mesure de cette veille en consultant nos articles d\u2019analyse et prospectifs.<\/strong><\/span>[\/vc_column_text][vc_empty_space][\/vc_column_inner][vc_column_inner width=\"1\/3\"][vc_single_image image=\"456498\" img_size=\"medium\" qode_css_animation=\"\"][vc_empty_space]<a  itemprop=\"url\" href=\"https:\/\/www.stormshield.com\/fr\/tag\/la-cybersecurite-par-stormshield\/\" target=\"_blank\" data-hover-background-color=\"#d23467\" data-hover-border-color=\"#ffffff\" class=\"qbutton  white enlarge\" style=\"border-color: #ffffff; background-color:#060051;\">Avis d'experts<i class=\"qode_icon_font_awesome fa fa-angle-right qode_button_icon_element\"><\/i><\/a>[vc_empty_space height=\"12px\"]<a  itemprop=\"url\" href=\"https:\/\/www.stormshield.com\/fr\/livres-blancs-cybersecurite\/\" target=\"_blank\" data-hover-background-color=\"#d23467\" data-hover-border-color=\"#ffffff\" class=\"qbutton  white enlarge\" style=\"border-color: #ffffff; background-color:#060051;\">Livres blancs<i class=\"qode_icon_font_awesome fa fa-angle-right qode_button_icon_element\"><\/i><\/a>[vc_empty_space][\/vc_column_inner][\/vc_row_inner][\/vc_column][\/vc_row][vc_row css_animation=\"\" row_type=\"row\" use_row_as_full_screen_section=\"no\" type=\"grid\" angled_section=\"no\" text_align=\"left\" background_image_as_pattern=\"without_pattern\" z_index=\"\" padding_bottom=\"50\"][vc_column][vc_row_inner row_type=\"row\" type=\"full_width\" text_align=\"left\" css_animation=\"\"][vc_column_inner width=\"2\/3\"][vc_column_text]<\/p>\n<h2><span style=\"color: #000; font-size: 1.2em; font-weight: 900;\">De l'analyse pour faire grandir la communaut\u00e9<\/span><\/h2>\n<p><span style=\"color: #000; font-size: 1.1em;\">Pour r\u00e9pondre aux besoins des experts en s\u00e9curit\u00e9, notre \u00e9quipe de <a style=\"color: #000000;\" href=\"https:\/\/www.stormshield.com\/fr\/besoin-accompagnement\/services\/cyber-threat-intelligence\/\">Cyber Threat Intelligence<\/a> r\u00e9dige des articles d\u00e9di\u00e9s \u00e0 l\u2019approche technique de la cybers\u00e9curit\u00e9.<\/span><\/p>\n<p><span style=\"color: #000; font-size: 1.1em;\">Les mains plong\u00e9es dans le code, nos experts cyber s\u2019attaquent aux m\u00e9canismes des malwares et livrent leur analyse technique de haut niveau, parfois en avant-premi\u00e8re. <strong>Plongez-vous sans plus tarder dans nos contenus pour lecteurs avertis.<\/strong><\/span>[\/vc_column_text][vc_empty_space][\/vc_column_inner][vc_column_inner width=\"1\/3\"][vc_single_image image=\"456603\" img_size=\"medium\" qode_css_animation=\"\"][vc_empty_space]<a  itemprop=\"url\" href=\"https:\/\/www.stormshield.com\/fr\/category\/alertes\/\" target=\"_blank\" data-hover-background-color=\"#d23467\" data-hover-border-color=\"#ffffff\" class=\"qbutton  white enlarge\" style=\"border-color: #ffffff; background-color:#060051;\">Alertes s\u00e9curit\u00e9<i class=\"qode_icon_font_awesome fa fa-angle-right qode_button_icon_element\"><\/i><\/a>[vc_empty_space height=\"12px\"]<a  itemprop=\"url\" href=\"https:\/\/www.stormshield.com\/fr\/category\/technical-posts-fr\/\" target=\"_blank\" data-hover-background-color=\"#d23467\" data-hover-border-color=\"#ffffff\" class=\"qbutton  white enlarge\" style=\"border-color: #ffffff; background-color:#060051;\">Billets techniques<i class=\"qode_icon_font_awesome fa fa-angle-right qode_button_icon_element\"><\/i><\/a>[vc_empty_space][\/vc_column_inner][\/vc_row_inner][\/vc_column][\/vc_row]<\/p>\n<\/div>","protected":false},"excerpt":{"rendered":"<p>[vc_row css_animation=\u00a0\u00bb\u00a0\u00bb row_type=\u00a0\u00bbrow\u00a0\u00bb use_row_as_full_screen_section=\u00a0\u00bbno\u00a0\u00bb type=\u00a0\u00bbgrid\u00a0\u00bb angled_section=\u00a0\u00bbno\u00a0\u00bb text_align=\u00a0\u00bbleft\u00a0\u00bb background_image_as_pattern=\u00a0\u00bbwithout_pattern\u00a0\u00bb z_index=\u00a0\u00bb\u00a0\u00bb padding_top=\u00a0\u00bb50&Prime; padding_bottom=\u00a0\u00bb50&Prime;][vc_column][vc_empty_space][vc_column_text] Accompagner vos clients vers la cybers\u00e9curit\u00e9, entre p\u00e9dagogie, expertise et analyse [\/vc_column_text][vc_empty_space][\/vc_column][\/vc_row][vc_row css_animation=\u00a0\u00bb\u00a0\u00bb row_type=\u00a0\u00bbrow\u00a0\u00bb use_row_as_full_screen_section=\u00a0\u00bbno\u00a0\u00bb type=\u00a0\u00bbgrid\u00a0\u00bb angled_section=\u00a0\u00bbno\u00a0\u00bb text_align=\u00a0\u00bbleft\u00a0\u00bb background_image_as_pattern=\u00a0\u00bbwithout_pattern\u00a0\u00bb z_index=\u00a0\u00bb\u00a0\u00bb padding_bottom=\u00a0\u00bb50&Prime;][vc_column][vc_row_inner row_type=\u00a0\u00bbrow\u00a0\u00bb type=\u00a0\u00bbfull_width\u00a0\u00bb text_align=\u00a0\u00bbleft\u00a0\u00bb css_animation=\u00a0\u00bb\u00a0\u00bb][vc_column_inner width=\u00a0\u00bb2\/3&Prime;][vc_column_text] De la p\u00e9dagogie pour favoriser la sensibilisation La&#8230;<\/p>\n","protected":false},"author":31,"featured_media":0,"parent":22026,"menu_order":275,"comment_status":"closed","ping_status":"closed","template":"full_width.php","meta":{"_acf_changed":false,"footnotes":""},"class_list":["post-223737","page","type-page","status-publish","hentry"],"acf":[],"yoast_head":"<!-- This site is optimized with the Yoast SEO plugin v27.3 - https:\/\/yoast.com\/product\/yoast-seo-wordpress\/ -->\n<title>Accompagner vos clients vers la cybers\u00e9curit\u00e9 | Stormshield<\/title>\n<meta name=\"description\" content=\"Du RSSI \u00e0 Monsieur Tout-le-monde, en passant par l&#039;ing\u00e9nieur commercial, Stormshield rend les d\u00e9fis de la cybers\u00e9curit\u00e9 faciles \u00e0 comprendre.\" \/>\n<meta name=\"robots\" content=\"index, follow, max-snippet:-1, max-image-preview:large, max-video-preview:-1\" \/>\n<link rel=\"canonical\" href=\"https:\/\/www.stormshield.com\/fr\/partenaires\/accompagner-vos-clients-finaux\/\" \/>\n<meta property=\"og:locale\" content=\"fr_FR\" \/>\n<meta property=\"og:type\" content=\"article\" \/>\n<meta property=\"og:title\" content=\"Accompagner vos clients vers la cybers\u00e9curit\u00e9 | Stormshield\" \/>\n<meta property=\"og:description\" content=\"Du RSSI \u00e0 Monsieur Tout-le-monde, en passant par l&#039;ing\u00e9nieur commercial, Stormshield rend les d\u00e9fis de la cybers\u00e9curit\u00e9 faciles \u00e0 comprendre.\" \/>\n<meta property=\"og:url\" content=\"https:\/\/www.stormshield.com\/fr\/partenaires\/accompagner-vos-clients-finaux\/\" \/>\n<meta property=\"og:site_name\" content=\"Stormshield\" \/>\n<meta property=\"article:modified_time\" content=\"2025-11-03T09:23:19+00:00\" \/>\n<meta property=\"og:image\" content=\"https:\/\/www.stormshield.com\/wp-content\/uploads\/stormshield_logo.png\" \/>\n\t<meta property=\"og:image:width\" content=\"204\" \/>\n\t<meta property=\"og:image:height\" content=\"94\" \/>\n\t<meta property=\"og:image:type\" content=\"image\/png\" \/>\n<meta name=\"twitter:card\" content=\"summary_large_image\" \/>\n<meta name=\"twitter:site\" content=\"@Stormshield\" \/>\n<meta name=\"twitter:label1\" content=\"Dur\u00e9e de lecture estim\u00e9e\" \/>\n\t<meta name=\"twitter:data1\" content=\"3 minutes\" \/>\n<script type=\"application\/ld+json\" class=\"yoast-schema-graph\">{\"@context\":\"https:\\\/\\\/schema.org\",\"@graph\":[{\"@type\":\"WebPage\",\"@id\":\"https:\\\/\\\/www.stormshield.com\\\/fr\\\/partenaires\\\/accompagner-vos-clients-finaux\\\/\",\"url\":\"https:\\\/\\\/www.stormshield.com\\\/fr\\\/partenaires\\\/accompagner-vos-clients-finaux\\\/\",\"name\":\"Accompagner vos clients vers la cybers\u00e9curit\u00e9 | Stormshield\",\"isPartOf\":{\"@id\":\"https:\\\/\\\/www.stormshield.com\\\/fr\\\/#website\"},\"datePublished\":\"2021-09-24T08:48:12+00:00\",\"dateModified\":\"2025-11-03T09:23:19+00:00\",\"description\":\"Du RSSI \u00e0 Monsieur Tout-le-monde, en passant par l'ing\u00e9nieur commercial, Stormshield rend les d\u00e9fis de la cybers\u00e9curit\u00e9 faciles \u00e0 comprendre.\",\"breadcrumb\":{\"@id\":\"https:\\\/\\\/www.stormshield.com\\\/fr\\\/partenaires\\\/accompagner-vos-clients-finaux\\\/#breadcrumb\"},\"inLanguage\":\"fr-FR\",\"potentialAction\":[{\"@type\":\"ReadAction\",\"target\":[\"https:\\\/\\\/www.stormshield.com\\\/fr\\\/partenaires\\\/accompagner-vos-clients-finaux\\\/\"]}]},{\"@type\":\"BreadcrumbList\",\"@id\":\"https:\\\/\\\/www.stormshield.com\\\/fr\\\/partenaires\\\/accompagner-vos-clients-finaux\\\/#breadcrumb\",\"itemListElement\":[{\"@type\":\"ListItem\",\"position\":1,\"name\":\"Home\",\"item\":\"https:\\\/\\\/www.stormshield.com\\\/fr\\\/\"},{\"@type\":\"ListItem\",\"position\":2,\"name\":\"Partenaires\",\"item\":\"https:\\\/\\\/www.stormshield.com\\\/fr\\\/partenaires\\\/\"},{\"@type\":\"ListItem\",\"position\":3,\"name\":\"Accompagner vos clients\"}]},{\"@type\":\"WebSite\",\"@id\":\"https:\\\/\\\/www.stormshield.com\\\/fr\\\/#website\",\"url\":\"https:\\\/\\\/www.stormshield.com\\\/fr\\\/\",\"name\":\"Stormshield\",\"description\":\"Stormshield\",\"potentialAction\":[{\"@type\":\"SearchAction\",\"target\":{\"@type\":\"EntryPoint\",\"urlTemplate\":\"https:\\\/\\\/www.stormshield.com\\\/fr\\\/?s={search_term_string}\"},\"query-input\":{\"@type\":\"PropertyValueSpecification\",\"valueRequired\":true,\"valueName\":\"search_term_string\"}}],\"inLanguage\":\"fr-FR\"}]}<\/script>\n<!-- \/ Yoast SEO plugin. -->","yoast_head_json":{"title":"Accompagner vos clients vers la cybers\u00e9curit\u00e9 | Stormshield","description":"Du RSSI \u00e0 Monsieur Tout-le-monde, en passant par l'ing\u00e9nieur commercial, Stormshield rend les d\u00e9fis de la cybers\u00e9curit\u00e9 faciles \u00e0 comprendre.","robots":{"index":"index","follow":"follow","max-snippet":"max-snippet:-1","max-image-preview":"max-image-preview:large","max-video-preview":"max-video-preview:-1"},"canonical":"https:\/\/www.stormshield.com\/fr\/partenaires\/accompagner-vos-clients-finaux\/","og_locale":"fr_FR","og_type":"article","og_title":"Accompagner vos clients vers la cybers\u00e9curit\u00e9 | Stormshield","og_description":"Du RSSI \u00e0 Monsieur Tout-le-monde, en passant par l'ing\u00e9nieur commercial, Stormshield rend les d\u00e9fis de la cybers\u00e9curit\u00e9 faciles \u00e0 comprendre.","og_url":"https:\/\/www.stormshield.com\/fr\/partenaires\/accompagner-vos-clients-finaux\/","og_site_name":"Stormshield","article_modified_time":"2025-11-03T09:23:19+00:00","og_image":[{"width":204,"height":94,"url":"https:\/\/www.stormshield.com\/wp-content\/uploads\/stormshield_logo.png","type":"image\/png"}],"twitter_card":"summary_large_image","twitter_site":"@Stormshield","twitter_misc":{"Dur\u00e9e de lecture estim\u00e9e":"3 minutes"},"schema":{"@context":"https:\/\/schema.org","@graph":[{"@type":"WebPage","@id":"https:\/\/www.stormshield.com\/fr\/partenaires\/accompagner-vos-clients-finaux\/","url":"https:\/\/www.stormshield.com\/fr\/partenaires\/accompagner-vos-clients-finaux\/","name":"Accompagner vos clients vers la cybers\u00e9curit\u00e9 | Stormshield","isPartOf":{"@id":"https:\/\/www.stormshield.com\/fr\/#website"},"datePublished":"2021-09-24T08:48:12+00:00","dateModified":"2025-11-03T09:23:19+00:00","description":"Du RSSI \u00e0 Monsieur Tout-le-monde, en passant par l'ing\u00e9nieur commercial, Stormshield rend les d\u00e9fis de la cybers\u00e9curit\u00e9 faciles \u00e0 comprendre.","breadcrumb":{"@id":"https:\/\/www.stormshield.com\/fr\/partenaires\/accompagner-vos-clients-finaux\/#breadcrumb"},"inLanguage":"fr-FR","potentialAction":[{"@type":"ReadAction","target":["https:\/\/www.stormshield.com\/fr\/partenaires\/accompagner-vos-clients-finaux\/"]}]},{"@type":"BreadcrumbList","@id":"https:\/\/www.stormshield.com\/fr\/partenaires\/accompagner-vos-clients-finaux\/#breadcrumb","itemListElement":[{"@type":"ListItem","position":1,"name":"Home","item":"https:\/\/www.stormshield.com\/fr\/"},{"@type":"ListItem","position":2,"name":"Partenaires","item":"https:\/\/www.stormshield.com\/fr\/partenaires\/"},{"@type":"ListItem","position":3,"name":"Accompagner vos clients"}]},{"@type":"WebSite","@id":"https:\/\/www.stormshield.com\/fr\/#website","url":"https:\/\/www.stormshield.com\/fr\/","name":"Stormshield","description":"Stormshield","potentialAction":[{"@type":"SearchAction","target":{"@type":"EntryPoint","urlTemplate":"https:\/\/www.stormshield.com\/fr\/?s={search_term_string}"},"query-input":{"@type":"PropertyValueSpecification","valueRequired":true,"valueName":"search_term_string"}}],"inLanguage":"fr-FR"}]}},"_links":{"self":[{"href":"https:\/\/www.stormshield.com\/fr\/wp-json\/wp\/v2\/pages\/223737","targetHints":{"allow":["GET"]}}],"collection":[{"href":"https:\/\/www.stormshield.com\/fr\/wp-json\/wp\/v2\/pages"}],"about":[{"href":"https:\/\/www.stormshield.com\/fr\/wp-json\/wp\/v2\/types\/page"}],"author":[{"embeddable":true,"href":"https:\/\/www.stormshield.com\/fr\/wp-json\/wp\/v2\/users\/31"}],"replies":[{"embeddable":true,"href":"https:\/\/www.stormshield.com\/fr\/wp-json\/wp\/v2\/comments?post=223737"}],"version-history":[{"count":21,"href":"https:\/\/www.stormshield.com\/fr\/wp-json\/wp\/v2\/pages\/223737\/revisions"}],"predecessor-version":[{"id":691707,"href":"https:\/\/www.stormshield.com\/fr\/wp-json\/wp\/v2\/pages\/223737\/revisions\/691707"}],"up":[{"embeddable":true,"href":"https:\/\/www.stormshield.com\/fr\/wp-json\/wp\/v2\/pages\/22026"}],"wp:attachment":[{"href":"https:\/\/www.stormshield.com\/fr\/wp-json\/wp\/v2\/media?parent=223737"}],"curies":[{"name":"wp","href":"https:\/\/api.w.org\/{rel}","templated":true}]}}