{"id":223717,"date":"2021-08-09T08:54:41","date_gmt":"2021-08-09T07:54:41","guid":{"rendered":"https:\/\/www.stormshield.com\/?page_id=223717"},"modified":"2025-11-04T14:35:09","modified_gmt":"2025-11-04T13:35:09","slug":"cyber-threat-intelligence","status":"publish","type":"page","link":"https:\/\/www.stormshield.com\/fr\/besoin-accompagnement\/services\/cyber-threat-intelligence\/","title":{"rendered":"Threat Intelligence"},"content":{"rendered":"<div class=\"wpb-content-wrapper\"><p>[vc_row css_animation=\"\" row_type=\"row\" use_row_as_full_screen_section=\"no\" type=\"grid\" angled_section=\"no\" text_align=\"left\" background_image_as_pattern=\"without_pattern\" z_index=\"\"][vc_column][vc_empty_space height=\"64px\"][vc_column_text]<\/p>\n<h1 style=\"text-align: center;\"><span style=\"color: #00aaf5;\"><span style=\"font-weight: 300; font-size: 1.5em;\">Une approche proactive de la <\/span><\/span><span style=\"color: #00aaf5;\"><span style=\"font-weight: 900; font-size: 1.5em;\">Cyber Threat Intelligence<\/span><\/span><\/h1>\n<p>[\/vc_column_text][vc_empty_space height=\"64px\"][\/vc_column][\/vc_row][vc_row css_animation=\"\" row_type=\"row\" use_row_as_full_screen_section=\"no\" type=\"grid\" angled_section=\"no\" text_align=\"left\" background_image_as_pattern=\"without_pattern\" z_index=\"\" padding_bottom=\"25\"][vc_column width=\"2\/3\"][vc_column_text css=\"\"]<\/p>\n<h2><span style=\"color: #000; font-size: 1.2em; font-weight: 900;\">L'\u00e9tude des menaces cyber<\/span><\/h2>\n<p><span style=\"color: #000; font-size: 1.1em;\">Nous mettons un point d'honneur \u00e0 fournir une protection efficace contre les menaces cyber qui p\u00e8sent sur les entreprises. Cela se traduit par une \u00e9quipe d\u00e9di\u00e9e, le Stormshield Customer Security Lab, qui remplit deux missions principales : <strong>\u00e9tudier les menaces cyber pour les comprendre et am\u00e9liorer en continu les protections des produits de Stormshield.<\/strong> Le tout, dans l\u2019optique de contribuer \u00e0 l\u2019effort de la communaut\u00e9 de la cybers\u00e9curit\u00e9 pour faire face aux menaces cyber. Notre \u00e9quipe de Cyber Threat Intelligence s\u2019int\u00e9resse alors de tr\u00e8s pr\u00e8s \u00e0 l\u2019approche technique de la cybers\u00e9curit\u00e9. Les mains plong\u00e9es dans le code, nos experts en cybers\u00e9curit\u00e9 s\u2019attaquent au m\u00e9canisme des malwares et livrent leur analyse de haut niveau, parfois en avant-premi\u00e8re. Des contenus techniques pour lecteurs avertis.<\/span>[\/vc_column_text][vc_empty_space][\/vc_column][vc_column width=\"1\/3\"][vc_single_image image=\"456738\" img_size=\"200x100\" css=\"\" qode_css_animation=\"\" qode_hover_animation=\"zoom_in\"][vc_empty_space]<a  itemprop=\"url\" href=\"https:\/\/www.stormshield.com\/fr\/category\/technical-posts-fr\/\" target=\"_blank\" data-hover-background-color=\"#d23467\" data-hover-border-color=\"#ffffff\" class=\"qbutton  white enlarge\" style=\"border-color: #ffffff; background-color:#060051;\">Billets techniques<i class=\"qode_icon_font_awesome fa fa-angle-right qode_button_icon_element\"><\/i><\/a>[vc_empty_space height=\"12px\"]<a  itemprop=\"url\" href=\"https:\/\/www.stormshield.com\/fr\/category\/alertes\/\" target=\"_blank\" data-hover-background-color=\"#d23467\" data-hover-border-color=\"#ffffff\" class=\"qbutton  white enlarge\" style=\"border-color: #ffffff; background-color:#060051;\">Alertes de s\u00e9curit\u00e9<i class=\"qode_icon_font_awesome fa fa-angle-right qode_button_icon_element\"><\/i><\/a>[\/vc_column][\/vc_row][vc_row css_animation=\"\" row_type=\"row\" use_row_as_full_screen_section=\"no\" type=\"grid\" angled_section=\"no\" text_align=\"left\" background_image_as_pattern=\"without_pattern\" z_index=\"\" padding_bottom=\"25\" css=\".vc_custom_1762263287376{background-color: #ffffff !important;}\" padding_top=\"25\"][vc_column][vc_row_inner row_type=\"row\" type=\"full_width\" text_align=\"left\" css_animation=\"\" background_color=\"#f9f9f9\" css=\".vc_custom_1697805785032{padding-top: 32px !important;padding-right: 32px !important;padding-bottom: 32px !important;padding-left: 32px !important;}\"][vc_column_inner css=\".vc_custom_1762262178885{padding-top: 32px !important;padding-right: 32px !important;padding-bottom: 32px !important;padding-left: 32px !important;}\"][vc_column_text css=\"\"]<\/p>\n<h2><span style=\"color: #000; font-size: 1.2em; font-weight: 900;\">L'am\u00e9lioration continue de nos protections<\/span><\/h2>\n<p><span style=\"color: #000; font-size: 1.1em;\">Pour enrichir notre connaissance des IoC, cette \u00e9quipe de Cyber Threat Intelligence s\u2019appuie sur les grandes quantit\u00e9s d'informations fournies par nos propres produits de cybers\u00e9curit\u00e9, coupl\u00e9es \u00e0 des sources de donn\u00e9es externes. <strong>En ligne de mire, l\u2019objectif continu de s\u00e9curisation des produits Stormshield.<\/strong><\/span><\/p>\n<p><span style=\"color: #000; font-size: 1.1em;\">Avec notre portail de <a style=\"color: #000000;\" href=\"https:\/\/security.stormshield.eu\/\" target=\"_blank\" rel=\"noopener\">S\u00e9curit\u00e9 Produit<\/a>, nous poursuivons \u00e9galement une mission d\u2019information aupr\u00e8s de nos partenaires et clients quant \u00e0 l'\u00e9tat de la menace cyber dans le monde. Identifier si une adresse IP est pr\u00e9sente dans nos bases d\u2019IP r\u00e9putation, retrouver les protections existantes sur nos produits ou encore acc\u00e9der \u00e0 la liste des CVE d\u00e9tect\u00e9es par notre module de Vulnerability Management ; <strong>autant d\u2019informations de s\u00e9curit\u00e9 ouvertes \u00e0 tous.<\/strong><\/span>[\/vc_column_text][vc_empty_space]<a  itemprop=\"url\" href=\"https:\/\/security.stormshield.eu\/\" target=\"_blank\" data-hover-background-color=\"#d23467\" data-hover-border-color=\"#ffffff\" class=\"qbutton  white enlarge\" style=\"border-color: #ffffff; background-color:#060051;\">Portail S\u00e9curit\u00e9 Produit<i class=\"qode_icon_font_awesome fa fa-angle-right qode_button_icon_element\"><\/i><\/a>[vc_empty_space][\/vc_column_inner][\/vc_row_inner][\/vc_column][\/vc_row][vc_row css_animation=\"\" row_type=\"row\" use_row_as_full_screen_section=\"no\" type=\"grid\" angled_section=\"no\" text_align=\"left\" background_image_as_pattern=\"without_pattern\" z_index=\"\" padding_bottom=\"25\" padding_top=\"25\"][vc_column width=\"2\/3\"][vc_column_text css=\"\"]<\/p>\n<h2><span style=\"color: #000; font-size: 1.2em; font-weight: 900;\">Une \u00e9quipe d\u00e9di\u00e9e \u00e0 la Threat Intel<\/span><\/h2>\n<p><span style=\"color: #000; font-size: 1.1em;\">L\u2019analyse approfondie des technologies et m\u00e9canismes exploit\u00e9s par les cyber-criminels fait partie du quotidien de notre \u00e9quipe de Cyber Threat Intelligence\u00a0: le <strong>Stormshield Customer Security Lab.<\/strong><\/span><\/p>\n<p><span style=\"color: #000; font-size: 1.1em;\">Une question \u00e0 leur poser sur des TTP (tactiques, techniques et proc\u00e9dures)\u00a0? sur une attaque avanc\u00e9e (<em>Advanced Persistent Threat<\/em> - APT)\u00a0? sur d'autres termes de CTI\u00a0? Un incident \u00e0 remonter\u00a0? Les membres de notre \u00e9quipe de Cyber Threat Intelligence sont \u00e0 votre disposition.<\/span>[\/vc_column_text][vc_empty_space]<a  itemprop=\"url\" href=\"https:\/\/www.stormshield.com\/fr\/contact\/equipe-securite\/\" target=\"_blank\" data-hover-background-color=\"#d23467\" data-hover-border-color=\"#ffffff\" class=\"qbutton  white enlarge\" style=\"border-color: #ffffff; background-color:#060051;\">Contactez-nous<i class=\"qode_icon_font_awesome fa fa-angle-right qode_button_icon_element\"><\/i><\/a>[vc_empty_space][\/vc_column][vc_column width=\"1\/3\" css=\".vc_custom_1697803119835{padding-top: 24px !important;padding-right: 24px !important;padding-bottom: 24px !important;padding-left: 24px !important;background-color: #060051 !important;}\"][vc_column_text]<span style=\"color: #ffffff; font-size: 1.1em;\"><strong>Des postes cyber \u00e0 pourvoir.<\/strong> De nouveaux profils viennent r\u00e9guli\u00e8rement enrichir notre \u00e9quipe de Cyber Threat Intelligence. Expert cyber, consultants d\u00e9di\u00e9s et autres profils en tout genre, vous \u00eates \u00e0 la recherche d\u2019une nouvelle aventure en cybers\u00e9curit\u00e9\u00a0? Jetez un \u0153il \u00e0 nos postes ouverts et postulez.<\/span>[\/vc_column_text][vc_empty_space]<a  itemprop=\"url\" href=\"https:\/\/www.stormshield.com\/fr\/nous-rejoindre\/offres-emploi\/?_sft_offer_service=scsl\" target=\"_blank\" data-hover-background-color=\"#d23467\" data-hover-border-color=\"#ffffff\" class=\"qbutton  white enlarge\" style=\"border-color: #ffffff; background-color:#060051;\">Offres cyber<i class=\"qode_icon_font_awesome fa fa-angle-right qode_button_icon_element\"><\/i><\/a>[vc_empty_space][\/vc_column][\/vc_row][vc_row css_animation=\"\" row_type=\"row\" use_row_as_full_screen_section=\"no\" type=\"grid\" angled_section=\"no\" text_align=\"left\" background_image_as_pattern=\"without_pattern\" z_index=\"\" padding_bottom=\"50\" css=\".vc_custom_1697804221509{background-color: #ffffff !important;}\" padding_top=\"50\"][vc_column][vc_row_inner row_type=\"row\" type=\"full_width\" text_align=\"left\" css_animation=\"\" background_color=\"#060051\" css=\".vc_custom_1697805728102{padding-top: 32px !important;padding-right: 32px !important;padding-bottom: 32px !important;padding-left: 32px !important;}\"][vc_column_inner][vc_column_text css=\"\"]<\/p>\n<h2><span style=\"color: #ffffff; font-size: 1.2em; font-weight: 900;\">Un doute sur un fichier\u00a0?<\/span><\/h2>\n<p><span style=\"color: #ffffff; font-size: 1.1em;\"><strong>Vous n\u2019avez pas vraiment confiance dans le dernier e-mail que vous avez re\u00e7u ? Et encore moins dans la pi\u00e8ce-jointe qui l\u2019accompagne ? Testez-le avec Breach Fighter.<\/strong> \u00c0 travers un portail en acc\u00e8s libre, cet outil de recherche d\u00e9tecte les \u00e9ventuels comportements malveillants. Ce service de d\u00e9tection de malware est une partie int\u00e9grante de notre sandboxing Breach Fighter, qui peut ainsi analyser et d\u00e9tecter des comportements malveillants dans des e-mails contenant des pi\u00e8ces-jointes et dans des fichiers de type Microsoft Office, PDF, fichiers JAR et Java, scripts (Powershell, Jscript\u2026), fichiers ex\u00e9cutables Windows, ou encore des archives (ZIP, RAR, 7zip\u2026).<\/span>[\/vc_column_text][vc_empty_space]<a  itemprop=\"url\" href=\"https:\/\/breachfighter.stormshieldcs.eu\/\" target=\"_blank\" data-hover-background-color=\"#d23467\" data-hover-border-color=\"#ffffff\" class=\"qbutton  white enlarge\" style=\"border-color: #ffffff; background-color:#060051;\">Portail Breach Fighter<i class=\"qode_icon_font_awesome fa fa-angle-right qode_button_icon_element\"><\/i><\/a>[vc_empty_space][\/vc_column_inner][\/vc_row_inner][\/vc_column][\/vc_row][vc_row css_animation=\"\" row_type=\"row\" use_row_as_full_screen_section=\"no\" type=\"grid\" angled_section=\"no\" text_align=\"left\" background_image_as_pattern=\"without_pattern\" z_index=\"\" padding_bottom=\"50\" padding_top=\"50\"][vc_column][vc_row_inner row_type=\"row\" type=\"full_width\" text_align=\"left\" css_animation=\"\"][vc_column_inner width=\"1\/2\"][vc_column_text css=\"\"]<\/p>\n<h2><span style=\"font-size: 2em; font-weight: bold; color: black; line-height: 0.8em;\">F.A.Q.<\/span><\/h2>\n<p style=\"text-align: left;\"><span style=\"color: #000000; font-size: 1.1em;\">Les questions les plus fr\u00e9quentes autour de la Cyber Threat Intelligence et nos r\u00e9ponses.<\/span><\/p>\n<p>[\/vc_column_text][\/vc_column_inner][vc_column_inner width=\"1\/2\"]<div class=\"qode-accordion-holder clearfix qode-toggle qode-initial \">\n\t<h4 class=\"clearfix qode-title-holder\">\n<span class=\"qode-tab-title\">\n\t    <span class=\"qode-tab-title-inner\">\n        C&#039;est quoi la CTI ?    <\/span>\n<\/span>\n<span class=\"qode-accordion-mark\">\n    <span class=\"qode-accordion-mark-icon\">\n        <span class=\"icon_plus\"><\/span>\n        <span class=\"icon_minus-06\"><\/span>\n    <\/span>\n<\/span>\n<\/h4>\n<div  class=\"qode-accordion-content \" >\n    <div class=\"qode-accordion-content-inner\">\n        [vc_column_text css=\"\"]<\/p>\n<p style=\"text-align: left;\"><span style=\"color: #000000; font-size: 0.9em;\">La Cyber Threat Intelligence est l'activit\u00e9 consistant \u00e0 recueillir des informations pour conna\u00eetre les tendances en mati\u00e8re de cyber-menaces et fournir des informations exploitables. Une activit\u00e9 de CTI qui peut prendre plusieurs formes.<\/span><\/p>\n<ol>\n<li style=\"text-align: left;\"><span style=\"color: #000000; font-size: 0.9em;\"><strong>CTI Strat\u00e9gique :<\/strong> un aper\u00e7u haut niveau du paysage de la menace, sur les aspects g\u00e9ographiques, politiques et commerciaux \u00e0 l'intention des d\u00e9cideurs non techniques.<br \/>\n<\/span><\/li>\n<li style=\"text-align: left;\"><span style=\"color: #000000; font-size: 0.9em;\"><strong>CTI Tactique :<\/strong> un accent mis sur les approches, m\u00e9thodes et outils utilis\u00e9s par les groupes de cyber-attaquants.<br \/>\n<\/span><\/li>\n<li style=\"text-align: left;\"><span style=\"color: #000000; font-size: 0.9em;\"><strong>CTI Op\u00e9rationnelle :<\/strong> une approche en temps r\u00e9el sur les nouveaut\u00e9s, au niveau des logiciels, m\u00e9thodes d'attaque ou encore acteurs de la menace cyber.<br \/>\n<\/span><\/li>\n<li style=\"text-align: left;\"><span style=\"color: #000000; font-size: 0.9em;\"><strong>CTI Technique :<\/strong> une analyse approfondie des caract\u00e9ristiques techniques des vuln\u00e9rabilit\u00e9s, logiciels malveillants et m\u00e9thodes d'attaque \u00e0 l'intention des SOC et autres \u00e9quipes d'intervention.<\/span><\/li>\n<\/ol>\n<p>[\/vc_column_text]    <\/div>\n<\/div><h4 class=\"clearfix qode-title-holder\">\n<span class=\"qode-tab-title\">\n\t    <span class=\"qode-tab-title-inner\">\n        C&#039;est quoi un IoC ?    <\/span>\n<\/span>\n<span class=\"qode-accordion-mark\">\n    <span class=\"qode-accordion-mark-icon\">\n        <span class=\"icon_plus\"><\/span>\n        <span class=\"icon_minus-06\"><\/span>\n    <\/span>\n<\/span>\n<\/h4>\n<div  class=\"qode-accordion-content \" >\n    <div class=\"qode-accordion-content-inner\">\n        [vc_column_text css=\"\"]<\/p>\n<p style=\"text-align: left;\"><span style=\"color: #000000; font-size: 0.9em;\">Un IoC est un marqueur, un \u00e9l\u00e9ment technique issu d'un incident de s\u00e9curit\u00e9. Cet indicateur de compromission (<em>Indicator of Compromise<\/em>) peut prendre plusieurs formes : signatures de fichiers (file hash, malware hash), URL, domaines, DNS, IP malveillantes, cl\u00e9s de registre... Ces indicateurs, ou renseignements cyber, servent autant en d\u00e9tection de la menace, en analyse et recherche (Threat Hunting) qu'en contextualisation d'\u00e9v\u00e9nement (pour pouvoir attribuer les cyberattaques par exemple).<\/span><\/p>\n<p>[\/vc_column_text]    <\/div>\n<\/div><h4 class=\"clearfix qode-title-holder\">\n<span class=\"qode-tab-title\">\n\t    <span class=\"qode-tab-title-inner\">\n        C&#039;est quoi un IoA ?    <\/span>\n<\/span>\n<span class=\"qode-accordion-mark\">\n    <span class=\"qode-accordion-mark-icon\">\n        <span class=\"icon_plus\"><\/span>\n        <span class=\"icon_minus-06\"><\/span>\n    <\/span>\n<\/span>\n<\/h4>\n<div  class=\"qode-accordion-content \" >\n    <div class=\"qode-accordion-content-inner\">\n        [vc_column_text css=\"\"]<\/p>\n<p style=\"text-align: left;\"><span style=\"color: #000000; font-size: 0.9em;\">Dans les faits, ce terme d'IoC englobe g\u00e9n\u00e9ralement les IoA (<em>Indicator of Attack<\/em>, indicateurs d'attaque). Ces autres indicateurs sont eux li\u00e9s \u00e0 des cyberattaques en cours et utilis\u00e9s dans les solutions de s\u00e9curit\u00e9 pour d\u00e9tecter et bloquer en temps r\u00e9el. <\/span><\/p>\n<p>[\/vc_column_text]    <\/div>\n<\/div><h4 class=\"clearfix qode-title-holder\">\n<span class=\"qode-tab-title\">\n\t    <span class=\"qode-tab-title-inner\">\n        Quelle dur\u00e9e de vie pour un IoC ?    <\/span>\n<\/span>\n<span class=\"qode-accordion-mark\">\n    <span class=\"qode-accordion-mark-icon\">\n        <span class=\"icon_plus\"><\/span>\n        <span class=\"icon_minus-06\"><\/span>\n    <\/span>\n<\/span>\n<\/h4>\n<div  class=\"qode-accordion-content \" >\n    <div class=\"qode-accordion-content-inner\">\n        [vc_column_text css=\"\"]<\/p>\n<p style=\"text-align: left;\"><span style=\"color: #000000; font-size: 0.9em;\">Les IoC ont une dur\u00e9e de vie n\u00e9cessaire. La menace cyber \u00e9volue\u00a0; face aux risques de faux positifs et de surcharge de bases de donn\u00e9es des IoC, c'est le cycle de vie des marqueurs qui permettra l'efficacit\u00e9 des solutions de Detection &amp; Response. Un IoC poss\u00e8de donc une date de d\u00e9couverte, un statut actuel ainsi qu'une date de validit\u00e9.<\/span><\/p>\n<p>&nbsp;<\/p>\n<p>[\/vc_column_text]    <\/div>\n<\/div><\/div>[\/vc_column_inner][\/vc_row_inner][\/vc_column][\/vc_row]<\/p>\n<\/div>","protected":false},"excerpt":{"rendered":"<p>[vc_row css_animation=\u00a0\u00bb\u00a0\u00bb row_type=\u00a0\u00bbrow\u00a0\u00bb use_row_as_full_screen_section=\u00a0\u00bbno\u00a0\u00bb type=\u00a0\u00bbgrid\u00a0\u00bb angled_section=\u00a0\u00bbno\u00a0\u00bb text_align=\u00a0\u00bbleft\u00a0\u00bb background_image_as_pattern=\u00a0\u00bbwithout_pattern\u00a0\u00bb z_index=\u00a0\u00bb\u00a0\u00bb][vc_column][vc_empty_space height=\u00a0\u00bb64px\u00a0\u00bb][vc_column_text] Une approche proactive de la Cyber Threat Intelligence [\/vc_column_text][vc_empty_space height=\u00a0\u00bb64px\u00a0\u00bb][\/vc_column][\/vc_row][vc_row css_animation=\u00a0\u00bb\u00a0\u00bb row_type=\u00a0\u00bbrow\u00a0\u00bb use_row_as_full_screen_section=\u00a0\u00bbno\u00a0\u00bb type=\u00a0\u00bbgrid\u00a0\u00bb angled_section=\u00a0\u00bbno\u00a0\u00bb text_align=\u00a0\u00bbleft\u00a0\u00bb background_image_as_pattern=\u00a0\u00bbwithout_pattern\u00a0\u00bb z_index=\u00a0\u00bb\u00a0\u00bb padding_bottom=\u00a0\u00bb25&Prime;][vc_column width=\u00a0\u00bb2\/3&Prime;][vc_column_text css=\u00a0\u00bb\u00a0\u00bb] L&rsquo;\u00e9tude des menaces cyber Nous mettons un point d&rsquo;honneur \u00e0 fournir une protection efficace&#8230;<\/p>\n","protected":false},"author":31,"featured_media":0,"parent":22206,"menu_order":326,"comment_status":"closed","ping_status":"closed","template":"full_width.php","meta":{"_acf_changed":false,"footnotes":""},"class_list":["post-223717","page","type-page","status-publish","hentry"],"acf":[],"yoast_head":"<!-- This site is optimized with the Yoast SEO plugin v27.3 - https:\/\/yoast.com\/product\/yoast-seo-wordpress\/ -->\n<title>Cyber Threat Intelligence, l&#039;\u00e9tude proactive des menaces cyber<\/title>\n<meta name=\"description\" content=\"Analyse des cyberattaques et de la cyber-malveillance avec le Stormshield Customer Security Lab | Stormshield Security Research.\" \/>\n<meta name=\"robots\" content=\"index, follow, max-snippet:-1, max-image-preview:large, max-video-preview:-1\" \/>\n<link rel=\"canonical\" href=\"https:\/\/www.stormshield.com\/fr\/besoin-accompagnement\/services\/cyber-threat-intelligence\/\" \/>\n<meta property=\"og:locale\" content=\"fr_FR\" \/>\n<meta property=\"og:type\" content=\"article\" \/>\n<meta property=\"og:title\" content=\"Cyber Threat Intelligence, l&#039;\u00e9tude proactive des menaces cyber\" \/>\n<meta property=\"og:description\" content=\"Analyse des cyberattaques et de la cyber-malveillance avec le Stormshield Customer Security Lab | Stormshield Security Research.\" \/>\n<meta property=\"og:url\" content=\"https:\/\/www.stormshield.com\/fr\/besoin-accompagnement\/services\/cyber-threat-intelligence\/\" \/>\n<meta property=\"og:site_name\" content=\"Stormshield\" \/>\n<meta property=\"article:modified_time\" content=\"2025-11-04T13:35:09+00:00\" \/>\n<meta property=\"og:image\" content=\"https:\/\/www.stormshield.com\/wp-content\/uploads\/stormshield_logo.png\" \/>\n\t<meta property=\"og:image:width\" content=\"204\" \/>\n\t<meta property=\"og:image:height\" content=\"94\" \/>\n\t<meta property=\"og:image:type\" content=\"image\/png\" \/>\n<meta name=\"twitter:card\" content=\"summary_large_image\" \/>\n<meta name=\"twitter:site\" content=\"@Stormshield\" \/>\n<meta name=\"twitter:label1\" content=\"Dur\u00e9e de lecture estim\u00e9e\" \/>\n\t<meta name=\"twitter:data1\" content=\"5 minutes\" \/>\n<script type=\"application\/ld+json\" class=\"yoast-schema-graph\">{\"@context\":\"https:\\\/\\\/schema.org\",\"@graph\":[{\"@type\":\"WebPage\",\"@id\":\"https:\\\/\\\/www.stormshield.com\\\/fr\\\/besoin-accompagnement\\\/services\\\/cyber-threat-intelligence\\\/\",\"url\":\"https:\\\/\\\/www.stormshield.com\\\/fr\\\/besoin-accompagnement\\\/services\\\/cyber-threat-intelligence\\\/\",\"name\":\"Cyber Threat Intelligence, l'\u00e9tude proactive des menaces cyber\",\"isPartOf\":{\"@id\":\"https:\\\/\\\/www.stormshield.com\\\/fr\\\/#website\"},\"datePublished\":\"2021-08-09T07:54:41+00:00\",\"dateModified\":\"2025-11-04T13:35:09+00:00\",\"description\":\"Analyse des cyberattaques et de la cyber-malveillance avec le Stormshield Customer Security Lab | Stormshield Security Research.\",\"breadcrumb\":{\"@id\":\"https:\\\/\\\/www.stormshield.com\\\/fr\\\/besoin-accompagnement\\\/services\\\/cyber-threat-intelligence\\\/#breadcrumb\"},\"inLanguage\":\"fr-FR\",\"potentialAction\":[{\"@type\":\"ReadAction\",\"target\":[\"https:\\\/\\\/www.stormshield.com\\\/fr\\\/besoin-accompagnement\\\/services\\\/cyber-threat-intelligence\\\/\"]}]},{\"@type\":\"BreadcrumbList\",\"@id\":\"https:\\\/\\\/www.stormshield.com\\\/fr\\\/besoin-accompagnement\\\/services\\\/cyber-threat-intelligence\\\/#breadcrumb\",\"itemListElement\":[{\"@type\":\"ListItem\",\"position\":1,\"name\":\"Home\",\"item\":\"https:\\\/\\\/www.stormshield.com\\\/fr\\\/\"},{\"@type\":\"ListItem\",\"position\":2,\"name\":\"Notre accompagnement\",\"item\":\"https:\\\/\\\/www.stormshield.com\\\/fr\\\/besoin-accompagnement\\\/\"},{\"@type\":\"ListItem\",\"position\":3,\"name\":\"Services\",\"item\":\"https:\\\/\\\/www.stormshield.com\\\/fr\\\/besoin-accompagnement\\\/services\\\/\"},{\"@type\":\"ListItem\",\"position\":4,\"name\":\"Threat Intelligence\"}]},{\"@type\":\"WebSite\",\"@id\":\"https:\\\/\\\/www.stormshield.com\\\/fr\\\/#website\",\"url\":\"https:\\\/\\\/www.stormshield.com\\\/fr\\\/\",\"name\":\"Stormshield\",\"description\":\"Stormshield\",\"potentialAction\":[{\"@type\":\"SearchAction\",\"target\":{\"@type\":\"EntryPoint\",\"urlTemplate\":\"https:\\\/\\\/www.stormshield.com\\\/fr\\\/?s={search_term_string}\"},\"query-input\":{\"@type\":\"PropertyValueSpecification\",\"valueRequired\":true,\"valueName\":\"search_term_string\"}}],\"inLanguage\":\"fr-FR\"}]}<\/script>\n<!-- \/ Yoast SEO plugin. -->","yoast_head_json":{"title":"Cyber Threat Intelligence, l'\u00e9tude proactive des menaces cyber","description":"Analyse des cyberattaques et de la cyber-malveillance avec le Stormshield Customer Security Lab | Stormshield Security Research.","robots":{"index":"index","follow":"follow","max-snippet":"max-snippet:-1","max-image-preview":"max-image-preview:large","max-video-preview":"max-video-preview:-1"},"canonical":"https:\/\/www.stormshield.com\/fr\/besoin-accompagnement\/services\/cyber-threat-intelligence\/","og_locale":"fr_FR","og_type":"article","og_title":"Cyber Threat Intelligence, l'\u00e9tude proactive des menaces cyber","og_description":"Analyse des cyberattaques et de la cyber-malveillance avec le Stormshield Customer Security Lab | Stormshield Security Research.","og_url":"https:\/\/www.stormshield.com\/fr\/besoin-accompagnement\/services\/cyber-threat-intelligence\/","og_site_name":"Stormshield","article_modified_time":"2025-11-04T13:35:09+00:00","og_image":[{"width":204,"height":94,"url":"https:\/\/www.stormshield.com\/wp-content\/uploads\/stormshield_logo.png","type":"image\/png"}],"twitter_card":"summary_large_image","twitter_site":"@Stormshield","twitter_misc":{"Dur\u00e9e de lecture estim\u00e9e":"5 minutes"},"schema":{"@context":"https:\/\/schema.org","@graph":[{"@type":"WebPage","@id":"https:\/\/www.stormshield.com\/fr\/besoin-accompagnement\/services\/cyber-threat-intelligence\/","url":"https:\/\/www.stormshield.com\/fr\/besoin-accompagnement\/services\/cyber-threat-intelligence\/","name":"Cyber Threat Intelligence, l'\u00e9tude proactive des menaces cyber","isPartOf":{"@id":"https:\/\/www.stormshield.com\/fr\/#website"},"datePublished":"2021-08-09T07:54:41+00:00","dateModified":"2025-11-04T13:35:09+00:00","description":"Analyse des cyberattaques et de la cyber-malveillance avec le Stormshield Customer Security Lab | Stormshield Security Research.","breadcrumb":{"@id":"https:\/\/www.stormshield.com\/fr\/besoin-accompagnement\/services\/cyber-threat-intelligence\/#breadcrumb"},"inLanguage":"fr-FR","potentialAction":[{"@type":"ReadAction","target":["https:\/\/www.stormshield.com\/fr\/besoin-accompagnement\/services\/cyber-threat-intelligence\/"]}]},{"@type":"BreadcrumbList","@id":"https:\/\/www.stormshield.com\/fr\/besoin-accompagnement\/services\/cyber-threat-intelligence\/#breadcrumb","itemListElement":[{"@type":"ListItem","position":1,"name":"Home","item":"https:\/\/www.stormshield.com\/fr\/"},{"@type":"ListItem","position":2,"name":"Notre accompagnement","item":"https:\/\/www.stormshield.com\/fr\/besoin-accompagnement\/"},{"@type":"ListItem","position":3,"name":"Services","item":"https:\/\/www.stormshield.com\/fr\/besoin-accompagnement\/services\/"},{"@type":"ListItem","position":4,"name":"Threat Intelligence"}]},{"@type":"WebSite","@id":"https:\/\/www.stormshield.com\/fr\/#website","url":"https:\/\/www.stormshield.com\/fr\/","name":"Stormshield","description":"Stormshield","potentialAction":[{"@type":"SearchAction","target":{"@type":"EntryPoint","urlTemplate":"https:\/\/www.stormshield.com\/fr\/?s={search_term_string}"},"query-input":{"@type":"PropertyValueSpecification","valueRequired":true,"valueName":"search_term_string"}}],"inLanguage":"fr-FR"}]}},"_links":{"self":[{"href":"https:\/\/www.stormshield.com\/fr\/wp-json\/wp\/v2\/pages\/223717","targetHints":{"allow":["GET"]}}],"collection":[{"href":"https:\/\/www.stormshield.com\/fr\/wp-json\/wp\/v2\/pages"}],"about":[{"href":"https:\/\/www.stormshield.com\/fr\/wp-json\/wp\/v2\/types\/page"}],"author":[{"embeddable":true,"href":"https:\/\/www.stormshield.com\/fr\/wp-json\/wp\/v2\/users\/31"}],"replies":[{"embeddable":true,"href":"https:\/\/www.stormshield.com\/fr\/wp-json\/wp\/v2\/comments?post=223717"}],"version-history":[{"count":29,"href":"https:\/\/www.stormshield.com\/fr\/wp-json\/wp\/v2\/pages\/223717\/revisions"}],"predecessor-version":[{"id":691779,"href":"https:\/\/www.stormshield.com\/fr\/wp-json\/wp\/v2\/pages\/223717\/revisions\/691779"}],"up":[{"embeddable":true,"href":"https:\/\/www.stormshield.com\/fr\/wp-json\/wp\/v2\/pages\/22206"}],"wp:attachment":[{"href":"https:\/\/www.stormshield.com\/fr\/wp-json\/wp\/v2\/media?parent=223717"}],"curies":[{"name":"wp","href":"https:\/\/api.w.org\/{rel}","templated":true}]}}