{"id":223714,"date":"2021-08-09T08:58:17","date_gmt":"2021-08-09T07:58:17","guid":{"rendered":"https:\/\/www.stormshield.com\/?page_id=223714"},"modified":"2025-11-17T14:40:22","modified_gmt":"2025-11-17T13:40:22","slug":"services-professionnels","status":"publish","type":"page","link":"https:\/\/www.stormshield.com\/fr\/besoin-accompagnement\/services\/services-professionnels\/","title":{"rendered":"Services professionnels"},"content":{"rendered":"<div class=\"wpb-content-wrapper\"><p>[vc_row css_animation=\"\" row_type=\"row\" use_row_as_full_screen_section=\"no\" type=\"grid\" angled_section=\"no\" text_align=\"left\" background_image_as_pattern=\"without_pattern\" z_index=\"\" padding_top=\"50\" padding_bottom=\"50\"][vc_column][vc_empty_space][vc_column_text]<\/p>\n<h1 style=\"text-align: center;\"><span style=\"color: #00aaf5;\"><span style=\"font-weight: 300; font-size: 1.5em;\">L'expertise \u00e9diteur \u00e0 vos c\u00f4t\u00e9s avec les <\/span><\/span><span style=\"color: #00aaf5;\"><span style=\"font-weight: 900; font-size: 1.5em;\">Services professionnels Stormshield<\/span><\/span><\/h1>\n<p>[\/vc_column_text][vc_empty_space][\/vc_column][\/vc_row][vc_row css_animation=\"\" row_type=\"row\" use_row_as_full_screen_section=\"no\" type=\"grid\" angled_section=\"no\" text_align=\"left\" background_image_as_pattern=\"without_pattern\" z_index=\"\" padding_bottom=\"50\"][vc_column width=\"2\/3\"][vc_column_text]<\/p>\n<h2><span style=\"color: #000; font-size: 1.2em; font-weight: 900;\">Votre accompagnement par des experts en cybers\u00e9curit\u00e9<\/span><\/h2>\n<p><span style=\"color: #000; font-size: 1.1em;\">Partenaire, fournisseur, client, nous vous accompagnons dans la mise en place de produits de s\u00e9curit\u00e9 dans vos infrastructures complexes. En France comme \u00e0 l\u2019international, nos \u00e9quipes internes de Services professionnels vous assurent un d\u00e9ploiement optimal (installation, mise \u00e0 jour, exploitation).<\/span><\/p>\n<p><span style=\"color: #000; font-size: 1.1em;\">Vous avez un projet de mise en place de nos solutions de s\u00e9curit\u00e9 dans une configuration sp\u00e9cifique\u00a0? Besoin d\u2019\u00eatre accompagn\u00e9 face \u00e0 une infrastructure complexe\u00a0? Prenez contact avec notre \u00e9quipe Services professionnels.<\/span>[\/vc_column_text][vc_empty_space]<a  itemprop=\"url\" href=\"https:\/\/www.stormshield.com\/fr\/contact\/service-commercial\/\" target=\"_blank\" data-hover-background-color=\"#d23467\" data-hover-border-color=\"#ffffff\" class=\"qbutton  white enlarge\" style=\"border-color: #ffffff; background-color:#060051;\">Contact<i class=\"qode_icon_font_awesome fa fa-angle-right qode_button_icon_element\"><\/i><\/a>[\/vc_column][vc_column width=\"1\/3\"][vc_single_image image=\"456468\" img_size=\"medium\" qode_css_animation=\"\"][\/vc_column][\/vc_row][vc_row css_animation=\"\" row_type=\"row\" use_row_as_full_screen_section=\"no\" type=\"grid\" angled_section=\"no\" text_align=\"left\" background_image_as_pattern=\"without_pattern\" z_index=\"\" padding_bottom=\"50\" css=\".vc_custom_1697804221509{background-color: #ffffff !important;}\" padding_top=\"50\"][vc_column][vc_row_inner row_type=\"row\" type=\"full_width\" text_align=\"left\" css_animation=\"\" background_color=\"#f9f9f9\" css=\".vc_custom_1697805785032{padding-top: 32px !important;padding-right: 32px !important;padding-bottom: 32px !important;padding-left: 32px !important;}\"][vc_column_inner][vc_column_text]<\/p>\n<h2><span style=\"color: #000; font-size: 1.2em; font-weight: 900;\">Vous conseiller sur vos probl\u00e9matiques complexes<\/span><\/h2>\n<p><span style=\"color: #000; font-size: 1.1em;\"><strong>Le conseil en cybers\u00e9curit\u00e9 est le c\u0153ur d\u2019activit\u00e9 de nos Services professionnels.<\/strong> B\u00e9n\u00e9ficiez de leurs prestations strat\u00e9giques sur-mesure sur nos trois gammes de produits.<\/span>[\/vc_column_text][\/vc_column_inner][\/vc_row_inner][vc_row_inner row_type=\"row\" type=\"full_width\" text_align=\"left\" css_animation=\"\" background_color=\"#f9f9f9\" css=\".vc_custom_1697805785032{padding-top: 32px !important;padding-right: 32px !important;padding-bottom: 32px !important;padding-left: 32px !important;}\"][vc_column_inner width=\"1\/3\"][vc_column_text]<span style=\"color: #000; font-size: 1.3em; font-weight: 900;\">Stormshield Network Security<\/span><\/p>\n<ul>\n<li><span style=\"color: #000; font-size: 1.1em;\">validation d'architecture r\u00e9seau,<br \/>\n<\/span><\/li>\n<li><span style=\"color: #000; font-size: 1.1em;\">assistance technique sur le d\u00e9ploiement ou sur la mise en route d\u2019une fonctionnalit\u00e9 avanc\u00e9e,<br \/>\n<\/span><\/li>\n<li><span style=\"color: #000; font-size: 1.1em;\">accompagnement lors de mises \u00e0 jour majeures,<br \/>\n<\/span><\/li>\n<li><span style=\"color: #000; font-size: 1.1em;\">audit de s\u00e9curit\u00e9 ou de niveau de sant\u00e9 (<em>health check<\/em>) de vos firewalls,<br \/>\n<\/span><\/li>\n<li><span style=\"color: #000; font-size: 1.1em;\">...<\/span><\/li>\n<\/ul>\n<p>[\/vc_column_text][\/vc_column_inner][vc_column_inner width=\"1\/3\"][vc_column_text]<span style=\"color: #000; font-size: 1.3em; font-weight: 900;\">Stormshield Endpoint Security<\/span><\/p>\n<ul>\n<li><span style=\"color: #000; font-size: 1.1em;\">audit et revue de votre politique de s\u00e9curit\u00e9,<br \/>\n<\/span><\/li>\n<li><span style=\"color: #000; font-size: 1.1em;\">transfert de comp\u00e9tences,<br \/>\n<\/span><\/li>\n<li><span style=\"color: #000; font-size: 1.1em;\">assistance pour l\u2019installation et les mises \u00e0 jour,<br \/>\n<\/span><\/li>\n<li><span style=\"color: #000; font-size: 1.1em;\">... <\/span><\/li>\n<\/ul>\n<p>[\/vc_column_text][\/vc_column_inner][vc_column_inner width=\"1\/3\"][vc_column_text]<span style=\"color: #000; font-size: 1.3em; font-weight: 900;\">Stormshield Data Security<\/span><\/p>\n<ul>\n<li><span style=\"color: #000; font-size: 1.1em;\">refonte de l'infrastructure des cl\u00e9s publiques (<em>PKI rebuilt<\/em>),<br \/>\n<\/span><\/li>\n<li><span style=\"color: #000; font-size: 1.1em;\">maintien en conditions op\u00e9rationnelles en fonction de l\u2019\u00e9volution de votre parc,<br \/>\n<\/span><\/li>\n<li><span style=\"color: #000; font-size: 1.1em;\">assistance pour l\u2019installation et les mises \u00e0 jour,<br \/>\n<\/span><\/li>\n<li><span style=\"color: #000; font-size: 1.1em;\">... <\/span><\/li>\n<\/ul>\n<p>[\/vc_column_text][\/vc_column_inner][\/vc_row_inner][\/vc_column][\/vc_row][vc_row css_animation=\"\" row_type=\"row\" use_row_as_full_screen_section=\"no\" type=\"grid\" angled_section=\"no\" text_align=\"left\" background_image_as_pattern=\"without_pattern\" z_index=\"\" padding_bottom=\"50\" padding_top=\"50\"][vc_column width=\"2\/3\"][vc_column_text]<\/p>\n<h2><span style=\"color: #000; font-size: 1.2em; font-weight: 900;\">Votre suivi de projet client<\/span><\/h2>\n<p><span style=\"color: #000; font-size: 1.1em;\">De mani\u00e8re transverse, cet accompagnement pr\u00e9voit le suivi de projet client (<em>Technical Account Management<\/em>), les transferts de comp\u00e9tences sur des th\u00e8mes sp\u00e9cifiques \u00e0 votre d\u00e9ploiement et la mise \u00e0 disposition d\u2019un contact privil\u00e9gi\u00e9 pour le maintien en conditions de s\u00e9curit\u00e9.<\/span>[\/vc_column_text][vc_empty_space]<a  itemprop=\"url\" href=\"https:\/\/www.stormshield.com\/wp-content\/uploads\/Stormshield-FR-TAM-Service.pdf\" target=\"_blank\" data-hover-background-color=\"#d23467\" data-hover-border-color=\"#ffffff\" class=\"qbutton  white enlarge\" style=\"border-color: #ffffff; background-color:#060051;\">Technical Account Management<i class=\"qode_icon_font_awesome fa fa-angle-right qode_button_icon_element\"><\/i><\/a>[vc_empty_space height=\"12px\"]<a  itemprop=\"url\" href=\"https:\/\/www.stormshield.com\/fr\/contact\/service-commercial\/\" target=\"_blank\" data-hover-background-color=\"#d23467\" data-hover-border-color=\"#ffffff\" class=\"qbutton  white enlarge\" style=\"border-color: #ffffff; background-color:#060051;\">Contact<i class=\"qode_icon_font_awesome fa fa-angle-right qode_button_icon_element\"><\/i><\/a>[\/vc_column][vc_column width=\"1\/3\"][vc_single_image image=\"456618\" img_size=\"medium\" qode_css_animation=\"\"][\/vc_column][\/vc_row]<\/p>\n<\/div>","protected":false},"excerpt":{"rendered":"<p>[vc_row css_animation=\u00a0\u00bb\u00a0\u00bb row_type=\u00a0\u00bbrow\u00a0\u00bb use_row_as_full_screen_section=\u00a0\u00bbno\u00a0\u00bb type=\u00a0\u00bbgrid\u00a0\u00bb angled_section=\u00a0\u00bbno\u00a0\u00bb text_align=\u00a0\u00bbleft\u00a0\u00bb background_image_as_pattern=\u00a0\u00bbwithout_pattern\u00a0\u00bb z_index=\u00a0\u00bb\u00a0\u00bb padding_top=\u00a0\u00bb50&Prime; padding_bottom=\u00a0\u00bb50&Prime;][vc_column][vc_empty_space][vc_column_text] L&rsquo;expertise \u00e9diteur \u00e0 vos c\u00f4t\u00e9s avec les Services professionnels Stormshield [\/vc_column_text][vc_empty_space][\/vc_column][\/vc_row][vc_row css_animation=\u00a0\u00bb\u00a0\u00bb row_type=\u00a0\u00bbrow\u00a0\u00bb use_row_as_full_screen_section=\u00a0\u00bbno\u00a0\u00bb type=\u00a0\u00bbgrid\u00a0\u00bb angled_section=\u00a0\u00bbno\u00a0\u00bb text_align=\u00a0\u00bbleft\u00a0\u00bb background_image_as_pattern=\u00a0\u00bbwithout_pattern\u00a0\u00bb z_index=\u00a0\u00bb\u00a0\u00bb padding_bottom=\u00a0\u00bb50&Prime;][vc_column width=\u00a0\u00bb2\/3&Prime;][vc_column_text] Votre accompagnement par des experts en cybers\u00e9curit\u00e9 Partenaire, fournisseur, client, nous vous accompagnons&#8230;<\/p>\n","protected":false},"author":31,"featured_media":0,"parent":22206,"menu_order":288,"comment_status":"closed","ping_status":"closed","template":"full_width.php","meta":{"_acf_changed":false,"footnotes":""},"class_list":["post-223714","page","type-page","status-publish","hentry"],"acf":[],"yoast_head":"<!-- This site is optimized with the Yoast SEO plugin v27.3 - https:\/\/yoast.com\/product\/yoast-seo-wordpress\/ -->\n<title>Services professionnels : expertise en cybers\u00e9curit\u00e9 | Stormshield<\/title>\n<meta name=\"description\" content=\"Partenaire, fournisseur et client, Stormshield vous accompagne dans la s\u00e9curisation de vos infrastructures.\" \/>\n<meta name=\"robots\" content=\"index, follow, max-snippet:-1, max-image-preview:large, max-video-preview:-1\" \/>\n<link rel=\"canonical\" href=\"https:\/\/www.stormshield.com\/fr\/besoin-accompagnement\/services\/services-professionnels\/\" \/>\n<meta property=\"og:locale\" content=\"fr_FR\" \/>\n<meta property=\"og:type\" content=\"article\" \/>\n<meta property=\"og:title\" content=\"Services professionnels : expertise en cybers\u00e9curit\u00e9 | Stormshield\" \/>\n<meta property=\"og:description\" content=\"Partenaire, fournisseur et client, Stormshield vous accompagne dans la s\u00e9curisation de vos infrastructures.\" \/>\n<meta property=\"og:url\" content=\"https:\/\/www.stormshield.com\/fr\/besoin-accompagnement\/services\/services-professionnels\/\" \/>\n<meta property=\"og:site_name\" content=\"Stormshield\" \/>\n<meta property=\"article:modified_time\" content=\"2025-11-17T13:40:22+00:00\" \/>\n<meta property=\"og:image\" content=\"https:\/\/www.stormshield.com\/wp-content\/uploads\/stormshield_logo.png\" \/>\n\t<meta property=\"og:image:width\" content=\"204\" \/>\n\t<meta property=\"og:image:height\" content=\"94\" \/>\n\t<meta property=\"og:image:type\" content=\"image\/png\" \/>\n<meta name=\"twitter:card\" content=\"summary_large_image\" \/>\n<meta name=\"twitter:site\" content=\"@Stormshield\" \/>\n<meta name=\"twitter:label1\" content=\"Dur\u00e9e de lecture estim\u00e9e\" \/>\n\t<meta name=\"twitter:data1\" content=\"3 minutes\" \/>\n<script type=\"application\/ld+json\" class=\"yoast-schema-graph\">{\"@context\":\"https:\\\/\\\/schema.org\",\"@graph\":[{\"@type\":\"WebPage\",\"@id\":\"https:\\\/\\\/www.stormshield.com\\\/fr\\\/besoin-accompagnement\\\/services\\\/services-professionnels\\\/\",\"url\":\"https:\\\/\\\/www.stormshield.com\\\/fr\\\/besoin-accompagnement\\\/services\\\/services-professionnels\\\/\",\"name\":\"Services professionnels : expertise en cybers\u00e9curit\u00e9 | Stormshield\",\"isPartOf\":{\"@id\":\"https:\\\/\\\/www.stormshield.com\\\/fr\\\/#website\"},\"datePublished\":\"2021-08-09T07:58:17+00:00\",\"dateModified\":\"2025-11-17T13:40:22+00:00\",\"description\":\"Partenaire, fournisseur et client, Stormshield vous accompagne dans la s\u00e9curisation de vos infrastructures.\",\"breadcrumb\":{\"@id\":\"https:\\\/\\\/www.stormshield.com\\\/fr\\\/besoin-accompagnement\\\/services\\\/services-professionnels\\\/#breadcrumb\"},\"inLanguage\":\"fr-FR\",\"potentialAction\":[{\"@type\":\"ReadAction\",\"target\":[\"https:\\\/\\\/www.stormshield.com\\\/fr\\\/besoin-accompagnement\\\/services\\\/services-professionnels\\\/\"]}]},{\"@type\":\"BreadcrumbList\",\"@id\":\"https:\\\/\\\/www.stormshield.com\\\/fr\\\/besoin-accompagnement\\\/services\\\/services-professionnels\\\/#breadcrumb\",\"itemListElement\":[{\"@type\":\"ListItem\",\"position\":1,\"name\":\"Home\",\"item\":\"https:\\\/\\\/www.stormshield.com\\\/fr\\\/\"},{\"@type\":\"ListItem\",\"position\":2,\"name\":\"Notre accompagnement\",\"item\":\"https:\\\/\\\/www.stormshield.com\\\/fr\\\/besoin-accompagnement\\\/\"},{\"@type\":\"ListItem\",\"position\":3,\"name\":\"Services\",\"item\":\"https:\\\/\\\/www.stormshield.com\\\/fr\\\/besoin-accompagnement\\\/services\\\/\"},{\"@type\":\"ListItem\",\"position\":4,\"name\":\"Services professionnels\"}]},{\"@type\":\"WebSite\",\"@id\":\"https:\\\/\\\/www.stormshield.com\\\/fr\\\/#website\",\"url\":\"https:\\\/\\\/www.stormshield.com\\\/fr\\\/\",\"name\":\"Stormshield\",\"description\":\"Stormshield\",\"potentialAction\":[{\"@type\":\"SearchAction\",\"target\":{\"@type\":\"EntryPoint\",\"urlTemplate\":\"https:\\\/\\\/www.stormshield.com\\\/fr\\\/?s={search_term_string}\"},\"query-input\":{\"@type\":\"PropertyValueSpecification\",\"valueRequired\":true,\"valueName\":\"search_term_string\"}}],\"inLanguage\":\"fr-FR\"}]}<\/script>\n<!-- \/ Yoast SEO plugin. -->","yoast_head_json":{"title":"Services professionnels : expertise en cybers\u00e9curit\u00e9 | Stormshield","description":"Partenaire, fournisseur et client, Stormshield vous accompagne dans la s\u00e9curisation de vos infrastructures.","robots":{"index":"index","follow":"follow","max-snippet":"max-snippet:-1","max-image-preview":"max-image-preview:large","max-video-preview":"max-video-preview:-1"},"canonical":"https:\/\/www.stormshield.com\/fr\/besoin-accompagnement\/services\/services-professionnels\/","og_locale":"fr_FR","og_type":"article","og_title":"Services professionnels : expertise en cybers\u00e9curit\u00e9 | Stormshield","og_description":"Partenaire, fournisseur et client, Stormshield vous accompagne dans la s\u00e9curisation de vos infrastructures.","og_url":"https:\/\/www.stormshield.com\/fr\/besoin-accompagnement\/services\/services-professionnels\/","og_site_name":"Stormshield","article_modified_time":"2025-11-17T13:40:22+00:00","og_image":[{"width":204,"height":94,"url":"https:\/\/www.stormshield.com\/wp-content\/uploads\/stormshield_logo.png","type":"image\/png"}],"twitter_card":"summary_large_image","twitter_site":"@Stormshield","twitter_misc":{"Dur\u00e9e de lecture estim\u00e9e":"3 minutes"},"schema":{"@context":"https:\/\/schema.org","@graph":[{"@type":"WebPage","@id":"https:\/\/www.stormshield.com\/fr\/besoin-accompagnement\/services\/services-professionnels\/","url":"https:\/\/www.stormshield.com\/fr\/besoin-accompagnement\/services\/services-professionnels\/","name":"Services professionnels : expertise en cybers\u00e9curit\u00e9 | Stormshield","isPartOf":{"@id":"https:\/\/www.stormshield.com\/fr\/#website"},"datePublished":"2021-08-09T07:58:17+00:00","dateModified":"2025-11-17T13:40:22+00:00","description":"Partenaire, fournisseur et client, Stormshield vous accompagne dans la s\u00e9curisation de vos infrastructures.","breadcrumb":{"@id":"https:\/\/www.stormshield.com\/fr\/besoin-accompagnement\/services\/services-professionnels\/#breadcrumb"},"inLanguage":"fr-FR","potentialAction":[{"@type":"ReadAction","target":["https:\/\/www.stormshield.com\/fr\/besoin-accompagnement\/services\/services-professionnels\/"]}]},{"@type":"BreadcrumbList","@id":"https:\/\/www.stormshield.com\/fr\/besoin-accompagnement\/services\/services-professionnels\/#breadcrumb","itemListElement":[{"@type":"ListItem","position":1,"name":"Home","item":"https:\/\/www.stormshield.com\/fr\/"},{"@type":"ListItem","position":2,"name":"Notre accompagnement","item":"https:\/\/www.stormshield.com\/fr\/besoin-accompagnement\/"},{"@type":"ListItem","position":3,"name":"Services","item":"https:\/\/www.stormshield.com\/fr\/besoin-accompagnement\/services\/"},{"@type":"ListItem","position":4,"name":"Services professionnels"}]},{"@type":"WebSite","@id":"https:\/\/www.stormshield.com\/fr\/#website","url":"https:\/\/www.stormshield.com\/fr\/","name":"Stormshield","description":"Stormshield","potentialAction":[{"@type":"SearchAction","target":{"@type":"EntryPoint","urlTemplate":"https:\/\/www.stormshield.com\/fr\/?s={search_term_string}"},"query-input":{"@type":"PropertyValueSpecification","valueRequired":true,"valueName":"search_term_string"}}],"inLanguage":"fr-FR"}]}},"_links":{"self":[{"href":"https:\/\/www.stormshield.com\/fr\/wp-json\/wp\/v2\/pages\/223714","targetHints":{"allow":["GET"]}}],"collection":[{"href":"https:\/\/www.stormshield.com\/fr\/wp-json\/wp\/v2\/pages"}],"about":[{"href":"https:\/\/www.stormshield.com\/fr\/wp-json\/wp\/v2\/types\/page"}],"author":[{"embeddable":true,"href":"https:\/\/www.stormshield.com\/fr\/wp-json\/wp\/v2\/users\/31"}],"replies":[{"embeddable":true,"href":"https:\/\/www.stormshield.com\/fr\/wp-json\/wp\/v2\/comments?post=223714"}],"version-history":[{"count":16,"href":"https:\/\/www.stormshield.com\/fr\/wp-json\/wp\/v2\/pages\/223714\/revisions"}],"predecessor-version":[{"id":700113,"href":"https:\/\/www.stormshield.com\/fr\/wp-json\/wp\/v2\/pages\/223714\/revisions\/700113"}],"up":[{"embeddable":true,"href":"https:\/\/www.stormshield.com\/fr\/wp-json\/wp\/v2\/pages\/22206"}],"wp:attachment":[{"href":"https:\/\/www.stormshield.com\/fr\/wp-json\/wp\/v2\/media?parent=223714"}],"curies":[{"name":"wp","href":"https:\/\/api.w.org\/{rel}","templated":true}]}}