{"id":22365,"date":"2016-12-02T17:02:08","date_gmt":"2016-12-02T16:02:08","guid":{"rendered":"https:\/\/www.stormshield.com\/nous-rejoindre\/offers\/"},"modified":"2022-04-28T10:26:42","modified_gmt":"2022-04-28T09:26:42","slug":"offres-emploi","status":"publish","type":"page","link":"https:\/\/www.stormshield.com\/fr\/nous-rejoindre\/offres-emploi\/","title":{"rendered":"Offres d&#8217;emploi"},"content":{"rendered":"","protected":false},"excerpt":{"rendered":"","protected":false},"author":1,"featured_media":0,"parent":22325,"menu_order":304,"comment_status":"closed","ping_status":"closed","template":"offers.php","meta":{"_acf_changed":false,"footnotes":""},"class_list":["post-22365","page","type-page","status-publish","hentry"],"acf":[],"yoast_head":"<!-- This site is optimized with the Yoast SEO plugin v27.0 - https:\/\/yoast.com\/product\/yoast-seo-wordpress\/ -->\n<title>Offres d&#039;emploi en cybers\u00e9curit\u00e9 | Stormshield<\/title>\n<meta name=\"description\" content=\"Venez rejoindre le monde de la cybers\u00e9curit\u00e9 ! Retrouvez toutes les offres d&#039;emploi de Stormshield en France et dans le monde.\" \/>\n<meta name=\"robots\" content=\"index, follow, max-snippet:-1, max-image-preview:large, max-video-preview:-1\" \/>\n<link rel=\"canonical\" href=\"https:\/\/www.stormshield.com\/fr\/nous-rejoindre\/offres-emploi\/\" \/>\n<meta property=\"og:locale\" content=\"fr_FR\" \/>\n<meta property=\"og:type\" content=\"article\" \/>\n<meta property=\"og:title\" content=\"Offres d&#039;emploi en cybers\u00e9curit\u00e9 | Stormshield\" \/>\n<meta property=\"og:description\" content=\"Venez rejoindre le monde de la cybers\u00e9curit\u00e9 ! Retrouvez toutes les offres d&#039;emploi de Stormshield en France et dans le monde.\" \/>\n<meta property=\"og:url\" content=\"https:\/\/www.stormshield.com\/fr\/nous-rejoindre\/offres-emploi\/\" \/>\n<meta property=\"og:site_name\" content=\"Stormshield\" \/>\n<meta property=\"article:modified_time\" content=\"2022-04-28T09:26:42+00:00\" \/>\n<meta property=\"og:image\" content=\"https:\/\/www.stormshield.com\/wp-content\/uploads\/stormshield_logo.png\" \/>\n\t<meta property=\"og:image:width\" content=\"204\" \/>\n\t<meta property=\"og:image:height\" content=\"94\" \/>\n\t<meta property=\"og:image:type\" content=\"image\/png\" \/>\n<meta name=\"twitter:card\" content=\"summary_large_image\" \/>\n<meta name=\"twitter:site\" content=\"@Stormshield\" \/>\n<script type=\"application\/ld+json\" class=\"yoast-schema-graph\">{\"@context\":\"https:\/\/schema.org\",\"@graph\":[{\"@type\":\"WebPage\",\"@id\":\"https:\/\/www.stormshield.com\/fr\/nous-rejoindre\/offres-emploi\/\",\"url\":\"https:\/\/www.stormshield.com\/fr\/nous-rejoindre\/offres-emploi\/\",\"name\":\"Offres d'emploi en cybers\u00e9curit\u00e9 | Stormshield\",\"isPartOf\":{\"@id\":\"https:\/\/www.stormshield.com\/fr\/#website\"},\"datePublished\":\"2016-12-02T16:02:08+00:00\",\"dateModified\":\"2022-04-28T09:26:42+00:00\",\"description\":\"Venez rejoindre le monde de la cybers\u00e9curit\u00e9 ! Retrouvez toutes les offres d'emploi de Stormshield en France et dans le monde.\",\"breadcrumb\":{\"@id\":\"https:\/\/www.stormshield.com\/fr\/nous-rejoindre\/offres-emploi\/#breadcrumb\"},\"inLanguage\":\"fr-FR\",\"potentialAction\":[{\"@type\":\"ReadAction\",\"target\":[\"https:\/\/www.stormshield.com\/fr\/nous-rejoindre\/offres-emploi\/\"]}]},{\"@type\":\"BreadcrumbList\",\"@id\":\"https:\/\/www.stormshield.com\/fr\/nous-rejoindre\/offres-emploi\/#breadcrumb\",\"itemListElement\":[{\"@type\":\"ListItem\",\"position\":1,\"name\":\"Home\",\"item\":\"https:\/\/www.stormshield.com\/fr\/\"},{\"@type\":\"ListItem\",\"position\":2,\"name\":\"Nous rejoindre\",\"item\":\"https:\/\/www.stormshield.com\/fr\/nous-rejoindre\/\"},{\"@type\":\"ListItem\",\"position\":3,\"name\":\"Offres d&#8217;emploi\"}]},{\"@type\":\"WebSite\",\"@id\":\"https:\/\/www.stormshield.com\/fr\/#website\",\"url\":\"https:\/\/www.stormshield.com\/fr\/\",\"name\":\"Stormshield\",\"description\":\"Stormshield\",\"potentialAction\":[{\"@type\":\"SearchAction\",\"target\":{\"@type\":\"EntryPoint\",\"urlTemplate\":\"https:\/\/www.stormshield.com\/fr\/?s={search_term_string}\"},\"query-input\":{\"@type\":\"PropertyValueSpecification\",\"valueRequired\":true,\"valueName\":\"search_term_string\"}}],\"inLanguage\":\"fr-FR\"}]}<\/script>\n<!-- \/ Yoast SEO plugin. -->","yoast_head_json":{"title":"Offres d'emploi en cybers\u00e9curit\u00e9 | Stormshield","description":"Venez rejoindre le monde de la cybers\u00e9curit\u00e9 ! Retrouvez toutes les offres d'emploi de Stormshield en France et dans le monde.","robots":{"index":"index","follow":"follow","max-snippet":"max-snippet:-1","max-image-preview":"max-image-preview:large","max-video-preview":"max-video-preview:-1"},"canonical":"https:\/\/www.stormshield.com\/fr\/nous-rejoindre\/offres-emploi\/","og_locale":"fr_FR","og_type":"article","og_title":"Offres d'emploi en cybers\u00e9curit\u00e9 | Stormshield","og_description":"Venez rejoindre le monde de la cybers\u00e9curit\u00e9 ! Retrouvez toutes les offres d'emploi de Stormshield en France et dans le monde.","og_url":"https:\/\/www.stormshield.com\/fr\/nous-rejoindre\/offres-emploi\/","og_site_name":"Stormshield","article_modified_time":"2022-04-28T09:26:42+00:00","og_image":[{"width":204,"height":94,"url":"https:\/\/www.stormshield.com\/wp-content\/uploads\/stormshield_logo.png","type":"image\/png"}],"twitter_card":"summary_large_image","twitter_site":"@Stormshield","schema":{"@context":"https:\/\/schema.org","@graph":[{"@type":"WebPage","@id":"https:\/\/www.stormshield.com\/fr\/nous-rejoindre\/offres-emploi\/","url":"https:\/\/www.stormshield.com\/fr\/nous-rejoindre\/offres-emploi\/","name":"Offres d'emploi en cybers\u00e9curit\u00e9 | Stormshield","isPartOf":{"@id":"https:\/\/www.stormshield.com\/fr\/#website"},"datePublished":"2016-12-02T16:02:08+00:00","dateModified":"2022-04-28T09:26:42+00:00","description":"Venez rejoindre le monde de la cybers\u00e9curit\u00e9 ! Retrouvez toutes les offres d'emploi de Stormshield en France et dans le monde.","breadcrumb":{"@id":"https:\/\/www.stormshield.com\/fr\/nous-rejoindre\/offres-emploi\/#breadcrumb"},"inLanguage":"fr-FR","potentialAction":[{"@type":"ReadAction","target":["https:\/\/www.stormshield.com\/fr\/nous-rejoindre\/offres-emploi\/"]}]},{"@type":"BreadcrumbList","@id":"https:\/\/www.stormshield.com\/fr\/nous-rejoindre\/offres-emploi\/#breadcrumb","itemListElement":[{"@type":"ListItem","position":1,"name":"Home","item":"https:\/\/www.stormshield.com\/fr\/"},{"@type":"ListItem","position":2,"name":"Nous rejoindre","item":"https:\/\/www.stormshield.com\/fr\/nous-rejoindre\/"},{"@type":"ListItem","position":3,"name":"Offres d&#8217;emploi"}]},{"@type":"WebSite","@id":"https:\/\/www.stormshield.com\/fr\/#website","url":"https:\/\/www.stormshield.com\/fr\/","name":"Stormshield","description":"Stormshield","potentialAction":[{"@type":"SearchAction","target":{"@type":"EntryPoint","urlTemplate":"https:\/\/www.stormshield.com\/fr\/?s={search_term_string}"},"query-input":{"@type":"PropertyValueSpecification","valueRequired":true,"valueName":"search_term_string"}}],"inLanguage":"fr-FR"}]}},"_links":{"self":[{"href":"https:\/\/www.stormshield.com\/fr\/wp-json\/wp\/v2\/pages\/22365","targetHints":{"allow":["GET"]}}],"collection":[{"href":"https:\/\/www.stormshield.com\/fr\/wp-json\/wp\/v2\/pages"}],"about":[{"href":"https:\/\/www.stormshield.com\/fr\/wp-json\/wp\/v2\/types\/page"}],"author":[{"embeddable":true,"href":"https:\/\/www.stormshield.com\/fr\/wp-json\/wp\/v2\/users\/1"}],"replies":[{"embeddable":true,"href":"https:\/\/www.stormshield.com\/fr\/wp-json\/wp\/v2\/comments?post=22365"}],"version-history":[{"count":8,"href":"https:\/\/www.stormshield.com\/fr\/wp-json\/wp\/v2\/pages\/22365\/revisions"}],"predecessor-version":[{"id":171180,"href":"https:\/\/www.stormshield.com\/fr\/wp-json\/wp\/v2\/pages\/22365\/revisions\/171180"}],"up":[{"embeddable":true,"href":"https:\/\/www.stormshield.com\/fr\/wp-json\/wp\/v2\/pages\/22325"}],"wp:attachment":[{"href":"https:\/\/www.stormshield.com\/fr\/wp-json\/wp\/v2\/media?parent=22365"}],"curies":[{"name":"wp","href":"https:\/\/api.w.org\/{rel}","templated":true}]}}