{"id":22221,"date":"2016-06-03T11:20:05","date_gmt":"2016-06-03T10:20:05","guid":{"rendered":"https:\/\/www.stormshield.com\/news\/"},"modified":"2023-02-07T10:51:45","modified_gmt":"2023-02-07T09:51:45","slug":"actus","status":"publish","type":"page","link":"https:\/\/www.stormshield.com\/fr\/actus\/","title":{"rendered":"Actus"},"content":{"rendered":"","protected":false},"excerpt":{"rendered":"","protected":false},"author":1,"featured_media":0,"parent":0,"menu_order":464,"comment_status":"closed","ping_status":"closed","template":"news-home.php","meta":{"_acf_changed":false,"footnotes":""},"class_list":["post-22221","page","type-page","status-publish","hentry"],"acf":[],"yoast_head":"<!-- This site is optimized with the Yoast SEO plugin v27.3 - https:\/\/yoast.com\/product\/yoast-seo-wordpress\/ -->\n<title>La cybers\u00e9curit\u00e9 d\u00e9crypt\u00e9e \u00e0 travers nos actualit\u00e9s | Stormshield<\/title>\n<meta name=\"description\" content=\"S\u00e9curit\u00e9 informatique : tous nos articles d&#039;actualit\u00e9s, dossiers th\u00e9matiques et analyses sur la cybers\u00e9curit\u00e9.\" \/>\n<meta name=\"robots\" content=\"index, follow, max-snippet:-1, max-image-preview:large, max-video-preview:-1\" \/>\n<link rel=\"canonical\" href=\"https:\/\/www.stormshield.com\/fr\/actus\/\" \/>\n<meta property=\"og:locale\" content=\"fr_FR\" \/>\n<meta property=\"og:type\" content=\"article\" \/>\n<meta property=\"og:title\" content=\"La cybers\u00e9curit\u00e9 d\u00e9crypt\u00e9e \u00e0 travers nos actualit\u00e9s | Stormshield\" \/>\n<meta property=\"og:description\" content=\"S\u00e9curit\u00e9 informatique : tous nos articles d&#039;actualit\u00e9s, dossiers th\u00e9matiques et analyses sur la cybers\u00e9curit\u00e9.\" \/>\n<meta property=\"og:url\" content=\"https:\/\/www.stormshield.com\/fr\/actus\/\" \/>\n<meta property=\"og:site_name\" content=\"Stormshield\" \/>\n<meta property=\"article:modified_time\" content=\"2023-02-07T09:51:45+00:00\" \/>\n<meta property=\"og:image\" content=\"https:\/\/www.stormshield.com\/wp-content\/uploads\/stormshield_logo.png\" \/>\n\t<meta property=\"og:image:width\" content=\"204\" \/>\n\t<meta property=\"og:image:height\" content=\"94\" \/>\n\t<meta property=\"og:image:type\" content=\"image\/png\" \/>\n<meta name=\"twitter:card\" content=\"summary_large_image\" \/>\n<meta name=\"twitter:site\" content=\"@Stormshield\" \/>\n<script type=\"application\/ld+json\" class=\"yoast-schema-graph\">{\"@context\":\"https:\\\/\\\/schema.org\",\"@graph\":[{\"@type\":\"WebPage\",\"@id\":\"https:\\\/\\\/www.stormshield.com\\\/fr\\\/actus\\\/\",\"url\":\"https:\\\/\\\/www.stormshield.com\\\/fr\\\/actus\\\/\",\"name\":\"La cybers\u00e9curit\u00e9 d\u00e9crypt\u00e9e \u00e0 travers nos actualit\u00e9s | Stormshield\",\"isPartOf\":{\"@id\":\"https:\\\/\\\/www.stormshield.com\\\/fr\\\/#website\"},\"datePublished\":\"2016-06-03T10:20:05+00:00\",\"dateModified\":\"2023-02-07T09:51:45+00:00\",\"description\":\"S\u00e9curit\u00e9 informatique : tous nos articles d'actualit\u00e9s, dossiers th\u00e9matiques et analyses sur la cybers\u00e9curit\u00e9.\",\"breadcrumb\":{\"@id\":\"https:\\\/\\\/www.stormshield.com\\\/fr\\\/actus\\\/#breadcrumb\"},\"inLanguage\":\"fr-FR\",\"potentialAction\":[{\"@type\":\"ReadAction\",\"target\":[\"https:\\\/\\\/www.stormshield.com\\\/fr\\\/actus\\\/\"]}]},{\"@type\":\"BreadcrumbList\",\"@id\":\"https:\\\/\\\/www.stormshield.com\\\/fr\\\/actus\\\/#breadcrumb\",\"itemListElement\":[{\"@type\":\"ListItem\",\"position\":1,\"name\":\"Home\",\"item\":\"https:\\\/\\\/www.stormshield.com\\\/fr\\\/\"},{\"@type\":\"ListItem\",\"position\":2,\"name\":\"Actus\"}]},{\"@type\":\"WebSite\",\"@id\":\"https:\\\/\\\/www.stormshield.com\\\/fr\\\/#website\",\"url\":\"https:\\\/\\\/www.stormshield.com\\\/fr\\\/\",\"name\":\"Stormshield\",\"description\":\"Stormshield\",\"potentialAction\":[{\"@type\":\"SearchAction\",\"target\":{\"@type\":\"EntryPoint\",\"urlTemplate\":\"https:\\\/\\\/www.stormshield.com\\\/fr\\\/?s={search_term_string}\"},\"query-input\":{\"@type\":\"PropertyValueSpecification\",\"valueRequired\":true,\"valueName\":\"search_term_string\"}}],\"inLanguage\":\"fr-FR\"}]}<\/script>\n<!-- \/ Yoast SEO plugin. -->","yoast_head_json":{"title":"La cybers\u00e9curit\u00e9 d\u00e9crypt\u00e9e \u00e0 travers nos actualit\u00e9s | Stormshield","description":"S\u00e9curit\u00e9 informatique : tous nos articles d'actualit\u00e9s, dossiers th\u00e9matiques et analyses sur la cybers\u00e9curit\u00e9.","robots":{"index":"index","follow":"follow","max-snippet":"max-snippet:-1","max-image-preview":"max-image-preview:large","max-video-preview":"max-video-preview:-1"},"canonical":"https:\/\/www.stormshield.com\/fr\/actus\/","og_locale":"fr_FR","og_type":"article","og_title":"La cybers\u00e9curit\u00e9 d\u00e9crypt\u00e9e \u00e0 travers nos actualit\u00e9s | Stormshield","og_description":"S\u00e9curit\u00e9 informatique : tous nos articles d'actualit\u00e9s, dossiers th\u00e9matiques et analyses sur la cybers\u00e9curit\u00e9.","og_url":"https:\/\/www.stormshield.com\/fr\/actus\/","og_site_name":"Stormshield","article_modified_time":"2023-02-07T09:51:45+00:00","og_image":[{"width":204,"height":94,"url":"https:\/\/www.stormshield.com\/wp-content\/uploads\/stormshield_logo.png","type":"image\/png"}],"twitter_card":"summary_large_image","twitter_site":"@Stormshield","schema":{"@context":"https:\/\/schema.org","@graph":[{"@type":"WebPage","@id":"https:\/\/www.stormshield.com\/fr\/actus\/","url":"https:\/\/www.stormshield.com\/fr\/actus\/","name":"La cybers\u00e9curit\u00e9 d\u00e9crypt\u00e9e \u00e0 travers nos actualit\u00e9s | Stormshield","isPartOf":{"@id":"https:\/\/www.stormshield.com\/fr\/#website"},"datePublished":"2016-06-03T10:20:05+00:00","dateModified":"2023-02-07T09:51:45+00:00","description":"S\u00e9curit\u00e9 informatique : tous nos articles d'actualit\u00e9s, dossiers th\u00e9matiques et analyses sur la cybers\u00e9curit\u00e9.","breadcrumb":{"@id":"https:\/\/www.stormshield.com\/fr\/actus\/#breadcrumb"},"inLanguage":"fr-FR","potentialAction":[{"@type":"ReadAction","target":["https:\/\/www.stormshield.com\/fr\/actus\/"]}]},{"@type":"BreadcrumbList","@id":"https:\/\/www.stormshield.com\/fr\/actus\/#breadcrumb","itemListElement":[{"@type":"ListItem","position":1,"name":"Home","item":"https:\/\/www.stormshield.com\/fr\/"},{"@type":"ListItem","position":2,"name":"Actus"}]},{"@type":"WebSite","@id":"https:\/\/www.stormshield.com\/fr\/#website","url":"https:\/\/www.stormshield.com\/fr\/","name":"Stormshield","description":"Stormshield","potentialAction":[{"@type":"SearchAction","target":{"@type":"EntryPoint","urlTemplate":"https:\/\/www.stormshield.com\/fr\/?s={search_term_string}"},"query-input":{"@type":"PropertyValueSpecification","valueRequired":true,"valueName":"search_term_string"}}],"inLanguage":"fr-FR"}]}},"_links":{"self":[{"href":"https:\/\/www.stormshield.com\/fr\/wp-json\/wp\/v2\/pages\/22221","targetHints":{"allow":["GET"]}}],"collection":[{"href":"https:\/\/www.stormshield.com\/fr\/wp-json\/wp\/v2\/pages"}],"about":[{"href":"https:\/\/www.stormshield.com\/fr\/wp-json\/wp\/v2\/types\/page"}],"author":[{"embeddable":true,"href":"https:\/\/www.stormshield.com\/fr\/wp-json\/wp\/v2\/users\/1"}],"replies":[{"embeddable":true,"href":"https:\/\/www.stormshield.com\/fr\/wp-json\/wp\/v2\/comments?post=22221"}],"version-history":[{"count":8,"href":"https:\/\/www.stormshield.com\/fr\/wp-json\/wp\/v2\/pages\/22221\/revisions"}],"predecessor-version":[{"id":95764,"href":"https:\/\/www.stormshield.com\/fr\/wp-json\/wp\/v2\/pages\/22221\/revisions\/95764"}],"wp:attachment":[{"href":"https:\/\/www.stormshield.com\/fr\/wp-json\/wp\/v2\/media?parent=22221"}],"curies":[{"name":"wp","href":"https:\/\/api.w.org\/{rel}","templated":true}]}}