{"id":22206,"date":"2016-12-05T16:24:25","date_gmt":"2016-12-05T15:24:25","guid":{"rendered":"https:\/\/www.stormshield.com\/?page_id=22206\/"},"modified":"2025-10-27T08:43:30","modified_gmt":"2025-10-27T07:43:30","slug":"services","status":"publish","type":"page","link":"https:\/\/www.stormshield.com\/fr\/besoin-accompagnement\/services\/","title":{"rendered":"Services"},"content":{"rendered":"<div class=\"wpb-content-wrapper\"><p>[vc_row css_animation=\"\" row_type=\"row\" use_row_as_full_screen_section=\"no\" type=\"grid\" angled_section=\"no\" text_align=\"left\" background_image_as_pattern=\"without_pattern\" z_index=\"\" padding_top=\"50\" padding_bottom=\"50\"][vc_column][vc_empty_space][vc_column_text]<\/p>\n<h1 style=\"text-align: center;\"><span style=\"color: #00aaf5;\"><span style=\"font-weight: 300; font-size: 1.5em;\">Acc\u00e9dez \u00e0 la cyber-s\u00e9r\u00e9nit\u00e9 <\/span><\/span><span style=\"color: #00aaf5;\"><span style=\"font-weight: 900; font-size: 1.5em;\">avec l'offre de services Stormshield<\/span><\/span><\/h1>\n<p>[\/vc_column_text][vc_empty_space][\/vc_column][\/vc_row][vc_row css_animation=\"\" row_type=\"row\" use_row_as_full_screen_section=\"no\" type=\"grid\" angled_section=\"no\" text_align=\"left\" background_image_as_pattern=\"without_pattern\" z_index=\"\" padding_bottom=\"50\"][vc_column][vc_column_text]<span style=\"color: #000; font-size: 1.1em;\">La s\u00e9curit\u00e9 informatique n\u2019est pas un long fleuve tranquille. L\u2019\u00e9volution des menaces n\u00e9cessite de penser la cybers\u00e9curit\u00e9 dans une perspective beaucoup plus large. Pour vous guider, nous agissons \u00e0 tous les niveaux afin de r\u00e9duire les surfaces d\u2019attaque et garantir un niveau \u00e9lev\u00e9 de protection. Gr\u00e2ce \u00e0 nos diff\u00e9rents services, retrouvez <a style=\"color: #000000;\" href=\"https:\/\/www.stormshield.com\/fr\/la-difference-stormshield\/\" target=\"_blank\" rel=\"noopener\">une cyber-s\u00e9r\u00e9nit\u00e9 totale<\/a>\u00a0!<\/span>[\/vc_column_text][\/vc_column][\/vc_row][vc_row css_animation=\"\" row_type=\"row\" use_row_as_full_screen_section=\"no\" type=\"grid\" angled_section=\"no\" text_align=\"left\" background_image_as_pattern=\"without_pattern\" z_index=\"\"][vc_column width=\"1\/6\"][vc_single_image image=\"456828\" alignment=\"center\" onclick=\"custom_link\" img_link_target=\"_blank\" qode_css_animation=\"\" link=\"https:\/\/www.stormshield.com\/fr\/besoin-accompagnement\/services\/maintenance\/\"][\/vc_column][vc_column width=\"1\/3\"][vc_column_text]<\/p>\n<h2><span style=\"color: #00aeef; font-size: 1.2em; font-weight: 900;\">Maintenance<\/span><\/h2>\n<p><span style=\"color: #000; font-size: 1.1em;\">Misez sur notre expertise constructeur et la logique pr\u00e9ventive de la maintenance informatique. Gr\u00e2ce \u00e0 ce service, anticipez les \u00e9ventuels probl\u00e8mes et remplacez vos produits le plus vite possible.<\/span>[\/vc_column_text][\/vc_column][vc_column width=\"1\/6\"][vc_single_image image=\"456803\" alignment=\"center\" onclick=\"custom_link\" img_link_target=\"_blank\" qode_css_animation=\"\" link=\"https:\/\/www.stormshield.com\/fr\/besoin-accompagnement\/services\/support-technique\/\"][\/vc_column][vc_column width=\"1\/3\"][vc_column_text]<\/p>\n<h2><span style=\"color: #00aeef; font-size: 1.2em; font-weight: 900;\">Support technique<\/span><\/h2>\n<p><span style=\"color: #000; font-size: 1.1em;\">M\u00eame face aux situations les plus complexes, le support technique Stormshield est \u00e0 vos c\u00f4t\u00e9s pour garantir la continuit\u00e9 de service et prot\u00e9ger au mieux vos utilisateurs et vos infrastructures.<\/span>[\/vc_column_text][\/vc_column][\/vc_row][vc_row css_animation=\"\" row_type=\"row\" use_row_as_full_screen_section=\"no\" type=\"grid\" angled_section=\"no\" text_align=\"left\" background_image_as_pattern=\"without_pattern\" z_index=\"\"][vc_column][vc_empty_space][\/vc_column][\/vc_row][vc_row css_animation=\"\" row_type=\"row\" use_row_as_full_screen_section=\"no\" type=\"grid\" angled_section=\"no\" text_align=\"left\" background_image_as_pattern=\"without_pattern\" z_index=\"\"][vc_column width=\"1\/6\"][vc_single_image image=\"456833\" alignment=\"center\" onclick=\"custom_link\" img_link_target=\"_blank\" qode_css_animation=\"\" link=\"https:\/\/www.stormshield.com\/fr\/besoin-accompagnement\/services\/formations\/\"][\/vc_column][vc_column width=\"1\/3\"][vc_column_text]<\/p>\n<h2><span style=\"color: #00aeef; font-size: 1.2em; font-weight: 900;\">Formations<\/span><\/h2>\n<p><span style=\"color: #000; font-size: 1.1em;\">Protection des r\u00e9seaux, des donn\u00e9es, des serveurs et postes de travail ou encore des environnements OT\u2026 Notre mission\u00a0: vous d\u00e9livrer la formation la plus en phase avec vos besoins.<\/span>[\/vc_column_text][\/vc_column][vc_column width=\"1\/6\"][vc_single_image image=\"456618\" alignment=\"center\" onclick=\"custom_link\" img_link_target=\"_blank\" qode_css_animation=\"\" link=\"https:\/\/www.stormshield.com\/fr\/besoin-accompagnement\/services\/services-professionnels\/\"][\/vc_column][vc_column width=\"1\/3\"][vc_column_text]<\/p>\n<h2><span style=\"color: #00aeef; font-size: 1.2em; font-weight: 900;\">Services professionnels<\/span><\/h2>\n<p><span style=\"color: #000; font-size: 1.1em;\">Partenaire, fournisseur, client, nous vous accompagnons dans la mise en place de produits de s\u00e9curit\u00e9 dans vos infrastructures complexes. Nos \u00e9quipes internes de Services professionnels vous assurent un d\u00e9ploiement optimal.<\/span>[\/vc_column_text][\/vc_column][\/vc_row][vc_row css_animation=\"\" row_type=\"row\" use_row_as_full_screen_section=\"no\" type=\"grid\" angled_section=\"no\" text_align=\"left\" background_image_as_pattern=\"without_pattern\" z_index=\"\"][vc_column][vc_empty_space][\/vc_column][\/vc_row][vc_row css_animation=\"\" row_type=\"row\" use_row_as_full_screen_section=\"no\" type=\"grid\" angled_section=\"no\" text_align=\"left\" background_image_as_pattern=\"without_pattern\" z_index=\"\"][vc_column width=\"1\/6\"][vc_single_image image=\"456838\" alignment=\"center\" onclick=\"custom_link\" img_link_target=\"_blank\" qode_css_animation=\"\" link=\"https:\/\/www.stormshield.com\/fr\/besoin-accompagnement\/services\/stormshield-academy\/\"][\/vc_column][vc_column width=\"1\/3\"][vc_column_text]<\/p>\n<h2><span style=\"color: #00aeef; font-size: 1.2em; font-weight: 900;\">Relations \u00e9coles<\/span><\/h2>\n<p><span style=\"color: #000; font-size: 1.1em;\">Parce que la collaboration est au c\u0153ur de notre ADN, nous portons une attention toute particuli\u00e8re au monde de l\u2019enseignement sup\u00e9rieur.<\/span>[\/vc_column_text][\/vc_column][vc_column width=\"1\/6\"][vc_single_image image=\"456603\" alignment=\"center\" onclick=\"custom_link\" img_link_target=\"_blank\" qode_css_animation=\"\" link=\"https:\/\/www.stormshield.com\/fr\/besoin-accompagnement\/services\/cyber-threat-intelligence\/\"][\/vc_column][vc_column width=\"1\/3\"][vc_column_text]<\/p>\n<h2><span style=\"color: #00aeef; font-size: 1.2em; font-weight: 900;\">Cyber Threat Intelligence<\/span><\/h2>\n<p><span style=\"color: #000; font-size: 1.1em;\">Notre \u00e9quipe de CTI remplit deux missions : \u00e9tudier les menaces cyber pour les comprendre et am\u00e9liorer en continu les protections des produits Stormshield.<\/span>[\/vc_column_text][\/vc_column][\/vc_row][vc_row css_animation=\"\" row_type=\"row\" use_row_as_full_screen_section=\"no\" type=\"grid\" angled_section=\"no\" text_align=\"left\" background_image_as_pattern=\"without_pattern\" z_index=\"\" padding_bottom=\"50\" css=\".vc_custom_1697804221509{background-color: #ffffff !important;}\" padding_top=\"50\"][vc_column][vc_row_inner row_type=\"row\" type=\"full_width\" text_align=\"left\" css_animation=\"\" background_color=\"#f9f9f9\" css=\".vc_custom_1697805785032{padding-top: 32px !important;padding-right: 32px !important;padding-bottom: 32px !important;padding-left: 32px !important;}\"][vc_column_inner][vc_column_text css=\"\"]<\/p>\n<h2><span style=\"color: #000; font-size: 1.2em; font-weight: 900;\">Portail de s\u00e9curit\u00e9 Stormshield<\/span><\/h2>\n<p><span style=\"color: #000000;\"><span style=\"font-size: 1.1em;\">Notre portail de s\u00e9curit\u00e9 vous permet plusieurs actions comme identifier si une adresse IP est pr\u00e9sente dans nos bases d\u2019IP r\u00e9putation ou retrouver les protections existantes sur nos produits (signatures SNS comme r\u00e8gles SES). Et avec la Threat Map, restez inform\u00e9 de l'\u00e9tat de la menace cyber dans le monde en temps r\u00e9el.<\/span><\/span>[\/vc_column_text][vc_empty_space]<a  itemprop=\"url\" href=\"https:\/\/security.stormshield.eu\/\" target=\"_blank\" data-hover-background-color=\"#d23467\" data-hover-border-color=\"#ffffff\" class=\"qbutton  center white enlarge\" style=\"border-color: #ffffff; background-color:#060051;\">Portail S\u00e9curit\u00e9<i class=\"qode_icon_font_awesome fa fa-angle-right qode_button_icon_element\"><\/i><\/a>[\/vc_column_inner][\/vc_row_inner][\/vc_column][\/vc_row][vc_row css_animation=\"\" row_type=\"row\" use_row_as_full_screen_section=\"no\" type=\"grid\" angled_section=\"no\" text_align=\"left\" background_image_as_pattern=\"without_pattern\" z_index=\"\" padding_bottom=\"50\" padding_top=\"50\"][vc_column][vc_row_inner row_type=\"row\" type=\"full_width\" text_align=\"left\" css_animation=\"\"][vc_column_inner][vc_column_text]<\/p>\n<h2><span style=\"color: #000; font-size: 1.2em; font-weight: 900;\">Management information base et requ\u00eates SNMP<\/span><\/h2>\n<p><span style=\"color: #000000;\"><span style=\"font-size: 1.1em;\"><strong>Vous \u00eates \u00e0 la recherche des MIBS Stormshield\u00a0?<\/strong> Ces scripts pr\u00eats \u00e0 l'emploi pour les solutions Stormshield Network Security permettent d'assurer une protection optimale de votre r\u00e9seau et de vos \u00e9quipements. \u00c0 destination des administrateurs syst\u00e8mes, ces fichiers d\u00e9crivent une structure de donn\u00e9es \u00e0 rapatrier et centraliser dans une solution de supervision. Chaque fichier d\u00e9crit un ensemble de donn\u00e9es qui sont li\u00e9es \u00e0 un module pr\u00e9cis de nos pare-feux Stormshield Network Security ou \u00e0 un type particulier d\u2019informations. Le fonctionnement, les proc\u00e9dures ainsi que les fichiers MIBS Stormshield sont d\u00e9sormais \u00e0 retrouver sur votre espace s\u00e9curis\u00e9 MyStormshield.<\/span><\/span>[\/vc_column_text][vc_empty_space]<a  itemprop=\"url\" href=\"https:\/\/mystormshield.eu\/\" target=\"_blank\" data-hover-background-color=\"#d23467\" data-hover-border-color=\"#ffffff\" class=\"qbutton  center white enlarge\" style=\"border-color: #ffffff; background-color:#060051;\">MyStormshield<i class=\"qode_icon_font_awesome fa fa-angle-right qode_button_icon_element\"><\/i><\/a>[\/vc_column_inner][\/vc_row_inner][\/vc_column][\/vc_row][vc_row css_animation=\"\" row_type=\"row\" use_row_as_full_screen_section=\"no\" type=\"grid\" angled_section=\"no\" text_align=\"left\" background_image_as_pattern=\"without_pattern\" z_index=\"\" padding_bottom=\"50\" css=\".vc_custom_1697804221509{background-color: #ffffff !important;}\" padding_top=\"50\"][vc_column][vc_row_inner row_type=\"row\" type=\"full_width\" text_align=\"left\" css_animation=\"\" background_color=\"#f9f9f9\" css=\".vc_custom_1697805785032{padding-top: 32px !important;padding-right: 32px !important;padding-bottom: 32px !important;padding-left: 32px !important;}\"][vc_column_inner][vc_column_text]<\/p>\n<h2><span style=\"color: #000; font-size: 1.2em; font-weight: 900;\">Documentation Stormshield<\/span><\/h2>\n<p><span style=\"color: #000000;\"><span style=\"font-size: 1.1em;\"><span style=\"color: #000000;\">Vous \u00eates plut\u00f4t \u00e0 la recherche de fiches produits, de brochures, de vid\u00e9os de pr\u00e9sentations, de webinaires ou encore de t\u00e9moignages clients, d'avis d'expert et <a style=\"color: #000000;\" href=\"https:\/\/www.stormshield.com\/fr\/livres-blancs-cybersecurite\/\" target=\"_blank\" rel=\"noopener\">de livres blancs<\/a>\u00a0? Toutes ces informations marketing sont \u00e0 retrouver sur ce site web.<\/span> <\/span><\/span><\/p>\n<p><span style=\"color: #000000;\"><span style=\"font-size: 1.1em;\">Si vous \u00eates plut\u00f4t \u00e0 la recherche des manuels d\u2019utilisation, des guides d\u2019installations et autres notes de versions de vos produits Stormshield, rendez-vous sur <a style=\"color: #000000;\" href=\"https:\/\/documentation.stormshield.eu\/\" target=\"_blank\" rel=\"noopener\">le site de la Documentation Technique<\/a>.<\/span><\/span>[\/vc_column_text][vc_empty_space]<a  itemprop=\"url\" href=\"https:\/\/www.stormshield.com\/fr\/documentation\/\" target=\"_blank\" data-hover-background-color=\"#d23467\" data-hover-border-color=\"#ffffff\" class=\"qbutton  center white enlarge\" style=\"border-color: #ffffff; background-color:#060051;\">Documentation marketing<i class=\"qode_icon_font_awesome fa fa-angle-right qode_button_icon_element\"><\/i><\/a>[vc_empty_space height=\"12px\"]<a  itemprop=\"url\" href=\"https:\/\/documentation.stormshield.eu\/\" target=\"_blank\" data-hover-background-color=\"#d23467\" data-hover-border-color=\"#ffffff\" class=\"qbutton  center white enlarge\" style=\"border-color: #ffffff; background-color:#060051;\">Documentation technique<i class=\"qode_icon_font_awesome fa fa-angle-right qode_button_icon_element\"><\/i><\/a>[\/vc_column_inner][\/vc_row_inner][\/vc_column][\/vc_row]<\/p>\n<\/div>","protected":false},"excerpt":{"rendered":"<p>[vc_row css_animation=\u00a0\u00bb\u00a0\u00bb row_type=\u00a0\u00bbrow\u00a0\u00bb use_row_as_full_screen_section=\u00a0\u00bbno\u00a0\u00bb type=\u00a0\u00bbgrid\u00a0\u00bb angled_section=\u00a0\u00bbno\u00a0\u00bb text_align=\u00a0\u00bbleft\u00a0\u00bb background_image_as_pattern=\u00a0\u00bbwithout_pattern\u00a0\u00bb z_index=\u00a0\u00bb\u00a0\u00bb padding_top=\u00a0\u00bb50&Prime; padding_bottom=\u00a0\u00bb50&Prime;][vc_column][vc_empty_space][vc_column_text] Acc\u00e9dez \u00e0 la cyber-s\u00e9r\u00e9nit\u00e9 avec l&rsquo;offre de services Stormshield [\/vc_column_text][vc_empty_space][\/vc_column][\/vc_row][vc_row css_animation=\u00a0\u00bb\u00a0\u00bb row_type=\u00a0\u00bbrow\u00a0\u00bb use_row_as_full_screen_section=\u00a0\u00bbno\u00a0\u00bb type=\u00a0\u00bbgrid\u00a0\u00bb angled_section=\u00a0\u00bbno\u00a0\u00bb text_align=\u00a0\u00bbleft\u00a0\u00bb background_image_as_pattern=\u00a0\u00bbwithout_pattern\u00a0\u00bb z_index=\u00a0\u00bb\u00a0\u00bb padding_bottom=\u00a0\u00bb50&Prime;][vc_column][vc_column_text]La s\u00e9curit\u00e9 informatique n\u2019est pas un long fleuve tranquille. L\u2019\u00e9volution des menaces n\u00e9cessite de penser la&#8230;<\/p>\n","protected":false},"author":1,"featured_media":0,"parent":221042,"menu_order":208,"comment_status":"closed","ping_status":"closed","template":"full_width.php","meta":{"_acf_changed":false,"footnotes":""},"class_list":["post-22206","page","type-page","status-publish","hentry"],"acf":[],"yoast_head":"<!-- This site is optimized with the Yoast SEO plugin v27.0 - https:\/\/yoast.com\/product\/yoast-seo-wordpress\/ -->\n<title>Des services de proximit\u00e9 pour vous accompagner | Stormshield<\/title>\n<meta name=\"description\" content=\"D\u00e9couvrez la large gamme de services de Stormshield. Maintenance, support technique, formation : un pas de plus vers la cyber-s\u00e9r\u00e9nit\u00e9 !\" \/>\n<meta name=\"robots\" content=\"index, follow, max-snippet:-1, max-image-preview:large, max-video-preview:-1\" \/>\n<link rel=\"canonical\" href=\"https:\/\/www.stormshield.com\/fr\/besoin-accompagnement\/services\/\" \/>\n<meta property=\"og:locale\" content=\"fr_FR\" \/>\n<meta property=\"og:type\" content=\"article\" \/>\n<meta property=\"og:title\" content=\"Des services de proximit\u00e9 pour vous accompagner | Stormshield\" \/>\n<meta property=\"og:description\" content=\"D\u00e9couvrez la large gamme de services de Stormshield. Maintenance, support technique, formation : un pas de plus vers la cyber-s\u00e9r\u00e9nit\u00e9 !\" \/>\n<meta property=\"og:url\" content=\"https:\/\/www.stormshield.com\/fr\/besoin-accompagnement\/services\/\" \/>\n<meta property=\"og:site_name\" content=\"Stormshield\" \/>\n<meta property=\"article:modified_time\" content=\"2025-10-27T07:43:30+00:00\" \/>\n<meta property=\"og:image\" content=\"https:\/\/www.stormshield.com\/wp-content\/uploads\/stormshield_logo.png\" \/>\n\t<meta property=\"og:image:width\" content=\"204\" \/>\n\t<meta property=\"og:image:height\" content=\"94\" \/>\n\t<meta property=\"og:image:type\" content=\"image\/png\" \/>\n<meta name=\"twitter:card\" content=\"summary_large_image\" \/>\n<meta name=\"twitter:site\" content=\"@Stormshield\" \/>\n<meta name=\"twitter:label1\" content=\"Dur\u00e9e de lecture estim\u00e9e\" \/>\n\t<meta name=\"twitter:data1\" content=\"5 minutes\" \/>\n<script type=\"application\/ld+json\" class=\"yoast-schema-graph\">{\"@context\":\"https:\/\/schema.org\",\"@graph\":[{\"@type\":\"WebPage\",\"@id\":\"https:\/\/www.stormshield.com\/fr\/besoin-accompagnement\/services\/\",\"url\":\"https:\/\/www.stormshield.com\/fr\/besoin-accompagnement\/services\/\",\"name\":\"Des services de proximit\u00e9 pour vous accompagner | Stormshield\",\"isPartOf\":{\"@id\":\"https:\/\/www.stormshield.com\/fr\/#website\"},\"datePublished\":\"2016-12-05T15:24:25+00:00\",\"dateModified\":\"2025-10-27T07:43:30+00:00\",\"description\":\"D\u00e9couvrez la large gamme de services de Stormshield. Maintenance, support technique, formation : un pas de plus vers la cyber-s\u00e9r\u00e9nit\u00e9 !\",\"breadcrumb\":{\"@id\":\"https:\/\/www.stormshield.com\/fr\/besoin-accompagnement\/services\/#breadcrumb\"},\"inLanguage\":\"fr-FR\",\"potentialAction\":[{\"@type\":\"ReadAction\",\"target\":[\"https:\/\/www.stormshield.com\/fr\/besoin-accompagnement\/services\/\"]}]},{\"@type\":\"BreadcrumbList\",\"@id\":\"https:\/\/www.stormshield.com\/fr\/besoin-accompagnement\/services\/#breadcrumb\",\"itemListElement\":[{\"@type\":\"ListItem\",\"position\":1,\"name\":\"Home\",\"item\":\"https:\/\/www.stormshield.com\/fr\/\"},{\"@type\":\"ListItem\",\"position\":2,\"name\":\"Notre accompagnement\",\"item\":\"https:\/\/www.stormshield.com\/fr\/besoin-accompagnement\/\"},{\"@type\":\"ListItem\",\"position\":3,\"name\":\"Services\"}]},{\"@type\":\"WebSite\",\"@id\":\"https:\/\/www.stormshield.com\/fr\/#website\",\"url\":\"https:\/\/www.stormshield.com\/fr\/\",\"name\":\"Stormshield\",\"description\":\"Stormshield\",\"potentialAction\":[{\"@type\":\"SearchAction\",\"target\":{\"@type\":\"EntryPoint\",\"urlTemplate\":\"https:\/\/www.stormshield.com\/fr\/?s={search_term_string}\"},\"query-input\":{\"@type\":\"PropertyValueSpecification\",\"valueRequired\":true,\"valueName\":\"search_term_string\"}}],\"inLanguage\":\"fr-FR\"}]}<\/script>\n<!-- \/ Yoast SEO plugin. -->","yoast_head_json":{"title":"Des services de proximit\u00e9 pour vous accompagner | Stormshield","description":"D\u00e9couvrez la large gamme de services de Stormshield. Maintenance, support technique, formation : un pas de plus vers la cyber-s\u00e9r\u00e9nit\u00e9 !","robots":{"index":"index","follow":"follow","max-snippet":"max-snippet:-1","max-image-preview":"max-image-preview:large","max-video-preview":"max-video-preview:-1"},"canonical":"https:\/\/www.stormshield.com\/fr\/besoin-accompagnement\/services\/","og_locale":"fr_FR","og_type":"article","og_title":"Des services de proximit\u00e9 pour vous accompagner | Stormshield","og_description":"D\u00e9couvrez la large gamme de services de Stormshield. Maintenance, support technique, formation : un pas de plus vers la cyber-s\u00e9r\u00e9nit\u00e9 !","og_url":"https:\/\/www.stormshield.com\/fr\/besoin-accompagnement\/services\/","og_site_name":"Stormshield","article_modified_time":"2025-10-27T07:43:30+00:00","og_image":[{"width":204,"height":94,"url":"https:\/\/www.stormshield.com\/wp-content\/uploads\/stormshield_logo.png","type":"image\/png"}],"twitter_card":"summary_large_image","twitter_site":"@Stormshield","twitter_misc":{"Dur\u00e9e de lecture estim\u00e9e":"5 minutes"},"schema":{"@context":"https:\/\/schema.org","@graph":[{"@type":"WebPage","@id":"https:\/\/www.stormshield.com\/fr\/besoin-accompagnement\/services\/","url":"https:\/\/www.stormshield.com\/fr\/besoin-accompagnement\/services\/","name":"Des services de proximit\u00e9 pour vous accompagner | Stormshield","isPartOf":{"@id":"https:\/\/www.stormshield.com\/fr\/#website"},"datePublished":"2016-12-05T15:24:25+00:00","dateModified":"2025-10-27T07:43:30+00:00","description":"D\u00e9couvrez la large gamme de services de Stormshield. Maintenance, support technique, formation : un pas de plus vers la cyber-s\u00e9r\u00e9nit\u00e9 !","breadcrumb":{"@id":"https:\/\/www.stormshield.com\/fr\/besoin-accompagnement\/services\/#breadcrumb"},"inLanguage":"fr-FR","potentialAction":[{"@type":"ReadAction","target":["https:\/\/www.stormshield.com\/fr\/besoin-accompagnement\/services\/"]}]},{"@type":"BreadcrumbList","@id":"https:\/\/www.stormshield.com\/fr\/besoin-accompagnement\/services\/#breadcrumb","itemListElement":[{"@type":"ListItem","position":1,"name":"Home","item":"https:\/\/www.stormshield.com\/fr\/"},{"@type":"ListItem","position":2,"name":"Notre accompagnement","item":"https:\/\/www.stormshield.com\/fr\/besoin-accompagnement\/"},{"@type":"ListItem","position":3,"name":"Services"}]},{"@type":"WebSite","@id":"https:\/\/www.stormshield.com\/fr\/#website","url":"https:\/\/www.stormshield.com\/fr\/","name":"Stormshield","description":"Stormshield","potentialAction":[{"@type":"SearchAction","target":{"@type":"EntryPoint","urlTemplate":"https:\/\/www.stormshield.com\/fr\/?s={search_term_string}"},"query-input":{"@type":"PropertyValueSpecification","valueRequired":true,"valueName":"search_term_string"}}],"inLanguage":"fr-FR"}]}},"_links":{"self":[{"href":"https:\/\/www.stormshield.com\/fr\/wp-json\/wp\/v2\/pages\/22206","targetHints":{"allow":["GET"]}}],"collection":[{"href":"https:\/\/www.stormshield.com\/fr\/wp-json\/wp\/v2\/pages"}],"about":[{"href":"https:\/\/www.stormshield.com\/fr\/wp-json\/wp\/v2\/types\/page"}],"author":[{"embeddable":true,"href":"https:\/\/www.stormshield.com\/fr\/wp-json\/wp\/v2\/users\/1"}],"replies":[{"embeddable":true,"href":"https:\/\/www.stormshield.com\/fr\/wp-json\/wp\/v2\/comments?post=22206"}],"version-history":[{"count":29,"href":"https:\/\/www.stormshield.com\/fr\/wp-json\/wp\/v2\/pages\/22206\/revisions"}],"predecessor-version":[{"id":691629,"href":"https:\/\/www.stormshield.com\/fr\/wp-json\/wp\/v2\/pages\/22206\/revisions\/691629"}],"up":[{"embeddable":true,"href":"https:\/\/www.stormshield.com\/fr\/wp-json\/wp\/v2\/pages\/221042"}],"wp:attachment":[{"href":"https:\/\/www.stormshield.com\/fr\/wp-json\/wp\/v2\/media?parent=22206"}],"curies":[{"name":"wp","href":"https:\/\/api.w.org\/{rel}","templated":true}]}}