{"id":221100,"date":"2021-09-27T14:56:40","date_gmt":"2021-09-27T13:56:40","guid":{"rendered":"https:\/\/www.stormshield.com\/?page_id=221100"},"modified":"2024-11-12T16:41:52","modified_gmt":"2024-11-12T15:41:52","slug":"facility-management-warehouse","status":"publish","type":"page","link":"https:\/\/www.stormshield.com\/fr\/produits-et-services\/par-secteur-activite\/facility-management-warehouse\/","title":{"rendered":"Facility Management &#038; Warehouse"},"content":{"rendered":"<div class=\"wpb-content-wrapper\"><p>[vc_row css_animation=\"\" row_type=\"row\" use_row_as_full_screen_section=\"no\" type=\"grid\" angled_section=\"no\" text_align=\"left\" background_image_as_pattern=\"without_pattern\" z_index=\"\" padding_top=\"50\" padding_bottom=\"50\"][vc_column][vc_empty_space][vc_column_text]<\/p>\n<h1 style=\"text-align: center;\"><span style=\"color: #00aaf5;\"><span style=\"font-weight: 900; font-size: 1.5em;\">Facility Management, logistique et cybers\u00e9curit\u00e9<\/span><\/span><span style=\"color: #00aaf5;\"><span style=\"font-weight: 300; font-size: 1.5em;\">\u00a0: la ma\u00eetrise des r\u00e9seaux connect\u00e9s et intelligents<\/span><\/span><\/h1>\n<p>[\/vc_column_text][vc_empty_space][\/vc_column][\/vc_row][vc_row css_animation=\"\" row_type=\"row\" use_row_as_full_screen_section=\"no\" type=\"grid\" angled_section=\"no\" text_align=\"left\" background_image_as_pattern=\"without_pattern\" z_index=\"\" padding_top=\"50\" padding_bottom=\"50\"][vc_column][vc_row_inner row_type=\"row\" type=\"full_width\" text_align=\"left\" css_animation=\"\"][vc_column_inner width=\"2\/3\"][vc_column_text]<span style=\"color: #000; font-size: 1.1em;\"><strong>Avec l\u2019av\u00e8nement du Smart Building, la gestion technique des b\u00e2timents repose de plus en plus sur des r\u00e9seaux informatiques et op\u00e9rationnels interconnect\u00e9s, complexes et sensibles.<\/strong> D\u00e8s lors, comment parer des cyberattaques aux cons\u00e9quences mat\u00e9rielles et humaines potentiellement majeures\u00a0?<\/span>[\/vc_column_text][vc_empty_space][\/vc_column_inner][vc_column_inner width=\"1\/3\"][vc_empty_space][vc_single_image image=\"456863\" alignment=\"center\" css=\"\" qode_css_animation=\"\" qode_hover_animation=\"zoom_in\"][\/vc_column_inner][\/vc_row_inner][\/vc_column][\/vc_row][vc_row css_animation=\"\" row_type=\"row\" use_row_as_full_screen_section=\"no\" type=\"grid\" angled_section=\"no\" text_align=\"left\" background_image_as_pattern=\"without_pattern\" z_index=\"\" padding_bottom=\"50\" el_class=\"fond_gris\" padding_top=\"50\"][vc_column][vc_row_inner row_type=\"row\" type=\"full_width\" text_align=\"left\" css_animation=\"\"][vc_column_inner][vc_column_text]<\/p>\n<h2><span style=\"color: #000; font-size: 1.2em; font-weight: 900;\">B\u00e2timents et entrep\u00f4ts\u00a0: attention aux cyber-menaces<\/span><\/h2>\n<p><span style=\"color: #000; font-size: 1.1em;\"><strong>Supply Chain et entrep\u00f4ts automatis\u00e9s, gestion technique connect\u00e9e (GTC\/GTB)\u2026 la logistique devient intelligente et comporte des risques critiques en mati\u00e8re de cybers\u00e9curit\u00e9.<\/strong> Ainsi, b\u00e2timents et entrep\u00f4ts sont susceptibles de pr\u00eater le flanc \u00e0 des cyberattaques touchant diff\u00e9rentes installations\u00a0: ascenseurs, sorties de secours, portes coupe-feu, portiques, alarmes incendie, climatisation, chauffage, vid\u00e9osurveillance\u2026Ces cyber-menaces peuvent alors conduire \u00e0 d\u2019importants d\u00e9g\u00e2ts mat\u00e9riels ou, plus grave encore, occasionner des atteintes physiques aux personnes.<\/span>[\/vc_column_text][vc_empty_space][\/vc_column_inner][\/vc_row_inner][\/vc_column][\/vc_row][vc_row css_animation=\"\" row_type=\"row\" use_row_as_full_screen_section=\"no\" type=\"grid\" angled_section=\"no\" text_align=\"left\" background_image_as_pattern=\"without_pattern\" z_index=\"\" padding_top=\"50\" padding_bottom=\"50\"][vc_column][vc_row_inner row_type=\"row\" type=\"full_width\" text_align=\"left\" css_animation=\"\"][vc_column_inner][vc_column_text]<\/p>\n<h2><span style=\"color: #000; font-size: 1.2em; font-weight: 900;\">Des solutions Stormshield adapt\u00e9es, compl\u00e8tes et \u00e9volutives<\/span><\/h2>\n<p><span style=\"color: #000; font-size: 1.1em;\">Pour vous pr\u00e9munir des attaques contre les composants du r\u00e9seau OT, les postes de contr\u00f4le et garantir la performance et la disponibilit\u00e9 des r\u00e9seaux, Stormshield vous propose un large \u00e9ventail de solutions \u00e0 travers des produits certifi\u00e9s au plus haut niveau europ\u00e9en.<\/span>[\/vc_column_text][vc_empty_space][\/vc_column_inner][\/vc_row_inner][vc_row_inner row_type=\"row\" type=\"full_width\" text_align=\"left\" css_animation=\"\"][vc_column_inner width=\"1\/3\"][vc_column_text]<\/p>\n<h3><span style=\"color: #000; font-size: 1.1em; font-weight: 400;\">Prot\u00e9gez vos r\u00e9seaux<\/span><\/h3>\n<p><span style=\"color: #000; font-size: 1.1em;\">Avec les firewalls Stormshield Network Security (<strong>SNS<\/strong>), vous r\u00e9alisez la segmentation r\u00e9seau, l\u2019analyse approfondie et contextuelle des protocoles OT (dont Profinet) pour pr\u00e9venir des attaques connues et inconnues. Vous assurez \u00e9galement le contr\u00f4le fin des messages autoris\u00e9s et ajoutez des signatures personnalis\u00e9es (<em>custom patterns<\/em>) \u00e0 votre politique de s\u00e9curit\u00e9.<\/span>[\/vc_column_text][vc_empty_space]<a  itemprop=\"url\" href=\"https:\/\/www.stormshield.com\/fr\/produits-et-services\/produits\/protection-des-reseaux\/nos-produits\/\" target=\"_blank\" data-hover-background-color=\"#d23467\" data-hover-border-color=\"#d23467\" class=\"qbutton  left white enlarge\" style=\"border-color: #ffffff; background-color:#060051;\">D\u00e9couvrez les firewalls SNS<i class=\"qode_icon_font_awesome fa fa-angle-right qode_button_icon_element\"><\/i><\/a>[vc_empty_space][\/vc_column_inner][vc_column_inner width=\"1\/3\"][vc_column_text]<\/p>\n<h3><span style=\"color: #000; font-size: 1.1em; font-weight: 400;\">Bloquez les attaques<\/span><\/h3>\n<p><span style=\"color: #000; font-size: 1.1em;\">Avec notre solution de protection des postes Stormshield Endpoint Security (<strong>SES<\/strong>), vous \u00e9levez le niveau s\u00e9curit\u00e9 gr\u00e2ce \u00e0 une architecture logicielle renforc\u00e9e. De la sorte, vous bloquez les cyberattaques avanc\u00e9es ciblant les postes de contr\u00f4le. Et profitez d\u2019une protection contextuelle pour les techniciens nomades.<\/span>[\/vc_column_text][vc_empty_space]<a  itemprop=\"url\" href=\"https:\/\/www.stormshield.com\/fr\/produits-et-services\/produits\/protection-des-postes-et-serveurs\/stormshield-endpoint-security\/\" target=\"_blank\" data-hover-background-color=\"#d23467\" data-hover-border-color=\"#d23467\" class=\"qbutton  left white enlarge\" style=\"border-color: #ffffff; background-color:#060051;\">D\u00e9couvrez la solution EDR SES<i class=\"qode_icon_font_awesome fa fa-angle-right qode_button_icon_element\"><\/i><\/a>[vc_empty_space][\/vc_column_inner][vc_column_inner width=\"1\/3\" css=\".vc_custom_1713882353421{padding-right: 32px !important;padding-bottom: 32px !important;padding-left: 32px !important;background-color: #f9f9f9 !important;}\"][vc_column_text]<\/p>\n<h3><span style=\"color: #000; font-size: 1.1em; font-weight: 400;\">S\u00e9curisez vos infrastructures<\/span><\/h3>\n<p><span style=\"color: #000; font-size: 1.1em;\">Pour les environnements op\u00e9rationnels, vous b\u00e9n\u00e9ficiez avec <strong>nos firewalls industriels<\/strong> d\u00e9di\u00e9s d\u2019un mode <em>bypass<\/em> qui assure \u00e0 votre infrastructure une s\u00fbret\u00e9 de fonctionnement. De plus, en milieu hostile et contraint, nos produits se distinguent par leur forte r\u00e9sistance.<\/span>[\/vc_column_text][vc_empty_space]<a  itemprop=\"url\" href=\"https:\/\/www.stormshield.com\/fr\/produits-et-services\/produits\/protection-industrielle\/gamme-ot\/\" target=\"_blank\" data-hover-background-color=\"#d23467\" data-hover-border-color=\"#d23467\" class=\"qbutton  left white enlarge\" style=\"border-color: #ffffff; background-color:#060051;\">D\u00e9couvrez les firewalls industriels<i class=\"qode_icon_font_awesome fa fa-angle-right qode_button_icon_element\"><\/i><\/a>[vc_empty_space][\/vc_column_inner][\/vc_row_inner][\/vc_column][\/vc_row][vc_row css_animation=\"\" row_type=\"row\" use_row_as_full_screen_section=\"no\" type=\"grid\" angled_section=\"no\" text_align=\"left\" background_image_as_pattern=\"without_pattern\" z_index=\"\" padding_top=\"50\" padding_bottom=\"50\" el_class=\"fond_gris\"][vc_column][vc_row_inner row_type=\"row\" type=\"full_width\" text_align=\"left\" css_animation=\"\"][vc_column_inner][vc_column_text]<\/p>\n<h2><span style=\"color: #000; font-size: 1.2em; font-weight: 900;\">Facilitez les interventions \u00e0 distance et la maintenance<\/span><\/h2>\n<p><span style=\"color: #000; font-size: 1.1em;\"><strong>Le besoin d\u2019intervention (maintenance, r\u00e9action rapide suite \u00e0 un incident dans ces b\u00e2timents) parfois sans possibilit\u00e9 d\u2019acc\u00e8s physique imm\u00e9diat et le nombre \u00e9lev\u00e9 de sous-traitants n\u00e9cessaires au GTC\/GTB peuvent causer des br\u00e8ches de s\u00e9curit\u00e9.<\/strong> Qui plus est, dans des b\u00e2timents plus anciens qui sont souvent des environnements physiques \u00e0 contraintes importantes (temp\u00e9rature, poussi\u00e8re, humidit\u00e9\u2026) et diff\u00e9rents des environnements IT classiques, il est parfois n\u00e9cessaire, pour prot\u00e9ger les donn\u00e9es, d\u2019installer les \u00e9l\u00e9ments de s\u00e9curit\u00e9 au plus proche des \u00e9l\u00e9ments sans baie IT.<\/span><\/p>\n<p><span style=\"color: #000; font-size: 1.1em;\">Pour fournir un acc\u00e8s distant aux techniciens ou \u00e0 des prestataires tiers, sans cr\u00e9er de br\u00e8ches de s\u00e9curit\u00e9, plusieurs solutions d\u2019offrent \u00e0 vous. Comme la gamme Stormshield Network Security (<strong>SNS<\/strong>)\u00a0et ses fonctionnalit\u00e9s VPN nomades SSL ou IPSec et sa fonctionnalit\u00e9 d\u2019authentification des utilisateurs sur flux r\u00e9seaux. Avec la solution Stormshield Endpoint Security (<strong>SES<\/strong>), vous assurez aussi la protection contextuelle des postes pour techniciens nomades.<\/span>[\/vc_column_text][vc_empty_space][\/vc_column_inner][\/vc_row_inner][\/vc_column][\/vc_row][vc_row css_animation=\"\" row_type=\"row\" use_row_as_full_screen_section=\"no\" type=\"grid\" angled_section=\"no\" text_align=\"left\" background_image_as_pattern=\"without_pattern\" z_index=\"\" padding_top=\"50\" padding_bottom=\"50\"][vc_column][vc_row_inner row_type=\"row\" type=\"full_width\" text_align=\"left\" css_animation=\"\"][vc_column_inner][vc_column_text]<\/p>\n<h2><span style=\"color: #000; font-size: 1.2em; font-weight: 900;\">La donn\u00e9e et sa ma\u00eetrise au c\u0153ur de la s\u00e9curit\u00e9 des b\u00e2timents<\/span><\/h2>\n<p><span style=\"color: #000; font-size: 1.1em;\">La GTC\/GTB repose sur de nombreuses informations \u00e9chang\u00e9es entre plusieurs sites distants ou au sein d\u2019un m\u00eame site. Elle assure le contr\u00f4le du bon fonctionnement des services, en int\u00e9grant la dispersion g\u00e9ographique des entrep\u00f4ts. <strong>Pour garantir la protection des informations \u00e9chang\u00e9es, il faut \u00e9tablir des canaux de communication de confiance<\/strong> (authentification, confidentialit\u00e9, int\u00e9grit\u00e9), c\u2019est-\u00e0-dire fond\u00e9es sur un chiffrement des donn\u00e9es. De m\u00eame, il faut pouvoir d\u00e9ployer et g\u00e9rer facilement des \u00e9quipements de s\u00e9curit\u00e9 dans une infrastructure d\u2019envergure, avec une \u00e9quipe d\u2019administrateurs de taille importante mais sans experts locaux. <\/span><span style=\"color: #000; font-size: 1.1em;\">Pour cela, appuyez-vous nos outils d\u2019aide \u00e0 la gestion de la gamme SNS. La solution Stormshield Management Center (<strong>SMC<\/strong>) r\u00e9pondra \u00e0 vos besoins de gestion centralis\u00e9e de s\u00e9curit\u00e9 pour des infrastructures multi-sites, tandis que la solution Stormshield Log Supervisor (<strong>SLS<\/strong>) vous permettra de b\u00e9n\u00e9ficier d\u2019une solution de log management. Et ainsi disposer d\u2019une visibilit\u00e9 globale des journaux d\u2019\u00e9v\u00e9nements (logs) de vos firewalls <strong>SNS<\/strong> et de la gestion des incidents.<\/span><\/p>\n<p><span style=\"color: #000; font-size: 1.1em;\">Avec l'offre <strong>Stormshield XDR<\/strong>, combinez efficacement les solutions Stormshield entre elles. Soyez notifi\u00e9s des incidents \u00e0 partir des analyses sur vos terminaux, r\u00e9seaux, fichiers web et emails avant de g\u00e9rer la r\u00e9ponse avec vos diff\u00e9rents produits de s\u00e9curit\u00e9, pilot\u00e9e par une gestion centralis\u00e9e d\u2019incidents. Une combinaison id\u00e9ale pour vous alerter en temps r\u00e9el et piloter une r\u00e9ponse rapide et p\u00e9renne \u00e0 la fois sur le r\u00e9seau et sur les terminaux.<\/span>[\/vc_column_text][vc_empty_space]<a  itemprop=\"url\" href=\"https:\/\/www.stormshield.com\/fr\/produits-et-services\/produits\/protection-des-reseaux\/outil-administration-sns\/sls-stormshield-log-supervisor\/\" target=\"_blank\" data-hover-background-color=\"#d23467\" data-hover-border-color=\"#d23467\" class=\"qbutton  left white enlarge\" style=\"border-color: #ffffff; background-color:#060051;\">D\u00e9couvrez la solution SLS<i class=\"qode_icon_font_awesome fa fa-angle-right qode_button_icon_element\"><\/i><\/a>[vc_empty_space height=\"12px\"]<a  itemprop=\"url\" href=\"https:\/\/www.stormshield.com\/fr\/produits-et-services\/produits\/protection-des-reseaux\/outil-administration-sns\/smc-stormshield-management-center\/\" target=\"_blank\" data-hover-background-color=\"#d23467\" data-hover-border-color=\"#d23467\" class=\"qbutton  left white enlarge\" style=\"border-color: #ffffff; background-color:#060051;\">D\u00e9couvrez la solution SMC<i class=\"qode_icon_font_awesome fa fa-angle-right qode_button_icon_element\"><\/i><\/a>[vc_empty_space height=\"12px\"]<a  itemprop=\"url\" href=\"https:\/\/www.stormshield.com\/fr\/produits-et-services\/produits\/stormshield-xdr\/\" target=\"_blank\" data-hover-background-color=\"#d23467\" data-hover-border-color=\"#d23467\" class=\"qbutton  left white enlarge\" style=\"border-color: #ffffff; background-color:#060051;\">D\u00e9couvrez l'offre Stormshield XDR<i class=\"qode_icon_font_awesome fa fa-angle-right qode_button_icon_element\"><\/i><\/a>[vc_empty_space][\/vc_column_inner][\/vc_row_inner][\/vc_column][\/vc_row][vc_row css_animation=\"\" row_type=\"row\" use_row_as_full_screen_section=\"no\" type=\"grid\" angled_section=\"no\" text_align=\"left\" background_image_as_pattern=\"without_pattern\" z_index=\"\" background_color=\"#060051\" padding_top=\"100\" padding_bottom=\"100\"][vc_column][vc_column_text]<span style=\"color: #ffffff; font-size: 1.1em;\"><strong>Avec Stormshield, optez en toute cyber-s\u00e9r\u00e9nit\u00e9 pour un r\u00e9seau de communication efficace en toute situation dans vos b\u00e2timents et entrep\u00f4ts.<\/strong> Nos \u00e9quipes restent \u00e0 votre \u00e9coute pour d\u00e9crypter les besoins de votre r\u00e9seau de communication et vous apporter les solutions les plus performantes.<\/span>[\/vc_column_text][vc_empty_space]<a  itemprop=\"url\" href=\"https:\/\/www.stormshield.com\/fr\/contact\/service-commercial\/\" target=\"_self\" data-hover-background-color=\"#d23467\" data-hover-border-color=\"#d23467\" class=\"qbutton  white enlarge\" style=\"border-color: #ffffff; background-color:#00aeef;\">Contactez-nous<i class=\"qode_icon_font_awesome fa fa-angle-right qode_button_icon_element\"><\/i><\/a>[vc_empty_space][\/vc_column][\/vc_row]<\/p>\n<\/div>","protected":false},"excerpt":{"rendered":"<p>[vc_row css_animation=\u00a0\u00bb\u00a0\u00bb row_type=\u00a0\u00bbrow\u00a0\u00bb use_row_as_full_screen_section=\u00a0\u00bbno\u00a0\u00bb type=\u00a0\u00bbgrid\u00a0\u00bb angled_section=\u00a0\u00bbno\u00a0\u00bb text_align=\u00a0\u00bbleft\u00a0\u00bb background_image_as_pattern=\u00a0\u00bbwithout_pattern\u00a0\u00bb z_index=\u00a0\u00bb\u00a0\u00bb padding_top=\u00a0\u00bb50&Prime; padding_bottom=\u00a0\u00bb50&Prime;][vc_column][vc_empty_space][vc_column_text] Facility Management, logistique et cybers\u00e9curit\u00e9\u00a0: la ma\u00eetrise des r\u00e9seaux connect\u00e9s et intelligents [\/vc_column_text][vc_empty_space][\/vc_column][\/vc_row][vc_row css_animation=\u00a0\u00bb\u00a0\u00bb row_type=\u00a0\u00bbrow\u00a0\u00bb use_row_as_full_screen_section=\u00a0\u00bbno\u00a0\u00bb type=\u00a0\u00bbgrid\u00a0\u00bb angled_section=\u00a0\u00bbno\u00a0\u00bb text_align=\u00a0\u00bbleft\u00a0\u00bb background_image_as_pattern=\u00a0\u00bbwithout_pattern\u00a0\u00bb z_index=\u00a0\u00bb\u00a0\u00bb padding_top=\u00a0\u00bb50&Prime; padding_bottom=\u00a0\u00bb50&Prime;][vc_column][vc_row_inner row_type=\u00a0\u00bbrow\u00a0\u00bb type=\u00a0\u00bbfull_width\u00a0\u00bb text_align=\u00a0\u00bbleft\u00a0\u00bb css_animation=\u00a0\u00bb\u00a0\u00bb][vc_column_inner width=\u00a0\u00bb2\/3&Prime;][vc_column_text]Avec l\u2019av\u00e8nement du Smart Building, la gestion&#8230;<\/p>\n","protected":false},"author":31,"featured_media":0,"parent":11053,"menu_order":219,"comment_status":"closed","ping_status":"closed","template":"full_width.php","meta":{"_acf_changed":false,"footnotes":""},"class_list":["post-221100","page","type-page","status-publish","hentry"],"acf":[],"yoast_head":"<!-- This site is optimized with the Yoast SEO plugin v27.0 - https:\/\/yoast.com\/product\/yoast-seo-wordpress\/ -->\n<title>Cybers\u00e9curit\u00e9, facility management et logistique | Stormshield<\/title>\n<meta name=\"description\" content=\"Prot\u00e9gez vos r\u00e9seaux, bloquez les attaques et s\u00e9curisez votre infrastructure gr\u00e2ce aux solutions compl\u00e8tes et \u00e9volutives de Stormshield !\" \/>\n<meta name=\"robots\" content=\"index, follow, max-snippet:-1, max-image-preview:large, max-video-preview:-1\" \/>\n<link rel=\"canonical\" href=\"https:\/\/www.stormshield.com\/fr\/produits-et-services\/par-secteur-activite\/facility-management-warehouse\/\" \/>\n<meta property=\"og:locale\" content=\"fr_FR\" \/>\n<meta property=\"og:type\" content=\"article\" \/>\n<meta property=\"og:title\" content=\"Cybers\u00e9curit\u00e9, facility management et logistique | Stormshield\" \/>\n<meta property=\"og:description\" content=\"Prot\u00e9gez vos r\u00e9seaux, bloquez les attaques et s\u00e9curisez votre infrastructure gr\u00e2ce aux solutions compl\u00e8tes et \u00e9volutives de Stormshield !\" \/>\n<meta property=\"og:url\" content=\"https:\/\/www.stormshield.com\/fr\/produits-et-services\/par-secteur-activite\/facility-management-warehouse\/\" \/>\n<meta property=\"og:site_name\" content=\"Stormshield\" \/>\n<meta property=\"article:modified_time\" content=\"2024-11-12T15:41:52+00:00\" \/>\n<meta property=\"og:image\" content=\"https:\/\/www.stormshield.com\/wp-content\/uploads\/stormshield_logo.png\" \/>\n\t<meta property=\"og:image:width\" content=\"204\" \/>\n\t<meta property=\"og:image:height\" content=\"94\" \/>\n\t<meta property=\"og:image:type\" content=\"image\/png\" \/>\n<meta name=\"twitter:card\" content=\"summary_large_image\" \/>\n<meta name=\"twitter:site\" content=\"@Stormshield\" \/>\n<meta name=\"twitter:label1\" content=\"Dur\u00e9e de lecture estim\u00e9e\" \/>\n\t<meta name=\"twitter:data1\" content=\"5 minutes\" \/>\n<script type=\"application\/ld+json\" class=\"yoast-schema-graph\">{\"@context\":\"https:\/\/schema.org\",\"@graph\":[{\"@type\":\"WebPage\",\"@id\":\"https:\/\/www.stormshield.com\/fr\/produits-et-services\/par-secteur-activite\/facility-management-warehouse\/\",\"url\":\"https:\/\/www.stormshield.com\/fr\/produits-et-services\/par-secteur-activite\/facility-management-warehouse\/\",\"name\":\"Cybers\u00e9curit\u00e9, facility management et logistique | Stormshield\",\"isPartOf\":{\"@id\":\"https:\/\/www.stormshield.com\/fr\/#website\"},\"datePublished\":\"2021-09-27T13:56:40+00:00\",\"dateModified\":\"2024-11-12T15:41:52+00:00\",\"description\":\"Prot\u00e9gez vos r\u00e9seaux, bloquez les attaques et s\u00e9curisez votre infrastructure gr\u00e2ce aux solutions compl\u00e8tes et \u00e9volutives de Stormshield !\",\"breadcrumb\":{\"@id\":\"https:\/\/www.stormshield.com\/fr\/produits-et-services\/par-secteur-activite\/facility-management-warehouse\/#breadcrumb\"},\"inLanguage\":\"fr-FR\",\"potentialAction\":[{\"@type\":\"ReadAction\",\"target\":[\"https:\/\/www.stormshield.com\/fr\/produits-et-services\/par-secteur-activite\/facility-management-warehouse\/\"]}]},{\"@type\":\"BreadcrumbList\",\"@id\":\"https:\/\/www.stormshield.com\/fr\/produits-et-services\/par-secteur-activite\/facility-management-warehouse\/#breadcrumb\",\"itemListElement\":[{\"@type\":\"ListItem\",\"position\":1,\"name\":\"Home\",\"item\":\"https:\/\/www.stormshield.com\/fr\/\"},{\"@type\":\"ListItem\",\"position\":2,\"name\":\"Produits &amp; Solutions\",\"item\":\"https:\/\/www.stormshield.com\/fr\/produits-et-services\/\"},{\"@type\":\"ListItem\",\"position\":3,\"name\":\"Par secteur d&#8217;activit\u00e9\",\"item\":\"https:\/\/www.stormshield.com\/fr\/produits-et-services\/par-secteur-activite\/\"},{\"@type\":\"ListItem\",\"position\":4,\"name\":\"Facility Management &#038; Warehouse\"}]},{\"@type\":\"WebSite\",\"@id\":\"https:\/\/www.stormshield.com\/fr\/#website\",\"url\":\"https:\/\/www.stormshield.com\/fr\/\",\"name\":\"Stormshield\",\"description\":\"Stormshield\",\"potentialAction\":[{\"@type\":\"SearchAction\",\"target\":{\"@type\":\"EntryPoint\",\"urlTemplate\":\"https:\/\/www.stormshield.com\/fr\/?s={search_term_string}\"},\"query-input\":{\"@type\":\"PropertyValueSpecification\",\"valueRequired\":true,\"valueName\":\"search_term_string\"}}],\"inLanguage\":\"fr-FR\"}]}<\/script>\n<!-- \/ Yoast SEO plugin. -->","yoast_head_json":{"title":"Cybers\u00e9curit\u00e9, facility management et logistique | Stormshield","description":"Prot\u00e9gez vos r\u00e9seaux, bloquez les attaques et s\u00e9curisez votre infrastructure gr\u00e2ce aux solutions compl\u00e8tes et \u00e9volutives de Stormshield !","robots":{"index":"index","follow":"follow","max-snippet":"max-snippet:-1","max-image-preview":"max-image-preview:large","max-video-preview":"max-video-preview:-1"},"canonical":"https:\/\/www.stormshield.com\/fr\/produits-et-services\/par-secteur-activite\/facility-management-warehouse\/","og_locale":"fr_FR","og_type":"article","og_title":"Cybers\u00e9curit\u00e9, facility management et logistique | Stormshield","og_description":"Prot\u00e9gez vos r\u00e9seaux, bloquez les attaques et s\u00e9curisez votre infrastructure gr\u00e2ce aux solutions compl\u00e8tes et \u00e9volutives de Stormshield !","og_url":"https:\/\/www.stormshield.com\/fr\/produits-et-services\/par-secteur-activite\/facility-management-warehouse\/","og_site_name":"Stormshield","article_modified_time":"2024-11-12T15:41:52+00:00","og_image":[{"width":204,"height":94,"url":"https:\/\/www.stormshield.com\/wp-content\/uploads\/stormshield_logo.png","type":"image\/png"}],"twitter_card":"summary_large_image","twitter_site":"@Stormshield","twitter_misc":{"Dur\u00e9e de lecture estim\u00e9e":"5 minutes"},"schema":{"@context":"https:\/\/schema.org","@graph":[{"@type":"WebPage","@id":"https:\/\/www.stormshield.com\/fr\/produits-et-services\/par-secteur-activite\/facility-management-warehouse\/","url":"https:\/\/www.stormshield.com\/fr\/produits-et-services\/par-secteur-activite\/facility-management-warehouse\/","name":"Cybers\u00e9curit\u00e9, facility management et logistique | Stormshield","isPartOf":{"@id":"https:\/\/www.stormshield.com\/fr\/#website"},"datePublished":"2021-09-27T13:56:40+00:00","dateModified":"2024-11-12T15:41:52+00:00","description":"Prot\u00e9gez vos r\u00e9seaux, bloquez les attaques et s\u00e9curisez votre infrastructure gr\u00e2ce aux solutions compl\u00e8tes et \u00e9volutives de Stormshield !","breadcrumb":{"@id":"https:\/\/www.stormshield.com\/fr\/produits-et-services\/par-secteur-activite\/facility-management-warehouse\/#breadcrumb"},"inLanguage":"fr-FR","potentialAction":[{"@type":"ReadAction","target":["https:\/\/www.stormshield.com\/fr\/produits-et-services\/par-secteur-activite\/facility-management-warehouse\/"]}]},{"@type":"BreadcrumbList","@id":"https:\/\/www.stormshield.com\/fr\/produits-et-services\/par-secteur-activite\/facility-management-warehouse\/#breadcrumb","itemListElement":[{"@type":"ListItem","position":1,"name":"Home","item":"https:\/\/www.stormshield.com\/fr\/"},{"@type":"ListItem","position":2,"name":"Produits &amp; Solutions","item":"https:\/\/www.stormshield.com\/fr\/produits-et-services\/"},{"@type":"ListItem","position":3,"name":"Par secteur d&#8217;activit\u00e9","item":"https:\/\/www.stormshield.com\/fr\/produits-et-services\/par-secteur-activite\/"},{"@type":"ListItem","position":4,"name":"Facility Management &#038; Warehouse"}]},{"@type":"WebSite","@id":"https:\/\/www.stormshield.com\/fr\/#website","url":"https:\/\/www.stormshield.com\/fr\/","name":"Stormshield","description":"Stormshield","potentialAction":[{"@type":"SearchAction","target":{"@type":"EntryPoint","urlTemplate":"https:\/\/www.stormshield.com\/fr\/?s={search_term_string}"},"query-input":{"@type":"PropertyValueSpecification","valueRequired":true,"valueName":"search_term_string"}}],"inLanguage":"fr-FR"}]}},"_links":{"self":[{"href":"https:\/\/www.stormshield.com\/fr\/wp-json\/wp\/v2\/pages\/221100","targetHints":{"allow":["GET"]}}],"collection":[{"href":"https:\/\/www.stormshield.com\/fr\/wp-json\/wp\/v2\/pages"}],"about":[{"href":"https:\/\/www.stormshield.com\/fr\/wp-json\/wp\/v2\/types\/page"}],"author":[{"embeddable":true,"href":"https:\/\/www.stormshield.com\/fr\/wp-json\/wp\/v2\/users\/31"}],"replies":[{"embeddable":true,"href":"https:\/\/www.stormshield.com\/fr\/wp-json\/wp\/v2\/comments?post=221100"}],"version-history":[{"count":24,"href":"https:\/\/www.stormshield.com\/fr\/wp-json\/wp\/v2\/pages\/221100\/revisions"}],"predecessor-version":[{"id":588032,"href":"https:\/\/www.stormshield.com\/fr\/wp-json\/wp\/v2\/pages\/221100\/revisions\/588032"}],"up":[{"embeddable":true,"href":"https:\/\/www.stormshield.com\/fr\/wp-json\/wp\/v2\/pages\/11053"}],"wp:attachment":[{"href":"https:\/\/www.stormshield.com\/fr\/wp-json\/wp\/v2\/media?parent=221100"}],"curies":[{"name":"wp","href":"https:\/\/api.w.org\/{rel}","templated":true}]}}