{"id":221056,"date":"2021-09-23T08:23:37","date_gmt":"2021-09-23T07:23:37","guid":{"rendered":"https:\/\/www.stormshield.com\/?page_id=221056"},"modified":"2023-11-16T09:27:08","modified_gmt":"2023-11-16T08:27:08","slug":"avec-nos-partenaires","status":"publish","type":"page","link":"https:\/\/www.stormshield.com\/fr\/besoin-accompagnement\/avec-nos-partenaires\/","title":{"rendered":"Les partenaires Stormshield"},"content":{"rendered":"<div class=\"wpb-content-wrapper\"><p>[vc_row css_animation=\"\" row_type=\"row\" use_row_as_full_screen_section=\"no\" type=\"grid\" angled_section=\"no\" text_align=\"left\" background_image_as_pattern=\"without_pattern\" z_index=\"\" padding_top=\"50\" padding_bottom=\"50\"][vc_column][vc_empty_space][vc_column_text]<\/p>\n<h1 style=\"text-align: center;\"><span style=\"color: #00aaf5;\"><span style=\"font-weight: 900; font-size: 1.5em;\">Les partenaires Stormshield, <\/span><\/span><span style=\"color: #00aaf5;\"><span style=\"font-weight: 300; font-size: 1.5em;\">un r\u00e9seau mondial de distributeurs et revendeurs<\/span><\/span><\/h1>\n<p>[\/vc_column_text][\/vc_column][\/vc_row][vc_row css_animation=\"\" row_type=\"row\" use_row_as_full_screen_section=\"no\" type=\"grid\" angled_section=\"no\" text_align=\"left\" background_image_as_pattern=\"without_pattern\" z_index=\"\" padding_bottom=\"50\"][vc_column width=\"2\/3\"][vc_empty_space][vc_column_text]<span style=\"color: #000; font-size: 1.1em;\"><strong>Voil\u00e0 pr\u00e8s de 20 ans que Stormshield entretient son r\u00e9seau de partenaires.<\/strong> Celui-ci est aujourd\u2019hui compos\u00e9 de plus de 800 distributeurs et revendeurs, pr\u00e9sents dans plus de 40 pays.<\/span><\/p>\n<p><span style=\"color: #000; font-size: 1.1em;\">L\u2019univers Stormshield, c\u2019est un <a style=\"color: #000000;\" href=\"https:\/\/www.stormshield.com\/fr\/partenaires\/trouver-un-partenaire\/\" target=\"_blank\" rel=\"noopener\">r\u00e9seau mondial de partenaires distributeurs et revendeurs<\/a>. V\u00e9ritables relais op\u00e9rationnels sur le terrain, ils concr\u00e9tisent notre strat\u00e9gie de penser \u00e0 l\u2019\u00e9chelle mondiale en agissant \u00e0 l\u2019\u00e9chelon local. Bas\u00e9e sur une confiance r\u00e9ciproque et une proximit\u00e9 de tous les instants, nous entretenons avec eux une relation forte.<\/span>[\/vc_column_text][vc_empty_space][\/vc_column][vc_column width=\"1\/3\" css=\".vc_custom_1697803119835{padding-top: 24px !important;padding-right: 24px !important;padding-bottom: 24px !important;padding-left: 24px !important;background-color: #060051 !important;}\"][vc_empty_space][vc_column_text]<span style=\"color: #ffffff; font-size: 4em;\"><strong>+800<\/strong><\/span><br \/>\n<span style=\"color: #ffffff; font-size: 1.1em;\">partenaires distributeurs et revendeurs \u00e0 travers le monde<\/span>[\/vc_column_text][vc_empty_space][\/vc_column][\/vc_row][vc_row css_animation=\"\" row_type=\"row\" use_row_as_full_screen_section=\"no\" type=\"grid\" angled_section=\"no\" text_align=\"left\" background_image_as_pattern=\"without_pattern\" z_index=\"\" padding_bottom=\"50\" css=\".vc_custom_1697804221509{background-color: #ffffff !important;}\" padding_top=\"50\"][vc_column][vc_row_inner row_type=\"row\" type=\"full_width\" text_align=\"left\" css_animation=\"\" background_color=\"#f9f9f9\" css=\".vc_custom_1697805785032{padding-top: 32px !important;padding-right: 32px !important;padding-bottom: 32px !important;padding-left: 32px !important;}\"][vc_column_inner][vc_column_text]<\/p>\n<h2><span style=\"color: #000; font-size: 1.2em; font-weight: 900;\">Un r\u00e9seau de confiance<\/span><\/h2>\n<p><span style=\"color: #000; font-size: 1.1em;\">Ces partenariats entreprise sont un gage de confiance mutuelle et traduisent un engagement commun \u00e0 co-construire les meilleures offres de services pour nos clients. Une telle collaboration suppose l\u2019obtention des certifications techniques n\u00e9cessaires pour adh\u00e9rer \u00e0 notre programme Partner Connect. La confiance num\u00e9rique est \u00e9galement indispensable dans nos relations de partenariat. <\/span><\/p>\n<p><span style=\"color: #000; font-size: 1.1em;\"><strong>Alors, envie de travailler avec des solutions europ\u00e9ennes de confiance\u00a0?<\/strong><\/span>[\/vc_column_text][vc_empty_space]<a  itemprop=\"url\" href=\"https:\/\/www.stormshield.com\/fr\/ressourcescenter\/programme-partner-connect\/\" target=\"_blank\" data-hover-background-color=\"#d23467\" data-hover-border-color=\"#ffffff\" class=\"qbutton  white enlarge\" style=\"border-color: #ffffff; background-color:#060051;\">Brochure Partner Connect<i class=\"qode_icon_font_awesome fa fa-angle-right qode_button_icon_element\"><\/i><\/a>[\/vc_column_inner][\/vc_row_inner][\/vc_column][\/vc_row][vc_row css_animation=\"\" row_type=\"row\" use_row_as_full_screen_section=\"no\" type=\"grid\" angled_section=\"no\" text_align=\"left\" background_image_as_pattern=\"without_pattern\" z_index=\"\" padding_bottom=\"50\" padding_top=\"50\"][vc_column][vc_row_inner row_type=\"row\" type=\"full_width\" text_align=\"left\" css_animation=\"\" css=\".vc_custom_1700123155302{padding-top: 32px !important;padding-right: 32px !important;padding-bottom: 32px !important;padding-left: 32px !important;}\"][vc_column_inner width=\"2\/3\"][vc_column_text]<\/p>\n<h2><span style=\"color: #000; font-size: 1.2em; font-weight: 900;\">La proximit\u00e9 au c\u0153ur de nos partenariats<\/span><\/h2>\n<p><span style=\"color: #000; font-size: 1.1em;\">Ces entreprises partenaires constituent des relais de pr\u00e9sence Stormshield partout dans le monde. D\u2019un point de vue strictement g\u00e9ographique, cela nous permet d\u2019avoir une approche march\u00e9 tr\u00e8s fine, avec un suivi local pour une meilleure r\u00e9activit\u00e9 et une adaptation de la r\u00e9ponse au contexte.<\/span><\/p>\n<p><span style=\"color: #000; font-size: 1.1em;\">Du c\u00f4t\u00e9 de la relation, la proximit\u00e9 induite par ces partenariats conduit \u00e0 une plus grande disponibilit\u00e9 et se nourrit d\u2019\u00e9changes fr\u00e9quents <a style=\"color: #000000;\" href=\"https:\/\/www.stormshield.com\/fr\/contact\/partenaires\/\" target=\"_blank\" rel=\"noopener\">avec l\u2019\u00e9quipe Channel<\/a>.<\/span>[\/vc_column_text][vc_empty_space]<a  itemprop=\"url\" href=\"https:\/\/www.stormshield.com\/fr\/contact\/partenaires\/\" target=\"_blank\" data-hover-background-color=\"#d23467\" data-hover-border-color=\"#ffffff\" class=\"qbutton  white enlarge\" style=\"border-color: #ffffff; background-color:#060051;\">Contact<i class=\"qode_icon_font_awesome fa fa-angle-right qode_button_icon_element\"><\/i><\/a>[\/vc_column_inner][vc_column_inner width=\"1\/3\"][vc_single_image image=\"456823\" img_size=\"medium\" alignment=\"center\" qode_css_animation=\"\"][\/vc_column_inner][\/vc_row_inner][\/vc_column][\/vc_row][vc_row css_animation=\"\" row_type=\"row\" use_row_as_full_screen_section=\"no\" type=\"grid\" angled_section=\"no\" text_align=\"left\" background_image_as_pattern=\"without_pattern\" z_index=\"\" padding_bottom=\"50\" css=\".vc_custom_1697804221509{background-color: #ffffff !important;}\" padding_top=\"50\"][vc_column][vc_row_inner row_type=\"row\" type=\"full_width\" text_align=\"left\" css_animation=\"\" background_color=\"#f9f9f9\" css=\".vc_custom_1697805785032{padding-top: 32px !important;padding-right: 32px !important;padding-bottom: 32px !important;padding-left: 32px !important;}\"][vc_column_inner][vc_column_text]<\/p>\n<h2><span style=\"color: #000; font-size: 1.2em; font-weight: 900;\">Trouvez votre grossiste<\/span><\/h2>\n<p><span style=\"color: #000; font-size: 1.1em;\"><strong>Partenaire revendeur, vous \u00eates \u00e0 la recherche d\u2019un grossiste\u00a0?<\/strong> Trouvez votre distributeur Stormshield en deux clics gr\u00e2ce \u00e0 notre outil de recherche.<\/span>[\/vc_column_text][vc_empty_space]<a  itemprop=\"url\" href=\"https:\/\/www.stormshield.com\/fr\/partenaires\/trouver-un-partenaire\/\" target=\"_blank\" data-hover-background-color=\"#d23467\" data-hover-border-color=\"#ffffff\" class=\"qbutton  white enlarge\" style=\"border-color: #ffffff; background-color:#060051;\">Partner Finder<i class=\"qode_icon_font_awesome fa fa-angle-right qode_button_icon_element\"><\/i><\/a>[\/vc_column_inner][\/vc_row_inner][\/vc_column][\/vc_row]<\/p>\n<\/div>","protected":false},"excerpt":{"rendered":"<p>[vc_row css_animation=\u00a0\u00bb\u00a0\u00bb row_type=\u00a0\u00bbrow\u00a0\u00bb use_row_as_full_screen_section=\u00a0\u00bbno\u00a0\u00bb type=\u00a0\u00bbgrid\u00a0\u00bb angled_section=\u00a0\u00bbno\u00a0\u00bb text_align=\u00a0\u00bbleft\u00a0\u00bb background_image_as_pattern=\u00a0\u00bbwithout_pattern\u00a0\u00bb z_index=\u00a0\u00bb\u00a0\u00bb padding_top=\u00a0\u00bb50&Prime; padding_bottom=\u00a0\u00bb50&Prime;][vc_column][vc_empty_space][vc_column_text] Les partenaires Stormshield, un r\u00e9seau mondial de distributeurs et revendeurs [\/vc_column_text][\/vc_column][\/vc_row][vc_row css_animation=\u00a0\u00bb\u00a0\u00bb row_type=\u00a0\u00bbrow\u00a0\u00bb use_row_as_full_screen_section=\u00a0\u00bbno\u00a0\u00bb type=\u00a0\u00bbgrid\u00a0\u00bb angled_section=\u00a0\u00bbno\u00a0\u00bb text_align=\u00a0\u00bbleft\u00a0\u00bb background_image_as_pattern=\u00a0\u00bbwithout_pattern\u00a0\u00bb z_index=\u00a0\u00bb\u00a0\u00bb padding_bottom=\u00a0\u00bb50&Prime;][vc_column width=\u00a0\u00bb2\/3&Prime;][vc_empty_space][vc_column_text]Voil\u00e0 pr\u00e8s de 20 ans que Stormshield entretient son r\u00e9seau de partenaires. Celui-ci est&#8230;<\/p>\n","protected":false},"author":31,"featured_media":0,"parent":221042,"menu_order":12,"comment_status":"closed","ping_status":"closed","template":"full_width.php","meta":{"_acf_changed":false,"footnotes":""},"class_list":["post-221056","page","type-page","status-publish","hentry"],"acf":[],"yoast_head":"<!-- This site is optimized with the Yoast SEO plugin v27.3 - https:\/\/yoast.com\/product\/yoast-seo-wordpress\/ -->\n<title>Les partenaires distributeurs et revendeurs | Stormshield<\/title>\n<meta name=\"description\" content=\"Un r\u00e9seau mondial de partenaires distributeurs et revendeurs, relais sur le terrain des solutions Stormshield.\" \/>\n<meta name=\"robots\" content=\"index, follow, max-snippet:-1, max-image-preview:large, max-video-preview:-1\" \/>\n<link rel=\"canonical\" href=\"https:\/\/www.stormshield.com\/fr\/besoin-accompagnement\/avec-nos-partenaires\/\" \/>\n<meta property=\"og:locale\" content=\"fr_FR\" \/>\n<meta property=\"og:type\" content=\"article\" \/>\n<meta property=\"og:title\" content=\"Les partenaires distributeurs et revendeurs | Stormshield\" \/>\n<meta property=\"og:description\" content=\"Un r\u00e9seau mondial de partenaires distributeurs et revendeurs, relais sur le terrain des solutions Stormshield.\" \/>\n<meta property=\"og:url\" content=\"https:\/\/www.stormshield.com\/fr\/besoin-accompagnement\/avec-nos-partenaires\/\" \/>\n<meta property=\"og:site_name\" content=\"Stormshield\" \/>\n<meta property=\"article:modified_time\" content=\"2023-11-16T08:27:08+00:00\" \/>\n<meta property=\"og:image\" content=\"https:\/\/www.stormshield.com\/wp-content\/uploads\/stormshield_logo.png\" \/>\n\t<meta property=\"og:image:width\" content=\"204\" \/>\n\t<meta property=\"og:image:height\" content=\"94\" \/>\n\t<meta property=\"og:image:type\" content=\"image\/png\" \/>\n<meta name=\"twitter:card\" content=\"summary_large_image\" \/>\n<meta name=\"twitter:site\" content=\"@Stormshield\" \/>\n<meta name=\"twitter:label1\" content=\"Dur\u00e9e de lecture estim\u00e9e\" \/>\n\t<meta name=\"twitter:data1\" content=\"2 minutes\" \/>\n<script type=\"application\/ld+json\" class=\"yoast-schema-graph\">{\"@context\":\"https:\\\/\\\/schema.org\",\"@graph\":[{\"@type\":\"WebPage\",\"@id\":\"https:\\\/\\\/www.stormshield.com\\\/fr\\\/besoin-accompagnement\\\/avec-nos-partenaires\\\/\",\"url\":\"https:\\\/\\\/www.stormshield.com\\\/fr\\\/besoin-accompagnement\\\/avec-nos-partenaires\\\/\",\"name\":\"Les partenaires distributeurs et revendeurs | Stormshield\",\"isPartOf\":{\"@id\":\"https:\\\/\\\/www.stormshield.com\\\/fr\\\/#website\"},\"datePublished\":\"2021-09-23T07:23:37+00:00\",\"dateModified\":\"2023-11-16T08:27:08+00:00\",\"description\":\"Un r\u00e9seau mondial de partenaires distributeurs et revendeurs, relais sur le terrain des solutions Stormshield.\",\"breadcrumb\":{\"@id\":\"https:\\\/\\\/www.stormshield.com\\\/fr\\\/besoin-accompagnement\\\/avec-nos-partenaires\\\/#breadcrumb\"},\"inLanguage\":\"fr-FR\",\"potentialAction\":[{\"@type\":\"ReadAction\",\"target\":[\"https:\\\/\\\/www.stormshield.com\\\/fr\\\/besoin-accompagnement\\\/avec-nos-partenaires\\\/\"]}]},{\"@type\":\"BreadcrumbList\",\"@id\":\"https:\\\/\\\/www.stormshield.com\\\/fr\\\/besoin-accompagnement\\\/avec-nos-partenaires\\\/#breadcrumb\",\"itemListElement\":[{\"@type\":\"ListItem\",\"position\":1,\"name\":\"Home\",\"item\":\"https:\\\/\\\/www.stormshield.com\\\/fr\\\/\"},{\"@type\":\"ListItem\",\"position\":2,\"name\":\"Notre accompagnement\",\"item\":\"https:\\\/\\\/www.stormshield.com\\\/fr\\\/besoin-accompagnement\\\/\"},{\"@type\":\"ListItem\",\"position\":3,\"name\":\"Les partenaires Stormshield\"}]},{\"@type\":\"WebSite\",\"@id\":\"https:\\\/\\\/www.stormshield.com\\\/fr\\\/#website\",\"url\":\"https:\\\/\\\/www.stormshield.com\\\/fr\\\/\",\"name\":\"Stormshield\",\"description\":\"Stormshield\",\"potentialAction\":[{\"@type\":\"SearchAction\",\"target\":{\"@type\":\"EntryPoint\",\"urlTemplate\":\"https:\\\/\\\/www.stormshield.com\\\/fr\\\/?s={search_term_string}\"},\"query-input\":{\"@type\":\"PropertyValueSpecification\",\"valueRequired\":true,\"valueName\":\"search_term_string\"}}],\"inLanguage\":\"fr-FR\"}]}<\/script>\n<!-- \/ Yoast SEO plugin. -->","yoast_head_json":{"title":"Les partenaires distributeurs et revendeurs | Stormshield","description":"Un r\u00e9seau mondial de partenaires distributeurs et revendeurs, relais sur le terrain des solutions Stormshield.","robots":{"index":"index","follow":"follow","max-snippet":"max-snippet:-1","max-image-preview":"max-image-preview:large","max-video-preview":"max-video-preview:-1"},"canonical":"https:\/\/www.stormshield.com\/fr\/besoin-accompagnement\/avec-nos-partenaires\/","og_locale":"fr_FR","og_type":"article","og_title":"Les partenaires distributeurs et revendeurs | Stormshield","og_description":"Un r\u00e9seau mondial de partenaires distributeurs et revendeurs, relais sur le terrain des solutions Stormshield.","og_url":"https:\/\/www.stormshield.com\/fr\/besoin-accompagnement\/avec-nos-partenaires\/","og_site_name":"Stormshield","article_modified_time":"2023-11-16T08:27:08+00:00","og_image":[{"width":204,"height":94,"url":"https:\/\/www.stormshield.com\/wp-content\/uploads\/stormshield_logo.png","type":"image\/png"}],"twitter_card":"summary_large_image","twitter_site":"@Stormshield","twitter_misc":{"Dur\u00e9e de lecture estim\u00e9e":"2 minutes"},"schema":{"@context":"https:\/\/schema.org","@graph":[{"@type":"WebPage","@id":"https:\/\/www.stormshield.com\/fr\/besoin-accompagnement\/avec-nos-partenaires\/","url":"https:\/\/www.stormshield.com\/fr\/besoin-accompagnement\/avec-nos-partenaires\/","name":"Les partenaires distributeurs et revendeurs | Stormshield","isPartOf":{"@id":"https:\/\/www.stormshield.com\/fr\/#website"},"datePublished":"2021-09-23T07:23:37+00:00","dateModified":"2023-11-16T08:27:08+00:00","description":"Un r\u00e9seau mondial de partenaires distributeurs et revendeurs, relais sur le terrain des solutions Stormshield.","breadcrumb":{"@id":"https:\/\/www.stormshield.com\/fr\/besoin-accompagnement\/avec-nos-partenaires\/#breadcrumb"},"inLanguage":"fr-FR","potentialAction":[{"@type":"ReadAction","target":["https:\/\/www.stormshield.com\/fr\/besoin-accompagnement\/avec-nos-partenaires\/"]}]},{"@type":"BreadcrumbList","@id":"https:\/\/www.stormshield.com\/fr\/besoin-accompagnement\/avec-nos-partenaires\/#breadcrumb","itemListElement":[{"@type":"ListItem","position":1,"name":"Home","item":"https:\/\/www.stormshield.com\/fr\/"},{"@type":"ListItem","position":2,"name":"Notre accompagnement","item":"https:\/\/www.stormshield.com\/fr\/besoin-accompagnement\/"},{"@type":"ListItem","position":3,"name":"Les partenaires Stormshield"}]},{"@type":"WebSite","@id":"https:\/\/www.stormshield.com\/fr\/#website","url":"https:\/\/www.stormshield.com\/fr\/","name":"Stormshield","description":"Stormshield","potentialAction":[{"@type":"SearchAction","target":{"@type":"EntryPoint","urlTemplate":"https:\/\/www.stormshield.com\/fr\/?s={search_term_string}"},"query-input":{"@type":"PropertyValueSpecification","valueRequired":true,"valueName":"search_term_string"}}],"inLanguage":"fr-FR"}]}},"_links":{"self":[{"href":"https:\/\/www.stormshield.com\/fr\/wp-json\/wp\/v2\/pages\/221056","targetHints":{"allow":["GET"]}}],"collection":[{"href":"https:\/\/www.stormshield.com\/fr\/wp-json\/wp\/v2\/pages"}],"about":[{"href":"https:\/\/www.stormshield.com\/fr\/wp-json\/wp\/v2\/types\/page"}],"author":[{"embeddable":true,"href":"https:\/\/www.stormshield.com\/fr\/wp-json\/wp\/v2\/users\/31"}],"replies":[{"embeddable":true,"href":"https:\/\/www.stormshield.com\/fr\/wp-json\/wp\/v2\/comments?post=221056"}],"version-history":[{"count":21,"href":"https:\/\/www.stormshield.com\/fr\/wp-json\/wp\/v2\/pages\/221056\/revisions"}],"predecessor-version":[{"id":467351,"href":"https:\/\/www.stormshield.com\/fr\/wp-json\/wp\/v2\/pages\/221056\/revisions\/467351"}],"up":[{"embeddable":true,"href":"https:\/\/www.stormshield.com\/fr\/wp-json\/wp\/v2\/pages\/221042"}],"wp:attachment":[{"href":"https:\/\/www.stormshield.com\/fr\/wp-json\/wp\/v2\/media?parent=221056"}],"curies":[{"name":"wp","href":"https:\/\/api.w.org\/{rel}","templated":true}]}}