{"id":221042,"date":"2021-09-23T08:25:37","date_gmt":"2021-09-23T07:25:37","guid":{"rendered":"https:\/\/www.stormshield.com\/?page_id=221042"},"modified":"2023-11-16T10:49:07","modified_gmt":"2023-11-16T09:49:07","slug":"besoin-accompagnement","status":"publish","type":"page","link":"https:\/\/www.stormshield.com\/fr\/besoin-accompagnement\/","title":{"rendered":"Notre accompagnement"},"content":{"rendered":"<div class=\"wpb-content-wrapper\"><p>[vc_row css_animation=\"\" row_type=\"row\" use_row_as_full_screen_section=\"no\" type=\"grid\" angled_section=\"no\" text_align=\"left\" background_image_as_pattern=\"without_pattern\" z_index=\"\" padding_top=\"50\" padding_bottom=\"50\"][vc_column][vc_empty_space][vc_column_text]<\/p>\n<h1 style=\"text-align: center;\"><span style=\"color: #00aaf5;\"><span style=\"font-weight: 900; font-size: 1.5em;\">L'accompagnement Stormshield, <\/span><\/span><span style=\"color: #00aaf5;\"><span style=\"font-weight: 300; font-size: 1.5em;\">pour guider les entreprises et organisations vers la cyber-s\u00e9r\u00e9nit\u00e9<\/span><\/span><\/h1>\n<p>[\/vc_column_text][\/vc_column][\/vc_row][vc_row css_animation=\"\" row_type=\"row\" use_row_as_full_screen_section=\"no\" type=\"grid\" angled_section=\"no\" text_align=\"left\" background_image_as_pattern=\"without_pattern\" z_index=\"\" padding_bottom=\"50\" css=\".vc_custom_1697804221509{background-color: #ffffff !important;}\" padding_top=\"50\"][vc_column][vc_row_inner row_type=\"row\" type=\"full_width\" text_align=\"left\" css_animation=\"\" background_color=\"#f9f9f9\" css=\".vc_custom_1697805785032{padding-top: 32px !important;padding-right: 32px !important;padding-bottom: 32px !important;padding-left: 32px !important;}\"][vc_column_inner][vc_column_text]<\/p>\n<h2><span style=\"color: #000; font-size: 1.2em; font-weight: 900;\">La proximit\u00e9 d'un r\u00e9seau de partenaires<\/span><\/h2>\n<p><span style=\"color: #000; font-size: 1.1em;\">Notre cr\u00e9do chez Stormshield\u00a0? Tisser une relation privil\u00e9gi\u00e9e avec notre \u00e9cosyst\u00e8me de partenaires. Nous partageons la m\u00eame philosophie\u00a0: \u00ab\u00a0<em>s\u2019allier pour mieux prot\u00e9ger les environnements exigeants<\/em>\u00a0\u00bb.<\/span><\/p>\n<p><span style=\"color: #000; font-size: 1.1em;\">Pour vous offrir le meilleur de la cybers\u00e9curit\u00e9, nous entretenons une proximit\u00e9 forte avec <a style=\"color: #000000;\" href=\"https:\/\/www.stormshield.com\/fr\/besoin-accompagnement\/avec-nos-partenaires\/\" target=\"_blank\" rel=\"noopener\">notre r\u00e9seau de partenaires distributeurs et revendeurs<\/a> qui constitue la v\u00e9ritable colonne vert\u00e9brale de Stormshield. Notre objectif est de vous apporter le bon service au moment opportun. Nos clients finaux et partenaires <strong>b\u00e9n\u00e9ficient de services vari\u00e9s qui tendent tous vers un but commun\u00a0: la cyber-s\u00e9r\u00e9nit\u00e9.<\/strong><\/span>[\/vc_column_text][vc_empty_space]<a  itemprop=\"url\" href=\"https:\/\/www.stormshield.com\/fr\/besoin-accompagnement\/avec-nos-partenaires\/\" target=\"_blank\" data-hover-background-color=\"#d23467\" data-hover-border-color=\"#ffffff\" class=\"qbutton  white enlarge\" style=\"border-color: #ffffff; background-color:#060051;\">Partenaires<i class=\"qode_icon_font_awesome fa fa-angle-right qode_button_icon_element\"><\/i><\/a>[\/vc_column_inner][\/vc_row_inner][\/vc_column][\/vc_row][vc_row css_animation=\"\" row_type=\"row\" use_row_as_full_screen_section=\"no\" type=\"grid\" angled_section=\"no\" text_align=\"left\" background_image_as_pattern=\"without_pattern\" z_index=\"\" padding_bottom=\"50\"][vc_column width=\"2\/3\"][vc_empty_space][vc_column_text]<\/p>\n<h2><span style=\"color: #000; font-size: 1.2em; font-weight: 900;\">Des services pour r\u00e9agir rapidement \u00e0 une situation critique<\/span><\/h2>\n<p><span style=\"color: #000; font-size: 1.1em;\">Nous avons \u00e0 c\u0153ur de <strong>vous aider via <a style=\"color: #000000;\" href=\"https:\/\/www.stormshield.com\/fr\/besoin-accompagnement\/services\/\" target=\"_blank\" rel=\"noopener\">une offre de services adapt\u00e9e<\/a> \u00e0 vos besoins et r\u00e9active en cas de situations complexes,<\/strong> notamment \u00e0 travers une maintenance, un support technique et une \u00e9quipe de Services Professionnels constamment \u00e0 vos c\u00f4t\u00e9s.<\/span><\/p>\n<p><span style=\"color: #000; font-size: 1.1em;\">Conscients des pr\u00e9occupations et besoins des clients finaux, nous vous accompagnons \u00e9galement dans votre mont\u00e9e en comp\u00e9tences.<\/span>[\/vc_column_text][vc_empty_space]<a  itemprop=\"url\" href=\"https:\/\/www.stormshield.com\/fr\/besoin-accompagnement\/services\/\" target=\"_blank\" data-hover-background-color=\"#d23467\" data-hover-border-color=\"#ffffff\" class=\"qbutton  white enlarge\" style=\"border-color: #ffffff; background-color:#060051;\">Services<i class=\"qode_icon_font_awesome fa fa-angle-right qode_button_icon_element\"><\/i><\/a>[\/vc_column][vc_column width=\"1\/3\" css=\".vc_custom_1697803119835{padding-top: 24px !important;padding-right: 24px !important;padding-bottom: 24px !important;padding-left: 24px !important;background-color: #060051 !important;}\"][vc_empty_space][vc_column_text]<span style=\"color: #ffffff; font-size: 1.1em;\">Et pour vous informer quant au niveau de couverture que nos produits proposent, <strong>retrouvez notre site d\u00e9di\u00e9 \u00e0 la s\u00e9curit\u00e9 produit.<\/strong> Un site gratuit et ouvert \u00e0 tous qui permet plusieurs actions de s\u00e9curit\u00e9\u00a0: identifier si une adresse IP est pr\u00e9sente dans nos bases d\u2019IP Reputation, retrouver les protections existantes sur nos produits ou encore acc\u00e9der \u00e0 la liste des CVE d\u00e9tect\u00e9es. Avec la Threat Map, restez \u00e9galement inform\u00e9 de l'\u00e9tat de la menace cyber dans le monde en temps r\u00e9el.<\/span>[\/vc_column_text][vc_empty_space]<a  itemprop=\"url\" href=\"https:\/\/security.stormshield.eu\/\" target=\"_blank\" data-hover-background-color=\"#d23467\" data-hover-border-color=\"#ffffff\" class=\"qbutton  white enlarge\" style=\"border-color: #ffffff; background-color:#060051;\">Security Portal<i class=\"qode_icon_font_awesome fa fa-angle-right qode_button_icon_element\"><\/i><\/a>[vc_empty_space][\/vc_column][\/vc_row][vc_row css_animation=\"\" row_type=\"row\" use_row_as_full_screen_section=\"no\" type=\"grid\" angled_section=\"no\" text_align=\"left\" background_image_as_pattern=\"without_pattern\" z_index=\"\" padding_bottom=\"50\" css=\".vc_custom_1697804221509{background-color: #ffffff !important;}\" padding_top=\"50\"][vc_column][vc_row_inner row_type=\"row\" type=\"full_width\" text_align=\"left\" css_animation=\"\" css=\".vc_custom_1700123155302{padding-top: 32px !important;padding-right: 32px !important;padding-bottom: 32px !important;padding-left: 32px !important;}\"][vc_column_inner][vc_column_text]<\/p>\n<h2><span style=\"color: #000; font-size: 1.2em; font-weight: 900;\">Des formations pour nos clients et nos partenaires<\/span><\/h2>\n<p><span style=\"color: #000; font-size: 1.1em;\">Notre ADN collaboratif et les solides relations que nous entretenons avec le monde de l\u2019enseignement nous ont naturellement guid\u00e9 vers une approche p\u00e9dagogique et humaine dans cet univers tr\u00e8s technique.<\/span><\/p>\n<p><span style=\"color: #000; font-size: 1.1em;\"><a style=\"color: #000000;\" href=\"https:\/\/www.stormshield.com\/fr\/besoin-accompagnement\/services\/formations\/\" target=\"_blank\" rel=\"noopener\">Nos formations produit<\/a> vous permettent ainsi de <strong>tirer le meilleur parti de nos solutions de s\u00e9curit\u00e9<\/strong> de bout-en-bout innovantes et prot\u00e9ger les r\u00e9seaux (Stormshield Network Security), les postes de travail (Stormshield Endpoint Security) et les donn\u00e9es (Stormshield Data Security).<\/span>[\/vc_column_text][vc_empty_space]<a  itemprop=\"url\" href=\"https:\/\/www.stormshield.com\/fr\/besoin-accompagnement\/services\/formations\/\" target=\"_blank\" data-hover-background-color=\"#d23467\" data-hover-border-color=\"#ffffff\" class=\"qbutton  white enlarge\" style=\"border-color: #ffffff; background-color:#060051;\">Formations<i class=\"qode_icon_font_awesome fa fa-angle-right qode_button_icon_element\"><\/i><\/a>[\/vc_column_inner][\/vc_row_inner][\/vc_column][\/vc_row][vc_row css_animation=\"\" row_type=\"row\" use_row_as_full_screen_section=\"no\" type=\"grid\" angled_section=\"no\" text_align=\"left\" background_image_as_pattern=\"without_pattern\" z_index=\"\" padding_bottom=\"50\" padding_top=\"50\"][vc_column][vc_row_inner row_type=\"row\" type=\"full_width\" text_align=\"left\" css_animation=\"\" background_color=\"#f9f9f9\" css=\".vc_custom_1697805785032{padding-top: 32px !important;padding-right: 32px !important;padding-bottom: 32px !important;padding-left: 32px !important;}\"][vc_column_inner width=\"2\/3\"][vc_column_text]<\/p>\n<h2><span style=\"color: #000; font-size: 1.2em; font-weight: 900;\">Des contenus p\u00e9dagogiques sur la cybers\u00e9curit\u00e9<\/span><\/h2>\n<p><span style=\"color: #000; font-size: 1.1em;\">Cette approche p\u00e9dagogique se mat\u00e9rialise \u00e9galement par une s\u00e9rie de contenus que nous produisons r\u00e9guli\u00e8rement, avec de nombreux intervenants du monde de la cybers\u00e9curit\u00e9. Retrouvez ainsi <a style=\"color: #000000;\" href=\"https:\/\/www.stormshield.com\/fr\/actus\/\" target=\"_blank\" rel=\"noopener\">nos articles sur la cybers\u00e9curit\u00e9<\/a> et nourrissez votre culture cyber avec des contenus de d\u00e9cryptage.<\/span>[\/vc_column_text][vc_empty_space]<a  itemprop=\"url\" href=\"https:\/\/www.stormshield.com\/fr\/actus\/\" target=\"_blank\" data-hover-background-color=\"#d23467\" data-hover-border-color=\"#ffffff\" class=\"qbutton  white enlarge\" style=\"border-color: #ffffff; background-color:#060051;\">Actualit\u00e9s cyber<i class=\"qode_icon_font_awesome fa fa-angle-right qode_button_icon_element\"><\/i><\/a>[vc_empty_space height=\"12px\"]<a  itemprop=\"url\" href=\"https:\/\/www.stormshield.com\/fr\/livres-blancs-cybersecurite\/\" target=\"_blank\" data-hover-background-color=\"#d23467\" data-hover-border-color=\"#ffffff\" class=\"qbutton  white enlarge\" style=\"border-color: #ffffff; background-color:#060051;\">Livres blancs<i class=\"qode_icon_font_awesome fa fa-angle-right qode_button_icon_element\"><\/i><\/a>[\/vc_column_inner][vc_column_inner width=\"1\/3\"][vc_single_image image=\"456503\" img_size=\"medium\" alignment=\"center\" qode_css_animation=\"\"][\/vc_column_inner][\/vc_row_inner][\/vc_column][\/vc_row][vc_row css_animation=\"\" row_type=\"row\" use_row_as_full_screen_section=\"no\" type=\"grid\" angled_section=\"no\" text_align=\"left\" background_image_as_pattern=\"without_pattern\" z_index=\"\" padding_bottom=\"50\" css=\".vc_custom_1697804221509{background-color: #ffffff !important;}\" padding_top=\"50\"][vc_column][vc_row_inner row_type=\"row\" type=\"full_width\" text_align=\"left\" css_animation=\"\" css=\".vc_custom_1700123155302{padding-top: 32px !important;padding-right: 32px !important;padding-bottom: 32px !important;padding-left: 32px !important;}\"][vc_column_inner][vc_column_text]<\/p>\n<h2><span style=\"color: #000; font-size: 1.2em; font-weight: 900;\">\u00c0 chacun sa documentation Stormshield<\/span><\/h2>\n<p><span style=\"color: #000; font-size: 1.1em;\">Infographies, avis d\u2019experts, livres-blancs, t\u00e9moignages client, vid\u00e9os et webinaires mais aussi fiches produits et brochures\u00a0: retrouvez toute <a style=\"color: #000000;\" href=\"https:\/\/www.stormshield.com\/fr\/documentation\/\" target=\"_blank\" rel=\"noopener\">notre communication marketing<\/a>.<\/span><\/p>\n<p><span style=\"color: #000; font-size: 1.1em;\">Pour les profils plus techniques en recherche de manuels d\u2019utilisation, guides d\u2019installation et autres notes de version, vous les trouverez <a style=\"color: #000000;\" href=\"https:\/\/documentation.stormshield.eu\/\" target=\"_blank\" rel=\"noopener\">sur notre site technique<\/a>.<\/span>[\/vc_column_text][vc_empty_space]<a  itemprop=\"url\" href=\"https:\/\/www.stormshield.com\/fr\/documentation\/\" target=\"_blank\" data-hover-background-color=\"#d23467\" data-hover-border-color=\"#ffffff\" class=\"qbutton  white enlarge\" style=\"border-color: #ffffff; background-color:#060051;\">Documentation Marketing<i class=\"qode_icon_font_awesome fa fa-angle-right qode_button_icon_element\"><\/i><\/a>[vc_empty_space height=\"12px\"]<a  itemprop=\"url\" href=\"https:\/\/documentation.stormshield.eu\/\" target=\"_blank\" data-hover-background-color=\"#d23467\" data-hover-border-color=\"#ffffff\" class=\"qbutton  white enlarge\" style=\"border-color: #ffffff; background-color:#060051;\">Documentation Technique<i class=\"qode_icon_font_awesome fa fa-angle-right qode_button_icon_element\"><\/i><\/a>[\/vc_column_inner][\/vc_row_inner][\/vc_column][\/vc_row]<\/p>\n<\/div>","protected":false},"excerpt":{"rendered":"<p>[vc_row css_animation=\u00a0\u00bb\u00a0\u00bb row_type=\u00a0\u00bbrow\u00a0\u00bb use_row_as_full_screen_section=\u00a0\u00bbno\u00a0\u00bb type=\u00a0\u00bbgrid\u00a0\u00bb angled_section=\u00a0\u00bbno\u00a0\u00bb text_align=\u00a0\u00bbleft\u00a0\u00bb background_image_as_pattern=\u00a0\u00bbwithout_pattern\u00a0\u00bb z_index=\u00a0\u00bb\u00a0\u00bb padding_top=\u00a0\u00bb50&Prime; padding_bottom=\u00a0\u00bb50&Prime;][vc_column][vc_empty_space][vc_column_text] L&rsquo;accompagnement Stormshield, pour guider les entreprises et organisations vers la cyber-s\u00e9r\u00e9nit\u00e9 [\/vc_column_text][\/vc_column][\/vc_row][vc_row css_animation=\u00a0\u00bb\u00a0\u00bb row_type=\u00a0\u00bbrow\u00a0\u00bb use_row_as_full_screen_section=\u00a0\u00bbno\u00a0\u00bb type=\u00a0\u00bbgrid\u00a0\u00bb angled_section=\u00a0\u00bbno\u00a0\u00bb text_align=\u00a0\u00bbleft\u00a0\u00bb background_image_as_pattern=\u00a0\u00bbwithout_pattern\u00a0\u00bb z_index=\u00a0\u00bb\u00a0\u00bb padding_bottom=\u00a0\u00bb50&Prime; css=\u00a0\u00bb.vc_custom_1697804221509{background-color: #ffffff !important;}\u00a0\u00bb padding_top=\u00a0\u00bb50&Prime;][vc_column][vc_row_inner row_type=\u00a0\u00bbrow\u00a0\u00bb type=\u00a0\u00bbfull_width\u00a0\u00bb text_align=\u00a0\u00bbleft\u00a0\u00bb css_animation=\u00a0\u00bb\u00a0\u00bb background_color=\u00a0\u00bb#f9f9f9&Prime; css=\u00a0\u00bb.vc_custom_1697805785032{padding-top: 32px !important;padding-right: 32px&#8230;<\/p>\n","protected":false},"author":31,"featured_media":0,"parent":0,"menu_order":393,"comment_status":"closed","ping_status":"closed","template":"full_width.php","meta":{"_acf_changed":false,"footnotes":""},"class_list":["post-221042","page","type-page","status-publish","hentry"],"acf":[],"yoast_head":"<!-- This site is optimized with the Yoast SEO plugin v27.0 - https:\/\/yoast.com\/product\/yoast-seo-wordpress\/ -->\n<title>Support aux entreprises en mati\u00e8re de cybers\u00e9curit\u00e9 | Stormshield<\/title>\n<meta name=\"description\" content=\"Stormshield vous apporte un support commercial, marketing et technique. Avec un seul objectif : vous offrir le meilleur de la cybers\u00e9curit\u00e9.\" \/>\n<meta name=\"robots\" content=\"index, follow, max-snippet:-1, max-image-preview:large, max-video-preview:-1\" \/>\n<link rel=\"canonical\" href=\"https:\/\/www.stormshield.com\/fr\/besoin-accompagnement\/\" \/>\n<meta property=\"og:locale\" content=\"fr_FR\" \/>\n<meta property=\"og:type\" content=\"article\" \/>\n<meta property=\"og:title\" content=\"Support aux entreprises en mati\u00e8re de cybers\u00e9curit\u00e9 | Stormshield\" \/>\n<meta property=\"og:description\" content=\"Stormshield vous apporte un support commercial, marketing et technique. Avec un seul objectif : vous offrir le meilleur de la cybers\u00e9curit\u00e9.\" \/>\n<meta property=\"og:url\" content=\"https:\/\/www.stormshield.com\/fr\/besoin-accompagnement\/\" \/>\n<meta property=\"og:site_name\" content=\"Stormshield\" \/>\n<meta property=\"article:modified_time\" content=\"2023-11-16T09:49:07+00:00\" \/>\n<meta property=\"og:image\" content=\"https:\/\/www.stormshield.com\/wp-content\/uploads\/stormshield_logo.png\" \/>\n\t<meta property=\"og:image:width\" content=\"204\" \/>\n\t<meta property=\"og:image:height\" content=\"94\" \/>\n\t<meta property=\"og:image:type\" content=\"image\/png\" \/>\n<meta name=\"twitter:card\" content=\"summary_large_image\" \/>\n<meta name=\"twitter:site\" content=\"@Stormshield\" \/>\n<meta name=\"twitter:label1\" content=\"Dur\u00e9e de lecture estim\u00e9e\" \/>\n\t<meta name=\"twitter:data1\" content=\"3 minutes\" \/>\n<script type=\"application\/ld+json\" class=\"yoast-schema-graph\">{\"@context\":\"https:\/\/schema.org\",\"@graph\":[{\"@type\":\"WebPage\",\"@id\":\"https:\/\/www.stormshield.com\/fr\/besoin-accompagnement\/\",\"url\":\"https:\/\/www.stormshield.com\/fr\/besoin-accompagnement\/\",\"name\":\"Support aux entreprises en mati\u00e8re de cybers\u00e9curit\u00e9 | Stormshield\",\"isPartOf\":{\"@id\":\"https:\/\/www.stormshield.com\/fr\/#website\"},\"datePublished\":\"2021-09-23T07:25:37+00:00\",\"dateModified\":\"2023-11-16T09:49:07+00:00\",\"description\":\"Stormshield vous apporte un support commercial, marketing et technique. Avec un seul objectif : vous offrir le meilleur de la cybers\u00e9curit\u00e9.\",\"breadcrumb\":{\"@id\":\"https:\/\/www.stormshield.com\/fr\/besoin-accompagnement\/#breadcrumb\"},\"inLanguage\":\"fr-FR\",\"potentialAction\":[{\"@type\":\"ReadAction\",\"target\":[\"https:\/\/www.stormshield.com\/fr\/besoin-accompagnement\/\"]}]},{\"@type\":\"BreadcrumbList\",\"@id\":\"https:\/\/www.stormshield.com\/fr\/besoin-accompagnement\/#breadcrumb\",\"itemListElement\":[{\"@type\":\"ListItem\",\"position\":1,\"name\":\"Home\",\"item\":\"https:\/\/www.stormshield.com\/fr\/\"},{\"@type\":\"ListItem\",\"position\":2,\"name\":\"Notre accompagnement\"}]},{\"@type\":\"WebSite\",\"@id\":\"https:\/\/www.stormshield.com\/fr\/#website\",\"url\":\"https:\/\/www.stormshield.com\/fr\/\",\"name\":\"Stormshield\",\"description\":\"Stormshield\",\"potentialAction\":[{\"@type\":\"SearchAction\",\"target\":{\"@type\":\"EntryPoint\",\"urlTemplate\":\"https:\/\/www.stormshield.com\/fr\/?s={search_term_string}\"},\"query-input\":{\"@type\":\"PropertyValueSpecification\",\"valueRequired\":true,\"valueName\":\"search_term_string\"}}],\"inLanguage\":\"fr-FR\"}]}<\/script>\n<!-- \/ Yoast SEO plugin. -->","yoast_head_json":{"title":"Support aux entreprises en mati\u00e8re de cybers\u00e9curit\u00e9 | Stormshield","description":"Stormshield vous apporte un support commercial, marketing et technique. Avec un seul objectif : vous offrir le meilleur de la cybers\u00e9curit\u00e9.","robots":{"index":"index","follow":"follow","max-snippet":"max-snippet:-1","max-image-preview":"max-image-preview:large","max-video-preview":"max-video-preview:-1"},"canonical":"https:\/\/www.stormshield.com\/fr\/besoin-accompagnement\/","og_locale":"fr_FR","og_type":"article","og_title":"Support aux entreprises en mati\u00e8re de cybers\u00e9curit\u00e9 | Stormshield","og_description":"Stormshield vous apporte un support commercial, marketing et technique. Avec un seul objectif : vous offrir le meilleur de la cybers\u00e9curit\u00e9.","og_url":"https:\/\/www.stormshield.com\/fr\/besoin-accompagnement\/","og_site_name":"Stormshield","article_modified_time":"2023-11-16T09:49:07+00:00","og_image":[{"width":204,"height":94,"url":"https:\/\/www.stormshield.com\/wp-content\/uploads\/stormshield_logo.png","type":"image\/png"}],"twitter_card":"summary_large_image","twitter_site":"@Stormshield","twitter_misc":{"Dur\u00e9e de lecture estim\u00e9e":"3 minutes"},"schema":{"@context":"https:\/\/schema.org","@graph":[{"@type":"WebPage","@id":"https:\/\/www.stormshield.com\/fr\/besoin-accompagnement\/","url":"https:\/\/www.stormshield.com\/fr\/besoin-accompagnement\/","name":"Support aux entreprises en mati\u00e8re de cybers\u00e9curit\u00e9 | Stormshield","isPartOf":{"@id":"https:\/\/www.stormshield.com\/fr\/#website"},"datePublished":"2021-09-23T07:25:37+00:00","dateModified":"2023-11-16T09:49:07+00:00","description":"Stormshield vous apporte un support commercial, marketing et technique. Avec un seul objectif : vous offrir le meilleur de la cybers\u00e9curit\u00e9.","breadcrumb":{"@id":"https:\/\/www.stormshield.com\/fr\/besoin-accompagnement\/#breadcrumb"},"inLanguage":"fr-FR","potentialAction":[{"@type":"ReadAction","target":["https:\/\/www.stormshield.com\/fr\/besoin-accompagnement\/"]}]},{"@type":"BreadcrumbList","@id":"https:\/\/www.stormshield.com\/fr\/besoin-accompagnement\/#breadcrumb","itemListElement":[{"@type":"ListItem","position":1,"name":"Home","item":"https:\/\/www.stormshield.com\/fr\/"},{"@type":"ListItem","position":2,"name":"Notre accompagnement"}]},{"@type":"WebSite","@id":"https:\/\/www.stormshield.com\/fr\/#website","url":"https:\/\/www.stormshield.com\/fr\/","name":"Stormshield","description":"Stormshield","potentialAction":[{"@type":"SearchAction","target":{"@type":"EntryPoint","urlTemplate":"https:\/\/www.stormshield.com\/fr\/?s={search_term_string}"},"query-input":{"@type":"PropertyValueSpecification","valueRequired":true,"valueName":"search_term_string"}}],"inLanguage":"fr-FR"}]}},"_links":{"self":[{"href":"https:\/\/www.stormshield.com\/fr\/wp-json\/wp\/v2\/pages\/221042","targetHints":{"allow":["GET"]}}],"collection":[{"href":"https:\/\/www.stormshield.com\/fr\/wp-json\/wp\/v2\/pages"}],"about":[{"href":"https:\/\/www.stormshield.com\/fr\/wp-json\/wp\/v2\/types\/page"}],"author":[{"embeddable":true,"href":"https:\/\/www.stormshield.com\/fr\/wp-json\/wp\/v2\/users\/31"}],"replies":[{"embeddable":true,"href":"https:\/\/www.stormshield.com\/fr\/wp-json\/wp\/v2\/comments?post=221042"}],"version-history":[{"count":29,"href":"https:\/\/www.stormshield.com\/fr\/wp-json\/wp\/v2\/pages\/221042\/revisions"}],"predecessor-version":[{"id":467365,"href":"https:\/\/www.stormshield.com\/fr\/wp-json\/wp\/v2\/pages\/221042\/revisions\/467365"}],"wp:attachment":[{"href":"https:\/\/www.stormshield.com\/fr\/wp-json\/wp\/v2\/media?parent=221042"}],"curies":[{"name":"wp","href":"https:\/\/api.w.org\/{rel}","templated":true}]}}