{"id":221031,"date":"2021-09-20T14:56:41","date_gmt":"2021-09-20T13:56:41","guid":{"rendered":"https:\/\/www.stormshield.com\/?page_id=221031"},"modified":"2025-11-21T16:53:50","modified_gmt":"2025-11-21T15:53:50","slug":"protection-industrielle","status":"publish","type":"page","link":"https:\/\/www.stormshield.com\/fr\/produits-et-services\/produits\/protection-industrielle\/","title":{"rendered":"Protection op\u00e9rationnelle &#8211; OT"},"content":{"rendered":"<div class=\"wpb-content-wrapper\"><p>[vc_row css_animation=\"\" row_type=\"row\" use_row_as_full_screen_section=\"no\" type=\"grid\" angled_section=\"no\" text_align=\"left\" background_image_as_pattern=\"without_pattern\" z_index=\"\" padding_top=\"50\" padding_bottom=\"50\"][vc_column][vc_column_text css=\"\"]<\/p>\n<h1 style=\"text-align: center;\"><span style=\"color: #00aaf5;\"><span style=\"font-weight: 900; font-size: 1.5em;\">Cybers\u00e9curit\u00e9 industrielle et protection OT\u00a0:<\/span><\/span><span style=\"color: #00aaf5;\"><span style=\"font-weight: 300; font-size: 1.5em;\"> l'importance de la cyber-protection de vos r\u00e9seaux op\u00e9rationnels<\/span><\/span><\/h1>\n<p>[\/vc_column_text][\/vc_column][\/vc_row][vc_row css_animation=\"\" row_type=\"row\" use_row_as_full_screen_section=\"no\" type=\"grid\" angled_section=\"no\" text_align=\"left\" background_image_as_pattern=\"without_pattern\" z_index=\"\" padding_top=\"50\" padding_bottom=\"50\"][vc_column][vc_row_inner row_type=\"row\" type=\"full_width\" text_align=\"left\" css_animation=\"\"][vc_column_inner width=\"2\/3\"][vc_column_text css=\"\"]<span style=\"color: #000; font-size: 1.1em;\"><strong>Pour faire face aux cyber-menaces qui p\u00e8sent sur les r\u00e9seaux op\u00e9rationnels (OT) et qui s\u2019acc\u00e9l\u00e8rent avec le d\u00e9ploiement de l\u2019industrie 4.0 et de l'industrie 5.0 (Cloud, Big Data, 5G, Internet des objets), Stormshield recommande une approche unique et globale de cybers\u00e9curit\u00e9 industrielle.<\/strong> Avec comme objectif le bon fonctionnement des r\u00e9seaux et une continuit\u00e9 d\u2019activit\u00e9 pour tous les acteurs et leurs infrastructures critiques : \u00e9nergie, transport, industrie, sant\u00e9\u2026 et les autres.<\/span>[\/vc_column_text][\/vc_column_inner][vc_column_inner width=\"1\/3\"][vc_single_image image=\"456868\" alignment=\"center\" css=\"\" qode_css_animation=\"\" qode_hover_animation=\"zoom_in\"][\/vc_column_inner][\/vc_row_inner][\/vc_column][\/vc_row][vc_row css_animation=\"\" row_type=\"row\" use_row_as_full_screen_section=\"no\" type=\"grid\" angled_section=\"no\" text_align=\"left\" background_image_as_pattern=\"without_pattern\" z_index=\"\" padding_bottom=\"50\" padding_top=\"50\"][vc_column][vc_row_inner row_type=\"row\" type=\"full_width\" text_align=\"left\" css_animation=\"\" css=\".vc_custom_1716896100163{padding-top: 32px !important;padding-right: 32px !important;padding-bottom: 32px !important;padding-left: 32px !important;background-color: #f9f9f9 !important;}\"][vc_column_inner width=\"1\/2\"][vc_column_text css=\"\"]<\/p>\n<h2><span style=\"color: #000; font-size: 1.2em; font-weight: 900;\">Faire face aux cyber-menaces contre l\u2019OT<\/span><\/h2>\n<p><span style=\"color: #000; font-size: 1.1em;\">Avec la num\u00e9risation et l'automatisation des process, les r\u00e9seaux op\u00e9rationnels (r\u00e9seaux OT) sont de plus en plus ouverts et connect\u00e9s \u00e0 Internet, ce qui conduit \u00e0 une convergence des infrastructures IT et OT. En parall\u00e8le, <a style=\"color: #000000;\" href=\"https:\/\/www.stormshield.com\/fr\/actus\/la-question-de-la-securite-de-la-sous-traitance-ot\/\" target=\"_blank\" rel=\"noopener\">la sous-traitance<\/a> se multiplie et les sous-traitants prennent en charge la maintenance et l\u2019exploitation des installations. R\u00e9sultat, <strong>les entreprises qui g\u00e8rent des syst\u00e8mes d'information industriels font face \u00e0 des risques accrus en mati\u00e8re de cybers\u00e9curit\u00e9 industrielle\u00a0: espionnage, sabotage, alt\u00e9ration des donn\u00e9es... Et leur surface d\u2019attaque augmente avec un risque majeur\u00a0: l\u2019arr\u00eat total de leur production.<\/strong><\/span><\/p>\n<p><span style=\"color: #000; font-size: 1.1em;\">De quoi alerter sur l'importance de la protection des infrastructures critiques et d'une cybers\u00e9curit\u00e9 industrielle efficace.<\/span>[\/vc_column_text][vc_empty_space][\/vc_column_inner][vc_column_inner width=\"1\/2\"][vc_empty_space][vc_single_image image=\"199185\" img_size=\"large\" alignment=\"center\" css=\"\" qode_css_animation=\"\" qode_hover_animation=\"zoom_in\"][vc_empty_space][\/vc_column_inner][\/vc_row_inner][\/vc_column][\/vc_row][vc_row css_animation=\"\" row_type=\"row\" use_row_as_full_screen_section=\"no\" type=\"grid\" angled_section=\"no\" text_align=\"left\" background_image_as_pattern=\"without_pattern\" z_index=\"\" padding_top=\"50\" padding_bottom=\"50\" background_color=\"#060051\"][vc_column][vc_row_inner row_type=\"row\" type=\"full_width\" text_align=\"left\" css_animation=\"\"][vc_column_inner width=\"2\/3\"][vc_column_text css=\"\"]<\/p>\n<h2><span style=\"color: #ffffff; font-size: 1.2em; font-weight: 900;\">D\u00e9tecter les menaces et prot\u00e9ger ses activit\u00e9s industrielles avec Stormshield<\/span><\/h2>\n<p><span style=\"color: #ffffff; font-size: 1.1em;\">Stormshield, un acteur engag\u00e9 pour la cybers\u00e9curit\u00e9 des syst\u00e8mes industriels. Dans ce contexte, <strong>Stormshield propose une approche globale de cybers\u00e9curit\u00e9 industrielle afin de s\u00e9curiser toute la cha\u00eene op\u00e9rationnelle, d\u2019assurer la disponibilit\u00e9, l\u2019int\u00e9grit\u00e9 et le bon fonctionnement des processus op\u00e9rationnels et de permettre la poursuite des activit\u00e9s<\/strong>. Cette d\u00e9marche repose sur un mix s\u00e9curit\u00e9 : la protection du r\u00e9seau, des postes de travail et des serveurs, l\u2019interop\u00e9rabilit\u00e9, le monitoring et la gestion des r\u00e9seaux. Et s\u2019appuie sur une combinaison unique de solutions de protection d\u00e9di\u00e9es \u00e0 l\u2019IT et \u00e0 l\u2019OT.<\/span>[\/vc_column_text][vc_empty_space]<a  itemprop=\"url\" href=\"https:\/\/www.stormshield.com\/wp-content\/uploads\/SNS-FR-Security-Solutions-for-Industrial-Brochure.pdf\" target=\"_blank\" data-hover-background-color=\"#00aeef\" data-hover-border-color=\"#00aeef\" class=\"qbutton  white enlarge\" style=\"border-color: #ffffff; background-color:#060051;\">T\u00e9l\u00e9chargez la brochure Stormshield<i class=\"qode_icon_font_awesome fa fa-download qode_button_icon_element\"><\/i><\/a>[vc_empty_space height=\"12px\"]<a  itemprop=\"url\" href=\"https:\/\/www.stormshield.com\/fr\/produits-et-services\/produits\/protection-industrielle\/nos-fonctionnalites-ot\/\" target=\"_blank\" data-hover-background-color=\"#00aeef\" data-hover-border-color=\"#00aeef\" class=\"qbutton  white enlarge\" style=\"border-color: #ffffff; background-color:#060051;\">D\u00e9couvrez les fonctionnalit\u00e9s des solutions Stormshield<i class=\"qode_icon_font_awesome fa fa-angle-right qode_button_icon_element\"><\/i><\/a>[vc_empty_space height=\"12px\"]<a  itemprop=\"url\" href=\"https:\/\/www.stormshield.com\/fr\/produits-et-services\/produits\/protection-industrielle\/gamme-ot\/\" target=\"_blank\" data-hover-background-color=\"#00aeef\" data-hover-border-color=\"#00aeef\" class=\"qbutton  white enlarge\" style=\"border-color: #ffffff; background-color:#060051;\">D\u00e9couvrez les firewalls industriels Stormshield<i class=\"qode_icon_font_awesome fa fa-angle-right qode_button_icon_element\"><\/i><\/a>[vc_empty_space][\/vc_column_inner][vc_column_inner width=\"1\/3\"][vc_single_image image=\"195464\" img_size=\"300x300\" alignment=\"center\" onclick=\"custom_link\" img_link_target=\"_blank\" css=\"\" qode_css_animation=\"\" qode_hover_animation=\"zoom_in\" link=\"https:\/\/www.stormshield.com\/fr\/produits-et-services\/produits\/protection-industrielle\/gamme-ot\/\"][vc_single_image image=\"195494\" img_size=\"300x300\" alignment=\"center\" onclick=\"custom_link\" img_link_target=\"_blank\" css=\"\" qode_css_animation=\"\" qode_hover_animation=\"zoom_in\" link=\"https:\/\/www.stormshield.com\/fr\/produits-et-services\/produits\/protection-industrielle\/gamme-ot\/\"][\/vc_column_inner][\/vc_row_inner][\/vc_column][\/vc_row][vc_row css_animation=\"\" row_type=\"row\" use_row_as_full_screen_section=\"no\" type=\"grid\" angled_section=\"no\" text_align=\"left\" background_image_as_pattern=\"without_pattern\" z_index=\"\" padding_bottom=\"50\" padding_top=\"50\"][vc_column][vc_row_inner row_type=\"row\" type=\"full_width\" text_align=\"left\" css_animation=\"\" css=\".vc_custom_1716896100163{padding-top: 32px !important;padding-right: 32px !important;padding-bottom: 32px !important;padding-left: 32px !important;background-color: #f9f9f9 !important;}\"][vc_column_inner width=\"2\/3\"][vc_column_text css=\"\"]<\/p>\n<h2><span style=\"color: #000; font-size: 1.2em; font-weight: 900;\">Se familiariser avec la norme et la certification IEC 62443<\/span><\/h2>\n<p><span style=\"color: #000; font-size: 1.1em;\"><strong>La branche de certification IEC 62443-4 atteste qu\u2019un produit (mat\u00e9riel, composant ou syst\u00e8me) est conforme aux exigences d\u00e9crit dans la partie 62443-4 de la norme IEC 62443.<\/strong> Cette branche concerne donc les produits qui sont d\u00e9ploy\u00e9s et utilis\u00e9s dans les syst\u00e8mes d\u2019automatisation et de contr\u00f4le industriels. Plus en d\u00e9tails, la partie IEC 62443-4-1 de la norme sp\u00e9cifie les exigences pour garantir un cycle de vie de d\u00e9veloppement s\u00e9curis\u00e9. L\u2019objectif principal de ces exigences est de fournir un cadre permettant d\u2019adopter une approche de s\u00e9curit\u00e9 et de d\u00e9fense en profondeur pour la conception, la construction, la maintenance et le retrait des produits utilis\u00e9s dans les syst\u00e8mes d\u2019automatisation et de contr\u00f4le industriels. <\/span><\/p>\n<p><span style=\"color: #000; font-size: 1.1em;\"><strong>Les trois gammes de produits Stormshield r\u00e9pondent aux r\u00e8gles de s\u00e9curit\u00e9 des exigences fondamentales de la norme.<\/strong> Elles accompagnent ainsi les syst\u00e8mes d\u2019automatisation et de contr\u00f4le industriels <span style=\"text-decoration: underline;\"><a style=\"color: #000000; text-decoration: underline;\" href=\"https:\/\/www.stormshield.com\/fr\/ressourcescenter\/livre-blanc-norme-iec62443-protection-systeme-operationnel\/\" target=\"_blank\" rel=\"noopener\">dans leur mise en conformit\u00e9 IEC 62443<\/a><\/span> en assurant la protection p\u00e9riph\u00e9rique, la protection des postes de travail et la protection de bout en bout des donn\u00e9es. D\u00e9couvrez-en davantage dans notre livre blanc sur le sujet.<\/span>[\/vc_column_text][vc_empty_space]<a  itemprop=\"url\" href=\"https:\/\/www.stormshield.com\/fr\/ressourcescenter\/livre-blanc-norme-iec62443-protection-systeme-operationnel\/\" target=\"_blank\" data-hover-background-color=\"#00aeef\" data-hover-border-color=\"#00aeef\" class=\"qbutton  white enlarge\" style=\"border-color: #ffffff; background-color:#060051;\">T\u00e9l\u00e9chargez notre livre blanc<i class=\"qode_icon_font_awesome fa fa-download qode_button_icon_element\"><\/i><\/a>[vc_empty_space][\/vc_column_inner][vc_column_inner width=\"1\/3\"][vc_empty_space][vc_single_image image=\"592093\" img_size=\"large\" alignment=\"center\" onclick=\"custom_link\" img_link_target=\"_blank\" css=\"\" qode_css_animation=\"\" qode_hover_animation=\"zoom_in\" link=\"https:\/\/www.stormshield.com\/fr\/ressourcescenter\/livre-blanc-norme-iec62443-protection-systeme-operationnel\/\"][vc_empty_space][\/vc_column_inner][\/vc_row_inner][\/vc_column][\/vc_row][vc_row css_animation=\"\" row_type=\"row\" use_row_as_full_screen_section=\"no\" type=\"grid\" angled_section=\"no\" text_align=\"left\" background_image_as_pattern=\"without_pattern\" z_index=\"\" padding_top=\"50\" padding_bottom=\"50\"][vc_column][vc_row_inner row_type=\"row\" type=\"full_width\" text_align=\"left\" css_animation=\"\"][vc_column_inner width=\"1\/2\"][vc_column_text css=\"\"]<\/p>\n<h2><span style=\"color: #000; font-size: 1.2em; font-weight: 900;\">S'entourer d'un \u00e9cosyst\u00e8me de partenaires technologiques<\/span><\/h2>\n<p><span style=\"color: #000; font-size: 1.1em;\">Pour lutter contre les cyber-menaces, nous privil\u00e9gions l\u2019\u00e9change et la collaboration. Dans ce cadre, nous coop\u00e9rons avec de nombreux acteurs industriels fran\u00e7ais et internationaux (<a style=\"color: #000000;\" href=\"https:\/\/youtu.be\/l6mod0aHe38\" target=\"_blank\" rel=\"noopener\">Nozomi Networks<\/a>, Schneider Electric, Seclab, Siemens ou encore Yokogawa) <strong>avec lesquels nous avons nou\u00e9 des partenariats de confiance afin de prot\u00e9ger l\u2019industrie de demain.<\/strong><\/span>[\/vc_column_text][vc_empty_space]<a  itemprop=\"url\" href=\"https:\/\/www.stormshield.com\/fr\/qui-sommes-nous\/ecosysteme-partenaires-technologiques-stormshield\/\" target=\"_blank\" data-hover-background-color=\"#00aeef\" data-hover-border-color=\"#00aeef\" class=\"qbutton  white enlarge\" style=\"border-color: #ffffff; background-color:#060051;\">Parcourez notre \u00e9cosyst\u00e8me de partenaires industriels<i class=\"qode_icon_font_awesome fa fa-angle-right qode_button_icon_element\"><\/i><\/a>[vc_empty_space][\/vc_column_inner][vc_column_inner width=\"1\/2\"][vc_empty_space][vc_video link=\"https:\/\/youtu.be\/l6mod0aHe38\" align=\"center\"][\/vc_column_inner][\/vc_row_inner][\/vc_column][\/vc_row]<\/p>\n<\/div>","protected":false},"excerpt":{"rendered":"<p>[vc_row css_animation=\u00a0\u00bb\u00a0\u00bb row_type=\u00a0\u00bbrow\u00a0\u00bb use_row_as_full_screen_section=\u00a0\u00bbno\u00a0\u00bb type=\u00a0\u00bbgrid\u00a0\u00bb angled_section=\u00a0\u00bbno\u00a0\u00bb text_align=\u00a0\u00bbleft\u00a0\u00bb background_image_as_pattern=\u00a0\u00bbwithout_pattern\u00a0\u00bb z_index=\u00a0\u00bb\u00a0\u00bb padding_top=\u00a0\u00bb50&Prime; padding_bottom=\u00a0\u00bb50&Prime;][vc_column][vc_column_text css=\u00a0\u00bb\u00a0\u00bb] Cybers\u00e9curit\u00e9 industrielle et protection OT\u00a0: l&rsquo;importance de la cyber-protection de vos r\u00e9seaux op\u00e9rationnels [\/vc_column_text][\/vc_column][\/vc_row][vc_row css_animation=\u00a0\u00bb\u00a0\u00bb row_type=\u00a0\u00bbrow\u00a0\u00bb use_row_as_full_screen_section=\u00a0\u00bbno\u00a0\u00bb type=\u00a0\u00bbgrid\u00a0\u00bb angled_section=\u00a0\u00bbno\u00a0\u00bb text_align=\u00a0\u00bbleft\u00a0\u00bb background_image_as_pattern=\u00a0\u00bbwithout_pattern\u00a0\u00bb z_index=\u00a0\u00bb\u00a0\u00bb padding_top=\u00a0\u00bb50&Prime; padding_bottom=\u00a0\u00bb50&Prime;][vc_column][vc_row_inner row_type=\u00a0\u00bbrow\u00a0\u00bb type=\u00a0\u00bbfull_width\u00a0\u00bb text_align=\u00a0\u00bbleft\u00a0\u00bb css_animation=\u00a0\u00bb\u00a0\u00bb][vc_column_inner width=\u00a0\u00bb2\/3&Prime;][vc_column_text css=\u00a0\u00bb\u00a0\u00bb]Pour faire face aux&#8230;<\/p>\n","protected":false},"author":31,"featured_media":0,"parent":22200,"menu_order":278,"comment_status":"closed","ping_status":"closed","template":"full_width.php","meta":{"_acf_changed":false,"footnotes":""},"class_list":["post-221031","page","type-page","status-publish","hentry"],"acf":[],"yoast_head":"<!-- This site is optimized with the Yoast SEO plugin v27.3 - https:\/\/yoast.com\/product\/yoast-seo-wordpress\/ -->\n<title>Cybers\u00e9curit\u00e9 industrielle et protection OT | Stormshield<\/title>\n<meta name=\"description\" content=\"Une approche globale Stormshield pour garantir la cybers\u00e9curit\u00e9, le bon fonctionnement r\u00e9seau et la continuit\u00e9 de l&#039;activit\u00e9 industrielle.\" \/>\n<meta name=\"robots\" content=\"index, follow, max-snippet:-1, max-image-preview:large, max-video-preview:-1\" \/>\n<link rel=\"canonical\" href=\"https:\/\/www.stormshield.com\/fr\/produits-et-services\/produits\/protection-industrielle\/\" \/>\n<meta property=\"og:locale\" content=\"fr_FR\" \/>\n<meta property=\"og:type\" content=\"article\" \/>\n<meta property=\"og:title\" content=\"Cybers\u00e9curit\u00e9 industrielle et protection OT | Stormshield\" \/>\n<meta property=\"og:description\" content=\"Une approche globale Stormshield pour garantir la cybers\u00e9curit\u00e9, le bon fonctionnement r\u00e9seau et la continuit\u00e9 de l&#039;activit\u00e9 industrielle.\" \/>\n<meta property=\"og:url\" content=\"https:\/\/www.stormshield.com\/fr\/produits-et-services\/produits\/protection-industrielle\/\" \/>\n<meta property=\"og:site_name\" content=\"Stormshield\" \/>\n<meta property=\"article:modified_time\" content=\"2025-11-21T15:53:50+00:00\" \/>\n<meta property=\"og:image\" content=\"https:\/\/www.stormshield.com\/wp-content\/uploads\/stormshield_logo.png\" \/>\n\t<meta property=\"og:image:width\" content=\"204\" \/>\n\t<meta property=\"og:image:height\" content=\"94\" \/>\n\t<meta property=\"og:image:type\" content=\"image\/png\" \/>\n<meta name=\"twitter:card\" content=\"summary_large_image\" \/>\n<meta name=\"twitter:site\" content=\"@Stormshield\" \/>\n<meta name=\"twitter:label1\" content=\"Dur\u00e9e de lecture estim\u00e9e\" \/>\n\t<meta name=\"twitter:data1\" content=\"5 minutes\" \/>\n<script type=\"application\/ld+json\" class=\"yoast-schema-graph\">{\"@context\":\"https:\\\/\\\/schema.org\",\"@graph\":[{\"@type\":\"WebPage\",\"@id\":\"https:\\\/\\\/www.stormshield.com\\\/fr\\\/produits-et-services\\\/produits\\\/protection-industrielle\\\/\",\"url\":\"https:\\\/\\\/www.stormshield.com\\\/fr\\\/produits-et-services\\\/produits\\\/protection-industrielle\\\/\",\"name\":\"Cybers\u00e9curit\u00e9 industrielle et protection OT | Stormshield\",\"isPartOf\":{\"@id\":\"https:\\\/\\\/www.stormshield.com\\\/fr\\\/#website\"},\"datePublished\":\"2021-09-20T13:56:41+00:00\",\"dateModified\":\"2025-11-21T15:53:50+00:00\",\"description\":\"Une approche globale Stormshield pour garantir la cybers\u00e9curit\u00e9, le bon fonctionnement r\u00e9seau et la continuit\u00e9 de l'activit\u00e9 industrielle.\",\"breadcrumb\":{\"@id\":\"https:\\\/\\\/www.stormshield.com\\\/fr\\\/produits-et-services\\\/produits\\\/protection-industrielle\\\/#breadcrumb\"},\"inLanguage\":\"fr-FR\",\"potentialAction\":[{\"@type\":\"ReadAction\",\"target\":[\"https:\\\/\\\/www.stormshield.com\\\/fr\\\/produits-et-services\\\/produits\\\/protection-industrielle\\\/\"]}]},{\"@type\":\"BreadcrumbList\",\"@id\":\"https:\\\/\\\/www.stormshield.com\\\/fr\\\/produits-et-services\\\/produits\\\/protection-industrielle\\\/#breadcrumb\",\"itemListElement\":[{\"@type\":\"ListItem\",\"position\":1,\"name\":\"Home\",\"item\":\"https:\\\/\\\/www.stormshield.com\\\/fr\\\/\"},{\"@type\":\"ListItem\",\"position\":2,\"name\":\"Produits &amp; Solutions\",\"item\":\"https:\\\/\\\/www.stormshield.com\\\/fr\\\/produits-et-services\\\/\"},{\"@type\":\"ListItem\",\"position\":3,\"name\":\"Tous nos produits\",\"item\":\"https:\\\/\\\/www.stormshield.com\\\/fr\\\/produits-et-services\\\/produits\\\/\"},{\"@type\":\"ListItem\",\"position\":4,\"name\":\"Protection op\u00e9rationnelle &#8211; OT\"}]},{\"@type\":\"WebSite\",\"@id\":\"https:\\\/\\\/www.stormshield.com\\\/fr\\\/#website\",\"url\":\"https:\\\/\\\/www.stormshield.com\\\/fr\\\/\",\"name\":\"Stormshield\",\"description\":\"Stormshield\",\"potentialAction\":[{\"@type\":\"SearchAction\",\"target\":{\"@type\":\"EntryPoint\",\"urlTemplate\":\"https:\\\/\\\/www.stormshield.com\\\/fr\\\/?s={search_term_string}\"},\"query-input\":{\"@type\":\"PropertyValueSpecification\",\"valueRequired\":true,\"valueName\":\"search_term_string\"}}],\"inLanguage\":\"fr-FR\"}]}<\/script>\n<!-- \/ Yoast SEO plugin. -->","yoast_head_json":{"title":"Cybers\u00e9curit\u00e9 industrielle et protection OT | Stormshield","description":"Une approche globale Stormshield pour garantir la cybers\u00e9curit\u00e9, le bon fonctionnement r\u00e9seau et la continuit\u00e9 de l'activit\u00e9 industrielle.","robots":{"index":"index","follow":"follow","max-snippet":"max-snippet:-1","max-image-preview":"max-image-preview:large","max-video-preview":"max-video-preview:-1"},"canonical":"https:\/\/www.stormshield.com\/fr\/produits-et-services\/produits\/protection-industrielle\/","og_locale":"fr_FR","og_type":"article","og_title":"Cybers\u00e9curit\u00e9 industrielle et protection OT | Stormshield","og_description":"Une approche globale Stormshield pour garantir la cybers\u00e9curit\u00e9, le bon fonctionnement r\u00e9seau et la continuit\u00e9 de l'activit\u00e9 industrielle.","og_url":"https:\/\/www.stormshield.com\/fr\/produits-et-services\/produits\/protection-industrielle\/","og_site_name":"Stormshield","article_modified_time":"2025-11-21T15:53:50+00:00","og_image":[{"width":204,"height":94,"url":"https:\/\/www.stormshield.com\/wp-content\/uploads\/stormshield_logo.png","type":"image\/png"}],"twitter_card":"summary_large_image","twitter_site":"@Stormshield","twitter_misc":{"Dur\u00e9e de lecture estim\u00e9e":"5 minutes"},"schema":{"@context":"https:\/\/schema.org","@graph":[{"@type":"WebPage","@id":"https:\/\/www.stormshield.com\/fr\/produits-et-services\/produits\/protection-industrielle\/","url":"https:\/\/www.stormshield.com\/fr\/produits-et-services\/produits\/protection-industrielle\/","name":"Cybers\u00e9curit\u00e9 industrielle et protection OT | Stormshield","isPartOf":{"@id":"https:\/\/www.stormshield.com\/fr\/#website"},"datePublished":"2021-09-20T13:56:41+00:00","dateModified":"2025-11-21T15:53:50+00:00","description":"Une approche globale Stormshield pour garantir la cybers\u00e9curit\u00e9, le bon fonctionnement r\u00e9seau et la continuit\u00e9 de l'activit\u00e9 industrielle.","breadcrumb":{"@id":"https:\/\/www.stormshield.com\/fr\/produits-et-services\/produits\/protection-industrielle\/#breadcrumb"},"inLanguage":"fr-FR","potentialAction":[{"@type":"ReadAction","target":["https:\/\/www.stormshield.com\/fr\/produits-et-services\/produits\/protection-industrielle\/"]}]},{"@type":"BreadcrumbList","@id":"https:\/\/www.stormshield.com\/fr\/produits-et-services\/produits\/protection-industrielle\/#breadcrumb","itemListElement":[{"@type":"ListItem","position":1,"name":"Home","item":"https:\/\/www.stormshield.com\/fr\/"},{"@type":"ListItem","position":2,"name":"Produits &amp; Solutions","item":"https:\/\/www.stormshield.com\/fr\/produits-et-services\/"},{"@type":"ListItem","position":3,"name":"Tous nos produits","item":"https:\/\/www.stormshield.com\/fr\/produits-et-services\/produits\/"},{"@type":"ListItem","position":4,"name":"Protection op\u00e9rationnelle &#8211; OT"}]},{"@type":"WebSite","@id":"https:\/\/www.stormshield.com\/fr\/#website","url":"https:\/\/www.stormshield.com\/fr\/","name":"Stormshield","description":"Stormshield","potentialAction":[{"@type":"SearchAction","target":{"@type":"EntryPoint","urlTemplate":"https:\/\/www.stormshield.com\/fr\/?s={search_term_string}"},"query-input":{"@type":"PropertyValueSpecification","valueRequired":true,"valueName":"search_term_string"}}],"inLanguage":"fr-FR"}]}},"_links":{"self":[{"href":"https:\/\/www.stormshield.com\/fr\/wp-json\/wp\/v2\/pages\/221031","targetHints":{"allow":["GET"]}}],"collection":[{"href":"https:\/\/www.stormshield.com\/fr\/wp-json\/wp\/v2\/pages"}],"about":[{"href":"https:\/\/www.stormshield.com\/fr\/wp-json\/wp\/v2\/types\/page"}],"author":[{"embeddable":true,"href":"https:\/\/www.stormshield.com\/fr\/wp-json\/wp\/v2\/users\/31"}],"replies":[{"embeddable":true,"href":"https:\/\/www.stormshield.com\/fr\/wp-json\/wp\/v2\/comments?post=221031"}],"version-history":[{"count":49,"href":"https:\/\/www.stormshield.com\/fr\/wp-json\/wp\/v2\/pages\/221031\/revisions"}],"predecessor-version":[{"id":704499,"href":"https:\/\/www.stormshield.com\/fr\/wp-json\/wp\/v2\/pages\/221031\/revisions\/704499"}],"up":[{"embeddable":true,"href":"https:\/\/www.stormshield.com\/fr\/wp-json\/wp\/v2\/pages\/22200"}],"wp:attachment":[{"href":"https:\/\/www.stormshield.com\/fr\/wp-json\/wp\/v2\/media?parent=221031"}],"curies":[{"name":"wp","href":"https:\/\/api.w.org\/{rel}","templated":true}]}}