{"id":221021,"date":"2021-09-13T13:09:07","date_gmt":"2021-09-13T12:09:07","guid":{"rendered":"https:\/\/www.stormshield.com\/?page_id=221021"},"modified":"2024-01-18T11:30:42","modified_gmt":"2024-01-18T10:30:42","slug":"sds-data-connector","status":"publish","type":"page","link":"https:\/\/www.stormshield.com\/fr\/produits-et-services\/produits\/protection-des-donnees\/gamme-sds\/sds-data-connector\/","title":{"rendered":"Stormshield Data Connector"},"content":{"rendered":"<div class=\"wpb-content-wrapper\"><p>[vc_row css_animation=\"\" row_type=\"row\" use_row_as_full_screen_section=\"no\" type=\"grid\" angled_section=\"no\" text_align=\"left\" background_image_as_pattern=\"without_pattern\" background_image=\"227768\" z_index=\"\" padding_bottom=\"125\" padding_top=\"125\"][vc_column][vc_column_text]<\/p>\n<h1><span style=\"color: #000000;\"><strong>Stormshield Data Connector<\/strong><\/span><\/h1>\n<p><span style=\"color: #000000;\">La solution de protection des donn\u00e9es m\u00e9tiers<\/span>[\/vc_column_text][\/vc_column][\/vc_row][vc_row css_animation=\"\" row_type=\"row\" use_row_as_full_screen_section=\"no\" type=\"grid\" angled_section=\"no\" text_align=\"left\" background_image_as_pattern=\"without_pattern\" z_index=\"\" padding_top=\"50\" padding_bottom=\"50\"][vc_column][vc_row_inner row_type=\"row\" type=\"full_width\" text_align=\"left\" css_animation=\"\"][vc_column_inner width=\"1\/2\"][vc_column_text]<\/p>\n<h2><span style=\"color: #000; font-size: 1.2em; font-weight: 900;\">Une s\u00e9curisation de vos applications m\u00e9tiers<\/span><\/h2>\n<p><span style=\"color: #000; font-size: 1.1em;\">Dans un contexte d\u2019externalisation grandissante des infrastructures IT, Stormshield Data Connector assure la protection de vos donn\u00e9es m\u00e9tiers en toute transparence et simplicit\u00e9. <\/span><\/p>\n<p><span style=\"color: #000; font-size: 1.1em;\">Stormshield Data Connector vous permet de disposer d\u2019une fonction de protection des donn\u00e9es sensibles dans vos applications m\u00e9tiers. Cette solution s\u2019int\u00e8gre simplement \u00e0 l\u2019ensemble de vos flux m\u00e9tiers.<\/span>[\/vc_column_text][vc_empty_space]<a  itemprop=\"url\" href=\"https:\/\/www.stormshield.com\/fr\/ressourcescenter\/data-connector\/\" target=\"_blank\" data-hover-background-color=\"#00aeef\" data-hover-border-color=\"#ffffff\" class=\"qbutton  white enlarge\" style=\"border-color: #ffffff; background-color:#060051;\">Fiche produit<i class=\"qode_icon_font_awesome fa fa-angle-right qode_button_icon_element\"><\/i><\/a>[vc_empty_space height=\"12px\"]<a  itemprop=\"url\" href=\"https:\/\/www.stormshield.com\/fr\/ressourcescenter\/protection-des-donnees\/\" target=\"_blank\" data-hover-background-color=\"#00aeef\" data-hover-border-color=\"#ffffff\" class=\"qbutton  white enlarge\" style=\"border-color: #ffffff; background-color:#060051;\">Brochure SDS<i class=\"qode_icon_font_awesome fa fa-angle-right qode_button_icon_element\"><\/i><\/a>[vc_empty_space][\/vc_column_inner][vc_column_inner width=\"1\/2\"][vc_empty_space][vc_single_image image=\"224723\" img_size=\"large\" alignment=\"center\" qode_css_animation=\"\"][\/vc_column_inner][\/vc_row_inner][\/vc_column][\/vc_row][vc_row css_animation=\"\" row_type=\"row\" use_row_as_full_screen_section=\"no\" type=\"grid\" angled_section=\"no\" text_align=\"left\" background_image_as_pattern=\"without_pattern\" z_index=\"\" padding_top=\"50\" padding_bottom=\"50\"][vc_column][vc_row_inner row_type=\"row\" type=\"grid\" text_align=\"left\" css_animation=\"\" css=\".vc_custom_1705573414394{padding-top: 32px !important;padding-right: 32px !important;padding-bottom: 32px !important;padding-left: 32px !important;background-color: #f9f9f9 !important;}\"][vc_column_inner][vc_column_text]<\/p>\n<h2><span style=\"color: #000; font-size: 1.2em; font-weight: 900;\">Une protection adapt\u00e9e et transparente<\/span><\/h2>\n<p><span style=\"color: #000; font-size: 1.1em;\">La solution Stormshield Data Connector est fond\u00e9e sur un chiffrement qui s\u2019effectue au plus pr\u00e8s du traitement des donn\u00e9es. Cela favorise son utilisation par tous les usagers. D\u2019une totale transparence, cette solution vous offre \u00e9galement la possibilit\u00e9 de contr\u00f4ler les informations \u00e9mises par vos applications et de tracer les op\u00e9rations r\u00e9alis\u00e9es.<\/span>[\/vc_column_text][vc_empty_space][\/vc_column_inner][\/vc_row_inner][\/vc_column][\/vc_row][vc_row css_animation=\"\" row_type=\"row\" use_row_as_full_screen_section=\"no\" type=\"grid\" angled_section=\"no\" text_align=\"left\" background_image_as_pattern=\"without_pattern\" z_index=\"\" padding_top=\"50\" padding_bottom=\"50\"][vc_column][vc_row_inner row_type=\"row\" type=\"full_width\" text_align=\"left\" css_animation=\"\"][vc_column_inner width=\"1\/2\" css=\".vc_custom_1705573685249{padding-right: 32px !important;}\"][vc_column_text]<\/p>\n<h2><span style=\"color: #000; font-size: 1.2em; font-weight: 900;\">Une solution de confiance<\/span><\/h2>\n<p><span style=\"color: #000; font-size: 1.1em;\">Avec Stormshield Data Connector, vous avez la garantie d\u2019une protection de confiance \u2013 li\u00e9e au produit Stormshield Data Security, reconnu au plus haut niveau europ\u00e9en. Elle est \u00e9galement conforme \u00e0 la r\u00e9glementation sur la protection des donn\u00e9es personnelles. En choisissant cette solution, vous optez pour une protection optimale et fiable de vos donn\u00e9es m\u00e9tiers.[\/vc_column_text][\/vc_column_inner][vc_column_inner width=\"1\/2\" css=\".vc_custom_1705573478354{padding-top: 32px !important;padding-right: 32px !important;padding-bottom: 32px !important;padding-left: 32px !important;background-color: #060051 !important;}\"][vc_column_text]<span style=\"color: #ffffff; font-size: 1.1em;\"><strong>Vous avez une question technique autour de Stormshield Data Connector\u00a0?<\/strong> Vous souhaitez tester la solution avant de prendre votre d\u00e9cision ? Rapprochez-vous des \u00e9quipes commerciales et avant-vente de Stormshield, pour obtenir des acc\u00e8s \u00e0 notre environnement de d\u00e9monstration.<\/span>[\/vc_column_text][vc_empty_space]<a  itemprop=\"url\" href=\"https:\/\/www.stormshield.com\/fr\/contact\/service-commercial\/\" target=\"_blank\" data-hover-background-color=\"#00aeef\" data-hover-border-color=\"#ffffff\" class=\"qbutton  white enlarge\" style=\"border-color: #ffffff; background-color:#060051;\">Contact<i class=\"qode_icon_font_awesome fa fa-angle-right qode_button_icon_element\"><\/i><\/a>[\/vc_column_inner][\/vc_row_inner][\/vc_column][\/vc_row][vc_row css_animation=\"\" row_type=\"row\" use_row_as_full_screen_section=\"no\" type=\"full_width\" angled_section=\"no\" text_align=\"left\" background_image_as_pattern=\"without_pattern\"][vc_column][vc_empty_space][\/vc_column][\/vc_row][vc_row css_animation=\"\" row_type=\"row\" use_row_as_full_screen_section=\"no\" type=\"full_width\" angled_section=\"no\" text_align=\"left\" background_image_as_pattern=\"without_pattern\"][vc_column][vc_column_text]<\/span>[\/vc_column_text][\/vc_column][\/vc_row]<\/p>\n<\/div>","protected":false},"excerpt":{"rendered":"<p>[vc_row css_animation=\u00a0\u00bb\u00a0\u00bb row_type=\u00a0\u00bbrow\u00a0\u00bb use_row_as_full_screen_section=\u00a0\u00bbno\u00a0\u00bb type=\u00a0\u00bbgrid\u00a0\u00bb angled_section=\u00a0\u00bbno\u00a0\u00bb text_align=\u00a0\u00bbleft\u00a0\u00bb background_image_as_pattern=\u00a0\u00bbwithout_pattern\u00a0\u00bb background_image=\u00a0\u00bb227768&Prime; z_index=\u00a0\u00bb\u00a0\u00bb padding_bottom=\u00a0\u00bb125&Prime; padding_top=\u00a0\u00bb125&Prime;][vc_column][vc_column_text] Stormshield Data Connector La solution de protection des donn\u00e9es m\u00e9tiers[\/vc_column_text][\/vc_column][\/vc_row][vc_row css_animation=\u00a0\u00bb\u00a0\u00bb row_type=\u00a0\u00bbrow\u00a0\u00bb use_row_as_full_screen_section=\u00a0\u00bbno\u00a0\u00bb type=\u00a0\u00bbgrid\u00a0\u00bb angled_section=\u00a0\u00bbno\u00a0\u00bb text_align=\u00a0\u00bbleft\u00a0\u00bb background_image_as_pattern=\u00a0\u00bbwithout_pattern\u00a0\u00bb z_index=\u00a0\u00bb\u00a0\u00bb padding_top=\u00a0\u00bb50&Prime; padding_bottom=\u00a0\u00bb50&Prime;][vc_column][vc_row_inner row_type=\u00a0\u00bbrow\u00a0\u00bb type=\u00a0\u00bbfull_width\u00a0\u00bb text_align=\u00a0\u00bbleft\u00a0\u00bb css_animation=\u00a0\u00bb\u00a0\u00bb][vc_column_inner width=\u00a0\u00bb1\/2&Prime;][vc_column_text] Une s\u00e9curisation de vos applications m\u00e9tiers Dans un&#8230;<\/p>\n","protected":false},"author":31,"featured_media":0,"parent":315839,"menu_order":3,"comment_status":"closed","ping_status":"closed","template":"full_width.php","meta":{"_acf_changed":false,"footnotes":""},"class_list":["post-221021","page","type-page","status-publish","hentry"],"acf":[],"yoast_head":"<!-- This site is optimized with the Yoast SEO plugin v27.0 - https:\/\/yoast.com\/product\/yoast-seo-wordpress\/ -->\n<title>Protection des donn\u00e9es : Stormshield Data Connector | Stormshield<\/title>\n<meta name=\"description\" content=\"Dans un contexte d&#039;externalisation croissante des infrastructures informatiques, Stormshield Data Connector prot\u00e8ge vos donn\u00e9es professionnelles en toute transparence et simplicit\u00e9.\" \/>\n<meta name=\"robots\" content=\"index, follow, max-snippet:-1, max-image-preview:large, max-video-preview:-1\" \/>\n<link rel=\"canonical\" href=\"https:\/\/www.stormshield.com\/fr\/produits-et-services\/produits\/protection-des-donnees\/gamme-sds\/sds-data-connector\/\" \/>\n<meta property=\"og:locale\" content=\"fr_FR\" \/>\n<meta property=\"og:type\" content=\"article\" \/>\n<meta property=\"og:title\" content=\"Protection des donn\u00e9es : Stormshield Data Connector | Stormshield\" \/>\n<meta property=\"og:description\" content=\"Dans un contexte d&#039;externalisation croissante des infrastructures informatiques, Stormshield Data Connector prot\u00e8ge vos donn\u00e9es professionnelles en toute transparence et simplicit\u00e9.\" \/>\n<meta property=\"og:url\" content=\"https:\/\/www.stormshield.com\/fr\/produits-et-services\/produits\/protection-des-donnees\/gamme-sds\/sds-data-connector\/\" \/>\n<meta property=\"og:site_name\" content=\"Stormshield\" \/>\n<meta property=\"article:modified_time\" content=\"2024-01-18T10:30:42+00:00\" \/>\n<meta property=\"og:image\" content=\"https:\/\/www.stormshield.com\/wp-content\/uploads\/stormshield_logo.png\" \/>\n\t<meta property=\"og:image:width\" content=\"204\" \/>\n\t<meta property=\"og:image:height\" content=\"94\" \/>\n\t<meta property=\"og:image:type\" content=\"image\/png\" \/>\n<meta name=\"twitter:card\" content=\"summary_large_image\" \/>\n<meta name=\"twitter:site\" content=\"@Stormshield\" \/>\n<meta name=\"twitter:label1\" content=\"Dur\u00e9e de lecture estim\u00e9e\" \/>\n\t<meta name=\"twitter:data1\" content=\"2 minutes\" \/>\n<script type=\"application\/ld+json\" class=\"yoast-schema-graph\">{\"@context\":\"https:\/\/schema.org\",\"@graph\":[{\"@type\":\"WebPage\",\"@id\":\"https:\/\/www.stormshield.com\/fr\/produits-et-services\/produits\/protection-des-donnees\/gamme-sds\/sds-data-connector\/\",\"url\":\"https:\/\/www.stormshield.com\/fr\/produits-et-services\/produits\/protection-des-donnees\/gamme-sds\/sds-data-connector\/\",\"name\":\"Protection des donn\u00e9es : Stormshield Data Connector | Stormshield\",\"isPartOf\":{\"@id\":\"https:\/\/www.stormshield.com\/fr\/#website\"},\"datePublished\":\"2021-09-13T12:09:07+00:00\",\"dateModified\":\"2024-01-18T10:30:42+00:00\",\"description\":\"Dans un contexte d'externalisation croissante des infrastructures informatiques, Stormshield Data Connector prot\u00e8ge vos donn\u00e9es professionnelles en toute transparence et simplicit\u00e9.\",\"breadcrumb\":{\"@id\":\"https:\/\/www.stormshield.com\/fr\/produits-et-services\/produits\/protection-des-donnees\/gamme-sds\/sds-data-connector\/#breadcrumb\"},\"inLanguage\":\"fr-FR\",\"potentialAction\":[{\"@type\":\"ReadAction\",\"target\":[\"https:\/\/www.stormshield.com\/fr\/produits-et-services\/produits\/protection-des-donnees\/gamme-sds\/sds-data-connector\/\"]}]},{\"@type\":\"BreadcrumbList\",\"@id\":\"https:\/\/www.stormshield.com\/fr\/produits-et-services\/produits\/protection-des-donnees\/gamme-sds\/sds-data-connector\/#breadcrumb\",\"itemListElement\":[{\"@type\":\"ListItem\",\"position\":1,\"name\":\"Home\",\"item\":\"https:\/\/www.stormshield.com\/fr\/\"},{\"@type\":\"ListItem\",\"position\":2,\"name\":\"Produits &amp; Solutions\",\"item\":\"https:\/\/www.stormshield.com\/fr\/produits-et-services\/\"},{\"@type\":\"ListItem\",\"position\":3,\"name\":\"Tous nos produits\",\"item\":\"https:\/\/www.stormshield.com\/fr\/produits-et-services\/produits\/\"},{\"@type\":\"ListItem\",\"position\":4,\"name\":\"Protection des donn\u00e9es\",\"item\":\"https:\/\/www.stormshield.com\/fr\/produits-et-services\/produits\/protection-des-donnees\/\"},{\"@type\":\"ListItem\",\"position\":5,\"name\":\"Gamme SDS\",\"item\":\"https:\/\/www.stormshield.com\/fr\/produits-et-services\/produits\/protection-des-donnees\/gamme-sds\/\"},{\"@type\":\"ListItem\",\"position\":6,\"name\":\"Stormshield Data Connector\"}]},{\"@type\":\"WebSite\",\"@id\":\"https:\/\/www.stormshield.com\/fr\/#website\",\"url\":\"https:\/\/www.stormshield.com\/fr\/\",\"name\":\"Stormshield\",\"description\":\"Stormshield\",\"potentialAction\":[{\"@type\":\"SearchAction\",\"target\":{\"@type\":\"EntryPoint\",\"urlTemplate\":\"https:\/\/www.stormshield.com\/fr\/?s={search_term_string}\"},\"query-input\":{\"@type\":\"PropertyValueSpecification\",\"valueRequired\":true,\"valueName\":\"search_term_string\"}}],\"inLanguage\":\"fr-FR\"}]}<\/script>\n<!-- \/ Yoast SEO plugin. -->","yoast_head_json":{"title":"Protection des donn\u00e9es : Stormshield Data Connector | Stormshield","description":"Dans un contexte d'externalisation croissante des infrastructures informatiques, Stormshield Data Connector prot\u00e8ge vos donn\u00e9es professionnelles en toute transparence et simplicit\u00e9.","robots":{"index":"index","follow":"follow","max-snippet":"max-snippet:-1","max-image-preview":"max-image-preview:large","max-video-preview":"max-video-preview:-1"},"canonical":"https:\/\/www.stormshield.com\/fr\/produits-et-services\/produits\/protection-des-donnees\/gamme-sds\/sds-data-connector\/","og_locale":"fr_FR","og_type":"article","og_title":"Protection des donn\u00e9es : Stormshield Data Connector | Stormshield","og_description":"Dans un contexte d'externalisation croissante des infrastructures informatiques, Stormshield Data Connector prot\u00e8ge vos donn\u00e9es professionnelles en toute transparence et simplicit\u00e9.","og_url":"https:\/\/www.stormshield.com\/fr\/produits-et-services\/produits\/protection-des-donnees\/gamme-sds\/sds-data-connector\/","og_site_name":"Stormshield","article_modified_time":"2024-01-18T10:30:42+00:00","og_image":[{"width":204,"height":94,"url":"https:\/\/www.stormshield.com\/wp-content\/uploads\/stormshield_logo.png","type":"image\/png"}],"twitter_card":"summary_large_image","twitter_site":"@Stormshield","twitter_misc":{"Dur\u00e9e de lecture estim\u00e9e":"2 minutes"},"schema":{"@context":"https:\/\/schema.org","@graph":[{"@type":"WebPage","@id":"https:\/\/www.stormshield.com\/fr\/produits-et-services\/produits\/protection-des-donnees\/gamme-sds\/sds-data-connector\/","url":"https:\/\/www.stormshield.com\/fr\/produits-et-services\/produits\/protection-des-donnees\/gamme-sds\/sds-data-connector\/","name":"Protection des donn\u00e9es : Stormshield Data Connector | Stormshield","isPartOf":{"@id":"https:\/\/www.stormshield.com\/fr\/#website"},"datePublished":"2021-09-13T12:09:07+00:00","dateModified":"2024-01-18T10:30:42+00:00","description":"Dans un contexte d'externalisation croissante des infrastructures informatiques, Stormshield Data Connector prot\u00e8ge vos donn\u00e9es professionnelles en toute transparence et simplicit\u00e9.","breadcrumb":{"@id":"https:\/\/www.stormshield.com\/fr\/produits-et-services\/produits\/protection-des-donnees\/gamme-sds\/sds-data-connector\/#breadcrumb"},"inLanguage":"fr-FR","potentialAction":[{"@type":"ReadAction","target":["https:\/\/www.stormshield.com\/fr\/produits-et-services\/produits\/protection-des-donnees\/gamme-sds\/sds-data-connector\/"]}]},{"@type":"BreadcrumbList","@id":"https:\/\/www.stormshield.com\/fr\/produits-et-services\/produits\/protection-des-donnees\/gamme-sds\/sds-data-connector\/#breadcrumb","itemListElement":[{"@type":"ListItem","position":1,"name":"Home","item":"https:\/\/www.stormshield.com\/fr\/"},{"@type":"ListItem","position":2,"name":"Produits &amp; Solutions","item":"https:\/\/www.stormshield.com\/fr\/produits-et-services\/"},{"@type":"ListItem","position":3,"name":"Tous nos produits","item":"https:\/\/www.stormshield.com\/fr\/produits-et-services\/produits\/"},{"@type":"ListItem","position":4,"name":"Protection des donn\u00e9es","item":"https:\/\/www.stormshield.com\/fr\/produits-et-services\/produits\/protection-des-donnees\/"},{"@type":"ListItem","position":5,"name":"Gamme SDS","item":"https:\/\/www.stormshield.com\/fr\/produits-et-services\/produits\/protection-des-donnees\/gamme-sds\/"},{"@type":"ListItem","position":6,"name":"Stormshield Data Connector"}]},{"@type":"WebSite","@id":"https:\/\/www.stormshield.com\/fr\/#website","url":"https:\/\/www.stormshield.com\/fr\/","name":"Stormshield","description":"Stormshield","potentialAction":[{"@type":"SearchAction","target":{"@type":"EntryPoint","urlTemplate":"https:\/\/www.stormshield.com\/fr\/?s={search_term_string}"},"query-input":{"@type":"PropertyValueSpecification","valueRequired":true,"valueName":"search_term_string"}}],"inLanguage":"fr-FR"}]}},"_links":{"self":[{"href":"https:\/\/www.stormshield.com\/fr\/wp-json\/wp\/v2\/pages\/221021","targetHints":{"allow":["GET"]}}],"collection":[{"href":"https:\/\/www.stormshield.com\/fr\/wp-json\/wp\/v2\/pages"}],"about":[{"href":"https:\/\/www.stormshield.com\/fr\/wp-json\/wp\/v2\/types\/page"}],"author":[{"embeddable":true,"href":"https:\/\/www.stormshield.com\/fr\/wp-json\/wp\/v2\/users\/31"}],"replies":[{"embeddable":true,"href":"https:\/\/www.stormshield.com\/fr\/wp-json\/wp\/v2\/comments?post=221021"}],"version-history":[{"count":17,"href":"https:\/\/www.stormshield.com\/fr\/wp-json\/wp\/v2\/pages\/221021\/revisions"}],"predecessor-version":[{"id":484615,"href":"https:\/\/www.stormshield.com\/fr\/wp-json\/wp\/v2\/pages\/221021\/revisions\/484615"}],"up":[{"embeddable":true,"href":"https:\/\/www.stormshield.com\/fr\/wp-json\/wp\/v2\/pages\/315839"}],"wp:attachment":[{"href":"https:\/\/www.stormshield.com\/fr\/wp-json\/wp\/v2\/media?parent=221021"}],"curies":[{"name":"wp","href":"https:\/\/api.w.org\/{rel}","templated":true}]}}