{"id":220903,"date":"2021-09-20T13:05:33","date_gmt":"2021-09-20T12:05:33","guid":{"rendered":"https:\/\/www.stormshield.com\/?page_id=220903"},"modified":"2024-02-13T14:37:59","modified_gmt":"2024-02-13T13:37:59","slug":"serveurs","status":"publish","type":"page","link":"https:\/\/www.stormshield.com\/fr\/produits-et-services\/produits\/protection-des-postes-et-serveurs\/serveurs\/","title":{"rendered":"Protection des serveurs"},"content":{"rendered":"<div class=\"wpb-content-wrapper\"><p>[vc_row css_animation=\"\" row_type=\"row\" use_row_as_full_screen_section=\"no\" type=\"grid\" angled_section=\"no\" text_align=\"left\" background_image_as_pattern=\"without_pattern\" z_index=\"\" padding_top=\"50\" padding_bottom=\"50\"][vc_column][vc_column_text]<\/p>\n<h1 style=\"text-align: center;\"><span style=\"color: #00aaf5;\"><span style=\"font-weight: 300; font-size: 1.5em;\">Les terminaux face au risque cyber\u00a0:<\/span><\/span><span style=\"color: #00aaf5;\"><span style=\"font-weight: 900; font-size: 1.5em;\"> prot\u00e9gez vos serveurs d'entreprise<\/span><\/span><\/h1>\n<p>[\/vc_column_text][\/vc_column][\/vc_row][vc_row css_animation=\"\" row_type=\"row\" use_row_as_full_screen_section=\"no\" type=\"grid\" angled_section=\"no\" text_align=\"left\" background_image_as_pattern=\"without_pattern\" z_index=\"\"][vc_column][vc_empty_space][vc_column_text]<span style=\"color: #000; font-size: 1.1em;\"><strong>Ils constituent le c\u0153ur du syst\u00e8me informatique de votre entreprise. Pour assurer l\u2019int\u00e9grit\u00e9 des donn\u00e9es qui y transitent, ainsi que tenir leur r\u00f4le de mani\u00e8re optimale et sans interruption, vos serveurs n\u00e9cessitent donc une protection adapt\u00e9e.<\/strong>[\/vc_column_text][vc_empty_space][\/vc_column][\/vc_row][vc_row css_animation=\"\" row_type=\"row\" use_row_as_full_screen_section=\"no\" type=\"grid\" angled_section=\"no\" text_align=\"left\" background_image_as_pattern=\"without_pattern\" z_index=\"\" padding_bottom=\"50\" padding_top=\"50\"][vc_column][vc_row_inner row_type=\"row\" type=\"full_width\" text_align=\"left\" css_animation=\"\"][vc_column_inner width=\"2\/3\" css=\".vc_custom_1707301100379{padding-right: 32px !important;}\"][vc_column_text]<\/span><\/p>\n<h2><span style=\"color: #000; font-size: 1.2em; font-weight: 900;\">Pourquoi prot\u00e9ger vos serveurs informatiques ?<\/span><\/h2>\n<p><span style=\"color: #000; font-size: 1.1em;\"><strong>Il n\u2019y a pas une fonction vitale de votre entreprise qui n\u2019ait besoin de vos serveurs informatiques pour se d\u00e9ployer.<\/strong>\u00a0<\/span><\/p>\n<p><span style=\"color: #000; font-size: 1.1em;\">Ceux-ci assurent de nombreuses t\u00e2ches indispensables \u00e0 votre activit\u00e9 et \u00e0 votre flotte informatique\u00a0: permettre aux divers postes de travail de votre entreprise de fonctionner en r\u00e9seau, de se connecter \u00e0 votre messagerie \u00e9lectronique et \u00e0 des logiciels h\u00e9berg\u00e9s, d\u2019acc\u00e9der \u00e0 vos donn\u00e9es et d\u2019en stocker. Sans compter qu\u2019ils g\u00e8rent \u00e9galement les authentifications et le contr\u00f4le d\u2019acc\u00e8s \u00e0 votre r\u00e9seau interne.<\/span>[\/vc_column_text][\/vc_column_inner][vc_column_inner width=\"1\/3\" css=\".vc_custom_1707300913998{padding-top: 32px !important;padding-right: 32px !important;padding-bottom: 32px !important;padding-left: 32px !important;background-color: #060051 !important;}\"][vc_column_text]<span style=\"font-size: 1.1em; color: #ffffff;\"><strong>Et c\u2019est parce qu\u2019ils conditionnent directement la bonne marche de votre entreprise que les serveurs repr\u00e9sentent une cible de choix pour les cybercriminels.<\/strong> Des cyberattaques men\u00e9es au moyen de diverses formes de malware peuvent ainsi exposer votre entreprise \u00e0 de nombreux risques. Cela peut mener \u00e0 l\u2019arr\u00eat de votre activit\u00e9 pure et simple. Ou de mani\u00e8re moins brutale, mais tout aussi dommageable, \u00e0 la perte, \u00e0 l\u2019acc\u00e8s restreint ou au vol de vos donn\u00e9es. Sans oublier l\u2019espionnage industriel, ou le blocage de l\u2019acc\u00e8s \u00e0 certains services pour vos clients...<\/span>[\/vc_column_text][\/vc_column_inner][\/vc_row_inner][\/vc_column][\/vc_row][vc_row row_type=\"parallax\" parallax_content_width=\"in_grid\" text_align=\"left\" full_screen_section_height=\"yes\" vertically_align_content_in_middle=\"yes\" background_image=\"224708\"][vc_column][vc_row_inner row_type=\"row\" type=\"full_width\" text_align=\"left\" css_animation=\"\"][vc_column_inner width=\"3\/5\"][\/vc_column_inner][vc_column_inner width=\"2\/5\"][vc_column_text]<\/p>\n<h2><span style=\"color: #000; font-size: 1.2em; font-weight: 900;\">Stormshield Endpoint Security, <strong>une gamme de protection robuste et proactive pour vos serveurs<\/strong><\/span><\/h2>\n<p><span style=\"color: #000; font-size: 1.1em;\"><strong>Avec notre gamme Stormshield Endpoint Security (SES), b\u00e9n\u00e9ficiez du meilleur de la s\u00e9curit\u00e9 pour vos serveurs.<\/strong> Avec la version Stormshield Endpoint Security Evolution, certifi\u00e9e CSPN par l'ANSSI, disposez d\u2019une solution combinant des fonctions de protection (EPP) et de d\u00e9tection (EDR), constamment actives, qui recherchent les menaces potentielles pour les contrecarrer au plus vite. Et pour r\u00e9pondre aux menaces grandissantes sur les solutions de s\u00e9curit\u00e9 elles-m\u00eames, la robustesse de la solution est renforc\u00e9e, gr\u00e2ce \u00e0 un m\u00e9canisme unique d\u2019autoprotection et d'autor\u00e9paration.<\/span>[\/vc_column_text][vc_empty_space]<a  itemprop=\"url\" href=\"https:\/\/www.stormshield.com\/fr\/produits-et-services\/produits\/protection-des-postes-et-serveurs\/stormshield-endpoint-security\/\" target=\"_self\" data-hover-background-color=\"#00aeef\" data-hover-border-color=\"#00aeef\" class=\"qbutton  white enlarge\" style=\"border-color: #ffffff; background-color:#060051;\">D\u00e9couvrez notre gamme SES<i class=\"qode_icon_font_awesome fa fa-angle-right qode_button_icon_element\"><\/i><\/a>[\/vc_column_inner][\/vc_row_inner][\/vc_column][\/vc_row][vc_row css_animation=\"\" row_type=\"row\" use_row_as_full_screen_section=\"no\" type=\"grid\" angled_section=\"no\" text_align=\"left\" background_image_as_pattern=\"without_pattern\" z_index=\"\" padding_top=\"50\" padding_bottom=\"50\"][vc_column][vc_row_inner row_type=\"row\" type=\"grid\" text_align=\"left\" css_animation=\"\" css=\".vc_custom_1707301249345{padding-top: 32px !important;padding-right: 32px !important;padding-bottom: 32px !important;padding-left: 32px !important;background-color: #f9f9f9 !important;}\"][vc_column_inner width=\"2\/3\"][vc_column_text]<span style=\"color: #000; font-size: 1.1em;\">Vous souhaitez en savoir plus sur les mesures essentielles \u00e0 mettre en \u0153uvre pour prot\u00e9ger vos serveurs\u00a0? <strong>Contactez nos \u00e9quipes commerciales et avant-vente pour vous orienter sur les bonnes pratiques et les solutions cybers\u00e9curit\u00e9 \u00e0 mettre en place au sein de votre entreprise.<\/strong><\/span>[\/vc_column_text][vc_empty_space]<a  itemprop=\"url\" href=\"https:\/\/www.stormshield.com\/fr\/contact\/service-commercial\/\" target=\"_self\" data-hover-background-color=\"#00aeef\" data-hover-border-color=\"#00aeef\" class=\"qbutton  white enlarge\" style=\"border-color: #ffffff; background-color:#060051;\">Contactez les \u00e9quipes Stormshield<i class=\"qode_icon_font_awesome fa fa-angle-right qode_button_icon_element\"><\/i><\/a>[vc_empty_space][\/vc_column_inner][vc_column_inner width=\"1\/3\"][vc_single_image image=\"456268\" alignment=\"center\" qode_css_animation=\"\"][\/vc_column_inner][\/vc_row_inner][\/vc_column][\/vc_row]<\/p>\n<\/div>","protected":false},"excerpt":{"rendered":"<p>[vc_row css_animation=\u00a0\u00bb\u00a0\u00bb row_type=\u00a0\u00bbrow\u00a0\u00bb use_row_as_full_screen_section=\u00a0\u00bbno\u00a0\u00bb type=\u00a0\u00bbgrid\u00a0\u00bb angled_section=\u00a0\u00bbno\u00a0\u00bb text_align=\u00a0\u00bbleft\u00a0\u00bb background_image_as_pattern=\u00a0\u00bbwithout_pattern\u00a0\u00bb z_index=\u00a0\u00bb\u00a0\u00bb padding_top=\u00a0\u00bb50&Prime; padding_bottom=\u00a0\u00bb50&Prime;][vc_column][vc_column_text] Les terminaux face au risque cyber\u00a0: prot\u00e9gez vos serveurs d&rsquo;entreprise [\/vc_column_text][\/vc_column][\/vc_row][vc_row css_animation=\u00a0\u00bb\u00a0\u00bb row_type=\u00a0\u00bbrow\u00a0\u00bb use_row_as_full_screen_section=\u00a0\u00bbno\u00a0\u00bb type=\u00a0\u00bbgrid\u00a0\u00bb angled_section=\u00a0\u00bbno\u00a0\u00bb text_align=\u00a0\u00bbleft\u00a0\u00bb background_image_as_pattern=\u00a0\u00bbwithout_pattern\u00a0\u00bb z_index=\u00a0\u00bb\u00a0\u00bb][vc_column][vc_empty_space][vc_column_text]Ils constituent le c\u0153ur du syst\u00e8me informatique de votre entreprise. Pour assurer l\u2019int\u00e9grit\u00e9 des donn\u00e9es qui&#8230;<\/p>\n","protected":false},"author":31,"featured_media":0,"parent":220895,"menu_order":163,"comment_status":"closed","ping_status":"closed","template":"full_width.php","meta":{"_acf_changed":false,"footnotes":""},"class_list":["post-220903","page","type-page","status-publish","hentry"],"acf":[],"yoast_head":"<!-- This site is optimized with the Yoast SEO plugin v27.0 - https:\/\/yoast.com\/product\/yoast-seo-wordpress\/ -->\n<title>Cybers\u00e9curit\u00e9 et serveurs d&#039;entreprise | Stormshield<\/title>\n<meta name=\"description\" content=\"Pour garantir l&#039;int\u00e9grit\u00e9 des donn\u00e9es qui transitent par les serveurs de votre entreprise, choisissez la protection appropri\u00e9e parmi les services Stormshield.\" \/>\n<meta name=\"robots\" content=\"index, follow, max-snippet:-1, max-image-preview:large, max-video-preview:-1\" \/>\n<link rel=\"canonical\" href=\"https:\/\/www.stormshield.com\/fr\/produits-et-services\/produits\/protection-des-postes-et-serveurs\/serveurs\/\" \/>\n<meta property=\"og:locale\" content=\"fr_FR\" \/>\n<meta property=\"og:type\" content=\"article\" \/>\n<meta property=\"og:title\" content=\"Cybers\u00e9curit\u00e9 et serveurs d&#039;entreprise | Stormshield\" \/>\n<meta property=\"og:description\" content=\"Pour garantir l&#039;int\u00e9grit\u00e9 des donn\u00e9es qui transitent par les serveurs de votre entreprise, choisissez la protection appropri\u00e9e parmi les services Stormshield.\" \/>\n<meta property=\"og:url\" content=\"https:\/\/www.stormshield.com\/fr\/produits-et-services\/produits\/protection-des-postes-et-serveurs\/serveurs\/\" \/>\n<meta property=\"og:site_name\" content=\"Stormshield\" \/>\n<meta property=\"article:modified_time\" content=\"2024-02-13T13:37:59+00:00\" \/>\n<meta property=\"og:image\" content=\"https:\/\/www.stormshield.com\/wp-content\/uploads\/stormshield_logo.png\" \/>\n\t<meta property=\"og:image:width\" content=\"204\" \/>\n\t<meta property=\"og:image:height\" content=\"94\" \/>\n\t<meta property=\"og:image:type\" content=\"image\/png\" \/>\n<meta name=\"twitter:card\" content=\"summary_large_image\" \/>\n<meta name=\"twitter:site\" content=\"@Stormshield\" \/>\n<meta name=\"twitter:label1\" content=\"Dur\u00e9e de lecture estim\u00e9e\" \/>\n\t<meta name=\"twitter:data1\" content=\"3 minutes\" \/>\n<script type=\"application\/ld+json\" class=\"yoast-schema-graph\">{\"@context\":\"https:\/\/schema.org\",\"@graph\":[{\"@type\":\"WebPage\",\"@id\":\"https:\/\/www.stormshield.com\/fr\/produits-et-services\/produits\/protection-des-postes-et-serveurs\/serveurs\/\",\"url\":\"https:\/\/www.stormshield.com\/fr\/produits-et-services\/produits\/protection-des-postes-et-serveurs\/serveurs\/\",\"name\":\"Cybers\u00e9curit\u00e9 et serveurs d'entreprise | Stormshield\",\"isPartOf\":{\"@id\":\"https:\/\/www.stormshield.com\/fr\/#website\"},\"datePublished\":\"2021-09-20T12:05:33+00:00\",\"dateModified\":\"2024-02-13T13:37:59+00:00\",\"description\":\"Pour garantir l'int\u00e9grit\u00e9 des donn\u00e9es qui transitent par les serveurs de votre entreprise, choisissez la protection appropri\u00e9e parmi les services Stormshield.\",\"breadcrumb\":{\"@id\":\"https:\/\/www.stormshield.com\/fr\/produits-et-services\/produits\/protection-des-postes-et-serveurs\/serveurs\/#breadcrumb\"},\"inLanguage\":\"fr-FR\",\"potentialAction\":[{\"@type\":\"ReadAction\",\"target\":[\"https:\/\/www.stormshield.com\/fr\/produits-et-services\/produits\/protection-des-postes-et-serveurs\/serveurs\/\"]}]},{\"@type\":\"BreadcrumbList\",\"@id\":\"https:\/\/www.stormshield.com\/fr\/produits-et-services\/produits\/protection-des-postes-et-serveurs\/serveurs\/#breadcrumb\",\"itemListElement\":[{\"@type\":\"ListItem\",\"position\":1,\"name\":\"Home\",\"item\":\"https:\/\/www.stormshield.com\/fr\/\"},{\"@type\":\"ListItem\",\"position\":2,\"name\":\"Produits &amp; Solutions\",\"item\":\"https:\/\/www.stormshield.com\/fr\/produits-et-services\/\"},{\"@type\":\"ListItem\",\"position\":3,\"name\":\"Tous nos produits\",\"item\":\"https:\/\/www.stormshield.com\/fr\/produits-et-services\/produits\/\"},{\"@type\":\"ListItem\",\"position\":4,\"name\":\"Protection des postes et serveurs\",\"item\":\"https:\/\/www.stormshield.com\/fr\/produits-et-services\/produits\/protection-des-postes-et-serveurs\/\"},{\"@type\":\"ListItem\",\"position\":5,\"name\":\"Protection des serveurs\"}]},{\"@type\":\"WebSite\",\"@id\":\"https:\/\/www.stormshield.com\/fr\/#website\",\"url\":\"https:\/\/www.stormshield.com\/fr\/\",\"name\":\"Stormshield\",\"description\":\"Stormshield\",\"potentialAction\":[{\"@type\":\"SearchAction\",\"target\":{\"@type\":\"EntryPoint\",\"urlTemplate\":\"https:\/\/www.stormshield.com\/fr\/?s={search_term_string}\"},\"query-input\":{\"@type\":\"PropertyValueSpecification\",\"valueRequired\":true,\"valueName\":\"search_term_string\"}}],\"inLanguage\":\"fr-FR\"}]}<\/script>\n<!-- \/ Yoast SEO plugin. -->","yoast_head_json":{"title":"Cybers\u00e9curit\u00e9 et serveurs d'entreprise | Stormshield","description":"Pour garantir l'int\u00e9grit\u00e9 des donn\u00e9es qui transitent par les serveurs de votre entreprise, choisissez la protection appropri\u00e9e parmi les services Stormshield.","robots":{"index":"index","follow":"follow","max-snippet":"max-snippet:-1","max-image-preview":"max-image-preview:large","max-video-preview":"max-video-preview:-1"},"canonical":"https:\/\/www.stormshield.com\/fr\/produits-et-services\/produits\/protection-des-postes-et-serveurs\/serveurs\/","og_locale":"fr_FR","og_type":"article","og_title":"Cybers\u00e9curit\u00e9 et serveurs d'entreprise | Stormshield","og_description":"Pour garantir l'int\u00e9grit\u00e9 des donn\u00e9es qui transitent par les serveurs de votre entreprise, choisissez la protection appropri\u00e9e parmi les services Stormshield.","og_url":"https:\/\/www.stormshield.com\/fr\/produits-et-services\/produits\/protection-des-postes-et-serveurs\/serveurs\/","og_site_name":"Stormshield","article_modified_time":"2024-02-13T13:37:59+00:00","og_image":[{"width":204,"height":94,"url":"https:\/\/www.stormshield.com\/wp-content\/uploads\/stormshield_logo.png","type":"image\/png"}],"twitter_card":"summary_large_image","twitter_site":"@Stormshield","twitter_misc":{"Dur\u00e9e de lecture estim\u00e9e":"3 minutes"},"schema":{"@context":"https:\/\/schema.org","@graph":[{"@type":"WebPage","@id":"https:\/\/www.stormshield.com\/fr\/produits-et-services\/produits\/protection-des-postes-et-serveurs\/serveurs\/","url":"https:\/\/www.stormshield.com\/fr\/produits-et-services\/produits\/protection-des-postes-et-serveurs\/serveurs\/","name":"Cybers\u00e9curit\u00e9 et serveurs d'entreprise | Stormshield","isPartOf":{"@id":"https:\/\/www.stormshield.com\/fr\/#website"},"datePublished":"2021-09-20T12:05:33+00:00","dateModified":"2024-02-13T13:37:59+00:00","description":"Pour garantir l'int\u00e9grit\u00e9 des donn\u00e9es qui transitent par les serveurs de votre entreprise, choisissez la protection appropri\u00e9e parmi les services Stormshield.","breadcrumb":{"@id":"https:\/\/www.stormshield.com\/fr\/produits-et-services\/produits\/protection-des-postes-et-serveurs\/serveurs\/#breadcrumb"},"inLanguage":"fr-FR","potentialAction":[{"@type":"ReadAction","target":["https:\/\/www.stormshield.com\/fr\/produits-et-services\/produits\/protection-des-postes-et-serveurs\/serveurs\/"]}]},{"@type":"BreadcrumbList","@id":"https:\/\/www.stormshield.com\/fr\/produits-et-services\/produits\/protection-des-postes-et-serveurs\/serveurs\/#breadcrumb","itemListElement":[{"@type":"ListItem","position":1,"name":"Home","item":"https:\/\/www.stormshield.com\/fr\/"},{"@type":"ListItem","position":2,"name":"Produits &amp; Solutions","item":"https:\/\/www.stormshield.com\/fr\/produits-et-services\/"},{"@type":"ListItem","position":3,"name":"Tous nos produits","item":"https:\/\/www.stormshield.com\/fr\/produits-et-services\/produits\/"},{"@type":"ListItem","position":4,"name":"Protection des postes et serveurs","item":"https:\/\/www.stormshield.com\/fr\/produits-et-services\/produits\/protection-des-postes-et-serveurs\/"},{"@type":"ListItem","position":5,"name":"Protection des serveurs"}]},{"@type":"WebSite","@id":"https:\/\/www.stormshield.com\/fr\/#website","url":"https:\/\/www.stormshield.com\/fr\/","name":"Stormshield","description":"Stormshield","potentialAction":[{"@type":"SearchAction","target":{"@type":"EntryPoint","urlTemplate":"https:\/\/www.stormshield.com\/fr\/?s={search_term_string}"},"query-input":{"@type":"PropertyValueSpecification","valueRequired":true,"valueName":"search_term_string"}}],"inLanguage":"fr-FR"}]}},"_links":{"self":[{"href":"https:\/\/www.stormshield.com\/fr\/wp-json\/wp\/v2\/pages\/220903","targetHints":{"allow":["GET"]}}],"collection":[{"href":"https:\/\/www.stormshield.com\/fr\/wp-json\/wp\/v2\/pages"}],"about":[{"href":"https:\/\/www.stormshield.com\/fr\/wp-json\/wp\/v2\/types\/page"}],"author":[{"embeddable":true,"href":"https:\/\/www.stormshield.com\/fr\/wp-json\/wp\/v2\/users\/31"}],"replies":[{"embeddable":true,"href":"https:\/\/www.stormshield.com\/fr\/wp-json\/wp\/v2\/comments?post=220903"}],"version-history":[{"count":15,"href":"https:\/\/www.stormshield.com\/fr\/wp-json\/wp\/v2\/pages\/220903\/revisions"}],"predecessor-version":[{"id":493325,"href":"https:\/\/www.stormshield.com\/fr\/wp-json\/wp\/v2\/pages\/220903\/revisions\/493325"}],"up":[{"embeddable":true,"href":"https:\/\/www.stormshield.com\/fr\/wp-json\/wp\/v2\/pages\/220895"}],"wp:attachment":[{"href":"https:\/\/www.stormshield.com\/fr\/wp-json\/wp\/v2\/media?parent=220903"}],"curies":[{"name":"wp","href":"https:\/\/api.w.org\/{rel}","templated":true}]}}