{"id":220900,"date":"2021-09-20T13:05:50","date_gmt":"2021-09-20T12:05:50","guid":{"rendered":"https:\/\/www.stormshield.com\/?page_id=220900"},"modified":"2024-02-13T14:37:35","modified_gmt":"2024-02-13T13:37:35","slug":"terminaux","status":"publish","type":"page","link":"https:\/\/www.stormshield.com\/fr\/produits-et-services\/produits\/protection-des-postes-et-serveurs\/terminaux\/","title":{"rendered":"Protection des postes"},"content":{"rendered":"<div class=\"wpb-content-wrapper\"><p>[vc_row css_animation=\"\" row_type=\"row\" use_row_as_full_screen_section=\"no\" type=\"grid\" angled_section=\"no\" text_align=\"left\" background_image_as_pattern=\"without_pattern\" z_index=\"\" padding_top=\"50\" padding_bottom=\"50\"][vc_column][vc_column_text]<\/p>\n<h1 style=\"text-align: center;\"><span style=\"color: #00aaf5;\"><span style=\"font-weight: 300; font-size: 1.5em;\">Les terminaux face aux risques cyber\u00a0: <\/span><\/span><span style=\"color: #00aaf5;\"><span style=\"font-weight: 900; font-size: 1.5em;\">prot\u00e9gez vos postes de travail en entreprise<\/span><\/span><\/h1>\n<p>[\/vc_column_text][\/vc_column][\/vc_row][vc_row css_animation=\"\" row_type=\"row\" use_row_as_full_screen_section=\"no\" type=\"grid\" angled_section=\"no\" text_align=\"left\" background_image_as_pattern=\"without_pattern\" z_index=\"\"][vc_column][vc_empty_space][vc_column_text]<span style=\"color: #000; font-size: 1.1em;\"><strong>L\u2019erreur humaine et les nouveaux usages professionnels \u2013 notamment li\u00e9s \u00e0 la distance et \u00e0 la mobilit\u00e9 - sont souvent point\u00e9s du doigt en mati\u00e8re de cybers\u00e9curit\u00e9. La s\u00e9curit\u00e9 de vos postes de travail devient un enjeu majeur et sensible car il touche \u00e0 l\u2019hygi\u00e8ne informatique de tout un chacun au sein de votre entreprise.<\/strong>[\/vc_column_text][vc_empty_space][\/vc_column][\/vc_row][vc_row css_animation=\"\" row_type=\"row\" use_row_as_full_screen_section=\"no\" type=\"grid\" angled_section=\"no\" text_align=\"left\" background_image_as_pattern=\"without_pattern\" z_index=\"\" padding_bottom=\"50\"][vc_column][vc_row_inner row_type=\"row\" type=\"full_width\" text_align=\"left\" css_animation=\"\"][vc_column_inner width=\"2\/3\"][vc_column_text]<\/span><\/p>\n<h2><span style=\"color: #000; font-size: 1.2em; font-weight: 900;\">Entre l\u2019\u00e9cran et le si\u00e8ge\u00a0: le point faible de votre s\u00e9curit\u00e9 informatique\u00a0?<\/span><\/h2>\n<p><span style=\"color: #000; font-size: 1.1em;\">N\u2019importe lequel de vos employ\u00e9s, sereinement install\u00e9 \u00e0 son poste de travail, peut amener, par son action, \u00e0 une infection ou une compromission de vos donn\u00e9es. Comment\u00a0? Par un simple clic, par exemple, sur un lien corrompu dans un email (hame\u00e7onnage ou <em>phishing<\/em>). Une inattention, un manque de vigilance ou un clic trop rapide et c\u2019est la porte d\u2019entr\u00e9e sur votre syst\u00e8me qui s\u2019ouvre en grand.<\/span><\/p>\n<p><span style=\"color: #000; font-size: 1.1em;\">Quelles que soient les formes d\u2019une cyberattaque (harponnage ou <em>spear-phising<\/em>, attaque par point d'eau ou <em>water holing<\/em>\u2026), le moyen utilis\u00e9 demeure le m\u00eame\u00a0: <strong>pi\u00e9ger l\u2019un de vos collaborateurs et l\u2019amener, \u00e0 son insu, \u00e0 commettre l'action qui installera un malware sur son poste et qui donnera acc\u00e8s \u00e0 votre r\u00e9seau informatique.<\/strong><\/span>[\/vc_column_text][\/vc_column_inner][vc_column_inner width=\"1\/3\"][vc_empty_space][vc_single_image image=\"456753\" img_size=\"medium\" qode_css_animation=\"\"][\/vc_column_inner][\/vc_row_inner][\/vc_column][\/vc_row][vc_row css_animation=\"\" row_type=\"row\" use_row_as_full_screen_section=\"no\" type=\"grid\" angled_section=\"no\" text_align=\"left\" background_image_as_pattern=\"without_pattern\" z_index=\"\" padding_top=\"50\" padding_bottom=\"50\"][vc_column][vc_row_inner row_type=\"row\" type=\"full_width\" text_align=\"left\" css_animation=\"\" css=\".vc_custom_1707235657947{padding-top: 32px !important;padding-right: 32px !important;padding-left: 32px !important;background-color: #f9f9f9 !important;}\"][vc_column_inner][vc_column_text]<\/p>\n<h2><span style=\"color: #000; font-size: 1.2em; font-weight: 900;\">M\u00e9dias amovibles et collaborateurs nomades, autres sources de menaces<\/span><\/h2>\n<p><span style=\"color: #000; font-size: 1.1em;\">M\u00eame si Internet reste le vecteur de menaces informatiques le plus redoutable, vous devez \u00e9galement pr\u00e9server votre r\u00e9seau des risques d\u2019infiltration ou d\u2019infection par malware que repr\u00e9sentent les m\u00e9dias amovibles\u00a0: cl\u00e9s USB ou disques externes, ainsi que les postes nomades de vos collaborateurs, voire de vos prestataires. En effet, sans les r\u00e8gles essentielles d\u2019une bonne hygi\u00e8ne informatique, les collaborateurs nomades multiplient les risques d\u2019infections de leurs mat\u00e9riels.<\/span>[\/vc_column_text][\/vc_column_inner][\/vc_row_inner][vc_row_inner row_type=\"row\" type=\"grid\" text_align=\"left\" css_animation=\"\" css=\".vc_custom_1707235610517{padding-top: 32px !important;padding-right: 32px !important;padding-bottom: 32px !important;padding-left: 32px !important;background-color: #f9f9f9 !important;}\"][vc_column_inner width=\"1\/2\" css=\".vc_custom_1707235448090{padding-top: 32px !important;padding-right: 32px !important;padding-bottom: 32px !important;padding-left: 32px !important;}\"][vc_single_image image=\"456298\" qode_css_animation=\"\"][vc_column_text]<\/p>\n<h3><span style=\"color: #000; font-size: 1.1em; font-weight: 900;\">Les m\u00e9dias amovibles : attention aux malwares transmis en cascade<\/span><\/h3>\n<p><span style=\"color: #000; font-size: 1.1em;\">Les m\u00e9dias amovibles, par essence, sont con\u00e7us pour \u00eatre install\u00e9s puis connect\u00e9s, d\u00e9connect\u00e9s et reconnect\u00e9s \u00e0 diff\u00e9rents postes selon les besoins des utilisateurs, pour \u00e9changer des donn\u00e9es. Et ce faisant, <strong>ils peuvent potentiellement transmettre des malwares \u00e0 diff\u00e9rents \u00e9quipements, eux-m\u00eames connect\u00e9s au r\u00e9seau de l\u2019entreprise et vecteurs de contamination.<\/strong>[\/vc_column_text][\/vc_column_inner][vc_column_inner width=\"1\/2\" css=\".vc_custom_1707235524367{padding-top: 32px !important;padding-right: 32px !important;padding-bottom: 32px !important;padding-left: 32px !important;}\"][vc_single_image image=\"456353\" qode_css_animation=\"\"][vc_column_text]<\/span><\/p>\n<h3><span style=\"color: #000; font-size: 1.1em; font-weight: 900;\">Les collaborateurs en mobilit\u00e9 : des niveaux de s\u00e9curit\u00e9 variables<\/span><\/h3>\n<p><span style=\"color: #000; font-size: 1.1em;\">Au cours de ses missions, le collaborateur nomade est amen\u00e9 \u00e0 travailler avec son portable, sa tablette ou son t\u00e9l\u00e9phone mobile dans des lieux de connexion aux niveaux de s\u00e9curit\u00e9 variables. C\u2019est notamment le cas lorsqu\u2019il utilise le r\u00e9seau Internet d\u2019un client (qui peut \u00eatre partag\u00e9 avec d\u2019autres entit\u00e9s), son r\u00e9seau Internet domestique ou encore des r\u00e9seaux Wi-Fi ouverts (dans une caf\u00e9t\u00e9ria ou un h\u00f4tel\u2026).<\/span><\/p>\n<p><span style=\"color: #000; font-size: 1.1em;\">Sa connexion peut alors faire l\u2019objet d\u2019une interception, exposant ainsi ses donn\u00e9es au vol ou son poste \u00e0 un malware. Dans ce dernier cas, <strong>le collaborateur risque de transmettre un malware au r\u00e9seau informatique de l\u2019entreprise en s\u2019y reconnectant avec son poste infect\u00e9.<\/strong><\/span>[\/vc_column_text][\/vc_column_inner][\/vc_row_inner][\/vc_column][\/vc_row][vc_row row_type=\"parallax\" parallax_content_width=\"in_grid\" text_align=\"left\" full_screen_section_height=\"yes\" vertically_align_content_in_middle=\"yes\" background_image=\"224708\"][vc_column][vc_row_inner row_type=\"row\" type=\"full_width\" text_align=\"left\" css_animation=\"\"][vc_column_inner width=\"3\/5\"][\/vc_column_inner][vc_column_inner width=\"2\/5\"][vc_column_text]<\/p>\n<h2><span style=\"color: #000; font-size: 1.2em; font-weight: 900;\">Stormshield Endpoint Security, <strong>une solution de protection dynamique et fiable pour vos postes de travail<\/strong><\/span><\/h2>\n<p><span style=\"color: #000; font-size: 1.1em;\"><strong>Pour r\u00e9pondre \u00e0 ces probl\u00e9matiques de protection endpoint, nos \u00e9quipes ont mis au point la gamme Stormshield Endpoint Security (SES), solution certifi\u00e9e CSPN par l'ANSSI.<\/strong> Cette protection autonome est capable de modifier de mani\u00e8re dynamique ses op\u00e9rations de s\u00e9curit\u00e9 en fonction de son environnement. Et d\u2019analyser dans le m\u00eame temps l\u2019acc\u00e8s aux applications et aux ressources de l\u2019entreprise selon l\u2019emplacement du poste.<\/span>[\/vc_column_text][vc_empty_space]<a  itemprop=\"url\" href=\"https:\/\/www.stormshield.com\/fr\/produits-et-services\/produits\/protection-des-postes-et-serveurs\/stormshield-endpoint-security\/\" target=\"_self\" data-hover-background-color=\"#00aeef\" data-hover-border-color=\"#00aeef\" class=\"qbutton  white enlarge\" style=\"border-color: #ffffff; background-color:#060051;\">D\u00e9couvrez notre gamme SES<i class=\"qode_icon_font_awesome fa fa-angle-right qode_button_icon_element\"><\/i><\/a>[vc_empty_space][\/vc_column_inner][\/vc_row_inner][\/vc_column][\/vc_row][vc_row css_animation=\"\" row_type=\"row\" use_row_as_full_screen_section=\"no\" type=\"grid\" angled_section=\"no\" text_align=\"left\" background_image_as_pattern=\"without_pattern\" z_index=\"\" padding_top=\"50\" padding_bottom=\"50\"][vc_column][vc_row_inner row_type=\"row\" type=\"grid\" text_align=\"left\" css_animation=\"\" css=\".vc_custom_1707235755442{padding-top: 32px !important;padding-right: 32px !important;padding-bottom: 32px !important;padding-left: 32px !important;background-color: #060051 !important;}\"][vc_column_inner css=\".vc_custom_1707235851945{padding-right: 32px !important;}\"][vc_column_text]<span style=\"color: #ffffff; font-size: 1.1em;\"><strong>Vous n\u2019avez pas un doute sur le dernier e-mail que vous avez re\u00e7u\u00a0? Surtout envers la pi\u00e8ce-jointe qui l\u2019accompagne\u00a0? Faites appel au Portail Breach Fighter,<\/strong> un outil de recherche en libre acc\u00e8s qui d\u00e9tecte les \u00e9ventuels comportements malveillants dans les fichiers que vous recevez. <\/span><\/p>\n<p><span style=\"color: #ffffff; font-size: 1.1em;\">Ce service de d\u00e9tection de malware est une partie int\u00e9grante de notre solution de <em>sandboxing<\/em> Breach Fighter. Une solution bas\u00e9e sur l\u2019analyse comportementale issue de notre produit Stormshield Endpoint Security Evolution et des recherches de notre \u00e9quipe de Cyber Threat Intelligence. Breach Fighter peut ainsi analyser et d\u00e9tecter des comportements malveillants dans des e-mails contenant des pi\u00e8ces-jointes et dans des fichiers de type Microsoft Office, PDF, fichiers JAR et Java, scripts (Powershell, Jscript\u2026), fichiers ex\u00e9cutables Windows, ou encore des archives (ZIP, RAR, 7zip\u2026).<\/span>[\/vc_column_text][vc_empty_space]<a  itemprop=\"url\" href=\"https:\/\/breachfighter.stormshieldcs.eu\/\" target=\"_blank\" data-hover-background-color=\"#00aeef\" data-hover-border-color=\"#00aeef\" class=\"qbutton  white enlarge\" style=\"border-color: #ffffff; background-color:#060051;\">Acc\u00e9dez au portail Breach Fighter<i class=\"qode_icon_font_awesome fa fa-angle-right qode_button_icon_element\"><\/i><\/a>[vc_empty_space][\/vc_column_inner][\/vc_row_inner][\/vc_column][\/vc_row]<\/p>\n<\/div>","protected":false},"excerpt":{"rendered":"<p>[vc_row css_animation=\u00a0\u00bb\u00a0\u00bb row_type=\u00a0\u00bbrow\u00a0\u00bb use_row_as_full_screen_section=\u00a0\u00bbno\u00a0\u00bb type=\u00a0\u00bbgrid\u00a0\u00bb angled_section=\u00a0\u00bbno\u00a0\u00bb text_align=\u00a0\u00bbleft\u00a0\u00bb background_image_as_pattern=\u00a0\u00bbwithout_pattern\u00a0\u00bb z_index=\u00a0\u00bb\u00a0\u00bb padding_top=\u00a0\u00bb50&Prime; padding_bottom=\u00a0\u00bb50&Prime;][vc_column][vc_column_text] Les terminaux face aux risques cyber\u00a0: prot\u00e9gez vos postes de travail en entreprise [\/vc_column_text][\/vc_column][\/vc_row][vc_row css_animation=\u00a0\u00bb\u00a0\u00bb row_type=\u00a0\u00bbrow\u00a0\u00bb use_row_as_full_screen_section=\u00a0\u00bbno\u00a0\u00bb type=\u00a0\u00bbgrid\u00a0\u00bb angled_section=\u00a0\u00bbno\u00a0\u00bb text_align=\u00a0\u00bbleft\u00a0\u00bb background_image_as_pattern=\u00a0\u00bbwithout_pattern\u00a0\u00bb z_index=\u00a0\u00bb\u00a0\u00bb][vc_column][vc_empty_space][vc_column_text]L\u2019erreur humaine et les nouveaux usages professionnels \u2013 notamment li\u00e9s \u00e0 la distance&#8230;<\/p>\n","protected":false},"author":31,"featured_media":0,"parent":220895,"menu_order":103,"comment_status":"closed","ping_status":"closed","template":"full_width.php","meta":{"_acf_changed":false,"footnotes":""},"class_list":["post-220900","page","type-page","status-publish","hentry"],"acf":[],"yoast_head":"<!-- This site is optimized with the Yoast SEO plugin v27.0 - https:\/\/yoast.com\/product\/yoast-seo-wordpress\/ -->\n<title>Endpoint protection : postes de travail &amp; cybers\u00e9curit\u00e9 | Stormshield<\/title>\n<meta name=\"description\" content=\"La s\u00e9curit\u00e9 des postes de travail affecte la sant\u00e9 informatique de votre entreprise : pr\u00e9venez les probl\u00e8mes de s\u00e9curit\u00e9 &amp; faites confiance aux solutions Stormshield.\" \/>\n<meta name=\"robots\" content=\"index, follow, max-snippet:-1, max-image-preview:large, max-video-preview:-1\" \/>\n<link rel=\"canonical\" href=\"https:\/\/www.stormshield.com\/fr\/produits-et-services\/produits\/protection-des-postes-et-serveurs\/terminaux\/\" \/>\n<meta property=\"og:locale\" content=\"fr_FR\" \/>\n<meta property=\"og:type\" content=\"article\" \/>\n<meta property=\"og:title\" content=\"Endpoint protection : postes de travail &amp; cybers\u00e9curit\u00e9 | Stormshield\" \/>\n<meta property=\"og:description\" content=\"La s\u00e9curit\u00e9 des postes de travail affecte la sant\u00e9 informatique de votre entreprise : pr\u00e9venez les probl\u00e8mes de s\u00e9curit\u00e9 &amp; faites confiance aux solutions Stormshield.\" \/>\n<meta property=\"og:url\" content=\"https:\/\/www.stormshield.com\/fr\/produits-et-services\/produits\/protection-des-postes-et-serveurs\/terminaux\/\" \/>\n<meta property=\"og:site_name\" content=\"Stormshield\" \/>\n<meta property=\"article:modified_time\" content=\"2024-02-13T13:37:35+00:00\" \/>\n<meta property=\"og:image\" content=\"https:\/\/www.stormshield.com\/wp-content\/uploads\/stormshield_logo.png\" \/>\n\t<meta property=\"og:image:width\" content=\"204\" \/>\n\t<meta property=\"og:image:height\" content=\"94\" \/>\n\t<meta property=\"og:image:type\" content=\"image\/png\" \/>\n<meta name=\"twitter:card\" content=\"summary_large_image\" \/>\n<meta name=\"twitter:site\" content=\"@Stormshield\" \/>\n<meta name=\"twitter:label1\" content=\"Dur\u00e9e de lecture estim\u00e9e\" \/>\n\t<meta name=\"twitter:data1\" content=\"5 minutes\" \/>\n<script type=\"application\/ld+json\" class=\"yoast-schema-graph\">{\"@context\":\"https:\/\/schema.org\",\"@graph\":[{\"@type\":\"WebPage\",\"@id\":\"https:\/\/www.stormshield.com\/fr\/produits-et-services\/produits\/protection-des-postes-et-serveurs\/terminaux\/\",\"url\":\"https:\/\/www.stormshield.com\/fr\/produits-et-services\/produits\/protection-des-postes-et-serveurs\/terminaux\/\",\"name\":\"Endpoint protection : postes de travail & cybers\u00e9curit\u00e9 | Stormshield\",\"isPartOf\":{\"@id\":\"https:\/\/www.stormshield.com\/fr\/#website\"},\"datePublished\":\"2021-09-20T12:05:50+00:00\",\"dateModified\":\"2024-02-13T13:37:35+00:00\",\"description\":\"La s\u00e9curit\u00e9 des postes de travail affecte la sant\u00e9 informatique de votre entreprise : pr\u00e9venez les probl\u00e8mes de s\u00e9curit\u00e9 & faites confiance aux solutions Stormshield.\",\"breadcrumb\":{\"@id\":\"https:\/\/www.stormshield.com\/fr\/produits-et-services\/produits\/protection-des-postes-et-serveurs\/terminaux\/#breadcrumb\"},\"inLanguage\":\"fr-FR\",\"potentialAction\":[{\"@type\":\"ReadAction\",\"target\":[\"https:\/\/www.stormshield.com\/fr\/produits-et-services\/produits\/protection-des-postes-et-serveurs\/terminaux\/\"]}]},{\"@type\":\"BreadcrumbList\",\"@id\":\"https:\/\/www.stormshield.com\/fr\/produits-et-services\/produits\/protection-des-postes-et-serveurs\/terminaux\/#breadcrumb\",\"itemListElement\":[{\"@type\":\"ListItem\",\"position\":1,\"name\":\"Home\",\"item\":\"https:\/\/www.stormshield.com\/fr\/\"},{\"@type\":\"ListItem\",\"position\":2,\"name\":\"Produits &amp; Solutions\",\"item\":\"https:\/\/www.stormshield.com\/fr\/produits-et-services\/\"},{\"@type\":\"ListItem\",\"position\":3,\"name\":\"Tous nos produits\",\"item\":\"https:\/\/www.stormshield.com\/fr\/produits-et-services\/produits\/\"},{\"@type\":\"ListItem\",\"position\":4,\"name\":\"Protection des postes et serveurs\",\"item\":\"https:\/\/www.stormshield.com\/fr\/produits-et-services\/produits\/protection-des-postes-et-serveurs\/\"},{\"@type\":\"ListItem\",\"position\":5,\"name\":\"Protection des postes\"}]},{\"@type\":\"WebSite\",\"@id\":\"https:\/\/www.stormshield.com\/fr\/#website\",\"url\":\"https:\/\/www.stormshield.com\/fr\/\",\"name\":\"Stormshield\",\"description\":\"Stormshield\",\"potentialAction\":[{\"@type\":\"SearchAction\",\"target\":{\"@type\":\"EntryPoint\",\"urlTemplate\":\"https:\/\/www.stormshield.com\/fr\/?s={search_term_string}\"},\"query-input\":{\"@type\":\"PropertyValueSpecification\",\"valueRequired\":true,\"valueName\":\"search_term_string\"}}],\"inLanguage\":\"fr-FR\"}]}<\/script>\n<!-- \/ Yoast SEO plugin. -->","yoast_head_json":{"title":"Endpoint protection : postes de travail & cybers\u00e9curit\u00e9 | Stormshield","description":"La s\u00e9curit\u00e9 des postes de travail affecte la sant\u00e9 informatique de votre entreprise : pr\u00e9venez les probl\u00e8mes de s\u00e9curit\u00e9 & faites confiance aux solutions Stormshield.","robots":{"index":"index","follow":"follow","max-snippet":"max-snippet:-1","max-image-preview":"max-image-preview:large","max-video-preview":"max-video-preview:-1"},"canonical":"https:\/\/www.stormshield.com\/fr\/produits-et-services\/produits\/protection-des-postes-et-serveurs\/terminaux\/","og_locale":"fr_FR","og_type":"article","og_title":"Endpoint protection : postes de travail & cybers\u00e9curit\u00e9 | Stormshield","og_description":"La s\u00e9curit\u00e9 des postes de travail affecte la sant\u00e9 informatique de votre entreprise : pr\u00e9venez les probl\u00e8mes de s\u00e9curit\u00e9 & faites confiance aux solutions Stormshield.","og_url":"https:\/\/www.stormshield.com\/fr\/produits-et-services\/produits\/protection-des-postes-et-serveurs\/terminaux\/","og_site_name":"Stormshield","article_modified_time":"2024-02-13T13:37:35+00:00","og_image":[{"width":204,"height":94,"url":"https:\/\/www.stormshield.com\/wp-content\/uploads\/stormshield_logo.png","type":"image\/png"}],"twitter_card":"summary_large_image","twitter_site":"@Stormshield","twitter_misc":{"Dur\u00e9e de lecture estim\u00e9e":"5 minutes"},"schema":{"@context":"https:\/\/schema.org","@graph":[{"@type":"WebPage","@id":"https:\/\/www.stormshield.com\/fr\/produits-et-services\/produits\/protection-des-postes-et-serveurs\/terminaux\/","url":"https:\/\/www.stormshield.com\/fr\/produits-et-services\/produits\/protection-des-postes-et-serveurs\/terminaux\/","name":"Endpoint protection : postes de travail & cybers\u00e9curit\u00e9 | Stormshield","isPartOf":{"@id":"https:\/\/www.stormshield.com\/fr\/#website"},"datePublished":"2021-09-20T12:05:50+00:00","dateModified":"2024-02-13T13:37:35+00:00","description":"La s\u00e9curit\u00e9 des postes de travail affecte la sant\u00e9 informatique de votre entreprise : pr\u00e9venez les probl\u00e8mes de s\u00e9curit\u00e9 & faites confiance aux solutions Stormshield.","breadcrumb":{"@id":"https:\/\/www.stormshield.com\/fr\/produits-et-services\/produits\/protection-des-postes-et-serveurs\/terminaux\/#breadcrumb"},"inLanguage":"fr-FR","potentialAction":[{"@type":"ReadAction","target":["https:\/\/www.stormshield.com\/fr\/produits-et-services\/produits\/protection-des-postes-et-serveurs\/terminaux\/"]}]},{"@type":"BreadcrumbList","@id":"https:\/\/www.stormshield.com\/fr\/produits-et-services\/produits\/protection-des-postes-et-serveurs\/terminaux\/#breadcrumb","itemListElement":[{"@type":"ListItem","position":1,"name":"Home","item":"https:\/\/www.stormshield.com\/fr\/"},{"@type":"ListItem","position":2,"name":"Produits &amp; Solutions","item":"https:\/\/www.stormshield.com\/fr\/produits-et-services\/"},{"@type":"ListItem","position":3,"name":"Tous nos produits","item":"https:\/\/www.stormshield.com\/fr\/produits-et-services\/produits\/"},{"@type":"ListItem","position":4,"name":"Protection des postes et serveurs","item":"https:\/\/www.stormshield.com\/fr\/produits-et-services\/produits\/protection-des-postes-et-serveurs\/"},{"@type":"ListItem","position":5,"name":"Protection des postes"}]},{"@type":"WebSite","@id":"https:\/\/www.stormshield.com\/fr\/#website","url":"https:\/\/www.stormshield.com\/fr\/","name":"Stormshield","description":"Stormshield","potentialAction":[{"@type":"SearchAction","target":{"@type":"EntryPoint","urlTemplate":"https:\/\/www.stormshield.com\/fr\/?s={search_term_string}"},"query-input":{"@type":"PropertyValueSpecification","valueRequired":true,"valueName":"search_term_string"}}],"inLanguage":"fr-FR"}]}},"_links":{"self":[{"href":"https:\/\/www.stormshield.com\/fr\/wp-json\/wp\/v2\/pages\/220900","targetHints":{"allow":["GET"]}}],"collection":[{"href":"https:\/\/www.stormshield.com\/fr\/wp-json\/wp\/v2\/pages"}],"about":[{"href":"https:\/\/www.stormshield.com\/fr\/wp-json\/wp\/v2\/types\/page"}],"author":[{"embeddable":true,"href":"https:\/\/www.stormshield.com\/fr\/wp-json\/wp\/v2\/users\/31"}],"replies":[{"embeddable":true,"href":"https:\/\/www.stormshield.com\/fr\/wp-json\/wp\/v2\/comments?post=220900"}],"version-history":[{"count":22,"href":"https:\/\/www.stormshield.com\/fr\/wp-json\/wp\/v2\/pages\/220900\/revisions"}],"predecessor-version":[{"id":493324,"href":"https:\/\/www.stormshield.com\/fr\/wp-json\/wp\/v2\/pages\/220900\/revisions\/493324"}],"up":[{"embeddable":true,"href":"https:\/\/www.stormshield.com\/fr\/wp-json\/wp\/v2\/pages\/220895"}],"wp:attachment":[{"href":"https:\/\/www.stormshield.com\/fr\/wp-json\/wp\/v2\/media?parent=220900"}],"curies":[{"name":"wp","href":"https:\/\/api.w.org\/{rel}","templated":true}]}}