{"id":220895,"date":"2021-09-20T13:03:14","date_gmt":"2021-09-20T12:03:14","guid":{"rendered":"https:\/\/www.stormshield.com\/?page_id=220895"},"modified":"2024-07-02T12:55:53","modified_gmt":"2024-07-02T11:55:53","slug":"protection-des-postes-et-serveurs","status":"publish","type":"page","link":"https:\/\/www.stormshield.com\/fr\/produits-et-services\/produits\/protection-des-postes-et-serveurs\/","title":{"rendered":"Protection des postes et serveurs"},"content":{"rendered":"<div class=\"wpb-content-wrapper\"><p>[vc_row css_animation=\"\" row_type=\"row\" use_row_as_full_screen_section=\"no\" type=\"grid\" angled_section=\"no\" text_align=\"left\" background_image_as_pattern=\"without_pattern\" z_index=\"\" padding_top=\"50\" padding_bottom=\"50\"][vc_column][vc_column_text]<\/p>\n<h1 style=\"text-align: center;\"><span style=\"color: #00aaf5;\"><span style=\"font-weight: 300; font-size: 1.5em;\">La protection des postes et des serveurs en entreprise\u00a0:<\/span><\/span><span style=\"color: #00aaf5;\"><span style=\"font-weight: 900; font-size: 1.5em;\"> les terminaux face aux risques\u00a0cyber<\/span><\/span><\/h1>\n<p>[\/vc_column_text][\/vc_column][\/vc_row][vc_row css_animation=\"\" row_type=\"row\" use_row_as_full_screen_section=\"no\" type=\"grid\" angled_section=\"no\" text_align=\"left\" background_image_as_pattern=\"without_pattern\" z_index=\"\"][vc_column][vc_empty_space][vc_column_text]<span style=\"color: #000; font-size: 1.1em;\"><strong>Premiers points de contact entre le monde ext\u00e9rieur et l\u2019entreprise, les postes de travail et les serveurs font tr\u00e8s souvent l\u2019objet de cyberattaques. Leur s\u00e9curit\u00e9 m\u00e9rite donc une attention particuli\u00e8re.<\/strong>[\/vc_column_text][vc_empty_space][\/vc_column][\/vc_row][vc_row css_animation=\"\" row_type=\"row\" use_row_as_full_screen_section=\"no\" type=\"grid\" angled_section=\"no\" text_align=\"left\" background_image_as_pattern=\"without_pattern\" z_index=\"\" padding_bottom=\"50\"][vc_column][vc_row_inner row_type=\"row\" type=\"full_width\" text_align=\"left\" css_animation=\"\"][vc_column_inner width=\"2\/3\"][vc_column_text]<\/span><\/p>\n<h2><span style=\"color: #000; font-size: 1.2em; font-weight: 900;\">Renforcer la protection des terminaux<\/span><\/h2>\n<p><span style=\"color: #000; font-size: 1.1em;\">Souvent consid\u00e9r\u00e9s comme les maillons faibles de la s\u00e9curit\u00e9 informatique, les terminaux comprennent tous les appareils qui se connectent au r\u00e9seau central d\u2019une entreprise\u00a0: les ordinateurs de bureau et les ordinateurs portables, les tablettes, les smartphones, les imprimantes et tous les autres appareils (intelligents ou non) que nous avons besoin de relier au r\u00e9seau interne.<\/span><\/p>\n<p><span style=\"color: #000; font-size: 1.1em;\">Or tous ces terminaux sont susceptibles d\u2019\u00eatre d\u00e9tourn\u00e9s et utilis\u00e9s par des cyber-criminels comme point d\u2019entr\u00e9e pour p\u00e9n\u00e9trer votre syst\u00e8me informatique afin d\u2019y d\u00e9poser des malwares ou avoir acc\u00e8s \u00e0 vos donn\u00e9es.<\/span>[\/vc_column_text][vc_empty_space]<a  itemprop=\"url\" href=\"https:\/\/www.stormshield.com\/fr\/produits-et-services\/produits\/protection-des-postes-et-serveurs\/terminaux\/\" target=\"_self\" data-hover-background-color=\"#00aeef\" data-hover-border-color=\"#00aeef\" class=\"qbutton  white enlarge\" style=\"border-color: #ffffff; background-color:#060051;\">Protection des terminaux<i class=\"qode_icon_font_awesome fa fa-angle-right qode_button_icon_element\"><\/i><\/a>[vc_empty_space][\/vc_column_inner][vc_column_inner width=\"1\/3\"][vc_single_image image=\"456343\" img_size=\"medium\" alignment=\"center\" qode_css_animation=\"\"][\/vc_column_inner][\/vc_row_inner][\/vc_column][\/vc_row][vc_row css_animation=\"\" row_type=\"row\" use_row_as_full_screen_section=\"no\" type=\"grid\" angled_section=\"no\" text_align=\"left\" background_image_as_pattern=\"without_pattern\" z_index=\"\" padding_top=\"50\" padding_bottom=\"50\"][vc_column][vc_row_inner row_type=\"row\" type=\"grid\" text_align=\"left\" css_animation=\"\" css=\".vc_custom_1707234293985{padding-top: 32px !important;padding-right: 32px !important;padding-bottom: 32px !important;padding-left: 32px !important;background-color: #f9f9f9 !important;}\"][vc_column_inner width=\"2\/3\"][vc_column_text]<\/p>\n<h2><span style=\"color: #000; font-size: 1.2em; font-weight: 900;\">Pr\u00e9server la s\u00e9curit\u00e9 des serveurs<\/span><\/h2>\n<p><span style=\"color: #000; font-size: 1.1em;\">\u00c9galement class\u00e9 parmi les terminaux d\u2019un r\u00e9seau, les serveurs sont sp\u00e9cialement con\u00e7us afin de stocker et partager des donn\u00e9es. Ils ouvrent ainsi l\u2019acc\u00e8s \u00e0 des applications h\u00e9berg\u00e9es. Et sont donc essentiels \u00e0 l\u2019activit\u00e9 et au bon fonctionnement d\u2019une entreprise. Ils repr\u00e9sentent ainsi une cible particuli\u00e8rement convoit\u00e9e par les cyber-criminels et n\u00e9cessitent g\u00e9n\u00e9ralement une protection sp\u00e9cifique.[\/vc_column_text][vc_empty_space]<a  itemprop=\"url\" href=\"https:\/\/www.stormshield.com\/fr\/produits-et-services\/produits\/protection-des-postes-et-serveurs\/serveurs\/\" target=\"_self\" data-hover-background-color=\"#00aeef\" data-hover-border-color=\"#00aeef\" class=\"qbutton  white enlarge\" style=\"border-color: #ffffff; background-color:#060051;\">Protection des serveurs<i class=\"qode_icon_font_awesome fa fa-angle-right qode_button_icon_element\"><\/i><\/a>[vc_empty_space][\/vc_column_inner][vc_column_inner width=\"1\/3\"][vc_single_image image=\"456268\" img_size=\"medium\" alignment=\"center\" qode_css_animation=\"\"][\/vc_column_inner][\/vc_row_inner][\/vc_column][\/vc_row][vc_row row_type=\"parallax\" parallax_content_width=\"in_grid\" text_align=\"left\" full_screen_section_height=\"yes\" vertically_align_content_in_middle=\"yes\" background_image=\"224708\"][vc_column][vc_row_inner row_type=\"row\" type=\"full_width\" text_align=\"left\" css_animation=\"\"][vc_column_inner width=\"3\/5\"][\/vc_column_inner][vc_column_inner width=\"2\/5\"][vc_column_text]\u00a0<\/span><\/p>\n<h2><span style=\"color: #000; font-size: 1.2em; font-weight: 900;\">Stormshield Endpoint Security, <strong>une solution de protection dynamique et robuste<\/strong><\/span><\/h2>\n<p><span style=\"color: #000; font-size: 1.1em;\">Les nouveaux usages de travail (terminaux nomades et travail en mobilit\u00e9) sont souvent d\u00e9ploy\u00e9s dans des environnements pr\u00e9sentant des niveaux de s\u00e9curit\u00e9 incertains. Une contrainte que Stormshield a int\u00e9gr\u00e9e pour concevoir <strong>une ligne de produits s\u00e9curisant les postes de travail et les serveurs.<\/strong><\/span><\/p>\n<p><span style=\"color: #000; font-size: 1.1em;\">Gr\u00e2ce \u00e0 sa capacit\u00e9 d\u2019adaptation au changement de contexte d\u2019utilisation, <strong>la solution Stormshield Endpoint Security Evolution est capable de durcir ses op\u00e9rations de s\u00e9curit\u00e9 dans des situations \u00e0 risques.<\/strong> Certifi\u00e9e CSPN par l'ANSSI, cette solution assure une protection de vos postes de travail.<\/span>[\/vc_column_text][vc_empty_space]<a  itemprop=\"url\" href=\"https:\/\/www.stormshield.com\/fr\/produits-et-services\/produits\/protection-des-postes-et-serveurs\/stormshield-endpoint-security\/\" target=\"_self\" data-hover-background-color=\"#00aeef\" data-hover-border-color=\"#00aeef\" class=\"qbutton  white enlarge\" style=\"border-color: #ffffff; background-color:#d23467;\">D\u00e9couvrir la gamme SES<i class=\"qode_icon_font_awesome fa fa-angle-right qode_button_icon_element\"><\/i><\/a>[vc_empty_space height=\"12px\"]<a  itemprop=\"url\" href=\"https:\/\/www.stormshield.com\/wp-content\/uploads\/SES-FR-Endpoint-Security-Evolution-Brochure.pdf\" target=\"_blank\" data-hover-background-color=\"#00aeef\" data-hover-border-color=\"#00aeef\" class=\"qbutton  white enlarge\" style=\"border-color: #ffffff; background-color:#060051;\">Acc\u00e9der \u00e0 la brochure SES<i class=\"qode_icon_font_awesome fa fa-angle-right qode_button_icon_element\"><\/i><\/a>[vc_empty_space][\/vc_column_inner][\/vc_row_inner][\/vc_column][\/vc_row][vc_row css_animation=\"\" row_type=\"row\" use_row_as_full_screen_section=\"no\" type=\"grid\" angled_section=\"no\" text_align=\"left\" background_image_as_pattern=\"without_pattern\" z_index=\"\" padding_top=\"50\" padding_bottom=\"50\"][vc_column][vc_row_inner row_type=\"row\" type=\"grid\" text_align=\"left\" css_animation=\"\" css=\".vc_custom_1707234429032{padding-top: 32px !important;padding-right: 32px !important;padding-bottom: 32px !important;padding-left: 32px !important;background-color: #f9f9f9 !important;}\"][vc_column_inner width=\"2\/3\"][vc_column_text]<\/p>\n<h2><span style=\"color: #000; font-size: 1.2em; font-weight: 900;\">Am\u00e9liorer l'efficacit\u00e9 op\u00e9rationnelle cyber de vos postes et de votre infrastructure<\/span><\/h2>\n<p><span style=\"color: #000; font-size: 1.1em;\"><strong>Avec l'offre XDR de Stormshield,<\/strong> soyez alert\u00e9s en temps r\u00e9el des \u00e9v\u00e9nements d\u00e9tect\u00e9s sur votre parc informatique, pilotez les \u00e9l\u00e9ments de r\u00e9ponse et de rem\u00e9diation et d\u00e9ployez la politique de s\u00e9curit\u00e9 sur vos postes et serveurs de fa\u00e7on corr\u00e9l\u00e9e avec les \u00e9l\u00e9ments de votre r\u00e9seau.<\/span>[\/vc_column_text][vc_empty_space]<a  itemprop=\"url\" href=\"https:\/\/www.stormshield.com\/fr\/produits-et-services\/produits\/stormshield-xdr\/\" target=\"_self\" data-hover-background-color=\"#00aeef\" data-hover-border-color=\"#00aeef\" class=\"qbutton  white enlarge\" style=\"border-color: #ffffff; background-color:#060051;\">Stormshield XDR<i class=\"qode_icon_font_awesome fa fa-angle-right qode_button_icon_element\"><\/i><\/a>[vc_empty_space][\/vc_column_inner][vc_column_inner width=\"1\/3\"][vc_single_image image=\"456243\" img_size=\"medium\" alignment=\"center\" qode_css_animation=\"\"][\/vc_column_inner][\/vc_row_inner][\/vc_column][\/vc_row][vc_row css_animation=\"\" row_type=\"row\" use_row_as_full_screen_section=\"no\" type=\"grid\" angled_section=\"no\" text_align=\"left\" background_image_as_pattern=\"without_pattern\" z_index=\"\" padding_top=\"50\" padding_bottom=\"50\"][vc_column][vc_row_inner row_type=\"row\" type=\"grid\" text_align=\"left\" css_animation=\"\" css=\".vc_custom_1707234631776{padding-top: 32px !important;padding-right: 32px !important;padding-bottom: 32px !important;padding-left: 32px !important;background-color: #060051 !important;}\"][vc_column_inner css=\".vc_custom_1707234647368{padding-right: 32px !important;}\"][vc_column_text]<span style=\"color: #ffffff; font-size: 1.1em;\">Vous avez une question plus pointue sur la protection des postes de travail ou des serveurs\u00a0? Un projet en t\u00eate sur lequel vous voulez \u00e9changer ou une sp\u00e9cificit\u00e9 technique sur laquelle vous avez besoin de conseils\u00a0? <strong>Nos \u00e9quipes commerciales et avant-vente sont \u00e0 votre disposition pour aller plus loin.<\/strong><\/span>[\/vc_column_text][vc_empty_space]<a  itemprop=\"url\" href=\"https:\/\/www.stormshield.com\/fr\/contact\/service-commercial\/\" target=\"_self\" data-hover-background-color=\"#00aeef\" data-hover-border-color=\"#00aeef\" class=\"qbutton  white enlarge\" style=\"border-color: #ffffff; background-color:#060051;\">Contacter les \u00e9quipes Stormshield<i class=\"qode_icon_font_awesome fa fa-angle-right qode_button_icon_element\"><\/i><\/a>[vc_empty_space][\/vc_column_inner][\/vc_row_inner][\/vc_column][\/vc_row]<\/p>\n<\/div>","protected":false},"excerpt":{"rendered":"<p>[vc_row css_animation=\u00a0\u00bb\u00a0\u00bb row_type=\u00a0\u00bbrow\u00a0\u00bb use_row_as_full_screen_section=\u00a0\u00bbno\u00a0\u00bb type=\u00a0\u00bbgrid\u00a0\u00bb angled_section=\u00a0\u00bbno\u00a0\u00bb text_align=\u00a0\u00bbleft\u00a0\u00bb background_image_as_pattern=\u00a0\u00bbwithout_pattern\u00a0\u00bb z_index=\u00a0\u00bb\u00a0\u00bb padding_top=\u00a0\u00bb50&Prime; padding_bottom=\u00a0\u00bb50&Prime;][vc_column][vc_column_text] La protection des postes et des serveurs en entreprise\u00a0: les terminaux face aux risques\u00a0cyber [\/vc_column_text][\/vc_column][\/vc_row][vc_row css_animation=\u00a0\u00bb\u00a0\u00bb row_type=\u00a0\u00bbrow\u00a0\u00bb use_row_as_full_screen_section=\u00a0\u00bbno\u00a0\u00bb type=\u00a0\u00bbgrid\u00a0\u00bb angled_section=\u00a0\u00bbno\u00a0\u00bb text_align=\u00a0\u00bbleft\u00a0\u00bb background_image_as_pattern=\u00a0\u00bbwithout_pattern\u00a0\u00bb z_index=\u00a0\u00bb\u00a0\u00bb][vc_column][vc_empty_space][vc_column_text]Premiers points de contact entre le monde ext\u00e9rieur et l\u2019entreprise, les postes&#8230;<\/p>\n","protected":false},"author":31,"featured_media":0,"parent":22200,"menu_order":225,"comment_status":"closed","ping_status":"closed","template":"full_width.php","meta":{"_acf_changed":false,"footnotes":""},"class_list":["post-220895","page","type-page","status-publish","hentry"],"acf":[],"yoast_head":"<!-- This site is optimized with the Yoast SEO plugin v27.3 - https:\/\/yoast.com\/product\/yoast-seo-wordpress\/ -->\n<title>Cybers\u00e9curit\u00e9 des postes de travail et des serveurs | Stormshield<\/title>\n<meta name=\"description\" content=\"Postes de travail et serveurs sont une cible des cyberattaques : assurez leur s\u00e9curit\u00e9 avec les solutions de protection Stormshield.\" \/>\n<meta name=\"robots\" content=\"index, follow, max-snippet:-1, max-image-preview:large, max-video-preview:-1\" \/>\n<link rel=\"canonical\" href=\"https:\/\/www.stormshield.com\/fr\/produits-et-services\/produits\/protection-des-postes-et-serveurs\/\" \/>\n<meta property=\"og:locale\" content=\"fr_FR\" \/>\n<meta property=\"og:type\" content=\"article\" \/>\n<meta property=\"og:title\" content=\"Cybers\u00e9curit\u00e9 des postes de travail et des serveurs | Stormshield\" \/>\n<meta property=\"og:description\" content=\"Postes de travail et serveurs sont une cible des cyberattaques : assurez leur s\u00e9curit\u00e9 avec les solutions de protection Stormshield.\" \/>\n<meta property=\"og:url\" content=\"https:\/\/www.stormshield.com\/fr\/produits-et-services\/produits\/protection-des-postes-et-serveurs\/\" \/>\n<meta property=\"og:site_name\" content=\"Stormshield\" \/>\n<meta property=\"article:modified_time\" content=\"2024-07-02T11:55:53+00:00\" \/>\n<meta property=\"og:image\" content=\"https:\/\/www.stormshield.com\/wp-content\/uploads\/stormshield_logo.png\" \/>\n\t<meta property=\"og:image:width\" content=\"204\" \/>\n\t<meta property=\"og:image:height\" content=\"94\" \/>\n\t<meta property=\"og:image:type\" content=\"image\/png\" \/>\n<meta name=\"twitter:card\" content=\"summary_large_image\" \/>\n<meta name=\"twitter:site\" content=\"@Stormshield\" \/>\n<meta name=\"twitter:label1\" content=\"Dur\u00e9e de lecture estim\u00e9e\" \/>\n\t<meta name=\"twitter:data1\" content=\"4 minutes\" \/>\n<script type=\"application\/ld+json\" class=\"yoast-schema-graph\">{\"@context\":\"https:\\\/\\\/schema.org\",\"@graph\":[{\"@type\":\"WebPage\",\"@id\":\"https:\\\/\\\/www.stormshield.com\\\/fr\\\/produits-et-services\\\/produits\\\/protection-des-postes-et-serveurs\\\/\",\"url\":\"https:\\\/\\\/www.stormshield.com\\\/fr\\\/produits-et-services\\\/produits\\\/protection-des-postes-et-serveurs\\\/\",\"name\":\"Cybers\u00e9curit\u00e9 des postes de travail et des serveurs | Stormshield\",\"isPartOf\":{\"@id\":\"https:\\\/\\\/www.stormshield.com\\\/fr\\\/#website\"},\"datePublished\":\"2021-09-20T12:03:14+00:00\",\"dateModified\":\"2024-07-02T11:55:53+00:00\",\"description\":\"Postes de travail et serveurs sont une cible des cyberattaques : assurez leur s\u00e9curit\u00e9 avec les solutions de protection Stormshield.\",\"breadcrumb\":{\"@id\":\"https:\\\/\\\/www.stormshield.com\\\/fr\\\/produits-et-services\\\/produits\\\/protection-des-postes-et-serveurs\\\/#breadcrumb\"},\"inLanguage\":\"fr-FR\",\"potentialAction\":[{\"@type\":\"ReadAction\",\"target\":[\"https:\\\/\\\/www.stormshield.com\\\/fr\\\/produits-et-services\\\/produits\\\/protection-des-postes-et-serveurs\\\/\"]}]},{\"@type\":\"BreadcrumbList\",\"@id\":\"https:\\\/\\\/www.stormshield.com\\\/fr\\\/produits-et-services\\\/produits\\\/protection-des-postes-et-serveurs\\\/#breadcrumb\",\"itemListElement\":[{\"@type\":\"ListItem\",\"position\":1,\"name\":\"Home\",\"item\":\"https:\\\/\\\/www.stormshield.com\\\/fr\\\/\"},{\"@type\":\"ListItem\",\"position\":2,\"name\":\"Produits &amp; Solutions\",\"item\":\"https:\\\/\\\/www.stormshield.com\\\/fr\\\/produits-et-services\\\/\"},{\"@type\":\"ListItem\",\"position\":3,\"name\":\"Tous nos produits\",\"item\":\"https:\\\/\\\/www.stormshield.com\\\/fr\\\/produits-et-services\\\/produits\\\/\"},{\"@type\":\"ListItem\",\"position\":4,\"name\":\"Protection des postes et serveurs\"}]},{\"@type\":\"WebSite\",\"@id\":\"https:\\\/\\\/www.stormshield.com\\\/fr\\\/#website\",\"url\":\"https:\\\/\\\/www.stormshield.com\\\/fr\\\/\",\"name\":\"Stormshield\",\"description\":\"Stormshield\",\"potentialAction\":[{\"@type\":\"SearchAction\",\"target\":{\"@type\":\"EntryPoint\",\"urlTemplate\":\"https:\\\/\\\/www.stormshield.com\\\/fr\\\/?s={search_term_string}\"},\"query-input\":{\"@type\":\"PropertyValueSpecification\",\"valueRequired\":true,\"valueName\":\"search_term_string\"}}],\"inLanguage\":\"fr-FR\"}]}<\/script>\n<!-- \/ Yoast SEO plugin. -->","yoast_head_json":{"title":"Cybers\u00e9curit\u00e9 des postes de travail et des serveurs | Stormshield","description":"Postes de travail et serveurs sont une cible des cyberattaques : assurez leur s\u00e9curit\u00e9 avec les solutions de protection Stormshield.","robots":{"index":"index","follow":"follow","max-snippet":"max-snippet:-1","max-image-preview":"max-image-preview:large","max-video-preview":"max-video-preview:-1"},"canonical":"https:\/\/www.stormshield.com\/fr\/produits-et-services\/produits\/protection-des-postes-et-serveurs\/","og_locale":"fr_FR","og_type":"article","og_title":"Cybers\u00e9curit\u00e9 des postes de travail et des serveurs | Stormshield","og_description":"Postes de travail et serveurs sont une cible des cyberattaques : assurez leur s\u00e9curit\u00e9 avec les solutions de protection Stormshield.","og_url":"https:\/\/www.stormshield.com\/fr\/produits-et-services\/produits\/protection-des-postes-et-serveurs\/","og_site_name":"Stormshield","article_modified_time":"2024-07-02T11:55:53+00:00","og_image":[{"width":204,"height":94,"url":"https:\/\/www.stormshield.com\/wp-content\/uploads\/stormshield_logo.png","type":"image\/png"}],"twitter_card":"summary_large_image","twitter_site":"@Stormshield","twitter_misc":{"Dur\u00e9e de lecture estim\u00e9e":"4 minutes"},"schema":{"@context":"https:\/\/schema.org","@graph":[{"@type":"WebPage","@id":"https:\/\/www.stormshield.com\/fr\/produits-et-services\/produits\/protection-des-postes-et-serveurs\/","url":"https:\/\/www.stormshield.com\/fr\/produits-et-services\/produits\/protection-des-postes-et-serveurs\/","name":"Cybers\u00e9curit\u00e9 des postes de travail et des serveurs | Stormshield","isPartOf":{"@id":"https:\/\/www.stormshield.com\/fr\/#website"},"datePublished":"2021-09-20T12:03:14+00:00","dateModified":"2024-07-02T11:55:53+00:00","description":"Postes de travail et serveurs sont une cible des cyberattaques : assurez leur s\u00e9curit\u00e9 avec les solutions de protection Stormshield.","breadcrumb":{"@id":"https:\/\/www.stormshield.com\/fr\/produits-et-services\/produits\/protection-des-postes-et-serveurs\/#breadcrumb"},"inLanguage":"fr-FR","potentialAction":[{"@type":"ReadAction","target":["https:\/\/www.stormshield.com\/fr\/produits-et-services\/produits\/protection-des-postes-et-serveurs\/"]}]},{"@type":"BreadcrumbList","@id":"https:\/\/www.stormshield.com\/fr\/produits-et-services\/produits\/protection-des-postes-et-serveurs\/#breadcrumb","itemListElement":[{"@type":"ListItem","position":1,"name":"Home","item":"https:\/\/www.stormshield.com\/fr\/"},{"@type":"ListItem","position":2,"name":"Produits &amp; Solutions","item":"https:\/\/www.stormshield.com\/fr\/produits-et-services\/"},{"@type":"ListItem","position":3,"name":"Tous nos produits","item":"https:\/\/www.stormshield.com\/fr\/produits-et-services\/produits\/"},{"@type":"ListItem","position":4,"name":"Protection des postes et serveurs"}]},{"@type":"WebSite","@id":"https:\/\/www.stormshield.com\/fr\/#website","url":"https:\/\/www.stormshield.com\/fr\/","name":"Stormshield","description":"Stormshield","potentialAction":[{"@type":"SearchAction","target":{"@type":"EntryPoint","urlTemplate":"https:\/\/www.stormshield.com\/fr\/?s={search_term_string}"},"query-input":{"@type":"PropertyValueSpecification","valueRequired":true,"valueName":"search_term_string"}}],"inLanguage":"fr-FR"}]}},"_links":{"self":[{"href":"https:\/\/www.stormshield.com\/fr\/wp-json\/wp\/v2\/pages\/220895","targetHints":{"allow":["GET"]}}],"collection":[{"href":"https:\/\/www.stormshield.com\/fr\/wp-json\/wp\/v2\/pages"}],"about":[{"href":"https:\/\/www.stormshield.com\/fr\/wp-json\/wp\/v2\/types\/page"}],"author":[{"embeddable":true,"href":"https:\/\/www.stormshield.com\/fr\/wp-json\/wp\/v2\/users\/31"}],"replies":[{"embeddable":true,"href":"https:\/\/www.stormshield.com\/fr\/wp-json\/wp\/v2\/comments?post=220895"}],"version-history":[{"count":30,"href":"https:\/\/www.stormshield.com\/fr\/wp-json\/wp\/v2\/pages\/220895\/revisions"}],"predecessor-version":[{"id":549186,"href":"https:\/\/www.stormshield.com\/fr\/wp-json\/wp\/v2\/pages\/220895\/revisions\/549186"}],"up":[{"embeddable":true,"href":"https:\/\/www.stormshield.com\/fr\/wp-json\/wp\/v2\/pages\/22200"}],"wp:attachment":[{"href":"https:\/\/www.stormshield.com\/fr\/wp-json\/wp\/v2\/media?parent=220895"}],"curies":[{"name":"wp","href":"https:\/\/api.w.org\/{rel}","templated":true}]}}