{"id":220839,"date":"2021-09-07T07:00:46","date_gmt":"2021-09-07T06:00:46","guid":{"rendered":"https:\/\/www.stormshield.com\/?page_id=220839"},"modified":"2025-09-18T09:24:49","modified_gmt":"2025-09-18T08:24:49","slug":"sandbox-breach-fighter","status":"publish","type":"page","link":"https:\/\/www.stormshield.com\/fr\/produits-et-services\/produits\/protection-des-reseaux\/nos-produits\/sandbox-breach-fighter\/","title":{"rendered":"Option Breach Figther"},"content":{"rendered":"<div class=\"wpb-content-wrapper\"><p>[vc_row css_animation=\"\" row_type=\"row\" use_row_as_full_screen_section=\"no\" type=\"grid\" angled_section=\"no\" text_align=\"left\" background_image_as_pattern=\"without_pattern\" background_image=\"224556\" z_index=\"\" padding_top=\"125\" padding_bottom=\"125\"][vc_column][vc_column_text]<\/p>\n<h1 style=\"text-align: left;\"><strong><span style=\"color: #000;\">Breach Fighter<\/span><\/strong><\/h1>\n<p style=\"text-align: left;\"><span style=\"color: #000000;\">Notre solution de d\u00e9tection dynamique des malwares sophistiqu\u00e9s<\/span><\/p>\n<p>[\/vc_column_text][\/vc_column][\/vc_row][vc_row css_animation=\"\" row_type=\"row\" use_row_as_full_screen_section=\"no\" type=\"grid\" angled_section=\"no\" text_align=\"left\" background_image_as_pattern=\"without_pattern\" z_index=\"\"][vc_column][vc_empty_space][vc_column_text css=\"\"]<span style=\"color: #000; font-size: 1.1em;\"><strong>Avec notre option Breach Fighter, enrichissez les fonctionnalit\u00e9s de vos appliances Stormshield avec du <em>sandboxing<\/em> et l\u2019analyse de vos fichiers douteux. Ajoutez une protection dynamique contre les attaques inconnues \u00e0 vos solutions de cybers\u00e9curit\u00e9. Et avec l\u2019Intelligence Artificielle, analysez plus rapidement les cyber-menaces.<\/strong><\/span>[\/vc_column_text][vc_empty_space][vc_separator type=\"normal\" color=\"#015ca7\"][\/vc_column][\/vc_row][vc_row css_animation=\"\" row_type=\"row\" use_row_as_full_screen_section=\"no\" type=\"grid\" angled_section=\"no\" text_align=\"left\" background_image_as_pattern=\"without_pattern\" z_index=\"\" padding_bottom=\"50\"][vc_column][vc_row_inner row_type=\"row\" type=\"full_width\" text_align=\"left\" css_animation=\"\"][vc_column_inner width=\"2\/3\"][vc_column_text css=\"\"]<\/p>\n<h2><span style=\"color: #000; font-size: 1.2em; font-weight: 900;\">Une protection optimale contre les cyberattaques<\/span><\/h2>\n<p><span style=\"color: #000; font-size: 1.1em;\">Breach Fighter constitue le parfait compl\u00e9ment de la technologie de <a style=\"color: #000000;\" href=\"https:\/\/www.stormshield.com\/fr\/produits-et-services\/produits\/protection-des-reseaux\/nos-produits\/\">nos firewalls Stormshield Network Security<\/a>, en analysant les fichiers potentiellement dangereux, qu\u2019ils soient t\u00e9l\u00e9charg\u00e9s depuis Internet ou joints aux emails. Gr\u00e2ce \u00e0 <strong>sa combinaison de trois strates de protection (IPS, antivirus et analyse comportementale en sandbox),<\/strong> vous renforcez vos niveaux de contr\u00f4le de contenus et limitez votre exposition aux cyber-menaces connues et inconnues.<\/span>[\/vc_column_text][vc_empty_space]<a  itemprop=\"url\" href=\"https:\/\/www.stormshield.com\/wp-content\/uploads\/SNS-FR-BreachFighter-Datasheet.pdf\" target=\"_blank\" data-hover-background-color=\"#00aeef\" data-hover-border-color=\"#ffffff\" class=\"qbutton  white enlarge\" style=\"border-color: #ffffff; background-color:#060051;\">T\u00e9l\u00e9chargez la fiche produit<i class=\"qode_icon_font_awesome fa fa-download qode_button_icon_element\"><\/i><\/a>[vc_empty_space height=\"12px\"]<a  itemprop=\"url\" href=\"https:\/\/www.stormshield.com\/wp-content\/uploads\/SNS-FR-Network-Security-Range-IT-Brochure.pdf\" target=\"_blank\" data-hover-background-color=\"#00aeef\" data-hover-border-color=\"#ffffff\" class=\"qbutton  white enlarge\" style=\"border-color: #ffffff; background-color:#060051;\">Acc\u00e9dez \u00e0 la brochure SNS<i class=\"qode_icon_font_awesome fa fa-angle-right qode_button_icon_element\"><\/i><\/a>[vc_empty_space][\/vc_column_inner][vc_column_inner width=\"1\/3\"][vc_single_image image=\"456738\" img_size=\"medium\" alignment=\"center\" css=\"\" qode_css_animation=\"\" qode_hover_animation=\"zoom_in\"][\/vc_column_inner][\/vc_row_inner][\/vc_column][\/vc_row][vc_row css_animation=\"\" row_type=\"row\" use_row_as_full_screen_section=\"no\" type=\"grid\" angled_section=\"no\" text_align=\"left\" background_image_as_pattern=\"without_pattern\" z_index=\"\" padding_top=\"50\" padding_bottom=\"50\" el_class=\"fond_gris\"][vc_column][vc_row_inner row_type=\"row\" type=\"full_width\" text_align=\"left\" css_animation=\"\"][vc_column_inner][vc_column_text css=\"\"]<\/p>\n<h2><span style=\"color: #000; font-size: 1.2em; font-weight: 900;\">Une efficacit\u00e9 de d\u00e9tection accrue avec l'IA<\/span><\/h2>\n<p><span style=\"color: #000; font-size: 1.1em;\"><strong>En int\u00e9grant une analyse IA dans son environnement de sandboxing,<\/strong> Breach Fighter gagne en efficacit\u00e9 dans son processus de d\u00e9tection. Vous augmentez ainsi le nombre de fichiers malveillants stopp\u00e9s d\u00e8s la premi\u00e8re analyse.<\/span>[\/vc_column_text][vc_empty_space][\/vc_column_inner][\/vc_row_inner][\/vc_column][\/vc_row][vc_row css_animation=\"\" row_type=\"row\" use_row_as_full_screen_section=\"no\" type=\"grid\" angled_section=\"no\" text_align=\"left\" background_image_as_pattern=\"without_pattern\" z_index=\"\" padding_top=\"50\" padding_bottom=\"50\"][vc_column][vc_row_inner row_type=\"row\" type=\"full_width\" text_align=\"left\" css_animation=\"\"][vc_column_inner][vc_column_text]<\/p>\n<h2><span style=\"color: #000; font-size: 1.2em; font-weight: 900;\">Un service Cloud de confiance<\/span><\/h2>\n<p><span style=\"color: #000; font-size: 1.1em;\"><strong>La cybers\u00e9curit\u00e9 est (aussi) une histoire de confiance.<\/strong> Dans la continuit\u00e9 des offres Cloud de Stormshield, Breach Fighter est d\u00e9ploy\u00e9 dans des datacenters europ\u00e9ens de confiance permettant de r\u00e9pondre aux contraintes l\u00e9gales et de vous conformer \u00e0 la r\u00e9glementation europ\u00e9enne sur la protection des donn\u00e9es personnelles (RGPD).<\/span>[\/vc_column_text][vc_empty_space][\/vc_column_inner][\/vc_row_inner][\/vc_column][\/vc_row][vc_row css_animation=\"\" row_type=\"row\" use_row_as_full_screen_section=\"no\" type=\"grid\" angled_section=\"no\" text_align=\"left\" background_image_as_pattern=\"without_pattern\" z_index=\"\" padding_top=\"50\" padding_bottom=\"50\" el_class=\"fond_gris\"][vc_column][vc_row_inner row_type=\"row\" type=\"full_width\" text_align=\"left\" css_animation=\"\"][vc_column_inner][vc_column_text]<\/p>\n<h2><span style=\"color: #000; font-size: 1.2em; font-weight: 900;\">Une option facile \u00e0 int\u00e9grer<\/span><\/h2>\n<p><span style=\"color: #000; font-size: 1.1em;\"><strong>La solution Breach Fighter s\u2019active en un seul clic sur un firewall Stormshield.<\/strong> Pas d\u2019ajout d\u2019\u00e9quipement, donc pas d\u2019impact sur l\u2019infrastructure.<\/span>[\/vc_column_text][vc_empty_space][\/vc_column_inner][\/vc_row_inner][\/vc_column][\/vc_row][vc_row row_type=\"parallax\" parallax_content_width=\"full_width\" text_align=\"left\" full_screen_section_height=\"yes\" vertically_align_content_in_middle=\"yes\" background_image=\"121200\"][vc_column][vc_row_inner row_type=\"row\" type=\"grid\" text_align=\"left\" css_animation=\"\"][vc_column_inner width=\"1\/2\"][vc_column_text]<span style=\"color: #ffffff; font-size: 1.1em;\">Vous avez un doute avant d\u2019ouvrir la pi\u00e8ce-jointe dans le dernier email que vous avez re\u00e7u\u00a0? <strong>Breach Fighter, c\u2019est aussi un portail gratuit de d\u00e9tection de malware dans vos fichiers douteux.<\/strong> Gr\u00e2ce \u00e0 ce service de d\u00e9tonation dans le Cloud, contr\u00f4lez tous vos fichiers avant de les ouvrir.<\/span>[\/vc_column_text][vc_empty_space]<a  itemprop=\"url\" href=\"https:\/\/breachfighter.stormshieldcs.eu\/\" target=\"_blank\" data-hover-background-color=\"#d23467\" data-hover-border-color=\"#d23467\" class=\"qbutton  white enlarge\" style=\"border-color: #ffffff; background-color:#d23467;\">Acc\u00e9dez au portail Breach Fighter<i class=\"qode_icon_font_awesome fa fa-angle-right qode_button_icon_element\"><\/i><\/a>[vc_empty_space][\/vc_column_inner][vc_column_inner width=\"1\/2\"][\/vc_column_inner][\/vc_row_inner][\/vc_column][\/vc_row][vc_row css_animation=\"\" row_type=\"row\" use_row_as_full_screen_section=\"no\" type=\"grid\" angled_section=\"no\" text_align=\"left\" background_image_as_pattern=\"without_pattern\" z_index=\"\" padding_top=\"50\" padding_bottom=\"50\"][vc_column][vc_row_inner row_type=\"row\" type=\"full_width\" text_align=\"left\" css_animation=\"\"][vc_column_inner][vc_column_text css=\"\"]<span style=\"color: #000000; font-size: 1.1em;\"><strong>Breach Fighter : questions &amp; r\u00e9ponses.<\/strong> Vous avez une question technique sur Breach Fighter\u00a0? Vous souhaitez une version d\u2019\u00e9valuation\u00a0? Une estimation tarifaire\u00a0? Pour toutes informations commerciales ou techniques, rapprochez-vous de nos \u00e9quipes.<\/span>[\/vc_column_text][vc_empty_space]<a  itemprop=\"url\" href=\"https:\/\/www.stormshield.com\/fr\/contact\/service-commercial\/\" target=\"_blank\" data-hover-background-color=\"#00aeef\" data-hover-border-color=\"#ffffff\" class=\"qbutton  white enlarge\" style=\"border-color: #ffffff; background-color:#060051;\">Contactez nos \u00e9quipes<i class=\"qode_icon_font_awesome fa fa-angle-right qode_button_icon_element\"><\/i><\/a>[vc_empty_space][\/vc_column_inner][\/vc_row_inner][\/vc_column][\/vc_row]<\/p>\n<\/div>","protected":false},"excerpt":{"rendered":"<p>[vc_row css_animation=\u00a0\u00bb\u00a0\u00bb row_type=\u00a0\u00bbrow\u00a0\u00bb use_row_as_full_screen_section=\u00a0\u00bbno\u00a0\u00bb type=\u00a0\u00bbgrid\u00a0\u00bb angled_section=\u00a0\u00bbno\u00a0\u00bb text_align=\u00a0\u00bbleft\u00a0\u00bb background_image_as_pattern=\u00a0\u00bbwithout_pattern\u00a0\u00bb background_image=\u00a0\u00bb224556&Prime; z_index=\u00a0\u00bb\u00a0\u00bb padding_top=\u00a0\u00bb125&Prime; padding_bottom=\u00a0\u00bb125&Prime;][vc_column][vc_column_text] Breach Fighter Notre solution de d\u00e9tection dynamique des malwares sophistiqu\u00e9s [\/vc_column_text][\/vc_column][\/vc_row][vc_row css_animation=\u00a0\u00bb\u00a0\u00bb row_type=\u00a0\u00bbrow\u00a0\u00bb use_row_as_full_screen_section=\u00a0\u00bbno\u00a0\u00bb type=\u00a0\u00bbgrid\u00a0\u00bb angled_section=\u00a0\u00bbno\u00a0\u00bb text_align=\u00a0\u00bbleft\u00a0\u00bb background_image_as_pattern=\u00a0\u00bbwithout_pattern\u00a0\u00bb z_index=\u00a0\u00bb\u00a0\u00bb][vc_column][vc_empty_space][vc_column_text css=\u00a0\u00bb\u00a0\u00bb]Avec notre option Breach Fighter, enrichissez les fonctionnalit\u00e9s de vos appliances Stormshield avec du&#8230;<\/p>\n","protected":false},"author":31,"featured_media":0,"parent":220750,"menu_order":231,"comment_status":"closed","ping_status":"closed","template":"full_width.php","meta":{"_acf_changed":false,"footnotes":""},"class_list":["post-220839","page","type-page","status-publish","hentry"],"acf":[],"yoast_head":"<!-- This site is optimized with the Yoast SEO plugin v27.3 - https:\/\/yoast.com\/product\/yoast-seo-wordpress\/ -->\n<title>Breach Fighter : d\u00e9tectez les malwares sophistiqu\u00e9s avec l&#039;IA<\/title>\n<meta name=\"description\" content=\"La sandbox et l&#039;IA de Stormshield Breach Fighter am\u00e9liore la fonctionnalit\u00e9 de vos firewalls SNS en analysant vos fichiers suspects.\" \/>\n<meta name=\"robots\" content=\"index, follow, max-snippet:-1, max-image-preview:large, max-video-preview:-1\" \/>\n<link rel=\"canonical\" href=\"https:\/\/www.stormshield.com\/fr\/produits-et-services\/produits\/protection-des-reseaux\/nos-produits\/sandbox-breach-fighter\/\" \/>\n<meta property=\"og:locale\" content=\"fr_FR\" \/>\n<meta property=\"og:type\" content=\"article\" \/>\n<meta property=\"og:title\" content=\"Breach Fighter : d\u00e9tectez les malwares sophistiqu\u00e9s avec l&#039;IA\" \/>\n<meta property=\"og:description\" content=\"La sandbox et l&#039;IA de Stormshield Breach Fighter am\u00e9liore la fonctionnalit\u00e9 de vos firewalls SNS en analysant vos fichiers suspects.\" \/>\n<meta property=\"og:url\" content=\"https:\/\/www.stormshield.com\/fr\/produits-et-services\/produits\/protection-des-reseaux\/nos-produits\/sandbox-breach-fighter\/\" \/>\n<meta property=\"og:site_name\" content=\"Stormshield\" \/>\n<meta property=\"article:modified_time\" content=\"2025-09-18T08:24:49+00:00\" \/>\n<meta property=\"og:image\" content=\"https:\/\/www.stormshield.com\/wp-content\/uploads\/stormshield_logo.png\" \/>\n\t<meta property=\"og:image:width\" content=\"204\" \/>\n\t<meta property=\"og:image:height\" content=\"94\" \/>\n\t<meta property=\"og:image:type\" content=\"image\/png\" \/>\n<meta name=\"twitter:card\" content=\"summary_large_image\" \/>\n<meta name=\"twitter:site\" content=\"@Stormshield\" \/>\n<meta name=\"twitter:label1\" content=\"Dur\u00e9e de lecture estim\u00e9e\" \/>\n\t<meta name=\"twitter:data1\" content=\"3 minutes\" \/>\n<script type=\"application\/ld+json\" class=\"yoast-schema-graph\">{\"@context\":\"https:\\\/\\\/schema.org\",\"@graph\":[{\"@type\":\"WebPage\",\"@id\":\"https:\\\/\\\/www.stormshield.com\\\/fr\\\/produits-et-services\\\/produits\\\/protection-des-reseaux\\\/nos-produits\\\/sandbox-breach-fighter\\\/\",\"url\":\"https:\\\/\\\/www.stormshield.com\\\/fr\\\/produits-et-services\\\/produits\\\/protection-des-reseaux\\\/nos-produits\\\/sandbox-breach-fighter\\\/\",\"name\":\"Breach Fighter : d\u00e9tectez les malwares sophistiqu\u00e9s avec l'IA\",\"isPartOf\":{\"@id\":\"https:\\\/\\\/www.stormshield.com\\\/fr\\\/#website\"},\"datePublished\":\"2021-09-07T06:00:46+00:00\",\"dateModified\":\"2025-09-18T08:24:49+00:00\",\"description\":\"La sandbox et l'IA de Stormshield Breach Fighter am\u00e9liore la fonctionnalit\u00e9 de vos firewalls SNS en analysant vos fichiers suspects.\",\"breadcrumb\":{\"@id\":\"https:\\\/\\\/www.stormshield.com\\\/fr\\\/produits-et-services\\\/produits\\\/protection-des-reseaux\\\/nos-produits\\\/sandbox-breach-fighter\\\/#breadcrumb\"},\"inLanguage\":\"fr-FR\",\"potentialAction\":[{\"@type\":\"ReadAction\",\"target\":[\"https:\\\/\\\/www.stormshield.com\\\/fr\\\/produits-et-services\\\/produits\\\/protection-des-reseaux\\\/nos-produits\\\/sandbox-breach-fighter\\\/\"]}]},{\"@type\":\"BreadcrumbList\",\"@id\":\"https:\\\/\\\/www.stormshield.com\\\/fr\\\/produits-et-services\\\/produits\\\/protection-des-reseaux\\\/nos-produits\\\/sandbox-breach-fighter\\\/#breadcrumb\",\"itemListElement\":[{\"@type\":\"ListItem\",\"position\":1,\"name\":\"Home\",\"item\":\"https:\\\/\\\/www.stormshield.com\\\/fr\\\/\"},{\"@type\":\"ListItem\",\"position\":2,\"name\":\"Produits &amp; Solutions\",\"item\":\"https:\\\/\\\/www.stormshield.com\\\/fr\\\/produits-et-services\\\/\"},{\"@type\":\"ListItem\",\"position\":3,\"name\":\"Tous nos produits\",\"item\":\"https:\\\/\\\/www.stormshield.com\\\/fr\\\/produits-et-services\\\/produits\\\/\"},{\"@type\":\"ListItem\",\"position\":4,\"name\":\"Protection des r\u00e9seaux\",\"item\":\"https:\\\/\\\/www.stormshield.com\\\/fr\\\/produits-et-services\\\/produits\\\/protection-des-reseaux\\\/\"},{\"@type\":\"ListItem\",\"position\":5,\"name\":\"Gamme produits (SNS)\",\"item\":\"https:\\\/\\\/www.stormshield.com\\\/fr\\\/produits-et-services\\\/produits\\\/protection-des-reseaux\\\/nos-produits\\\/\"},{\"@type\":\"ListItem\",\"position\":6,\"name\":\"Option Breach Figther\"}]},{\"@type\":\"WebSite\",\"@id\":\"https:\\\/\\\/www.stormshield.com\\\/fr\\\/#website\",\"url\":\"https:\\\/\\\/www.stormshield.com\\\/fr\\\/\",\"name\":\"Stormshield\",\"description\":\"Stormshield\",\"potentialAction\":[{\"@type\":\"SearchAction\",\"target\":{\"@type\":\"EntryPoint\",\"urlTemplate\":\"https:\\\/\\\/www.stormshield.com\\\/fr\\\/?s={search_term_string}\"},\"query-input\":{\"@type\":\"PropertyValueSpecification\",\"valueRequired\":true,\"valueName\":\"search_term_string\"}}],\"inLanguage\":\"fr-FR\"}]}<\/script>\n<!-- \/ Yoast SEO plugin. -->","yoast_head_json":{"title":"Breach Fighter : d\u00e9tectez les malwares sophistiqu\u00e9s avec l'IA","description":"La sandbox et l'IA de Stormshield Breach Fighter am\u00e9liore la fonctionnalit\u00e9 de vos firewalls SNS en analysant vos fichiers suspects.","robots":{"index":"index","follow":"follow","max-snippet":"max-snippet:-1","max-image-preview":"max-image-preview:large","max-video-preview":"max-video-preview:-1"},"canonical":"https:\/\/www.stormshield.com\/fr\/produits-et-services\/produits\/protection-des-reseaux\/nos-produits\/sandbox-breach-fighter\/","og_locale":"fr_FR","og_type":"article","og_title":"Breach Fighter : d\u00e9tectez les malwares sophistiqu\u00e9s avec l'IA","og_description":"La sandbox et l'IA de Stormshield Breach Fighter am\u00e9liore la fonctionnalit\u00e9 de vos firewalls SNS en analysant vos fichiers suspects.","og_url":"https:\/\/www.stormshield.com\/fr\/produits-et-services\/produits\/protection-des-reseaux\/nos-produits\/sandbox-breach-fighter\/","og_site_name":"Stormshield","article_modified_time":"2025-09-18T08:24:49+00:00","og_image":[{"width":204,"height":94,"url":"https:\/\/www.stormshield.com\/wp-content\/uploads\/stormshield_logo.png","type":"image\/png"}],"twitter_card":"summary_large_image","twitter_site":"@Stormshield","twitter_misc":{"Dur\u00e9e de lecture estim\u00e9e":"3 minutes"},"schema":{"@context":"https:\/\/schema.org","@graph":[{"@type":"WebPage","@id":"https:\/\/www.stormshield.com\/fr\/produits-et-services\/produits\/protection-des-reseaux\/nos-produits\/sandbox-breach-fighter\/","url":"https:\/\/www.stormshield.com\/fr\/produits-et-services\/produits\/protection-des-reseaux\/nos-produits\/sandbox-breach-fighter\/","name":"Breach Fighter : d\u00e9tectez les malwares sophistiqu\u00e9s avec l'IA","isPartOf":{"@id":"https:\/\/www.stormshield.com\/fr\/#website"},"datePublished":"2021-09-07T06:00:46+00:00","dateModified":"2025-09-18T08:24:49+00:00","description":"La sandbox et l'IA de Stormshield Breach Fighter am\u00e9liore la fonctionnalit\u00e9 de vos firewalls SNS en analysant vos fichiers suspects.","breadcrumb":{"@id":"https:\/\/www.stormshield.com\/fr\/produits-et-services\/produits\/protection-des-reseaux\/nos-produits\/sandbox-breach-fighter\/#breadcrumb"},"inLanguage":"fr-FR","potentialAction":[{"@type":"ReadAction","target":["https:\/\/www.stormshield.com\/fr\/produits-et-services\/produits\/protection-des-reseaux\/nos-produits\/sandbox-breach-fighter\/"]}]},{"@type":"BreadcrumbList","@id":"https:\/\/www.stormshield.com\/fr\/produits-et-services\/produits\/protection-des-reseaux\/nos-produits\/sandbox-breach-fighter\/#breadcrumb","itemListElement":[{"@type":"ListItem","position":1,"name":"Home","item":"https:\/\/www.stormshield.com\/fr\/"},{"@type":"ListItem","position":2,"name":"Produits &amp; Solutions","item":"https:\/\/www.stormshield.com\/fr\/produits-et-services\/"},{"@type":"ListItem","position":3,"name":"Tous nos produits","item":"https:\/\/www.stormshield.com\/fr\/produits-et-services\/produits\/"},{"@type":"ListItem","position":4,"name":"Protection des r\u00e9seaux","item":"https:\/\/www.stormshield.com\/fr\/produits-et-services\/produits\/protection-des-reseaux\/"},{"@type":"ListItem","position":5,"name":"Gamme produits (SNS)","item":"https:\/\/www.stormshield.com\/fr\/produits-et-services\/produits\/protection-des-reseaux\/nos-produits\/"},{"@type":"ListItem","position":6,"name":"Option Breach Figther"}]},{"@type":"WebSite","@id":"https:\/\/www.stormshield.com\/fr\/#website","url":"https:\/\/www.stormshield.com\/fr\/","name":"Stormshield","description":"Stormshield","potentialAction":[{"@type":"SearchAction","target":{"@type":"EntryPoint","urlTemplate":"https:\/\/www.stormshield.com\/fr\/?s={search_term_string}"},"query-input":{"@type":"PropertyValueSpecification","valueRequired":true,"valueName":"search_term_string"}}],"inLanguage":"fr-FR"}]}},"_links":{"self":[{"href":"https:\/\/www.stormshield.com\/fr\/wp-json\/wp\/v2\/pages\/220839","targetHints":{"allow":["GET"]}}],"collection":[{"href":"https:\/\/www.stormshield.com\/fr\/wp-json\/wp\/v2\/pages"}],"about":[{"href":"https:\/\/www.stormshield.com\/fr\/wp-json\/wp\/v2\/types\/page"}],"author":[{"embeddable":true,"href":"https:\/\/www.stormshield.com\/fr\/wp-json\/wp\/v2\/users\/31"}],"replies":[{"embeddable":true,"href":"https:\/\/www.stormshield.com\/fr\/wp-json\/wp\/v2\/comments?post=220839"}],"version-history":[{"count":27,"href":"https:\/\/www.stormshield.com\/fr\/wp-json\/wp\/v2\/pages\/220839\/revisions"}],"predecessor-version":[{"id":669241,"href":"https:\/\/www.stormshield.com\/fr\/wp-json\/wp\/v2\/pages\/220839\/revisions\/669241"}],"up":[{"embeddable":true,"href":"https:\/\/www.stormshield.com\/fr\/wp-json\/wp\/v2\/pages\/220750"}],"wp:attachment":[{"href":"https:\/\/www.stormshield.com\/fr\/wp-json\/wp\/v2\/media?parent=220839"}],"curies":[{"name":"wp","href":"https:\/\/api.w.org\/{rel}","templated":true}]}}