{"id":220616,"date":"2021-09-27T15:19:08","date_gmt":"2021-09-27T14:19:08","guid":{"rendered":"https:\/\/www.stormshield.com\/?page_id=220616"},"modified":"2024-11-12T15:17:53","modified_gmt":"2024-11-12T14:17:53","slug":"cybersecurite-communication-critique","status":"publish","type":"page","link":"https:\/\/www.stormshield.com\/fr\/produits-et-services\/par-secteur-activite\/cybersecurite-communication-critique\/","title":{"rendered":"Communications critiques"},"content":{"rendered":"<div class=\"wpb-content-wrapper\"><p>[vc_row css_animation=\"\" row_type=\"row\" use_row_as_full_screen_section=\"no\" type=\"grid\" angled_section=\"no\" text_align=\"left\" background_image_as_pattern=\"without_pattern\" z_index=\"\" padding_top=\"50\" padding_bottom=\"50\"][vc_column][vc_empty_space][vc_column_text]<\/p>\n<h1 style=\"text-align: center;\"><span style=\"color: #00aaf5;\"><span style=\"font-weight: 900; font-size: 1.5em;\">Communications critiques et cybers\u00e9curit\u00e9<\/span><\/span><span style=\"color: #00aaf5;\"><span style=\"font-weight: 300; font-size: 1.5em;\">\u00a0: bien s'\u00e9quiper pour un fonctionnement pr\u00e9serv\u00e9<\/span><\/span><\/h1>\n<p>[\/vc_column_text][vc_empty_space][\/vc_column][\/vc_row][vc_row css_animation=\"\" row_type=\"row\" use_row_as_full_screen_section=\"no\" type=\"grid\" angled_section=\"no\" text_align=\"left\" background_image_as_pattern=\"without_pattern\" z_index=\"\" padding_top=\"50\" padding_bottom=\"50\"][vc_column][vc_row_inner row_type=\"row\" type=\"full_width\" text_align=\"left\" css_animation=\"\"][vc_column_inner width=\"2\/3\"][vc_column_text]<\/p>\n<h2><span style=\"color: #000; font-size: 1.2em; font-weight: 900;\">Une continuit\u00e9 de service envers et contre tout<\/span><\/h2>\n<p><span style=\"color: #000; font-size: 1.1em;\"><strong>Les r\u00e9seaux de communication critiques sont ceux qui doivent continuer \u00e0 fonctionner quand tout va mal. Ceux dont la continuit\u00e9 de l\u2019activit\u00e9 est indispensable au bon fonctionnement de l\u2019\u00c9tat et de la soci\u00e9t\u00e9.<\/strong> Les services d\u2019urgence, comme les pompiers ou la police par exemple, font partie de leurs principaux utilisateurs. Des services qui doivent pouvoir communiquer en interne mais aussi les uns avec les autres, dans le cadre d\u2019une coordination par la pr\u00e9fecture ou par une cellule gouvernementale. <\/span>[\/vc_column_text][vc_empty_space][\/vc_column_inner][vc_column_inner width=\"1\/3\"][vc_empty_space][vc_single_image image=\"456873\" alignment=\"center\" css=\"\" qode_css_animation=\"\" qode_hover_animation=\"zoom_in\"][\/vc_column_inner][\/vc_row_inner][\/vc_column][\/vc_row][vc_row css_animation=\"\" row_type=\"row\" use_row_as_full_screen_section=\"no\" type=\"grid\" angled_section=\"no\" text_align=\"left\" background_image_as_pattern=\"without_pattern\" el_class=\"fond_gris\" z_index=\"\" padding_top=\"50\" padding_bottom=\"50\"][vc_column][vc_row_inner row_type=\"row\" type=\"full_width\" text_align=\"left\" css_animation=\"\"][vc_column_inner][vc_column_text]<\/p>\n<h2><span style=\"color: #000; font-size: 1.2em; font-weight: 900;\">Anticipez pour mieux s\u00e9curiser vos infrastructures critiques<\/span><\/h2>\n<p><span style=\"color: #000; font-size: 1.1em;\"><strong>Pour y parvenir, vous devez b\u00e9n\u00e9ficier de r\u00e9seaux de communication s\u00e9curis\u00e9s en toute circonstance.<\/strong> Mais notamment avec la migration progressive vers des architectures plus modernes, complexes et performantes qui mobilisent le protocole IP, ces r\u00e9seaux font face \u00e0 des cyber-risques comme l'interception ou l'alt\u00e9ration des communications critiques. Le d\u00e9ploiement en urgence d\u2019\u00e9quipements de s\u00e9curit\u00e9 lors d\u2019op\u00e9rations de secours ainsi que la multiplication des sites et des utilisateurs distribu\u00e9s en diff\u00e9rents points g\u00e9ographiques sont \u00e9galement des d\u00e9fis sp\u00e9cifiques \u00e0 l'univers des communications critiques.<\/span><\/p>\n<p><span style=\"color: #000; font-size: 1.1em;\"><strong>Comment se pr\u00e9munir contre des attaques plurielles avec des niveaux de s\u00e9curit\u00e9 maximale\u00a0?<\/strong> Chez Stormshield, nous concevons des solutions de cybers\u00e9curit\u00e9 qui r\u00e9pondent \u00e0 vos besoins \u2013 en respectant les nombreuses contraintes r\u00e9glementaires propres au secteur des communications critiques (<a style=\"color: #000000;\" href=\"https:\/\/www.stormshield.com\/fr\/solutions-stormshield-pour-les-oiv\/\">Loi de programmation militaire fran\u00e7aise<\/a>, <a style=\"color: #000000;\" href=\"https:\/\/www.stormshield.com\/fr\/solutions-stormshield-pour-nis2\/\">directive europ\u00e9enne NIS et NIS2<\/a>\u2026). Suivant les cas, il vous faut pouvoir\u00a0:<\/span><\/p>\n<ul>\n<li><span style=\"color: #000; font-size: 1.1em;\">\u00e9tablir des canaux de communications de confiance chiffr\u00e9s (et ainsi assurer l\u2019authentification, la confidentialit\u00e9 et l\u2019int\u00e9grit\u00e9 des messages) pour des op\u00e9rations sensibles\u00a0;<br \/>\n<\/span><\/li>\n<li><span style=\"color: #000; font-size: 1.1em;\">b\u00e9n\u00e9ficier d\u2019une performance et une disponibilit\u00e9 maximales des r\u00e9seaux pour les communications d\u2019urgence\u00a0;<br \/>\n<\/span><\/li>\n<li><span style=\"color: #000; font-size: 1.1em;\">d\u00e9ployer et g\u00e9rer les \u00e9quipements de s\u00e9curit\u00e9 sur une topologie d\u2019envergure, pour une \u00e9quipe d\u2019administrateurs importante\u00a0;<br \/>\n<\/span><\/li>\n<li><span style=\"color: #000; font-size: 1.1em;\">mettre \u00e0 disposition des produits disposant de certifications et attestations de confiance\u00a0;<br \/>\n<\/span><\/li>\n<li><span style=\"color: #000; font-size: 1.1em;\">appliquer des \u00e9quipements de s\u00e9curit\u00e9 op\u00e9rationnels en quelques minutes sur des sites d\u2019accidents par exemple, sans d\u00e9placer d\u2019experts sur site\u00a0;<br \/>\n<\/span><\/li>\n<li><span style=\"color: #000; font-size: 1.1em;\">assurer le maintien en conditions op\u00e9rationnelles et le maintien en conditions de s\u00e9curit\u00e9 (MCO\/MCS).<\/span><\/li>\n<\/ul>\n<p>[\/vc_column_text][\/vc_column_inner][\/vc_row_inner][\/vc_column][\/vc_row][vc_row css_animation=\"\" row_type=\"row\" use_row_as_full_screen_section=\"no\" type=\"grid\" angled_section=\"no\" text_align=\"left\" background_image_as_pattern=\"without_pattern\" z_index=\"\" padding_top=\"50\" padding_bottom=\"50\"][vc_column][vc_row_inner row_type=\"row\" type=\"full_width\" text_align=\"left\" css_animation=\"\"][vc_column_inner width=\"2\/3\"][vc_column_text]<\/p>\n<h2><span style=\"color: #000; font-size: 1.2em; font-weight: 900;\">D\u00e9couvrez des solutions de cybers\u00e9curit\u00e9 adapt\u00e9es, compl\u00e8tes et fiables<\/span><\/h2>\n<p>[\/vc_column_text][\/vc_column_inner][vc_column_inner width=\"1\/3\"][\/vc_column_inner][\/vc_row_inner][vc_row_inner row_type=\"row\" type=\"full_width\" text_align=\"left\" css_animation=\"\"][vc_column_inner width=\"2\/3\"][vc_column_text css=\"\"]<\/p>\n<h3><span style=\"color: #000; font-size: 1.1em; font-weight: 400;\">Stormshield Network Security\u00a0: la performance et la disponibilit\u00e9 des r\u00e9seaux garanties<\/span><\/h3>\n<p><span style=\"color: #000; font-size: 1.1em;\">Notre gamme de firewalls Stormshield Network Security (<strong>SNS<\/strong>) est une r\u00e9ponse \u00e0 vos probl\u00e9matiques. Et une garantie de performance et de s\u00e9curit\u00e9. En fonction de la solution choisie, vous pourrez b\u00e9n\u00e9ficier\u00a0:<\/span><\/p>\n<ul>\n<li><span style=\"color: #000; font-size: 1.1em;\">de la cr\u00e9ation <strong>de canaux de communication de confiance chiffr\u00e9s<\/strong> (VPN IPsec, s\u00e9curisation par TPM\u2026)\u00a0;<\/span><\/li>\n<li><span style=\"color: #000; font-size: 1.1em;\">d\u2019une <strong>haute disponibilit\u00e9<\/strong>, avec des temps de bascule optimis\u00e9s\u00a0;<\/span><\/li>\n<li><span style=\"color: #000; font-size: 1.1em;\">d\u2019une <strong>qualification<\/strong> Standard ANSSI, d\u2019une <strong>certification<\/strong> EAL3+\/EAL4+, ou encore de labels OTAN Restreint et UE Restreint\u00a0;<\/span><\/li>\n<li><span style=\"color: #000; font-size: 1.1em;\">d\u2019une possible <strong>maintenance mat\u00e9rielle et logicielle<\/strong> pour des cycles longs\u00a0;<\/span><\/li>\n<li><span style=\"color: #000; font-size: 1.1em;\">d\u2019un <strong>d\u00e9ploiement<\/strong> en quelques minutes d\u2019\u00e9quipements de s\u00e9curit\u00e9 op\u00e9rationnels\u2026<\/span><\/li>\n<\/ul>\n<p><span style=\"color: #000; font-size: 1.1em;\">Vous souhaitez aller plus loin dans le d\u00e9tail de nos solutions\u00a0? Consultez les fonctionnalit\u00e9s de nos firewalls Stormshield Network Security (SNS) ou prenez rendez-vous avec un expert Stormshield.<\/span>[\/vc_column_text][vc_empty_space]<a  itemprop=\"url\" href=\"https:\/\/www.stormshield.com\/fr\/produits-et-services\/produits\/protection-des-reseaux\/nos-produits\/\" target=\"_blank\" data-hover-background-color=\"#d23467\" data-hover-border-color=\"#d23467\" class=\"qbutton  white enlarge\" style=\"border-color: #ffffff; background-color:#060051;\">D\u00e9couvrez les firewalls SNS<i class=\"qode_icon_font_awesome fa fa-angle-right qode_button_icon_element\"><\/i><\/a>[vc_empty_space][\/vc_column_inner][vc_column_inner width=\"1\/3\"][vc_empty_space][vc_single_image image=\"497910\" img_size=\"large\" alignment=\"center\" onclick=\"custom_link\" img_link_target=\"_blank\" css=\"\" qode_css_animation=\"\" qode_hover_animation=\"zoom_in\" link=\"https:\/\/www.stormshield.com\/fr\/produits-et-services\/produits\/protection-des-reseaux\/nos-produits\/\"][vc_empty_space height=\"12px\"][vc_single_image image=\"397491\" img_size=\"large\" alignment=\"center\" onclick=\"custom_link\" img_link_target=\"_blank\" css=\"\" qode_css_animation=\"\" qode_hover_animation=\"zoom_in\" link=\"https:\/\/www.stormshield.com\/fr\/produits-et-services\/produits\/protection-des-reseaux\/nos-produits\/\"][vc_empty_space][\/vc_column_inner][\/vc_row_inner][\/vc_column][\/vc_row][vc_row css_animation=\"\" row_type=\"row\" use_row_as_full_screen_section=\"no\" type=\"grid\" angled_section=\"no\" text_align=\"left\" background_image_as_pattern=\"without_pattern\" z_index=\"\" padding_top=\"50\" padding_bottom=\"50\"][vc_column][vc_row_inner row_type=\"row\" type=\"full_width\" text_align=\"left\" css_animation=\"\" css=\".vc_custom_1713864735008{padding-top: 32px !important;padding-right: 32px !important;padding-bottom: 32px !important;padding-left: 32px !important;background-color: #f9f9f9 !important;}\"][vc_column_inner width=\"2\/3\"][vc_column_text css=\"\"]<\/p>\n<h3><span style=\"color: #000; font-size: 1.1em; font-weight: 400;\">Stormshield Endpoint Security : la protection des postes critiques de l\u2019infrastructure assur\u00e9e<\/span><\/h3>\n<p><span style=\"color: #000; font-size: 1.1em;\">Nous d\u00e9veloppons \u00e9galement la solution EDR Stormshield Endpoint Security (<strong>SES<\/strong>) pour une protection optimale et un contr\u00f4le complet des applications, des p\u00e9riph\u00e9riques et des connexions r\u00e9seaux sur vos postes Windows. V\u00e9ritable protection durcie, elle allie les fonctions de protection de postes et d\u00e9tection d\u2019attaque\u00a0pour assurer de mani\u00e8re proactive le blocage des cyberattaques les plus sophistiqu\u00e9es et fournir les \u00e9l\u00e9ments d\u2019analyses ult\u00e9rieures. Face au besoin de continuit\u00e9 de service, <strong>b\u00e9n\u00e9ficiez du meilleur de la protection pour vos postes critiques dans votre infrastructure<\/strong>.<\/span><\/p>\n<p><span style=\"color: #000; font-size: 1.1em;\">Cette solution logicielle renforc\u00e9e vous int\u00e9resse ? Retrouvez le d\u00e9tail de cette protection r\u00e9siliente de vos postes de travail.<\/span>[\/vc_column_text][vc_empty_space]<a  itemprop=\"url\" href=\"https:\/\/www.stormshield.com\/fr\/produits-et-services\/produits\/protection-des-postes-et-serveurs\/stormshield-endpoint-security\/\" target=\"_blank\" data-hover-background-color=\"#d23467\" data-hover-border-color=\"#d23467\" class=\"qbutton  white enlarge\" style=\"border-color: #ffffff; background-color:#060051;\">D\u00e9couvrez la solution EDR SES<i class=\"qode_icon_font_awesome fa fa-angle-right qode_button_icon_element\"><\/i><\/a>[vc_empty_space][\/vc_column_inner][vc_column_inner width=\"1\/3\"][vc_empty_space][vc_single_image image=\"126209\" img_size=\"large\" alignment=\"center\" onclick=\"custom_link\" img_link_target=\"_blank\" css=\"\" qode_css_animation=\"\" link=\"https:\/\/www.stormshield.com\/fr\/produits-et-services\/produits\/protection-des-postes-et-serveurs\/stormshield-endpoint-security\/\"][vc_empty_space][\/vc_column_inner][\/vc_row_inner][\/vc_column][\/vc_row][vc_row css_animation=\"\" row_type=\"row\" use_row_as_full_screen_section=\"no\" type=\"grid\" angled_section=\"no\" text_align=\"left\" background_image_as_pattern=\"without_pattern\" z_index=\"\" padding_top=\"50\" padding_bottom=\"50\"][vc_column][vc_row_inner row_type=\"row\" type=\"full_width\" text_align=\"left\" css_animation=\"\"][vc_column_inner][vc_column_text]<\/p>\n<h3><span style=\"color: #000; font-size: 1.1em; font-weight: 400;\">Stormshield XDR : une offre XDR int\u00e9gr\u00e9e et ma\u00eetris\u00e9e<\/span><\/h3>\n<p><span style=\"color: #000; font-size: 1.1em;\"><strong>Avec l'offre Stormshield XDR, combinez efficacement les solutions Stormshield entre elles.<\/strong> Soyez notifi\u00e9s des incidents \u00e0 partir des analyses sur vos terminaux, r\u00e9seaux, fichiers web et emails avant de g\u00e9rer la r\u00e9ponse avec vos diff\u00e9rents produits de s\u00e9curit\u00e9, pilot\u00e9e par une gestion centralis\u00e9e d\u2019incidents. Une combinaison id\u00e9ale pour vous alerter en temps r\u00e9el et piloter une r\u00e9ponse rapide et p\u00e9renne \u00e0 la fois sur le r\u00e9seau et sur les terminaux.<\/span>[\/vc_column_text][vc_empty_space]<a  itemprop=\"url\" href=\"https:\/\/www.stormshield.com\/fr\/produits-et-services\/produits\/stormshield-xdr\/\" target=\"_blank\" data-hover-background-color=\"#d23467\" data-hover-border-color=\"#d23467\" class=\"qbutton  white enlarge\" style=\"border-color: #ffffff; background-color:#060051;\">D\u00e9couvrez l'offre Stormshield XDR<i class=\"qode_icon_font_awesome fa fa-angle-right qode_button_icon_element\"><\/i><\/a>[vc_empty_space][\/vc_column_inner][\/vc_row_inner][\/vc_column][\/vc_row][vc_row css_animation=\"\" row_type=\"row\" use_row_as_full_screen_section=\"no\" type=\"grid\" angled_section=\"no\" text_align=\"left\" background_image_as_pattern=\"without_pattern\" z_index=\"\" background_color=\"#060051\" padding_top=\"100\" padding_bottom=\"100\"][vc_column][vc_row_inner row_type=\"row\" type=\"full_width\" text_align=\"left\" css_animation=\"\"][vc_column_inner][vc_column_text]<span style=\"color: #ffffff; font-size: 1.1em;\"><strong>Les r\u00e9sultats ? Les solutions Stormshield prot\u00e8gent vos infrastructures sensibles aux cyberattaques.<\/strong> Anticipation, protection, qualification et conformit\u00e9 sont donc les r\u00e9flexes \u00e0 adopter pour assurer la s\u00e9curit\u00e9 de vos syst\u00e8mes informatiques et op\u00e9rationnels. <strong>Avec Stormshield, optez donc en toute cyber-s\u00e9r\u00e9nit\u00e9 pour un r\u00e9seau de communication efficace en toute situation.<\/strong> Nos \u00e9quipes restent \u00e0 votre \u00e9coute pour d\u00e9crypter les besoins de votre r\u00e9seau de communication et vous apportez les solutions les plus performantes.<\/span>[\/vc_column_text][vc_empty_space]<a  itemprop=\"url\" href=\"https:\/\/www.stormshield.com\/fr\/contact\/service-commercial\/\" target=\"_blank\" data-hover-background-color=\"#d23467\" data-hover-border-color=\"#d23467\" class=\"qbutton  white enlarge\" style=\"border-color: #ffffff; background-color:#060051;\">Contactez un expert<i class=\"qode_icon_font_awesome fa fa-angle-right qode_button_icon_element\"><\/i><\/a>[vc_empty_space][\/vc_column_inner][\/vc_row_inner][\/vc_column][\/vc_row]<\/p>\n<\/div>","protected":false},"excerpt":{"rendered":"<p>[vc_row css_animation=\u00a0\u00bb\u00a0\u00bb row_type=\u00a0\u00bbrow\u00a0\u00bb use_row_as_full_screen_section=\u00a0\u00bbno\u00a0\u00bb type=\u00a0\u00bbgrid\u00a0\u00bb angled_section=\u00a0\u00bbno\u00a0\u00bb text_align=\u00a0\u00bbleft\u00a0\u00bb background_image_as_pattern=\u00a0\u00bbwithout_pattern\u00a0\u00bb z_index=\u00a0\u00bb\u00a0\u00bb padding_top=\u00a0\u00bb50&Prime; padding_bottom=\u00a0\u00bb50&Prime;][vc_column][vc_empty_space][vc_column_text] Communications critiques et cybers\u00e9curit\u00e9\u00a0: bien s&rsquo;\u00e9quiper pour un fonctionnement pr\u00e9serv\u00e9 [\/vc_column_text][vc_empty_space][\/vc_column][\/vc_row][vc_row css_animation=\u00a0\u00bb\u00a0\u00bb row_type=\u00a0\u00bbrow\u00a0\u00bb use_row_as_full_screen_section=\u00a0\u00bbno\u00a0\u00bb type=\u00a0\u00bbgrid\u00a0\u00bb angled_section=\u00a0\u00bbno\u00a0\u00bb text_align=\u00a0\u00bbleft\u00a0\u00bb background_image_as_pattern=\u00a0\u00bbwithout_pattern\u00a0\u00bb z_index=\u00a0\u00bb\u00a0\u00bb padding_top=\u00a0\u00bb50&Prime; padding_bottom=\u00a0\u00bb50&Prime;][vc_column][vc_row_inner row_type=\u00a0\u00bbrow\u00a0\u00bb type=\u00a0\u00bbfull_width\u00a0\u00bb text_align=\u00a0\u00bbleft\u00a0\u00bb css_animation=\u00a0\u00bb\u00a0\u00bb][vc_column_inner width=\u00a0\u00bb2\/3&Prime;][vc_column_text] Une continuit\u00e9 de service envers et contre tout&#8230;<\/p>\n","protected":false},"author":31,"featured_media":0,"parent":11053,"menu_order":268,"comment_status":"closed","ping_status":"closed","template":"full_width.php","meta":{"_acf_changed":false,"footnotes":""},"class_list":["post-220616","page","type-page","status-publish","hentry"],"acf":[],"yoast_head":"<!-- This site is optimized with the Yoast SEO plugin v27.0 - https:\/\/yoast.com\/product\/yoast-seo-wordpress\/ -->\n<title>Cybers\u00e9curit\u00e9 et communications critiques | Stormshield<\/title>\n<meta name=\"description\" content=\"Les r\u00e9seaux de communication critique doivent b\u00e9n\u00e9ficier de s\u00e9curit\u00e9 maximale et de continuit\u00e9 de service. Une gamme de produits Stormshield adapt\u00e9s.\" \/>\n<meta name=\"robots\" content=\"index, follow, max-snippet:-1, max-image-preview:large, max-video-preview:-1\" \/>\n<link rel=\"canonical\" href=\"https:\/\/www.stormshield.com\/fr\/produits-et-services\/par-secteur-activite\/cybersecurite-communication-critique\/\" \/>\n<meta property=\"og:locale\" content=\"fr_FR\" \/>\n<meta property=\"og:type\" content=\"article\" \/>\n<meta property=\"og:title\" content=\"Cybers\u00e9curit\u00e9 et communications critiques | Stormshield\" \/>\n<meta property=\"og:description\" content=\"Les r\u00e9seaux de communication critique doivent b\u00e9n\u00e9ficier de s\u00e9curit\u00e9 maximale et de continuit\u00e9 de service. Une gamme de produits Stormshield adapt\u00e9s.\" \/>\n<meta property=\"og:url\" content=\"https:\/\/www.stormshield.com\/fr\/produits-et-services\/par-secteur-activite\/cybersecurite-communication-critique\/\" \/>\n<meta property=\"og:site_name\" content=\"Stormshield\" \/>\n<meta property=\"article:modified_time\" content=\"2024-11-12T14:17:53+00:00\" \/>\n<meta property=\"og:image\" content=\"https:\/\/www.stormshield.com\/wp-content\/uploads\/stormshield_logo.png\" \/>\n\t<meta property=\"og:image:width\" content=\"204\" \/>\n\t<meta property=\"og:image:height\" content=\"94\" \/>\n\t<meta property=\"og:image:type\" content=\"image\/png\" \/>\n<meta name=\"twitter:card\" content=\"summary_large_image\" \/>\n<meta name=\"twitter:site\" content=\"@Stormshield\" \/>\n<meta name=\"twitter:label1\" content=\"Dur\u00e9e de lecture estim\u00e9e\" \/>\n\t<meta name=\"twitter:data1\" content=\"5 minutes\" \/>\n<script type=\"application\/ld+json\" class=\"yoast-schema-graph\">{\"@context\":\"https:\/\/schema.org\",\"@graph\":[{\"@type\":\"WebPage\",\"@id\":\"https:\/\/www.stormshield.com\/fr\/produits-et-services\/par-secteur-activite\/cybersecurite-communication-critique\/\",\"url\":\"https:\/\/www.stormshield.com\/fr\/produits-et-services\/par-secteur-activite\/cybersecurite-communication-critique\/\",\"name\":\"Cybers\u00e9curit\u00e9 et communications critiques | Stormshield\",\"isPartOf\":{\"@id\":\"https:\/\/www.stormshield.com\/fr\/#website\"},\"datePublished\":\"2021-09-27T14:19:08+00:00\",\"dateModified\":\"2024-11-12T14:17:53+00:00\",\"description\":\"Les r\u00e9seaux de communication critique doivent b\u00e9n\u00e9ficier de s\u00e9curit\u00e9 maximale et de continuit\u00e9 de service. Une gamme de produits Stormshield adapt\u00e9s.\",\"breadcrumb\":{\"@id\":\"https:\/\/www.stormshield.com\/fr\/produits-et-services\/par-secteur-activite\/cybersecurite-communication-critique\/#breadcrumb\"},\"inLanguage\":\"fr-FR\",\"potentialAction\":[{\"@type\":\"ReadAction\",\"target\":[\"https:\/\/www.stormshield.com\/fr\/produits-et-services\/par-secteur-activite\/cybersecurite-communication-critique\/\"]}]},{\"@type\":\"BreadcrumbList\",\"@id\":\"https:\/\/www.stormshield.com\/fr\/produits-et-services\/par-secteur-activite\/cybersecurite-communication-critique\/#breadcrumb\",\"itemListElement\":[{\"@type\":\"ListItem\",\"position\":1,\"name\":\"Home\",\"item\":\"https:\/\/www.stormshield.com\/fr\/\"},{\"@type\":\"ListItem\",\"position\":2,\"name\":\"Produits &amp; Solutions\",\"item\":\"https:\/\/www.stormshield.com\/fr\/produits-et-services\/\"},{\"@type\":\"ListItem\",\"position\":3,\"name\":\"Par secteur d&#8217;activit\u00e9\",\"item\":\"https:\/\/www.stormshield.com\/fr\/produits-et-services\/par-secteur-activite\/\"},{\"@type\":\"ListItem\",\"position\":4,\"name\":\"Communications critiques\"}]},{\"@type\":\"WebSite\",\"@id\":\"https:\/\/www.stormshield.com\/fr\/#website\",\"url\":\"https:\/\/www.stormshield.com\/fr\/\",\"name\":\"Stormshield\",\"description\":\"Stormshield\",\"potentialAction\":[{\"@type\":\"SearchAction\",\"target\":{\"@type\":\"EntryPoint\",\"urlTemplate\":\"https:\/\/www.stormshield.com\/fr\/?s={search_term_string}\"},\"query-input\":{\"@type\":\"PropertyValueSpecification\",\"valueRequired\":true,\"valueName\":\"search_term_string\"}}],\"inLanguage\":\"fr-FR\"}]}<\/script>\n<!-- \/ Yoast SEO plugin. -->","yoast_head_json":{"title":"Cybers\u00e9curit\u00e9 et communications critiques | Stormshield","description":"Les r\u00e9seaux de communication critique doivent b\u00e9n\u00e9ficier de s\u00e9curit\u00e9 maximale et de continuit\u00e9 de service. Une gamme de produits Stormshield adapt\u00e9s.","robots":{"index":"index","follow":"follow","max-snippet":"max-snippet:-1","max-image-preview":"max-image-preview:large","max-video-preview":"max-video-preview:-1"},"canonical":"https:\/\/www.stormshield.com\/fr\/produits-et-services\/par-secteur-activite\/cybersecurite-communication-critique\/","og_locale":"fr_FR","og_type":"article","og_title":"Cybers\u00e9curit\u00e9 et communications critiques | Stormshield","og_description":"Les r\u00e9seaux de communication critique doivent b\u00e9n\u00e9ficier de s\u00e9curit\u00e9 maximale et de continuit\u00e9 de service. Une gamme de produits Stormshield adapt\u00e9s.","og_url":"https:\/\/www.stormshield.com\/fr\/produits-et-services\/par-secteur-activite\/cybersecurite-communication-critique\/","og_site_name":"Stormshield","article_modified_time":"2024-11-12T14:17:53+00:00","og_image":[{"width":204,"height":94,"url":"https:\/\/www.stormshield.com\/wp-content\/uploads\/stormshield_logo.png","type":"image\/png"}],"twitter_card":"summary_large_image","twitter_site":"@Stormshield","twitter_misc":{"Dur\u00e9e de lecture estim\u00e9e":"5 minutes"},"schema":{"@context":"https:\/\/schema.org","@graph":[{"@type":"WebPage","@id":"https:\/\/www.stormshield.com\/fr\/produits-et-services\/par-secteur-activite\/cybersecurite-communication-critique\/","url":"https:\/\/www.stormshield.com\/fr\/produits-et-services\/par-secteur-activite\/cybersecurite-communication-critique\/","name":"Cybers\u00e9curit\u00e9 et communications critiques | Stormshield","isPartOf":{"@id":"https:\/\/www.stormshield.com\/fr\/#website"},"datePublished":"2021-09-27T14:19:08+00:00","dateModified":"2024-11-12T14:17:53+00:00","description":"Les r\u00e9seaux de communication critique doivent b\u00e9n\u00e9ficier de s\u00e9curit\u00e9 maximale et de continuit\u00e9 de service. Une gamme de produits Stormshield adapt\u00e9s.","breadcrumb":{"@id":"https:\/\/www.stormshield.com\/fr\/produits-et-services\/par-secteur-activite\/cybersecurite-communication-critique\/#breadcrumb"},"inLanguage":"fr-FR","potentialAction":[{"@type":"ReadAction","target":["https:\/\/www.stormshield.com\/fr\/produits-et-services\/par-secteur-activite\/cybersecurite-communication-critique\/"]}]},{"@type":"BreadcrumbList","@id":"https:\/\/www.stormshield.com\/fr\/produits-et-services\/par-secteur-activite\/cybersecurite-communication-critique\/#breadcrumb","itemListElement":[{"@type":"ListItem","position":1,"name":"Home","item":"https:\/\/www.stormshield.com\/fr\/"},{"@type":"ListItem","position":2,"name":"Produits &amp; Solutions","item":"https:\/\/www.stormshield.com\/fr\/produits-et-services\/"},{"@type":"ListItem","position":3,"name":"Par secteur d&#8217;activit\u00e9","item":"https:\/\/www.stormshield.com\/fr\/produits-et-services\/par-secteur-activite\/"},{"@type":"ListItem","position":4,"name":"Communications critiques"}]},{"@type":"WebSite","@id":"https:\/\/www.stormshield.com\/fr\/#website","url":"https:\/\/www.stormshield.com\/fr\/","name":"Stormshield","description":"Stormshield","potentialAction":[{"@type":"SearchAction","target":{"@type":"EntryPoint","urlTemplate":"https:\/\/www.stormshield.com\/fr\/?s={search_term_string}"},"query-input":{"@type":"PropertyValueSpecification","valueRequired":true,"valueName":"search_term_string"}}],"inLanguage":"fr-FR"}]}},"_links":{"self":[{"href":"https:\/\/www.stormshield.com\/fr\/wp-json\/wp\/v2\/pages\/220616","targetHints":{"allow":["GET"]}}],"collection":[{"href":"https:\/\/www.stormshield.com\/fr\/wp-json\/wp\/v2\/pages"}],"about":[{"href":"https:\/\/www.stormshield.com\/fr\/wp-json\/wp\/v2\/types\/page"}],"author":[{"embeddable":true,"href":"https:\/\/www.stormshield.com\/fr\/wp-json\/wp\/v2\/users\/31"}],"replies":[{"embeddable":true,"href":"https:\/\/www.stormshield.com\/fr\/wp-json\/wp\/v2\/comments?post=220616"}],"version-history":[{"count":25,"href":"https:\/\/www.stormshield.com\/fr\/wp-json\/wp\/v2\/pages\/220616\/revisions"}],"predecessor-version":[{"id":588016,"href":"https:\/\/www.stormshield.com\/fr\/wp-json\/wp\/v2\/pages\/220616\/revisions\/588016"}],"up":[{"embeddable":true,"href":"https:\/\/www.stormshield.com\/fr\/wp-json\/wp\/v2\/pages\/11053"}],"wp:attachment":[{"href":"https:\/\/www.stormshield.com\/fr\/wp-json\/wp\/v2\/media?parent=220616"}],"curies":[{"name":"wp","href":"https:\/\/api.w.org\/{rel}","templated":true}]}}