{"id":22026,"date":"2016-06-03T11:19:22","date_gmt":"2016-06-03T10:19:22","guid":{"rendered":"https:\/\/www.stormshield.com\/partneraires\/"},"modified":"2025-01-13T14:39:09","modified_gmt":"2025-01-13T13:39:09","slug":"partenaires","status":"publish","type":"page","link":"https:\/\/www.stormshield.com\/fr\/partenaires\/","title":{"rendered":"Partenaires"},"content":{"rendered":"<div class=\"wpb-content-wrapper\"><p>[vc_row css_animation=\"\" row_type=\"row\" use_row_as_full_screen_section=\"no\" type=\"grid\" angled_section=\"no\" text_align=\"left\" background_image_as_pattern=\"without_pattern\" z_index=\"\" padding_top=\"50\" padding_bottom=\"50\"][vc_column][vc_empty_space][vc_column_text]<\/p>\n<h1 style=\"text-align: center;\"><span style=\"color: #00aaf5;\"><span style=\"font-weight: 900; font-size: 1.6em;\">Int\u00e9grez notre r\u00e9seau de partenaires, <\/span><span style=\"font-weight: 300; font-size: 1.5em;\">avec le programme Partner Connect Stormshield<\/span><\/span><\/h1>\n<p>[\/vc_column_text][vc_empty_space][\/vc_column][\/vc_row][vc_row css_animation=\"\" row_type=\"row\" use_row_as_full_screen_section=\"no\" type=\"grid\" angled_section=\"no\" text_align=\"left\" background_image_as_pattern=\"without_pattern\" z_index=\"\" padding_bottom=\"50\"][vc_column width=\"2\/3\"][vc_column_text]<\/p>\n<h2><span style=\"color: #000; font-size: 1.2em; font-weight: 900;\">Sept raisons de devenir partenaire<\/span><\/h2>\n<p><span style=\"color: #000; font-size: 1.1em;\">Voici sept avantages \u00e0 devenir partenaire Stormshield.<\/span><\/p>\n<ol>\n<li><span style=\"color: #000; font-size: 1.1em;\"><strong>Associez-vous \u00e0 un acteur europ\u00e9en<\/strong> et proposez \u00e0 vos clients des solutions de confiance, certifi\u00e9es et qualifi\u00e9es au plus haut niveau du march\u00e9.<br \/>\n<\/span><\/li>\n<li><span style=\"color: #000; font-size: 1.1em;\"><strong>Optimisez vos marges<\/strong> et boostez vos ventes gr\u00e2ce \u00e0 notre accompagnement commercial personnalis\u00e9 sur toute l\u2019ann\u00e9e.<br \/>\n<\/span><\/li>\n<li><span style=\"color: #000; font-size: 1.1em;\"><strong>Gagnez des opportunit\u00e9s de vente<\/strong> gr\u00e2ce \u00e0 des op\u00e9rations exclusives de co-financement marketing.<br \/>\n<\/span><\/li>\n<li><span style=\"color: #000; font-size: 1.1em;\"><strong>Gardez l\u2019exclusivit\u00e9 sur les projets<\/strong> que vous identifiez pour les produits Stormshield.<br \/>\n<\/span><\/li>\n<li><span style=\"color: #000; font-size: 1.1em;\"><strong>Gagnez en cr\u00e9dibilit\u00e9 et en expertise s\u00e9curit\u00e9 IT et OT<\/strong> gr\u00e2ce \u00e0 nos formations et notre support technique d\u00e9di\u00e9.<br \/>\n<\/span><\/li>\n<li><span style=\"color: #000; font-size: 1.1em;\"><strong>Am\u00e9liorez votre notori\u00e9t\u00e9 de marque<\/strong> via nos initiatives de communication consacr\u00e9es \u00e0 nos partenaires.<br \/>\n<\/span><\/li>\n<li><span style=\"color: #000; font-size: 1.1em;\"><strong>Appr\u00e9ciez la r\u00e9activit\u00e9 de notre entreprise<\/strong> \u00e0 taille humaine, repr\u00e9sent\u00e9e dans plus de 40 pays.<\/span><\/li>\n<\/ol>\n<p>[\/vc_column_text][\/vc_column][vc_column width=\"1\/3\" css=\".vc_custom_1697803119835{padding-top: 24px !important;padding-right: 24px !important;padding-bottom: 24px !important;padding-left: 24px !important;background-color: #060051 !important;}\"][vc_column_text]<span style=\"color: #ffffff; font-size: 1.1em;\"><strong>Pourquoi devenir partenaire Stormshield\u00a0?<\/strong> D\u00e9couvrez les diff\u00e9rentes formules possibles et leurs avantages.<\/span>[\/vc_column_text][vc_empty_space]<a  itemprop=\"url\" href=\"https:\/\/www.stormshield.com\/wp-content\/uploads\/Stormshield-FR-Partner-Connect-program.pdf\" target=\"_blank\" data-hover-background-color=\"#d23467\" data-hover-border-color=\"#ffffff\" class=\"qbutton  white enlarge\" style=\"border-color: #ffffff; background-color:#060051;\">T\u00e9l\u00e9chargez la brochure Partenaires<i class=\"qode_icon_font_awesome fa fa-handshake-o qode_button_icon_element\"><\/i><\/a>[vc_empty_space height=\"12px\"]<a  itemprop=\"url\" href=\"https:\/\/www.stormshield.com\/fr\/contact\/partenaires\/\" target=\"_blank\" data-hover-background-color=\"#d23467\" data-hover-border-color=\"#ffffff\" class=\"qbutton  white enlarge\" style=\"border-color: #ffffff; background-color:#060051;\">Contactez-nous<i class=\"qode_icon_font_awesome fa fa-envelope qode_button_icon_element\"><\/i><\/a>[vc_empty_space height=\"12px\"]<a  itemprop=\"url\" href=\"https:\/\/www.stormshield.com\/fr\/partenaires\/devenir-partenaire\/\" target=\"_blank\" data-hover-background-color=\"#d23467\" data-hover-border-color=\"#ffffff\" class=\"qbutton  white enlarge\" style=\"border-color: #ffffff; background-color:#060051;\">Devenez partenaire<i class=\"qode_icon_font_awesome fa fa-envelope qode_button_icon_element\"><\/i><\/a>[vc_empty_space][\/vc_column][\/vc_row][vc_row css_animation=\"\" row_type=\"row\" use_row_as_full_screen_section=\"no\" type=\"grid\" angled_section=\"no\" text_align=\"left\" background_image_as_pattern=\"without_pattern\" z_index=\"\" padding_bottom=\"50\" css=\".vc_custom_1697804221509{background-color: #ffffff !important;}\" padding_top=\"50\"][vc_column][vc_row_inner row_type=\"row\" type=\"full_width\" text_align=\"left\" css_animation=\"\" background_color=\"#f9f9f9\" css=\".vc_custom_1697805785032{padding-top: 32px !important;padding-right: 32px !important;padding-bottom: 32px !important;padding-left: 32px !important;}\"][vc_column_inner width=\"1\/3\"][vc_column_text]<\/p>\n<h3><span style=\"color: #000; font-size: 1.1em; font-weight: 900;\">Programme Silver : l'essentiel pour gagner en notori\u00e9t\u00e9<\/span><\/h3>\n<p><span style=\"color: #000; font-size: 1.1em;\">D\u00e9veloppez votre activit\u00e9 locale tout en am\u00e9liorant votre visibilit\u00e9 de marque dans le secteur de la s\u00e9curit\u00e9 informatique.<\/span>[\/vc_column_text][vc_empty_space]<a  itemprop=\"url\" href=\"https:\/\/www.stormshield.com\/wp-content\/uploads\/Stormshield-FR-Partner-Connect-Datasheet-Silver.pdf\" target=\"_blank\" data-hover-background-color=\"#d23467\" data-hover-border-color=\"#ffffff\" class=\"qbutton  white enlarge\" style=\"border-color: #ffffff; background-color:#060051;\">Programme Silver<i class=\"qode_icon_font_awesome fa fa-angle-right qode_button_icon_element\"><\/i><\/a>[\/vc_column_inner][vc_column_inner width=\"1\/3\"][vc_column_text]<\/p>\n<h3><span style=\"color: #000; font-size: 1.1em; font-weight: 900;\">Programme Gold : un accompagnement commercial de proximit\u00e9<\/span><\/h3>\n<p><span style=\"color: #000; font-size: 1.1em;\">Profitez d\u2019un accompagnement commercial de proximit\u00e9 sp\u00e9cifique. Vous pouvez notamment d\u00e9clarer et obtenir l\u2019exclusivit\u00e9 de nouvelles opportunit\u00e9s commerciales aupr\u00e8s de Stormshield.<\/span>[\/vc_column_text][vc_empty_space]<a  itemprop=\"url\" href=\"https:\/\/www.stormshield.com\/wp-content\/uploads\/Stormshield-FR-Partner-Connect-Datasheet-Gold.pdf\" target=\"_blank\" data-hover-background-color=\"#d23467\" data-hover-border-color=\"#ffffff\" class=\"qbutton  white enlarge\" style=\"border-color: #ffffff; background-color:#060051;\">Programme Gold<i class=\"qode_icon_font_awesome fa fa-angle-right qode_button_icon_element\"><\/i><\/a>[\/vc_column_inner][vc_column_inner width=\"1\/3\"][vc_column_text]<\/p>\n<h3><span style=\"color: #000; font-size: 1.1em; font-weight: 900;\">Programme Platinum : proposez un service sur-mesure \u00e0 vos clients<\/span><\/h3>\n<p><span style=\"color: #000; font-size: 1.1em;\">Gagnez en flexibilit\u00e9 et en autonomie pour proposer un service personnalis\u00e9 \u00e0 vos clients.<\/span>[\/vc_column_text][vc_empty_space]<a  itemprop=\"url\" href=\"https:\/\/www.stormshield.com\/wp-content\/uploads\/Stormshield-FR-Partner-Connect-Datasheet-Platinum.pdf\" target=\"_blank\" data-hover-background-color=\"#d23467\" data-hover-border-color=\"#ffffff\" class=\"qbutton  white enlarge\" style=\"border-color: #ffffff; background-color:#060051;\">Programme Platinum<i class=\"qode_icon_font_awesome fa fa-angle-right qode_button_icon_element\"><\/i><\/a>[\/vc_column_inner][\/vc_row_inner][\/vc_column][\/vc_row][vc_row css_animation=\"\" row_type=\"row\" use_row_as_full_screen_section=\"no\" type=\"grid\" angled_section=\"no\" text_align=\"left\" background_image_as_pattern=\"without_pattern\" z_index=\"\" padding_bottom=\"50\" padding_top=\"50\"][vc_column][vc_row_inner row_type=\"row\" type=\"full_width\" text_align=\"left\" css_animation=\"\"][vc_column_inner width=\"2\/3\"][vc_column_text]<\/p>\n<h2><span style=\"color: #000; font-size: 1.2em; font-weight: 900;\">Retrouver un partenaire Stormshield<\/span><\/h2>\n<p><span style=\"color: #000; font-size: 1.1em;\">Partenaire revendeur, vous \u00eates \u00e0 la recherche d\u2019un grossiste\u00a0? Trouvez votre distributeur Stormshield en deux clics gr\u00e2ce \u00e0 notre outil de recherche.<\/span>[\/vc_column_text][vc_empty_space]<a  itemprop=\"url\" href=\"https:\/\/www.stormshield.com\/fr\/partenaires\/trouver-un-partenaire\/\" target=\"_blank\" data-hover-background-color=\"#d23467\" data-hover-border-color=\"#ffffff\" class=\"qbutton  white enlarge\" style=\"border-color: #ffffff; background-color:#060051;\">Partner Finder<i class=\"qode_icon_font_awesome fa fa-angle-right qode_button_icon_element\"><\/i><\/a>[\/vc_column_inner][vc_column_inner width=\"1\/3\"][vc_single_image image=\"462304\" img_size=\"large\" alignment=\"center\" onclick=\"custom_link\" img_link_target=\"_blank\" qode_css_animation=\"\" qode_hover_animation=\"darken\" link=\"https:\/\/www.stormshield.com\/fr\/partenaires\/trouver-un-partenaire\/\"][\/vc_column_inner][\/vc_row_inner][\/vc_column][\/vc_row][vc_row css_animation=\"\" row_type=\"row\" use_row_as_full_screen_section=\"no\" type=\"grid\" angled_section=\"no\" text_align=\"left\" background_image_as_pattern=\"without_pattern\" z_index=\"\" padding_bottom=\"50\" css=\".vc_custom_1697804221509{background-color: #ffffff !important;}\" padding_top=\"50\"][vc_column][vc_row_inner row_type=\"row\" type=\"full_width\" text_align=\"left\" css_animation=\"\" background_color=\"#f9f9f9\" css=\".vc_custom_1697805747463{padding-top: 32px !important;padding-right: 32px !important;padding-bottom: 32px !important;padding-left: 32px !important;}\"][vc_column_inner width=\"2\/3\"][vc_column_text]<\/p>\n<h2><span style=\"color: #000; font-size: 1.2em; font-weight: 900;\">Accompagner vos clients<\/span><\/h2>\n<p><span style=\"color: #000; font-size: 1.1em;\">Pour les profanes comme pour les experts du secteur, Stormshield a pour ambition de rendre lisible les enjeux de la cybers\u00e9curit\u00e9. Car notre mission est double\u00a0: vous aider \u00e0 affiner votre connaissance de cet univers en permanente mutation et \u00e0 accompagner vos clients face aux menaces cyber.<\/span>[\/vc_column_text][vc_empty_space]<a  itemprop=\"url\" href=\"https:\/\/www.stormshield.com\/fr\/partenaires\/accompagner-vos-clients-finaux\/\" target=\"_self\" data-hover-background-color=\"#d23467\" data-hover-border-color=\"#ffffff\" class=\"qbutton  white enlarge\" style=\"border-color: #ffffff; background-color:#060051;\">Contenus Stormshield<i class=\"qode_icon_font_awesome fa fa-angle-right qode_button_icon_element\"><\/i><\/a>[vc_empty_space][\/vc_column_inner][vc_column_inner width=\"1\/3\"][vc_video link=\"https:\/\/www.youtube.com\/watch?v=lWYzmMpFo2E\" align=\"center\"][\/vc_column_inner][\/vc_row_inner][\/vc_column][\/vc_row]<\/p>\n<\/div>","protected":false},"excerpt":{"rendered":"<p>[vc_row css_animation=\u00a0\u00bb\u00a0\u00bb row_type=\u00a0\u00bbrow\u00a0\u00bb use_row_as_full_screen_section=\u00a0\u00bbno\u00a0\u00bb type=\u00a0\u00bbgrid\u00a0\u00bb angled_section=\u00a0\u00bbno\u00a0\u00bb text_align=\u00a0\u00bbleft\u00a0\u00bb background_image_as_pattern=\u00a0\u00bbwithout_pattern\u00a0\u00bb z_index=\u00a0\u00bb\u00a0\u00bb padding_top=\u00a0\u00bb50&Prime; padding_bottom=\u00a0\u00bb50&Prime;][vc_column][vc_empty_space][vc_column_text] Int\u00e9grez notre r\u00e9seau de partenaires, avec le programme Partner Connect Stormshield [\/vc_column_text][vc_empty_space][\/vc_column][\/vc_row][vc_row css_animation=\u00a0\u00bb\u00a0\u00bb row_type=\u00a0\u00bbrow\u00a0\u00bb use_row_as_full_screen_section=\u00a0\u00bbno\u00a0\u00bb type=\u00a0\u00bbgrid\u00a0\u00bb angled_section=\u00a0\u00bbno\u00a0\u00bb text_align=\u00a0\u00bbleft\u00a0\u00bb background_image_as_pattern=\u00a0\u00bbwithout_pattern\u00a0\u00bb z_index=\u00a0\u00bb\u00a0\u00bb padding_bottom=\u00a0\u00bb50&Prime;][vc_column width=\u00a0\u00bb2\/3&Prime;][vc_column_text] Sept raisons de devenir partenaire Voici sept avantages \u00e0 devenir partenaire Stormshield&#8230;.<\/p>\n","protected":false},"author":1,"featured_media":0,"parent":0,"menu_order":456,"comment_status":"closed","ping_status":"closed","template":"full_width.php","meta":{"_acf_changed":false,"footnotes":""},"class_list":["post-22026","page","type-page","status-publish","hentry"],"acf":[],"yoast_head":"<!-- This site is optimized with the Yoast SEO plugin v27.3 - https:\/\/yoast.com\/product\/yoast-seo-wordpress\/ -->\n<title>Le programme Partner Connect | Stormshield<\/title>\n<meta name=\"description\" content=\"Pourquoi devenir un partenaire de Stormshield ? D\u00e9couvrez les avantages du partenariat Stormshield et comment rejoindre notre r\u00e9seau.\" \/>\n<meta name=\"robots\" content=\"index, follow, max-snippet:-1, max-image-preview:large, max-video-preview:-1\" \/>\n<link rel=\"canonical\" href=\"https:\/\/www.stormshield.com\/fr\/partenaires\/\" \/>\n<meta property=\"og:locale\" content=\"fr_FR\" \/>\n<meta property=\"og:type\" content=\"article\" \/>\n<meta property=\"og:title\" content=\"Le programme Partner Connect | Stormshield\" \/>\n<meta property=\"og:description\" content=\"Pourquoi devenir un partenaire de Stormshield ? D\u00e9couvrez les avantages du partenariat Stormshield et comment rejoindre notre r\u00e9seau.\" \/>\n<meta property=\"og:url\" content=\"https:\/\/www.stormshield.com\/fr\/partenaires\/\" \/>\n<meta property=\"og:site_name\" content=\"Stormshield\" \/>\n<meta property=\"article:modified_time\" content=\"2025-01-13T13:39:09+00:00\" \/>\n<meta property=\"og:image\" content=\"https:\/\/www.stormshield.com\/wp-content\/uploads\/stormshield_logo.png\" \/>\n\t<meta property=\"og:image:width\" content=\"204\" \/>\n\t<meta property=\"og:image:height\" content=\"94\" \/>\n\t<meta property=\"og:image:type\" content=\"image\/png\" \/>\n<meta name=\"twitter:card\" content=\"summary_large_image\" \/>\n<meta name=\"twitter:site\" content=\"@Stormshield\" \/>\n<meta name=\"twitter:label1\" content=\"Dur\u00e9e de lecture estim\u00e9e\" \/>\n\t<meta name=\"twitter:data1\" content=\"3 minutes\" \/>\n<script type=\"application\/ld+json\" class=\"yoast-schema-graph\">{\"@context\":\"https:\\\/\\\/schema.org\",\"@graph\":[{\"@type\":\"WebPage\",\"@id\":\"https:\\\/\\\/www.stormshield.com\\\/fr\\\/partenaires\\\/\",\"url\":\"https:\\\/\\\/www.stormshield.com\\\/fr\\\/partenaires\\\/\",\"name\":\"Le programme Partner Connect | Stormshield\",\"isPartOf\":{\"@id\":\"https:\\\/\\\/www.stormshield.com\\\/fr\\\/#website\"},\"datePublished\":\"2016-06-03T10:19:22+00:00\",\"dateModified\":\"2025-01-13T13:39:09+00:00\",\"description\":\"Pourquoi devenir un partenaire de Stormshield ? D\u00e9couvrez les avantages du partenariat Stormshield et comment rejoindre notre r\u00e9seau.\",\"breadcrumb\":{\"@id\":\"https:\\\/\\\/www.stormshield.com\\\/fr\\\/partenaires\\\/#breadcrumb\"},\"inLanguage\":\"fr-FR\",\"potentialAction\":[{\"@type\":\"ReadAction\",\"target\":[\"https:\\\/\\\/www.stormshield.com\\\/fr\\\/partenaires\\\/\"]}]},{\"@type\":\"BreadcrumbList\",\"@id\":\"https:\\\/\\\/www.stormshield.com\\\/fr\\\/partenaires\\\/#breadcrumb\",\"itemListElement\":[{\"@type\":\"ListItem\",\"position\":1,\"name\":\"Home\",\"item\":\"https:\\\/\\\/www.stormshield.com\\\/fr\\\/\"},{\"@type\":\"ListItem\",\"position\":2,\"name\":\"Partenaires\"}]},{\"@type\":\"WebSite\",\"@id\":\"https:\\\/\\\/www.stormshield.com\\\/fr\\\/#website\",\"url\":\"https:\\\/\\\/www.stormshield.com\\\/fr\\\/\",\"name\":\"Stormshield\",\"description\":\"Stormshield\",\"potentialAction\":[{\"@type\":\"SearchAction\",\"target\":{\"@type\":\"EntryPoint\",\"urlTemplate\":\"https:\\\/\\\/www.stormshield.com\\\/fr\\\/?s={search_term_string}\"},\"query-input\":{\"@type\":\"PropertyValueSpecification\",\"valueRequired\":true,\"valueName\":\"search_term_string\"}}],\"inLanguage\":\"fr-FR\"}]}<\/script>\n<!-- \/ Yoast SEO plugin. -->","yoast_head_json":{"title":"Le programme Partner Connect | Stormshield","description":"Pourquoi devenir un partenaire de Stormshield ? D\u00e9couvrez les avantages du partenariat Stormshield et comment rejoindre notre r\u00e9seau.","robots":{"index":"index","follow":"follow","max-snippet":"max-snippet:-1","max-image-preview":"max-image-preview:large","max-video-preview":"max-video-preview:-1"},"canonical":"https:\/\/www.stormshield.com\/fr\/partenaires\/","og_locale":"fr_FR","og_type":"article","og_title":"Le programme Partner Connect | Stormshield","og_description":"Pourquoi devenir un partenaire de Stormshield ? D\u00e9couvrez les avantages du partenariat Stormshield et comment rejoindre notre r\u00e9seau.","og_url":"https:\/\/www.stormshield.com\/fr\/partenaires\/","og_site_name":"Stormshield","article_modified_time":"2025-01-13T13:39:09+00:00","og_image":[{"width":204,"height":94,"url":"https:\/\/www.stormshield.com\/wp-content\/uploads\/stormshield_logo.png","type":"image\/png"}],"twitter_card":"summary_large_image","twitter_site":"@Stormshield","twitter_misc":{"Dur\u00e9e de lecture estim\u00e9e":"3 minutes"},"schema":{"@context":"https:\/\/schema.org","@graph":[{"@type":"WebPage","@id":"https:\/\/www.stormshield.com\/fr\/partenaires\/","url":"https:\/\/www.stormshield.com\/fr\/partenaires\/","name":"Le programme Partner Connect | Stormshield","isPartOf":{"@id":"https:\/\/www.stormshield.com\/fr\/#website"},"datePublished":"2016-06-03T10:19:22+00:00","dateModified":"2025-01-13T13:39:09+00:00","description":"Pourquoi devenir un partenaire de Stormshield ? D\u00e9couvrez les avantages du partenariat Stormshield et comment rejoindre notre r\u00e9seau.","breadcrumb":{"@id":"https:\/\/www.stormshield.com\/fr\/partenaires\/#breadcrumb"},"inLanguage":"fr-FR","potentialAction":[{"@type":"ReadAction","target":["https:\/\/www.stormshield.com\/fr\/partenaires\/"]}]},{"@type":"BreadcrumbList","@id":"https:\/\/www.stormshield.com\/fr\/partenaires\/#breadcrumb","itemListElement":[{"@type":"ListItem","position":1,"name":"Home","item":"https:\/\/www.stormshield.com\/fr\/"},{"@type":"ListItem","position":2,"name":"Partenaires"}]},{"@type":"WebSite","@id":"https:\/\/www.stormshield.com\/fr\/#website","url":"https:\/\/www.stormshield.com\/fr\/","name":"Stormshield","description":"Stormshield","potentialAction":[{"@type":"SearchAction","target":{"@type":"EntryPoint","urlTemplate":"https:\/\/www.stormshield.com\/fr\/?s={search_term_string}"},"query-input":{"@type":"PropertyValueSpecification","valueRequired":true,"valueName":"search_term_string"}}],"inLanguage":"fr-FR"}]}},"_links":{"self":[{"href":"https:\/\/www.stormshield.com\/fr\/wp-json\/wp\/v2\/pages\/22026","targetHints":{"allow":["GET"]}}],"collection":[{"href":"https:\/\/www.stormshield.com\/fr\/wp-json\/wp\/v2\/pages"}],"about":[{"href":"https:\/\/www.stormshield.com\/fr\/wp-json\/wp\/v2\/types\/page"}],"author":[{"embeddable":true,"href":"https:\/\/www.stormshield.com\/fr\/wp-json\/wp\/v2\/users\/1"}],"replies":[{"embeddable":true,"href":"https:\/\/www.stormshield.com\/fr\/wp-json\/wp\/v2\/comments?post=22026"}],"version-history":[{"count":75,"href":"https:\/\/www.stormshield.com\/fr\/wp-json\/wp\/v2\/pages\/22026\/revisions"}],"predecessor-version":[{"id":604846,"href":"https:\/\/www.stormshield.com\/fr\/wp-json\/wp\/v2\/pages\/22026\/revisions\/604846"}],"wp:attachment":[{"href":"https:\/\/www.stormshield.com\/fr\/wp-json\/wp\/v2\/media?parent=22026"}],"curies":[{"name":"wp","href":"https:\/\/api.w.org\/{rel}","templated":true}]}}